{"id":698,"date":"2023-05-08T17:05:42","date_gmt":"2023-05-08T17:05:42","guid":{"rendered":"http:\/\/booksfrommexico.com\/product\/tradiciones-y-costumbres-huaves\/"},"modified":"2024-11-12T19:55:06","modified_gmt":"2024-11-12T19:55:06","slug":"tradiciones-y-costumbres-huaves","status":"publish","type":"product","link":"https:\/\/booksfrommexico.com\/es\/producto\/tradiciones-y-costumbres-huaves\/","title":{"rendered":"Tradiciones y costumbres huaves"},"content":{"rendered":"<p><span style=\"font-weight: 400;\">Los huaves o huaris es una de las culturas que llegaron a establecerse en el Istmo de Tehuantepec en el siglo XIII, fundando un poderoso se\u00f1or\u00edo que dur\u00f3 hasta finales del siglo XIV. Como toda cultura, trataron de conservar su originalidad en sus tradiciones y costumbres, su religi\u00f3n y su lengua \u2013que con el paso del tiempo han sufrido modificaciones\u2013, conservando a\u00fan su verdadera esencia, transmitiendo su cultura de generaci\u00f3n en generaci\u00f3n. En este t\u00edtulo se ha tratado de describir con autenticidad los hechos relaciones con las tradiciones y costumbres en tiempos remotos, as\u00ed como se trata de comparar hasta qu\u00e9 punto han sufrido modificaciones con respecto a la modernizaci\u00f3n de los tiempos actuales.<\/span><\/p>\n","protected":false},"excerpt":{"rendered":"<p>TRADICIONES Y COSTUMBRES HUAVES<span style=\"font-weight: 400;\">. \/ Fernando G\u00f3mez Parada. Oaxaca, M\u00e9xico : Consejo Nacional para la Cultura y las Artes , Direcci\u00f3n General de Culturas Populares , Unidad Regional Tehuantepec, Oaxaca, 2006. 167 pages : includes photos, semblance ; 21 cm.<\/span><\/p>\n","protected":false},"featured_media":697,"template":"","meta":{"_acf_changed":false,"inline_featured_image":false},"product_brand":[],"product_cat":[182,78],"product_tag":[4354,3762,3608],"class_list":{"0":"post-698","1":"product","2":"type-product","3":"status-publish","4":"has-post-thumbnail","6":"product_cat-estudios-culturales-y-de-identidad-sociologia","7":"product_cat-sociologia","8":"product_tag-istmo","9":"product_tag-vida-religiosa-y-costumbres","10":"product_tag-vida-social-y-costumbres","12":"first","13":"outofstock","14":"taxable","15":"shipping-taxable","16":"purchasable","17":"product-type-simple"},"acf":[],"yoast_head":"<!-- This site is optimized with the Yoast SEO plugin v27.3 - https:\/\/yoast.com\/product\/yoast-seo-wordpress\/ -->\n<title>Tradiciones y costumbres huaves<\/title>\n<meta name=\"description\" content=\"TRADICIONES Y COSTUMBRES HUAVES. \/ Fernando G\u00f3mez Parada. Consejo Nacional para la Cultura y las Artes , Direcci\u00f3n General de Culturas Populares. 2006.\" \/>\n<meta name=\"robots\" content=\"index, follow, max-snippet:-1, max-image-preview:large, max-video-preview:-1\" \/>\n<link rel=\"canonical\" href=\"https:\/\/booksfrommexico.com\/es\/producto\/tradiciones-y-costumbres-huaves\/\" \/>\n<meta property=\"og:locale\" content=\"es_ES\" \/>\n<meta property=\"og:type\" content=\"article\" \/>\n<meta property=\"og:title\" content=\"Tradiciones y costumbres huaves\" \/>\n<meta property=\"og:description\" content=\"TRADICIONES Y COSTUMBRES HUAVES. \/ Fernando G\u00f3mez Parada. Consejo Nacional para la Cultura y las Artes , Direcci\u00f3n General de Culturas Populares. 2006.\" \/>\n<meta property=\"og:url\" content=\"https:\/\/booksfrommexico.com\/es\/producto\/tradiciones-y-costumbres-huaves\/\" \/>\n<meta property=\"og:site_name\" content=\"Books From Mexico\" \/>\n<meta property=\"article:modified_time\" content=\"2024-11-12T19:55:06+00:00\" \/>\n<meta property=\"og:image\" content=\"http:\/\/booksfrommexico.com\/app\/uploads\/2023\/05\/133647.jpeg\" \/>\n\t<meta property=\"og:image:width\" content=\"399\" \/>\n\t<meta property=\"og:image:height\" content=\"610\" \/>\n\t<meta property=\"og:image:type\" content=\"image\/jpeg\" \/>\n<meta name=\"twitter:card\" content=\"summary_large_image\" \/>\n<meta name=\"twitter:label1\" content=\"Tiempo de lectura\" \/>\n\t<meta name=\"twitter:data1\" content=\"1 minuto\" \/>\n<script type=\"application\/ld+json\" class=\"yoast-schema-graph\">{\"@context\":\"https:\\\/\\\/schema.org\",\"@graph\":[{\"@type\":\"WebPage\",\"@id\":\"https:\\\/\\\/booksfrommexico.com\\\/es\\\/producto\\\/tradiciones-y-costumbres-huaves\\\/\",\"url\":\"https:\\\/\\\/booksfrommexico.com\\\/es\\\/producto\\\/tradiciones-y-costumbres-huaves\\\/\",\"name\":\"Tradiciones y costumbres huaves\",\"isPartOf\":{\"@id\":\"https:\\\/\\\/booksfrommexico.com\\\/#website\"},\"primaryImageOfPage\":{\"@id\":\"https:\\\/\\\/booksfrommexico.com\\\/es\\\/producto\\\/tradiciones-y-costumbres-huaves\\\/#primaryimage\"},\"image\":{\"@id\":\"https:\\\/\\\/booksfrommexico.com\\\/es\\\/producto\\\/tradiciones-y-costumbres-huaves\\\/#primaryimage\"},\"thumbnailUrl\":\"https:\\\/\\\/booksfrommexico.com\\\/app\\\/uploads\\\/2023\\\/05\\\/133647.jpeg\",\"datePublished\":\"2023-05-08T17:05:42+00:00\",\"dateModified\":\"2024-11-12T19:55:06+00:00\",\"description\":\"TRADICIONES Y COSTUMBRES HUAVES. \\\/ Fernando G\u00f3mez Parada. Consejo Nacional para la Cultura y las Artes , Direcci\u00f3n General de Culturas Populares. 2006.\",\"breadcrumb\":{\"@id\":\"https:\\\/\\\/booksfrommexico.com\\\/es\\\/producto\\\/tradiciones-y-costumbres-huaves\\\/#breadcrumb\"},\"inLanguage\":\"es\",\"potentialAction\":[{\"@type\":\"ReadAction\",\"target\":[\"https:\\\/\\\/booksfrommexico.com\\\/es\\\/producto\\\/tradiciones-y-costumbres-huaves\\\/\"]}]},{\"@type\":\"ImageObject\",\"inLanguage\":\"es\",\"@id\":\"https:\\\/\\\/booksfrommexico.com\\\/es\\\/producto\\\/tradiciones-y-costumbres-huaves\\\/#primaryimage\",\"url\":\"https:\\\/\\\/booksfrommexico.com\\\/app\\\/uploads\\\/2023\\\/05\\\/133647.jpeg\",\"contentUrl\":\"https:\\\/\\\/booksfrommexico.com\\\/app\\\/uploads\\\/2023\\\/05\\\/133647.jpeg\",\"width\":399,\"height\":610,\"caption\":\"Tradiciones y costumbres huaves. Books From M\u00e9xico\"},{\"@type\":\"BreadcrumbList\",\"@id\":\"https:\\\/\\\/booksfrommexico.com\\\/es\\\/producto\\\/tradiciones-y-costumbres-huaves\\\/#breadcrumb\",\"itemListElement\":[{\"@type\":\"ListItem\",\"position\":1,\"name\":\"Home\",\"item\":\"https:\\\/\\\/booksfrommexico.com\\\/es\\\/\"},{\"@type\":\"ListItem\",\"position\":2,\"name\":\"Libros\",\"item\":\"https:\\\/\\\/booksfrommexico.com\\\/es\\\/libros\\\/\"},{\"@type\":\"ListItem\",\"position\":3,\"name\":\"Tradiciones y costumbres huaves\"}]},{\"@type\":\"WebSite\",\"@id\":\"https:\\\/\\\/booksfrommexico.com\\\/#website\",\"url\":\"https:\\\/\\\/booksfrommexico.com\\\/\",\"name\":\"Books From Mexico\",\"description\":\"\",\"publisher\":{\"@id\":\"https:\\\/\\\/booksfrommexico.com\\\/#organization\"},\"potentialAction\":[{\"@type\":\"SearchAction\",\"target\":{\"@type\":\"EntryPoint\",\"urlTemplate\":\"https:\\\/\\\/booksfrommexico.com\\\/?s={search_term_string}\"},\"query-input\":{\"@type\":\"PropertyValueSpecification\",\"valueRequired\":true,\"valueName\":\"search_term_string\"}}],\"inLanguage\":\"es\"},{\"@type\":\"Organization\",\"@id\":\"https:\\\/\\\/booksfrommexico.com\\\/#organization\",\"name\":\"Books From Mexico\",\"url\":\"https:\\\/\\\/booksfrommexico.com\\\/\",\"logo\":{\"@type\":\"ImageObject\",\"inLanguage\":\"es\",\"@id\":\"https:\\\/\\\/booksfrommexico.com\\\/#\\\/schema\\\/logo\\\/image\\\/\",\"url\":\"https:\\\/\\\/booksfrommexico.com\\\/app\\\/uploads\\\/2023\\\/05\\\/logo-booksfrommexico.svg\",\"contentUrl\":\"https:\\\/\\\/booksfrommexico.com\\\/app\\\/uploads\\\/2023\\\/05\\\/logo-booksfrommexico.svg\",\"width\":86,\"height\":56,\"caption\":\"Books From Mexico\"},\"image\":{\"@id\":\"https:\\\/\\\/booksfrommexico.com\\\/#\\\/schema\\\/logo\\\/image\\\/\"}}]}<\/script>\n<!-- \/ Yoast SEO plugin. -->","yoast_head_json":{"title":"Tradiciones y costumbres huaves","description":"TRADICIONES Y COSTUMBRES HUAVES. \/ Fernando G\u00f3mez Parada. Consejo Nacional para la Cultura y las Artes , Direcci\u00f3n General de Culturas Populares. 2006.","robots":{"index":"index","follow":"follow","max-snippet":"max-snippet:-1","max-image-preview":"max-image-preview:large","max-video-preview":"max-video-preview:-1"},"canonical":"https:\/\/booksfrommexico.com\/es\/producto\/tradiciones-y-costumbres-huaves\/","og_locale":"es_ES","og_type":"article","og_title":"Tradiciones y costumbres huaves","og_description":"TRADICIONES Y COSTUMBRES HUAVES. \/ Fernando G\u00f3mez Parada. Consejo Nacional para la Cultura y las Artes , Direcci\u00f3n General de Culturas Populares. 2006.","og_url":"https:\/\/booksfrommexico.com\/es\/producto\/tradiciones-y-costumbres-huaves\/","og_site_name":"Books From Mexico","article_modified_time":"2024-11-12T19:55:06+00:00","og_image":[{"width":399,"height":610,"url":"http:\/\/booksfrommexico.com\/app\/uploads\/2023\/05\/133647.jpeg","type":"image\/jpeg"}],"twitter_card":"summary_large_image","twitter_misc":{"Tiempo de lectura":"1 minuto"},"schema":{"@context":"https:\/\/schema.org","@graph":[{"@type":"WebPage","@id":"https:\/\/booksfrommexico.com\/es\/producto\/tradiciones-y-costumbres-huaves\/","url":"https:\/\/booksfrommexico.com\/es\/producto\/tradiciones-y-costumbres-huaves\/","name":"Tradiciones y costumbres huaves","isPartOf":{"@id":"https:\/\/booksfrommexico.com\/#website"},"primaryImageOfPage":{"@id":"https:\/\/booksfrommexico.com\/es\/producto\/tradiciones-y-costumbres-huaves\/#primaryimage"},"image":{"@id":"https:\/\/booksfrommexico.com\/es\/producto\/tradiciones-y-costumbres-huaves\/#primaryimage"},"thumbnailUrl":"https:\/\/booksfrommexico.com\/app\/uploads\/2023\/05\/133647.jpeg","datePublished":"2023-05-08T17:05:42+00:00","dateModified":"2024-11-12T19:55:06+00:00","description":"TRADICIONES Y COSTUMBRES HUAVES. \/ Fernando G\u00f3mez Parada. Consejo Nacional para la Cultura y las Artes , Direcci\u00f3n General de Culturas Populares. 2006.","breadcrumb":{"@id":"https:\/\/booksfrommexico.com\/es\/producto\/tradiciones-y-costumbres-huaves\/#breadcrumb"},"inLanguage":"es","potentialAction":[{"@type":"ReadAction","target":["https:\/\/booksfrommexico.com\/es\/producto\/tradiciones-y-costumbres-huaves\/"]}]},{"@type":"ImageObject","inLanguage":"es","@id":"https:\/\/booksfrommexico.com\/es\/producto\/tradiciones-y-costumbres-huaves\/#primaryimage","url":"https:\/\/booksfrommexico.com\/app\/uploads\/2023\/05\/133647.jpeg","contentUrl":"https:\/\/booksfrommexico.com\/app\/uploads\/2023\/05\/133647.jpeg","width":399,"height":610,"caption":"Tradiciones y costumbres huaves. Books From M\u00e9xico"},{"@type":"BreadcrumbList","@id":"https:\/\/booksfrommexico.com\/es\/producto\/tradiciones-y-costumbres-huaves\/#breadcrumb","itemListElement":[{"@type":"ListItem","position":1,"name":"Home","item":"https:\/\/booksfrommexico.com\/es\/"},{"@type":"ListItem","position":2,"name":"Libros","item":"https:\/\/booksfrommexico.com\/es\/libros\/"},{"@type":"ListItem","position":3,"name":"Tradiciones y costumbres huaves"}]},{"@type":"WebSite","@id":"https:\/\/booksfrommexico.com\/#website","url":"https:\/\/booksfrommexico.com\/","name":"Books From Mexico","description":"","publisher":{"@id":"https:\/\/booksfrommexico.com\/#organization"},"potentialAction":[{"@type":"SearchAction","target":{"@type":"EntryPoint","urlTemplate":"https:\/\/booksfrommexico.com\/?s={search_term_string}"},"query-input":{"@type":"PropertyValueSpecification","valueRequired":true,"valueName":"search_term_string"}}],"inLanguage":"es"},{"@type":"Organization","@id":"https:\/\/booksfrommexico.com\/#organization","name":"Books From Mexico","url":"https:\/\/booksfrommexico.com\/","logo":{"@type":"ImageObject","inLanguage":"es","@id":"https:\/\/booksfrommexico.com\/#\/schema\/logo\/image\/","url":"https:\/\/booksfrommexico.com\/app\/uploads\/2023\/05\/logo-booksfrommexico.svg","contentUrl":"https:\/\/booksfrommexico.com\/app\/uploads\/2023\/05\/logo-booksfrommexico.svg","width":86,"height":56,"caption":"Books From Mexico"},"image":{"@id":"https:\/\/booksfrommexico.com\/#\/schema\/logo\/image\/"}}]}},"_links":{"self":[{"href":"https:\/\/booksfrommexico.com\/es\/wp-json\/wp\/v2\/product\/698","targetHints":{"allow":["GET"]}}],"collection":[{"href":"https:\/\/booksfrommexico.com\/es\/wp-json\/wp\/v2\/product"}],"about":[{"href":"https:\/\/booksfrommexico.com\/es\/wp-json\/wp\/v2\/types\/product"}],"wp:featuredmedia":[{"embeddable":true,"href":"https:\/\/booksfrommexico.com\/es\/wp-json\/wp\/v2\/media\/697"}],"wp:attachment":[{"href":"https:\/\/booksfrommexico.com\/es\/wp-json\/wp\/v2\/media?parent=698"}],"wp:term":[{"taxonomy":"product_brand","embeddable":true,"href":"https:\/\/booksfrommexico.com\/es\/wp-json\/wp\/v2\/product_brand?post=698"},{"taxonomy":"product_cat","embeddable":true,"href":"https:\/\/booksfrommexico.com\/es\/wp-json\/wp\/v2\/product_cat?post=698"},{"taxonomy":"product_tag","embeddable":true,"href":"https:\/\/booksfrommexico.com\/es\/wp-json\/wp\/v2\/product_tag?post=698"}],"curies":[{"name":"wp","href":"https:\/\/api.w.org\/{rel}","templated":true}]}}