{"id":700,"date":"2023-05-08T17:05:43","date_gmt":"2023-05-08T17:05:43","guid":{"rendered":"http:\/\/booksfrommexico.com\/product\/caleidoscopio-del-aborto-testimonios-cuentos-articulos-periodisticos-ensayos-sintesis-resenas-de-l\/"},"modified":"2024-07-11T22:05:49","modified_gmt":"2024-07-11T22:05:49","slug":"caleidoscopio-del-aborto-testimonios-cuentos-articulos-periodisticos-ensayos-sintesis-resenas-de-l","status":"publish","type":"product","link":"https:\/\/booksfrommexico.com\/es\/producto\/caleidoscopio-del-aborto-testimonios-cuentos-articulos-periodisticos-ensayos-sintesis-resenas-de-l\/","title":{"rendered":"Caleidoscopio del aborto"},"content":{"rendered":"<p><span style=\"font-weight: 400;\">La Editorial DEMAC es una editorial para las <\/span><i><span style=\"font-weight: 400;\">mujeres que se atreven a contar su historia<\/span><\/i><span style=\"font-weight: 400;\">, y en esta ocasi\u00f3n ofrece una compilaci\u00f3n de escritos acerca del aborto que instan a enriquecer el di\u00e1logo nacional sobre un tema tan trascendente como \u00e9ste. En estos textos se ofrecen distintos enfoques: un recorrido a lo largo de la revisi\u00f3n pol\u00edtica de la postura de la iglesia, la pol\u00edtica legislativa, un testimonio desde la intimidad del alma femenina, cuentos que le dan voz a las mujeres y art\u00edculos period\u00edsticos. La intenci\u00f3n de este t\u00edtulo es ayudar al lector a construir una opini\u00f3n informada y fundamentada sobre el aborto.<\/span><\/p>\n","protected":false},"excerpt":{"rendered":"<p>CALEIDOSCOPIO DEL ABORTO : TESTIMONIOS, CUENTOS, ART\u00cdCULOS PERIOD\u00cdSTICOS, ENSAYOS, S\u00cdNTESIS, RESE\u00d1AS DE LIBROS, INVESTIGACIONES Y ESTUDIOS PARA FORMAR OPINI\u00d3N<span style=\"font-weight: 400;\">. \/; Amparo Espinosa Rugarc\u00eda (compilator). M\u00e9xico, D.F. : Documentaci\u00f3n y Estudios de Mujeres, 2001. 136 pages : references, bibliographic references, bibliography, semblances ; 23 cm. ISBN : 9789686851311.<\/span><\/p>\n","protected":false},"featured_media":699,"template":"","meta":{"_acf_changed":false,"inline_featured_image":false},"product_brand":[],"product_cat":[78],"product_tag":[4460,3837,3752,4001,3627,3729],"class_list":{"0":"post-700","1":"product","2":"type-product","3":"status-publish","4":"has-post-thumbnail","6":"product_cat-sociologia","7":"product_tag-aborto","8":"product_tag-derechos-humanos","9":"product_tag-derechos-mujeres","10":"product_tag-leyes","11":"product_tag-politica-y-gobierno","12":"product_tag-religion","14":"first","15":"instock","16":"taxable","17":"shipping-taxable","18":"purchasable","19":"product-type-simple"},"acf":[],"yoast_head":"<!-- This site is optimized with the Yoast SEO plugin v27.3 - https:\/\/yoast.com\/product\/yoast-seo-wordpress\/ -->\n<title>Caleidoscopio del aborto. Testimonios, cuentos, art\u00edculos...<\/title>\n<meta name=\"description\" content=\"TESTIMONIOS, CUENTOS, ART\u00cdCULOS PERIOD\u00cdSTICOS, ENSAYOS, S\u00cdNTESIS, RESE\u00d1AS DE LIBROS, INVESTIGACIONES Y ESTUDIOS PARA FORMAR OPINI\u00d3N.\" \/>\n<meta name=\"robots\" content=\"index, follow, max-snippet:-1, max-image-preview:large, max-video-preview:-1\" \/>\n<link rel=\"canonical\" href=\"https:\/\/booksfrommexico.com\/es\/producto\/caleidoscopio-del-aborto-testimonios-cuentos-articulos-periodisticos-ensayos-sintesis-resenas-de-l\/\" \/>\n<meta property=\"og:locale\" content=\"es_ES\" \/>\n<meta property=\"og:type\" content=\"article\" \/>\n<meta property=\"og:title\" content=\"Caleidoscopio del aborto. Testimonios, cuentos, art\u00edculos...\" \/>\n<meta property=\"og:description\" content=\"TESTIMONIOS, CUENTOS, ART\u00cdCULOS PERIOD\u00cdSTICOS, ENSAYOS, S\u00cdNTESIS, RESE\u00d1AS DE LIBROS, INVESTIGACIONES Y ESTUDIOS PARA FORMAR OPINI\u00d3N.\" \/>\n<meta property=\"og:url\" content=\"https:\/\/booksfrommexico.com\/es\/producto\/caleidoscopio-del-aborto-testimonios-cuentos-articulos-periodisticos-ensayos-sintesis-resenas-de-l\/\" \/>\n<meta property=\"og:site_name\" content=\"Books From Mexico\" \/>\n<meta property=\"article:modified_time\" content=\"2024-07-11T22:05:49+00:00\" \/>\n<meta property=\"og:image\" content=\"http:\/\/booksfrommexico.com\/app\/uploads\/2023\/05\/133946.jpeg\" \/>\n\t<meta property=\"og:image:width\" content=\"423\" \/>\n\t<meta property=\"og:image:height\" content=\"649\" \/>\n\t<meta property=\"og:image:type\" content=\"image\/jpeg\" \/>\n<meta name=\"twitter:card\" content=\"summary_large_image\" \/>\n<meta name=\"twitter:label1\" content=\"Tiempo de lectura\" \/>\n\t<meta name=\"twitter:data1\" content=\"1 minuto\" \/>\n<script type=\"application\/ld+json\" class=\"yoast-schema-graph\">{\"@context\":\"https:\\\/\\\/schema.org\",\"@graph\":[{\"@type\":\"WebPage\",\"@id\":\"https:\\\/\\\/booksfrommexico.com\\\/es\\\/producto\\\/caleidoscopio-del-aborto-testimonios-cuentos-articulos-periodisticos-ensayos-sintesis-resenas-de-l\\\/\",\"url\":\"https:\\\/\\\/booksfrommexico.com\\\/es\\\/producto\\\/caleidoscopio-del-aborto-testimonios-cuentos-articulos-periodisticos-ensayos-sintesis-resenas-de-l\\\/\",\"name\":\"Caleidoscopio del aborto. Testimonios, cuentos, art\u00edculos...\",\"isPartOf\":{\"@id\":\"https:\\\/\\\/booksfrommexico.com\\\/#website\"},\"primaryImageOfPage\":{\"@id\":\"https:\\\/\\\/booksfrommexico.com\\\/es\\\/producto\\\/caleidoscopio-del-aborto-testimonios-cuentos-articulos-periodisticos-ensayos-sintesis-resenas-de-l\\\/#primaryimage\"},\"image\":{\"@id\":\"https:\\\/\\\/booksfrommexico.com\\\/es\\\/producto\\\/caleidoscopio-del-aborto-testimonios-cuentos-articulos-periodisticos-ensayos-sintesis-resenas-de-l\\\/#primaryimage\"},\"thumbnailUrl\":\"https:\\\/\\\/booksfrommexico.com\\\/app\\\/uploads\\\/2023\\\/05\\\/133946.jpeg\",\"datePublished\":\"2023-05-08T17:05:43+00:00\",\"dateModified\":\"2024-07-11T22:05:49+00:00\",\"description\":\"TESTIMONIOS, CUENTOS, ART\u00cdCULOS PERIOD\u00cdSTICOS, ENSAYOS, S\u00cdNTESIS, RESE\u00d1AS DE LIBROS, INVESTIGACIONES Y ESTUDIOS PARA FORMAR OPINI\u00d3N.\",\"breadcrumb\":{\"@id\":\"https:\\\/\\\/booksfrommexico.com\\\/es\\\/producto\\\/caleidoscopio-del-aborto-testimonios-cuentos-articulos-periodisticos-ensayos-sintesis-resenas-de-l\\\/#breadcrumb\"},\"inLanguage\":\"es\",\"potentialAction\":[{\"@type\":\"ReadAction\",\"target\":[\"https:\\\/\\\/booksfrommexico.com\\\/es\\\/producto\\\/caleidoscopio-del-aborto-testimonios-cuentos-articulos-periodisticos-ensayos-sintesis-resenas-de-l\\\/\"]}]},{\"@type\":\"ImageObject\",\"inLanguage\":\"es\",\"@id\":\"https:\\\/\\\/booksfrommexico.com\\\/es\\\/producto\\\/caleidoscopio-del-aborto-testimonios-cuentos-articulos-periodisticos-ensayos-sintesis-resenas-de-l\\\/#primaryimage\",\"url\":\"https:\\\/\\\/booksfrommexico.com\\\/app\\\/uploads\\\/2023\\\/05\\\/133946.jpeg\",\"contentUrl\":\"https:\\\/\\\/booksfrommexico.com\\\/app\\\/uploads\\\/2023\\\/05\\\/133946.jpeg\",\"width\":423,\"height\":649,\"caption\":\"Caleidoscopio del aborto. Testimonios, cuentos, art\u00edculos period\u00edsticos... Books From M\u00e9xico\"},{\"@type\":\"BreadcrumbList\",\"@id\":\"https:\\\/\\\/booksfrommexico.com\\\/es\\\/producto\\\/caleidoscopio-del-aborto-testimonios-cuentos-articulos-periodisticos-ensayos-sintesis-resenas-de-l\\\/#breadcrumb\",\"itemListElement\":[{\"@type\":\"ListItem\",\"position\":1,\"name\":\"Home\",\"item\":\"https:\\\/\\\/booksfrommexico.com\\\/es\\\/\"},{\"@type\":\"ListItem\",\"position\":2,\"name\":\"Libros\",\"item\":\"https:\\\/\\\/booksfrommexico.com\\\/es\\\/libros\\\/\"},{\"@type\":\"ListItem\",\"position\":3,\"name\":\"Caleidoscopio del aborto\"}]},{\"@type\":\"WebSite\",\"@id\":\"https:\\\/\\\/booksfrommexico.com\\\/#website\",\"url\":\"https:\\\/\\\/booksfrommexico.com\\\/\",\"name\":\"Books From Mexico\",\"description\":\"\",\"publisher\":{\"@id\":\"https:\\\/\\\/booksfrommexico.com\\\/#organization\"},\"potentialAction\":[{\"@type\":\"SearchAction\",\"target\":{\"@type\":\"EntryPoint\",\"urlTemplate\":\"https:\\\/\\\/booksfrommexico.com\\\/?s={search_term_string}\"},\"query-input\":{\"@type\":\"PropertyValueSpecification\",\"valueRequired\":true,\"valueName\":\"search_term_string\"}}],\"inLanguage\":\"es\"},{\"@type\":\"Organization\",\"@id\":\"https:\\\/\\\/booksfrommexico.com\\\/#organization\",\"name\":\"Books From Mexico\",\"url\":\"https:\\\/\\\/booksfrommexico.com\\\/\",\"logo\":{\"@type\":\"ImageObject\",\"inLanguage\":\"es\",\"@id\":\"https:\\\/\\\/booksfrommexico.com\\\/#\\\/schema\\\/logo\\\/image\\\/\",\"url\":\"https:\\\/\\\/booksfrommexico.com\\\/app\\\/uploads\\\/2023\\\/05\\\/logo-booksfrommexico.svg\",\"contentUrl\":\"https:\\\/\\\/booksfrommexico.com\\\/app\\\/uploads\\\/2023\\\/05\\\/logo-booksfrommexico.svg\",\"width\":86,\"height\":56,\"caption\":\"Books From Mexico\"},\"image\":{\"@id\":\"https:\\\/\\\/booksfrommexico.com\\\/#\\\/schema\\\/logo\\\/image\\\/\"}}]}<\/script>\n<!-- \/ Yoast SEO plugin. -->","yoast_head_json":{"title":"Caleidoscopio del aborto. Testimonios, cuentos, art\u00edculos...","description":"TESTIMONIOS, CUENTOS, ART\u00cdCULOS PERIOD\u00cdSTICOS, ENSAYOS, S\u00cdNTESIS, RESE\u00d1AS DE LIBROS, INVESTIGACIONES Y ESTUDIOS PARA FORMAR OPINI\u00d3N.","robots":{"index":"index","follow":"follow","max-snippet":"max-snippet:-1","max-image-preview":"max-image-preview:large","max-video-preview":"max-video-preview:-1"},"canonical":"https:\/\/booksfrommexico.com\/es\/producto\/caleidoscopio-del-aborto-testimonios-cuentos-articulos-periodisticos-ensayos-sintesis-resenas-de-l\/","og_locale":"es_ES","og_type":"article","og_title":"Caleidoscopio del aborto. Testimonios, cuentos, art\u00edculos...","og_description":"TESTIMONIOS, CUENTOS, ART\u00cdCULOS PERIOD\u00cdSTICOS, ENSAYOS, S\u00cdNTESIS, RESE\u00d1AS DE LIBROS, INVESTIGACIONES Y ESTUDIOS PARA FORMAR OPINI\u00d3N.","og_url":"https:\/\/booksfrommexico.com\/es\/producto\/caleidoscopio-del-aborto-testimonios-cuentos-articulos-periodisticos-ensayos-sintesis-resenas-de-l\/","og_site_name":"Books From Mexico","article_modified_time":"2024-07-11T22:05:49+00:00","og_image":[{"width":423,"height":649,"url":"http:\/\/booksfrommexico.com\/app\/uploads\/2023\/05\/133946.jpeg","type":"image\/jpeg"}],"twitter_card":"summary_large_image","twitter_misc":{"Tiempo de lectura":"1 minuto"},"schema":{"@context":"https:\/\/schema.org","@graph":[{"@type":"WebPage","@id":"https:\/\/booksfrommexico.com\/es\/producto\/caleidoscopio-del-aborto-testimonios-cuentos-articulos-periodisticos-ensayos-sintesis-resenas-de-l\/","url":"https:\/\/booksfrommexico.com\/es\/producto\/caleidoscopio-del-aborto-testimonios-cuentos-articulos-periodisticos-ensayos-sintesis-resenas-de-l\/","name":"Caleidoscopio del aborto. Testimonios, cuentos, art\u00edculos...","isPartOf":{"@id":"https:\/\/booksfrommexico.com\/#website"},"primaryImageOfPage":{"@id":"https:\/\/booksfrommexico.com\/es\/producto\/caleidoscopio-del-aborto-testimonios-cuentos-articulos-periodisticos-ensayos-sintesis-resenas-de-l\/#primaryimage"},"image":{"@id":"https:\/\/booksfrommexico.com\/es\/producto\/caleidoscopio-del-aborto-testimonios-cuentos-articulos-periodisticos-ensayos-sintesis-resenas-de-l\/#primaryimage"},"thumbnailUrl":"https:\/\/booksfrommexico.com\/app\/uploads\/2023\/05\/133946.jpeg","datePublished":"2023-05-08T17:05:43+00:00","dateModified":"2024-07-11T22:05:49+00:00","description":"TESTIMONIOS, CUENTOS, ART\u00cdCULOS PERIOD\u00cdSTICOS, ENSAYOS, S\u00cdNTESIS, RESE\u00d1AS DE LIBROS, INVESTIGACIONES Y ESTUDIOS PARA FORMAR OPINI\u00d3N.","breadcrumb":{"@id":"https:\/\/booksfrommexico.com\/es\/producto\/caleidoscopio-del-aborto-testimonios-cuentos-articulos-periodisticos-ensayos-sintesis-resenas-de-l\/#breadcrumb"},"inLanguage":"es","potentialAction":[{"@type":"ReadAction","target":["https:\/\/booksfrommexico.com\/es\/producto\/caleidoscopio-del-aborto-testimonios-cuentos-articulos-periodisticos-ensayos-sintesis-resenas-de-l\/"]}]},{"@type":"ImageObject","inLanguage":"es","@id":"https:\/\/booksfrommexico.com\/es\/producto\/caleidoscopio-del-aborto-testimonios-cuentos-articulos-periodisticos-ensayos-sintesis-resenas-de-l\/#primaryimage","url":"https:\/\/booksfrommexico.com\/app\/uploads\/2023\/05\/133946.jpeg","contentUrl":"https:\/\/booksfrommexico.com\/app\/uploads\/2023\/05\/133946.jpeg","width":423,"height":649,"caption":"Caleidoscopio del aborto. Testimonios, cuentos, art\u00edculos period\u00edsticos... Books From M\u00e9xico"},{"@type":"BreadcrumbList","@id":"https:\/\/booksfrommexico.com\/es\/producto\/caleidoscopio-del-aborto-testimonios-cuentos-articulos-periodisticos-ensayos-sintesis-resenas-de-l\/#breadcrumb","itemListElement":[{"@type":"ListItem","position":1,"name":"Home","item":"https:\/\/booksfrommexico.com\/es\/"},{"@type":"ListItem","position":2,"name":"Libros","item":"https:\/\/booksfrommexico.com\/es\/libros\/"},{"@type":"ListItem","position":3,"name":"Caleidoscopio del aborto"}]},{"@type":"WebSite","@id":"https:\/\/booksfrommexico.com\/#website","url":"https:\/\/booksfrommexico.com\/","name":"Books From Mexico","description":"","publisher":{"@id":"https:\/\/booksfrommexico.com\/#organization"},"potentialAction":[{"@type":"SearchAction","target":{"@type":"EntryPoint","urlTemplate":"https:\/\/booksfrommexico.com\/?s={search_term_string}"},"query-input":{"@type":"PropertyValueSpecification","valueRequired":true,"valueName":"search_term_string"}}],"inLanguage":"es"},{"@type":"Organization","@id":"https:\/\/booksfrommexico.com\/#organization","name":"Books From Mexico","url":"https:\/\/booksfrommexico.com\/","logo":{"@type":"ImageObject","inLanguage":"es","@id":"https:\/\/booksfrommexico.com\/#\/schema\/logo\/image\/","url":"https:\/\/booksfrommexico.com\/app\/uploads\/2023\/05\/logo-booksfrommexico.svg","contentUrl":"https:\/\/booksfrommexico.com\/app\/uploads\/2023\/05\/logo-booksfrommexico.svg","width":86,"height":56,"caption":"Books From Mexico"},"image":{"@id":"https:\/\/booksfrommexico.com\/#\/schema\/logo\/image\/"}}]}},"_links":{"self":[{"href":"https:\/\/booksfrommexico.com\/es\/wp-json\/wp\/v2\/product\/700","targetHints":{"allow":["GET"]}}],"collection":[{"href":"https:\/\/booksfrommexico.com\/es\/wp-json\/wp\/v2\/product"}],"about":[{"href":"https:\/\/booksfrommexico.com\/es\/wp-json\/wp\/v2\/types\/product"}],"wp:featuredmedia":[{"embeddable":true,"href":"https:\/\/booksfrommexico.com\/es\/wp-json\/wp\/v2\/media\/699"}],"wp:attachment":[{"href":"https:\/\/booksfrommexico.com\/es\/wp-json\/wp\/v2\/media?parent=700"}],"wp:term":[{"taxonomy":"product_brand","embeddable":true,"href":"https:\/\/booksfrommexico.com\/es\/wp-json\/wp\/v2\/product_brand?post=700"},{"taxonomy":"product_cat","embeddable":true,"href":"https:\/\/booksfrommexico.com\/es\/wp-json\/wp\/v2\/product_cat?post=700"},{"taxonomy":"product_tag","embeddable":true,"href":"https:\/\/booksfrommexico.com\/es\/wp-json\/wp\/v2\/product_tag?post=700"}],"curies":[{"name":"wp","href":"https:\/\/api.w.org\/{rel}","templated":true}]}}