{"id":702,"date":"2023-05-08T17:05:45","date_gmt":"2023-05-08T17:05:45","guid":{"rendered":"http:\/\/booksfrommexico.com\/product\/raices-de-la-musica-regional-en-nuevo-leon\/"},"modified":"2024-07-11T21:32:04","modified_gmt":"2024-07-11T21:32:04","slug":"raices-de-la-musica-regional-en-nuevo-leon","status":"publish","type":"product","link":"https:\/\/booksfrommexico.com\/es\/producto\/raices-de-la-musica-regional-en-nuevo-leon\/","title":{"rendered":"Ra\u00edces de la m\u00fasica regional en Nuevo Le\u00f3n"},"content":{"rendered":"<p><span style=\"font-weight: 400;\">En esta investigaci\u00f3n Luis Mart\u00edn Garza incluye un amplio panorama del origen de la m\u00fasica regional del estado de Nuevo Le\u00f3n, la cual est\u00e1 empapada de una innegable influencia extranjera. Por un lado, los espa\u00f1oles llevaron su repertorio constituido por una mezcla de composiciones romanas, cartaginenses, visigodos y moros; al igual que la m\u00fasica italiana, alemana, flamenca y francesa lleg\u00f3 a M\u00e9xico para quedarse y conformar nuevas melod\u00edas,\u00a0 inspiradas tambi\u00e9n por el ritmo africano. A esto hay que agregar el jarabe y el son, para finalmente consolidarse con la tambora, el clarinete, el acorde\u00f3n y el bajo sexto, caracter\u00edsticas que se definen en el siglo XX y perduran en la actualidad.<\/span><\/p>\n","protected":false},"excerpt":{"rendered":"<p>RA\u00cdCES DE LA M\u00daSICA REGIONAL EN NUEVO LE\u00d3N<span style=\"font-weight: 400;\">. \/ Luis Mart\u00edn Garza Guti\u00e9rrez. Monterrey, Nuevo Le\u00f3n, M\u00e9xico : Secretar\u00eda de Educaci\u00f3n, Cultura y Deporte , Fondo Estatal para la Cultura y las Artes de Nuevo Le\u00f3n\u00a0 ; Facultad de Filosof\u00eda y Letras, 2006. 152 pages : includes references, bibliographic references, bibliography ; 21 cm. (Colecci\u00f3n Investigaci\u00f3n). ISBN : 9685724644<\/span><\/p>\n","protected":false},"featured_media":701,"template":"","meta":{"_acf_changed":false,"inline_featured_image":false},"product_brand":[],"product_cat":[326,325],"product_tag":[4450,4122,3922,4311],"class_list":{"0":"post-702","1":"product","2":"type-product","3":"status-publish","4":"has-post-thumbnail","6":"product_cat-aspectos-historicos-musica","7":"product_cat-musica","8":"product_tag-historia-de-la-musica","9":"product_tag-investigacion","10":"product_tag-musica","11":"product_tag-nuevo-leon-mexico","13":"first","14":"instock","15":"taxable","16":"shipping-taxable","17":"purchasable","18":"product-type-simple"},"acf":[],"yoast_head":"<!-- This site is optimized with the Yoast SEO plugin v27.3 - https:\/\/yoast.com\/product\/yoast-seo-wordpress\/ -->\n<title>Ra\u00edces de la m\u00fasica regional en Nuevo Le\u00f3n<\/title>\n<meta name=\"description\" content=\"RA\u00cdCES DE LA M\u00daSICA REGIONAL EN NUEVO LE\u00d3N. \/ Luis Mart\u00edn Garza Guti\u00e9rrez. Fondo Estatal para la Cultura y las Artes de Nuevo Le\u00f3n. 2006.\" \/>\n<meta name=\"robots\" content=\"index, follow, max-snippet:-1, max-image-preview:large, max-video-preview:-1\" \/>\n<link rel=\"canonical\" href=\"https:\/\/booksfrommexico.com\/es\/producto\/raices-de-la-musica-regional-en-nuevo-leon\/\" \/>\n<meta property=\"og:locale\" content=\"es_ES\" \/>\n<meta property=\"og:type\" content=\"article\" \/>\n<meta property=\"og:title\" content=\"Ra\u00edces de la m\u00fasica regional en Nuevo Le\u00f3n\" \/>\n<meta property=\"og:description\" content=\"RA\u00cdCES DE LA M\u00daSICA REGIONAL EN NUEVO LE\u00d3N. \/ Luis Mart\u00edn Garza Guti\u00e9rrez. Fondo Estatal para la Cultura y las Artes de Nuevo Le\u00f3n. 2006.\" \/>\n<meta property=\"og:url\" content=\"https:\/\/booksfrommexico.com\/es\/producto\/raices-de-la-musica-regional-en-nuevo-leon\/\" \/>\n<meta property=\"og:site_name\" content=\"Books From Mexico\" \/>\n<meta property=\"article:modified_time\" content=\"2024-07-11T21:32:04+00:00\" \/>\n<meta property=\"og:image\" content=\"http:\/\/booksfrommexico.com\/app\/uploads\/2023\/05\/134118.jpeg\" \/>\n\t<meta property=\"og:image:width\" content=\"410\" \/>\n\t<meta property=\"og:image:height\" content=\"612\" \/>\n\t<meta property=\"og:image:type\" content=\"image\/jpeg\" \/>\n<meta name=\"twitter:card\" content=\"summary_large_image\" \/>\n<meta name=\"twitter:label1\" content=\"Tiempo de lectura\" \/>\n\t<meta name=\"twitter:data1\" content=\"1 minuto\" \/>\n<script type=\"application\/ld+json\" class=\"yoast-schema-graph\">{\"@context\":\"https:\\\/\\\/schema.org\",\"@graph\":[{\"@type\":\"WebPage\",\"@id\":\"https:\\\/\\\/booksfrommexico.com\\\/es\\\/producto\\\/raices-de-la-musica-regional-en-nuevo-leon\\\/\",\"url\":\"https:\\\/\\\/booksfrommexico.com\\\/es\\\/producto\\\/raices-de-la-musica-regional-en-nuevo-leon\\\/\",\"name\":\"Ra\u00edces de la m\u00fasica regional en Nuevo Le\u00f3n\",\"isPartOf\":{\"@id\":\"https:\\\/\\\/booksfrommexico.com\\\/#website\"},\"primaryImageOfPage\":{\"@id\":\"https:\\\/\\\/booksfrommexico.com\\\/es\\\/producto\\\/raices-de-la-musica-regional-en-nuevo-leon\\\/#primaryimage\"},\"image\":{\"@id\":\"https:\\\/\\\/booksfrommexico.com\\\/es\\\/producto\\\/raices-de-la-musica-regional-en-nuevo-leon\\\/#primaryimage\"},\"thumbnailUrl\":\"https:\\\/\\\/booksfrommexico.com\\\/app\\\/uploads\\\/2023\\\/05\\\/134118.jpeg\",\"datePublished\":\"2023-05-08T17:05:45+00:00\",\"dateModified\":\"2024-07-11T21:32:04+00:00\",\"description\":\"RA\u00cdCES DE LA M\u00daSICA REGIONAL EN NUEVO LE\u00d3N. \\\/ Luis Mart\u00edn Garza Guti\u00e9rrez. Fondo Estatal para la Cultura y las Artes de Nuevo Le\u00f3n. 2006.\",\"breadcrumb\":{\"@id\":\"https:\\\/\\\/booksfrommexico.com\\\/es\\\/producto\\\/raices-de-la-musica-regional-en-nuevo-leon\\\/#breadcrumb\"},\"inLanguage\":\"es\",\"potentialAction\":[{\"@type\":\"ReadAction\",\"target\":[\"https:\\\/\\\/booksfrommexico.com\\\/es\\\/producto\\\/raices-de-la-musica-regional-en-nuevo-leon\\\/\"]}]},{\"@type\":\"ImageObject\",\"inLanguage\":\"es\",\"@id\":\"https:\\\/\\\/booksfrommexico.com\\\/es\\\/producto\\\/raices-de-la-musica-regional-en-nuevo-leon\\\/#primaryimage\",\"url\":\"https:\\\/\\\/booksfrommexico.com\\\/app\\\/uploads\\\/2023\\\/05\\\/134118.jpeg\",\"contentUrl\":\"https:\\\/\\\/booksfrommexico.com\\\/app\\\/uploads\\\/2023\\\/05\\\/134118.jpeg\",\"width\":410,\"height\":612,\"caption\":\"Ra\u00edces de la m\u00fasica regional en Nuevo Le\u00f3n. Books From M\u00e9xico\"},{\"@type\":\"BreadcrumbList\",\"@id\":\"https:\\\/\\\/booksfrommexico.com\\\/es\\\/producto\\\/raices-de-la-musica-regional-en-nuevo-leon\\\/#breadcrumb\",\"itemListElement\":[{\"@type\":\"ListItem\",\"position\":1,\"name\":\"Home\",\"item\":\"https:\\\/\\\/booksfrommexico.com\\\/es\\\/\"},{\"@type\":\"ListItem\",\"position\":2,\"name\":\"Libros\",\"item\":\"https:\\\/\\\/booksfrommexico.com\\\/es\\\/libros\\\/\"},{\"@type\":\"ListItem\",\"position\":3,\"name\":\"Ra\u00edces de la m\u00fasica regional en Nuevo Le\u00f3n\"}]},{\"@type\":\"WebSite\",\"@id\":\"https:\\\/\\\/booksfrommexico.com\\\/#website\",\"url\":\"https:\\\/\\\/booksfrommexico.com\\\/\",\"name\":\"Books From Mexico\",\"description\":\"\",\"publisher\":{\"@id\":\"https:\\\/\\\/booksfrommexico.com\\\/#organization\"},\"potentialAction\":[{\"@type\":\"SearchAction\",\"target\":{\"@type\":\"EntryPoint\",\"urlTemplate\":\"https:\\\/\\\/booksfrommexico.com\\\/?s={search_term_string}\"},\"query-input\":{\"@type\":\"PropertyValueSpecification\",\"valueRequired\":true,\"valueName\":\"search_term_string\"}}],\"inLanguage\":\"es\"},{\"@type\":\"Organization\",\"@id\":\"https:\\\/\\\/booksfrommexico.com\\\/#organization\",\"name\":\"Books From Mexico\",\"url\":\"https:\\\/\\\/booksfrommexico.com\\\/\",\"logo\":{\"@type\":\"ImageObject\",\"inLanguage\":\"es\",\"@id\":\"https:\\\/\\\/booksfrommexico.com\\\/#\\\/schema\\\/logo\\\/image\\\/\",\"url\":\"https:\\\/\\\/booksfrommexico.com\\\/app\\\/uploads\\\/2023\\\/05\\\/logo-booksfrommexico.svg\",\"contentUrl\":\"https:\\\/\\\/booksfrommexico.com\\\/app\\\/uploads\\\/2023\\\/05\\\/logo-booksfrommexico.svg\",\"width\":86,\"height\":56,\"caption\":\"Books From Mexico\"},\"image\":{\"@id\":\"https:\\\/\\\/booksfrommexico.com\\\/#\\\/schema\\\/logo\\\/image\\\/\"}}]}<\/script>\n<!-- \/ Yoast SEO plugin. -->","yoast_head_json":{"title":"Ra\u00edces de la m\u00fasica regional en Nuevo Le\u00f3n","description":"RA\u00cdCES DE LA M\u00daSICA REGIONAL EN NUEVO LE\u00d3N. \/ Luis Mart\u00edn Garza Guti\u00e9rrez. Fondo Estatal para la Cultura y las Artes de Nuevo Le\u00f3n. 2006.","robots":{"index":"index","follow":"follow","max-snippet":"max-snippet:-1","max-image-preview":"max-image-preview:large","max-video-preview":"max-video-preview:-1"},"canonical":"https:\/\/booksfrommexico.com\/es\/producto\/raices-de-la-musica-regional-en-nuevo-leon\/","og_locale":"es_ES","og_type":"article","og_title":"Ra\u00edces de la m\u00fasica regional en Nuevo Le\u00f3n","og_description":"RA\u00cdCES DE LA M\u00daSICA REGIONAL EN NUEVO LE\u00d3N. \/ Luis Mart\u00edn Garza Guti\u00e9rrez. Fondo Estatal para la Cultura y las Artes de Nuevo Le\u00f3n. 2006.","og_url":"https:\/\/booksfrommexico.com\/es\/producto\/raices-de-la-musica-regional-en-nuevo-leon\/","og_site_name":"Books From Mexico","article_modified_time":"2024-07-11T21:32:04+00:00","og_image":[{"width":410,"height":612,"url":"http:\/\/booksfrommexico.com\/app\/uploads\/2023\/05\/134118.jpeg","type":"image\/jpeg"}],"twitter_card":"summary_large_image","twitter_misc":{"Tiempo de lectura":"1 minuto"},"schema":{"@context":"https:\/\/schema.org","@graph":[{"@type":"WebPage","@id":"https:\/\/booksfrommexico.com\/es\/producto\/raices-de-la-musica-regional-en-nuevo-leon\/","url":"https:\/\/booksfrommexico.com\/es\/producto\/raices-de-la-musica-regional-en-nuevo-leon\/","name":"Ra\u00edces de la m\u00fasica regional en Nuevo Le\u00f3n","isPartOf":{"@id":"https:\/\/booksfrommexico.com\/#website"},"primaryImageOfPage":{"@id":"https:\/\/booksfrommexico.com\/es\/producto\/raices-de-la-musica-regional-en-nuevo-leon\/#primaryimage"},"image":{"@id":"https:\/\/booksfrommexico.com\/es\/producto\/raices-de-la-musica-regional-en-nuevo-leon\/#primaryimage"},"thumbnailUrl":"https:\/\/booksfrommexico.com\/app\/uploads\/2023\/05\/134118.jpeg","datePublished":"2023-05-08T17:05:45+00:00","dateModified":"2024-07-11T21:32:04+00:00","description":"RA\u00cdCES DE LA M\u00daSICA REGIONAL EN NUEVO LE\u00d3N. \/ Luis Mart\u00edn Garza Guti\u00e9rrez. Fondo Estatal para la Cultura y las Artes de Nuevo Le\u00f3n. 2006.","breadcrumb":{"@id":"https:\/\/booksfrommexico.com\/es\/producto\/raices-de-la-musica-regional-en-nuevo-leon\/#breadcrumb"},"inLanguage":"es","potentialAction":[{"@type":"ReadAction","target":["https:\/\/booksfrommexico.com\/es\/producto\/raices-de-la-musica-regional-en-nuevo-leon\/"]}]},{"@type":"ImageObject","inLanguage":"es","@id":"https:\/\/booksfrommexico.com\/es\/producto\/raices-de-la-musica-regional-en-nuevo-leon\/#primaryimage","url":"https:\/\/booksfrommexico.com\/app\/uploads\/2023\/05\/134118.jpeg","contentUrl":"https:\/\/booksfrommexico.com\/app\/uploads\/2023\/05\/134118.jpeg","width":410,"height":612,"caption":"Ra\u00edces de la m\u00fasica regional en Nuevo Le\u00f3n. Books From M\u00e9xico"},{"@type":"BreadcrumbList","@id":"https:\/\/booksfrommexico.com\/es\/producto\/raices-de-la-musica-regional-en-nuevo-leon\/#breadcrumb","itemListElement":[{"@type":"ListItem","position":1,"name":"Home","item":"https:\/\/booksfrommexico.com\/es\/"},{"@type":"ListItem","position":2,"name":"Libros","item":"https:\/\/booksfrommexico.com\/es\/libros\/"},{"@type":"ListItem","position":3,"name":"Ra\u00edces de la m\u00fasica regional en Nuevo Le\u00f3n"}]},{"@type":"WebSite","@id":"https:\/\/booksfrommexico.com\/#website","url":"https:\/\/booksfrommexico.com\/","name":"Books From Mexico","description":"","publisher":{"@id":"https:\/\/booksfrommexico.com\/#organization"},"potentialAction":[{"@type":"SearchAction","target":{"@type":"EntryPoint","urlTemplate":"https:\/\/booksfrommexico.com\/?s={search_term_string}"},"query-input":{"@type":"PropertyValueSpecification","valueRequired":true,"valueName":"search_term_string"}}],"inLanguage":"es"},{"@type":"Organization","@id":"https:\/\/booksfrommexico.com\/#organization","name":"Books From Mexico","url":"https:\/\/booksfrommexico.com\/","logo":{"@type":"ImageObject","inLanguage":"es","@id":"https:\/\/booksfrommexico.com\/#\/schema\/logo\/image\/","url":"https:\/\/booksfrommexico.com\/app\/uploads\/2023\/05\/logo-booksfrommexico.svg","contentUrl":"https:\/\/booksfrommexico.com\/app\/uploads\/2023\/05\/logo-booksfrommexico.svg","width":86,"height":56,"caption":"Books From Mexico"},"image":{"@id":"https:\/\/booksfrommexico.com\/#\/schema\/logo\/image\/"}}]}},"_links":{"self":[{"href":"https:\/\/booksfrommexico.com\/es\/wp-json\/wp\/v2\/product\/702","targetHints":{"allow":["GET"]}}],"collection":[{"href":"https:\/\/booksfrommexico.com\/es\/wp-json\/wp\/v2\/product"}],"about":[{"href":"https:\/\/booksfrommexico.com\/es\/wp-json\/wp\/v2\/types\/product"}],"wp:featuredmedia":[{"embeddable":true,"href":"https:\/\/booksfrommexico.com\/es\/wp-json\/wp\/v2\/media\/701"}],"wp:attachment":[{"href":"https:\/\/booksfrommexico.com\/es\/wp-json\/wp\/v2\/media?parent=702"}],"wp:term":[{"taxonomy":"product_brand","embeddable":true,"href":"https:\/\/booksfrommexico.com\/es\/wp-json\/wp\/v2\/product_brand?post=702"},{"taxonomy":"product_cat","embeddable":true,"href":"https:\/\/booksfrommexico.com\/es\/wp-json\/wp\/v2\/product_cat?post=702"},{"taxonomy":"product_tag","embeddable":true,"href":"https:\/\/booksfrommexico.com\/es\/wp-json\/wp\/v2\/product_tag?post=702"}],"curies":[{"name":"wp","href":"https:\/\/api.w.org\/{rel}","templated":true}]}}