{"id":706,"date":"2023-05-08T17:05:48","date_gmt":"2023-05-08T17:05:48","guid":{"rendered":"http:\/\/booksfrommexico.com\/product\/mujer-sexualidad-internet-y-politica-los-nuevos-electores-latinoamericanos\/"},"modified":"2024-07-19T19:37:52","modified_gmt":"2024-07-19T19:37:52","slug":"mujer-sexualidad-internet-y-politica-los-nuevos-electores-latinoamericanos","status":"publish","type":"product","link":"https:\/\/booksfrommexico.com\/es\/producto\/mujer-sexualidad-internet-y-politica-los-nuevos-electores-latinoamericanos\/","title":{"rendered":"Mujer, sexualidad, internet y pol\u00edtica: Los nuevos electores latinoamericanos"},"content":{"rendered":"<p><span style=\"font-weight: 400;\">A trav\u00e9s de las investigaciones que aqu\u00ed se presentan, los autores constatan un secreto a voces en la sociedad: la mayor parte de los latinoamericanos desconf\u00eda de los partidos pol\u00edticos y crece la abstenci\u00f3n en los procesos electorales, especialmente entre los j\u00f3venes. En esta l\u00ednea, se busca analizar lo que est\u00e1 detr\u00e1s de esta problem\u00e1tica, en un contexto donde los latinoamericanos buscan ante todo la comodidad, la religi\u00f3n pierde adeptos, el machismo impera, la revoluci\u00f3n tecnol\u00f3gica orilla a la sociedad a utilizar nuevas formas de comunicaci\u00f3n y donde muchas elecciones se ganan o se pierden a causa de estos y otros elementos. Aqu\u00ed se cuestionan los paradigmas, de forma amena y con s\u00f3lido respaldo acad\u00e9mico.<\/span><\/p>\n","protected":false},"excerpt":{"rendered":"<p>MUJER, SEXUALIDAD, INTERNET Y POL\u00cdTICA : LOS NUEVOS ELECTORES LATINOAMERICANOS<span style=\"font-weight: 400;\">. \/ Jaime Dur\u00e1n Barba, Santiago Nieto. M\u00e9xico, D.F. : Fondo de Cultura Econ\u00f3mica, 2006. 388 pages : includes notes, bibliography ; 23 cm. (Secci\u00f3n de Obras de Pol\u00edtica y Derecho). ISBN :\u00a0 9681681265.<\/span><\/p>\n","protected":false},"featured_media":705,"template":"","meta":{"_acf_changed":false,"inline_featured_image":false},"product_brand":[],"product_cat":[155,147],"product_tag":[4458,4101,3627,4456,4485],"class_list":{"0":"post-706","1":"product","2":"type-product","3":"status-publish","4":"has-post-thumbnail","6":"product_cat-estudio-de-la-sexualidad-en-ciencias-sociales-y-humanidades-estudios-de-genero","7":"product_cat-estudios-de-genero","8":"product_tag-internet-y-telecomunicaciones","9":"product_tag-mujeres-es","10":"product_tag-politica-y-gobierno","11":"product_tag-sexologia","12":"product_tag-sexualidad","14":"first","15":"instock","16":"taxable","17":"shipping-taxable","18":"purchasable","19":"product-type-simple"},"acf":[],"yoast_head":"<!-- This site is optimized with the Yoast SEO plugin v27.2 - https:\/\/yoast.com\/product\/yoast-seo-wordpress\/ -->\n<title>Mujer, sexualidad, internet y pol\u00edtica<\/title>\n<meta name=\"description\" content=\"MUJER, SEXUALIDAD, INTERNET Y POL\u00cdTICA : LOS NUEVOS ELECTORES LATINOAMERICANOS. \/ Jaime Dur\u00e1n Barba, Santiago Nieto. Fondo de Cultura Econ\u00f3mica, 2006.\" \/>\n<meta name=\"robots\" content=\"index, follow, max-snippet:-1, max-image-preview:large, max-video-preview:-1\" \/>\n<link rel=\"canonical\" href=\"https:\/\/booksfrommexico.com\/es\/producto\/mujer-sexualidad-internet-y-politica-los-nuevos-electores-latinoamericanos\/\" \/>\n<meta property=\"og:locale\" content=\"es_ES\" \/>\n<meta property=\"og:type\" content=\"article\" \/>\n<meta property=\"og:title\" content=\"Mujer, sexualidad, internet y pol\u00edtica\" \/>\n<meta property=\"og:description\" content=\"MUJER, SEXUALIDAD, INTERNET Y POL\u00cdTICA : LOS NUEVOS ELECTORES LATINOAMERICANOS. \/ Jaime Dur\u00e1n Barba, Santiago Nieto. Fondo de Cultura Econ\u00f3mica, 2006.\" \/>\n<meta property=\"og:url\" content=\"https:\/\/booksfrommexico.com\/es\/producto\/mujer-sexualidad-internet-y-politica-los-nuevos-electores-latinoamericanos\/\" \/>\n<meta property=\"og:site_name\" content=\"Books From Mexico\" \/>\n<meta property=\"article:modified_time\" content=\"2024-07-19T19:37:52+00:00\" \/>\n<meta property=\"og:image\" content=\"http:\/\/booksfrommexico.com\/app\/uploads\/2023\/05\/134221.jpeg\" \/>\n\t<meta property=\"og:image:width\" content=\"475\" \/>\n\t<meta property=\"og:image:height\" content=\"669\" \/>\n\t<meta property=\"og:image:type\" content=\"image\/jpeg\" \/>\n<meta name=\"twitter:card\" content=\"summary_large_image\" \/>\n<meta name=\"twitter:label1\" content=\"Tiempo de lectura\" \/>\n\t<meta name=\"twitter:data1\" content=\"1 minuto\" \/>\n<script type=\"application\/ld+json\" class=\"yoast-schema-graph\">{\"@context\":\"https:\/\/schema.org\",\"@graph\":[{\"@type\":\"WebPage\",\"@id\":\"https:\/\/booksfrommexico.com\/es\/producto\/mujer-sexualidad-internet-y-politica-los-nuevos-electores-latinoamericanos\/\",\"url\":\"https:\/\/booksfrommexico.com\/es\/producto\/mujer-sexualidad-internet-y-politica-los-nuevos-electores-latinoamericanos\/\",\"name\":\"Mujer, sexualidad, internet y pol\u00edtica\",\"isPartOf\":{\"@id\":\"https:\/\/booksfrommexico.com\/#website\"},\"primaryImageOfPage\":{\"@id\":\"https:\/\/booksfrommexico.com\/es\/producto\/mujer-sexualidad-internet-y-politica-los-nuevos-electores-latinoamericanos\/#primaryimage\"},\"image\":{\"@id\":\"https:\/\/booksfrommexico.com\/es\/producto\/mujer-sexualidad-internet-y-politica-los-nuevos-electores-latinoamericanos\/#primaryimage\"},\"thumbnailUrl\":\"https:\/\/booksfrommexico.com\/app\/uploads\/2023\/05\/134221.jpeg\",\"datePublished\":\"2023-05-08T17:05:48+00:00\",\"dateModified\":\"2024-07-19T19:37:52+00:00\",\"description\":\"MUJER, SEXUALIDAD, INTERNET Y POL\u00cdTICA : LOS NUEVOS ELECTORES LATINOAMERICANOS. \/ Jaime Dur\u00e1n Barba, Santiago Nieto. Fondo de Cultura Econ\u00f3mica, 2006.\",\"breadcrumb\":{\"@id\":\"https:\/\/booksfrommexico.com\/es\/producto\/mujer-sexualidad-internet-y-politica-los-nuevos-electores-latinoamericanos\/#breadcrumb\"},\"inLanguage\":\"es\",\"potentialAction\":[{\"@type\":\"ReadAction\",\"target\":[\"https:\/\/booksfrommexico.com\/es\/producto\/mujer-sexualidad-internet-y-politica-los-nuevos-electores-latinoamericanos\/\"]}]},{\"@type\":\"ImageObject\",\"inLanguage\":\"es\",\"@id\":\"https:\/\/booksfrommexico.com\/es\/producto\/mujer-sexualidad-internet-y-politica-los-nuevos-electores-latinoamericanos\/#primaryimage\",\"url\":\"https:\/\/booksfrommexico.com\/app\/uploads\/2023\/05\/134221.jpeg\",\"contentUrl\":\"https:\/\/booksfrommexico.com\/app\/uploads\/2023\/05\/134221.jpeg\",\"width\":475,\"height\":669,\"caption\":\"Mujer, sexualidad, internet y pol\u00edtica. Books From M\u00e9xico\"},{\"@type\":\"BreadcrumbList\",\"@id\":\"https:\/\/booksfrommexico.com\/es\/producto\/mujer-sexualidad-internet-y-politica-los-nuevos-electores-latinoamericanos\/#breadcrumb\",\"itemListElement\":[{\"@type\":\"ListItem\",\"position\":1,\"name\":\"Home\",\"item\":\"https:\/\/booksfrommexico.com\/es\/\"},{\"@type\":\"ListItem\",\"position\":2,\"name\":\"Libros\",\"item\":\"https:\/\/booksfrommexico.com\/es\/libros\/\"},{\"@type\":\"ListItem\",\"position\":3,\"name\":\"Mujer, sexualidad, internet y pol\u00edtica: Los nuevos electores latinoamericanos\"}]},{\"@type\":\"WebSite\",\"@id\":\"https:\/\/booksfrommexico.com\/#website\",\"url\":\"https:\/\/booksfrommexico.com\/\",\"name\":\"Books From Mexico\",\"description\":\"\",\"publisher\":{\"@id\":\"https:\/\/booksfrommexico.com\/#organization\"},\"potentialAction\":[{\"@type\":\"SearchAction\",\"target\":{\"@type\":\"EntryPoint\",\"urlTemplate\":\"https:\/\/booksfrommexico.com\/?s={search_term_string}\"},\"query-input\":{\"@type\":\"PropertyValueSpecification\",\"valueRequired\":true,\"valueName\":\"search_term_string\"}}],\"inLanguage\":\"es\"},{\"@type\":\"Organization\",\"@id\":\"https:\/\/booksfrommexico.com\/#organization\",\"name\":\"Books From Mexico\",\"url\":\"https:\/\/booksfrommexico.com\/\",\"logo\":{\"@type\":\"ImageObject\",\"inLanguage\":\"es\",\"@id\":\"https:\/\/booksfrommexico.com\/#\/schema\/logo\/image\/\",\"url\":\"https:\/\/booksfrommexico.com\/app\/uploads\/2023\/05\/logo-booksfrommexico.svg\",\"contentUrl\":\"https:\/\/booksfrommexico.com\/app\/uploads\/2023\/05\/logo-booksfrommexico.svg\",\"width\":86,\"height\":56,\"caption\":\"Books From Mexico\"},\"image\":{\"@id\":\"https:\/\/booksfrommexico.com\/#\/schema\/logo\/image\/\"}}]}<\/script>\n<!-- \/ Yoast SEO plugin. -->","yoast_head_json":{"title":"Mujer, sexualidad, internet y pol\u00edtica","description":"MUJER, SEXUALIDAD, INTERNET Y POL\u00cdTICA : LOS NUEVOS ELECTORES LATINOAMERICANOS. \/ Jaime Dur\u00e1n Barba, Santiago Nieto. Fondo de Cultura Econ\u00f3mica, 2006.","robots":{"index":"index","follow":"follow","max-snippet":"max-snippet:-1","max-image-preview":"max-image-preview:large","max-video-preview":"max-video-preview:-1"},"canonical":"https:\/\/booksfrommexico.com\/es\/producto\/mujer-sexualidad-internet-y-politica-los-nuevos-electores-latinoamericanos\/","og_locale":"es_ES","og_type":"article","og_title":"Mujer, sexualidad, internet y pol\u00edtica","og_description":"MUJER, SEXUALIDAD, INTERNET Y POL\u00cdTICA : LOS NUEVOS ELECTORES LATINOAMERICANOS. \/ Jaime Dur\u00e1n Barba, Santiago Nieto. Fondo de Cultura Econ\u00f3mica, 2006.","og_url":"https:\/\/booksfrommexico.com\/es\/producto\/mujer-sexualidad-internet-y-politica-los-nuevos-electores-latinoamericanos\/","og_site_name":"Books From Mexico","article_modified_time":"2024-07-19T19:37:52+00:00","og_image":[{"width":475,"height":669,"url":"http:\/\/booksfrommexico.com\/app\/uploads\/2023\/05\/134221.jpeg","type":"image\/jpeg"}],"twitter_card":"summary_large_image","twitter_misc":{"Tiempo de lectura":"1 minuto"},"schema":{"@context":"https:\/\/schema.org","@graph":[{"@type":"WebPage","@id":"https:\/\/booksfrommexico.com\/es\/producto\/mujer-sexualidad-internet-y-politica-los-nuevos-electores-latinoamericanos\/","url":"https:\/\/booksfrommexico.com\/es\/producto\/mujer-sexualidad-internet-y-politica-los-nuevos-electores-latinoamericanos\/","name":"Mujer, sexualidad, internet y pol\u00edtica","isPartOf":{"@id":"https:\/\/booksfrommexico.com\/#website"},"primaryImageOfPage":{"@id":"https:\/\/booksfrommexico.com\/es\/producto\/mujer-sexualidad-internet-y-politica-los-nuevos-electores-latinoamericanos\/#primaryimage"},"image":{"@id":"https:\/\/booksfrommexico.com\/es\/producto\/mujer-sexualidad-internet-y-politica-los-nuevos-electores-latinoamericanos\/#primaryimage"},"thumbnailUrl":"https:\/\/booksfrommexico.com\/app\/uploads\/2023\/05\/134221.jpeg","datePublished":"2023-05-08T17:05:48+00:00","dateModified":"2024-07-19T19:37:52+00:00","description":"MUJER, SEXUALIDAD, INTERNET Y POL\u00cdTICA : LOS NUEVOS ELECTORES LATINOAMERICANOS. \/ Jaime Dur\u00e1n Barba, Santiago Nieto. Fondo de Cultura Econ\u00f3mica, 2006.","breadcrumb":{"@id":"https:\/\/booksfrommexico.com\/es\/producto\/mujer-sexualidad-internet-y-politica-los-nuevos-electores-latinoamericanos\/#breadcrumb"},"inLanguage":"es","potentialAction":[{"@type":"ReadAction","target":["https:\/\/booksfrommexico.com\/es\/producto\/mujer-sexualidad-internet-y-politica-los-nuevos-electores-latinoamericanos\/"]}]},{"@type":"ImageObject","inLanguage":"es","@id":"https:\/\/booksfrommexico.com\/es\/producto\/mujer-sexualidad-internet-y-politica-los-nuevos-electores-latinoamericanos\/#primaryimage","url":"https:\/\/booksfrommexico.com\/app\/uploads\/2023\/05\/134221.jpeg","contentUrl":"https:\/\/booksfrommexico.com\/app\/uploads\/2023\/05\/134221.jpeg","width":475,"height":669,"caption":"Mujer, sexualidad, internet y pol\u00edtica. Books From M\u00e9xico"},{"@type":"BreadcrumbList","@id":"https:\/\/booksfrommexico.com\/es\/producto\/mujer-sexualidad-internet-y-politica-los-nuevos-electores-latinoamericanos\/#breadcrumb","itemListElement":[{"@type":"ListItem","position":1,"name":"Home","item":"https:\/\/booksfrommexico.com\/es\/"},{"@type":"ListItem","position":2,"name":"Libros","item":"https:\/\/booksfrommexico.com\/es\/libros\/"},{"@type":"ListItem","position":3,"name":"Mujer, sexualidad, internet y pol\u00edtica: Los nuevos electores latinoamericanos"}]},{"@type":"WebSite","@id":"https:\/\/booksfrommexico.com\/#website","url":"https:\/\/booksfrommexico.com\/","name":"Books From Mexico","description":"","publisher":{"@id":"https:\/\/booksfrommexico.com\/#organization"},"potentialAction":[{"@type":"SearchAction","target":{"@type":"EntryPoint","urlTemplate":"https:\/\/booksfrommexico.com\/?s={search_term_string}"},"query-input":{"@type":"PropertyValueSpecification","valueRequired":true,"valueName":"search_term_string"}}],"inLanguage":"es"},{"@type":"Organization","@id":"https:\/\/booksfrommexico.com\/#organization","name":"Books From Mexico","url":"https:\/\/booksfrommexico.com\/","logo":{"@type":"ImageObject","inLanguage":"es","@id":"https:\/\/booksfrommexico.com\/#\/schema\/logo\/image\/","url":"https:\/\/booksfrommexico.com\/app\/uploads\/2023\/05\/logo-booksfrommexico.svg","contentUrl":"https:\/\/booksfrommexico.com\/app\/uploads\/2023\/05\/logo-booksfrommexico.svg","width":86,"height":56,"caption":"Books From Mexico"},"image":{"@id":"https:\/\/booksfrommexico.com\/#\/schema\/logo\/image\/"}}]}},"_links":{"self":[{"href":"https:\/\/booksfrommexico.com\/es\/wp-json\/wp\/v2\/product\/706","targetHints":{"allow":["GET"]}}],"collection":[{"href":"https:\/\/booksfrommexico.com\/es\/wp-json\/wp\/v2\/product"}],"about":[{"href":"https:\/\/booksfrommexico.com\/es\/wp-json\/wp\/v2\/types\/product"}],"wp:featuredmedia":[{"embeddable":true,"href":"https:\/\/booksfrommexico.com\/es\/wp-json\/wp\/v2\/media\/705"}],"wp:attachment":[{"href":"https:\/\/booksfrommexico.com\/es\/wp-json\/wp\/v2\/media?parent=706"}],"wp:term":[{"taxonomy":"product_brand","embeddable":true,"href":"https:\/\/booksfrommexico.com\/es\/wp-json\/wp\/v2\/product_brand?post=706"},{"taxonomy":"product_cat","embeddable":true,"href":"https:\/\/booksfrommexico.com\/es\/wp-json\/wp\/v2\/product_cat?post=706"},{"taxonomy":"product_tag","embeddable":true,"href":"https:\/\/booksfrommexico.com\/es\/wp-json\/wp\/v2\/product_tag?post=706"}],"curies":[{"name":"wp","href":"https:\/\/api.w.org\/{rel}","templated":true}]}}