{"id":710,"date":"2023-05-08T17:05:51","date_gmt":"2023-05-08T17:05:51","guid":{"rendered":"http:\/\/booksfrommexico.com\/product\/la-revolucion-y-los-revolucionarios-tomo-i-parte-dos-maderismo\/"},"modified":"2024-11-19T22:43:01","modified_gmt":"2024-11-19T22:43:01","slug":"la-revolucion-y-los-revolucionarios-tomo-i-parte-dos-maderismo","status":"publish","type":"product","link":"https:\/\/booksfrommexico.com\/es\/producto\/la-revolucion-y-los-revolucionarios-tomo-i-parte-dos-maderismo\/","title":{"rendered":"La Revoluci\u00f3n y los revolucionarios. Tomo I, Parte dos: Maderismo"},"content":{"rendered":"<p><span style=\"font-weight: 400;\">La colecci\u00f3n Memorias y Testimonios tiene el prop\u00f3sito de difundir y promover el inter\u00e9s por la lectura de documentos fundamentales de la historia nacional; para ello se recuperaron escritos de varios actores de los procesos hist\u00f3ricos del siglo XX en M\u00e9xico. Cada texto es un testimonio de viva voz y llenos de detalles de la \u00e9poca que describen, concedi\u00e9ndole un estilo original a su narraci\u00f3n. En este volumen\u00a0 se recopilan art\u00edculos, entrevistas y reportajes de Jos\u00e9 C. Valad\u00e9s, y se trata del Tomo I Parte Dos que cubre la l\u00ednea temporal del Maderismo, recorriendo temas como la Revoluci\u00f3n de 1910 en Sinaloa, divisiones entre los maderistas y documentos in\u00e9ditos sobre la muerte de Francisco I. Madero, entre otros.<\/span><\/p>\n","protected":false},"excerpt":{"rendered":"<p>LA REVOLUCI\u00d3N Y LOS REVOLUCIONARIOS, TOMO I, PARTE DOS : MADERISMO<span style=\"font-weight: 400;\">. \/ Jos\u00e9 C. Valad\u00e9s M\u00e9xico, D.F. : Instituto Nacional de Estudios Hist\u00f3ricos de la Revoluci\u00f3n Mexicana, 2006. 671 pages : includes references, bibliography ; 23 cm. (Colecci\u00f3n Memorias y Testimonios). ISBN : 9706287760.<\/span><\/p>\n","protected":false},"featured_media":709,"template":"","meta":{"_acf_changed":false,"inline_featured_image":false},"product_brand":[],"product_cat":[27,73],"product_tag":[4454,4398,4092],"class_list":{"0":"post-710","1":"product","2":"type-product","3":"status-publish","4":"has-post-thumbnail","6":"product_cat-historia","7":"product_cat-revolucion-historia","8":"product_tag-entrevistas-y-reportajes","9":"product_tag-historia-mexico","10":"product_tag-revolucion-mexicana","12":"first","13":"instock","14":"taxable","15":"shipping-taxable","16":"purchasable","17":"product-type-simple"},"acf":[],"yoast_head":"<!-- This site is optimized with the Yoast SEO plugin v27.3 - https:\/\/yoast.com\/product\/yoast-seo-wordpress\/ -->\n<title>La Revoluci\u00f3n y los revolucionarios. Tomo I, parte dos: Maderismo<\/title>\n<meta name=\"description\" content=\"LA REVOLUCI\u00d3N Y LOS REVOLUCIONARIOS, TOMO I, PARTE DOS : MADERISMO. \/ Jos\u00e9 C. Valad\u00e9s. 2006. (Colecci\u00f3n Memorias y Testimonios). ISBN : 9706287760.\" \/>\n<meta name=\"robots\" content=\"index, follow, max-snippet:-1, max-image-preview:large, max-video-preview:-1\" \/>\n<link rel=\"canonical\" href=\"https:\/\/booksfrommexico.com\/es\/producto\/la-revolucion-y-los-revolucionarios-tomo-i-parte-dos-maderismo\/\" \/>\n<meta property=\"og:locale\" content=\"es_ES\" \/>\n<meta property=\"og:type\" content=\"article\" \/>\n<meta property=\"og:title\" content=\"La Revoluci\u00f3n y los revolucionarios. Tomo I, parte dos: Maderismo\" \/>\n<meta property=\"og:description\" content=\"LA REVOLUCI\u00d3N Y LOS REVOLUCIONARIOS, TOMO I, PARTE DOS : MADERISMO. \/ Jos\u00e9 C. Valad\u00e9s. 2006. (Colecci\u00f3n Memorias y Testimonios). ISBN : 9706287760.\" \/>\n<meta property=\"og:url\" content=\"https:\/\/booksfrommexico.com\/es\/producto\/la-revolucion-y-los-revolucionarios-tomo-i-parte-dos-maderismo\/\" \/>\n<meta property=\"og:site_name\" content=\"Books From Mexico\" \/>\n<meta property=\"article:modified_time\" content=\"2024-11-19T22:43:01+00:00\" \/>\n<meta property=\"og:image\" content=\"http:\/\/booksfrommexico.com\/app\/uploads\/2023\/05\/134242.jpeg\" \/>\n\t<meta property=\"og:image:width\" content=\"475\" \/>\n\t<meta property=\"og:image:height\" content=\"669\" \/>\n\t<meta property=\"og:image:type\" content=\"image\/jpeg\" \/>\n<meta name=\"twitter:card\" content=\"summary_large_image\" \/>\n<meta name=\"twitter:label1\" content=\"Tiempo de lectura\" \/>\n\t<meta name=\"twitter:data1\" content=\"1 minuto\" \/>\n<script type=\"application\/ld+json\" class=\"yoast-schema-graph\">{\"@context\":\"https:\\\/\\\/schema.org\",\"@graph\":[{\"@type\":\"WebPage\",\"@id\":\"https:\\\/\\\/booksfrommexico.com\\\/es\\\/producto\\\/la-revolucion-y-los-revolucionarios-tomo-i-parte-dos-maderismo\\\/\",\"url\":\"https:\\\/\\\/booksfrommexico.com\\\/es\\\/producto\\\/la-revolucion-y-los-revolucionarios-tomo-i-parte-dos-maderismo\\\/\",\"name\":\"La Revoluci\u00f3n y los revolucionarios. Tomo I, parte dos: Maderismo\",\"isPartOf\":{\"@id\":\"https:\\\/\\\/booksfrommexico.com\\\/#website\"},\"primaryImageOfPage\":{\"@id\":\"https:\\\/\\\/booksfrommexico.com\\\/es\\\/producto\\\/la-revolucion-y-los-revolucionarios-tomo-i-parte-dos-maderismo\\\/#primaryimage\"},\"image\":{\"@id\":\"https:\\\/\\\/booksfrommexico.com\\\/es\\\/producto\\\/la-revolucion-y-los-revolucionarios-tomo-i-parte-dos-maderismo\\\/#primaryimage\"},\"thumbnailUrl\":\"https:\\\/\\\/booksfrommexico.com\\\/app\\\/uploads\\\/2023\\\/05\\\/134242.jpeg\",\"datePublished\":\"2023-05-08T17:05:51+00:00\",\"dateModified\":\"2024-11-19T22:43:01+00:00\",\"description\":\"LA REVOLUCI\u00d3N Y LOS REVOLUCIONARIOS, TOMO I, PARTE DOS : MADERISMO. \\\/ Jos\u00e9 C. Valad\u00e9s. 2006. (Colecci\u00f3n Memorias y Testimonios). ISBN : 9706287760.\",\"breadcrumb\":{\"@id\":\"https:\\\/\\\/booksfrommexico.com\\\/es\\\/producto\\\/la-revolucion-y-los-revolucionarios-tomo-i-parte-dos-maderismo\\\/#breadcrumb\"},\"inLanguage\":\"es\",\"potentialAction\":[{\"@type\":\"ReadAction\",\"target\":[\"https:\\\/\\\/booksfrommexico.com\\\/es\\\/producto\\\/la-revolucion-y-los-revolucionarios-tomo-i-parte-dos-maderismo\\\/\"]}]},{\"@type\":\"ImageObject\",\"inLanguage\":\"es\",\"@id\":\"https:\\\/\\\/booksfrommexico.com\\\/es\\\/producto\\\/la-revolucion-y-los-revolucionarios-tomo-i-parte-dos-maderismo\\\/#primaryimage\",\"url\":\"https:\\\/\\\/booksfrommexico.com\\\/app\\\/uploads\\\/2023\\\/05\\\/134242.jpeg\",\"contentUrl\":\"https:\\\/\\\/booksfrommexico.com\\\/app\\\/uploads\\\/2023\\\/05\\\/134242.jpeg\",\"width\":475,\"height\":669,\"caption\":\"La Revoluci\u00f3n y los revolucionarios. Tomo I. Books From M\u00e9xico\"},{\"@type\":\"BreadcrumbList\",\"@id\":\"https:\\\/\\\/booksfrommexico.com\\\/es\\\/producto\\\/la-revolucion-y-los-revolucionarios-tomo-i-parte-dos-maderismo\\\/#breadcrumb\",\"itemListElement\":[{\"@type\":\"ListItem\",\"position\":1,\"name\":\"Home\",\"item\":\"https:\\\/\\\/booksfrommexico.com\\\/es\\\/\"},{\"@type\":\"ListItem\",\"position\":2,\"name\":\"Libros\",\"item\":\"https:\\\/\\\/booksfrommexico.com\\\/es\\\/libros\\\/\"},{\"@type\":\"ListItem\",\"position\":3,\"name\":\"La Revoluci\u00f3n y los revolucionarios. Tomo I, Parte dos: Maderismo\"}]},{\"@type\":\"WebSite\",\"@id\":\"https:\\\/\\\/booksfrommexico.com\\\/#website\",\"url\":\"https:\\\/\\\/booksfrommexico.com\\\/\",\"name\":\"Books From Mexico\",\"description\":\"\",\"publisher\":{\"@id\":\"https:\\\/\\\/booksfrommexico.com\\\/#organization\"},\"potentialAction\":[{\"@type\":\"SearchAction\",\"target\":{\"@type\":\"EntryPoint\",\"urlTemplate\":\"https:\\\/\\\/booksfrommexico.com\\\/?s={search_term_string}\"},\"query-input\":{\"@type\":\"PropertyValueSpecification\",\"valueRequired\":true,\"valueName\":\"search_term_string\"}}],\"inLanguage\":\"es\"},{\"@type\":\"Organization\",\"@id\":\"https:\\\/\\\/booksfrommexico.com\\\/#organization\",\"name\":\"Books From Mexico\",\"url\":\"https:\\\/\\\/booksfrommexico.com\\\/\",\"logo\":{\"@type\":\"ImageObject\",\"inLanguage\":\"es\",\"@id\":\"https:\\\/\\\/booksfrommexico.com\\\/#\\\/schema\\\/logo\\\/image\\\/\",\"url\":\"https:\\\/\\\/booksfrommexico.com\\\/app\\\/uploads\\\/2023\\\/05\\\/logo-booksfrommexico.svg\",\"contentUrl\":\"https:\\\/\\\/booksfrommexico.com\\\/app\\\/uploads\\\/2023\\\/05\\\/logo-booksfrommexico.svg\",\"width\":86,\"height\":56,\"caption\":\"Books From Mexico\"},\"image\":{\"@id\":\"https:\\\/\\\/booksfrommexico.com\\\/#\\\/schema\\\/logo\\\/image\\\/\"}}]}<\/script>\n<!-- \/ Yoast SEO plugin. -->","yoast_head_json":{"title":"La Revoluci\u00f3n y los revolucionarios. Tomo I, parte dos: Maderismo","description":"LA REVOLUCI\u00d3N Y LOS REVOLUCIONARIOS, TOMO I, PARTE DOS : MADERISMO. \/ Jos\u00e9 C. Valad\u00e9s. 2006. (Colecci\u00f3n Memorias y Testimonios). ISBN : 9706287760.","robots":{"index":"index","follow":"follow","max-snippet":"max-snippet:-1","max-image-preview":"max-image-preview:large","max-video-preview":"max-video-preview:-1"},"canonical":"https:\/\/booksfrommexico.com\/es\/producto\/la-revolucion-y-los-revolucionarios-tomo-i-parte-dos-maderismo\/","og_locale":"es_ES","og_type":"article","og_title":"La Revoluci\u00f3n y los revolucionarios. Tomo I, parte dos: Maderismo","og_description":"LA REVOLUCI\u00d3N Y LOS REVOLUCIONARIOS, TOMO I, PARTE DOS : MADERISMO. \/ Jos\u00e9 C. Valad\u00e9s. 2006. (Colecci\u00f3n Memorias y Testimonios). ISBN : 9706287760.","og_url":"https:\/\/booksfrommexico.com\/es\/producto\/la-revolucion-y-los-revolucionarios-tomo-i-parte-dos-maderismo\/","og_site_name":"Books From Mexico","article_modified_time":"2024-11-19T22:43:01+00:00","og_image":[{"width":475,"height":669,"url":"http:\/\/booksfrommexico.com\/app\/uploads\/2023\/05\/134242.jpeg","type":"image\/jpeg"}],"twitter_card":"summary_large_image","twitter_misc":{"Tiempo de lectura":"1 minuto"},"schema":{"@context":"https:\/\/schema.org","@graph":[{"@type":"WebPage","@id":"https:\/\/booksfrommexico.com\/es\/producto\/la-revolucion-y-los-revolucionarios-tomo-i-parte-dos-maderismo\/","url":"https:\/\/booksfrommexico.com\/es\/producto\/la-revolucion-y-los-revolucionarios-tomo-i-parte-dos-maderismo\/","name":"La Revoluci\u00f3n y los revolucionarios. Tomo I, parte dos: Maderismo","isPartOf":{"@id":"https:\/\/booksfrommexico.com\/#website"},"primaryImageOfPage":{"@id":"https:\/\/booksfrommexico.com\/es\/producto\/la-revolucion-y-los-revolucionarios-tomo-i-parte-dos-maderismo\/#primaryimage"},"image":{"@id":"https:\/\/booksfrommexico.com\/es\/producto\/la-revolucion-y-los-revolucionarios-tomo-i-parte-dos-maderismo\/#primaryimage"},"thumbnailUrl":"https:\/\/booksfrommexico.com\/app\/uploads\/2023\/05\/134242.jpeg","datePublished":"2023-05-08T17:05:51+00:00","dateModified":"2024-11-19T22:43:01+00:00","description":"LA REVOLUCI\u00d3N Y LOS REVOLUCIONARIOS, TOMO I, PARTE DOS : MADERISMO. \/ Jos\u00e9 C. Valad\u00e9s. 2006. (Colecci\u00f3n Memorias y Testimonios). ISBN : 9706287760.","breadcrumb":{"@id":"https:\/\/booksfrommexico.com\/es\/producto\/la-revolucion-y-los-revolucionarios-tomo-i-parte-dos-maderismo\/#breadcrumb"},"inLanguage":"es","potentialAction":[{"@type":"ReadAction","target":["https:\/\/booksfrommexico.com\/es\/producto\/la-revolucion-y-los-revolucionarios-tomo-i-parte-dos-maderismo\/"]}]},{"@type":"ImageObject","inLanguage":"es","@id":"https:\/\/booksfrommexico.com\/es\/producto\/la-revolucion-y-los-revolucionarios-tomo-i-parte-dos-maderismo\/#primaryimage","url":"https:\/\/booksfrommexico.com\/app\/uploads\/2023\/05\/134242.jpeg","contentUrl":"https:\/\/booksfrommexico.com\/app\/uploads\/2023\/05\/134242.jpeg","width":475,"height":669,"caption":"La Revoluci\u00f3n y los revolucionarios. Tomo I. Books From M\u00e9xico"},{"@type":"BreadcrumbList","@id":"https:\/\/booksfrommexico.com\/es\/producto\/la-revolucion-y-los-revolucionarios-tomo-i-parte-dos-maderismo\/#breadcrumb","itemListElement":[{"@type":"ListItem","position":1,"name":"Home","item":"https:\/\/booksfrommexico.com\/es\/"},{"@type":"ListItem","position":2,"name":"Libros","item":"https:\/\/booksfrommexico.com\/es\/libros\/"},{"@type":"ListItem","position":3,"name":"La Revoluci\u00f3n y los revolucionarios. Tomo I, Parte dos: Maderismo"}]},{"@type":"WebSite","@id":"https:\/\/booksfrommexico.com\/#website","url":"https:\/\/booksfrommexico.com\/","name":"Books From Mexico","description":"","publisher":{"@id":"https:\/\/booksfrommexico.com\/#organization"},"potentialAction":[{"@type":"SearchAction","target":{"@type":"EntryPoint","urlTemplate":"https:\/\/booksfrommexico.com\/?s={search_term_string}"},"query-input":{"@type":"PropertyValueSpecification","valueRequired":true,"valueName":"search_term_string"}}],"inLanguage":"es"},{"@type":"Organization","@id":"https:\/\/booksfrommexico.com\/#organization","name":"Books From Mexico","url":"https:\/\/booksfrommexico.com\/","logo":{"@type":"ImageObject","inLanguage":"es","@id":"https:\/\/booksfrommexico.com\/#\/schema\/logo\/image\/","url":"https:\/\/booksfrommexico.com\/app\/uploads\/2023\/05\/logo-booksfrommexico.svg","contentUrl":"https:\/\/booksfrommexico.com\/app\/uploads\/2023\/05\/logo-booksfrommexico.svg","width":86,"height":56,"caption":"Books From Mexico"},"image":{"@id":"https:\/\/booksfrommexico.com\/#\/schema\/logo\/image\/"}}]}},"_links":{"self":[{"href":"https:\/\/booksfrommexico.com\/es\/wp-json\/wp\/v2\/product\/710","targetHints":{"allow":["GET"]}}],"collection":[{"href":"https:\/\/booksfrommexico.com\/es\/wp-json\/wp\/v2\/product"}],"about":[{"href":"https:\/\/booksfrommexico.com\/es\/wp-json\/wp\/v2\/types\/product"}],"wp:featuredmedia":[{"embeddable":true,"href":"https:\/\/booksfrommexico.com\/es\/wp-json\/wp\/v2\/media\/709"}],"wp:attachment":[{"href":"https:\/\/booksfrommexico.com\/es\/wp-json\/wp\/v2\/media?parent=710"}],"wp:term":[{"taxonomy":"product_brand","embeddable":true,"href":"https:\/\/booksfrommexico.com\/es\/wp-json\/wp\/v2\/product_brand?post=710"},{"taxonomy":"product_cat","embeddable":true,"href":"https:\/\/booksfrommexico.com\/es\/wp-json\/wp\/v2\/product_cat?post=710"},{"taxonomy":"product_tag","embeddable":true,"href":"https:\/\/booksfrommexico.com\/es\/wp-json\/wp\/v2\/product_tag?post=710"}],"curies":[{"name":"wp","href":"https:\/\/api.w.org\/{rel}","templated":true}]}}