{"id":712,"date":"2023-05-08T17:05:52","date_gmt":"2023-05-08T17:05:52","guid":{"rendered":"http:\/\/booksfrommexico.com\/product\/memoria-del-general-antonio-i-villarrealsobre-su-participacion-en-la-rebelion-escobarista-de-marzo-de-1929\/"},"modified":"2023-11-05T11:54:29","modified_gmt":"2023-11-05T11:54:29","slug":"memoria-del-general-antonio-i-villarrealsobre-su-participacion-en-la-rebelion-escobarista-de-marzo-de-1929","status":"publish","type":"product","link":"https:\/\/booksfrommexico.com\/es\/producto\/memoria-del-general-antonio-i-villarrealsobre-su-participacion-en-la-rebelion-escobarista-de-marzo-de-1929\/","title":{"rendered":"Memoria del general Antonio I. Villarreal"},"content":{"rendered":"","protected":false},"excerpt":{"rendered":"<p>Sobre su participaci\u00f3n en la rebeli\u00f3n escobarista de marzo de 1929. Georgette Jos\u00e9 Valenzuela, introducci\u00f3n, selecci\u00f3n y notas. M\u00e9xico, D.F.: Instituto Nacional de Estudios Hist\u00f3ricos de la Revoluci\u00f3n Mexicana, 2006. 179 pages : 23 cm. \u00abMemorias y Testimonios\u00bb. ISBN: 9706287795<\/p>\n","protected":false},"featured_media":711,"template":"","meta":{"_acf_changed":false,"inline_featured_image":false},"product_brand":[],"product_cat":[27],"product_tag":[],"class_list":{"0":"post-712","1":"product","2":"type-product","3":"status-publish","4":"has-post-thumbnail","6":"product_cat-historia","8":"first","9":"instock","10":"taxable","11":"shipping-taxable","12":"purchasable","13":"product-type-simple"},"acf":[],"yoast_head":"<!-- This site is optimized with the Yoast SEO plugin v27.3 - https:\/\/yoast.com\/product\/yoast-seo-wordpress\/ -->\n<title>Memoria del general Antonio I. Villarreal. Books From M\u00e9xico<\/title>\n<meta name=\"description\" content=\"Memoria del general Antonio I y su participaci\u00f3n en la rebeli\u00f3n escobarista de marzo de 1929. Georgette Jos\u00e9 Valenzuela. M\u00e9xico, D.F.\" \/>\n<meta name=\"robots\" content=\"index, follow, max-snippet:-1, max-image-preview:large, max-video-preview:-1\" \/>\n<link rel=\"canonical\" href=\"https:\/\/booksfrommexico.com\/es\/producto\/memoria-del-general-antonio-i-villarrealsobre-su-participacion-en-la-rebelion-escobarista-de-marzo-de-1929\/\" \/>\n<meta property=\"og:locale\" content=\"es_ES\" \/>\n<meta property=\"og:type\" content=\"article\" \/>\n<meta property=\"og:title\" content=\"Memoria del general Antonio I. Villarreal. Books From M\u00e9xico\" \/>\n<meta property=\"og:description\" content=\"Memoria del general Antonio I y su participaci\u00f3n en la rebeli\u00f3n escobarista de marzo de 1929. Georgette Jos\u00e9 Valenzuela. M\u00e9xico, D.F.\" \/>\n<meta property=\"og:url\" content=\"https:\/\/booksfrommexico.com\/es\/producto\/memoria-del-general-antonio-i-villarrealsobre-su-participacion-en-la-rebelion-escobarista-de-marzo-de-1929\/\" \/>\n<meta property=\"og:site_name\" content=\"Books From Mexico\" \/>\n<meta property=\"article:modified_time\" content=\"2023-11-05T11:54:29+00:00\" \/>\n<meta property=\"og:image\" content=\"http:\/\/booksfrommexico.com\/app\/uploads\/2023\/05\/134243.jpeg\" \/>\n\t<meta property=\"og:image:width\" content=\"478\" \/>\n\t<meta property=\"og:image:height\" content=\"644\" \/>\n\t<meta property=\"og:image:type\" content=\"image\/jpeg\" \/>\n<meta name=\"twitter:card\" content=\"summary_large_image\" \/>\n<script type=\"application\/ld+json\" class=\"yoast-schema-graph\">{\"@context\":\"https:\\\/\\\/schema.org\",\"@graph\":[{\"@type\":\"WebPage\",\"@id\":\"https:\\\/\\\/booksfrommexico.com\\\/es\\\/producto\\\/memoria-del-general-antonio-i-villarrealsobre-su-participacion-en-la-rebelion-escobarista-de-marzo-de-1929\\\/\",\"url\":\"https:\\\/\\\/booksfrommexico.com\\\/es\\\/producto\\\/memoria-del-general-antonio-i-villarrealsobre-su-participacion-en-la-rebelion-escobarista-de-marzo-de-1929\\\/\",\"name\":\"Memoria del general Antonio I. Villarreal. Books From M\u00e9xico\",\"isPartOf\":{\"@id\":\"https:\\\/\\\/booksfrommexico.com\\\/#website\"},\"primaryImageOfPage\":{\"@id\":\"https:\\\/\\\/booksfrommexico.com\\\/es\\\/producto\\\/memoria-del-general-antonio-i-villarrealsobre-su-participacion-en-la-rebelion-escobarista-de-marzo-de-1929\\\/#primaryimage\"},\"image\":{\"@id\":\"https:\\\/\\\/booksfrommexico.com\\\/es\\\/producto\\\/memoria-del-general-antonio-i-villarrealsobre-su-participacion-en-la-rebelion-escobarista-de-marzo-de-1929\\\/#primaryimage\"},\"thumbnailUrl\":\"https:\\\/\\\/booksfrommexico.com\\\/app\\\/uploads\\\/2023\\\/05\\\/134243.jpeg\",\"datePublished\":\"2023-05-08T17:05:52+00:00\",\"dateModified\":\"2023-11-05T11:54:29+00:00\",\"description\":\"Memoria del general Antonio I y su participaci\u00f3n en la rebeli\u00f3n escobarista de marzo de 1929. Georgette Jos\u00e9 Valenzuela. M\u00e9xico, D.F.\",\"breadcrumb\":{\"@id\":\"https:\\\/\\\/booksfrommexico.com\\\/es\\\/producto\\\/memoria-del-general-antonio-i-villarrealsobre-su-participacion-en-la-rebelion-escobarista-de-marzo-de-1929\\\/#breadcrumb\"},\"inLanguage\":\"es\",\"potentialAction\":[{\"@type\":\"ReadAction\",\"target\":[\"https:\\\/\\\/booksfrommexico.com\\\/es\\\/producto\\\/memoria-del-general-antonio-i-villarrealsobre-su-participacion-en-la-rebelion-escobarista-de-marzo-de-1929\\\/\"]}]},{\"@type\":\"ImageObject\",\"inLanguage\":\"es\",\"@id\":\"https:\\\/\\\/booksfrommexico.com\\\/es\\\/producto\\\/memoria-del-general-antonio-i-villarrealsobre-su-participacion-en-la-rebelion-escobarista-de-marzo-de-1929\\\/#primaryimage\",\"url\":\"https:\\\/\\\/booksfrommexico.com\\\/app\\\/uploads\\\/2023\\\/05\\\/134243.jpeg\",\"contentUrl\":\"https:\\\/\\\/booksfrommexico.com\\\/app\\\/uploads\\\/2023\\\/05\\\/134243.jpeg\",\"width\":478,\"height\":644,\"caption\":\"Memoria del general Antonio I. Villarreal. Sobre su participaci\u00f3n en la rebeli\u00f3n escobarista de marzo de 1929\"},{\"@type\":\"BreadcrumbList\",\"@id\":\"https:\\\/\\\/booksfrommexico.com\\\/es\\\/producto\\\/memoria-del-general-antonio-i-villarrealsobre-su-participacion-en-la-rebelion-escobarista-de-marzo-de-1929\\\/#breadcrumb\",\"itemListElement\":[{\"@type\":\"ListItem\",\"position\":1,\"name\":\"Home\",\"item\":\"https:\\\/\\\/booksfrommexico.com\\\/es\\\/\"},{\"@type\":\"ListItem\",\"position\":2,\"name\":\"Libros\",\"item\":\"https:\\\/\\\/booksfrommexico.com\\\/es\\\/libros\\\/\"},{\"@type\":\"ListItem\",\"position\":3,\"name\":\"Memoria del general Antonio I. Villarreal\"}]},{\"@type\":\"WebSite\",\"@id\":\"https:\\\/\\\/booksfrommexico.com\\\/#website\",\"url\":\"https:\\\/\\\/booksfrommexico.com\\\/\",\"name\":\"Books From Mexico\",\"description\":\"\",\"publisher\":{\"@id\":\"https:\\\/\\\/booksfrommexico.com\\\/#organization\"},\"potentialAction\":[{\"@type\":\"SearchAction\",\"target\":{\"@type\":\"EntryPoint\",\"urlTemplate\":\"https:\\\/\\\/booksfrommexico.com\\\/?s={search_term_string}\"},\"query-input\":{\"@type\":\"PropertyValueSpecification\",\"valueRequired\":true,\"valueName\":\"search_term_string\"}}],\"inLanguage\":\"es\"},{\"@type\":\"Organization\",\"@id\":\"https:\\\/\\\/booksfrommexico.com\\\/#organization\",\"name\":\"Books From Mexico\",\"url\":\"https:\\\/\\\/booksfrommexico.com\\\/\",\"logo\":{\"@type\":\"ImageObject\",\"inLanguage\":\"es\",\"@id\":\"https:\\\/\\\/booksfrommexico.com\\\/#\\\/schema\\\/logo\\\/image\\\/\",\"url\":\"https:\\\/\\\/booksfrommexico.com\\\/app\\\/uploads\\\/2023\\\/05\\\/logo-booksfrommexico.svg\",\"contentUrl\":\"https:\\\/\\\/booksfrommexico.com\\\/app\\\/uploads\\\/2023\\\/05\\\/logo-booksfrommexico.svg\",\"width\":86,\"height\":56,\"caption\":\"Books From Mexico\"},\"image\":{\"@id\":\"https:\\\/\\\/booksfrommexico.com\\\/#\\\/schema\\\/logo\\\/image\\\/\"}}]}<\/script>\n<!-- \/ Yoast SEO plugin. -->","yoast_head_json":{"title":"Memoria del general Antonio I. Villarreal. Books From M\u00e9xico","description":"Memoria del general Antonio I y su participaci\u00f3n en la rebeli\u00f3n escobarista de marzo de 1929. Georgette Jos\u00e9 Valenzuela. M\u00e9xico, D.F.","robots":{"index":"index","follow":"follow","max-snippet":"max-snippet:-1","max-image-preview":"max-image-preview:large","max-video-preview":"max-video-preview:-1"},"canonical":"https:\/\/booksfrommexico.com\/es\/producto\/memoria-del-general-antonio-i-villarrealsobre-su-participacion-en-la-rebelion-escobarista-de-marzo-de-1929\/","og_locale":"es_ES","og_type":"article","og_title":"Memoria del general Antonio I. Villarreal. Books From M\u00e9xico","og_description":"Memoria del general Antonio I y su participaci\u00f3n en la rebeli\u00f3n escobarista de marzo de 1929. Georgette Jos\u00e9 Valenzuela. M\u00e9xico, D.F.","og_url":"https:\/\/booksfrommexico.com\/es\/producto\/memoria-del-general-antonio-i-villarrealsobre-su-participacion-en-la-rebelion-escobarista-de-marzo-de-1929\/","og_site_name":"Books From Mexico","article_modified_time":"2023-11-05T11:54:29+00:00","og_image":[{"width":478,"height":644,"url":"http:\/\/booksfrommexico.com\/app\/uploads\/2023\/05\/134243.jpeg","type":"image\/jpeg"}],"twitter_card":"summary_large_image","schema":{"@context":"https:\/\/schema.org","@graph":[{"@type":"WebPage","@id":"https:\/\/booksfrommexico.com\/es\/producto\/memoria-del-general-antonio-i-villarrealsobre-su-participacion-en-la-rebelion-escobarista-de-marzo-de-1929\/","url":"https:\/\/booksfrommexico.com\/es\/producto\/memoria-del-general-antonio-i-villarrealsobre-su-participacion-en-la-rebelion-escobarista-de-marzo-de-1929\/","name":"Memoria del general Antonio I. Villarreal. Books From M\u00e9xico","isPartOf":{"@id":"https:\/\/booksfrommexico.com\/#website"},"primaryImageOfPage":{"@id":"https:\/\/booksfrommexico.com\/es\/producto\/memoria-del-general-antonio-i-villarrealsobre-su-participacion-en-la-rebelion-escobarista-de-marzo-de-1929\/#primaryimage"},"image":{"@id":"https:\/\/booksfrommexico.com\/es\/producto\/memoria-del-general-antonio-i-villarrealsobre-su-participacion-en-la-rebelion-escobarista-de-marzo-de-1929\/#primaryimage"},"thumbnailUrl":"https:\/\/booksfrommexico.com\/app\/uploads\/2023\/05\/134243.jpeg","datePublished":"2023-05-08T17:05:52+00:00","dateModified":"2023-11-05T11:54:29+00:00","description":"Memoria del general Antonio I y su participaci\u00f3n en la rebeli\u00f3n escobarista de marzo de 1929. Georgette Jos\u00e9 Valenzuela. M\u00e9xico, D.F.","breadcrumb":{"@id":"https:\/\/booksfrommexico.com\/es\/producto\/memoria-del-general-antonio-i-villarrealsobre-su-participacion-en-la-rebelion-escobarista-de-marzo-de-1929\/#breadcrumb"},"inLanguage":"es","potentialAction":[{"@type":"ReadAction","target":["https:\/\/booksfrommexico.com\/es\/producto\/memoria-del-general-antonio-i-villarrealsobre-su-participacion-en-la-rebelion-escobarista-de-marzo-de-1929\/"]}]},{"@type":"ImageObject","inLanguage":"es","@id":"https:\/\/booksfrommexico.com\/es\/producto\/memoria-del-general-antonio-i-villarrealsobre-su-participacion-en-la-rebelion-escobarista-de-marzo-de-1929\/#primaryimage","url":"https:\/\/booksfrommexico.com\/app\/uploads\/2023\/05\/134243.jpeg","contentUrl":"https:\/\/booksfrommexico.com\/app\/uploads\/2023\/05\/134243.jpeg","width":478,"height":644,"caption":"Memoria del general Antonio I. Villarreal. Sobre su participaci\u00f3n en la rebeli\u00f3n escobarista de marzo de 1929"},{"@type":"BreadcrumbList","@id":"https:\/\/booksfrommexico.com\/es\/producto\/memoria-del-general-antonio-i-villarrealsobre-su-participacion-en-la-rebelion-escobarista-de-marzo-de-1929\/#breadcrumb","itemListElement":[{"@type":"ListItem","position":1,"name":"Home","item":"https:\/\/booksfrommexico.com\/es\/"},{"@type":"ListItem","position":2,"name":"Libros","item":"https:\/\/booksfrommexico.com\/es\/libros\/"},{"@type":"ListItem","position":3,"name":"Memoria del general Antonio I. Villarreal"}]},{"@type":"WebSite","@id":"https:\/\/booksfrommexico.com\/#website","url":"https:\/\/booksfrommexico.com\/","name":"Books From Mexico","description":"","publisher":{"@id":"https:\/\/booksfrommexico.com\/#organization"},"potentialAction":[{"@type":"SearchAction","target":{"@type":"EntryPoint","urlTemplate":"https:\/\/booksfrommexico.com\/?s={search_term_string}"},"query-input":{"@type":"PropertyValueSpecification","valueRequired":true,"valueName":"search_term_string"}}],"inLanguage":"es"},{"@type":"Organization","@id":"https:\/\/booksfrommexico.com\/#organization","name":"Books From Mexico","url":"https:\/\/booksfrommexico.com\/","logo":{"@type":"ImageObject","inLanguage":"es","@id":"https:\/\/booksfrommexico.com\/#\/schema\/logo\/image\/","url":"https:\/\/booksfrommexico.com\/app\/uploads\/2023\/05\/logo-booksfrommexico.svg","contentUrl":"https:\/\/booksfrommexico.com\/app\/uploads\/2023\/05\/logo-booksfrommexico.svg","width":86,"height":56,"caption":"Books From Mexico"},"image":{"@id":"https:\/\/booksfrommexico.com\/#\/schema\/logo\/image\/"}}]}},"_links":{"self":[{"href":"https:\/\/booksfrommexico.com\/es\/wp-json\/wp\/v2\/product\/712","targetHints":{"allow":["GET"]}}],"collection":[{"href":"https:\/\/booksfrommexico.com\/es\/wp-json\/wp\/v2\/product"}],"about":[{"href":"https:\/\/booksfrommexico.com\/es\/wp-json\/wp\/v2\/types\/product"}],"wp:featuredmedia":[{"embeddable":true,"href":"https:\/\/booksfrommexico.com\/es\/wp-json\/wp\/v2\/media\/711"}],"wp:attachment":[{"href":"https:\/\/booksfrommexico.com\/es\/wp-json\/wp\/v2\/media?parent=712"}],"wp:term":[{"taxonomy":"product_brand","embeddable":true,"href":"https:\/\/booksfrommexico.com\/es\/wp-json\/wp\/v2\/product_brand?post=712"},{"taxonomy":"product_cat","embeddable":true,"href":"https:\/\/booksfrommexico.com\/es\/wp-json\/wp\/v2\/product_cat?post=712"},{"taxonomy":"product_tag","embeddable":true,"href":"https:\/\/booksfrommexico.com\/es\/wp-json\/wp\/v2\/product_tag?post=712"}],"curies":[{"name":"wp","href":"https:\/\/api.w.org\/{rel}","templated":true}]}}