{"id":714,"date":"2023-05-08T17:05:54","date_gmt":"2023-05-08T17:05:54","guid":{"rendered":"http:\/\/booksfrommexico.com\/product\/historia-del-beisbol-de-yucatan-y-campeche-entre-los-anos-1892-1905\/"},"modified":"2024-07-08T23:52:13","modified_gmt":"2024-07-08T23:52:13","slug":"historia-del-beisbol-de-yucatan-y-campeche-entre-los-anos-1892-1905","status":"publish","type":"product","link":"https:\/\/booksfrommexico.com\/es\/producto\/historia-del-beisbol-de-yucatan-y-campeche-entre-los-anos-1892-1905\/","title":{"rendered":"Historia del b\u00e9isbol de Yucat\u00e1n y Campeche entre los a\u00f1os 1892-1905"},"content":{"rendered":"<p><span style=\"font-weight: 400;\">La historia cronol\u00f3gica del b\u00e9isbol en Yucat\u00e1n de junio 11 de 1892 a febrero 28 de 1905, demuestra que el b\u00e9isbol mexicano tiene su origen en Yucat\u00e1n. Este estado tiene especial predilecci\u00f3n a la pr\u00e1ctica del juego de pelota denominado B\u00e9isbol, sin dejar de lado otras disciplinas deportivas, sin embargo siendo \u00e9sta una especialmente difundida, practicada y popularizada. Este t\u00edtulo es una labor de investigaci\u00f3n y transcripci\u00f3n, que no s\u00f3lo es de recopilaci\u00f3n sino de rescate y valoraci\u00f3n de la poco conocida Historia Deportiva de Yucat\u00e1n, contando con fotograf\u00edas, datos y tablas para ofrecer datos duros y reales.\u00a0<\/span><\/p>\n","protected":false},"excerpt":{"rendered":"<p>HISTORIA DEL B\u00c9ISBOL DE YUCAT\u00c1N Y CAMPECHE ENTRE LOS A\u00d1OS 1892-1905<span style=\"font-weight: 400;\">. \/ Carlos R. Castillo Barrio. M\u00e9rida, Yucat\u00e1n, M\u00e9xico : Ediciones de la Universidad Aut\u00f3noma de Yucat\u00e1n, 2006. 278 pages : includes photos, charts, tables ; 23 cm. ISBN : 9706981225.<\/span><\/p>\n","protected":false},"featured_media":713,"template":"","meta":{"_acf_changed":false,"inline_featured_image":false},"product_brand":[],"product_cat":[354,353],"product_tag":[3946,3831],"class_list":{"0":"post-714","1":"product","2":"type-product","3":"status-publish","4":"has-post-thumbnail","6":"product_cat-beisbol-deportes","7":"product_cat-deportes","8":"product_tag-beisbol","9":"product_tag-yucatan-mexico","11":"first","12":"instock","13":"taxable","14":"shipping-taxable","15":"purchasable","16":"product-type-simple"},"acf":[],"yoast_head":"<!-- This site is optimized with the Yoast SEO plugin v27.3 - https:\/\/yoast.com\/product\/yoast-seo-wordpress\/ -->\n<title>Historia del b\u00e9isbol de Yucat\u00e1n y Campeche entre 1892-1905<\/title>\n<meta name=\"description\" content=\"HISTORIA DEL B\u00c9ISBOL DE YUCAT\u00c1N Y CAMPECHE ENTRE LOS A\u00d1OS 1892-1905. \/ Carlos R. Castillo Barrio. Ediciones de la Universidad Aut\u00f3noma de Yucat\u00e1n, 2006.\" \/>\n<meta name=\"robots\" content=\"index, follow, max-snippet:-1, max-image-preview:large, max-video-preview:-1\" \/>\n<link rel=\"canonical\" href=\"https:\/\/booksfrommexico.com\/es\/producto\/historia-del-beisbol-de-yucatan-y-campeche-entre-los-anos-1892-1905\/\" \/>\n<meta property=\"og:locale\" content=\"es_ES\" \/>\n<meta property=\"og:type\" content=\"article\" \/>\n<meta property=\"og:title\" content=\"Historia del b\u00e9isbol de Yucat\u00e1n y Campeche entre 1892-1905\" \/>\n<meta property=\"og:description\" content=\"HISTORIA DEL B\u00c9ISBOL DE YUCAT\u00c1N Y CAMPECHE ENTRE LOS A\u00d1OS 1892-1905. \/ Carlos R. Castillo Barrio. Ediciones de la Universidad Aut\u00f3noma de Yucat\u00e1n, 2006.\" \/>\n<meta property=\"og:url\" content=\"https:\/\/booksfrommexico.com\/es\/producto\/historia-del-beisbol-de-yucatan-y-campeche-entre-los-anos-1892-1905\/\" \/>\n<meta property=\"og:site_name\" content=\"Books From Mexico\" \/>\n<meta property=\"article:modified_time\" content=\"2024-07-08T23:52:13+00:00\" \/>\n<meta property=\"og:image\" content=\"http:\/\/booksfrommexico.com\/app\/uploads\/2023\/05\/134307.jpeg\" \/>\n\t<meta property=\"og:image:width\" content=\"478\" \/>\n\t<meta property=\"og:image:height\" content=\"644\" \/>\n\t<meta property=\"og:image:type\" content=\"image\/jpeg\" \/>\n<meta name=\"twitter:card\" content=\"summary_large_image\" \/>\n<meta name=\"twitter:label1\" content=\"Tiempo de lectura\" \/>\n\t<meta name=\"twitter:data1\" content=\"1 minuto\" \/>\n<script type=\"application\/ld+json\" class=\"yoast-schema-graph\">{\"@context\":\"https:\\\/\\\/schema.org\",\"@graph\":[{\"@type\":\"WebPage\",\"@id\":\"https:\\\/\\\/booksfrommexico.com\\\/es\\\/producto\\\/historia-del-beisbol-de-yucatan-y-campeche-entre-los-anos-1892-1905\\\/\",\"url\":\"https:\\\/\\\/booksfrommexico.com\\\/es\\\/producto\\\/historia-del-beisbol-de-yucatan-y-campeche-entre-los-anos-1892-1905\\\/\",\"name\":\"Historia del b\u00e9isbol de Yucat\u00e1n y Campeche entre 1892-1905\",\"isPartOf\":{\"@id\":\"https:\\\/\\\/booksfrommexico.com\\\/#website\"},\"primaryImageOfPage\":{\"@id\":\"https:\\\/\\\/booksfrommexico.com\\\/es\\\/producto\\\/historia-del-beisbol-de-yucatan-y-campeche-entre-los-anos-1892-1905\\\/#primaryimage\"},\"image\":{\"@id\":\"https:\\\/\\\/booksfrommexico.com\\\/es\\\/producto\\\/historia-del-beisbol-de-yucatan-y-campeche-entre-los-anos-1892-1905\\\/#primaryimage\"},\"thumbnailUrl\":\"https:\\\/\\\/booksfrommexico.com\\\/app\\\/uploads\\\/2023\\\/05\\\/134307.jpeg\",\"datePublished\":\"2023-05-08T17:05:54+00:00\",\"dateModified\":\"2024-07-08T23:52:13+00:00\",\"description\":\"HISTORIA DEL B\u00c9ISBOL DE YUCAT\u00c1N Y CAMPECHE ENTRE LOS A\u00d1OS 1892-1905. \\\/ Carlos R. Castillo Barrio. Ediciones de la Universidad Aut\u00f3noma de Yucat\u00e1n, 2006.\",\"breadcrumb\":{\"@id\":\"https:\\\/\\\/booksfrommexico.com\\\/es\\\/producto\\\/historia-del-beisbol-de-yucatan-y-campeche-entre-los-anos-1892-1905\\\/#breadcrumb\"},\"inLanguage\":\"es\",\"potentialAction\":[{\"@type\":\"ReadAction\",\"target\":[\"https:\\\/\\\/booksfrommexico.com\\\/es\\\/producto\\\/historia-del-beisbol-de-yucatan-y-campeche-entre-los-anos-1892-1905\\\/\"]}]},{\"@type\":\"ImageObject\",\"inLanguage\":\"es\",\"@id\":\"https:\\\/\\\/booksfrommexico.com\\\/es\\\/producto\\\/historia-del-beisbol-de-yucatan-y-campeche-entre-los-anos-1892-1905\\\/#primaryimage\",\"url\":\"https:\\\/\\\/booksfrommexico.com\\\/app\\\/uploads\\\/2023\\\/05\\\/134307.jpeg\",\"contentUrl\":\"https:\\\/\\\/booksfrommexico.com\\\/app\\\/uploads\\\/2023\\\/05\\\/134307.jpeg\",\"width\":478,\"height\":644,\"caption\":\"Historia del b\u00e9isbol de Yucat\u00e1n y Campeche entre los a\u00f1os 1892-1905. Books From M\u00e9xico\"},{\"@type\":\"BreadcrumbList\",\"@id\":\"https:\\\/\\\/booksfrommexico.com\\\/es\\\/producto\\\/historia-del-beisbol-de-yucatan-y-campeche-entre-los-anos-1892-1905\\\/#breadcrumb\",\"itemListElement\":[{\"@type\":\"ListItem\",\"position\":1,\"name\":\"Home\",\"item\":\"https:\\\/\\\/booksfrommexico.com\\\/es\\\/\"},{\"@type\":\"ListItem\",\"position\":2,\"name\":\"Libros\",\"item\":\"https:\\\/\\\/booksfrommexico.com\\\/es\\\/libros\\\/\"},{\"@type\":\"ListItem\",\"position\":3,\"name\":\"Historia del b\u00e9isbol de Yucat\u00e1n y Campeche entre los a\u00f1os 1892-1905\"}]},{\"@type\":\"WebSite\",\"@id\":\"https:\\\/\\\/booksfrommexico.com\\\/#website\",\"url\":\"https:\\\/\\\/booksfrommexico.com\\\/\",\"name\":\"Books From Mexico\",\"description\":\"\",\"publisher\":{\"@id\":\"https:\\\/\\\/booksfrommexico.com\\\/#organization\"},\"potentialAction\":[{\"@type\":\"SearchAction\",\"target\":{\"@type\":\"EntryPoint\",\"urlTemplate\":\"https:\\\/\\\/booksfrommexico.com\\\/?s={search_term_string}\"},\"query-input\":{\"@type\":\"PropertyValueSpecification\",\"valueRequired\":true,\"valueName\":\"search_term_string\"}}],\"inLanguage\":\"es\"},{\"@type\":\"Organization\",\"@id\":\"https:\\\/\\\/booksfrommexico.com\\\/#organization\",\"name\":\"Books From Mexico\",\"url\":\"https:\\\/\\\/booksfrommexico.com\\\/\",\"logo\":{\"@type\":\"ImageObject\",\"inLanguage\":\"es\",\"@id\":\"https:\\\/\\\/booksfrommexico.com\\\/#\\\/schema\\\/logo\\\/image\\\/\",\"url\":\"https:\\\/\\\/booksfrommexico.com\\\/app\\\/uploads\\\/2023\\\/05\\\/logo-booksfrommexico.svg\",\"contentUrl\":\"https:\\\/\\\/booksfrommexico.com\\\/app\\\/uploads\\\/2023\\\/05\\\/logo-booksfrommexico.svg\",\"width\":86,\"height\":56,\"caption\":\"Books From Mexico\"},\"image\":{\"@id\":\"https:\\\/\\\/booksfrommexico.com\\\/#\\\/schema\\\/logo\\\/image\\\/\"}}]}<\/script>\n<!-- \/ Yoast SEO plugin. -->","yoast_head_json":{"title":"Historia del b\u00e9isbol de Yucat\u00e1n y Campeche entre 1892-1905","description":"HISTORIA DEL B\u00c9ISBOL DE YUCAT\u00c1N Y CAMPECHE ENTRE LOS A\u00d1OS 1892-1905. \/ Carlos R. Castillo Barrio. Ediciones de la Universidad Aut\u00f3noma de Yucat\u00e1n, 2006.","robots":{"index":"index","follow":"follow","max-snippet":"max-snippet:-1","max-image-preview":"max-image-preview:large","max-video-preview":"max-video-preview:-1"},"canonical":"https:\/\/booksfrommexico.com\/es\/producto\/historia-del-beisbol-de-yucatan-y-campeche-entre-los-anos-1892-1905\/","og_locale":"es_ES","og_type":"article","og_title":"Historia del b\u00e9isbol de Yucat\u00e1n y Campeche entre 1892-1905","og_description":"HISTORIA DEL B\u00c9ISBOL DE YUCAT\u00c1N Y CAMPECHE ENTRE LOS A\u00d1OS 1892-1905. \/ Carlos R. Castillo Barrio. Ediciones de la Universidad Aut\u00f3noma de Yucat\u00e1n, 2006.","og_url":"https:\/\/booksfrommexico.com\/es\/producto\/historia-del-beisbol-de-yucatan-y-campeche-entre-los-anos-1892-1905\/","og_site_name":"Books From Mexico","article_modified_time":"2024-07-08T23:52:13+00:00","og_image":[{"width":478,"height":644,"url":"http:\/\/booksfrommexico.com\/app\/uploads\/2023\/05\/134307.jpeg","type":"image\/jpeg"}],"twitter_card":"summary_large_image","twitter_misc":{"Tiempo de lectura":"1 minuto"},"schema":{"@context":"https:\/\/schema.org","@graph":[{"@type":"WebPage","@id":"https:\/\/booksfrommexico.com\/es\/producto\/historia-del-beisbol-de-yucatan-y-campeche-entre-los-anos-1892-1905\/","url":"https:\/\/booksfrommexico.com\/es\/producto\/historia-del-beisbol-de-yucatan-y-campeche-entre-los-anos-1892-1905\/","name":"Historia del b\u00e9isbol de Yucat\u00e1n y Campeche entre 1892-1905","isPartOf":{"@id":"https:\/\/booksfrommexico.com\/#website"},"primaryImageOfPage":{"@id":"https:\/\/booksfrommexico.com\/es\/producto\/historia-del-beisbol-de-yucatan-y-campeche-entre-los-anos-1892-1905\/#primaryimage"},"image":{"@id":"https:\/\/booksfrommexico.com\/es\/producto\/historia-del-beisbol-de-yucatan-y-campeche-entre-los-anos-1892-1905\/#primaryimage"},"thumbnailUrl":"https:\/\/booksfrommexico.com\/app\/uploads\/2023\/05\/134307.jpeg","datePublished":"2023-05-08T17:05:54+00:00","dateModified":"2024-07-08T23:52:13+00:00","description":"HISTORIA DEL B\u00c9ISBOL DE YUCAT\u00c1N Y CAMPECHE ENTRE LOS A\u00d1OS 1892-1905. \/ Carlos R. Castillo Barrio. Ediciones de la Universidad Aut\u00f3noma de Yucat\u00e1n, 2006.","breadcrumb":{"@id":"https:\/\/booksfrommexico.com\/es\/producto\/historia-del-beisbol-de-yucatan-y-campeche-entre-los-anos-1892-1905\/#breadcrumb"},"inLanguage":"es","potentialAction":[{"@type":"ReadAction","target":["https:\/\/booksfrommexico.com\/es\/producto\/historia-del-beisbol-de-yucatan-y-campeche-entre-los-anos-1892-1905\/"]}]},{"@type":"ImageObject","inLanguage":"es","@id":"https:\/\/booksfrommexico.com\/es\/producto\/historia-del-beisbol-de-yucatan-y-campeche-entre-los-anos-1892-1905\/#primaryimage","url":"https:\/\/booksfrommexico.com\/app\/uploads\/2023\/05\/134307.jpeg","contentUrl":"https:\/\/booksfrommexico.com\/app\/uploads\/2023\/05\/134307.jpeg","width":478,"height":644,"caption":"Historia del b\u00e9isbol de Yucat\u00e1n y Campeche entre los a\u00f1os 1892-1905. Books From M\u00e9xico"},{"@type":"BreadcrumbList","@id":"https:\/\/booksfrommexico.com\/es\/producto\/historia-del-beisbol-de-yucatan-y-campeche-entre-los-anos-1892-1905\/#breadcrumb","itemListElement":[{"@type":"ListItem","position":1,"name":"Home","item":"https:\/\/booksfrommexico.com\/es\/"},{"@type":"ListItem","position":2,"name":"Libros","item":"https:\/\/booksfrommexico.com\/es\/libros\/"},{"@type":"ListItem","position":3,"name":"Historia del b\u00e9isbol de Yucat\u00e1n y Campeche entre los a\u00f1os 1892-1905"}]},{"@type":"WebSite","@id":"https:\/\/booksfrommexico.com\/#website","url":"https:\/\/booksfrommexico.com\/","name":"Books From Mexico","description":"","publisher":{"@id":"https:\/\/booksfrommexico.com\/#organization"},"potentialAction":[{"@type":"SearchAction","target":{"@type":"EntryPoint","urlTemplate":"https:\/\/booksfrommexico.com\/?s={search_term_string}"},"query-input":{"@type":"PropertyValueSpecification","valueRequired":true,"valueName":"search_term_string"}}],"inLanguage":"es"},{"@type":"Organization","@id":"https:\/\/booksfrommexico.com\/#organization","name":"Books From Mexico","url":"https:\/\/booksfrommexico.com\/","logo":{"@type":"ImageObject","inLanguage":"es","@id":"https:\/\/booksfrommexico.com\/#\/schema\/logo\/image\/","url":"https:\/\/booksfrommexico.com\/app\/uploads\/2023\/05\/logo-booksfrommexico.svg","contentUrl":"https:\/\/booksfrommexico.com\/app\/uploads\/2023\/05\/logo-booksfrommexico.svg","width":86,"height":56,"caption":"Books From Mexico"},"image":{"@id":"https:\/\/booksfrommexico.com\/#\/schema\/logo\/image\/"}}]}},"_links":{"self":[{"href":"https:\/\/booksfrommexico.com\/es\/wp-json\/wp\/v2\/product\/714","targetHints":{"allow":["GET"]}}],"collection":[{"href":"https:\/\/booksfrommexico.com\/es\/wp-json\/wp\/v2\/product"}],"about":[{"href":"https:\/\/booksfrommexico.com\/es\/wp-json\/wp\/v2\/types\/product"}],"wp:featuredmedia":[{"embeddable":true,"href":"https:\/\/booksfrommexico.com\/es\/wp-json\/wp\/v2\/media\/713"}],"wp:attachment":[{"href":"https:\/\/booksfrommexico.com\/es\/wp-json\/wp\/v2\/media?parent=714"}],"wp:term":[{"taxonomy":"product_brand","embeddable":true,"href":"https:\/\/booksfrommexico.com\/es\/wp-json\/wp\/v2\/product_brand?post=714"},{"taxonomy":"product_cat","embeddable":true,"href":"https:\/\/booksfrommexico.com\/es\/wp-json\/wp\/v2\/product_cat?post=714"},{"taxonomy":"product_tag","embeddable":true,"href":"https:\/\/booksfrommexico.com\/es\/wp-json\/wp\/v2\/product_tag?post=714"}],"curies":[{"name":"wp","href":"https:\/\/api.w.org\/{rel}","templated":true}]}}