{"id":716,"date":"2023-05-08T17:05:55","date_gmt":"2023-05-08T17:05:55","guid":{"rendered":"http:\/\/booksfrommexico.com\/product\/el-jchiiltik-y-la-dominacion-jkaxlan-en-larrainzar-chiapas\/"},"modified":"2025-03-01T00:04:05","modified_gmt":"2025-03-01T00:04:05","slug":"el-jchiiltik-y-la-dominacion-jkaxlan-en-larrainzar-chiapas","status":"publish","type":"product","link":"https:\/\/booksfrommexico.com\/es\/producto\/el-jchiiltik-y-la-dominacion-jkaxlan-en-larrainzar-chiapas\/","title":{"rendered":"El Jchi&#8217;iltik y la dominaci\u00f3n jkaxlan en Larr\u00e1inzar, Chiapas"},"content":{"rendered":"<p><span style=\"font-weight: 400;\">El objetivo de este t\u00edtulo es buscar, entre los muchos escritos sobre Chiapas, aportar informaci\u00f3n y perspectivas novedosas en donde se logre rescatar el pensar y sentir de los chiapanecos; sobre todo estudios de los propios ind\u00edgenas respecto a su condici\u00f3n social y sus perspectivas de vida en el actual contexto pol\u00edtico. El autor \u2013investigador ind\u00edgena chiapaneco\u2013 plantea como tema de investigaci\u00f3n un punto nodal de las relaciones inter\u00e9tnicas en Chiapas, sustentando con rigor acad\u00e9mico el problema de la dominaci\u00f3n a que se encuentran sometidos los ind\u00edgenas, y se enfoca en particular en la historia de Larr\u00e1inzar, Chiapas.\u00a0 <\/span><\/p>\n","protected":false},"excerpt":{"rendered":"<p>EL JCHI&#8217;ILTIK Y LA DOMINACI\u00d3N JKAXLAN EN LARR\u00c1INZAR, CHIAPAS<span style=\"font-weight: 400;\">. \/ Lucas Ruiz Ruiz. Tuxtla Guti\u00e9rrez, Chiapas, M\u00e9xico : Consejo Estatal para las Culturas y las Artes de Chiapas, 2006. 246 pages : includes references, photos, bibliography ; 21 cm (Serie Estudios Historia ; Biblioteca Popular de Chiapas). ISBN : 9706971947.<\/span><\/p>\n","protected":false},"featured_media":715,"template":"","meta":{"_acf_changed":false,"inline_featured_image":false},"product_brand":[],"product_cat":[19,4350,27],"product_tag":[4054,3700,3659,4041],"class_list":{"0":"post-716","1":"product","2":"type-product","3":"status-publish","4":"has-post-thumbnail","6":"product_cat-antropologia","7":"product_cat-etnohistoria","8":"product_cat-historia","9":"product_tag-antropologia-es","10":"product_tag-chiapas-mexico","11":"product_tag-condiciones-sociales","12":"product_tag-pueblos-indigenas","14":"first","15":"outofstock","16":"taxable","17":"shipping-taxable","18":"purchasable","19":"product-type-simple"},"acf":[],"yoast_head":"<!-- This site is optimized with the Yoast SEO plugin v27.3 - https:\/\/yoast.com\/product\/yoast-seo-wordpress\/ -->\n<title>El Jchi&#039;iltik y la dominaci\u00f3n jkaxlan en Larr\u00e1inzar, Chiapas<\/title>\n<meta name=\"description\" content=\"EL JCHI&#039;ILTIK Y LA DOMINACI\u00d3N JKAXLAN EN LARR\u00c1INZAR, CHIAPAS. \/ Lucas Ruiz Ruiz. Consejo Estatal para las Culturas y las Artes de Chiapas, 2006.\" \/>\n<meta name=\"robots\" content=\"index, follow, max-snippet:-1, max-image-preview:large, max-video-preview:-1\" \/>\n<link rel=\"canonical\" href=\"https:\/\/booksfrommexico.com\/es\/producto\/el-jchiiltik-y-la-dominacion-jkaxlan-en-larrainzar-chiapas\/\" \/>\n<meta property=\"og:locale\" content=\"es_ES\" \/>\n<meta property=\"og:type\" content=\"article\" \/>\n<meta property=\"og:title\" content=\"El Jchi&#039;iltik y la dominaci\u00f3n jkaxlan en Larr\u00e1inzar, Chiapas\" \/>\n<meta property=\"og:description\" content=\"EL JCHI&#039;ILTIK Y LA DOMINACI\u00d3N JKAXLAN EN LARR\u00c1INZAR, CHIAPAS. \/ Lucas Ruiz Ruiz. Consejo Estatal para las Culturas y las Artes de Chiapas, 2006.\" \/>\n<meta property=\"og:url\" content=\"https:\/\/booksfrommexico.com\/es\/producto\/el-jchiiltik-y-la-dominacion-jkaxlan-en-larrainzar-chiapas\/\" \/>\n<meta property=\"og:site_name\" content=\"Books From Mexico\" \/>\n<meta property=\"article:modified_time\" content=\"2025-03-01T00:04:05+00:00\" \/>\n<meta property=\"og:image\" content=\"http:\/\/booksfrommexico.com\/app\/uploads\/2023\/05\/134344.jpeg\" \/>\n\t<meta property=\"og:image:width\" content=\"394\" \/>\n\t<meta property=\"og:image:height\" content=\"594\" \/>\n\t<meta property=\"og:image:type\" content=\"image\/jpeg\" \/>\n<meta name=\"twitter:card\" content=\"summary_large_image\" \/>\n<meta name=\"twitter:label1\" content=\"Tiempo de lectura\" \/>\n\t<meta name=\"twitter:data1\" content=\"1 minuto\" \/>\n<script type=\"application\/ld+json\" class=\"yoast-schema-graph\">{\"@context\":\"https:\\\/\\\/schema.org\",\"@graph\":[{\"@type\":\"WebPage\",\"@id\":\"https:\\\/\\\/booksfrommexico.com\\\/es\\\/producto\\\/el-jchiiltik-y-la-dominacion-jkaxlan-en-larrainzar-chiapas\\\/\",\"url\":\"https:\\\/\\\/booksfrommexico.com\\\/es\\\/producto\\\/el-jchiiltik-y-la-dominacion-jkaxlan-en-larrainzar-chiapas\\\/\",\"name\":\"El Jchi'iltik y la dominaci\u00f3n jkaxlan en Larr\u00e1inzar, Chiapas\",\"isPartOf\":{\"@id\":\"https:\\\/\\\/booksfrommexico.com\\\/#website\"},\"primaryImageOfPage\":{\"@id\":\"https:\\\/\\\/booksfrommexico.com\\\/es\\\/producto\\\/el-jchiiltik-y-la-dominacion-jkaxlan-en-larrainzar-chiapas\\\/#primaryimage\"},\"image\":{\"@id\":\"https:\\\/\\\/booksfrommexico.com\\\/es\\\/producto\\\/el-jchiiltik-y-la-dominacion-jkaxlan-en-larrainzar-chiapas\\\/#primaryimage\"},\"thumbnailUrl\":\"https:\\\/\\\/booksfrommexico.com\\\/app\\\/uploads\\\/2023\\\/05\\\/134344.jpeg\",\"datePublished\":\"2023-05-08T17:05:55+00:00\",\"dateModified\":\"2025-03-01T00:04:05+00:00\",\"description\":\"EL JCHI'ILTIK Y LA DOMINACI\u00d3N JKAXLAN EN LARR\u00c1INZAR, CHIAPAS. \\\/ Lucas Ruiz Ruiz. Consejo Estatal para las Culturas y las Artes de Chiapas, 2006.\",\"breadcrumb\":{\"@id\":\"https:\\\/\\\/booksfrommexico.com\\\/es\\\/producto\\\/el-jchiiltik-y-la-dominacion-jkaxlan-en-larrainzar-chiapas\\\/#breadcrumb\"},\"inLanguage\":\"es\",\"potentialAction\":[{\"@type\":\"ReadAction\",\"target\":[\"https:\\\/\\\/booksfrommexico.com\\\/es\\\/producto\\\/el-jchiiltik-y-la-dominacion-jkaxlan-en-larrainzar-chiapas\\\/\"]}]},{\"@type\":\"ImageObject\",\"inLanguage\":\"es\",\"@id\":\"https:\\\/\\\/booksfrommexico.com\\\/es\\\/producto\\\/el-jchiiltik-y-la-dominacion-jkaxlan-en-larrainzar-chiapas\\\/#primaryimage\",\"url\":\"https:\\\/\\\/booksfrommexico.com\\\/app\\\/uploads\\\/2023\\\/05\\\/134344.jpeg\",\"contentUrl\":\"https:\\\/\\\/booksfrommexico.com\\\/app\\\/uploads\\\/2023\\\/05\\\/134344.jpeg\",\"width\":394,\"height\":594,\"caption\":\"El Jchi'iltik y la dominaci\u00f3n jkaxlan en Larr\u00e1inzar, Chiapas. Books From M\u00e9xico\"},{\"@type\":\"BreadcrumbList\",\"@id\":\"https:\\\/\\\/booksfrommexico.com\\\/es\\\/producto\\\/el-jchiiltik-y-la-dominacion-jkaxlan-en-larrainzar-chiapas\\\/#breadcrumb\",\"itemListElement\":[{\"@type\":\"ListItem\",\"position\":1,\"name\":\"Home\",\"item\":\"https:\\\/\\\/booksfrommexico.com\\\/es\\\/\"},{\"@type\":\"ListItem\",\"position\":2,\"name\":\"Libros\",\"item\":\"https:\\\/\\\/booksfrommexico.com\\\/es\\\/libros\\\/\"},{\"@type\":\"ListItem\",\"position\":3,\"name\":\"El Jchi&#8217;iltik y la dominaci\u00f3n jkaxlan en Larr\u00e1inzar, Chiapas\"}]},{\"@type\":\"WebSite\",\"@id\":\"https:\\\/\\\/booksfrommexico.com\\\/#website\",\"url\":\"https:\\\/\\\/booksfrommexico.com\\\/\",\"name\":\"Books From Mexico\",\"description\":\"\",\"publisher\":{\"@id\":\"https:\\\/\\\/booksfrommexico.com\\\/#organization\"},\"potentialAction\":[{\"@type\":\"SearchAction\",\"target\":{\"@type\":\"EntryPoint\",\"urlTemplate\":\"https:\\\/\\\/booksfrommexico.com\\\/?s={search_term_string}\"},\"query-input\":{\"@type\":\"PropertyValueSpecification\",\"valueRequired\":true,\"valueName\":\"search_term_string\"}}],\"inLanguage\":\"es\"},{\"@type\":\"Organization\",\"@id\":\"https:\\\/\\\/booksfrommexico.com\\\/#organization\",\"name\":\"Books From Mexico\",\"url\":\"https:\\\/\\\/booksfrommexico.com\\\/\",\"logo\":{\"@type\":\"ImageObject\",\"inLanguage\":\"es\",\"@id\":\"https:\\\/\\\/booksfrommexico.com\\\/#\\\/schema\\\/logo\\\/image\\\/\",\"url\":\"https:\\\/\\\/booksfrommexico.com\\\/app\\\/uploads\\\/2023\\\/05\\\/logo-booksfrommexico.svg\",\"contentUrl\":\"https:\\\/\\\/booksfrommexico.com\\\/app\\\/uploads\\\/2023\\\/05\\\/logo-booksfrommexico.svg\",\"width\":86,\"height\":56,\"caption\":\"Books From Mexico\"},\"image\":{\"@id\":\"https:\\\/\\\/booksfrommexico.com\\\/#\\\/schema\\\/logo\\\/image\\\/\"}}]}<\/script>\n<!-- \/ Yoast SEO plugin. -->","yoast_head_json":{"title":"El Jchi'iltik y la dominaci\u00f3n jkaxlan en Larr\u00e1inzar, Chiapas","description":"EL JCHI'ILTIK Y LA DOMINACI\u00d3N JKAXLAN EN LARR\u00c1INZAR, CHIAPAS. \/ Lucas Ruiz Ruiz. Consejo Estatal para las Culturas y las Artes de Chiapas, 2006.","robots":{"index":"index","follow":"follow","max-snippet":"max-snippet:-1","max-image-preview":"max-image-preview:large","max-video-preview":"max-video-preview:-1"},"canonical":"https:\/\/booksfrommexico.com\/es\/producto\/el-jchiiltik-y-la-dominacion-jkaxlan-en-larrainzar-chiapas\/","og_locale":"es_ES","og_type":"article","og_title":"El Jchi'iltik y la dominaci\u00f3n jkaxlan en Larr\u00e1inzar, Chiapas","og_description":"EL JCHI'ILTIK Y LA DOMINACI\u00d3N JKAXLAN EN LARR\u00c1INZAR, CHIAPAS. \/ Lucas Ruiz Ruiz. Consejo Estatal para las Culturas y las Artes de Chiapas, 2006.","og_url":"https:\/\/booksfrommexico.com\/es\/producto\/el-jchiiltik-y-la-dominacion-jkaxlan-en-larrainzar-chiapas\/","og_site_name":"Books From Mexico","article_modified_time":"2025-03-01T00:04:05+00:00","og_image":[{"width":394,"height":594,"url":"http:\/\/booksfrommexico.com\/app\/uploads\/2023\/05\/134344.jpeg","type":"image\/jpeg"}],"twitter_card":"summary_large_image","twitter_misc":{"Tiempo de lectura":"1 minuto"},"schema":{"@context":"https:\/\/schema.org","@graph":[{"@type":"WebPage","@id":"https:\/\/booksfrommexico.com\/es\/producto\/el-jchiiltik-y-la-dominacion-jkaxlan-en-larrainzar-chiapas\/","url":"https:\/\/booksfrommexico.com\/es\/producto\/el-jchiiltik-y-la-dominacion-jkaxlan-en-larrainzar-chiapas\/","name":"El Jchi'iltik y la dominaci\u00f3n jkaxlan en Larr\u00e1inzar, Chiapas","isPartOf":{"@id":"https:\/\/booksfrommexico.com\/#website"},"primaryImageOfPage":{"@id":"https:\/\/booksfrommexico.com\/es\/producto\/el-jchiiltik-y-la-dominacion-jkaxlan-en-larrainzar-chiapas\/#primaryimage"},"image":{"@id":"https:\/\/booksfrommexico.com\/es\/producto\/el-jchiiltik-y-la-dominacion-jkaxlan-en-larrainzar-chiapas\/#primaryimage"},"thumbnailUrl":"https:\/\/booksfrommexico.com\/app\/uploads\/2023\/05\/134344.jpeg","datePublished":"2023-05-08T17:05:55+00:00","dateModified":"2025-03-01T00:04:05+00:00","description":"EL JCHI'ILTIK Y LA DOMINACI\u00d3N JKAXLAN EN LARR\u00c1INZAR, CHIAPAS. \/ Lucas Ruiz Ruiz. Consejo Estatal para las Culturas y las Artes de Chiapas, 2006.","breadcrumb":{"@id":"https:\/\/booksfrommexico.com\/es\/producto\/el-jchiiltik-y-la-dominacion-jkaxlan-en-larrainzar-chiapas\/#breadcrumb"},"inLanguage":"es","potentialAction":[{"@type":"ReadAction","target":["https:\/\/booksfrommexico.com\/es\/producto\/el-jchiiltik-y-la-dominacion-jkaxlan-en-larrainzar-chiapas\/"]}]},{"@type":"ImageObject","inLanguage":"es","@id":"https:\/\/booksfrommexico.com\/es\/producto\/el-jchiiltik-y-la-dominacion-jkaxlan-en-larrainzar-chiapas\/#primaryimage","url":"https:\/\/booksfrommexico.com\/app\/uploads\/2023\/05\/134344.jpeg","contentUrl":"https:\/\/booksfrommexico.com\/app\/uploads\/2023\/05\/134344.jpeg","width":394,"height":594,"caption":"El Jchi'iltik y la dominaci\u00f3n jkaxlan en Larr\u00e1inzar, Chiapas. Books From M\u00e9xico"},{"@type":"BreadcrumbList","@id":"https:\/\/booksfrommexico.com\/es\/producto\/el-jchiiltik-y-la-dominacion-jkaxlan-en-larrainzar-chiapas\/#breadcrumb","itemListElement":[{"@type":"ListItem","position":1,"name":"Home","item":"https:\/\/booksfrommexico.com\/es\/"},{"@type":"ListItem","position":2,"name":"Libros","item":"https:\/\/booksfrommexico.com\/es\/libros\/"},{"@type":"ListItem","position":3,"name":"El Jchi&#8217;iltik y la dominaci\u00f3n jkaxlan en Larr\u00e1inzar, Chiapas"}]},{"@type":"WebSite","@id":"https:\/\/booksfrommexico.com\/#website","url":"https:\/\/booksfrommexico.com\/","name":"Books From Mexico","description":"","publisher":{"@id":"https:\/\/booksfrommexico.com\/#organization"},"potentialAction":[{"@type":"SearchAction","target":{"@type":"EntryPoint","urlTemplate":"https:\/\/booksfrommexico.com\/?s={search_term_string}"},"query-input":{"@type":"PropertyValueSpecification","valueRequired":true,"valueName":"search_term_string"}}],"inLanguage":"es"},{"@type":"Organization","@id":"https:\/\/booksfrommexico.com\/#organization","name":"Books From Mexico","url":"https:\/\/booksfrommexico.com\/","logo":{"@type":"ImageObject","inLanguage":"es","@id":"https:\/\/booksfrommexico.com\/#\/schema\/logo\/image\/","url":"https:\/\/booksfrommexico.com\/app\/uploads\/2023\/05\/logo-booksfrommexico.svg","contentUrl":"https:\/\/booksfrommexico.com\/app\/uploads\/2023\/05\/logo-booksfrommexico.svg","width":86,"height":56,"caption":"Books From Mexico"},"image":{"@id":"https:\/\/booksfrommexico.com\/#\/schema\/logo\/image\/"}}]}},"_links":{"self":[{"href":"https:\/\/booksfrommexico.com\/es\/wp-json\/wp\/v2\/product\/716","targetHints":{"allow":["GET"]}}],"collection":[{"href":"https:\/\/booksfrommexico.com\/es\/wp-json\/wp\/v2\/product"}],"about":[{"href":"https:\/\/booksfrommexico.com\/es\/wp-json\/wp\/v2\/types\/product"}],"wp:featuredmedia":[{"embeddable":true,"href":"https:\/\/booksfrommexico.com\/es\/wp-json\/wp\/v2\/media\/715"}],"wp:attachment":[{"href":"https:\/\/booksfrommexico.com\/es\/wp-json\/wp\/v2\/media?parent=716"}],"wp:term":[{"taxonomy":"product_brand","embeddable":true,"href":"https:\/\/booksfrommexico.com\/es\/wp-json\/wp\/v2\/product_brand?post=716"},{"taxonomy":"product_cat","embeddable":true,"href":"https:\/\/booksfrommexico.com\/es\/wp-json\/wp\/v2\/product_cat?post=716"},{"taxonomy":"product_tag","embeddable":true,"href":"https:\/\/booksfrommexico.com\/es\/wp-json\/wp\/v2\/product_tag?post=716"}],"curies":[{"name":"wp","href":"https:\/\/api.w.org\/{rel}","templated":true}]}}