{"id":718,"date":"2023-05-08T17:05:57","date_gmt":"2023-05-08T17:05:57","guid":{"rendered":"http:\/\/booksfrommexico.com\/product\/persistencias-culturales-afrocaribenas-en-veracruz-su-proceso-de-conformacion-desde-la-colonia-hasta-fi\/"},"modified":"2024-07-08T23:18:46","modified_gmt":"2024-07-08T23:18:46","slug":"persistencias-culturales-afrocaribenas-en-veracruz-su-proceso-de-conformacion-desde-la-colonia-hasta-fi","status":"publish","type":"product","link":"https:\/\/booksfrommexico.com\/es\/producto\/persistencias-culturales-afrocaribenas-en-veracruz-su-proceso-de-conformacion-desde-la-colonia-hasta-fi\/","title":{"rendered":"Persistencias culturales afrocaribe\u00f1as en Veracruz"},"content":{"rendered":"<p><span style=\"font-weight: 400;\">Esta investigaci\u00f3n tiene como objetivo fundamentar y explicar c\u00f3mo Veracruz fue \u2013y es\u2013 parte de un \u00e1rea que en un proceso largo fue conformando sus caracter\u00edsticas culturales como resultado de una serie de circunstancias hist\u00f3ricas. Se retroceden 300 a\u00f1os para examinar tres ejes relacionados con la poblaci\u00f3n de origen africano en M\u00e9xico: las primeras migraciones forzadas de personas esclavizadas; la migraci\u00f3n de los afrocaribe\u00f1os, es decir, descendientes de africanos nacidos en el Caribe con un bagaje cultural ya mestizado con los llamados indios nativos y los hipanos; y el similar proceso hist\u00f3rico y cultural que persisti\u00f3 en el puerto de Veracruz y regiones cercanas a las islas caribe\u00f1as, como Cuba.<\/span><\/p>\n","protected":false},"excerpt":{"rendered":"<p>PERSISTENCIAS CULTURALES AFROCARIBE\u00d1AS EN VERACRUZ : SU PROCESO DE CONFORMACI\u00d3N DESDE LA COLONIA HASTA FINES DEL SIGLO XIX<span style=\"font-weight: 400;\">. \/ Yolanda Ju\u00e1rez Hern\u00e1ndez. Xalapa, Veracruz: Editora de Gobierno del Estado de Veracruz de Ignacio de la Llave, 2006. 378 pages : includes references, tables, maps, photos, bibliography ; 21 cm. (Colecci\u00f3n Investigaciones). ISBN : 9706262555.<\/span><\/p>\n","protected":false},"featured_media":717,"template":"","meta":{"_acf_changed":false,"inline_featured_image":false},"product_brand":[],"product_cat":[182,78],"product_tag":[4357,3683,3748],"class_list":{"0":"post-718","1":"product","2":"type-product","3":"status-publish","4":"has-post-thumbnail","6":"product_cat-estudios-culturales-y-de-identidad-sociologia","7":"product_cat-sociologia","8":"product_tag-afrodescendientes","9":"product_tag-multiculturalismo","10":"product_tag-veracruz-mexico","12":"first","13":"instock","14":"taxable","15":"shipping-taxable","16":"purchasable","17":"product-type-simple"},"acf":[],"yoast_head":"<!-- This site is optimized with the Yoast SEO plugin v27.3 - https:\/\/yoast.com\/product\/yoast-seo-wordpress\/ -->\n<title>Persistencias culturales afrocaribe\u00f1as en Veracruz<\/title>\n<meta name=\"description\" content=\"PERSISTENCIAS CULTURALES AFROCARIBE\u00d1AS EN VERACRUZ : SU PROCESO DE CONFORMACI\u00d3N DESDE LA COLONIA HASTA FINES DEL SIGLO XIX. \/ Yolanda Ju\u00e1rez Hern\u00e1ndez.\" \/>\n<meta name=\"robots\" content=\"index, follow, max-snippet:-1, max-image-preview:large, max-video-preview:-1\" \/>\n<link rel=\"canonical\" href=\"https:\/\/booksfrommexico.com\/es\/producto\/persistencias-culturales-afrocaribenas-en-veracruz-su-proceso-de-conformacion-desde-la-colonia-hasta-fi\/\" \/>\n<meta property=\"og:locale\" content=\"es_ES\" \/>\n<meta property=\"og:type\" content=\"article\" \/>\n<meta property=\"og:title\" content=\"Persistencias culturales afrocaribe\u00f1as en Veracruz\" \/>\n<meta property=\"og:description\" content=\"PERSISTENCIAS CULTURALES AFROCARIBE\u00d1AS EN VERACRUZ : SU PROCESO DE CONFORMACI\u00d3N DESDE LA COLONIA HASTA FINES DEL SIGLO XIX. \/ Yolanda Ju\u00e1rez Hern\u00e1ndez.\" \/>\n<meta property=\"og:url\" content=\"https:\/\/booksfrommexico.com\/es\/producto\/persistencias-culturales-afrocaribenas-en-veracruz-su-proceso-de-conformacion-desde-la-colonia-hasta-fi\/\" \/>\n<meta property=\"og:site_name\" content=\"Books From Mexico\" \/>\n<meta property=\"article:modified_time\" content=\"2024-07-08T23:18:46+00:00\" \/>\n<meta property=\"og:image\" content=\"http:\/\/booksfrommexico.com\/app\/uploads\/2023\/05\/134351.jpeg\" \/>\n\t<meta property=\"og:image:width\" content=\"448\" \/>\n\t<meta property=\"og:image:height\" content=\"607\" \/>\n\t<meta property=\"og:image:type\" content=\"image\/jpeg\" \/>\n<meta name=\"twitter:card\" content=\"summary_large_image\" \/>\n<meta name=\"twitter:label1\" content=\"Tiempo de lectura\" \/>\n\t<meta name=\"twitter:data1\" content=\"1 minuto\" \/>\n<script type=\"application\/ld+json\" class=\"yoast-schema-graph\">{\"@context\":\"https:\\\/\\\/schema.org\",\"@graph\":[{\"@type\":\"WebPage\",\"@id\":\"https:\\\/\\\/booksfrommexico.com\\\/es\\\/producto\\\/persistencias-culturales-afrocaribenas-en-veracruz-su-proceso-de-conformacion-desde-la-colonia-hasta-fi\\\/\",\"url\":\"https:\\\/\\\/booksfrommexico.com\\\/es\\\/producto\\\/persistencias-culturales-afrocaribenas-en-veracruz-su-proceso-de-conformacion-desde-la-colonia-hasta-fi\\\/\",\"name\":\"Persistencias culturales afrocaribe\u00f1as en Veracruz\",\"isPartOf\":{\"@id\":\"https:\\\/\\\/booksfrommexico.com\\\/#website\"},\"primaryImageOfPage\":{\"@id\":\"https:\\\/\\\/booksfrommexico.com\\\/es\\\/producto\\\/persistencias-culturales-afrocaribenas-en-veracruz-su-proceso-de-conformacion-desde-la-colonia-hasta-fi\\\/#primaryimage\"},\"image\":{\"@id\":\"https:\\\/\\\/booksfrommexico.com\\\/es\\\/producto\\\/persistencias-culturales-afrocaribenas-en-veracruz-su-proceso-de-conformacion-desde-la-colonia-hasta-fi\\\/#primaryimage\"},\"thumbnailUrl\":\"https:\\\/\\\/booksfrommexico.com\\\/app\\\/uploads\\\/2023\\\/05\\\/134351.jpeg\",\"datePublished\":\"2023-05-08T17:05:57+00:00\",\"dateModified\":\"2024-07-08T23:18:46+00:00\",\"description\":\"PERSISTENCIAS CULTURALES AFROCARIBE\u00d1AS EN VERACRUZ : SU PROCESO DE CONFORMACI\u00d3N DESDE LA COLONIA HASTA FINES DEL SIGLO XIX. \\\/ Yolanda Ju\u00e1rez Hern\u00e1ndez.\",\"breadcrumb\":{\"@id\":\"https:\\\/\\\/booksfrommexico.com\\\/es\\\/producto\\\/persistencias-culturales-afrocaribenas-en-veracruz-su-proceso-de-conformacion-desde-la-colonia-hasta-fi\\\/#breadcrumb\"},\"inLanguage\":\"es\",\"potentialAction\":[{\"@type\":\"ReadAction\",\"target\":[\"https:\\\/\\\/booksfrommexico.com\\\/es\\\/producto\\\/persistencias-culturales-afrocaribenas-en-veracruz-su-proceso-de-conformacion-desde-la-colonia-hasta-fi\\\/\"]}]},{\"@type\":\"ImageObject\",\"inLanguage\":\"es\",\"@id\":\"https:\\\/\\\/booksfrommexico.com\\\/es\\\/producto\\\/persistencias-culturales-afrocaribenas-en-veracruz-su-proceso-de-conformacion-desde-la-colonia-hasta-fi\\\/#primaryimage\",\"url\":\"https:\\\/\\\/booksfrommexico.com\\\/app\\\/uploads\\\/2023\\\/05\\\/134351.jpeg\",\"contentUrl\":\"https:\\\/\\\/booksfrommexico.com\\\/app\\\/uploads\\\/2023\\\/05\\\/134351.jpeg\",\"width\":448,\"height\":607,\"caption\":\"Persistencias culturales afrocaribe\u00f1as en Veracruz. Books From M\u00e9xico\"},{\"@type\":\"BreadcrumbList\",\"@id\":\"https:\\\/\\\/booksfrommexico.com\\\/es\\\/producto\\\/persistencias-culturales-afrocaribenas-en-veracruz-su-proceso-de-conformacion-desde-la-colonia-hasta-fi\\\/#breadcrumb\",\"itemListElement\":[{\"@type\":\"ListItem\",\"position\":1,\"name\":\"Home\",\"item\":\"https:\\\/\\\/booksfrommexico.com\\\/es\\\/\"},{\"@type\":\"ListItem\",\"position\":2,\"name\":\"Libros\",\"item\":\"https:\\\/\\\/booksfrommexico.com\\\/es\\\/libros\\\/\"},{\"@type\":\"ListItem\",\"position\":3,\"name\":\"Persistencias culturales afrocaribe\u00f1as en Veracruz\"}]},{\"@type\":\"WebSite\",\"@id\":\"https:\\\/\\\/booksfrommexico.com\\\/#website\",\"url\":\"https:\\\/\\\/booksfrommexico.com\\\/\",\"name\":\"Books From Mexico\",\"description\":\"\",\"publisher\":{\"@id\":\"https:\\\/\\\/booksfrommexico.com\\\/#organization\"},\"potentialAction\":[{\"@type\":\"SearchAction\",\"target\":{\"@type\":\"EntryPoint\",\"urlTemplate\":\"https:\\\/\\\/booksfrommexico.com\\\/?s={search_term_string}\"},\"query-input\":{\"@type\":\"PropertyValueSpecification\",\"valueRequired\":true,\"valueName\":\"search_term_string\"}}],\"inLanguage\":\"es\"},{\"@type\":\"Organization\",\"@id\":\"https:\\\/\\\/booksfrommexico.com\\\/#organization\",\"name\":\"Books From Mexico\",\"url\":\"https:\\\/\\\/booksfrommexico.com\\\/\",\"logo\":{\"@type\":\"ImageObject\",\"inLanguage\":\"es\",\"@id\":\"https:\\\/\\\/booksfrommexico.com\\\/#\\\/schema\\\/logo\\\/image\\\/\",\"url\":\"https:\\\/\\\/booksfrommexico.com\\\/app\\\/uploads\\\/2023\\\/05\\\/logo-booksfrommexico.svg\",\"contentUrl\":\"https:\\\/\\\/booksfrommexico.com\\\/app\\\/uploads\\\/2023\\\/05\\\/logo-booksfrommexico.svg\",\"width\":86,\"height\":56,\"caption\":\"Books From Mexico\"},\"image\":{\"@id\":\"https:\\\/\\\/booksfrommexico.com\\\/#\\\/schema\\\/logo\\\/image\\\/\"}}]}<\/script>\n<!-- \/ Yoast SEO plugin. -->","yoast_head_json":{"title":"Persistencias culturales afrocaribe\u00f1as en Veracruz","description":"PERSISTENCIAS CULTURALES AFROCARIBE\u00d1AS EN VERACRUZ : SU PROCESO DE CONFORMACI\u00d3N DESDE LA COLONIA HASTA FINES DEL SIGLO XIX. \/ Yolanda Ju\u00e1rez Hern\u00e1ndez.","robots":{"index":"index","follow":"follow","max-snippet":"max-snippet:-1","max-image-preview":"max-image-preview:large","max-video-preview":"max-video-preview:-1"},"canonical":"https:\/\/booksfrommexico.com\/es\/producto\/persistencias-culturales-afrocaribenas-en-veracruz-su-proceso-de-conformacion-desde-la-colonia-hasta-fi\/","og_locale":"es_ES","og_type":"article","og_title":"Persistencias culturales afrocaribe\u00f1as en Veracruz","og_description":"PERSISTENCIAS CULTURALES AFROCARIBE\u00d1AS EN VERACRUZ : SU PROCESO DE CONFORMACI\u00d3N DESDE LA COLONIA HASTA FINES DEL SIGLO XIX. \/ Yolanda Ju\u00e1rez Hern\u00e1ndez.","og_url":"https:\/\/booksfrommexico.com\/es\/producto\/persistencias-culturales-afrocaribenas-en-veracruz-su-proceso-de-conformacion-desde-la-colonia-hasta-fi\/","og_site_name":"Books From Mexico","article_modified_time":"2024-07-08T23:18:46+00:00","og_image":[{"width":448,"height":607,"url":"http:\/\/booksfrommexico.com\/app\/uploads\/2023\/05\/134351.jpeg","type":"image\/jpeg"}],"twitter_card":"summary_large_image","twitter_misc":{"Tiempo de lectura":"1 minuto"},"schema":{"@context":"https:\/\/schema.org","@graph":[{"@type":"WebPage","@id":"https:\/\/booksfrommexico.com\/es\/producto\/persistencias-culturales-afrocaribenas-en-veracruz-su-proceso-de-conformacion-desde-la-colonia-hasta-fi\/","url":"https:\/\/booksfrommexico.com\/es\/producto\/persistencias-culturales-afrocaribenas-en-veracruz-su-proceso-de-conformacion-desde-la-colonia-hasta-fi\/","name":"Persistencias culturales afrocaribe\u00f1as en Veracruz","isPartOf":{"@id":"https:\/\/booksfrommexico.com\/#website"},"primaryImageOfPage":{"@id":"https:\/\/booksfrommexico.com\/es\/producto\/persistencias-culturales-afrocaribenas-en-veracruz-su-proceso-de-conformacion-desde-la-colonia-hasta-fi\/#primaryimage"},"image":{"@id":"https:\/\/booksfrommexico.com\/es\/producto\/persistencias-culturales-afrocaribenas-en-veracruz-su-proceso-de-conformacion-desde-la-colonia-hasta-fi\/#primaryimage"},"thumbnailUrl":"https:\/\/booksfrommexico.com\/app\/uploads\/2023\/05\/134351.jpeg","datePublished":"2023-05-08T17:05:57+00:00","dateModified":"2024-07-08T23:18:46+00:00","description":"PERSISTENCIAS CULTURALES AFROCARIBE\u00d1AS EN VERACRUZ : SU PROCESO DE CONFORMACI\u00d3N DESDE LA COLONIA HASTA FINES DEL SIGLO XIX. \/ Yolanda Ju\u00e1rez Hern\u00e1ndez.","breadcrumb":{"@id":"https:\/\/booksfrommexico.com\/es\/producto\/persistencias-culturales-afrocaribenas-en-veracruz-su-proceso-de-conformacion-desde-la-colonia-hasta-fi\/#breadcrumb"},"inLanguage":"es","potentialAction":[{"@type":"ReadAction","target":["https:\/\/booksfrommexico.com\/es\/producto\/persistencias-culturales-afrocaribenas-en-veracruz-su-proceso-de-conformacion-desde-la-colonia-hasta-fi\/"]}]},{"@type":"ImageObject","inLanguage":"es","@id":"https:\/\/booksfrommexico.com\/es\/producto\/persistencias-culturales-afrocaribenas-en-veracruz-su-proceso-de-conformacion-desde-la-colonia-hasta-fi\/#primaryimage","url":"https:\/\/booksfrommexico.com\/app\/uploads\/2023\/05\/134351.jpeg","contentUrl":"https:\/\/booksfrommexico.com\/app\/uploads\/2023\/05\/134351.jpeg","width":448,"height":607,"caption":"Persistencias culturales afrocaribe\u00f1as en Veracruz. Books From M\u00e9xico"},{"@type":"BreadcrumbList","@id":"https:\/\/booksfrommexico.com\/es\/producto\/persistencias-culturales-afrocaribenas-en-veracruz-su-proceso-de-conformacion-desde-la-colonia-hasta-fi\/#breadcrumb","itemListElement":[{"@type":"ListItem","position":1,"name":"Home","item":"https:\/\/booksfrommexico.com\/es\/"},{"@type":"ListItem","position":2,"name":"Libros","item":"https:\/\/booksfrommexico.com\/es\/libros\/"},{"@type":"ListItem","position":3,"name":"Persistencias culturales afrocaribe\u00f1as en Veracruz"}]},{"@type":"WebSite","@id":"https:\/\/booksfrommexico.com\/#website","url":"https:\/\/booksfrommexico.com\/","name":"Books From Mexico","description":"","publisher":{"@id":"https:\/\/booksfrommexico.com\/#organization"},"potentialAction":[{"@type":"SearchAction","target":{"@type":"EntryPoint","urlTemplate":"https:\/\/booksfrommexico.com\/?s={search_term_string}"},"query-input":{"@type":"PropertyValueSpecification","valueRequired":true,"valueName":"search_term_string"}}],"inLanguage":"es"},{"@type":"Organization","@id":"https:\/\/booksfrommexico.com\/#organization","name":"Books From Mexico","url":"https:\/\/booksfrommexico.com\/","logo":{"@type":"ImageObject","inLanguage":"es","@id":"https:\/\/booksfrommexico.com\/#\/schema\/logo\/image\/","url":"https:\/\/booksfrommexico.com\/app\/uploads\/2023\/05\/logo-booksfrommexico.svg","contentUrl":"https:\/\/booksfrommexico.com\/app\/uploads\/2023\/05\/logo-booksfrommexico.svg","width":86,"height":56,"caption":"Books From Mexico"},"image":{"@id":"https:\/\/booksfrommexico.com\/#\/schema\/logo\/image\/"}}]}},"_links":{"self":[{"href":"https:\/\/booksfrommexico.com\/es\/wp-json\/wp\/v2\/product\/718","targetHints":{"allow":["GET"]}}],"collection":[{"href":"https:\/\/booksfrommexico.com\/es\/wp-json\/wp\/v2\/product"}],"about":[{"href":"https:\/\/booksfrommexico.com\/es\/wp-json\/wp\/v2\/types\/product"}],"wp:featuredmedia":[{"embeddable":true,"href":"https:\/\/booksfrommexico.com\/es\/wp-json\/wp\/v2\/media\/717"}],"wp:attachment":[{"href":"https:\/\/booksfrommexico.com\/es\/wp-json\/wp\/v2\/media?parent=718"}],"wp:term":[{"taxonomy":"product_brand","embeddable":true,"href":"https:\/\/booksfrommexico.com\/es\/wp-json\/wp\/v2\/product_brand?post=718"},{"taxonomy":"product_cat","embeddable":true,"href":"https:\/\/booksfrommexico.com\/es\/wp-json\/wp\/v2\/product_cat?post=718"},{"taxonomy":"product_tag","embeddable":true,"href":"https:\/\/booksfrommexico.com\/es\/wp-json\/wp\/v2\/product_tag?post=718"}],"curies":[{"name":"wp","href":"https:\/\/api.w.org\/{rel}","templated":true}]}}