{"id":722,"date":"2023-05-08T17:06:00","date_gmt":"2023-05-08T17:06:00","guid":{"rendered":"http:\/\/booksfrommexico.com\/product\/historia-de-un-cancion\/"},"modified":"2025-08-09T14:31:01","modified_gmt":"2025-08-09T14:31:01","slug":"historia-de-un-cancion","status":"publish","type":"product","link":"https:\/\/booksfrommexico.com\/es\/producto\/historia-de-un-cancion\/","title":{"rendered":"Historia de un canci\u00f3n"},"content":{"rendered":"<p><span style=\"font-weight: 400;\">En este t\u00edtulo se hace una recopilaci\u00f3n de historias que el autor ha querido presentar como una forma de enunciar circunstancias o acontecimientos importantes que han acompa\u00f1ado a la creaci\u00f3n de algunas canciones que, a pesar del tiempo, viven en la memoria popular. Aqu\u00ed se encuentran an\u00e9cdotas y datos pertenecientes a la tradici\u00f3n musical de M\u00e9xico y de los mexicanos, con las aportaciones recibidas de otras partes del mundo y que se volvieron parte de la cultura musical del pa\u00eds. Adem\u00e1s de los relatos, se incluyen las letras de las canciones y algunas fotograf\u00edas e ilustraciones que hacen alusi\u00f3n a los temas, as\u00ed como un CD grabado con las canciones.<\/span><\/p>\n","protected":false},"excerpt":{"rendered":"<p>HISTORIA DE UNA CANCI\u00d3N<span style=\"font-weight: 400;\">. \/ Gerardo Herrera Ram\u00edrez. Monterrey, Nuevo Le\u00f3n, M\u00e9xico : Ediciones GBM ; Ediciones Font, 2005. 193 pages : includes photos, illustrations, CD ; 21 cm. ISBN : 9686896147.<\/span><\/p>\n","protected":false},"featured_media":721,"template":"","meta":{"_acf_changed":false,"inline_featured_image":false},"product_brand":[],"product_cat":[326,325],"product_tag":[4450,3922,4027,4272],"class_list":{"0":"post-722","1":"product","2":"type-product","3":"status-publish","4":"has-post-thumbnail","6":"product_cat-aspectos-historicos-musica","7":"product_cat-musica","8":"product_tag-historia-de-la-musica","9":"product_tag-musica","10":"product_tag-musica-contemporanea","11":"product_tag-musicos-mexicanos","13":"first","14":"outofstock","15":"taxable","16":"shipping-taxable","17":"purchasable","18":"product-type-simple"},"acf":[],"yoast_head":"<!-- This site is optimized with the Yoast SEO plugin v27.3 - https:\/\/yoast.com\/product\/yoast-seo-wordpress\/ -->\n<title>Historia de un canci\u00f3n<\/title>\n<meta name=\"description\" content=\"HISTORIA DE UNA CANCI\u00d3N. \/ Gerardo Herrera Ram\u00edrez. Ediciones GBM ; Ediciones Font, 2005. 193 pages : includes photos, illustrations, CD. ISBN : 9686896147.\" \/>\n<meta name=\"robots\" content=\"index, follow, max-snippet:-1, max-image-preview:large, max-video-preview:-1\" \/>\n<link rel=\"canonical\" href=\"https:\/\/booksfrommexico.com\/es\/producto\/historia-de-un-cancion\/\" \/>\n<meta property=\"og:locale\" content=\"es_ES\" \/>\n<meta property=\"og:type\" content=\"article\" \/>\n<meta property=\"og:title\" content=\"Historia de un canci\u00f3n\" \/>\n<meta property=\"og:description\" content=\"HISTORIA DE UNA CANCI\u00d3N. \/ Gerardo Herrera Ram\u00edrez. Ediciones GBM ; Ediciones Font, 2005. 193 pages : includes photos, illustrations, CD. ISBN : 9686896147.\" \/>\n<meta property=\"og:url\" content=\"https:\/\/booksfrommexico.com\/es\/producto\/historia-de-un-cancion\/\" \/>\n<meta property=\"og:site_name\" content=\"Books From Mexico\" \/>\n<meta property=\"article:modified_time\" content=\"2025-08-09T14:31:01+00:00\" \/>\n<meta property=\"og:image\" content=\"http:\/\/booksfrommexico.com\/app\/uploads\/2023\/05\/134466.jpeg\" \/>\n\t<meta property=\"og:image:width\" content=\"385\" \/>\n\t<meta property=\"og:image:height\" content=\"605\" \/>\n\t<meta property=\"og:image:type\" content=\"image\/jpeg\" \/>\n<meta name=\"twitter:card\" content=\"summary_large_image\" \/>\n<meta name=\"twitter:label1\" content=\"Tiempo de lectura\" \/>\n\t<meta name=\"twitter:data1\" content=\"1 minuto\" \/>\n<script type=\"application\/ld+json\" class=\"yoast-schema-graph\">{\"@context\":\"https:\\\/\\\/schema.org\",\"@graph\":[{\"@type\":\"WebPage\",\"@id\":\"https:\\\/\\\/booksfrommexico.com\\\/es\\\/producto\\\/historia-de-un-cancion\\\/\",\"url\":\"https:\\\/\\\/booksfrommexico.com\\\/es\\\/producto\\\/historia-de-un-cancion\\\/\",\"name\":\"Historia de un canci\u00f3n\",\"isPartOf\":{\"@id\":\"https:\\\/\\\/booksfrommexico.com\\\/#website\"},\"primaryImageOfPage\":{\"@id\":\"https:\\\/\\\/booksfrommexico.com\\\/es\\\/producto\\\/historia-de-un-cancion\\\/#primaryimage\"},\"image\":{\"@id\":\"https:\\\/\\\/booksfrommexico.com\\\/es\\\/producto\\\/historia-de-un-cancion\\\/#primaryimage\"},\"thumbnailUrl\":\"https:\\\/\\\/booksfrommexico.com\\\/app\\\/uploads\\\/2023\\\/05\\\/134466.jpeg\",\"datePublished\":\"2023-05-08T17:06:00+00:00\",\"dateModified\":\"2025-08-09T14:31:01+00:00\",\"description\":\"HISTORIA DE UNA CANCI\u00d3N. \\\/ Gerardo Herrera Ram\u00edrez. Ediciones GBM ; Ediciones Font, 2005. 193 pages : includes photos, illustrations, CD. ISBN : 9686896147.\",\"breadcrumb\":{\"@id\":\"https:\\\/\\\/booksfrommexico.com\\\/es\\\/producto\\\/historia-de-un-cancion\\\/#breadcrumb\"},\"inLanguage\":\"es\",\"potentialAction\":[{\"@type\":\"ReadAction\",\"target\":[\"https:\\\/\\\/booksfrommexico.com\\\/es\\\/producto\\\/historia-de-un-cancion\\\/\"]}]},{\"@type\":\"ImageObject\",\"inLanguage\":\"es\",\"@id\":\"https:\\\/\\\/booksfrommexico.com\\\/es\\\/producto\\\/historia-de-un-cancion\\\/#primaryimage\",\"url\":\"https:\\\/\\\/booksfrommexico.com\\\/app\\\/uploads\\\/2023\\\/05\\\/134466.jpeg\",\"contentUrl\":\"https:\\\/\\\/booksfrommexico.com\\\/app\\\/uploads\\\/2023\\\/05\\\/134466.jpeg\",\"width\":385,\"height\":605,\"caption\":\"Historia de un canci\u00f3n. books From M\u00e9xico\"},{\"@type\":\"BreadcrumbList\",\"@id\":\"https:\\\/\\\/booksfrommexico.com\\\/es\\\/producto\\\/historia-de-un-cancion\\\/#breadcrumb\",\"itemListElement\":[{\"@type\":\"ListItem\",\"position\":1,\"name\":\"Home\",\"item\":\"https:\\\/\\\/booksfrommexico.com\\\/es\\\/\"},{\"@type\":\"ListItem\",\"position\":2,\"name\":\"Libros\",\"item\":\"https:\\\/\\\/booksfrommexico.com\\\/es\\\/libros\\\/\"},{\"@type\":\"ListItem\",\"position\":3,\"name\":\"Historia de un canci\u00f3n\"}]},{\"@type\":\"WebSite\",\"@id\":\"https:\\\/\\\/booksfrommexico.com\\\/#website\",\"url\":\"https:\\\/\\\/booksfrommexico.com\\\/\",\"name\":\"Books From Mexico\",\"description\":\"\",\"publisher\":{\"@id\":\"https:\\\/\\\/booksfrommexico.com\\\/#organization\"},\"potentialAction\":[{\"@type\":\"SearchAction\",\"target\":{\"@type\":\"EntryPoint\",\"urlTemplate\":\"https:\\\/\\\/booksfrommexico.com\\\/?s={search_term_string}\"},\"query-input\":{\"@type\":\"PropertyValueSpecification\",\"valueRequired\":true,\"valueName\":\"search_term_string\"}}],\"inLanguage\":\"es\"},{\"@type\":\"Organization\",\"@id\":\"https:\\\/\\\/booksfrommexico.com\\\/#organization\",\"name\":\"Books From Mexico\",\"url\":\"https:\\\/\\\/booksfrommexico.com\\\/\",\"logo\":{\"@type\":\"ImageObject\",\"inLanguage\":\"es\",\"@id\":\"https:\\\/\\\/booksfrommexico.com\\\/#\\\/schema\\\/logo\\\/image\\\/\",\"url\":\"https:\\\/\\\/booksfrommexico.com\\\/app\\\/uploads\\\/2023\\\/05\\\/logo-booksfrommexico.svg\",\"contentUrl\":\"https:\\\/\\\/booksfrommexico.com\\\/app\\\/uploads\\\/2023\\\/05\\\/logo-booksfrommexico.svg\",\"width\":86,\"height\":56,\"caption\":\"Books From Mexico\"},\"image\":{\"@id\":\"https:\\\/\\\/booksfrommexico.com\\\/#\\\/schema\\\/logo\\\/image\\\/\"}}]}<\/script>\n<!-- \/ Yoast SEO plugin. -->","yoast_head_json":{"title":"Historia de un canci\u00f3n","description":"HISTORIA DE UNA CANCI\u00d3N. \/ Gerardo Herrera Ram\u00edrez. Ediciones GBM ; Ediciones Font, 2005. 193 pages : includes photos, illustrations, CD. ISBN : 9686896147.","robots":{"index":"index","follow":"follow","max-snippet":"max-snippet:-1","max-image-preview":"max-image-preview:large","max-video-preview":"max-video-preview:-1"},"canonical":"https:\/\/booksfrommexico.com\/es\/producto\/historia-de-un-cancion\/","og_locale":"es_ES","og_type":"article","og_title":"Historia de un canci\u00f3n","og_description":"HISTORIA DE UNA CANCI\u00d3N. \/ Gerardo Herrera Ram\u00edrez. Ediciones GBM ; Ediciones Font, 2005. 193 pages : includes photos, illustrations, CD. ISBN : 9686896147.","og_url":"https:\/\/booksfrommexico.com\/es\/producto\/historia-de-un-cancion\/","og_site_name":"Books From Mexico","article_modified_time":"2025-08-09T14:31:01+00:00","og_image":[{"width":385,"height":605,"url":"http:\/\/booksfrommexico.com\/app\/uploads\/2023\/05\/134466.jpeg","type":"image\/jpeg"}],"twitter_card":"summary_large_image","twitter_misc":{"Tiempo de lectura":"1 minuto"},"schema":{"@context":"https:\/\/schema.org","@graph":[{"@type":"WebPage","@id":"https:\/\/booksfrommexico.com\/es\/producto\/historia-de-un-cancion\/","url":"https:\/\/booksfrommexico.com\/es\/producto\/historia-de-un-cancion\/","name":"Historia de un canci\u00f3n","isPartOf":{"@id":"https:\/\/booksfrommexico.com\/#website"},"primaryImageOfPage":{"@id":"https:\/\/booksfrommexico.com\/es\/producto\/historia-de-un-cancion\/#primaryimage"},"image":{"@id":"https:\/\/booksfrommexico.com\/es\/producto\/historia-de-un-cancion\/#primaryimage"},"thumbnailUrl":"https:\/\/booksfrommexico.com\/app\/uploads\/2023\/05\/134466.jpeg","datePublished":"2023-05-08T17:06:00+00:00","dateModified":"2025-08-09T14:31:01+00:00","description":"HISTORIA DE UNA CANCI\u00d3N. \/ Gerardo Herrera Ram\u00edrez. Ediciones GBM ; Ediciones Font, 2005. 193 pages : includes photos, illustrations, CD. ISBN : 9686896147.","breadcrumb":{"@id":"https:\/\/booksfrommexico.com\/es\/producto\/historia-de-un-cancion\/#breadcrumb"},"inLanguage":"es","potentialAction":[{"@type":"ReadAction","target":["https:\/\/booksfrommexico.com\/es\/producto\/historia-de-un-cancion\/"]}]},{"@type":"ImageObject","inLanguage":"es","@id":"https:\/\/booksfrommexico.com\/es\/producto\/historia-de-un-cancion\/#primaryimage","url":"https:\/\/booksfrommexico.com\/app\/uploads\/2023\/05\/134466.jpeg","contentUrl":"https:\/\/booksfrommexico.com\/app\/uploads\/2023\/05\/134466.jpeg","width":385,"height":605,"caption":"Historia de un canci\u00f3n. books From M\u00e9xico"},{"@type":"BreadcrumbList","@id":"https:\/\/booksfrommexico.com\/es\/producto\/historia-de-un-cancion\/#breadcrumb","itemListElement":[{"@type":"ListItem","position":1,"name":"Home","item":"https:\/\/booksfrommexico.com\/es\/"},{"@type":"ListItem","position":2,"name":"Libros","item":"https:\/\/booksfrommexico.com\/es\/libros\/"},{"@type":"ListItem","position":3,"name":"Historia de un canci\u00f3n"}]},{"@type":"WebSite","@id":"https:\/\/booksfrommexico.com\/#website","url":"https:\/\/booksfrommexico.com\/","name":"Books From Mexico","description":"","publisher":{"@id":"https:\/\/booksfrommexico.com\/#organization"},"potentialAction":[{"@type":"SearchAction","target":{"@type":"EntryPoint","urlTemplate":"https:\/\/booksfrommexico.com\/?s={search_term_string}"},"query-input":{"@type":"PropertyValueSpecification","valueRequired":true,"valueName":"search_term_string"}}],"inLanguage":"es"},{"@type":"Organization","@id":"https:\/\/booksfrommexico.com\/#organization","name":"Books From Mexico","url":"https:\/\/booksfrommexico.com\/","logo":{"@type":"ImageObject","inLanguage":"es","@id":"https:\/\/booksfrommexico.com\/#\/schema\/logo\/image\/","url":"https:\/\/booksfrommexico.com\/app\/uploads\/2023\/05\/logo-booksfrommexico.svg","contentUrl":"https:\/\/booksfrommexico.com\/app\/uploads\/2023\/05\/logo-booksfrommexico.svg","width":86,"height":56,"caption":"Books From Mexico"},"image":{"@id":"https:\/\/booksfrommexico.com\/#\/schema\/logo\/image\/"}}]}},"_links":{"self":[{"href":"https:\/\/booksfrommexico.com\/es\/wp-json\/wp\/v2\/product\/722","targetHints":{"allow":["GET"]}}],"collection":[{"href":"https:\/\/booksfrommexico.com\/es\/wp-json\/wp\/v2\/product"}],"about":[{"href":"https:\/\/booksfrommexico.com\/es\/wp-json\/wp\/v2\/types\/product"}],"wp:featuredmedia":[{"embeddable":true,"href":"https:\/\/booksfrommexico.com\/es\/wp-json\/wp\/v2\/media\/721"}],"wp:attachment":[{"href":"https:\/\/booksfrommexico.com\/es\/wp-json\/wp\/v2\/media?parent=722"}],"wp:term":[{"taxonomy":"product_brand","embeddable":true,"href":"https:\/\/booksfrommexico.com\/es\/wp-json\/wp\/v2\/product_brand?post=722"},{"taxonomy":"product_cat","embeddable":true,"href":"https:\/\/booksfrommexico.com\/es\/wp-json\/wp\/v2\/product_cat?post=722"},{"taxonomy":"product_tag","embeddable":true,"href":"https:\/\/booksfrommexico.com\/es\/wp-json\/wp\/v2\/product_tag?post=722"}],"curies":[{"name":"wp","href":"https:\/\/api.w.org\/{rel}","templated":true}]}}