{"id":724,"date":"2023-05-08T17:06:01","date_gmt":"2023-05-08T17:06:01","guid":{"rendered":"http:\/\/booksfrommexico.com\/product\/taller-flora\/"},"modified":"2024-07-08T23:17:08","modified_gmt":"2024-07-08T23:17:08","slug":"taller-flora","status":"publish","type":"product","link":"https:\/\/booksfrommexico.com\/es\/producto\/taller-flora\/","title":{"rendered":"Taller Flora"},"content":{"rendered":"<p><span style=\"font-weight: 400;\">Carla Fern\u00e1ndez naci\u00f3 en la Frontera Norte y, fruto de sus viajes por el pa\u00eds, as\u00ed como por la herencia cultural de sus padres, desarroll\u00f3 inter\u00e9s por las\u00a0 vestimentas ind\u00edgenas, los trajes y textiles mexicanos. Su inter\u00e9s por los colores, formas y patrones la llev\u00f3 a estudiar la confecci\u00f3n de las prendas para, posteriormente, abrir su propio taller de modas, en donde buscaba plasmar su investigaci\u00f3n y creatividad. Esta publicaci\u00f3n re\u00fane patrones ilustrados, fotograf\u00edas del proceso de creaci\u00f3n y de sus prendas confeccionadas en el Taller Flora. Se trata adem\u00e1s de una edici\u00f3n biling\u00fce ingl\u00e9s-espa\u00f1ol. <\/span><\/p>\n","protected":false},"excerpt":{"rendered":"<p>TALLER FLORA<span style=\"font-weight: 400;\">. \/ Carla Fern\u00e1ndez. M\u00e9xico, D.F. : Consejo Nacional para la Cultura y las Artes ; Editorial Diamantina, 2006. 161 pages : includes color photos, color illustrations, tables ; 15 cm. (Colecci\u00f3n Esp\u00eda). <\/span><span style=\"font-weight: 400;\">ISBN : 9703510892 (Diamantina) ; 9703510892 (CONACULTA).<\/span><\/p>\n","protected":false},"featured_media":723,"template":"","meta":{"_acf_changed":false,"inline_featured_image":false},"product_brand":[],"product_cat":[87,165],"product_tag":[4044,4341,4382,4043,4122],"class_list":{"0":"post-724","1":"product","2":"type-product","3":"status-publish","4":"has-post-thumbnail","6":"product_cat-arte","7":"product_cat-fotografia-arte","8":"product_tag-arte","9":"product_tag-cultura","10":"product_tag-edicion-bilingue","11":"product_tag-fotografia","12":"product_tag-investigacion","14":"first","15":"instock","16":"taxable","17":"shipping-taxable","18":"purchasable","19":"product-type-simple"},"acf":[],"yoast_head":"<!-- This site is optimized with the Yoast SEO plugin v27.3 - https:\/\/yoast.com\/product\/yoast-seo-wordpress\/ -->\n<title>Taller Flora<\/title>\n<meta name=\"description\" content=\"TALLER FLORA. \/ Carla Fern\u00e1ndez. M\u00e9xico, D.F. : Consejo Nacional para la Cultura y las Artes ; Editorial Diamantina, 2006. (Colecci\u00f3n Esp\u00eda).\" \/>\n<meta name=\"robots\" content=\"index, follow, max-snippet:-1, max-image-preview:large, max-video-preview:-1\" \/>\n<link rel=\"canonical\" href=\"https:\/\/booksfrommexico.com\/es\/producto\/taller-flora\/\" \/>\n<meta property=\"og:locale\" content=\"es_ES\" \/>\n<meta property=\"og:type\" content=\"article\" \/>\n<meta property=\"og:title\" content=\"Taller Flora\" \/>\n<meta property=\"og:description\" content=\"TALLER FLORA. \/ Carla Fern\u00e1ndez. M\u00e9xico, D.F. : Consejo Nacional para la Cultura y las Artes ; Editorial Diamantina, 2006. (Colecci\u00f3n Esp\u00eda).\" \/>\n<meta property=\"og:url\" content=\"https:\/\/booksfrommexico.com\/es\/producto\/taller-flora\/\" \/>\n<meta property=\"og:site_name\" content=\"Books From Mexico\" \/>\n<meta property=\"article:modified_time\" content=\"2024-07-08T23:17:08+00:00\" \/>\n<meta property=\"og:image\" content=\"http:\/\/booksfrommexico.com\/app\/uploads\/2023\/05\/134499.jpeg\" \/>\n\t<meta property=\"og:image:width\" content=\"626\" \/>\n\t<meta property=\"og:image:height\" content=\"420\" \/>\n\t<meta property=\"og:image:type\" content=\"image\/jpeg\" \/>\n<meta name=\"twitter:card\" content=\"summary_large_image\" \/>\n<meta name=\"twitter:label1\" content=\"Tiempo de lectura\" \/>\n\t<meta name=\"twitter:data1\" content=\"1 minuto\" \/>\n<script type=\"application\/ld+json\" class=\"yoast-schema-graph\">{\"@context\":\"https:\\\/\\\/schema.org\",\"@graph\":[{\"@type\":\"WebPage\",\"@id\":\"https:\\\/\\\/booksfrommexico.com\\\/es\\\/producto\\\/taller-flora\\\/\",\"url\":\"https:\\\/\\\/booksfrommexico.com\\\/es\\\/producto\\\/taller-flora\\\/\",\"name\":\"Taller Flora\",\"isPartOf\":{\"@id\":\"https:\\\/\\\/booksfrommexico.com\\\/#website\"},\"primaryImageOfPage\":{\"@id\":\"https:\\\/\\\/booksfrommexico.com\\\/es\\\/producto\\\/taller-flora\\\/#primaryimage\"},\"image\":{\"@id\":\"https:\\\/\\\/booksfrommexico.com\\\/es\\\/producto\\\/taller-flora\\\/#primaryimage\"},\"thumbnailUrl\":\"https:\\\/\\\/booksfrommexico.com\\\/app\\\/uploads\\\/2023\\\/05\\\/134499.jpeg\",\"datePublished\":\"2023-05-08T17:06:01+00:00\",\"dateModified\":\"2024-07-08T23:17:08+00:00\",\"description\":\"TALLER FLORA. \\\/ Carla Fern\u00e1ndez. M\u00e9xico, D.F. : Consejo Nacional para la Cultura y las Artes ; Editorial Diamantina, 2006. (Colecci\u00f3n Esp\u00eda).\",\"breadcrumb\":{\"@id\":\"https:\\\/\\\/booksfrommexico.com\\\/es\\\/producto\\\/taller-flora\\\/#breadcrumb\"},\"inLanguage\":\"es\",\"potentialAction\":[{\"@type\":\"ReadAction\",\"target\":[\"https:\\\/\\\/booksfrommexico.com\\\/es\\\/producto\\\/taller-flora\\\/\"]}]},{\"@type\":\"ImageObject\",\"inLanguage\":\"es\",\"@id\":\"https:\\\/\\\/booksfrommexico.com\\\/es\\\/producto\\\/taller-flora\\\/#primaryimage\",\"url\":\"https:\\\/\\\/booksfrommexico.com\\\/app\\\/uploads\\\/2023\\\/05\\\/134499.jpeg\",\"contentUrl\":\"https:\\\/\\\/booksfrommexico.com\\\/app\\\/uploads\\\/2023\\\/05\\\/134499.jpeg\",\"width\":626,\"height\":420,\"caption\":\"Taller Flora. Books From M\u00e9xico\"},{\"@type\":\"BreadcrumbList\",\"@id\":\"https:\\\/\\\/booksfrommexico.com\\\/es\\\/producto\\\/taller-flora\\\/#breadcrumb\",\"itemListElement\":[{\"@type\":\"ListItem\",\"position\":1,\"name\":\"Home\",\"item\":\"https:\\\/\\\/booksfrommexico.com\\\/es\\\/\"},{\"@type\":\"ListItem\",\"position\":2,\"name\":\"Libros\",\"item\":\"https:\\\/\\\/booksfrommexico.com\\\/es\\\/libros\\\/\"},{\"@type\":\"ListItem\",\"position\":3,\"name\":\"Taller Flora\"}]},{\"@type\":\"WebSite\",\"@id\":\"https:\\\/\\\/booksfrommexico.com\\\/#website\",\"url\":\"https:\\\/\\\/booksfrommexico.com\\\/\",\"name\":\"Books From Mexico\",\"description\":\"\",\"publisher\":{\"@id\":\"https:\\\/\\\/booksfrommexico.com\\\/#organization\"},\"potentialAction\":[{\"@type\":\"SearchAction\",\"target\":{\"@type\":\"EntryPoint\",\"urlTemplate\":\"https:\\\/\\\/booksfrommexico.com\\\/?s={search_term_string}\"},\"query-input\":{\"@type\":\"PropertyValueSpecification\",\"valueRequired\":true,\"valueName\":\"search_term_string\"}}],\"inLanguage\":\"es\"},{\"@type\":\"Organization\",\"@id\":\"https:\\\/\\\/booksfrommexico.com\\\/#organization\",\"name\":\"Books From Mexico\",\"url\":\"https:\\\/\\\/booksfrommexico.com\\\/\",\"logo\":{\"@type\":\"ImageObject\",\"inLanguage\":\"es\",\"@id\":\"https:\\\/\\\/booksfrommexico.com\\\/#\\\/schema\\\/logo\\\/image\\\/\",\"url\":\"https:\\\/\\\/booksfrommexico.com\\\/app\\\/uploads\\\/2023\\\/05\\\/logo-booksfrommexico.svg\",\"contentUrl\":\"https:\\\/\\\/booksfrommexico.com\\\/app\\\/uploads\\\/2023\\\/05\\\/logo-booksfrommexico.svg\",\"width\":86,\"height\":56,\"caption\":\"Books From Mexico\"},\"image\":{\"@id\":\"https:\\\/\\\/booksfrommexico.com\\\/#\\\/schema\\\/logo\\\/image\\\/\"}}]}<\/script>\n<!-- \/ Yoast SEO plugin. -->","yoast_head_json":{"title":"Taller Flora","description":"TALLER FLORA. \/ Carla Fern\u00e1ndez. M\u00e9xico, D.F. : Consejo Nacional para la Cultura y las Artes ; Editorial Diamantina, 2006. (Colecci\u00f3n Esp\u00eda).","robots":{"index":"index","follow":"follow","max-snippet":"max-snippet:-1","max-image-preview":"max-image-preview:large","max-video-preview":"max-video-preview:-1"},"canonical":"https:\/\/booksfrommexico.com\/es\/producto\/taller-flora\/","og_locale":"es_ES","og_type":"article","og_title":"Taller Flora","og_description":"TALLER FLORA. \/ Carla Fern\u00e1ndez. M\u00e9xico, D.F. : Consejo Nacional para la Cultura y las Artes ; Editorial Diamantina, 2006. (Colecci\u00f3n Esp\u00eda).","og_url":"https:\/\/booksfrommexico.com\/es\/producto\/taller-flora\/","og_site_name":"Books From Mexico","article_modified_time":"2024-07-08T23:17:08+00:00","og_image":[{"width":626,"height":420,"url":"http:\/\/booksfrommexico.com\/app\/uploads\/2023\/05\/134499.jpeg","type":"image\/jpeg"}],"twitter_card":"summary_large_image","twitter_misc":{"Tiempo de lectura":"1 minuto"},"schema":{"@context":"https:\/\/schema.org","@graph":[{"@type":"WebPage","@id":"https:\/\/booksfrommexico.com\/es\/producto\/taller-flora\/","url":"https:\/\/booksfrommexico.com\/es\/producto\/taller-flora\/","name":"Taller Flora","isPartOf":{"@id":"https:\/\/booksfrommexico.com\/#website"},"primaryImageOfPage":{"@id":"https:\/\/booksfrommexico.com\/es\/producto\/taller-flora\/#primaryimage"},"image":{"@id":"https:\/\/booksfrommexico.com\/es\/producto\/taller-flora\/#primaryimage"},"thumbnailUrl":"https:\/\/booksfrommexico.com\/app\/uploads\/2023\/05\/134499.jpeg","datePublished":"2023-05-08T17:06:01+00:00","dateModified":"2024-07-08T23:17:08+00:00","description":"TALLER FLORA. \/ Carla Fern\u00e1ndez. M\u00e9xico, D.F. : Consejo Nacional para la Cultura y las Artes ; Editorial Diamantina, 2006. (Colecci\u00f3n Esp\u00eda).","breadcrumb":{"@id":"https:\/\/booksfrommexico.com\/es\/producto\/taller-flora\/#breadcrumb"},"inLanguage":"es","potentialAction":[{"@type":"ReadAction","target":["https:\/\/booksfrommexico.com\/es\/producto\/taller-flora\/"]}]},{"@type":"ImageObject","inLanguage":"es","@id":"https:\/\/booksfrommexico.com\/es\/producto\/taller-flora\/#primaryimage","url":"https:\/\/booksfrommexico.com\/app\/uploads\/2023\/05\/134499.jpeg","contentUrl":"https:\/\/booksfrommexico.com\/app\/uploads\/2023\/05\/134499.jpeg","width":626,"height":420,"caption":"Taller Flora. Books From M\u00e9xico"},{"@type":"BreadcrumbList","@id":"https:\/\/booksfrommexico.com\/es\/producto\/taller-flora\/#breadcrumb","itemListElement":[{"@type":"ListItem","position":1,"name":"Home","item":"https:\/\/booksfrommexico.com\/es\/"},{"@type":"ListItem","position":2,"name":"Libros","item":"https:\/\/booksfrommexico.com\/es\/libros\/"},{"@type":"ListItem","position":3,"name":"Taller Flora"}]},{"@type":"WebSite","@id":"https:\/\/booksfrommexico.com\/#website","url":"https:\/\/booksfrommexico.com\/","name":"Books From Mexico","description":"","publisher":{"@id":"https:\/\/booksfrommexico.com\/#organization"},"potentialAction":[{"@type":"SearchAction","target":{"@type":"EntryPoint","urlTemplate":"https:\/\/booksfrommexico.com\/?s={search_term_string}"},"query-input":{"@type":"PropertyValueSpecification","valueRequired":true,"valueName":"search_term_string"}}],"inLanguage":"es"},{"@type":"Organization","@id":"https:\/\/booksfrommexico.com\/#organization","name":"Books From Mexico","url":"https:\/\/booksfrommexico.com\/","logo":{"@type":"ImageObject","inLanguage":"es","@id":"https:\/\/booksfrommexico.com\/#\/schema\/logo\/image\/","url":"https:\/\/booksfrommexico.com\/app\/uploads\/2023\/05\/logo-booksfrommexico.svg","contentUrl":"https:\/\/booksfrommexico.com\/app\/uploads\/2023\/05\/logo-booksfrommexico.svg","width":86,"height":56,"caption":"Books From Mexico"},"image":{"@id":"https:\/\/booksfrommexico.com\/#\/schema\/logo\/image\/"}}]}},"_links":{"self":[{"href":"https:\/\/booksfrommexico.com\/es\/wp-json\/wp\/v2\/product\/724","targetHints":{"allow":["GET"]}}],"collection":[{"href":"https:\/\/booksfrommexico.com\/es\/wp-json\/wp\/v2\/product"}],"about":[{"href":"https:\/\/booksfrommexico.com\/es\/wp-json\/wp\/v2\/types\/product"}],"wp:featuredmedia":[{"embeddable":true,"href":"https:\/\/booksfrommexico.com\/es\/wp-json\/wp\/v2\/media\/723"}],"wp:attachment":[{"href":"https:\/\/booksfrommexico.com\/es\/wp-json\/wp\/v2\/media?parent=724"}],"wp:term":[{"taxonomy":"product_brand","embeddable":true,"href":"https:\/\/booksfrommexico.com\/es\/wp-json\/wp\/v2\/product_brand?post=724"},{"taxonomy":"product_cat","embeddable":true,"href":"https:\/\/booksfrommexico.com\/es\/wp-json\/wp\/v2\/product_cat?post=724"},{"taxonomy":"product_tag","embeddable":true,"href":"https:\/\/booksfrommexico.com\/es\/wp-json\/wp\/v2\/product_tag?post=724"}],"curies":[{"name":"wp","href":"https:\/\/api.w.org\/{rel}","templated":true}]}}