{"id":730,"date":"2023-05-08T17:06:05","date_gmt":"2023-05-08T17:06:05","guid":{"rendered":"http:\/\/booksfrommexico.com\/product\/triptico-para-juan-rulfo-poesia-fotografia-critica\/"},"modified":"2024-07-05T20:49:00","modified_gmt":"2024-07-05T20:49:00","slug":"triptico-para-juan-rulfo-poesia-fotografia-critica","status":"publish","type":"product","link":"https:\/\/booksfrommexico.com\/es\/producto\/triptico-para-juan-rulfo-poesia-fotografia-critica\/","title":{"rendered":"Tr\u00edptico para Juan Rulfo: Poes\u00eda, fotograf\u00eda, cr\u00edtica"},"content":{"rendered":"<p><span style=\"font-weight: 400;\">Este volumen recoge fotograf\u00edas y documentos que ofrecen una nueva perspectiva de las aproximaciones m\u00e1s comunes a la obra de un creador que sigue en la actualidad retando a sus estudiosos: Juan Rulfo. Se re\u00fane aqu\u00ed el trabajo de autores que tienen como caracter\u00edstica la de ser conocedores profundos de los aspectos privados y p\u00fablicos de Rulfo, tanto de su trabajo como de su vida; algunos de estos autores lo trataron\u00a0 de manera cercana, otros se han dedicado a estudiar su obra. El lector puede encontrar en estas p\u00e1ginas novedades en el terreno de la formaci\u00f3n literaria de Rulfo, as\u00ed como de su carrera de fot\u00f3grafo y cr\u00edticas originales a diversos aspectos de su producci\u00f3n.<\/span><\/p>\n","protected":false},"excerpt":{"rendered":"<p>TR\u00cdPTICO PARA JUAN RULFO : POES\u00cdA, FOTOGRAF\u00cdA, CR\u00cdTICA<span style=\"font-weight: 400;\">. \/ V\u00edctor Jim\u00e9nez, Alberto Vital, Jorge Zepeda (coordinators). M\u00e9xico, D.F.: Ediciones RM ; Universidad Nacional Aut\u00f3noma de M\u00e9xico , Direcci\u00f3n General de Publicaciones y Fomento Editorial ; Universidad Iberoamericana, 2006. 530 pages : includes photos, references, bibliography ; 24 cm. ISBN : 9688596272.<\/span><\/p>\n","protected":false},"featured_media":729,"template":"","meta":{"_acf_changed":false,"inline_featured_image":false},"product_brand":[],"product_cat":[52,165,25],"product_tag":[3707,3869,4043,4124,4115],"class_list":{"0":"post-730","1":"product","2":"type-product","3":"status-publish","4":"has-post-thumbnail","6":"product_cat-critica-literaria","7":"product_cat-fotografia-arte","8":"product_cat-literatura","9":"product_tag-critica-e-interpretacion","10":"product_tag-critica-y-estudios","11":"product_tag-fotografia","12":"product_tag-literatura-es","13":"product_tag-poesia-es","15":"first","16":"instock","17":"taxable","18":"shipping-taxable","19":"purchasable","20":"product-type-simple"},"acf":[],"yoast_head":"<!-- This site is optimized with the Yoast SEO plugin v27.3 - https:\/\/yoast.com\/product\/yoast-seo-wordpress\/ -->\n<title>Tr\u00edptico para Juan Rulfo: Poes\u00eda, fotograf\u00eda, cr\u00edtica<\/title>\n<meta name=\"description\" content=\"TR\u00cdPTICO PARA JUAN RULFO : POES\u00cdA, FOTOGRAF\u00cdA, CR\u00cdTICA. \/ V\u00edctor Jim\u00e9nez, Alberto Vital, Jorge Zepeda (coordinators). 2006. ISBN : 9688596272.\" \/>\n<meta name=\"robots\" content=\"index, follow, max-snippet:-1, max-image-preview:large, max-video-preview:-1\" \/>\n<link rel=\"canonical\" href=\"https:\/\/booksfrommexico.com\/es\/producto\/triptico-para-juan-rulfo-poesia-fotografia-critica\/\" \/>\n<meta property=\"og:locale\" content=\"es_ES\" \/>\n<meta property=\"og:type\" content=\"article\" \/>\n<meta property=\"og:title\" content=\"Tr\u00edptico para Juan Rulfo: Poes\u00eda, fotograf\u00eda, cr\u00edtica\" \/>\n<meta property=\"og:description\" content=\"TR\u00cdPTICO PARA JUAN RULFO : POES\u00cdA, FOTOGRAF\u00cdA, CR\u00cdTICA. \/ V\u00edctor Jim\u00e9nez, Alberto Vital, Jorge Zepeda (coordinators). 2006. ISBN : 9688596272.\" \/>\n<meta property=\"og:url\" content=\"https:\/\/booksfrommexico.com\/es\/producto\/triptico-para-juan-rulfo-poesia-fotografia-critica\/\" \/>\n<meta property=\"og:site_name\" content=\"Books From Mexico\" \/>\n<meta property=\"article:modified_time\" content=\"2024-07-05T20:49:00+00:00\" \/>\n<meta property=\"og:image\" content=\"http:\/\/booksfrommexico.com\/app\/uploads\/2023\/05\/134921.jpeg\" \/>\n\t<meta property=\"og:image:width\" content=\"485\" \/>\n\t<meta property=\"og:image:height\" content=\"684\" \/>\n\t<meta property=\"og:image:type\" content=\"image\/jpeg\" \/>\n<meta name=\"twitter:card\" content=\"summary_large_image\" \/>\n<meta name=\"twitter:label1\" content=\"Tiempo de lectura\" \/>\n\t<meta name=\"twitter:data1\" content=\"1 minuto\" \/>\n<script type=\"application\/ld+json\" class=\"yoast-schema-graph\">{\"@context\":\"https:\\\/\\\/schema.org\",\"@graph\":[{\"@type\":\"WebPage\",\"@id\":\"https:\\\/\\\/booksfrommexico.com\\\/es\\\/producto\\\/triptico-para-juan-rulfo-poesia-fotografia-critica\\\/\",\"url\":\"https:\\\/\\\/booksfrommexico.com\\\/es\\\/producto\\\/triptico-para-juan-rulfo-poesia-fotografia-critica\\\/\",\"name\":\"Tr\u00edptico para Juan Rulfo: Poes\u00eda, fotograf\u00eda, cr\u00edtica\",\"isPartOf\":{\"@id\":\"https:\\\/\\\/booksfrommexico.com\\\/#website\"},\"primaryImageOfPage\":{\"@id\":\"https:\\\/\\\/booksfrommexico.com\\\/es\\\/producto\\\/triptico-para-juan-rulfo-poesia-fotografia-critica\\\/#primaryimage\"},\"image\":{\"@id\":\"https:\\\/\\\/booksfrommexico.com\\\/es\\\/producto\\\/triptico-para-juan-rulfo-poesia-fotografia-critica\\\/#primaryimage\"},\"thumbnailUrl\":\"https:\\\/\\\/booksfrommexico.com\\\/app\\\/uploads\\\/2023\\\/05\\\/134921.jpeg\",\"datePublished\":\"2023-05-08T17:06:05+00:00\",\"dateModified\":\"2024-07-05T20:49:00+00:00\",\"description\":\"TR\u00cdPTICO PARA JUAN RULFO : POES\u00cdA, FOTOGRAF\u00cdA, CR\u00cdTICA. \\\/ V\u00edctor Jim\u00e9nez, Alberto Vital, Jorge Zepeda (coordinators). 2006. ISBN : 9688596272.\",\"breadcrumb\":{\"@id\":\"https:\\\/\\\/booksfrommexico.com\\\/es\\\/producto\\\/triptico-para-juan-rulfo-poesia-fotografia-critica\\\/#breadcrumb\"},\"inLanguage\":\"es\",\"potentialAction\":[{\"@type\":\"ReadAction\",\"target\":[\"https:\\\/\\\/booksfrommexico.com\\\/es\\\/producto\\\/triptico-para-juan-rulfo-poesia-fotografia-critica\\\/\"]}]},{\"@type\":\"ImageObject\",\"inLanguage\":\"es\",\"@id\":\"https:\\\/\\\/booksfrommexico.com\\\/es\\\/producto\\\/triptico-para-juan-rulfo-poesia-fotografia-critica\\\/#primaryimage\",\"url\":\"https:\\\/\\\/booksfrommexico.com\\\/app\\\/uploads\\\/2023\\\/05\\\/134921.jpeg\",\"contentUrl\":\"https:\\\/\\\/booksfrommexico.com\\\/app\\\/uploads\\\/2023\\\/05\\\/134921.jpeg\",\"width\":485,\"height\":684,\"caption\":\"Tr\u00edptico para Juan Rulfo. Poes\u00eda, fotograf\u00eda, cr\u00edtica. Books From M\u00e9xico\"},{\"@type\":\"BreadcrumbList\",\"@id\":\"https:\\\/\\\/booksfrommexico.com\\\/es\\\/producto\\\/triptico-para-juan-rulfo-poesia-fotografia-critica\\\/#breadcrumb\",\"itemListElement\":[{\"@type\":\"ListItem\",\"position\":1,\"name\":\"Home\",\"item\":\"https:\\\/\\\/booksfrommexico.com\\\/es\\\/\"},{\"@type\":\"ListItem\",\"position\":2,\"name\":\"Libros\",\"item\":\"https:\\\/\\\/booksfrommexico.com\\\/es\\\/libros\\\/\"},{\"@type\":\"ListItem\",\"position\":3,\"name\":\"Tr\u00edptico para Juan Rulfo: Poes\u00eda, fotograf\u00eda, cr\u00edtica\"}]},{\"@type\":\"WebSite\",\"@id\":\"https:\\\/\\\/booksfrommexico.com\\\/#website\",\"url\":\"https:\\\/\\\/booksfrommexico.com\\\/\",\"name\":\"Books From Mexico\",\"description\":\"\",\"publisher\":{\"@id\":\"https:\\\/\\\/booksfrommexico.com\\\/#organization\"},\"potentialAction\":[{\"@type\":\"SearchAction\",\"target\":{\"@type\":\"EntryPoint\",\"urlTemplate\":\"https:\\\/\\\/booksfrommexico.com\\\/?s={search_term_string}\"},\"query-input\":{\"@type\":\"PropertyValueSpecification\",\"valueRequired\":true,\"valueName\":\"search_term_string\"}}],\"inLanguage\":\"es\"},{\"@type\":\"Organization\",\"@id\":\"https:\\\/\\\/booksfrommexico.com\\\/#organization\",\"name\":\"Books From Mexico\",\"url\":\"https:\\\/\\\/booksfrommexico.com\\\/\",\"logo\":{\"@type\":\"ImageObject\",\"inLanguage\":\"es\",\"@id\":\"https:\\\/\\\/booksfrommexico.com\\\/#\\\/schema\\\/logo\\\/image\\\/\",\"url\":\"https:\\\/\\\/booksfrommexico.com\\\/app\\\/uploads\\\/2023\\\/05\\\/logo-booksfrommexico.svg\",\"contentUrl\":\"https:\\\/\\\/booksfrommexico.com\\\/app\\\/uploads\\\/2023\\\/05\\\/logo-booksfrommexico.svg\",\"width\":86,\"height\":56,\"caption\":\"Books From Mexico\"},\"image\":{\"@id\":\"https:\\\/\\\/booksfrommexico.com\\\/#\\\/schema\\\/logo\\\/image\\\/\"}}]}<\/script>\n<!-- \/ Yoast SEO plugin. -->","yoast_head_json":{"title":"Tr\u00edptico para Juan Rulfo: Poes\u00eda, fotograf\u00eda, cr\u00edtica","description":"TR\u00cdPTICO PARA JUAN RULFO : POES\u00cdA, FOTOGRAF\u00cdA, CR\u00cdTICA. \/ V\u00edctor Jim\u00e9nez, Alberto Vital, Jorge Zepeda (coordinators). 2006. ISBN : 9688596272.","robots":{"index":"index","follow":"follow","max-snippet":"max-snippet:-1","max-image-preview":"max-image-preview:large","max-video-preview":"max-video-preview:-1"},"canonical":"https:\/\/booksfrommexico.com\/es\/producto\/triptico-para-juan-rulfo-poesia-fotografia-critica\/","og_locale":"es_ES","og_type":"article","og_title":"Tr\u00edptico para Juan Rulfo: Poes\u00eda, fotograf\u00eda, cr\u00edtica","og_description":"TR\u00cdPTICO PARA JUAN RULFO : POES\u00cdA, FOTOGRAF\u00cdA, CR\u00cdTICA. \/ V\u00edctor Jim\u00e9nez, Alberto Vital, Jorge Zepeda (coordinators). 2006. ISBN : 9688596272.","og_url":"https:\/\/booksfrommexico.com\/es\/producto\/triptico-para-juan-rulfo-poesia-fotografia-critica\/","og_site_name":"Books From Mexico","article_modified_time":"2024-07-05T20:49:00+00:00","og_image":[{"width":485,"height":684,"url":"http:\/\/booksfrommexico.com\/app\/uploads\/2023\/05\/134921.jpeg","type":"image\/jpeg"}],"twitter_card":"summary_large_image","twitter_misc":{"Tiempo de lectura":"1 minuto"},"schema":{"@context":"https:\/\/schema.org","@graph":[{"@type":"WebPage","@id":"https:\/\/booksfrommexico.com\/es\/producto\/triptico-para-juan-rulfo-poesia-fotografia-critica\/","url":"https:\/\/booksfrommexico.com\/es\/producto\/triptico-para-juan-rulfo-poesia-fotografia-critica\/","name":"Tr\u00edptico para Juan Rulfo: Poes\u00eda, fotograf\u00eda, cr\u00edtica","isPartOf":{"@id":"https:\/\/booksfrommexico.com\/#website"},"primaryImageOfPage":{"@id":"https:\/\/booksfrommexico.com\/es\/producto\/triptico-para-juan-rulfo-poesia-fotografia-critica\/#primaryimage"},"image":{"@id":"https:\/\/booksfrommexico.com\/es\/producto\/triptico-para-juan-rulfo-poesia-fotografia-critica\/#primaryimage"},"thumbnailUrl":"https:\/\/booksfrommexico.com\/app\/uploads\/2023\/05\/134921.jpeg","datePublished":"2023-05-08T17:06:05+00:00","dateModified":"2024-07-05T20:49:00+00:00","description":"TR\u00cdPTICO PARA JUAN RULFO : POES\u00cdA, FOTOGRAF\u00cdA, CR\u00cdTICA. \/ V\u00edctor Jim\u00e9nez, Alberto Vital, Jorge Zepeda (coordinators). 2006. ISBN : 9688596272.","breadcrumb":{"@id":"https:\/\/booksfrommexico.com\/es\/producto\/triptico-para-juan-rulfo-poesia-fotografia-critica\/#breadcrumb"},"inLanguage":"es","potentialAction":[{"@type":"ReadAction","target":["https:\/\/booksfrommexico.com\/es\/producto\/triptico-para-juan-rulfo-poesia-fotografia-critica\/"]}]},{"@type":"ImageObject","inLanguage":"es","@id":"https:\/\/booksfrommexico.com\/es\/producto\/triptico-para-juan-rulfo-poesia-fotografia-critica\/#primaryimage","url":"https:\/\/booksfrommexico.com\/app\/uploads\/2023\/05\/134921.jpeg","contentUrl":"https:\/\/booksfrommexico.com\/app\/uploads\/2023\/05\/134921.jpeg","width":485,"height":684,"caption":"Tr\u00edptico para Juan Rulfo. Poes\u00eda, fotograf\u00eda, cr\u00edtica. Books From M\u00e9xico"},{"@type":"BreadcrumbList","@id":"https:\/\/booksfrommexico.com\/es\/producto\/triptico-para-juan-rulfo-poesia-fotografia-critica\/#breadcrumb","itemListElement":[{"@type":"ListItem","position":1,"name":"Home","item":"https:\/\/booksfrommexico.com\/es\/"},{"@type":"ListItem","position":2,"name":"Libros","item":"https:\/\/booksfrommexico.com\/es\/libros\/"},{"@type":"ListItem","position":3,"name":"Tr\u00edptico para Juan Rulfo: Poes\u00eda, fotograf\u00eda, cr\u00edtica"}]},{"@type":"WebSite","@id":"https:\/\/booksfrommexico.com\/#website","url":"https:\/\/booksfrommexico.com\/","name":"Books From Mexico","description":"","publisher":{"@id":"https:\/\/booksfrommexico.com\/#organization"},"potentialAction":[{"@type":"SearchAction","target":{"@type":"EntryPoint","urlTemplate":"https:\/\/booksfrommexico.com\/?s={search_term_string}"},"query-input":{"@type":"PropertyValueSpecification","valueRequired":true,"valueName":"search_term_string"}}],"inLanguage":"es"},{"@type":"Organization","@id":"https:\/\/booksfrommexico.com\/#organization","name":"Books From Mexico","url":"https:\/\/booksfrommexico.com\/","logo":{"@type":"ImageObject","inLanguage":"es","@id":"https:\/\/booksfrommexico.com\/#\/schema\/logo\/image\/","url":"https:\/\/booksfrommexico.com\/app\/uploads\/2023\/05\/logo-booksfrommexico.svg","contentUrl":"https:\/\/booksfrommexico.com\/app\/uploads\/2023\/05\/logo-booksfrommexico.svg","width":86,"height":56,"caption":"Books From Mexico"},"image":{"@id":"https:\/\/booksfrommexico.com\/#\/schema\/logo\/image\/"}}]}},"_links":{"self":[{"href":"https:\/\/booksfrommexico.com\/es\/wp-json\/wp\/v2\/product\/730","targetHints":{"allow":["GET"]}}],"collection":[{"href":"https:\/\/booksfrommexico.com\/es\/wp-json\/wp\/v2\/product"}],"about":[{"href":"https:\/\/booksfrommexico.com\/es\/wp-json\/wp\/v2\/types\/product"}],"wp:featuredmedia":[{"embeddable":true,"href":"https:\/\/booksfrommexico.com\/es\/wp-json\/wp\/v2\/media\/729"}],"wp:attachment":[{"href":"https:\/\/booksfrommexico.com\/es\/wp-json\/wp\/v2\/media?parent=730"}],"wp:term":[{"taxonomy":"product_brand","embeddable":true,"href":"https:\/\/booksfrommexico.com\/es\/wp-json\/wp\/v2\/product_brand?post=730"},{"taxonomy":"product_cat","embeddable":true,"href":"https:\/\/booksfrommexico.com\/es\/wp-json\/wp\/v2\/product_cat?post=730"},{"taxonomy":"product_tag","embeddable":true,"href":"https:\/\/booksfrommexico.com\/es\/wp-json\/wp\/v2\/product_tag?post=730"}],"curies":[{"name":"wp","href":"https:\/\/api.w.org\/{rel}","templated":true}]}}