{"id":732,"date":"2023-05-08T17:06:07","date_gmt":"2023-05-08T17:06:07","guid":{"rendered":"http:\/\/booksfrommexico.com\/product\/la-regulacion-del-crecimiento-de-la-poblacion-en-el-mexico-prehispanico\/"},"modified":"2024-07-05T20:32:48","modified_gmt":"2024-07-05T20:32:48","slug":"la-regulacion-del-crecimiento-de-la-poblacion-en-el-mexico-prehispanico","status":"publish","type":"product","link":"https:\/\/booksfrommexico.com\/es\/producto\/la-regulacion-del-crecimiento-de-la-poblacion-en-el-mexico-prehispanico\/","title":{"rendered":"La regulaci\u00f3n del crecimiento de la poblaci\u00f3n en el M\u00e9xico prehisp\u00e1nico"},"content":{"rendered":"<p><span style=\"font-weight: 400;\">La antropolog\u00eda y la democracia se fusionan aqu\u00ed para describir desde la antropolog\u00eda demogr\u00e1fica el perfil poblacional y reproductivo de los habitantes de Tlatilco en el Precl\u00e1sico, el de un sector de \u00e9lite de Palenque en el Cl\u00e1sico terminal y el del asentamiento chinampero de San Gregorio Atlapulco durante el Poscl\u00e1sico. Ante los contados testimonios acerca de los procedimientos utilizados para regular el crecimiento de los pobladores del M\u00e9xico antiguo, este ensayo \u2013ganador del premio Javier Romero 2003 otorgado por el INAH\u2013, tiene como prop\u00f3sito la reconstrucci\u00f3n de la din\u00e1mica demogr\u00e1fica de tres asentamientos ind\u00edgenas y el dise\u00f1o del marco te\u00f3rico y metodol\u00f3gico para su comprobaci\u00f3n.<\/span><\/p>\n","protected":false},"excerpt":{"rendered":"<p>LA REGULACI\u00d3N DEL CRECIMIENTO DE LA POBLACI\u00d3N EN EL M\u00c9XICO PREHISP\u00c1NICO<span style=\"font-weight: 400;\">. \/ Patricia Olga Hern\u00e1ndez Espinoza. M\u00e9xico, D.F. : Instituto Nacional de Antropolog\u00eda e Historia, 2006. 180 pages : includes tables, charts, bibliography ; 21 cm. (Colecci\u00f3n Divulgaci\u00f3n). ISBN :\u00a0 9680301850.<\/span><\/p>\n","protected":false},"featured_media":731,"template":"","meta":{"_acf_changed":false,"inline_featured_image":false},"product_brand":[],"product_cat":[19,117],"product_tag":[4054,4262,4398,3594,3587],"class_list":{"0":"post-732","1":"product","2":"type-product","3":"status-publish","4":"has-post-thumbnail","6":"product_cat-antropologia","7":"product_cat-etnoantropolgia","8":"product_tag-antropologia-es","9":"product_tag-cultura-prehispanica","10":"product_tag-historia-mexico","11":"product_tag-mexico","12":"product_tag-prehispanico","14":"first","15":"instock","16":"taxable","17":"shipping-taxable","18":"purchasable","19":"product-type-simple"},"acf":[],"yoast_head":"<!-- This site is optimized with the Yoast SEO plugin v27.3 - https:\/\/yoast.com\/product\/yoast-seo-wordpress\/ -->\n<title>La regulaci\u00f3n del crecimiento de poblaci\u00f3n del M\u00e9xico prehisp\u00e1nico<\/title>\n<meta name=\"description\" content=\"LA REGULACI\u00d3N DEL CRECIMIENTO DE LA POBLACI\u00d3N EN EL M\u00c9XICO PREHISP\u00c1NICO. \/ Patricia Olga Hern\u00e1ndez Espinoza. INAH. 2006. (Colecci\u00f3n Divulgaci\u00f3n).\" \/>\n<meta name=\"robots\" content=\"index, follow, max-snippet:-1, max-image-preview:large, max-video-preview:-1\" \/>\n<link rel=\"canonical\" href=\"https:\/\/booksfrommexico.com\/es\/producto\/la-regulacion-del-crecimiento-de-la-poblacion-en-el-mexico-prehispanico\/\" \/>\n<meta property=\"og:locale\" content=\"es_ES\" \/>\n<meta property=\"og:type\" content=\"article\" \/>\n<meta property=\"og:title\" content=\"La regulaci\u00f3n del crecimiento de poblaci\u00f3n del M\u00e9xico prehisp\u00e1nico\" \/>\n<meta property=\"og:description\" content=\"LA REGULACI\u00d3N DEL CRECIMIENTO DE LA POBLACI\u00d3N EN EL M\u00c9XICO PREHISP\u00c1NICO. \/ Patricia Olga Hern\u00e1ndez Espinoza. INAH. 2006. (Colecci\u00f3n Divulgaci\u00f3n).\" \/>\n<meta property=\"og:url\" content=\"https:\/\/booksfrommexico.com\/es\/producto\/la-regulacion-del-crecimiento-de-la-poblacion-en-el-mexico-prehispanico\/\" \/>\n<meta property=\"og:site_name\" content=\"Books From Mexico\" \/>\n<meta property=\"article:modified_time\" content=\"2024-07-05T20:32:48+00:00\" \/>\n<meta property=\"og:image\" content=\"http:\/\/booksfrommexico.com\/app\/uploads\/2023\/05\/134966.jpeg\" \/>\n\t<meta property=\"og:image:width\" content=\"385\" \/>\n\t<meta property=\"og:image:height\" content=\"601\" \/>\n\t<meta property=\"og:image:type\" content=\"image\/jpeg\" \/>\n<meta name=\"twitter:card\" content=\"summary_large_image\" \/>\n<meta name=\"twitter:label1\" content=\"Tiempo de lectura\" \/>\n\t<meta name=\"twitter:data1\" content=\"1 minuto\" \/>\n<script type=\"application\/ld+json\" class=\"yoast-schema-graph\">{\"@context\":\"https:\\\/\\\/schema.org\",\"@graph\":[{\"@type\":\"WebPage\",\"@id\":\"https:\\\/\\\/booksfrommexico.com\\\/es\\\/producto\\\/la-regulacion-del-crecimiento-de-la-poblacion-en-el-mexico-prehispanico\\\/\",\"url\":\"https:\\\/\\\/booksfrommexico.com\\\/es\\\/producto\\\/la-regulacion-del-crecimiento-de-la-poblacion-en-el-mexico-prehispanico\\\/\",\"name\":\"La regulaci\u00f3n del crecimiento de poblaci\u00f3n del M\u00e9xico prehisp\u00e1nico\",\"isPartOf\":{\"@id\":\"https:\\\/\\\/booksfrommexico.com\\\/#website\"},\"primaryImageOfPage\":{\"@id\":\"https:\\\/\\\/booksfrommexico.com\\\/es\\\/producto\\\/la-regulacion-del-crecimiento-de-la-poblacion-en-el-mexico-prehispanico\\\/#primaryimage\"},\"image\":{\"@id\":\"https:\\\/\\\/booksfrommexico.com\\\/es\\\/producto\\\/la-regulacion-del-crecimiento-de-la-poblacion-en-el-mexico-prehispanico\\\/#primaryimage\"},\"thumbnailUrl\":\"https:\\\/\\\/booksfrommexico.com\\\/app\\\/uploads\\\/2023\\\/05\\\/134966.jpeg\",\"datePublished\":\"2023-05-08T17:06:07+00:00\",\"dateModified\":\"2024-07-05T20:32:48+00:00\",\"description\":\"LA REGULACI\u00d3N DEL CRECIMIENTO DE LA POBLACI\u00d3N EN EL M\u00c9XICO PREHISP\u00c1NICO. \\\/ Patricia Olga Hern\u00e1ndez Espinoza. INAH. 2006. (Colecci\u00f3n Divulgaci\u00f3n).\",\"breadcrumb\":{\"@id\":\"https:\\\/\\\/booksfrommexico.com\\\/es\\\/producto\\\/la-regulacion-del-crecimiento-de-la-poblacion-en-el-mexico-prehispanico\\\/#breadcrumb\"},\"inLanguage\":\"es\",\"potentialAction\":[{\"@type\":\"ReadAction\",\"target\":[\"https:\\\/\\\/booksfrommexico.com\\\/es\\\/producto\\\/la-regulacion-del-crecimiento-de-la-poblacion-en-el-mexico-prehispanico\\\/\"]}]},{\"@type\":\"ImageObject\",\"inLanguage\":\"es\",\"@id\":\"https:\\\/\\\/booksfrommexico.com\\\/es\\\/producto\\\/la-regulacion-del-crecimiento-de-la-poblacion-en-el-mexico-prehispanico\\\/#primaryimage\",\"url\":\"https:\\\/\\\/booksfrommexico.com\\\/app\\\/uploads\\\/2023\\\/05\\\/134966.jpeg\",\"contentUrl\":\"https:\\\/\\\/booksfrommexico.com\\\/app\\\/uploads\\\/2023\\\/05\\\/134966.jpeg\",\"width\":385,\"height\":601,\"caption\":\"La Regulaci\u00f3n del crecimiento de la poblaci\u00f3n en el M\u00e9xico prehisp\u00e1nico. Books From M\u00e9xico\"},{\"@type\":\"BreadcrumbList\",\"@id\":\"https:\\\/\\\/booksfrommexico.com\\\/es\\\/producto\\\/la-regulacion-del-crecimiento-de-la-poblacion-en-el-mexico-prehispanico\\\/#breadcrumb\",\"itemListElement\":[{\"@type\":\"ListItem\",\"position\":1,\"name\":\"Home\",\"item\":\"https:\\\/\\\/booksfrommexico.com\\\/es\\\/\"},{\"@type\":\"ListItem\",\"position\":2,\"name\":\"Libros\",\"item\":\"https:\\\/\\\/booksfrommexico.com\\\/es\\\/libros\\\/\"},{\"@type\":\"ListItem\",\"position\":3,\"name\":\"La regulaci\u00f3n del crecimiento de la poblaci\u00f3n en el M\u00e9xico prehisp\u00e1nico\"}]},{\"@type\":\"WebSite\",\"@id\":\"https:\\\/\\\/booksfrommexico.com\\\/#website\",\"url\":\"https:\\\/\\\/booksfrommexico.com\\\/\",\"name\":\"Books From Mexico\",\"description\":\"\",\"publisher\":{\"@id\":\"https:\\\/\\\/booksfrommexico.com\\\/#organization\"},\"potentialAction\":[{\"@type\":\"SearchAction\",\"target\":{\"@type\":\"EntryPoint\",\"urlTemplate\":\"https:\\\/\\\/booksfrommexico.com\\\/?s={search_term_string}\"},\"query-input\":{\"@type\":\"PropertyValueSpecification\",\"valueRequired\":true,\"valueName\":\"search_term_string\"}}],\"inLanguage\":\"es\"},{\"@type\":\"Organization\",\"@id\":\"https:\\\/\\\/booksfrommexico.com\\\/#organization\",\"name\":\"Books From Mexico\",\"url\":\"https:\\\/\\\/booksfrommexico.com\\\/\",\"logo\":{\"@type\":\"ImageObject\",\"inLanguage\":\"es\",\"@id\":\"https:\\\/\\\/booksfrommexico.com\\\/#\\\/schema\\\/logo\\\/image\\\/\",\"url\":\"https:\\\/\\\/booksfrommexico.com\\\/app\\\/uploads\\\/2023\\\/05\\\/logo-booksfrommexico.svg\",\"contentUrl\":\"https:\\\/\\\/booksfrommexico.com\\\/app\\\/uploads\\\/2023\\\/05\\\/logo-booksfrommexico.svg\",\"width\":86,\"height\":56,\"caption\":\"Books From Mexico\"},\"image\":{\"@id\":\"https:\\\/\\\/booksfrommexico.com\\\/#\\\/schema\\\/logo\\\/image\\\/\"}}]}<\/script>\n<!-- \/ Yoast SEO plugin. -->","yoast_head_json":{"title":"La regulaci\u00f3n del crecimiento de poblaci\u00f3n del M\u00e9xico prehisp\u00e1nico","description":"LA REGULACI\u00d3N DEL CRECIMIENTO DE LA POBLACI\u00d3N EN EL M\u00c9XICO PREHISP\u00c1NICO. \/ Patricia Olga Hern\u00e1ndez Espinoza. INAH. 2006. (Colecci\u00f3n Divulgaci\u00f3n).","robots":{"index":"index","follow":"follow","max-snippet":"max-snippet:-1","max-image-preview":"max-image-preview:large","max-video-preview":"max-video-preview:-1"},"canonical":"https:\/\/booksfrommexico.com\/es\/producto\/la-regulacion-del-crecimiento-de-la-poblacion-en-el-mexico-prehispanico\/","og_locale":"es_ES","og_type":"article","og_title":"La regulaci\u00f3n del crecimiento de poblaci\u00f3n del M\u00e9xico prehisp\u00e1nico","og_description":"LA REGULACI\u00d3N DEL CRECIMIENTO DE LA POBLACI\u00d3N EN EL M\u00c9XICO PREHISP\u00c1NICO. \/ Patricia Olga Hern\u00e1ndez Espinoza. INAH. 2006. (Colecci\u00f3n Divulgaci\u00f3n).","og_url":"https:\/\/booksfrommexico.com\/es\/producto\/la-regulacion-del-crecimiento-de-la-poblacion-en-el-mexico-prehispanico\/","og_site_name":"Books From Mexico","article_modified_time":"2024-07-05T20:32:48+00:00","og_image":[{"width":385,"height":601,"url":"http:\/\/booksfrommexico.com\/app\/uploads\/2023\/05\/134966.jpeg","type":"image\/jpeg"}],"twitter_card":"summary_large_image","twitter_misc":{"Tiempo de lectura":"1 minuto"},"schema":{"@context":"https:\/\/schema.org","@graph":[{"@type":"WebPage","@id":"https:\/\/booksfrommexico.com\/es\/producto\/la-regulacion-del-crecimiento-de-la-poblacion-en-el-mexico-prehispanico\/","url":"https:\/\/booksfrommexico.com\/es\/producto\/la-regulacion-del-crecimiento-de-la-poblacion-en-el-mexico-prehispanico\/","name":"La regulaci\u00f3n del crecimiento de poblaci\u00f3n del M\u00e9xico prehisp\u00e1nico","isPartOf":{"@id":"https:\/\/booksfrommexico.com\/#website"},"primaryImageOfPage":{"@id":"https:\/\/booksfrommexico.com\/es\/producto\/la-regulacion-del-crecimiento-de-la-poblacion-en-el-mexico-prehispanico\/#primaryimage"},"image":{"@id":"https:\/\/booksfrommexico.com\/es\/producto\/la-regulacion-del-crecimiento-de-la-poblacion-en-el-mexico-prehispanico\/#primaryimage"},"thumbnailUrl":"https:\/\/booksfrommexico.com\/app\/uploads\/2023\/05\/134966.jpeg","datePublished":"2023-05-08T17:06:07+00:00","dateModified":"2024-07-05T20:32:48+00:00","description":"LA REGULACI\u00d3N DEL CRECIMIENTO DE LA POBLACI\u00d3N EN EL M\u00c9XICO PREHISP\u00c1NICO. \/ Patricia Olga Hern\u00e1ndez Espinoza. INAH. 2006. (Colecci\u00f3n Divulgaci\u00f3n).","breadcrumb":{"@id":"https:\/\/booksfrommexico.com\/es\/producto\/la-regulacion-del-crecimiento-de-la-poblacion-en-el-mexico-prehispanico\/#breadcrumb"},"inLanguage":"es","potentialAction":[{"@type":"ReadAction","target":["https:\/\/booksfrommexico.com\/es\/producto\/la-regulacion-del-crecimiento-de-la-poblacion-en-el-mexico-prehispanico\/"]}]},{"@type":"ImageObject","inLanguage":"es","@id":"https:\/\/booksfrommexico.com\/es\/producto\/la-regulacion-del-crecimiento-de-la-poblacion-en-el-mexico-prehispanico\/#primaryimage","url":"https:\/\/booksfrommexico.com\/app\/uploads\/2023\/05\/134966.jpeg","contentUrl":"https:\/\/booksfrommexico.com\/app\/uploads\/2023\/05\/134966.jpeg","width":385,"height":601,"caption":"La Regulaci\u00f3n del crecimiento de la poblaci\u00f3n en el M\u00e9xico prehisp\u00e1nico. Books From M\u00e9xico"},{"@type":"BreadcrumbList","@id":"https:\/\/booksfrommexico.com\/es\/producto\/la-regulacion-del-crecimiento-de-la-poblacion-en-el-mexico-prehispanico\/#breadcrumb","itemListElement":[{"@type":"ListItem","position":1,"name":"Home","item":"https:\/\/booksfrommexico.com\/es\/"},{"@type":"ListItem","position":2,"name":"Libros","item":"https:\/\/booksfrommexico.com\/es\/libros\/"},{"@type":"ListItem","position":3,"name":"La regulaci\u00f3n del crecimiento de la poblaci\u00f3n en el M\u00e9xico prehisp\u00e1nico"}]},{"@type":"WebSite","@id":"https:\/\/booksfrommexico.com\/#website","url":"https:\/\/booksfrommexico.com\/","name":"Books From Mexico","description":"","publisher":{"@id":"https:\/\/booksfrommexico.com\/#organization"},"potentialAction":[{"@type":"SearchAction","target":{"@type":"EntryPoint","urlTemplate":"https:\/\/booksfrommexico.com\/?s={search_term_string}"},"query-input":{"@type":"PropertyValueSpecification","valueRequired":true,"valueName":"search_term_string"}}],"inLanguage":"es"},{"@type":"Organization","@id":"https:\/\/booksfrommexico.com\/#organization","name":"Books From Mexico","url":"https:\/\/booksfrommexico.com\/","logo":{"@type":"ImageObject","inLanguage":"es","@id":"https:\/\/booksfrommexico.com\/#\/schema\/logo\/image\/","url":"https:\/\/booksfrommexico.com\/app\/uploads\/2023\/05\/logo-booksfrommexico.svg","contentUrl":"https:\/\/booksfrommexico.com\/app\/uploads\/2023\/05\/logo-booksfrommexico.svg","width":86,"height":56,"caption":"Books From Mexico"},"image":{"@id":"https:\/\/booksfrommexico.com\/#\/schema\/logo\/image\/"}}]}},"_links":{"self":[{"href":"https:\/\/booksfrommexico.com\/es\/wp-json\/wp\/v2\/product\/732","targetHints":{"allow":["GET"]}}],"collection":[{"href":"https:\/\/booksfrommexico.com\/es\/wp-json\/wp\/v2\/product"}],"about":[{"href":"https:\/\/booksfrommexico.com\/es\/wp-json\/wp\/v2\/types\/product"}],"wp:featuredmedia":[{"embeddable":true,"href":"https:\/\/booksfrommexico.com\/es\/wp-json\/wp\/v2\/media\/731"}],"wp:attachment":[{"href":"https:\/\/booksfrommexico.com\/es\/wp-json\/wp\/v2\/media?parent=732"}],"wp:term":[{"taxonomy":"product_brand","embeddable":true,"href":"https:\/\/booksfrommexico.com\/es\/wp-json\/wp\/v2\/product_brand?post=732"},{"taxonomy":"product_cat","embeddable":true,"href":"https:\/\/booksfrommexico.com\/es\/wp-json\/wp\/v2\/product_cat?post=732"},{"taxonomy":"product_tag","embeddable":true,"href":"https:\/\/booksfrommexico.com\/es\/wp-json\/wp\/v2\/product_tag?post=732"}],"curies":[{"name":"wp","href":"https:\/\/api.w.org\/{rel}","templated":true}]}}