{"id":736,"date":"2023-05-08T17:06:10","date_gmt":"2023-05-08T17:06:10","guid":{"rendered":"http:\/\/booksfrommexico.com\/product\/el-movimiento-chicano-en-el-paradigma-del-multiculturalismo-de-los-estado-unidos-de-pochos-a-chicanos\/"},"modified":"2024-07-05T18:33:44","modified_gmt":"2024-07-05T18:33:44","slug":"el-movimiento-chicano-en-el-paradigma-del-multiculturalismo-de-los-estado-unidos-de-pochos-a-chicanos","status":"publish","type":"product","link":"https:\/\/booksfrommexico.com\/es\/producto\/el-movimiento-chicano-en-el-paradigma-del-multiculturalismo-de-los-estado-unidos-de-pochos-a-chicanos\/","title":{"rendered":"El movimiento chicano en el paradigma del multiculturalismo de los Estado Unidos"},"content":{"rendered":"<p><span style=\"font-weight: 400;\">La cada vez mayor inmigraci\u00f3n mexicana a Estados Unidos hace que la comprensi\u00f3n de la identidad de los grupos autodenominados \u201cchicanos\u201d, \u201clatinos\u201d o \u201chispanos\u201d sea de gran importancia. Este trabajo est\u00e1 dirigido a examinar el proceso de toma de conciencia de la identidad \u00e9tnico-cultural de una parte de la poblaci\u00f3n de origen mexicano en el sudoeste de los Estados Unidos. La autora sostiene que s\u00f3lo al disipar los mitos y abandonar los estereotipos a trav\u00e9s de este conocimiento, se podr\u00e1 comenzar a deslindar de manera objetiva los puntos de contacto, divergencia y colaboraci\u00f3n con la comunidad chicana, tanto a nivel sociocultural como diplom\u00e1tico-pol\u00edtico.<\/span><\/p>\n<p><br style=\"font-weight: 400;\" \/><br style=\"font-weight: 400;\" \/><\/p>\n","protected":false},"excerpt":{"rendered":"<p>EL MOVIMIENTO CHICANO EN EL PARADIGMA DEL MULTICULTURALISMO DE LOS ESTADO UNIDOS : DE POCHOS A CHICANOS, HACIA LA IDENTIDAD<span style=\"font-weight: 400;\">. \/ Esperanza Garc\u00eda y Garc\u00eda. M\u00e9xico, D.F. : Universidad Iberoamericana ; Universidad Nacional Aut\u00f3noma de M\u00e9xico , Centro de Investigaciones Sobre Am\u00e9rica del Norte, 2007. 271 pages : includes references, tables, bibliography ; 21 cm. ISBN :\u00a0 9688596329.<\/span><\/p>\n","protected":false},"featured_media":735,"template":"","meta":{"_acf_changed":false,"inline_featured_image":false},"product_brand":[],"product_cat":[182,441,78],"product_tag":[4216,4434,3683,3608],"class_list":{"0":"post-736","1":"product","2":"type-product","3":"status-publish","4":"has-post-thumbnail","6":"product_cat-estudios-culturales-y-de-identidad-sociologia","7":"product_cat-movimientos-sociales-sociologia","8":"product_cat-sociologia","9":"product_tag-chicano","10":"product_tag-movimientos-sociales","11":"product_tag-multiculturalismo","12":"product_tag-vida-social-y-costumbres","14":"first","15":"instock","16":"taxable","17":"shipping-taxable","18":"purchasable","19":"product-type-simple"},"acf":[],"yoast_head":"<!-- This site is optimized with the Yoast SEO plugin v27.3 - https:\/\/yoast.com\/product\/yoast-seo-wordpress\/ -->\n<title>El movimiento chicano en el paradigma del multiculturalismo en EU<\/title>\n<meta name=\"description\" content=\"EL MOVIMIENTO CHICANO EN EL PARADIGMA DEL MULTICULTURALISMO DE LOS ESTADO UNIDOS : DE POCHOS A CHICANOS, HACIA LA IDENTIDAD. \/ Esperanza Garc\u00eda y Garc\u00eda.\" \/>\n<meta name=\"robots\" content=\"index, follow, max-snippet:-1, max-image-preview:large, max-video-preview:-1\" \/>\n<link rel=\"canonical\" href=\"https:\/\/booksfrommexico.com\/es\/producto\/el-movimiento-chicano-en-el-paradigma-del-multiculturalismo-de-los-estado-unidos-de-pochos-a-chicanos\/\" \/>\n<meta property=\"og:locale\" content=\"es_ES\" \/>\n<meta property=\"og:type\" content=\"article\" \/>\n<meta property=\"og:title\" content=\"El movimiento chicano en el paradigma del multiculturalismo en EU\" \/>\n<meta property=\"og:description\" content=\"EL MOVIMIENTO CHICANO EN EL PARADIGMA DEL MULTICULTURALISMO DE LOS ESTADO UNIDOS : DE POCHOS A CHICANOS, HACIA LA IDENTIDAD. \/ Esperanza Garc\u00eda y Garc\u00eda.\" \/>\n<meta property=\"og:url\" content=\"https:\/\/booksfrommexico.com\/es\/producto\/el-movimiento-chicano-en-el-paradigma-del-multiculturalismo-de-los-estado-unidos-de-pochos-a-chicanos\/\" \/>\n<meta property=\"og:site_name\" content=\"Books From Mexico\" \/>\n<meta property=\"article:modified_time\" content=\"2024-07-05T18:33:44+00:00\" \/>\n<meta property=\"og:image\" content=\"http:\/\/booksfrommexico.com\/app\/uploads\/2023\/05\/135140.jpeg\" \/>\n\t<meta property=\"og:image:width\" content=\"381\" \/>\n\t<meta property=\"og:image:height\" content=\"611\" \/>\n\t<meta property=\"og:image:type\" content=\"image\/jpeg\" \/>\n<meta name=\"twitter:card\" content=\"summary_large_image\" \/>\n<meta name=\"twitter:label1\" content=\"Tiempo de lectura\" \/>\n\t<meta name=\"twitter:data1\" content=\"1 minuto\" \/>\n<script type=\"application\/ld+json\" class=\"yoast-schema-graph\">{\"@context\":\"https:\\\/\\\/schema.org\",\"@graph\":[{\"@type\":\"WebPage\",\"@id\":\"https:\\\/\\\/booksfrommexico.com\\\/es\\\/producto\\\/el-movimiento-chicano-en-el-paradigma-del-multiculturalismo-de-los-estado-unidos-de-pochos-a-chicanos\\\/\",\"url\":\"https:\\\/\\\/booksfrommexico.com\\\/es\\\/producto\\\/el-movimiento-chicano-en-el-paradigma-del-multiculturalismo-de-los-estado-unidos-de-pochos-a-chicanos\\\/\",\"name\":\"El movimiento chicano en el paradigma del multiculturalismo en EU\",\"isPartOf\":{\"@id\":\"https:\\\/\\\/booksfrommexico.com\\\/#website\"},\"primaryImageOfPage\":{\"@id\":\"https:\\\/\\\/booksfrommexico.com\\\/es\\\/producto\\\/el-movimiento-chicano-en-el-paradigma-del-multiculturalismo-de-los-estado-unidos-de-pochos-a-chicanos\\\/#primaryimage\"},\"image\":{\"@id\":\"https:\\\/\\\/booksfrommexico.com\\\/es\\\/producto\\\/el-movimiento-chicano-en-el-paradigma-del-multiculturalismo-de-los-estado-unidos-de-pochos-a-chicanos\\\/#primaryimage\"},\"thumbnailUrl\":\"https:\\\/\\\/booksfrommexico.com\\\/app\\\/uploads\\\/2023\\\/05\\\/135140.jpeg\",\"datePublished\":\"2023-05-08T17:06:10+00:00\",\"dateModified\":\"2024-07-05T18:33:44+00:00\",\"description\":\"EL MOVIMIENTO CHICANO EN EL PARADIGMA DEL MULTICULTURALISMO DE LOS ESTADO UNIDOS : DE POCHOS A CHICANOS, HACIA LA IDENTIDAD. \\\/ Esperanza Garc\u00eda y Garc\u00eda.\",\"breadcrumb\":{\"@id\":\"https:\\\/\\\/booksfrommexico.com\\\/es\\\/producto\\\/el-movimiento-chicano-en-el-paradigma-del-multiculturalismo-de-los-estado-unidos-de-pochos-a-chicanos\\\/#breadcrumb\"},\"inLanguage\":\"es\",\"potentialAction\":[{\"@type\":\"ReadAction\",\"target\":[\"https:\\\/\\\/booksfrommexico.com\\\/es\\\/producto\\\/el-movimiento-chicano-en-el-paradigma-del-multiculturalismo-de-los-estado-unidos-de-pochos-a-chicanos\\\/\"]}]},{\"@type\":\"ImageObject\",\"inLanguage\":\"es\",\"@id\":\"https:\\\/\\\/booksfrommexico.com\\\/es\\\/producto\\\/el-movimiento-chicano-en-el-paradigma-del-multiculturalismo-de-los-estado-unidos-de-pochos-a-chicanos\\\/#primaryimage\",\"url\":\"https:\\\/\\\/booksfrommexico.com\\\/app\\\/uploads\\\/2023\\\/05\\\/135140.jpeg\",\"contentUrl\":\"https:\\\/\\\/booksfrommexico.com\\\/app\\\/uploads\\\/2023\\\/05\\\/135140.jpeg\",\"width\":381,\"height\":611,\"caption\":\"El Movimiento chicano en el paradigma del multiculturalismo de los Estado Unidos. Books From M\u00e9xico\"},{\"@type\":\"BreadcrumbList\",\"@id\":\"https:\\\/\\\/booksfrommexico.com\\\/es\\\/producto\\\/el-movimiento-chicano-en-el-paradigma-del-multiculturalismo-de-los-estado-unidos-de-pochos-a-chicanos\\\/#breadcrumb\",\"itemListElement\":[{\"@type\":\"ListItem\",\"position\":1,\"name\":\"Home\",\"item\":\"https:\\\/\\\/booksfrommexico.com\\\/es\\\/\"},{\"@type\":\"ListItem\",\"position\":2,\"name\":\"Libros\",\"item\":\"https:\\\/\\\/booksfrommexico.com\\\/es\\\/libros\\\/\"},{\"@type\":\"ListItem\",\"position\":3,\"name\":\"El movimiento chicano en el paradigma del multiculturalismo de los Estado Unidos\"}]},{\"@type\":\"WebSite\",\"@id\":\"https:\\\/\\\/booksfrommexico.com\\\/#website\",\"url\":\"https:\\\/\\\/booksfrommexico.com\\\/\",\"name\":\"Books From Mexico\",\"description\":\"\",\"publisher\":{\"@id\":\"https:\\\/\\\/booksfrommexico.com\\\/#organization\"},\"potentialAction\":[{\"@type\":\"SearchAction\",\"target\":{\"@type\":\"EntryPoint\",\"urlTemplate\":\"https:\\\/\\\/booksfrommexico.com\\\/?s={search_term_string}\"},\"query-input\":{\"@type\":\"PropertyValueSpecification\",\"valueRequired\":true,\"valueName\":\"search_term_string\"}}],\"inLanguage\":\"es\"},{\"@type\":\"Organization\",\"@id\":\"https:\\\/\\\/booksfrommexico.com\\\/#organization\",\"name\":\"Books From Mexico\",\"url\":\"https:\\\/\\\/booksfrommexico.com\\\/\",\"logo\":{\"@type\":\"ImageObject\",\"inLanguage\":\"es\",\"@id\":\"https:\\\/\\\/booksfrommexico.com\\\/#\\\/schema\\\/logo\\\/image\\\/\",\"url\":\"https:\\\/\\\/booksfrommexico.com\\\/app\\\/uploads\\\/2023\\\/05\\\/logo-booksfrommexico.svg\",\"contentUrl\":\"https:\\\/\\\/booksfrommexico.com\\\/app\\\/uploads\\\/2023\\\/05\\\/logo-booksfrommexico.svg\",\"width\":86,\"height\":56,\"caption\":\"Books From Mexico\"},\"image\":{\"@id\":\"https:\\\/\\\/booksfrommexico.com\\\/#\\\/schema\\\/logo\\\/image\\\/\"}}]}<\/script>\n<!-- \/ Yoast SEO plugin. -->","yoast_head_json":{"title":"El movimiento chicano en el paradigma del multiculturalismo en EU","description":"EL MOVIMIENTO CHICANO EN EL PARADIGMA DEL MULTICULTURALISMO DE LOS ESTADO UNIDOS : DE POCHOS A CHICANOS, HACIA LA IDENTIDAD. \/ Esperanza Garc\u00eda y Garc\u00eda.","robots":{"index":"index","follow":"follow","max-snippet":"max-snippet:-1","max-image-preview":"max-image-preview:large","max-video-preview":"max-video-preview:-1"},"canonical":"https:\/\/booksfrommexico.com\/es\/producto\/el-movimiento-chicano-en-el-paradigma-del-multiculturalismo-de-los-estado-unidos-de-pochos-a-chicanos\/","og_locale":"es_ES","og_type":"article","og_title":"El movimiento chicano en el paradigma del multiculturalismo en EU","og_description":"EL MOVIMIENTO CHICANO EN EL PARADIGMA DEL MULTICULTURALISMO DE LOS ESTADO UNIDOS : DE POCHOS A CHICANOS, HACIA LA IDENTIDAD. \/ Esperanza Garc\u00eda y Garc\u00eda.","og_url":"https:\/\/booksfrommexico.com\/es\/producto\/el-movimiento-chicano-en-el-paradigma-del-multiculturalismo-de-los-estado-unidos-de-pochos-a-chicanos\/","og_site_name":"Books From Mexico","article_modified_time":"2024-07-05T18:33:44+00:00","og_image":[{"width":381,"height":611,"url":"http:\/\/booksfrommexico.com\/app\/uploads\/2023\/05\/135140.jpeg","type":"image\/jpeg"}],"twitter_card":"summary_large_image","twitter_misc":{"Tiempo de lectura":"1 minuto"},"schema":{"@context":"https:\/\/schema.org","@graph":[{"@type":"WebPage","@id":"https:\/\/booksfrommexico.com\/es\/producto\/el-movimiento-chicano-en-el-paradigma-del-multiculturalismo-de-los-estado-unidos-de-pochos-a-chicanos\/","url":"https:\/\/booksfrommexico.com\/es\/producto\/el-movimiento-chicano-en-el-paradigma-del-multiculturalismo-de-los-estado-unidos-de-pochos-a-chicanos\/","name":"El movimiento chicano en el paradigma del multiculturalismo en EU","isPartOf":{"@id":"https:\/\/booksfrommexico.com\/#website"},"primaryImageOfPage":{"@id":"https:\/\/booksfrommexico.com\/es\/producto\/el-movimiento-chicano-en-el-paradigma-del-multiculturalismo-de-los-estado-unidos-de-pochos-a-chicanos\/#primaryimage"},"image":{"@id":"https:\/\/booksfrommexico.com\/es\/producto\/el-movimiento-chicano-en-el-paradigma-del-multiculturalismo-de-los-estado-unidos-de-pochos-a-chicanos\/#primaryimage"},"thumbnailUrl":"https:\/\/booksfrommexico.com\/app\/uploads\/2023\/05\/135140.jpeg","datePublished":"2023-05-08T17:06:10+00:00","dateModified":"2024-07-05T18:33:44+00:00","description":"EL MOVIMIENTO CHICANO EN EL PARADIGMA DEL MULTICULTURALISMO DE LOS ESTADO UNIDOS : DE POCHOS A CHICANOS, HACIA LA IDENTIDAD. \/ Esperanza Garc\u00eda y Garc\u00eda.","breadcrumb":{"@id":"https:\/\/booksfrommexico.com\/es\/producto\/el-movimiento-chicano-en-el-paradigma-del-multiculturalismo-de-los-estado-unidos-de-pochos-a-chicanos\/#breadcrumb"},"inLanguage":"es","potentialAction":[{"@type":"ReadAction","target":["https:\/\/booksfrommexico.com\/es\/producto\/el-movimiento-chicano-en-el-paradigma-del-multiculturalismo-de-los-estado-unidos-de-pochos-a-chicanos\/"]}]},{"@type":"ImageObject","inLanguage":"es","@id":"https:\/\/booksfrommexico.com\/es\/producto\/el-movimiento-chicano-en-el-paradigma-del-multiculturalismo-de-los-estado-unidos-de-pochos-a-chicanos\/#primaryimage","url":"https:\/\/booksfrommexico.com\/app\/uploads\/2023\/05\/135140.jpeg","contentUrl":"https:\/\/booksfrommexico.com\/app\/uploads\/2023\/05\/135140.jpeg","width":381,"height":611,"caption":"El Movimiento chicano en el paradigma del multiculturalismo de los Estado Unidos. Books From M\u00e9xico"},{"@type":"BreadcrumbList","@id":"https:\/\/booksfrommexico.com\/es\/producto\/el-movimiento-chicano-en-el-paradigma-del-multiculturalismo-de-los-estado-unidos-de-pochos-a-chicanos\/#breadcrumb","itemListElement":[{"@type":"ListItem","position":1,"name":"Home","item":"https:\/\/booksfrommexico.com\/es\/"},{"@type":"ListItem","position":2,"name":"Libros","item":"https:\/\/booksfrommexico.com\/es\/libros\/"},{"@type":"ListItem","position":3,"name":"El movimiento chicano en el paradigma del multiculturalismo de los Estado Unidos"}]},{"@type":"WebSite","@id":"https:\/\/booksfrommexico.com\/#website","url":"https:\/\/booksfrommexico.com\/","name":"Books From Mexico","description":"","publisher":{"@id":"https:\/\/booksfrommexico.com\/#organization"},"potentialAction":[{"@type":"SearchAction","target":{"@type":"EntryPoint","urlTemplate":"https:\/\/booksfrommexico.com\/?s={search_term_string}"},"query-input":{"@type":"PropertyValueSpecification","valueRequired":true,"valueName":"search_term_string"}}],"inLanguage":"es"},{"@type":"Organization","@id":"https:\/\/booksfrommexico.com\/#organization","name":"Books From Mexico","url":"https:\/\/booksfrommexico.com\/","logo":{"@type":"ImageObject","inLanguage":"es","@id":"https:\/\/booksfrommexico.com\/#\/schema\/logo\/image\/","url":"https:\/\/booksfrommexico.com\/app\/uploads\/2023\/05\/logo-booksfrommexico.svg","contentUrl":"https:\/\/booksfrommexico.com\/app\/uploads\/2023\/05\/logo-booksfrommexico.svg","width":86,"height":56,"caption":"Books From Mexico"},"image":{"@id":"https:\/\/booksfrommexico.com\/#\/schema\/logo\/image\/"}}]}},"_links":{"self":[{"href":"https:\/\/booksfrommexico.com\/es\/wp-json\/wp\/v2\/product\/736","targetHints":{"allow":["GET"]}}],"collection":[{"href":"https:\/\/booksfrommexico.com\/es\/wp-json\/wp\/v2\/product"}],"about":[{"href":"https:\/\/booksfrommexico.com\/es\/wp-json\/wp\/v2\/types\/product"}],"wp:featuredmedia":[{"embeddable":true,"href":"https:\/\/booksfrommexico.com\/es\/wp-json\/wp\/v2\/media\/735"}],"wp:attachment":[{"href":"https:\/\/booksfrommexico.com\/es\/wp-json\/wp\/v2\/media?parent=736"}],"wp:term":[{"taxonomy":"product_brand","embeddable":true,"href":"https:\/\/booksfrommexico.com\/es\/wp-json\/wp\/v2\/product_brand?post=736"},{"taxonomy":"product_cat","embeddable":true,"href":"https:\/\/booksfrommexico.com\/es\/wp-json\/wp\/v2\/product_cat?post=736"},{"taxonomy":"product_tag","embeddable":true,"href":"https:\/\/booksfrommexico.com\/es\/wp-json\/wp\/v2\/product_tag?post=736"}],"curies":[{"name":"wp","href":"https:\/\/api.w.org\/{rel}","templated":true}]}}