{"id":738,"date":"2023-05-08T17:06:11","date_gmt":"2023-05-08T17:06:11","guid":{"rendered":"http:\/\/booksfrommexico.com\/product\/la-asistencia-social-indigena-como-deber-de-los-gobiernos-municipales-del-estado-de-mexico\/"},"modified":"2024-07-05T18:16:52","modified_gmt":"2024-07-05T18:16:52","slug":"la-asistencia-social-indigena-como-deber-de-los-gobiernos-municipales-del-estado-de-mexico","status":"publish","type":"product","link":"https:\/\/booksfrommexico.com\/es\/producto\/la-asistencia-social-indigena-como-deber-de-los-gobiernos-municipales-del-estado-de-mexico\/","title":{"rendered":"La asistencia social ind\u00edgena: Como deber de los gobiernos municipales del Estado de M\u00e9xico"},"content":{"rendered":"<p><span style=\"font-weight: 400;\">En las leyes mexicanas, tanto federales como estatales, se estipulan derechos a favor de los ind\u00edgenas, como el respeto a su autonom\u00eda, tradiciones y costumbres, sin embargo, estos grupos \u00e9tnicos siguen viviendo en condiciones marginales, padeciendo discriminaci\u00f3n a causa de complejos raciales, religiciosos, pol\u00edticos, sociales y econ\u00f3micos. Esta investigaci\u00f3n se encarga de mostrar el contexto en el que se desenvuelven los pueblos y comunidades ind\u00edgenas en el Estado de M\u00e9xico, evaluando su condici\u00f3n tanto en lo econ\u00f3mico como en lo social, sin dejar de analizar la pol\u00edtica indigenista instaurada en fechas recientes a nivel nacional, as\u00ed como su vigencia y eficacia actual.<\/span><\/p>\n","protected":false},"excerpt":{"rendered":"<p>LA ASISTENCIA SOCIAL IND\u00cdGENA : COMO DEBER DE LOS GOBIERNOS MUNICIPALES DEL ESTADO DE M\u00c9XICO<span style=\"font-weight: 400;\">. \/ Miguel Angel Hern\u00e1ndez Huerta. M\u00e9xico, D.F. : Porr\u00faa Hermanos, 2006. 246 pages : includes charts, bibliography. ISBN : 970076785X.<\/span><\/p>\n","protected":false},"featured_media":737,"template":"","meta":{"_acf_changed":false,"inline_featured_image":false},"product_brand":[],"product_cat":[3334,182,78],"product_tag":[3639,4001,4041],"class_list":{"0":"post-738","1":"product","2":"type-product","3":"status-publish","4":"has-post-thumbnail","6":"product_cat-derechos-humanos-y-asuntos-juridicos","7":"product_cat-estudios-culturales-y-de-identidad-sociologia","8":"product_cat-sociologia","9":"product_tag-derechos-indigenas","10":"product_tag-leyes","11":"product_tag-pueblos-indigenas","13":"first","14":"instock","15":"taxable","16":"shipping-taxable","17":"purchasable","18":"product-type-simple"},"acf":[],"yoast_head":"<!-- This site is optimized with the Yoast SEO plugin v27.3 - https:\/\/yoast.com\/product\/yoast-seo-wordpress\/ -->\n<title>La asistencia social ind\u00edgena: Como deber de los gobiernos...<\/title>\n<meta name=\"description\" content=\"LA ASISTENCIA SOCIAL IND\u00cdGENA : COMO DEBER DE LOS GOBIERNOS MUNICIPALES DEL ESTADO DE M\u00c9XICO. \/ Miguel Angel Hern\u00e1ndez Huerta. Porr\u00faa Hermanos, 2006.\" \/>\n<meta name=\"robots\" content=\"index, follow, max-snippet:-1, max-image-preview:large, max-video-preview:-1\" \/>\n<link rel=\"canonical\" href=\"https:\/\/booksfrommexico.com\/es\/producto\/la-asistencia-social-indigena-como-deber-de-los-gobiernos-municipales-del-estado-de-mexico\/\" \/>\n<meta property=\"og:locale\" content=\"es_ES\" \/>\n<meta property=\"og:type\" content=\"article\" \/>\n<meta property=\"og:title\" content=\"La asistencia social ind\u00edgena: Como deber de los gobiernos...\" \/>\n<meta property=\"og:description\" content=\"LA ASISTENCIA SOCIAL IND\u00cdGENA : COMO DEBER DE LOS GOBIERNOS MUNICIPALES DEL ESTADO DE M\u00c9XICO. \/ Miguel Angel Hern\u00e1ndez Huerta. Porr\u00faa Hermanos, 2006.\" \/>\n<meta property=\"og:url\" content=\"https:\/\/booksfrommexico.com\/es\/producto\/la-asistencia-social-indigena-como-deber-de-los-gobiernos-municipales-del-estado-de-mexico\/\" \/>\n<meta property=\"og:site_name\" content=\"Books From Mexico\" \/>\n<meta property=\"article:modified_time\" content=\"2024-07-05T18:16:52+00:00\" \/>\n<meta property=\"og:image\" content=\"http:\/\/booksfrommexico.com\/app\/uploads\/2023\/05\/135172.jpeg\" \/>\n\t<meta property=\"og:image:width\" content=\"446\" \/>\n\t<meta property=\"og:image:height\" content=\"660\" \/>\n\t<meta property=\"og:image:type\" content=\"image\/jpeg\" \/>\n<meta name=\"twitter:card\" content=\"summary_large_image\" \/>\n<meta name=\"twitter:label1\" content=\"Tiempo de lectura\" \/>\n\t<meta name=\"twitter:data1\" content=\"1 minuto\" \/>\n<script type=\"application\/ld+json\" class=\"yoast-schema-graph\">{\"@context\":\"https:\\\/\\\/schema.org\",\"@graph\":[{\"@type\":\"WebPage\",\"@id\":\"https:\\\/\\\/booksfrommexico.com\\\/es\\\/producto\\\/la-asistencia-social-indigena-como-deber-de-los-gobiernos-municipales-del-estado-de-mexico\\\/\",\"url\":\"https:\\\/\\\/booksfrommexico.com\\\/es\\\/producto\\\/la-asistencia-social-indigena-como-deber-de-los-gobiernos-municipales-del-estado-de-mexico\\\/\",\"name\":\"La asistencia social ind\u00edgena: Como deber de los gobiernos...\",\"isPartOf\":{\"@id\":\"https:\\\/\\\/booksfrommexico.com\\\/#website\"},\"primaryImageOfPage\":{\"@id\":\"https:\\\/\\\/booksfrommexico.com\\\/es\\\/producto\\\/la-asistencia-social-indigena-como-deber-de-los-gobiernos-municipales-del-estado-de-mexico\\\/#primaryimage\"},\"image\":{\"@id\":\"https:\\\/\\\/booksfrommexico.com\\\/es\\\/producto\\\/la-asistencia-social-indigena-como-deber-de-los-gobiernos-municipales-del-estado-de-mexico\\\/#primaryimage\"},\"thumbnailUrl\":\"https:\\\/\\\/booksfrommexico.com\\\/app\\\/uploads\\\/2023\\\/05\\\/135172.jpeg\",\"datePublished\":\"2023-05-08T17:06:11+00:00\",\"dateModified\":\"2024-07-05T18:16:52+00:00\",\"description\":\"LA ASISTENCIA SOCIAL IND\u00cdGENA : COMO DEBER DE LOS GOBIERNOS MUNICIPALES DEL ESTADO DE M\u00c9XICO. \\\/ Miguel Angel Hern\u00e1ndez Huerta. Porr\u00faa Hermanos, 2006.\",\"breadcrumb\":{\"@id\":\"https:\\\/\\\/booksfrommexico.com\\\/es\\\/producto\\\/la-asistencia-social-indigena-como-deber-de-los-gobiernos-municipales-del-estado-de-mexico\\\/#breadcrumb\"},\"inLanguage\":\"es\",\"potentialAction\":[{\"@type\":\"ReadAction\",\"target\":[\"https:\\\/\\\/booksfrommexico.com\\\/es\\\/producto\\\/la-asistencia-social-indigena-como-deber-de-los-gobiernos-municipales-del-estado-de-mexico\\\/\"]}]},{\"@type\":\"ImageObject\",\"inLanguage\":\"es\",\"@id\":\"https:\\\/\\\/booksfrommexico.com\\\/es\\\/producto\\\/la-asistencia-social-indigena-como-deber-de-los-gobiernos-municipales-del-estado-de-mexico\\\/#primaryimage\",\"url\":\"https:\\\/\\\/booksfrommexico.com\\\/app\\\/uploads\\\/2023\\\/05\\\/135172.jpeg\",\"contentUrl\":\"https:\\\/\\\/booksfrommexico.com\\\/app\\\/uploads\\\/2023\\\/05\\\/135172.jpeg\",\"width\":446,\"height\":660,\"caption\":\"La Asistencia social ind\u00edgena. Como deber de los gobiernos municipales del Estado de M\u00e9xico\"},{\"@type\":\"BreadcrumbList\",\"@id\":\"https:\\\/\\\/booksfrommexico.com\\\/es\\\/producto\\\/la-asistencia-social-indigena-como-deber-de-los-gobiernos-municipales-del-estado-de-mexico\\\/#breadcrumb\",\"itemListElement\":[{\"@type\":\"ListItem\",\"position\":1,\"name\":\"Home\",\"item\":\"https:\\\/\\\/booksfrommexico.com\\\/es\\\/\"},{\"@type\":\"ListItem\",\"position\":2,\"name\":\"Libros\",\"item\":\"https:\\\/\\\/booksfrommexico.com\\\/es\\\/libros\\\/\"},{\"@type\":\"ListItem\",\"position\":3,\"name\":\"La asistencia social ind\u00edgena: Como deber de los gobiernos municipales del Estado de M\u00e9xico\"}]},{\"@type\":\"WebSite\",\"@id\":\"https:\\\/\\\/booksfrommexico.com\\\/#website\",\"url\":\"https:\\\/\\\/booksfrommexico.com\\\/\",\"name\":\"Books From Mexico\",\"description\":\"\",\"publisher\":{\"@id\":\"https:\\\/\\\/booksfrommexico.com\\\/#organization\"},\"potentialAction\":[{\"@type\":\"SearchAction\",\"target\":{\"@type\":\"EntryPoint\",\"urlTemplate\":\"https:\\\/\\\/booksfrommexico.com\\\/?s={search_term_string}\"},\"query-input\":{\"@type\":\"PropertyValueSpecification\",\"valueRequired\":true,\"valueName\":\"search_term_string\"}}],\"inLanguage\":\"es\"},{\"@type\":\"Organization\",\"@id\":\"https:\\\/\\\/booksfrommexico.com\\\/#organization\",\"name\":\"Books From Mexico\",\"url\":\"https:\\\/\\\/booksfrommexico.com\\\/\",\"logo\":{\"@type\":\"ImageObject\",\"inLanguage\":\"es\",\"@id\":\"https:\\\/\\\/booksfrommexico.com\\\/#\\\/schema\\\/logo\\\/image\\\/\",\"url\":\"https:\\\/\\\/booksfrommexico.com\\\/app\\\/uploads\\\/2023\\\/05\\\/logo-booksfrommexico.svg\",\"contentUrl\":\"https:\\\/\\\/booksfrommexico.com\\\/app\\\/uploads\\\/2023\\\/05\\\/logo-booksfrommexico.svg\",\"width\":86,\"height\":56,\"caption\":\"Books From Mexico\"},\"image\":{\"@id\":\"https:\\\/\\\/booksfrommexico.com\\\/#\\\/schema\\\/logo\\\/image\\\/\"}}]}<\/script>\n<!-- \/ Yoast SEO plugin. -->","yoast_head_json":{"title":"La asistencia social ind\u00edgena: Como deber de los gobiernos...","description":"LA ASISTENCIA SOCIAL IND\u00cdGENA : COMO DEBER DE LOS GOBIERNOS MUNICIPALES DEL ESTADO DE M\u00c9XICO. \/ Miguel Angel Hern\u00e1ndez Huerta. Porr\u00faa Hermanos, 2006.","robots":{"index":"index","follow":"follow","max-snippet":"max-snippet:-1","max-image-preview":"max-image-preview:large","max-video-preview":"max-video-preview:-1"},"canonical":"https:\/\/booksfrommexico.com\/es\/producto\/la-asistencia-social-indigena-como-deber-de-los-gobiernos-municipales-del-estado-de-mexico\/","og_locale":"es_ES","og_type":"article","og_title":"La asistencia social ind\u00edgena: Como deber de los gobiernos...","og_description":"LA ASISTENCIA SOCIAL IND\u00cdGENA : COMO DEBER DE LOS GOBIERNOS MUNICIPALES DEL ESTADO DE M\u00c9XICO. \/ Miguel Angel Hern\u00e1ndez Huerta. Porr\u00faa Hermanos, 2006.","og_url":"https:\/\/booksfrommexico.com\/es\/producto\/la-asistencia-social-indigena-como-deber-de-los-gobiernos-municipales-del-estado-de-mexico\/","og_site_name":"Books From Mexico","article_modified_time":"2024-07-05T18:16:52+00:00","og_image":[{"width":446,"height":660,"url":"http:\/\/booksfrommexico.com\/app\/uploads\/2023\/05\/135172.jpeg","type":"image\/jpeg"}],"twitter_card":"summary_large_image","twitter_misc":{"Tiempo de lectura":"1 minuto"},"schema":{"@context":"https:\/\/schema.org","@graph":[{"@type":"WebPage","@id":"https:\/\/booksfrommexico.com\/es\/producto\/la-asistencia-social-indigena-como-deber-de-los-gobiernos-municipales-del-estado-de-mexico\/","url":"https:\/\/booksfrommexico.com\/es\/producto\/la-asistencia-social-indigena-como-deber-de-los-gobiernos-municipales-del-estado-de-mexico\/","name":"La asistencia social ind\u00edgena: Como deber de los gobiernos...","isPartOf":{"@id":"https:\/\/booksfrommexico.com\/#website"},"primaryImageOfPage":{"@id":"https:\/\/booksfrommexico.com\/es\/producto\/la-asistencia-social-indigena-como-deber-de-los-gobiernos-municipales-del-estado-de-mexico\/#primaryimage"},"image":{"@id":"https:\/\/booksfrommexico.com\/es\/producto\/la-asistencia-social-indigena-como-deber-de-los-gobiernos-municipales-del-estado-de-mexico\/#primaryimage"},"thumbnailUrl":"https:\/\/booksfrommexico.com\/app\/uploads\/2023\/05\/135172.jpeg","datePublished":"2023-05-08T17:06:11+00:00","dateModified":"2024-07-05T18:16:52+00:00","description":"LA ASISTENCIA SOCIAL IND\u00cdGENA : COMO DEBER DE LOS GOBIERNOS MUNICIPALES DEL ESTADO DE M\u00c9XICO. \/ Miguel Angel Hern\u00e1ndez Huerta. Porr\u00faa Hermanos, 2006.","breadcrumb":{"@id":"https:\/\/booksfrommexico.com\/es\/producto\/la-asistencia-social-indigena-como-deber-de-los-gobiernos-municipales-del-estado-de-mexico\/#breadcrumb"},"inLanguage":"es","potentialAction":[{"@type":"ReadAction","target":["https:\/\/booksfrommexico.com\/es\/producto\/la-asistencia-social-indigena-como-deber-de-los-gobiernos-municipales-del-estado-de-mexico\/"]}]},{"@type":"ImageObject","inLanguage":"es","@id":"https:\/\/booksfrommexico.com\/es\/producto\/la-asistencia-social-indigena-como-deber-de-los-gobiernos-municipales-del-estado-de-mexico\/#primaryimage","url":"https:\/\/booksfrommexico.com\/app\/uploads\/2023\/05\/135172.jpeg","contentUrl":"https:\/\/booksfrommexico.com\/app\/uploads\/2023\/05\/135172.jpeg","width":446,"height":660,"caption":"La Asistencia social ind\u00edgena. Como deber de los gobiernos municipales del Estado de M\u00e9xico"},{"@type":"BreadcrumbList","@id":"https:\/\/booksfrommexico.com\/es\/producto\/la-asistencia-social-indigena-como-deber-de-los-gobiernos-municipales-del-estado-de-mexico\/#breadcrumb","itemListElement":[{"@type":"ListItem","position":1,"name":"Home","item":"https:\/\/booksfrommexico.com\/es\/"},{"@type":"ListItem","position":2,"name":"Libros","item":"https:\/\/booksfrommexico.com\/es\/libros\/"},{"@type":"ListItem","position":3,"name":"La asistencia social ind\u00edgena: Como deber de los gobiernos municipales del Estado de M\u00e9xico"}]},{"@type":"WebSite","@id":"https:\/\/booksfrommexico.com\/#website","url":"https:\/\/booksfrommexico.com\/","name":"Books From Mexico","description":"","publisher":{"@id":"https:\/\/booksfrommexico.com\/#organization"},"potentialAction":[{"@type":"SearchAction","target":{"@type":"EntryPoint","urlTemplate":"https:\/\/booksfrommexico.com\/?s={search_term_string}"},"query-input":{"@type":"PropertyValueSpecification","valueRequired":true,"valueName":"search_term_string"}}],"inLanguage":"es"},{"@type":"Organization","@id":"https:\/\/booksfrommexico.com\/#organization","name":"Books From Mexico","url":"https:\/\/booksfrommexico.com\/","logo":{"@type":"ImageObject","inLanguage":"es","@id":"https:\/\/booksfrommexico.com\/#\/schema\/logo\/image\/","url":"https:\/\/booksfrommexico.com\/app\/uploads\/2023\/05\/logo-booksfrommexico.svg","contentUrl":"https:\/\/booksfrommexico.com\/app\/uploads\/2023\/05\/logo-booksfrommexico.svg","width":86,"height":56,"caption":"Books From Mexico"},"image":{"@id":"https:\/\/booksfrommexico.com\/#\/schema\/logo\/image\/"}}]}},"_links":{"self":[{"href":"https:\/\/booksfrommexico.com\/es\/wp-json\/wp\/v2\/product\/738","targetHints":{"allow":["GET"]}}],"collection":[{"href":"https:\/\/booksfrommexico.com\/es\/wp-json\/wp\/v2\/product"}],"about":[{"href":"https:\/\/booksfrommexico.com\/es\/wp-json\/wp\/v2\/types\/product"}],"wp:featuredmedia":[{"embeddable":true,"href":"https:\/\/booksfrommexico.com\/es\/wp-json\/wp\/v2\/media\/737"}],"wp:attachment":[{"href":"https:\/\/booksfrommexico.com\/es\/wp-json\/wp\/v2\/media?parent=738"}],"wp:term":[{"taxonomy":"product_brand","embeddable":true,"href":"https:\/\/booksfrommexico.com\/es\/wp-json\/wp\/v2\/product_brand?post=738"},{"taxonomy":"product_cat","embeddable":true,"href":"https:\/\/booksfrommexico.com\/es\/wp-json\/wp\/v2\/product_cat?post=738"},{"taxonomy":"product_tag","embeddable":true,"href":"https:\/\/booksfrommexico.com\/es\/wp-json\/wp\/v2\/product_tag?post=738"}],"curies":[{"name":"wp","href":"https:\/\/api.w.org\/{rel}","templated":true}]}}