{"id":740,"date":"2023-05-08T17:06:13","date_gmt":"2023-05-08T17:06:13","guid":{"rendered":"http:\/\/booksfrommexico.com\/product\/chiapas-cultural-el-ateneo-de-ciencias-y-artes-de-chiapas\/"},"modified":"2024-07-05T17:54:58","modified_gmt":"2024-07-05T17:54:58","slug":"chiapas-cultural-el-ateneo-de-ciencias-y-artes-de-chiapas","status":"publish","type":"product","link":"https:\/\/booksfrommexico.com\/es\/producto\/chiapas-cultural-el-ateneo-de-ciencias-y-artes-de-chiapas\/","title":{"rendered":"Chiapas cultural: El Ateneo de ciencias y artes de Chiapas"},"content":{"rendered":"<p><span style=\"font-weight: 400;\">En el estado de Chiapas habita una sociedad diversa y compleja, que incluye a diferentes grupos etnoling\u00fc\u00edsticos, portadores de historias y culturas particulares. Este esfuerzo editorial pretende ser una fuente de informaci\u00f3n avalada por las trayectorias acad\u00e9micas de sus autores, siendo \u00e9sta una colecci\u00f3n de informaci\u00f3n y reflexiones que facilitan la comprensi\u00f3n de la actualidad social y cultural de Chiapas. En este volumen, H\u00e9ctor Cort\u00e9s Mandujano escribe seis apartados titulados <\/span><i><span style=\"font-weight: 400;\">La guerra y el nuevo mundo, Un marimbista de Tuxtla y un militar de Villaflores, El Ateneo y el poder, Mundos de papel, Sabines, el hura\u00f1o <\/span><\/i><span style=\"font-weight: 400;\">y <\/span><i><span style=\"font-weight: 400;\">Rosario, la Atenea. <\/span><\/i><\/p>\n","protected":false},"excerpt":{"rendered":"<p>CHIAPAS CULTURAL : EL ATENEO DE CIENCIAS Y ARTES DE CHIAPAS<span style=\"font-weight: 400;\">. \/ H\u00e9ctor Cort\u00e9s Mandujano. Tuxtla Guti\u00e9rrez, Chiapas, M\u00e9xico : Direcci\u00f3n de Divulgaci\u00f3n de la Secretar\u00eda de Educaci\u00f3n, 2006. 229 pages : includes photos, bibliography ; 19 cm. (Colecci\u00f3n Lecturas para Entender a Chiapas). ISBN : 968914703X.<\/span><\/p>\n","protected":false},"featured_media":739,"template":"","meta":{"_acf_changed":false,"inline_featured_image":false},"product_brand":[],"product_cat":[4110,78],"product_tag":[4044,3700,4341,3683],"class_list":{"0":"post-740","1":"product","2":"type-product","3":"status-publish","4":"has-post-thumbnail","6":"product_cat-estudios-latinoamericanos","7":"product_cat-sociologia","8":"product_tag-arte","9":"product_tag-chiapas-mexico","10":"product_tag-cultura","11":"product_tag-multiculturalismo","13":"first","14":"instock","15":"taxable","16":"shipping-taxable","17":"purchasable","18":"product-type-simple"},"acf":[],"yoast_head":"<!-- This site is optimized with the Yoast SEO plugin v27.3 - https:\/\/yoast.com\/product\/yoast-seo-wordpress\/ -->\n<title>Chiapas cultural: El Ateneo de ciencias y artes de Chiapas<\/title>\n<meta name=\"description\" content=\"CHIAPAS CULTURAL : EL ATENEO DE CIENCIAS Y ARTES DE CHIAPAS. \/ H\u00e9ctor Cort\u00e9s Mandujano. Direcci\u00f3n de Divulgaci\u00f3n de la Secretar\u00eda de Educaci\u00f3n, 2006.\" \/>\n<meta name=\"robots\" content=\"index, follow, max-snippet:-1, max-image-preview:large, max-video-preview:-1\" \/>\n<link rel=\"canonical\" href=\"https:\/\/booksfrommexico.com\/es\/producto\/chiapas-cultural-el-ateneo-de-ciencias-y-artes-de-chiapas\/\" \/>\n<meta property=\"og:locale\" content=\"es_ES\" \/>\n<meta property=\"og:type\" content=\"article\" \/>\n<meta property=\"og:title\" content=\"Chiapas cultural: El Ateneo de ciencias y artes de Chiapas\" \/>\n<meta property=\"og:description\" content=\"CHIAPAS CULTURAL : EL ATENEO DE CIENCIAS Y ARTES DE CHIAPAS. \/ H\u00e9ctor Cort\u00e9s Mandujano. Direcci\u00f3n de Divulgaci\u00f3n de la Secretar\u00eda de Educaci\u00f3n, 2006.\" \/>\n<meta property=\"og:url\" content=\"https:\/\/booksfrommexico.com\/es\/producto\/chiapas-cultural-el-ateneo-de-ciencias-y-artes-de-chiapas\/\" \/>\n<meta property=\"og:site_name\" content=\"Books From Mexico\" \/>\n<meta property=\"article:modified_time\" content=\"2024-07-05T17:54:58+00:00\" \/>\n<meta property=\"og:image\" content=\"http:\/\/booksfrommexico.com\/app\/uploads\/2023\/05\/135224.jpeg\" \/>\n\t<meta property=\"og:image:width\" content=\"468\" \/>\n\t<meta property=\"og:image:height\" content=\"534\" \/>\n\t<meta property=\"og:image:type\" content=\"image\/jpeg\" \/>\n<meta name=\"twitter:card\" content=\"summary_large_image\" \/>\n<meta name=\"twitter:label1\" content=\"Tiempo de lectura\" \/>\n\t<meta name=\"twitter:data1\" content=\"1 minuto\" \/>\n<script type=\"application\/ld+json\" class=\"yoast-schema-graph\">{\"@context\":\"https:\\\/\\\/schema.org\",\"@graph\":[{\"@type\":\"WebPage\",\"@id\":\"https:\\\/\\\/booksfrommexico.com\\\/es\\\/producto\\\/chiapas-cultural-el-ateneo-de-ciencias-y-artes-de-chiapas\\\/\",\"url\":\"https:\\\/\\\/booksfrommexico.com\\\/es\\\/producto\\\/chiapas-cultural-el-ateneo-de-ciencias-y-artes-de-chiapas\\\/\",\"name\":\"Chiapas cultural: El Ateneo de ciencias y artes de Chiapas\",\"isPartOf\":{\"@id\":\"https:\\\/\\\/booksfrommexico.com\\\/#website\"},\"primaryImageOfPage\":{\"@id\":\"https:\\\/\\\/booksfrommexico.com\\\/es\\\/producto\\\/chiapas-cultural-el-ateneo-de-ciencias-y-artes-de-chiapas\\\/#primaryimage\"},\"image\":{\"@id\":\"https:\\\/\\\/booksfrommexico.com\\\/es\\\/producto\\\/chiapas-cultural-el-ateneo-de-ciencias-y-artes-de-chiapas\\\/#primaryimage\"},\"thumbnailUrl\":\"https:\\\/\\\/booksfrommexico.com\\\/app\\\/uploads\\\/2023\\\/05\\\/135224.jpeg\",\"datePublished\":\"2023-05-08T17:06:13+00:00\",\"dateModified\":\"2024-07-05T17:54:58+00:00\",\"description\":\"CHIAPAS CULTURAL : EL ATENEO DE CIENCIAS Y ARTES DE CHIAPAS. \\\/ H\u00e9ctor Cort\u00e9s Mandujano. Direcci\u00f3n de Divulgaci\u00f3n de la Secretar\u00eda de Educaci\u00f3n, 2006.\",\"breadcrumb\":{\"@id\":\"https:\\\/\\\/booksfrommexico.com\\\/es\\\/producto\\\/chiapas-cultural-el-ateneo-de-ciencias-y-artes-de-chiapas\\\/#breadcrumb\"},\"inLanguage\":\"es\",\"potentialAction\":[{\"@type\":\"ReadAction\",\"target\":[\"https:\\\/\\\/booksfrommexico.com\\\/es\\\/producto\\\/chiapas-cultural-el-ateneo-de-ciencias-y-artes-de-chiapas\\\/\"]}]},{\"@type\":\"ImageObject\",\"inLanguage\":\"es\",\"@id\":\"https:\\\/\\\/booksfrommexico.com\\\/es\\\/producto\\\/chiapas-cultural-el-ateneo-de-ciencias-y-artes-de-chiapas\\\/#primaryimage\",\"url\":\"https:\\\/\\\/booksfrommexico.com\\\/app\\\/uploads\\\/2023\\\/05\\\/135224.jpeg\",\"contentUrl\":\"https:\\\/\\\/booksfrommexico.com\\\/app\\\/uploads\\\/2023\\\/05\\\/135224.jpeg\",\"width\":468,\"height\":534,\"caption\":\"Chiapas cultural. El ateneo de ciencias y artes de Chiapas. Books From M\u00e9xico\"},{\"@type\":\"BreadcrumbList\",\"@id\":\"https:\\\/\\\/booksfrommexico.com\\\/es\\\/producto\\\/chiapas-cultural-el-ateneo-de-ciencias-y-artes-de-chiapas\\\/#breadcrumb\",\"itemListElement\":[{\"@type\":\"ListItem\",\"position\":1,\"name\":\"Home\",\"item\":\"https:\\\/\\\/booksfrommexico.com\\\/es\\\/\"},{\"@type\":\"ListItem\",\"position\":2,\"name\":\"Libros\",\"item\":\"https:\\\/\\\/booksfrommexico.com\\\/es\\\/libros\\\/\"},{\"@type\":\"ListItem\",\"position\":3,\"name\":\"Chiapas cultural: El Ateneo de ciencias y artes de Chiapas\"}]},{\"@type\":\"WebSite\",\"@id\":\"https:\\\/\\\/booksfrommexico.com\\\/#website\",\"url\":\"https:\\\/\\\/booksfrommexico.com\\\/\",\"name\":\"Books From Mexico\",\"description\":\"\",\"publisher\":{\"@id\":\"https:\\\/\\\/booksfrommexico.com\\\/#organization\"},\"potentialAction\":[{\"@type\":\"SearchAction\",\"target\":{\"@type\":\"EntryPoint\",\"urlTemplate\":\"https:\\\/\\\/booksfrommexico.com\\\/?s={search_term_string}\"},\"query-input\":{\"@type\":\"PropertyValueSpecification\",\"valueRequired\":true,\"valueName\":\"search_term_string\"}}],\"inLanguage\":\"es\"},{\"@type\":\"Organization\",\"@id\":\"https:\\\/\\\/booksfrommexico.com\\\/#organization\",\"name\":\"Books From Mexico\",\"url\":\"https:\\\/\\\/booksfrommexico.com\\\/\",\"logo\":{\"@type\":\"ImageObject\",\"inLanguage\":\"es\",\"@id\":\"https:\\\/\\\/booksfrommexico.com\\\/#\\\/schema\\\/logo\\\/image\\\/\",\"url\":\"https:\\\/\\\/booksfrommexico.com\\\/app\\\/uploads\\\/2023\\\/05\\\/logo-booksfrommexico.svg\",\"contentUrl\":\"https:\\\/\\\/booksfrommexico.com\\\/app\\\/uploads\\\/2023\\\/05\\\/logo-booksfrommexico.svg\",\"width\":86,\"height\":56,\"caption\":\"Books From Mexico\"},\"image\":{\"@id\":\"https:\\\/\\\/booksfrommexico.com\\\/#\\\/schema\\\/logo\\\/image\\\/\"}}]}<\/script>\n<!-- \/ Yoast SEO plugin. -->","yoast_head_json":{"title":"Chiapas cultural: El Ateneo de ciencias y artes de Chiapas","description":"CHIAPAS CULTURAL : EL ATENEO DE CIENCIAS Y ARTES DE CHIAPAS. \/ H\u00e9ctor Cort\u00e9s Mandujano. Direcci\u00f3n de Divulgaci\u00f3n de la Secretar\u00eda de Educaci\u00f3n, 2006.","robots":{"index":"index","follow":"follow","max-snippet":"max-snippet:-1","max-image-preview":"max-image-preview:large","max-video-preview":"max-video-preview:-1"},"canonical":"https:\/\/booksfrommexico.com\/es\/producto\/chiapas-cultural-el-ateneo-de-ciencias-y-artes-de-chiapas\/","og_locale":"es_ES","og_type":"article","og_title":"Chiapas cultural: El Ateneo de ciencias y artes de Chiapas","og_description":"CHIAPAS CULTURAL : EL ATENEO DE CIENCIAS Y ARTES DE CHIAPAS. \/ H\u00e9ctor Cort\u00e9s Mandujano. Direcci\u00f3n de Divulgaci\u00f3n de la Secretar\u00eda de Educaci\u00f3n, 2006.","og_url":"https:\/\/booksfrommexico.com\/es\/producto\/chiapas-cultural-el-ateneo-de-ciencias-y-artes-de-chiapas\/","og_site_name":"Books From Mexico","article_modified_time":"2024-07-05T17:54:58+00:00","og_image":[{"width":468,"height":534,"url":"http:\/\/booksfrommexico.com\/app\/uploads\/2023\/05\/135224.jpeg","type":"image\/jpeg"}],"twitter_card":"summary_large_image","twitter_misc":{"Tiempo de lectura":"1 minuto"},"schema":{"@context":"https:\/\/schema.org","@graph":[{"@type":"WebPage","@id":"https:\/\/booksfrommexico.com\/es\/producto\/chiapas-cultural-el-ateneo-de-ciencias-y-artes-de-chiapas\/","url":"https:\/\/booksfrommexico.com\/es\/producto\/chiapas-cultural-el-ateneo-de-ciencias-y-artes-de-chiapas\/","name":"Chiapas cultural: El Ateneo de ciencias y artes de Chiapas","isPartOf":{"@id":"https:\/\/booksfrommexico.com\/#website"},"primaryImageOfPage":{"@id":"https:\/\/booksfrommexico.com\/es\/producto\/chiapas-cultural-el-ateneo-de-ciencias-y-artes-de-chiapas\/#primaryimage"},"image":{"@id":"https:\/\/booksfrommexico.com\/es\/producto\/chiapas-cultural-el-ateneo-de-ciencias-y-artes-de-chiapas\/#primaryimage"},"thumbnailUrl":"https:\/\/booksfrommexico.com\/app\/uploads\/2023\/05\/135224.jpeg","datePublished":"2023-05-08T17:06:13+00:00","dateModified":"2024-07-05T17:54:58+00:00","description":"CHIAPAS CULTURAL : EL ATENEO DE CIENCIAS Y ARTES DE CHIAPAS. \/ H\u00e9ctor Cort\u00e9s Mandujano. Direcci\u00f3n de Divulgaci\u00f3n de la Secretar\u00eda de Educaci\u00f3n, 2006.","breadcrumb":{"@id":"https:\/\/booksfrommexico.com\/es\/producto\/chiapas-cultural-el-ateneo-de-ciencias-y-artes-de-chiapas\/#breadcrumb"},"inLanguage":"es","potentialAction":[{"@type":"ReadAction","target":["https:\/\/booksfrommexico.com\/es\/producto\/chiapas-cultural-el-ateneo-de-ciencias-y-artes-de-chiapas\/"]}]},{"@type":"ImageObject","inLanguage":"es","@id":"https:\/\/booksfrommexico.com\/es\/producto\/chiapas-cultural-el-ateneo-de-ciencias-y-artes-de-chiapas\/#primaryimage","url":"https:\/\/booksfrommexico.com\/app\/uploads\/2023\/05\/135224.jpeg","contentUrl":"https:\/\/booksfrommexico.com\/app\/uploads\/2023\/05\/135224.jpeg","width":468,"height":534,"caption":"Chiapas cultural. El ateneo de ciencias y artes de Chiapas. Books From M\u00e9xico"},{"@type":"BreadcrumbList","@id":"https:\/\/booksfrommexico.com\/es\/producto\/chiapas-cultural-el-ateneo-de-ciencias-y-artes-de-chiapas\/#breadcrumb","itemListElement":[{"@type":"ListItem","position":1,"name":"Home","item":"https:\/\/booksfrommexico.com\/es\/"},{"@type":"ListItem","position":2,"name":"Libros","item":"https:\/\/booksfrommexico.com\/es\/libros\/"},{"@type":"ListItem","position":3,"name":"Chiapas cultural: El Ateneo de ciencias y artes de Chiapas"}]},{"@type":"WebSite","@id":"https:\/\/booksfrommexico.com\/#website","url":"https:\/\/booksfrommexico.com\/","name":"Books From Mexico","description":"","publisher":{"@id":"https:\/\/booksfrommexico.com\/#organization"},"potentialAction":[{"@type":"SearchAction","target":{"@type":"EntryPoint","urlTemplate":"https:\/\/booksfrommexico.com\/?s={search_term_string}"},"query-input":{"@type":"PropertyValueSpecification","valueRequired":true,"valueName":"search_term_string"}}],"inLanguage":"es"},{"@type":"Organization","@id":"https:\/\/booksfrommexico.com\/#organization","name":"Books From Mexico","url":"https:\/\/booksfrommexico.com\/","logo":{"@type":"ImageObject","inLanguage":"es","@id":"https:\/\/booksfrommexico.com\/#\/schema\/logo\/image\/","url":"https:\/\/booksfrommexico.com\/app\/uploads\/2023\/05\/logo-booksfrommexico.svg","contentUrl":"https:\/\/booksfrommexico.com\/app\/uploads\/2023\/05\/logo-booksfrommexico.svg","width":86,"height":56,"caption":"Books From Mexico"},"image":{"@id":"https:\/\/booksfrommexico.com\/#\/schema\/logo\/image\/"}}]}},"_links":{"self":[{"href":"https:\/\/booksfrommexico.com\/es\/wp-json\/wp\/v2\/product\/740","targetHints":{"allow":["GET"]}}],"collection":[{"href":"https:\/\/booksfrommexico.com\/es\/wp-json\/wp\/v2\/product"}],"about":[{"href":"https:\/\/booksfrommexico.com\/es\/wp-json\/wp\/v2\/types\/product"}],"wp:featuredmedia":[{"embeddable":true,"href":"https:\/\/booksfrommexico.com\/es\/wp-json\/wp\/v2\/media\/739"}],"wp:attachment":[{"href":"https:\/\/booksfrommexico.com\/es\/wp-json\/wp\/v2\/media?parent=740"}],"wp:term":[{"taxonomy":"product_brand","embeddable":true,"href":"https:\/\/booksfrommexico.com\/es\/wp-json\/wp\/v2\/product_brand?post=740"},{"taxonomy":"product_cat","embeddable":true,"href":"https:\/\/booksfrommexico.com\/es\/wp-json\/wp\/v2\/product_cat?post=740"},{"taxonomy":"product_tag","embeddable":true,"href":"https:\/\/booksfrommexico.com\/es\/wp-json\/wp\/v2\/product_tag?post=740"}],"curies":[{"name":"wp","href":"https:\/\/api.w.org\/{rel}","templated":true}]}}