{"id":742,"date":"2023-05-08T17:06:15","date_gmt":"2023-05-08T17:06:15","guid":{"rendered":"http:\/\/booksfrommexico.com\/product\/pasaje-mitico-y-paisaje-fundacional-en-las-migraciones-mesoamericanas\/"},"modified":"2024-11-12T19:53:12","modified_gmt":"2024-11-12T19:53:12","slug":"pasaje-mitico-y-paisaje-fundacional-en-las-migraciones-mesoamericanas","status":"publish","type":"product","link":"https:\/\/booksfrommexico.com\/es\/producto\/pasaje-mitico-y-paisaje-fundacional-en-las-migraciones-mesoamericanas\/","title":{"rendered":"Pasaje m\u00edtico y paisaje fundacional en las migraciones mesoamericanas"},"content":{"rendered":"<p><span style=\"font-weight: 400;\">El suceso de la gestaci\u00f3n m\u00edtica ocurrida en el interior acu\u00e1tico de la tierra y el cruce del umbral conducente a la superficie habitable, devinieron en Mesoam\u00e9rica en aspecto fundamental de la b\u00fasqueda de paisajes destinados para asentarse. En este trabajo se considera que las situaciones extra\u00eddas de representaciones colectivas plasmadas mediante cosmogon\u00edas, mitos, ritos y testimonios recogidos en cr\u00f3nicas y c\u00f3dices a la llegada de los espa\u00f1oles, son evidencia directa de los procesos cognitivos. Se incluye adem\u00e1s una serie de ilustraciones y fotograf\u00edas que orientan al lector para comprender c\u00f3mo y d\u00f3nde se fueron dando los distintos asentamientos de las culturas mesoamericanas.<\/span><\/p>\n","protected":false},"excerpt":{"rendered":"<p>PASAJE M\u00cdTICO Y PAISAJE FUNDACIONAL EN LAS MIGRACIONES MESOAMERICANAS<span style=\"font-weight: 400;\">. \/ Angel Juli\u00e1n Garc\u00eda Zambrano. Cuernavaca, Morelos, M\u00e9xico : Universidad Aut\u00f3noma del Estado de Morelos , Facultad de Arquitectura, 2006. 276 pages : includes references, photos, illustrations, bibliography ; 23 cm. ISBN : 968878253X.<\/span><\/p>\n","protected":false},"featured_media":741,"template":"","meta":{"_acf_changed":false,"inline_featured_image":false},"product_brand":[],"product_cat":[19,3219],"product_tag":[4039,4262,3586,3683,3587],"class_list":{"0":"post-742","1":"product","2":"type-product","3":"status-publish","4":"has-post-thumbnail","6":"product_cat-antropologia","7":"product_cat-prehispanica","8":"product_tag-cosmovision","9":"product_tag-cultura-prehispanica","10":"product_tag-mesoamerica","11":"product_tag-multiculturalismo","12":"product_tag-prehispanico","14":"first","15":"outofstock","16":"taxable","17":"shipping-taxable","18":"purchasable","19":"product-type-simple"},"acf":[],"yoast_head":"<!-- This site is optimized with the Yoast SEO plugin v27.3 - https:\/\/yoast.com\/product\/yoast-seo-wordpress\/ -->\n<title>Pasaje m\u00edtico y paisaje fundacional migraciones mesoamericanas<\/title>\n<meta name=\"description\" content=\"PASAJE M\u00cdTICO Y PAISAJE FUNDACIONAL EN LAS MIGRACIONES MESOAMERICANAS. \/ Angel Juli\u00e1n Garc\u00eda Zambrano. Universidad Aut\u00f3noma del Estado de Morelos. 2006.\" \/>\n<meta name=\"robots\" content=\"index, follow, max-snippet:-1, max-image-preview:large, max-video-preview:-1\" \/>\n<link rel=\"canonical\" href=\"https:\/\/booksfrommexico.com\/es\/producto\/pasaje-mitico-y-paisaje-fundacional-en-las-migraciones-mesoamericanas\/\" \/>\n<meta property=\"og:locale\" content=\"es_ES\" \/>\n<meta property=\"og:type\" content=\"article\" \/>\n<meta property=\"og:title\" content=\"Pasaje m\u00edtico y paisaje fundacional migraciones mesoamericanas\" \/>\n<meta property=\"og:description\" content=\"PASAJE M\u00cdTICO Y PAISAJE FUNDACIONAL EN LAS MIGRACIONES MESOAMERICANAS. \/ Angel Juli\u00e1n Garc\u00eda Zambrano. Universidad Aut\u00f3noma del Estado de Morelos. 2006.\" \/>\n<meta property=\"og:url\" content=\"https:\/\/booksfrommexico.com\/es\/producto\/pasaje-mitico-y-paisaje-fundacional-en-las-migraciones-mesoamericanas\/\" \/>\n<meta property=\"og:site_name\" content=\"Books From Mexico\" \/>\n<meta property=\"article:modified_time\" content=\"2024-11-12T19:53:12+00:00\" \/>\n<meta property=\"og:image\" content=\"http:\/\/booksfrommexico.com\/app\/uploads\/2023\/05\/135267.jpeg\" \/>\n\t<meta property=\"og:image:width\" content=\"476\" \/>\n\t<meta property=\"og:image:height\" content=\"644\" \/>\n\t<meta property=\"og:image:type\" content=\"image\/jpeg\" \/>\n<meta name=\"twitter:card\" content=\"summary_large_image\" \/>\n<meta name=\"twitter:label1\" content=\"Tiempo de lectura\" \/>\n\t<meta name=\"twitter:data1\" content=\"1 minuto\" \/>\n<script type=\"application\/ld+json\" class=\"yoast-schema-graph\">{\"@context\":\"https:\\\/\\\/schema.org\",\"@graph\":[{\"@type\":\"WebPage\",\"@id\":\"https:\\\/\\\/booksfrommexico.com\\\/es\\\/producto\\\/pasaje-mitico-y-paisaje-fundacional-en-las-migraciones-mesoamericanas\\\/\",\"url\":\"https:\\\/\\\/booksfrommexico.com\\\/es\\\/producto\\\/pasaje-mitico-y-paisaje-fundacional-en-las-migraciones-mesoamericanas\\\/\",\"name\":\"Pasaje m\u00edtico y paisaje fundacional migraciones mesoamericanas\",\"isPartOf\":{\"@id\":\"https:\\\/\\\/booksfrommexico.com\\\/#website\"},\"primaryImageOfPage\":{\"@id\":\"https:\\\/\\\/booksfrommexico.com\\\/es\\\/producto\\\/pasaje-mitico-y-paisaje-fundacional-en-las-migraciones-mesoamericanas\\\/#primaryimage\"},\"image\":{\"@id\":\"https:\\\/\\\/booksfrommexico.com\\\/es\\\/producto\\\/pasaje-mitico-y-paisaje-fundacional-en-las-migraciones-mesoamericanas\\\/#primaryimage\"},\"thumbnailUrl\":\"https:\\\/\\\/booksfrommexico.com\\\/app\\\/uploads\\\/2023\\\/05\\\/135267.jpeg\",\"datePublished\":\"2023-05-08T17:06:15+00:00\",\"dateModified\":\"2024-11-12T19:53:12+00:00\",\"description\":\"PASAJE M\u00cdTICO Y PAISAJE FUNDACIONAL EN LAS MIGRACIONES MESOAMERICANAS. \\\/ Angel Juli\u00e1n Garc\u00eda Zambrano. Universidad Aut\u00f3noma del Estado de Morelos. 2006.\",\"breadcrumb\":{\"@id\":\"https:\\\/\\\/booksfrommexico.com\\\/es\\\/producto\\\/pasaje-mitico-y-paisaje-fundacional-en-las-migraciones-mesoamericanas\\\/#breadcrumb\"},\"inLanguage\":\"es\",\"potentialAction\":[{\"@type\":\"ReadAction\",\"target\":[\"https:\\\/\\\/booksfrommexico.com\\\/es\\\/producto\\\/pasaje-mitico-y-paisaje-fundacional-en-las-migraciones-mesoamericanas\\\/\"]}]},{\"@type\":\"ImageObject\",\"inLanguage\":\"es\",\"@id\":\"https:\\\/\\\/booksfrommexico.com\\\/es\\\/producto\\\/pasaje-mitico-y-paisaje-fundacional-en-las-migraciones-mesoamericanas\\\/#primaryimage\",\"url\":\"https:\\\/\\\/booksfrommexico.com\\\/app\\\/uploads\\\/2023\\\/05\\\/135267.jpeg\",\"contentUrl\":\"https:\\\/\\\/booksfrommexico.com\\\/app\\\/uploads\\\/2023\\\/05\\\/135267.jpeg\",\"width\":476,\"height\":644,\"caption\":\"Pasaje m\u00edtico y paisaje fundacional en las migraciones mesoamericanas\"},{\"@type\":\"BreadcrumbList\",\"@id\":\"https:\\\/\\\/booksfrommexico.com\\\/es\\\/producto\\\/pasaje-mitico-y-paisaje-fundacional-en-las-migraciones-mesoamericanas\\\/#breadcrumb\",\"itemListElement\":[{\"@type\":\"ListItem\",\"position\":1,\"name\":\"Home\",\"item\":\"https:\\\/\\\/booksfrommexico.com\\\/es\\\/\"},{\"@type\":\"ListItem\",\"position\":2,\"name\":\"Libros\",\"item\":\"https:\\\/\\\/booksfrommexico.com\\\/es\\\/libros\\\/\"},{\"@type\":\"ListItem\",\"position\":3,\"name\":\"Pasaje m\u00edtico y paisaje fundacional en las migraciones mesoamericanas\"}]},{\"@type\":\"WebSite\",\"@id\":\"https:\\\/\\\/booksfrommexico.com\\\/#website\",\"url\":\"https:\\\/\\\/booksfrommexico.com\\\/\",\"name\":\"Books From Mexico\",\"description\":\"\",\"publisher\":{\"@id\":\"https:\\\/\\\/booksfrommexico.com\\\/#organization\"},\"potentialAction\":[{\"@type\":\"SearchAction\",\"target\":{\"@type\":\"EntryPoint\",\"urlTemplate\":\"https:\\\/\\\/booksfrommexico.com\\\/?s={search_term_string}\"},\"query-input\":{\"@type\":\"PropertyValueSpecification\",\"valueRequired\":true,\"valueName\":\"search_term_string\"}}],\"inLanguage\":\"es\"},{\"@type\":\"Organization\",\"@id\":\"https:\\\/\\\/booksfrommexico.com\\\/#organization\",\"name\":\"Books From Mexico\",\"url\":\"https:\\\/\\\/booksfrommexico.com\\\/\",\"logo\":{\"@type\":\"ImageObject\",\"inLanguage\":\"es\",\"@id\":\"https:\\\/\\\/booksfrommexico.com\\\/#\\\/schema\\\/logo\\\/image\\\/\",\"url\":\"https:\\\/\\\/booksfrommexico.com\\\/app\\\/uploads\\\/2023\\\/05\\\/logo-booksfrommexico.svg\",\"contentUrl\":\"https:\\\/\\\/booksfrommexico.com\\\/app\\\/uploads\\\/2023\\\/05\\\/logo-booksfrommexico.svg\",\"width\":86,\"height\":56,\"caption\":\"Books From Mexico\"},\"image\":{\"@id\":\"https:\\\/\\\/booksfrommexico.com\\\/#\\\/schema\\\/logo\\\/image\\\/\"}}]}<\/script>\n<!-- \/ Yoast SEO plugin. -->","yoast_head_json":{"title":"Pasaje m\u00edtico y paisaje fundacional migraciones mesoamericanas","description":"PASAJE M\u00cdTICO Y PAISAJE FUNDACIONAL EN LAS MIGRACIONES MESOAMERICANAS. \/ Angel Juli\u00e1n Garc\u00eda Zambrano. Universidad Aut\u00f3noma del Estado de Morelos. 2006.","robots":{"index":"index","follow":"follow","max-snippet":"max-snippet:-1","max-image-preview":"max-image-preview:large","max-video-preview":"max-video-preview:-1"},"canonical":"https:\/\/booksfrommexico.com\/es\/producto\/pasaje-mitico-y-paisaje-fundacional-en-las-migraciones-mesoamericanas\/","og_locale":"es_ES","og_type":"article","og_title":"Pasaje m\u00edtico y paisaje fundacional migraciones mesoamericanas","og_description":"PASAJE M\u00cdTICO Y PAISAJE FUNDACIONAL EN LAS MIGRACIONES MESOAMERICANAS. \/ Angel Juli\u00e1n Garc\u00eda Zambrano. Universidad Aut\u00f3noma del Estado de Morelos. 2006.","og_url":"https:\/\/booksfrommexico.com\/es\/producto\/pasaje-mitico-y-paisaje-fundacional-en-las-migraciones-mesoamericanas\/","og_site_name":"Books From Mexico","article_modified_time":"2024-11-12T19:53:12+00:00","og_image":[{"width":476,"height":644,"url":"http:\/\/booksfrommexico.com\/app\/uploads\/2023\/05\/135267.jpeg","type":"image\/jpeg"}],"twitter_card":"summary_large_image","twitter_misc":{"Tiempo de lectura":"1 minuto"},"schema":{"@context":"https:\/\/schema.org","@graph":[{"@type":"WebPage","@id":"https:\/\/booksfrommexico.com\/es\/producto\/pasaje-mitico-y-paisaje-fundacional-en-las-migraciones-mesoamericanas\/","url":"https:\/\/booksfrommexico.com\/es\/producto\/pasaje-mitico-y-paisaje-fundacional-en-las-migraciones-mesoamericanas\/","name":"Pasaje m\u00edtico y paisaje fundacional migraciones mesoamericanas","isPartOf":{"@id":"https:\/\/booksfrommexico.com\/#website"},"primaryImageOfPage":{"@id":"https:\/\/booksfrommexico.com\/es\/producto\/pasaje-mitico-y-paisaje-fundacional-en-las-migraciones-mesoamericanas\/#primaryimage"},"image":{"@id":"https:\/\/booksfrommexico.com\/es\/producto\/pasaje-mitico-y-paisaje-fundacional-en-las-migraciones-mesoamericanas\/#primaryimage"},"thumbnailUrl":"https:\/\/booksfrommexico.com\/app\/uploads\/2023\/05\/135267.jpeg","datePublished":"2023-05-08T17:06:15+00:00","dateModified":"2024-11-12T19:53:12+00:00","description":"PASAJE M\u00cdTICO Y PAISAJE FUNDACIONAL EN LAS MIGRACIONES MESOAMERICANAS. \/ Angel Juli\u00e1n Garc\u00eda Zambrano. Universidad Aut\u00f3noma del Estado de Morelos. 2006.","breadcrumb":{"@id":"https:\/\/booksfrommexico.com\/es\/producto\/pasaje-mitico-y-paisaje-fundacional-en-las-migraciones-mesoamericanas\/#breadcrumb"},"inLanguage":"es","potentialAction":[{"@type":"ReadAction","target":["https:\/\/booksfrommexico.com\/es\/producto\/pasaje-mitico-y-paisaje-fundacional-en-las-migraciones-mesoamericanas\/"]}]},{"@type":"ImageObject","inLanguage":"es","@id":"https:\/\/booksfrommexico.com\/es\/producto\/pasaje-mitico-y-paisaje-fundacional-en-las-migraciones-mesoamericanas\/#primaryimage","url":"https:\/\/booksfrommexico.com\/app\/uploads\/2023\/05\/135267.jpeg","contentUrl":"https:\/\/booksfrommexico.com\/app\/uploads\/2023\/05\/135267.jpeg","width":476,"height":644,"caption":"Pasaje m\u00edtico y paisaje fundacional en las migraciones mesoamericanas"},{"@type":"BreadcrumbList","@id":"https:\/\/booksfrommexico.com\/es\/producto\/pasaje-mitico-y-paisaje-fundacional-en-las-migraciones-mesoamericanas\/#breadcrumb","itemListElement":[{"@type":"ListItem","position":1,"name":"Home","item":"https:\/\/booksfrommexico.com\/es\/"},{"@type":"ListItem","position":2,"name":"Libros","item":"https:\/\/booksfrommexico.com\/es\/libros\/"},{"@type":"ListItem","position":3,"name":"Pasaje m\u00edtico y paisaje fundacional en las migraciones mesoamericanas"}]},{"@type":"WebSite","@id":"https:\/\/booksfrommexico.com\/#website","url":"https:\/\/booksfrommexico.com\/","name":"Books From Mexico","description":"","publisher":{"@id":"https:\/\/booksfrommexico.com\/#organization"},"potentialAction":[{"@type":"SearchAction","target":{"@type":"EntryPoint","urlTemplate":"https:\/\/booksfrommexico.com\/?s={search_term_string}"},"query-input":{"@type":"PropertyValueSpecification","valueRequired":true,"valueName":"search_term_string"}}],"inLanguage":"es"},{"@type":"Organization","@id":"https:\/\/booksfrommexico.com\/#organization","name":"Books From Mexico","url":"https:\/\/booksfrommexico.com\/","logo":{"@type":"ImageObject","inLanguage":"es","@id":"https:\/\/booksfrommexico.com\/#\/schema\/logo\/image\/","url":"https:\/\/booksfrommexico.com\/app\/uploads\/2023\/05\/logo-booksfrommexico.svg","contentUrl":"https:\/\/booksfrommexico.com\/app\/uploads\/2023\/05\/logo-booksfrommexico.svg","width":86,"height":56,"caption":"Books From Mexico"},"image":{"@id":"https:\/\/booksfrommexico.com\/#\/schema\/logo\/image\/"}}]}},"_links":{"self":[{"href":"https:\/\/booksfrommexico.com\/es\/wp-json\/wp\/v2\/product\/742","targetHints":{"allow":["GET"]}}],"collection":[{"href":"https:\/\/booksfrommexico.com\/es\/wp-json\/wp\/v2\/product"}],"about":[{"href":"https:\/\/booksfrommexico.com\/es\/wp-json\/wp\/v2\/types\/product"}],"wp:featuredmedia":[{"embeddable":true,"href":"https:\/\/booksfrommexico.com\/es\/wp-json\/wp\/v2\/media\/741"}],"wp:attachment":[{"href":"https:\/\/booksfrommexico.com\/es\/wp-json\/wp\/v2\/media?parent=742"}],"wp:term":[{"taxonomy":"product_brand","embeddable":true,"href":"https:\/\/booksfrommexico.com\/es\/wp-json\/wp\/v2\/product_brand?post=742"},{"taxonomy":"product_cat","embeddable":true,"href":"https:\/\/booksfrommexico.com\/es\/wp-json\/wp\/v2\/product_cat?post=742"},{"taxonomy":"product_tag","embeddable":true,"href":"https:\/\/booksfrommexico.com\/es\/wp-json\/wp\/v2\/product_tag?post=742"}],"curies":[{"name":"wp","href":"https:\/\/api.w.org\/{rel}","templated":true}]}}