{"id":744,"date":"2023-05-08T17:06:16","date_gmt":"2023-05-08T17:06:16","guid":{"rendered":"http:\/\/booksfrommexico.com\/product\/la-biblioteca-nacional-triunfo-de-la-republica\/"},"modified":"2024-07-04T23:55:57","modified_gmt":"2024-07-04T23:55:57","slug":"la-biblioteca-nacional-triunfo-de-la-republica","status":"publish","type":"product","link":"https:\/\/booksfrommexico.com\/es\/producto\/la-biblioteca-nacional-triunfo-de-la-republica\/","title":{"rendered":"La Biblioteca Nacional: Triunfo de la rep\u00fablica"},"content":{"rendered":"<p><span style=\"font-weight: 400;\">Para dar cuenta tanto de la historia de una instituci\u00f3n tan importante en la vida de M\u00e9xico, como de los materiales que la integran, se presenta este libro que incluye fotograf\u00edas a color y referencias para hacer un recorrido a lo largo del tiempo de la Biblioteca Nacional de M\u00e9xico, desde su creaci\u00f3n hasta la actualidad. Al igual que sus instituciones hermanas en el mundo, concentra, custodia y hace accesibles los materiales impresos o registrados en otros soportes que integran la memoria hist\u00f3rica del pa\u00eds desde 1929. Se publica en el bicentenario del natalicio de Benito Ju\u00e1rez ya que fue \u00e9l quien la estableci\u00f3 definitivamente en 1867.<\/span><\/p>\n","protected":false},"excerpt":{"rendered":"<p>LA BIBLIOTECA NACIONAL : TRIUNFO DE LA REP\u00daBLICA<span style=\"font-weight: 400;\">. \/ M\u00e9xico, D.F. : Universidad Nacional Aut\u00f3noma de M\u00e9xico, 2006. 308 pages : includes color photos, references, bibliography ; 33 cm. ISBN : 9703237363.<\/span><\/p>\n","protected":false},"featured_media":743,"template":"","meta":{"_acf_changed":false,"inline_featured_image":false},"product_brand":[],"product_cat":[3136,3140],"product_tag":[4398],"class_list":{"0":"post-744","1":"product","2":"type-product","3":"status-publish","4":"has-post-thumbnail","6":"product_cat-bibliografia-y-bibliotecologia","7":"product_cat-bibliotecas-bibliografia-y-bibliotecologia","8":"product_tag-historia-mexico","10":"first","11":"instock","12":"taxable","13":"shipping-taxable","14":"purchasable","15":"product-type-simple"},"acf":[],"yoast_head":"<!-- This site is optimized with the Yoast SEO plugin v27.3 - https:\/\/yoast.com\/product\/yoast-seo-wordpress\/ -->\n<title>La Biblioteca Nacional: Triunfo de la rep\u00fablica<\/title>\n<meta name=\"description\" content=\"LA BIBLIOTECA NACIONAL : TRIUNFO DE LA REP\u00daBLICA. \/ M\u00e9xico, D.F. : Universidad Nacional Aut\u00f3noma de M\u00e9xico, 2006. ISBN : 9703237363.\" \/>\n<meta name=\"robots\" content=\"index, follow, max-snippet:-1, max-image-preview:large, max-video-preview:-1\" \/>\n<link rel=\"canonical\" href=\"https:\/\/booksfrommexico.com\/es\/producto\/la-biblioteca-nacional-triunfo-de-la-republica\/\" \/>\n<meta property=\"og:locale\" content=\"es_ES\" \/>\n<meta property=\"og:type\" content=\"article\" \/>\n<meta property=\"og:title\" content=\"La Biblioteca Nacional: Triunfo de la rep\u00fablica\" \/>\n<meta property=\"og:description\" content=\"LA BIBLIOTECA NACIONAL : TRIUNFO DE LA REP\u00daBLICA. \/ M\u00e9xico, D.F. : Universidad Nacional Aut\u00f3noma de M\u00e9xico, 2006. ISBN : 9703237363.\" \/>\n<meta property=\"og:url\" content=\"https:\/\/booksfrommexico.com\/es\/producto\/la-biblioteca-nacional-triunfo-de-la-republica\/\" \/>\n<meta property=\"og:site_name\" content=\"Books From Mexico\" \/>\n<meta property=\"article:modified_time\" content=\"2024-07-04T23:55:57+00:00\" \/>\n<meta property=\"og:image\" content=\"http:\/\/booksfrommexico.com\/app\/uploads\/2023\/05\/135364.jpeg\" \/>\n\t<meta property=\"og:image:width\" content=\"624\" \/>\n\t<meta property=\"og:image:height\" content=\"829\" \/>\n\t<meta property=\"og:image:type\" content=\"image\/jpeg\" \/>\n<meta name=\"twitter:card\" content=\"summary_large_image\" \/>\n<meta name=\"twitter:label1\" content=\"Tiempo de lectura\" \/>\n\t<meta name=\"twitter:data1\" content=\"1 minuto\" \/>\n<script type=\"application\/ld+json\" class=\"yoast-schema-graph\">{\"@context\":\"https:\\\/\\\/schema.org\",\"@graph\":[{\"@type\":\"WebPage\",\"@id\":\"https:\\\/\\\/booksfrommexico.com\\\/es\\\/producto\\\/la-biblioteca-nacional-triunfo-de-la-republica\\\/\",\"url\":\"https:\\\/\\\/booksfrommexico.com\\\/es\\\/producto\\\/la-biblioteca-nacional-triunfo-de-la-republica\\\/\",\"name\":\"La Biblioteca Nacional: Triunfo de la rep\u00fablica\",\"isPartOf\":{\"@id\":\"https:\\\/\\\/booksfrommexico.com\\\/#website\"},\"primaryImageOfPage\":{\"@id\":\"https:\\\/\\\/booksfrommexico.com\\\/es\\\/producto\\\/la-biblioteca-nacional-triunfo-de-la-republica\\\/#primaryimage\"},\"image\":{\"@id\":\"https:\\\/\\\/booksfrommexico.com\\\/es\\\/producto\\\/la-biblioteca-nacional-triunfo-de-la-republica\\\/#primaryimage\"},\"thumbnailUrl\":\"https:\\\/\\\/booksfrommexico.com\\\/app\\\/uploads\\\/2023\\\/05\\\/135364.jpeg\",\"datePublished\":\"2023-05-08T17:06:16+00:00\",\"dateModified\":\"2024-07-04T23:55:57+00:00\",\"description\":\"LA BIBLIOTECA NACIONAL : TRIUNFO DE LA REP\u00daBLICA. \\\/ M\u00e9xico, D.F. : Universidad Nacional Aut\u00f3noma de M\u00e9xico, 2006. ISBN : 9703237363.\",\"breadcrumb\":{\"@id\":\"https:\\\/\\\/booksfrommexico.com\\\/es\\\/producto\\\/la-biblioteca-nacional-triunfo-de-la-republica\\\/#breadcrumb\"},\"inLanguage\":\"es\",\"potentialAction\":[{\"@type\":\"ReadAction\",\"target\":[\"https:\\\/\\\/booksfrommexico.com\\\/es\\\/producto\\\/la-biblioteca-nacional-triunfo-de-la-republica\\\/\"]}]},{\"@type\":\"ImageObject\",\"inLanguage\":\"es\",\"@id\":\"https:\\\/\\\/booksfrommexico.com\\\/es\\\/producto\\\/la-biblioteca-nacional-triunfo-de-la-republica\\\/#primaryimage\",\"url\":\"https:\\\/\\\/booksfrommexico.com\\\/app\\\/uploads\\\/2023\\\/05\\\/135364.jpeg\",\"contentUrl\":\"https:\\\/\\\/booksfrommexico.com\\\/app\\\/uploads\\\/2023\\\/05\\\/135364.jpeg\",\"width\":624,\"height\":829,\"caption\":\"La Biblioteca Nacional. Triunfo de la rep\u00fablica. Books From M\u00e9xico\"},{\"@type\":\"BreadcrumbList\",\"@id\":\"https:\\\/\\\/booksfrommexico.com\\\/es\\\/producto\\\/la-biblioteca-nacional-triunfo-de-la-republica\\\/#breadcrumb\",\"itemListElement\":[{\"@type\":\"ListItem\",\"position\":1,\"name\":\"Home\",\"item\":\"https:\\\/\\\/booksfrommexico.com\\\/es\\\/\"},{\"@type\":\"ListItem\",\"position\":2,\"name\":\"Libros\",\"item\":\"https:\\\/\\\/booksfrommexico.com\\\/es\\\/libros\\\/\"},{\"@type\":\"ListItem\",\"position\":3,\"name\":\"La Biblioteca Nacional: Triunfo de la rep\u00fablica\"}]},{\"@type\":\"WebSite\",\"@id\":\"https:\\\/\\\/booksfrommexico.com\\\/#website\",\"url\":\"https:\\\/\\\/booksfrommexico.com\\\/\",\"name\":\"Books From Mexico\",\"description\":\"\",\"publisher\":{\"@id\":\"https:\\\/\\\/booksfrommexico.com\\\/#organization\"},\"potentialAction\":[{\"@type\":\"SearchAction\",\"target\":{\"@type\":\"EntryPoint\",\"urlTemplate\":\"https:\\\/\\\/booksfrommexico.com\\\/?s={search_term_string}\"},\"query-input\":{\"@type\":\"PropertyValueSpecification\",\"valueRequired\":true,\"valueName\":\"search_term_string\"}}],\"inLanguage\":\"es\"},{\"@type\":\"Organization\",\"@id\":\"https:\\\/\\\/booksfrommexico.com\\\/#organization\",\"name\":\"Books From Mexico\",\"url\":\"https:\\\/\\\/booksfrommexico.com\\\/\",\"logo\":{\"@type\":\"ImageObject\",\"inLanguage\":\"es\",\"@id\":\"https:\\\/\\\/booksfrommexico.com\\\/#\\\/schema\\\/logo\\\/image\\\/\",\"url\":\"https:\\\/\\\/booksfrommexico.com\\\/app\\\/uploads\\\/2023\\\/05\\\/logo-booksfrommexico.svg\",\"contentUrl\":\"https:\\\/\\\/booksfrommexico.com\\\/app\\\/uploads\\\/2023\\\/05\\\/logo-booksfrommexico.svg\",\"width\":86,\"height\":56,\"caption\":\"Books From Mexico\"},\"image\":{\"@id\":\"https:\\\/\\\/booksfrommexico.com\\\/#\\\/schema\\\/logo\\\/image\\\/\"}}]}<\/script>\n<!-- \/ Yoast SEO plugin. -->","yoast_head_json":{"title":"La Biblioteca Nacional: Triunfo de la rep\u00fablica","description":"LA BIBLIOTECA NACIONAL : TRIUNFO DE LA REP\u00daBLICA. \/ M\u00e9xico, D.F. : Universidad Nacional Aut\u00f3noma de M\u00e9xico, 2006. ISBN : 9703237363.","robots":{"index":"index","follow":"follow","max-snippet":"max-snippet:-1","max-image-preview":"max-image-preview:large","max-video-preview":"max-video-preview:-1"},"canonical":"https:\/\/booksfrommexico.com\/es\/producto\/la-biblioteca-nacional-triunfo-de-la-republica\/","og_locale":"es_ES","og_type":"article","og_title":"La Biblioteca Nacional: Triunfo de la rep\u00fablica","og_description":"LA BIBLIOTECA NACIONAL : TRIUNFO DE LA REP\u00daBLICA. \/ M\u00e9xico, D.F. : Universidad Nacional Aut\u00f3noma de M\u00e9xico, 2006. ISBN : 9703237363.","og_url":"https:\/\/booksfrommexico.com\/es\/producto\/la-biblioteca-nacional-triunfo-de-la-republica\/","og_site_name":"Books From Mexico","article_modified_time":"2024-07-04T23:55:57+00:00","og_image":[{"width":624,"height":829,"url":"http:\/\/booksfrommexico.com\/app\/uploads\/2023\/05\/135364.jpeg","type":"image\/jpeg"}],"twitter_card":"summary_large_image","twitter_misc":{"Tiempo de lectura":"1 minuto"},"schema":{"@context":"https:\/\/schema.org","@graph":[{"@type":"WebPage","@id":"https:\/\/booksfrommexico.com\/es\/producto\/la-biblioteca-nacional-triunfo-de-la-republica\/","url":"https:\/\/booksfrommexico.com\/es\/producto\/la-biblioteca-nacional-triunfo-de-la-republica\/","name":"La Biblioteca Nacional: Triunfo de la rep\u00fablica","isPartOf":{"@id":"https:\/\/booksfrommexico.com\/#website"},"primaryImageOfPage":{"@id":"https:\/\/booksfrommexico.com\/es\/producto\/la-biblioteca-nacional-triunfo-de-la-republica\/#primaryimage"},"image":{"@id":"https:\/\/booksfrommexico.com\/es\/producto\/la-biblioteca-nacional-triunfo-de-la-republica\/#primaryimage"},"thumbnailUrl":"https:\/\/booksfrommexico.com\/app\/uploads\/2023\/05\/135364.jpeg","datePublished":"2023-05-08T17:06:16+00:00","dateModified":"2024-07-04T23:55:57+00:00","description":"LA BIBLIOTECA NACIONAL : TRIUNFO DE LA REP\u00daBLICA. \/ M\u00e9xico, D.F. : Universidad Nacional Aut\u00f3noma de M\u00e9xico, 2006. ISBN : 9703237363.","breadcrumb":{"@id":"https:\/\/booksfrommexico.com\/es\/producto\/la-biblioteca-nacional-triunfo-de-la-republica\/#breadcrumb"},"inLanguage":"es","potentialAction":[{"@type":"ReadAction","target":["https:\/\/booksfrommexico.com\/es\/producto\/la-biblioteca-nacional-triunfo-de-la-republica\/"]}]},{"@type":"ImageObject","inLanguage":"es","@id":"https:\/\/booksfrommexico.com\/es\/producto\/la-biblioteca-nacional-triunfo-de-la-republica\/#primaryimage","url":"https:\/\/booksfrommexico.com\/app\/uploads\/2023\/05\/135364.jpeg","contentUrl":"https:\/\/booksfrommexico.com\/app\/uploads\/2023\/05\/135364.jpeg","width":624,"height":829,"caption":"La Biblioteca Nacional. Triunfo de la rep\u00fablica. Books From M\u00e9xico"},{"@type":"BreadcrumbList","@id":"https:\/\/booksfrommexico.com\/es\/producto\/la-biblioteca-nacional-triunfo-de-la-republica\/#breadcrumb","itemListElement":[{"@type":"ListItem","position":1,"name":"Home","item":"https:\/\/booksfrommexico.com\/es\/"},{"@type":"ListItem","position":2,"name":"Libros","item":"https:\/\/booksfrommexico.com\/es\/libros\/"},{"@type":"ListItem","position":3,"name":"La Biblioteca Nacional: Triunfo de la rep\u00fablica"}]},{"@type":"WebSite","@id":"https:\/\/booksfrommexico.com\/#website","url":"https:\/\/booksfrommexico.com\/","name":"Books From Mexico","description":"","publisher":{"@id":"https:\/\/booksfrommexico.com\/#organization"},"potentialAction":[{"@type":"SearchAction","target":{"@type":"EntryPoint","urlTemplate":"https:\/\/booksfrommexico.com\/?s={search_term_string}"},"query-input":{"@type":"PropertyValueSpecification","valueRequired":true,"valueName":"search_term_string"}}],"inLanguage":"es"},{"@type":"Organization","@id":"https:\/\/booksfrommexico.com\/#organization","name":"Books From Mexico","url":"https:\/\/booksfrommexico.com\/","logo":{"@type":"ImageObject","inLanguage":"es","@id":"https:\/\/booksfrommexico.com\/#\/schema\/logo\/image\/","url":"https:\/\/booksfrommexico.com\/app\/uploads\/2023\/05\/logo-booksfrommexico.svg","contentUrl":"https:\/\/booksfrommexico.com\/app\/uploads\/2023\/05\/logo-booksfrommexico.svg","width":86,"height":56,"caption":"Books From Mexico"},"image":{"@id":"https:\/\/booksfrommexico.com\/#\/schema\/logo\/image\/"}}]}},"_links":{"self":[{"href":"https:\/\/booksfrommexico.com\/es\/wp-json\/wp\/v2\/product\/744","targetHints":{"allow":["GET"]}}],"collection":[{"href":"https:\/\/booksfrommexico.com\/es\/wp-json\/wp\/v2\/product"}],"about":[{"href":"https:\/\/booksfrommexico.com\/es\/wp-json\/wp\/v2\/types\/product"}],"wp:featuredmedia":[{"embeddable":true,"href":"https:\/\/booksfrommexico.com\/es\/wp-json\/wp\/v2\/media\/743"}],"wp:attachment":[{"href":"https:\/\/booksfrommexico.com\/es\/wp-json\/wp\/v2\/media?parent=744"}],"wp:term":[{"taxonomy":"product_brand","embeddable":true,"href":"https:\/\/booksfrommexico.com\/es\/wp-json\/wp\/v2\/product_brand?post=744"},{"taxonomy":"product_cat","embeddable":true,"href":"https:\/\/booksfrommexico.com\/es\/wp-json\/wp\/v2\/product_cat?post=744"},{"taxonomy":"product_tag","embeddable":true,"href":"https:\/\/booksfrommexico.com\/es\/wp-json\/wp\/v2\/product_tag?post=744"}],"curies":[{"name":"wp","href":"https:\/\/api.w.org\/{rel}","templated":true}]}}