{"id":746,"date":"2023-05-08T17:06:18","date_gmt":"2023-05-08T17:06:18","guid":{"rendered":"http:\/\/booksfrommexico.com\/product\/estudios-historicos-sobre-las-mujeres-en-mexico\/"},"modified":"2025-04-21T17:53:16","modified_gmt":"2025-04-21T17:53:16","slug":"estudios-historicos-sobre-las-mujeres-en-mexico","status":"publish","type":"product","link":"https:\/\/booksfrommexico.com\/es\/producto\/estudios-historicos-sobre-las-mujeres-en-mexico\/","title":{"rendered":"Estudios hist\u00f3ricos sobre las mujeres en M\u00e9xico"},"content":{"rendered":"","protected":false},"excerpt":{"rendered":"<p>Mar\u00eda de Lourdes Herrera Feria, coordinadora. Puebla, M\u00e9xico: BUAP-Centro de Estudios de G\u00e9nero de la Facultad de Filosof\u00eda y Letras, 2006. 489 pages : 23 cm. ISBN: 9688638382<\/p>\n","protected":false},"featured_media":745,"template":"","meta":{"_acf_changed":false,"inline_featured_image":false},"product_brand":[],"product_cat":[147,148],"product_tag":[],"class_list":{"0":"post-746","1":"product","2":"type-product","3":"status-publish","4":"has-post-thumbnail","6":"product_cat-estudios-de-genero","7":"product_cat-estudios-sobre-las-mujeres-estudios-de-genero","9":"first","10":"outofstock","11":"taxable","12":"shipping-taxable","13":"purchasable","14":"product-type-simple"},"acf":[],"yoast_head":"<!-- This site is optimized with the Yoast SEO plugin v27.3 - https:\/\/yoast.com\/product\/yoast-seo-wordpress\/ -->\n<title>Estudios hist\u00f3ricos sobre las mujeres en M\u00e9xico. Mar\u00eda de Lourdes<\/title>\n<meta name=\"description\" content=\"Estudios hist\u00f3ricos sobre las mujeres en M\u00e9xico. Mar\u00eda de Lourdes Herrera Feria, coordinadora. Puebla, M\u00e9xico. 2006. Books From M\u00e9xico.\" \/>\n<meta name=\"robots\" content=\"index, follow, max-snippet:-1, max-image-preview:large, max-video-preview:-1\" \/>\n<link rel=\"canonical\" href=\"https:\/\/booksfrommexico.com\/es\/producto\/estudios-historicos-sobre-las-mujeres-en-mexico\/\" \/>\n<meta property=\"og:locale\" content=\"es_ES\" \/>\n<meta property=\"og:type\" content=\"article\" \/>\n<meta property=\"og:title\" content=\"Estudios hist\u00f3ricos sobre las mujeres en M\u00e9xico. Mar\u00eda de Lourdes\" \/>\n<meta property=\"og:description\" content=\"Estudios hist\u00f3ricos sobre las mujeres en M\u00e9xico. Mar\u00eda de Lourdes Herrera Feria, coordinadora. Puebla, M\u00e9xico. 2006. Books From M\u00e9xico.\" \/>\n<meta property=\"og:url\" content=\"https:\/\/booksfrommexico.com\/es\/producto\/estudios-historicos-sobre-las-mujeres-en-mexico\/\" \/>\n<meta property=\"og:site_name\" content=\"Books From Mexico\" \/>\n<meta property=\"article:modified_time\" content=\"2025-04-21T17:53:16+00:00\" \/>\n<meta property=\"og:image\" content=\"http:\/\/booksfrommexico.com\/app\/uploads\/2023\/05\/135466.jpeg\" \/>\n\t<meta property=\"og:image:width\" content=\"415\" \/>\n\t<meta property=\"og:image:height\" content=\"668\" \/>\n\t<meta property=\"og:image:type\" content=\"image\/jpeg\" \/>\n<meta name=\"twitter:card\" content=\"summary_large_image\" \/>\n<script type=\"application\/ld+json\" class=\"yoast-schema-graph\">{\"@context\":\"https:\\\/\\\/schema.org\",\"@graph\":[{\"@type\":\"WebPage\",\"@id\":\"https:\\\/\\\/booksfrommexico.com\\\/es\\\/producto\\\/estudios-historicos-sobre-las-mujeres-en-mexico\\\/\",\"url\":\"https:\\\/\\\/booksfrommexico.com\\\/es\\\/producto\\\/estudios-historicos-sobre-las-mujeres-en-mexico\\\/\",\"name\":\"Estudios hist\u00f3ricos sobre las mujeres en M\u00e9xico. Mar\u00eda de Lourdes\",\"isPartOf\":{\"@id\":\"https:\\\/\\\/booksfrommexico.com\\\/#website\"},\"primaryImageOfPage\":{\"@id\":\"https:\\\/\\\/booksfrommexico.com\\\/es\\\/producto\\\/estudios-historicos-sobre-las-mujeres-en-mexico\\\/#primaryimage\"},\"image\":{\"@id\":\"https:\\\/\\\/booksfrommexico.com\\\/es\\\/producto\\\/estudios-historicos-sobre-las-mujeres-en-mexico\\\/#primaryimage\"},\"thumbnailUrl\":\"https:\\\/\\\/booksfrommexico.com\\\/app\\\/uploads\\\/2023\\\/05\\\/135466.jpeg\",\"datePublished\":\"2023-05-08T17:06:18+00:00\",\"dateModified\":\"2025-04-21T17:53:16+00:00\",\"description\":\"Estudios hist\u00f3ricos sobre las mujeres en M\u00e9xico. Mar\u00eda de Lourdes Herrera Feria, coordinadora. Puebla, M\u00e9xico. 2006. Books From M\u00e9xico.\",\"breadcrumb\":{\"@id\":\"https:\\\/\\\/booksfrommexico.com\\\/es\\\/producto\\\/estudios-historicos-sobre-las-mujeres-en-mexico\\\/#breadcrumb\"},\"inLanguage\":\"es\",\"potentialAction\":[{\"@type\":\"ReadAction\",\"target\":[\"https:\\\/\\\/booksfrommexico.com\\\/es\\\/producto\\\/estudios-historicos-sobre-las-mujeres-en-mexico\\\/\"]}]},{\"@type\":\"ImageObject\",\"inLanguage\":\"es\",\"@id\":\"https:\\\/\\\/booksfrommexico.com\\\/es\\\/producto\\\/estudios-historicos-sobre-las-mujeres-en-mexico\\\/#primaryimage\",\"url\":\"https:\\\/\\\/booksfrommexico.com\\\/app\\\/uploads\\\/2023\\\/05\\\/135466.jpeg\",\"contentUrl\":\"https:\\\/\\\/booksfrommexico.com\\\/app\\\/uploads\\\/2023\\\/05\\\/135466.jpeg\",\"width\":415,\"height\":668,\"caption\":\"Estudios hist\u00f3ricos sobre las mujeres en M\u00e9xico\"},{\"@type\":\"BreadcrumbList\",\"@id\":\"https:\\\/\\\/booksfrommexico.com\\\/es\\\/producto\\\/estudios-historicos-sobre-las-mujeres-en-mexico\\\/#breadcrumb\",\"itemListElement\":[{\"@type\":\"ListItem\",\"position\":1,\"name\":\"Home\",\"item\":\"https:\\\/\\\/booksfrommexico.com\\\/es\\\/\"},{\"@type\":\"ListItem\",\"position\":2,\"name\":\"Libros\",\"item\":\"https:\\\/\\\/booksfrommexico.com\\\/es\\\/libros\\\/\"},{\"@type\":\"ListItem\",\"position\":3,\"name\":\"Estudios hist\u00f3ricos sobre las mujeres en M\u00e9xico\"}]},{\"@type\":\"WebSite\",\"@id\":\"https:\\\/\\\/booksfrommexico.com\\\/#website\",\"url\":\"https:\\\/\\\/booksfrommexico.com\\\/\",\"name\":\"Books From Mexico\",\"description\":\"\",\"publisher\":{\"@id\":\"https:\\\/\\\/booksfrommexico.com\\\/#organization\"},\"potentialAction\":[{\"@type\":\"SearchAction\",\"target\":{\"@type\":\"EntryPoint\",\"urlTemplate\":\"https:\\\/\\\/booksfrommexico.com\\\/?s={search_term_string}\"},\"query-input\":{\"@type\":\"PropertyValueSpecification\",\"valueRequired\":true,\"valueName\":\"search_term_string\"}}],\"inLanguage\":\"es\"},{\"@type\":\"Organization\",\"@id\":\"https:\\\/\\\/booksfrommexico.com\\\/#organization\",\"name\":\"Books From Mexico\",\"url\":\"https:\\\/\\\/booksfrommexico.com\\\/\",\"logo\":{\"@type\":\"ImageObject\",\"inLanguage\":\"es\",\"@id\":\"https:\\\/\\\/booksfrommexico.com\\\/#\\\/schema\\\/logo\\\/image\\\/\",\"url\":\"https:\\\/\\\/booksfrommexico.com\\\/app\\\/uploads\\\/2023\\\/05\\\/logo-booksfrommexico.svg\",\"contentUrl\":\"https:\\\/\\\/booksfrommexico.com\\\/app\\\/uploads\\\/2023\\\/05\\\/logo-booksfrommexico.svg\",\"width\":86,\"height\":56,\"caption\":\"Books From Mexico\"},\"image\":{\"@id\":\"https:\\\/\\\/booksfrommexico.com\\\/#\\\/schema\\\/logo\\\/image\\\/\"}}]}<\/script>\n<!-- \/ Yoast SEO plugin. -->","yoast_head_json":{"title":"Estudios hist\u00f3ricos sobre las mujeres en M\u00e9xico. Mar\u00eda de Lourdes","description":"Estudios hist\u00f3ricos sobre las mujeres en M\u00e9xico. Mar\u00eda de Lourdes Herrera Feria, coordinadora. Puebla, M\u00e9xico. 2006. Books From M\u00e9xico.","robots":{"index":"index","follow":"follow","max-snippet":"max-snippet:-1","max-image-preview":"max-image-preview:large","max-video-preview":"max-video-preview:-1"},"canonical":"https:\/\/booksfrommexico.com\/es\/producto\/estudios-historicos-sobre-las-mujeres-en-mexico\/","og_locale":"es_ES","og_type":"article","og_title":"Estudios hist\u00f3ricos sobre las mujeres en M\u00e9xico. Mar\u00eda de Lourdes","og_description":"Estudios hist\u00f3ricos sobre las mujeres en M\u00e9xico. Mar\u00eda de Lourdes Herrera Feria, coordinadora. Puebla, M\u00e9xico. 2006. Books From M\u00e9xico.","og_url":"https:\/\/booksfrommexico.com\/es\/producto\/estudios-historicos-sobre-las-mujeres-en-mexico\/","og_site_name":"Books From Mexico","article_modified_time":"2025-04-21T17:53:16+00:00","og_image":[{"width":415,"height":668,"url":"http:\/\/booksfrommexico.com\/app\/uploads\/2023\/05\/135466.jpeg","type":"image\/jpeg"}],"twitter_card":"summary_large_image","schema":{"@context":"https:\/\/schema.org","@graph":[{"@type":"WebPage","@id":"https:\/\/booksfrommexico.com\/es\/producto\/estudios-historicos-sobre-las-mujeres-en-mexico\/","url":"https:\/\/booksfrommexico.com\/es\/producto\/estudios-historicos-sobre-las-mujeres-en-mexico\/","name":"Estudios hist\u00f3ricos sobre las mujeres en M\u00e9xico. Mar\u00eda de Lourdes","isPartOf":{"@id":"https:\/\/booksfrommexico.com\/#website"},"primaryImageOfPage":{"@id":"https:\/\/booksfrommexico.com\/es\/producto\/estudios-historicos-sobre-las-mujeres-en-mexico\/#primaryimage"},"image":{"@id":"https:\/\/booksfrommexico.com\/es\/producto\/estudios-historicos-sobre-las-mujeres-en-mexico\/#primaryimage"},"thumbnailUrl":"https:\/\/booksfrommexico.com\/app\/uploads\/2023\/05\/135466.jpeg","datePublished":"2023-05-08T17:06:18+00:00","dateModified":"2025-04-21T17:53:16+00:00","description":"Estudios hist\u00f3ricos sobre las mujeres en M\u00e9xico. Mar\u00eda de Lourdes Herrera Feria, coordinadora. Puebla, M\u00e9xico. 2006. Books From M\u00e9xico.","breadcrumb":{"@id":"https:\/\/booksfrommexico.com\/es\/producto\/estudios-historicos-sobre-las-mujeres-en-mexico\/#breadcrumb"},"inLanguage":"es","potentialAction":[{"@type":"ReadAction","target":["https:\/\/booksfrommexico.com\/es\/producto\/estudios-historicos-sobre-las-mujeres-en-mexico\/"]}]},{"@type":"ImageObject","inLanguage":"es","@id":"https:\/\/booksfrommexico.com\/es\/producto\/estudios-historicos-sobre-las-mujeres-en-mexico\/#primaryimage","url":"https:\/\/booksfrommexico.com\/app\/uploads\/2023\/05\/135466.jpeg","contentUrl":"https:\/\/booksfrommexico.com\/app\/uploads\/2023\/05\/135466.jpeg","width":415,"height":668,"caption":"Estudios hist\u00f3ricos sobre las mujeres en M\u00e9xico"},{"@type":"BreadcrumbList","@id":"https:\/\/booksfrommexico.com\/es\/producto\/estudios-historicos-sobre-las-mujeres-en-mexico\/#breadcrumb","itemListElement":[{"@type":"ListItem","position":1,"name":"Home","item":"https:\/\/booksfrommexico.com\/es\/"},{"@type":"ListItem","position":2,"name":"Libros","item":"https:\/\/booksfrommexico.com\/es\/libros\/"},{"@type":"ListItem","position":3,"name":"Estudios hist\u00f3ricos sobre las mujeres en M\u00e9xico"}]},{"@type":"WebSite","@id":"https:\/\/booksfrommexico.com\/#website","url":"https:\/\/booksfrommexico.com\/","name":"Books From Mexico","description":"","publisher":{"@id":"https:\/\/booksfrommexico.com\/#organization"},"potentialAction":[{"@type":"SearchAction","target":{"@type":"EntryPoint","urlTemplate":"https:\/\/booksfrommexico.com\/?s={search_term_string}"},"query-input":{"@type":"PropertyValueSpecification","valueRequired":true,"valueName":"search_term_string"}}],"inLanguage":"es"},{"@type":"Organization","@id":"https:\/\/booksfrommexico.com\/#organization","name":"Books From Mexico","url":"https:\/\/booksfrommexico.com\/","logo":{"@type":"ImageObject","inLanguage":"es","@id":"https:\/\/booksfrommexico.com\/#\/schema\/logo\/image\/","url":"https:\/\/booksfrommexico.com\/app\/uploads\/2023\/05\/logo-booksfrommexico.svg","contentUrl":"https:\/\/booksfrommexico.com\/app\/uploads\/2023\/05\/logo-booksfrommexico.svg","width":86,"height":56,"caption":"Books From Mexico"},"image":{"@id":"https:\/\/booksfrommexico.com\/#\/schema\/logo\/image\/"}}]}},"_links":{"self":[{"href":"https:\/\/booksfrommexico.com\/es\/wp-json\/wp\/v2\/product\/746","targetHints":{"allow":["GET"]}}],"collection":[{"href":"https:\/\/booksfrommexico.com\/es\/wp-json\/wp\/v2\/product"}],"about":[{"href":"https:\/\/booksfrommexico.com\/es\/wp-json\/wp\/v2\/types\/product"}],"wp:featuredmedia":[{"embeddable":true,"href":"https:\/\/booksfrommexico.com\/es\/wp-json\/wp\/v2\/media\/745"}],"wp:attachment":[{"href":"https:\/\/booksfrommexico.com\/es\/wp-json\/wp\/v2\/media?parent=746"}],"wp:term":[{"taxonomy":"product_brand","embeddable":true,"href":"https:\/\/booksfrommexico.com\/es\/wp-json\/wp\/v2\/product_brand?post=746"},{"taxonomy":"product_cat","embeddable":true,"href":"https:\/\/booksfrommexico.com\/es\/wp-json\/wp\/v2\/product_cat?post=746"},{"taxonomy":"product_tag","embeddable":true,"href":"https:\/\/booksfrommexico.com\/es\/wp-json\/wp\/v2\/product_tag?post=746"}],"curies":[{"name":"wp","href":"https:\/\/api.w.org\/{rel}","templated":true}]}}