{"id":750,"date":"2023-05-08T17:06:21","date_gmt":"2023-05-08T17:06:21","guid":{"rendered":"http:\/\/booksfrommexico.com\/product\/el-estructuralismo-latinoamericano\/"},"modified":"2024-07-04T22:58:15","modified_gmt":"2024-07-04T22:58:15","slug":"el-estructuralismo-latinoamericano","status":"publish","type":"product","link":"https:\/\/booksfrommexico.com\/es\/producto\/el-estructuralismo-latinoamericano\/","title":{"rendered":"El estructuralismo latinoamericano"},"content":{"rendered":"<p><span style=\"font-weight: 400;\">En este t\u00edtulo se hace un recorrido exhaustivo de los contenidos del estructuralismo latinoamericano desde sus or\u00edgenes hasta la actualidad, siendo \u00e9sta una escuela clave para determinar las principales causas del subdesarrollo de la regi\u00f3n mexicana en \u00e9se entonces y los mecanismos para superarlo. Se retoman \u00e9stas postulaciones por diferentes autores de la Comisi\u00f3n Econ\u00f3mica para Am\u00e9rica Latina y el Caribe o ligados a esta instituci\u00f3n durante las siguientes d\u00e9cadas, tomando en cuenta tambi\u00e9n el \u201cenfoque de la dependencia\u201d y los estilos de desarrollo\u201d., as\u00ed como la conformaci\u00f3n del denominado \u201cneo-estructuralismo\u201d impulsada por Fernando Fajnzylber.<\/span><\/p>\n","protected":false},"excerpt":{"rendered":"<p>EL ESTRUCTURALISMO LATINOAMERICANO<span style=\"font-weight: 400;\">. \/ Octavio Rodr\u00edguez. M\u00e9xico, D.F. : Comisi\u00f3n Econ\u00f3mica para Am\u00e9rica Latina y el Caribe ; Siglo XXI Editores, 2006. 495 pages : includes charts, notes, bibliography ; 23 cm. (Colecci\u00f3n Econom\u00eda y Demograf\u00eda). ISBN : 9682326699.<\/span><\/p>\n","protected":false},"featured_media":749,"template":"","meta":{"_acf_changed":false,"inline_featured_image":false},"product_brand":[],"product_cat":[785,47],"product_tag":[4404,4108,3594],"class_list":{"0":"post-750","1":"product","2":"type-product","3":"status-publish","4":"has-post-thumbnail","6":"product_cat-condiciones-economicas-nacionales","7":"product_cat-economia","8":"product_tag-economia","9":"product_tag-estudios-latinoamericanos","10":"product_tag-mexico","12":"first","13":"instock","14":"taxable","15":"shipping-taxable","16":"purchasable","17":"product-type-simple"},"acf":[],"yoast_head":"<!-- This site is optimized with the Yoast SEO plugin v27.2 - https:\/\/yoast.com\/product\/yoast-seo-wordpress\/ -->\n<title>El estructuralismo latinoamericano<\/title>\n<meta name=\"description\" content=\"EL ESTRUCTURALISMO LATINOAMERICANO. \/ Octavio Rodr\u00edguez. M\u00e9xico, D.F. : Comisi\u00f3n Econ\u00f3mica para Am\u00e9rica Latina y el Caribe ; Siglo XXI Editores, 2006.\" \/>\n<meta name=\"robots\" content=\"index, follow, max-snippet:-1, max-image-preview:large, max-video-preview:-1\" \/>\n<link rel=\"canonical\" href=\"https:\/\/booksfrommexico.com\/es\/producto\/el-estructuralismo-latinoamericano\/\" \/>\n<meta property=\"og:locale\" content=\"es_ES\" \/>\n<meta property=\"og:type\" content=\"article\" \/>\n<meta property=\"og:title\" content=\"El estructuralismo latinoamericano\" \/>\n<meta property=\"og:description\" content=\"EL ESTRUCTURALISMO LATINOAMERICANO. \/ Octavio Rodr\u00edguez. M\u00e9xico, D.F. : Comisi\u00f3n Econ\u00f3mica para Am\u00e9rica Latina y el Caribe ; Siglo XXI Editores, 2006.\" \/>\n<meta property=\"og:url\" content=\"https:\/\/booksfrommexico.com\/es\/producto\/el-estructuralismo-latinoamericano\/\" \/>\n<meta property=\"og:site_name\" content=\"Books From Mexico\" \/>\n<meta property=\"article:modified_time\" content=\"2024-07-04T22:58:15+00:00\" \/>\n<meta property=\"og:image\" content=\"http:\/\/booksfrommexico.com\/app\/uploads\/2023\/05\/136186.jpeg\" \/>\n\t<meta property=\"og:image:width\" content=\"449\" \/>\n\t<meta property=\"og:image:height\" content=\"659\" \/>\n\t<meta property=\"og:image:type\" content=\"image\/jpeg\" \/>\n<meta name=\"twitter:card\" content=\"summary_large_image\" \/>\n<meta name=\"twitter:label1\" content=\"Tiempo de lectura\" \/>\n\t<meta name=\"twitter:data1\" content=\"1 minuto\" \/>\n<script type=\"application\/ld+json\" class=\"yoast-schema-graph\">{\"@context\":\"https:\/\/schema.org\",\"@graph\":[{\"@type\":\"WebPage\",\"@id\":\"https:\/\/booksfrommexico.com\/es\/producto\/el-estructuralismo-latinoamericano\/\",\"url\":\"https:\/\/booksfrommexico.com\/es\/producto\/el-estructuralismo-latinoamericano\/\",\"name\":\"El estructuralismo latinoamericano\",\"isPartOf\":{\"@id\":\"https:\/\/booksfrommexico.com\/#website\"},\"primaryImageOfPage\":{\"@id\":\"https:\/\/booksfrommexico.com\/es\/producto\/el-estructuralismo-latinoamericano\/#primaryimage\"},\"image\":{\"@id\":\"https:\/\/booksfrommexico.com\/es\/producto\/el-estructuralismo-latinoamericano\/#primaryimage\"},\"thumbnailUrl\":\"https:\/\/booksfrommexico.com\/app\/uploads\/2023\/05\/136186.jpeg\",\"datePublished\":\"2023-05-08T17:06:21+00:00\",\"dateModified\":\"2024-07-04T22:58:15+00:00\",\"description\":\"EL ESTRUCTURALISMO LATINOAMERICANO. \/ Octavio Rodr\u00edguez. M\u00e9xico, D.F. : Comisi\u00f3n Econ\u00f3mica para Am\u00e9rica Latina y el Caribe ; Siglo XXI Editores, 2006.\",\"breadcrumb\":{\"@id\":\"https:\/\/booksfrommexico.com\/es\/producto\/el-estructuralismo-latinoamericano\/#breadcrumb\"},\"inLanguage\":\"es\",\"potentialAction\":[{\"@type\":\"ReadAction\",\"target\":[\"https:\/\/booksfrommexico.com\/es\/producto\/el-estructuralismo-latinoamericano\/\"]}]},{\"@type\":\"ImageObject\",\"inLanguage\":\"es\",\"@id\":\"https:\/\/booksfrommexico.com\/es\/producto\/el-estructuralismo-latinoamericano\/#primaryimage\",\"url\":\"https:\/\/booksfrommexico.com\/app\/uploads\/2023\/05\/136186.jpeg\",\"contentUrl\":\"https:\/\/booksfrommexico.com\/app\/uploads\/2023\/05\/136186.jpeg\",\"width\":449,\"height\":659,\"caption\":\"El Estructuralismo latinoamericano. Books From M\u00e9xico\"},{\"@type\":\"BreadcrumbList\",\"@id\":\"https:\/\/booksfrommexico.com\/es\/producto\/el-estructuralismo-latinoamericano\/#breadcrumb\",\"itemListElement\":[{\"@type\":\"ListItem\",\"position\":1,\"name\":\"Home\",\"item\":\"https:\/\/booksfrommexico.com\/es\/\"},{\"@type\":\"ListItem\",\"position\":2,\"name\":\"Libros\",\"item\":\"https:\/\/booksfrommexico.com\/es\/libros\/\"},{\"@type\":\"ListItem\",\"position\":3,\"name\":\"El estructuralismo latinoamericano\"}]},{\"@type\":\"WebSite\",\"@id\":\"https:\/\/booksfrommexico.com\/#website\",\"url\":\"https:\/\/booksfrommexico.com\/\",\"name\":\"Books From Mexico\",\"description\":\"\",\"publisher\":{\"@id\":\"https:\/\/booksfrommexico.com\/#organization\"},\"potentialAction\":[{\"@type\":\"SearchAction\",\"target\":{\"@type\":\"EntryPoint\",\"urlTemplate\":\"https:\/\/booksfrommexico.com\/?s={search_term_string}\"},\"query-input\":{\"@type\":\"PropertyValueSpecification\",\"valueRequired\":true,\"valueName\":\"search_term_string\"}}],\"inLanguage\":\"es\"},{\"@type\":\"Organization\",\"@id\":\"https:\/\/booksfrommexico.com\/#organization\",\"name\":\"Books From Mexico\",\"url\":\"https:\/\/booksfrommexico.com\/\",\"logo\":{\"@type\":\"ImageObject\",\"inLanguage\":\"es\",\"@id\":\"https:\/\/booksfrommexico.com\/#\/schema\/logo\/image\/\",\"url\":\"https:\/\/booksfrommexico.com\/app\/uploads\/2023\/05\/logo-booksfrommexico.svg\",\"contentUrl\":\"https:\/\/booksfrommexico.com\/app\/uploads\/2023\/05\/logo-booksfrommexico.svg\",\"width\":86,\"height\":56,\"caption\":\"Books From Mexico\"},\"image\":{\"@id\":\"https:\/\/booksfrommexico.com\/#\/schema\/logo\/image\/\"}}]}<\/script>\n<!-- \/ Yoast SEO plugin. -->","yoast_head_json":{"title":"El estructuralismo latinoamericano","description":"EL ESTRUCTURALISMO LATINOAMERICANO. \/ Octavio Rodr\u00edguez. M\u00e9xico, D.F. : Comisi\u00f3n Econ\u00f3mica para Am\u00e9rica Latina y el Caribe ; Siglo XXI Editores, 2006.","robots":{"index":"index","follow":"follow","max-snippet":"max-snippet:-1","max-image-preview":"max-image-preview:large","max-video-preview":"max-video-preview:-1"},"canonical":"https:\/\/booksfrommexico.com\/es\/producto\/el-estructuralismo-latinoamericano\/","og_locale":"es_ES","og_type":"article","og_title":"El estructuralismo latinoamericano","og_description":"EL ESTRUCTURALISMO LATINOAMERICANO. \/ Octavio Rodr\u00edguez. M\u00e9xico, D.F. : Comisi\u00f3n Econ\u00f3mica para Am\u00e9rica Latina y el Caribe ; Siglo XXI Editores, 2006.","og_url":"https:\/\/booksfrommexico.com\/es\/producto\/el-estructuralismo-latinoamericano\/","og_site_name":"Books From Mexico","article_modified_time":"2024-07-04T22:58:15+00:00","og_image":[{"width":449,"height":659,"url":"http:\/\/booksfrommexico.com\/app\/uploads\/2023\/05\/136186.jpeg","type":"image\/jpeg"}],"twitter_card":"summary_large_image","twitter_misc":{"Tiempo de lectura":"1 minuto"},"schema":{"@context":"https:\/\/schema.org","@graph":[{"@type":"WebPage","@id":"https:\/\/booksfrommexico.com\/es\/producto\/el-estructuralismo-latinoamericano\/","url":"https:\/\/booksfrommexico.com\/es\/producto\/el-estructuralismo-latinoamericano\/","name":"El estructuralismo latinoamericano","isPartOf":{"@id":"https:\/\/booksfrommexico.com\/#website"},"primaryImageOfPage":{"@id":"https:\/\/booksfrommexico.com\/es\/producto\/el-estructuralismo-latinoamericano\/#primaryimage"},"image":{"@id":"https:\/\/booksfrommexico.com\/es\/producto\/el-estructuralismo-latinoamericano\/#primaryimage"},"thumbnailUrl":"https:\/\/booksfrommexico.com\/app\/uploads\/2023\/05\/136186.jpeg","datePublished":"2023-05-08T17:06:21+00:00","dateModified":"2024-07-04T22:58:15+00:00","description":"EL ESTRUCTURALISMO LATINOAMERICANO. \/ Octavio Rodr\u00edguez. M\u00e9xico, D.F. : Comisi\u00f3n Econ\u00f3mica para Am\u00e9rica Latina y el Caribe ; Siglo XXI Editores, 2006.","breadcrumb":{"@id":"https:\/\/booksfrommexico.com\/es\/producto\/el-estructuralismo-latinoamericano\/#breadcrumb"},"inLanguage":"es","potentialAction":[{"@type":"ReadAction","target":["https:\/\/booksfrommexico.com\/es\/producto\/el-estructuralismo-latinoamericano\/"]}]},{"@type":"ImageObject","inLanguage":"es","@id":"https:\/\/booksfrommexico.com\/es\/producto\/el-estructuralismo-latinoamericano\/#primaryimage","url":"https:\/\/booksfrommexico.com\/app\/uploads\/2023\/05\/136186.jpeg","contentUrl":"https:\/\/booksfrommexico.com\/app\/uploads\/2023\/05\/136186.jpeg","width":449,"height":659,"caption":"El Estructuralismo latinoamericano. Books From M\u00e9xico"},{"@type":"BreadcrumbList","@id":"https:\/\/booksfrommexico.com\/es\/producto\/el-estructuralismo-latinoamericano\/#breadcrumb","itemListElement":[{"@type":"ListItem","position":1,"name":"Home","item":"https:\/\/booksfrommexico.com\/es\/"},{"@type":"ListItem","position":2,"name":"Libros","item":"https:\/\/booksfrommexico.com\/es\/libros\/"},{"@type":"ListItem","position":3,"name":"El estructuralismo latinoamericano"}]},{"@type":"WebSite","@id":"https:\/\/booksfrommexico.com\/#website","url":"https:\/\/booksfrommexico.com\/","name":"Books From Mexico","description":"","publisher":{"@id":"https:\/\/booksfrommexico.com\/#organization"},"potentialAction":[{"@type":"SearchAction","target":{"@type":"EntryPoint","urlTemplate":"https:\/\/booksfrommexico.com\/?s={search_term_string}"},"query-input":{"@type":"PropertyValueSpecification","valueRequired":true,"valueName":"search_term_string"}}],"inLanguage":"es"},{"@type":"Organization","@id":"https:\/\/booksfrommexico.com\/#organization","name":"Books From Mexico","url":"https:\/\/booksfrommexico.com\/","logo":{"@type":"ImageObject","inLanguage":"es","@id":"https:\/\/booksfrommexico.com\/#\/schema\/logo\/image\/","url":"https:\/\/booksfrommexico.com\/app\/uploads\/2023\/05\/logo-booksfrommexico.svg","contentUrl":"https:\/\/booksfrommexico.com\/app\/uploads\/2023\/05\/logo-booksfrommexico.svg","width":86,"height":56,"caption":"Books From Mexico"},"image":{"@id":"https:\/\/booksfrommexico.com\/#\/schema\/logo\/image\/"}}]}},"_links":{"self":[{"href":"https:\/\/booksfrommexico.com\/es\/wp-json\/wp\/v2\/product\/750","targetHints":{"allow":["GET"]}}],"collection":[{"href":"https:\/\/booksfrommexico.com\/es\/wp-json\/wp\/v2\/product"}],"about":[{"href":"https:\/\/booksfrommexico.com\/es\/wp-json\/wp\/v2\/types\/product"}],"wp:featuredmedia":[{"embeddable":true,"href":"https:\/\/booksfrommexico.com\/es\/wp-json\/wp\/v2\/media\/749"}],"wp:attachment":[{"href":"https:\/\/booksfrommexico.com\/es\/wp-json\/wp\/v2\/media?parent=750"}],"wp:term":[{"taxonomy":"product_brand","embeddable":true,"href":"https:\/\/booksfrommexico.com\/es\/wp-json\/wp\/v2\/product_brand?post=750"},{"taxonomy":"product_cat","embeddable":true,"href":"https:\/\/booksfrommexico.com\/es\/wp-json\/wp\/v2\/product_cat?post=750"},{"taxonomy":"product_tag","embeddable":true,"href":"https:\/\/booksfrommexico.com\/es\/wp-json\/wp\/v2\/product_tag?post=750"}],"curies":[{"name":"wp","href":"https:\/\/api.w.org\/{rel}","templated":true}]}}