{"id":752,"date":"2023-05-08T17:06:22","date_gmt":"2023-05-08T17:06:22","guid":{"rendered":"http:\/\/booksfrommexico.com\/product\/hacia-una-politica-migratoria-del-estado-mexicano\/"},"modified":"2024-07-04T22:19:45","modified_gmt":"2024-07-04T22:19:45","slug":"hacia-una-politica-migratoria-del-estado-mexicano","status":"publish","type":"product","link":"https:\/\/booksfrommexico.com\/es\/producto\/hacia-una-politica-migratoria-del-estado-mexicano\/","title":{"rendered":"Hacia una pol\u00edtica migratoria del Estado Mexicano"},"content":{"rendered":"<p><span style=\"font-weight: 400;\">El Instituto Nacional de Migraci\u00f3n (INM) ha impulsado en los \u00faltimos a\u00f1os diferentes iniciativas para definir elementos b\u00e1sicos que ayudar\u00e1n a conformar desde distintas \u00f3pticas lo que deber\u00eda constituir una pol\u00edtica migratoria actualizada e integral del Estado mexicano. Durante el 2006 el INM se aboc\u00f3 a recopilar una visi\u00f3n amplia sobre lo que deber\u00eda ser la pol\u00edtica migratoria mexicana desde la perspectiva de las entidades federativas, con la realizaci\u00f3n de textos conjuntos por los delegados regionales de migraci\u00f3n, subdelegados fronterizos, representantes de gobiernos estatales y algunas de las universidades locales.<\/span><\/p>\n","protected":false},"excerpt":{"rendered":"<p>HACIA UNA POL\u00cdTICA MIGRATORIA DEL ESTADO MEXICANO<span style=\"font-weight: 400;\">. \/ M\u00e9xico, D.F. : Centro de Estudios Migratorios , Instituto Nacional de Migraci\u00f3n, 2006. 314 pages : includes bibliographic references ; 23. cm.<\/span><\/p>\n","protected":false},"featured_media":751,"template":"","meta":{"_acf_changed":false,"inline_featured_image":false},"product_brand":[],"product_cat":[797,42],"product_tag":[3685,4401,4001,3627],"class_list":{"0":"post-752","1":"product","2":"type-product","3":"status-publish","4":"has-post-thumbnail","6":"product_cat-politica-y-ciencia-politica","7":"product_cat-temas-de-inmigracion-y-migraciones-humanas","8":"product_tag-inmigracion","9":"product_tag-inmigrantes-es","10":"product_tag-leyes","11":"product_tag-politica-y-gobierno","13":"first","14":"instock","15":"taxable","16":"shipping-taxable","17":"purchasable","18":"product-type-simple"},"acf":[],"yoast_head":"<!-- This site is optimized with the Yoast SEO plugin v27.3 - https:\/\/yoast.com\/product\/yoast-seo-wordpress\/ -->\n<title>Hacia una pol\u00edtica migratoria del Estado Mexicano<\/title>\n<meta name=\"description\" content=\"HACIA UNA POL\u00cdTICA MIGRATORIA DEL ESTADO MEXICANO. \/ M\u00e9xico, D.F. : Centro de Estudios Migratorios , Instituto Nacional de Migraci\u00f3n, 2006.\" \/>\n<meta name=\"robots\" content=\"index, follow, max-snippet:-1, max-image-preview:large, max-video-preview:-1\" \/>\n<link rel=\"canonical\" href=\"https:\/\/booksfrommexico.com\/es\/producto\/hacia-una-politica-migratoria-del-estado-mexicano\/\" \/>\n<meta property=\"og:locale\" content=\"es_ES\" \/>\n<meta property=\"og:type\" content=\"article\" \/>\n<meta property=\"og:title\" content=\"Hacia una pol\u00edtica migratoria del Estado Mexicano\" \/>\n<meta property=\"og:description\" content=\"HACIA UNA POL\u00cdTICA MIGRATORIA DEL ESTADO MEXICANO. \/ M\u00e9xico, D.F. : Centro de Estudios Migratorios , Instituto Nacional de Migraci\u00f3n, 2006.\" \/>\n<meta property=\"og:url\" content=\"https:\/\/booksfrommexico.com\/es\/producto\/hacia-una-politica-migratoria-del-estado-mexicano\/\" \/>\n<meta property=\"og:site_name\" content=\"Books From Mexico\" \/>\n<meta property=\"article:modified_time\" content=\"2024-07-04T22:19:45+00:00\" \/>\n<meta property=\"og:image\" content=\"http:\/\/booksfrommexico.com\/app\/uploads\/2023\/05\/136380.jpeg\" \/>\n\t<meta property=\"og:image:width\" content=\"464\" \/>\n\t<meta property=\"og:image:height\" content=\"648\" \/>\n\t<meta property=\"og:image:type\" content=\"image\/jpeg\" \/>\n<meta name=\"twitter:card\" content=\"summary_large_image\" \/>\n<meta name=\"twitter:label1\" content=\"Tiempo de lectura\" \/>\n\t<meta name=\"twitter:data1\" content=\"1 minuto\" \/>\n<script type=\"application\/ld+json\" class=\"yoast-schema-graph\">{\"@context\":\"https:\\\/\\\/schema.org\",\"@graph\":[{\"@type\":\"WebPage\",\"@id\":\"https:\\\/\\\/booksfrommexico.com\\\/es\\\/producto\\\/hacia-una-politica-migratoria-del-estado-mexicano\\\/\",\"url\":\"https:\\\/\\\/booksfrommexico.com\\\/es\\\/producto\\\/hacia-una-politica-migratoria-del-estado-mexicano\\\/\",\"name\":\"Hacia una pol\u00edtica migratoria del Estado Mexicano\",\"isPartOf\":{\"@id\":\"https:\\\/\\\/booksfrommexico.com\\\/#website\"},\"primaryImageOfPage\":{\"@id\":\"https:\\\/\\\/booksfrommexico.com\\\/es\\\/producto\\\/hacia-una-politica-migratoria-del-estado-mexicano\\\/#primaryimage\"},\"image\":{\"@id\":\"https:\\\/\\\/booksfrommexico.com\\\/es\\\/producto\\\/hacia-una-politica-migratoria-del-estado-mexicano\\\/#primaryimage\"},\"thumbnailUrl\":\"https:\\\/\\\/booksfrommexico.com\\\/app\\\/uploads\\\/2023\\\/05\\\/136380.jpeg\",\"datePublished\":\"2023-05-08T17:06:22+00:00\",\"dateModified\":\"2024-07-04T22:19:45+00:00\",\"description\":\"HACIA UNA POL\u00cdTICA MIGRATORIA DEL ESTADO MEXICANO. \\\/ M\u00e9xico, D.F. : Centro de Estudios Migratorios , Instituto Nacional de Migraci\u00f3n, 2006.\",\"breadcrumb\":{\"@id\":\"https:\\\/\\\/booksfrommexico.com\\\/es\\\/producto\\\/hacia-una-politica-migratoria-del-estado-mexicano\\\/#breadcrumb\"},\"inLanguage\":\"es\",\"potentialAction\":[{\"@type\":\"ReadAction\",\"target\":[\"https:\\\/\\\/booksfrommexico.com\\\/es\\\/producto\\\/hacia-una-politica-migratoria-del-estado-mexicano\\\/\"]}]},{\"@type\":\"ImageObject\",\"inLanguage\":\"es\",\"@id\":\"https:\\\/\\\/booksfrommexico.com\\\/es\\\/producto\\\/hacia-una-politica-migratoria-del-estado-mexicano\\\/#primaryimage\",\"url\":\"https:\\\/\\\/booksfrommexico.com\\\/app\\\/uploads\\\/2023\\\/05\\\/136380.jpeg\",\"contentUrl\":\"https:\\\/\\\/booksfrommexico.com\\\/app\\\/uploads\\\/2023\\\/05\\\/136380.jpeg\",\"width\":464,\"height\":648,\"caption\":\"Hacia una pol\u00edtica migratoria del Estado Mexicano\"},{\"@type\":\"BreadcrumbList\",\"@id\":\"https:\\\/\\\/booksfrommexico.com\\\/es\\\/producto\\\/hacia-una-politica-migratoria-del-estado-mexicano\\\/#breadcrumb\",\"itemListElement\":[{\"@type\":\"ListItem\",\"position\":1,\"name\":\"Home\",\"item\":\"https:\\\/\\\/booksfrommexico.com\\\/es\\\/\"},{\"@type\":\"ListItem\",\"position\":2,\"name\":\"Libros\",\"item\":\"https:\\\/\\\/booksfrommexico.com\\\/es\\\/libros\\\/\"},{\"@type\":\"ListItem\",\"position\":3,\"name\":\"Hacia una pol\u00edtica migratoria del Estado Mexicano\"}]},{\"@type\":\"WebSite\",\"@id\":\"https:\\\/\\\/booksfrommexico.com\\\/#website\",\"url\":\"https:\\\/\\\/booksfrommexico.com\\\/\",\"name\":\"Books From Mexico\",\"description\":\"\",\"publisher\":{\"@id\":\"https:\\\/\\\/booksfrommexico.com\\\/#organization\"},\"potentialAction\":[{\"@type\":\"SearchAction\",\"target\":{\"@type\":\"EntryPoint\",\"urlTemplate\":\"https:\\\/\\\/booksfrommexico.com\\\/?s={search_term_string}\"},\"query-input\":{\"@type\":\"PropertyValueSpecification\",\"valueRequired\":true,\"valueName\":\"search_term_string\"}}],\"inLanguage\":\"es\"},{\"@type\":\"Organization\",\"@id\":\"https:\\\/\\\/booksfrommexico.com\\\/#organization\",\"name\":\"Books From Mexico\",\"url\":\"https:\\\/\\\/booksfrommexico.com\\\/\",\"logo\":{\"@type\":\"ImageObject\",\"inLanguage\":\"es\",\"@id\":\"https:\\\/\\\/booksfrommexico.com\\\/#\\\/schema\\\/logo\\\/image\\\/\",\"url\":\"https:\\\/\\\/booksfrommexico.com\\\/app\\\/uploads\\\/2023\\\/05\\\/logo-booksfrommexico.svg\",\"contentUrl\":\"https:\\\/\\\/booksfrommexico.com\\\/app\\\/uploads\\\/2023\\\/05\\\/logo-booksfrommexico.svg\",\"width\":86,\"height\":56,\"caption\":\"Books From Mexico\"},\"image\":{\"@id\":\"https:\\\/\\\/booksfrommexico.com\\\/#\\\/schema\\\/logo\\\/image\\\/\"}}]}<\/script>\n<!-- \/ Yoast SEO plugin. -->","yoast_head_json":{"title":"Hacia una pol\u00edtica migratoria del Estado Mexicano","description":"HACIA UNA POL\u00cdTICA MIGRATORIA DEL ESTADO MEXICANO. \/ M\u00e9xico, D.F. : Centro de Estudios Migratorios , Instituto Nacional de Migraci\u00f3n, 2006.","robots":{"index":"index","follow":"follow","max-snippet":"max-snippet:-1","max-image-preview":"max-image-preview:large","max-video-preview":"max-video-preview:-1"},"canonical":"https:\/\/booksfrommexico.com\/es\/producto\/hacia-una-politica-migratoria-del-estado-mexicano\/","og_locale":"es_ES","og_type":"article","og_title":"Hacia una pol\u00edtica migratoria del Estado Mexicano","og_description":"HACIA UNA POL\u00cdTICA MIGRATORIA DEL ESTADO MEXICANO. \/ M\u00e9xico, D.F. : Centro de Estudios Migratorios , Instituto Nacional de Migraci\u00f3n, 2006.","og_url":"https:\/\/booksfrommexico.com\/es\/producto\/hacia-una-politica-migratoria-del-estado-mexicano\/","og_site_name":"Books From Mexico","article_modified_time":"2024-07-04T22:19:45+00:00","og_image":[{"width":464,"height":648,"url":"http:\/\/booksfrommexico.com\/app\/uploads\/2023\/05\/136380.jpeg","type":"image\/jpeg"}],"twitter_card":"summary_large_image","twitter_misc":{"Tiempo de lectura":"1 minuto"},"schema":{"@context":"https:\/\/schema.org","@graph":[{"@type":"WebPage","@id":"https:\/\/booksfrommexico.com\/es\/producto\/hacia-una-politica-migratoria-del-estado-mexicano\/","url":"https:\/\/booksfrommexico.com\/es\/producto\/hacia-una-politica-migratoria-del-estado-mexicano\/","name":"Hacia una pol\u00edtica migratoria del Estado Mexicano","isPartOf":{"@id":"https:\/\/booksfrommexico.com\/#website"},"primaryImageOfPage":{"@id":"https:\/\/booksfrommexico.com\/es\/producto\/hacia-una-politica-migratoria-del-estado-mexicano\/#primaryimage"},"image":{"@id":"https:\/\/booksfrommexico.com\/es\/producto\/hacia-una-politica-migratoria-del-estado-mexicano\/#primaryimage"},"thumbnailUrl":"https:\/\/booksfrommexico.com\/app\/uploads\/2023\/05\/136380.jpeg","datePublished":"2023-05-08T17:06:22+00:00","dateModified":"2024-07-04T22:19:45+00:00","description":"HACIA UNA POL\u00cdTICA MIGRATORIA DEL ESTADO MEXICANO. \/ M\u00e9xico, D.F. : Centro de Estudios Migratorios , Instituto Nacional de Migraci\u00f3n, 2006.","breadcrumb":{"@id":"https:\/\/booksfrommexico.com\/es\/producto\/hacia-una-politica-migratoria-del-estado-mexicano\/#breadcrumb"},"inLanguage":"es","potentialAction":[{"@type":"ReadAction","target":["https:\/\/booksfrommexico.com\/es\/producto\/hacia-una-politica-migratoria-del-estado-mexicano\/"]}]},{"@type":"ImageObject","inLanguage":"es","@id":"https:\/\/booksfrommexico.com\/es\/producto\/hacia-una-politica-migratoria-del-estado-mexicano\/#primaryimage","url":"https:\/\/booksfrommexico.com\/app\/uploads\/2023\/05\/136380.jpeg","contentUrl":"https:\/\/booksfrommexico.com\/app\/uploads\/2023\/05\/136380.jpeg","width":464,"height":648,"caption":"Hacia una pol\u00edtica migratoria del Estado Mexicano"},{"@type":"BreadcrumbList","@id":"https:\/\/booksfrommexico.com\/es\/producto\/hacia-una-politica-migratoria-del-estado-mexicano\/#breadcrumb","itemListElement":[{"@type":"ListItem","position":1,"name":"Home","item":"https:\/\/booksfrommexico.com\/es\/"},{"@type":"ListItem","position":2,"name":"Libros","item":"https:\/\/booksfrommexico.com\/es\/libros\/"},{"@type":"ListItem","position":3,"name":"Hacia una pol\u00edtica migratoria del Estado Mexicano"}]},{"@type":"WebSite","@id":"https:\/\/booksfrommexico.com\/#website","url":"https:\/\/booksfrommexico.com\/","name":"Books From Mexico","description":"","publisher":{"@id":"https:\/\/booksfrommexico.com\/#organization"},"potentialAction":[{"@type":"SearchAction","target":{"@type":"EntryPoint","urlTemplate":"https:\/\/booksfrommexico.com\/?s={search_term_string}"},"query-input":{"@type":"PropertyValueSpecification","valueRequired":true,"valueName":"search_term_string"}}],"inLanguage":"es"},{"@type":"Organization","@id":"https:\/\/booksfrommexico.com\/#organization","name":"Books From Mexico","url":"https:\/\/booksfrommexico.com\/","logo":{"@type":"ImageObject","inLanguage":"es","@id":"https:\/\/booksfrommexico.com\/#\/schema\/logo\/image\/","url":"https:\/\/booksfrommexico.com\/app\/uploads\/2023\/05\/logo-booksfrommexico.svg","contentUrl":"https:\/\/booksfrommexico.com\/app\/uploads\/2023\/05\/logo-booksfrommexico.svg","width":86,"height":56,"caption":"Books From Mexico"},"image":{"@id":"https:\/\/booksfrommexico.com\/#\/schema\/logo\/image\/"}}]}},"_links":{"self":[{"href":"https:\/\/booksfrommexico.com\/es\/wp-json\/wp\/v2\/product\/752","targetHints":{"allow":["GET"]}}],"collection":[{"href":"https:\/\/booksfrommexico.com\/es\/wp-json\/wp\/v2\/product"}],"about":[{"href":"https:\/\/booksfrommexico.com\/es\/wp-json\/wp\/v2\/types\/product"}],"wp:featuredmedia":[{"embeddable":true,"href":"https:\/\/booksfrommexico.com\/es\/wp-json\/wp\/v2\/media\/751"}],"wp:attachment":[{"href":"https:\/\/booksfrommexico.com\/es\/wp-json\/wp\/v2\/media?parent=752"}],"wp:term":[{"taxonomy":"product_brand","embeddable":true,"href":"https:\/\/booksfrommexico.com\/es\/wp-json\/wp\/v2\/product_brand?post=752"},{"taxonomy":"product_cat","embeddable":true,"href":"https:\/\/booksfrommexico.com\/es\/wp-json\/wp\/v2\/product_cat?post=752"},{"taxonomy":"product_tag","embeddable":true,"href":"https:\/\/booksfrommexico.com\/es\/wp-json\/wp\/v2\/product_tag?post=752"}],"curies":[{"name":"wp","href":"https:\/\/api.w.org\/{rel}","templated":true}]}}