{"id":754,"date":"2023-05-08T17:06:24","date_gmt":"2023-05-08T17:06:24","guid":{"rendered":"http:\/\/booksfrommexico.com\/product\/los-nuevos-rostros-de-la-migracion-en-el-mundo-compilacion-de-trabajos-presentados-en-el-foro-internacional\/"},"modified":"2024-07-04T21:45:04","modified_gmt":"2024-07-04T21:45:04","slug":"los-nuevos-rostros-de-la-migracion-en-el-mundo-compilacion-de-trabajos-presentados-en-el-foro-internacional","status":"publish","type":"product","link":"https:\/\/booksfrommexico.com\/es\/producto\/los-nuevos-rostros-de-la-migracion-en-el-mundo-compilacion-de-trabajos-presentados-en-el-foro-internacional\/","title":{"rendered":"Los nuevos rostros de la migraci\u00f3n en el mundo"},"content":{"rendered":"<p><span style=\"font-weight: 400;\">La creciente migraci\u00f3n de nacionales, la intensidad de los ingresos desde el sur y la permeabilidad de la frontera est\u00e1n acompa\u00f1ados del tr\u00e1fico de armas, drogas y personas, as\u00ed como la multiplicaci\u00f3n de grupos delictivos y el incremento de la explotaci\u00f3n laboral y sexual de migrantes. Para dar una respuesta a esto, el Gobierno de Chiapas organiz\u00f3 en Tuxtla Guti\u00e9rrez en abril de 2006 el Foro Internacional de las Migraciones, a fin de analizar y discutir diversos aspectos de la tem\u00e1tica migratoria. Algunos de los temas que se abordaron fueron <\/span><i><span style=\"font-weight: 400;\">Las migraciones y la interculturalidad en la actualidad, Migraci\u00f3n y transformaciones culturales <\/span><\/i><span style=\"font-weight: 400;\">y<\/span><i><span style=\"font-weight: 400;\"> Migraci\u00f3n y desarrollo en la era de la globalizaci\u00f3n<\/span><\/i><span style=\"font-weight: 400;\">, entre otros.<\/span><\/p>\n","protected":false},"excerpt":{"rendered":"<p>LOS NUEVOS ROSTROS DE LA MIGRACI\u00d3N EN EL MUNDO : COMPILACI\u00d3N DE TRABAJOS PRESENTADOS EN EL FORO INTERNACIONAL DE LAS MIGRACIONES<span style=\"font-weight: 400;\">. \/ Carlos Miranda Videgaray, Ernesto Rodr\u00edguez Ch\u00e1vez, Juan Artola (coordinators). Tuxtla Guti\u00e9rrez, Chiapas, M\u00e9xico : Gobierno del Estado de Chiapas ; M\u00e9xico, D.F. : Organizaci\u00f3n Internacional para las Migraciones ; Centro de Estudios Migratorios , Instituto Nacional de Migraci\u00f3n, 2006. 485 pages : includes references, tables, charts, bibliography at the end of each chapter ; 21 cm.<\/span><\/p>\n","protected":false},"featured_media":753,"template":"","meta":{"_acf_changed":false,"inline_featured_image":false},"product_brand":[],"product_cat":[1065,42],"product_tag":[3700,3659,3685,4401],"class_list":{"0":"post-754","1":"product","2":"type-product","3":"status-publish","4":"has-post-thumbnail","6":"product_cat-condiciones-sociales-y-politicas-de-la-migracion","7":"product_cat-temas-de-inmigracion-y-migraciones-humanas","8":"product_tag-chiapas-mexico","9":"product_tag-condiciones-sociales","10":"product_tag-inmigracion","11":"product_tag-inmigrantes-es","13":"first","14":"instock","15":"taxable","16":"shipping-taxable","17":"purchasable","18":"product-type-simple"},"acf":[],"yoast_head":"<!-- This site is optimized with the Yoast SEO plugin v27.3 - https:\/\/yoast.com\/product\/yoast-seo-wordpress\/ -->\n<title>Los nuevos rostros de la migraci\u00f3n en el mundo<\/title>\n<meta name=\"description\" content=\"LOS NUEVOS ROSTROS DE LA MIGRACI\u00d3N EN EL MUNDO : COMPILACI\u00d3N DE TRABAJOS PRESENTADOS EN EL FORO INTERNACIONAL DE LAS MIGRACIONES. \/ 2006.\" \/>\n<meta name=\"robots\" content=\"index, follow, max-snippet:-1, max-image-preview:large, max-video-preview:-1\" \/>\n<link rel=\"canonical\" href=\"https:\/\/booksfrommexico.com\/es\/producto\/los-nuevos-rostros-de-la-migracion-en-el-mundo-compilacion-de-trabajos-presentados-en-el-foro-internacional\/\" \/>\n<meta property=\"og:locale\" content=\"es_ES\" \/>\n<meta property=\"og:type\" content=\"article\" \/>\n<meta property=\"og:title\" content=\"Los nuevos rostros de la migraci\u00f3n en el mundo\" \/>\n<meta property=\"og:description\" content=\"LOS NUEVOS ROSTROS DE LA MIGRACI\u00d3N EN EL MUNDO : COMPILACI\u00d3N DE TRABAJOS PRESENTADOS EN EL FORO INTERNACIONAL DE LAS MIGRACIONES. \/ 2006.\" \/>\n<meta property=\"og:url\" content=\"https:\/\/booksfrommexico.com\/es\/producto\/los-nuevos-rostros-de-la-migracion-en-el-mundo-compilacion-de-trabajos-presentados-en-el-foro-internacional\/\" \/>\n<meta property=\"og:site_name\" content=\"Books From Mexico\" \/>\n<meta property=\"article:modified_time\" content=\"2024-07-04T21:45:04+00:00\" \/>\n<meta property=\"og:image\" content=\"http:\/\/booksfrommexico.com\/app\/uploads\/2023\/05\/136381.jpeg\" \/>\n\t<meta property=\"og:image:width\" content=\"478\" \/>\n\t<meta property=\"og:image:height\" content=\"602\" \/>\n\t<meta property=\"og:image:type\" content=\"image\/jpeg\" \/>\n<meta name=\"twitter:card\" content=\"summary_large_image\" \/>\n<meta name=\"twitter:label1\" content=\"Tiempo de lectura\" \/>\n\t<meta name=\"twitter:data1\" content=\"1 minuto\" \/>\n<script type=\"application\/ld+json\" class=\"yoast-schema-graph\">{\"@context\":\"https:\\\/\\\/schema.org\",\"@graph\":[{\"@type\":\"WebPage\",\"@id\":\"https:\\\/\\\/booksfrommexico.com\\\/es\\\/producto\\\/los-nuevos-rostros-de-la-migracion-en-el-mundo-compilacion-de-trabajos-presentados-en-el-foro-internacional\\\/\",\"url\":\"https:\\\/\\\/booksfrommexico.com\\\/es\\\/producto\\\/los-nuevos-rostros-de-la-migracion-en-el-mundo-compilacion-de-trabajos-presentados-en-el-foro-internacional\\\/\",\"name\":\"Los nuevos rostros de la migraci\u00f3n en el mundo\",\"isPartOf\":{\"@id\":\"https:\\\/\\\/booksfrommexico.com\\\/#website\"},\"primaryImageOfPage\":{\"@id\":\"https:\\\/\\\/booksfrommexico.com\\\/es\\\/producto\\\/los-nuevos-rostros-de-la-migracion-en-el-mundo-compilacion-de-trabajos-presentados-en-el-foro-internacional\\\/#primaryimage\"},\"image\":{\"@id\":\"https:\\\/\\\/booksfrommexico.com\\\/es\\\/producto\\\/los-nuevos-rostros-de-la-migracion-en-el-mundo-compilacion-de-trabajos-presentados-en-el-foro-internacional\\\/#primaryimage\"},\"thumbnailUrl\":\"https:\\\/\\\/booksfrommexico.com\\\/app\\\/uploads\\\/2023\\\/05\\\/136381.jpeg\",\"datePublished\":\"2023-05-08T17:06:24+00:00\",\"dateModified\":\"2024-07-04T21:45:04+00:00\",\"description\":\"LOS NUEVOS ROSTROS DE LA MIGRACI\u00d3N EN EL MUNDO : COMPILACI\u00d3N DE TRABAJOS PRESENTADOS EN EL FORO INTERNACIONAL DE LAS MIGRACIONES. \\\/ 2006.\",\"breadcrumb\":{\"@id\":\"https:\\\/\\\/booksfrommexico.com\\\/es\\\/producto\\\/los-nuevos-rostros-de-la-migracion-en-el-mundo-compilacion-de-trabajos-presentados-en-el-foro-internacional\\\/#breadcrumb\"},\"inLanguage\":\"es\",\"potentialAction\":[{\"@type\":\"ReadAction\",\"target\":[\"https:\\\/\\\/booksfrommexico.com\\\/es\\\/producto\\\/los-nuevos-rostros-de-la-migracion-en-el-mundo-compilacion-de-trabajos-presentados-en-el-foro-internacional\\\/\"]}]},{\"@type\":\"ImageObject\",\"inLanguage\":\"es\",\"@id\":\"https:\\\/\\\/booksfrommexico.com\\\/es\\\/producto\\\/los-nuevos-rostros-de-la-migracion-en-el-mundo-compilacion-de-trabajos-presentados-en-el-foro-internacional\\\/#primaryimage\",\"url\":\"https:\\\/\\\/booksfrommexico.com\\\/app\\\/uploads\\\/2023\\\/05\\\/136381.jpeg\",\"contentUrl\":\"https:\\\/\\\/booksfrommexico.com\\\/app\\\/uploads\\\/2023\\\/05\\\/136381.jpeg\",\"width\":478,\"height\":602,\"caption\":\"Los Nuevos rostros de la migraci\u00f3n en el mundo. Books From M\u00e9xico\"},{\"@type\":\"BreadcrumbList\",\"@id\":\"https:\\\/\\\/booksfrommexico.com\\\/es\\\/producto\\\/los-nuevos-rostros-de-la-migracion-en-el-mundo-compilacion-de-trabajos-presentados-en-el-foro-internacional\\\/#breadcrumb\",\"itemListElement\":[{\"@type\":\"ListItem\",\"position\":1,\"name\":\"Home\",\"item\":\"https:\\\/\\\/booksfrommexico.com\\\/es\\\/\"},{\"@type\":\"ListItem\",\"position\":2,\"name\":\"Libros\",\"item\":\"https:\\\/\\\/booksfrommexico.com\\\/es\\\/libros\\\/\"},{\"@type\":\"ListItem\",\"position\":3,\"name\":\"Los nuevos rostros de la migraci\u00f3n en el mundo\"}]},{\"@type\":\"WebSite\",\"@id\":\"https:\\\/\\\/booksfrommexico.com\\\/#website\",\"url\":\"https:\\\/\\\/booksfrommexico.com\\\/\",\"name\":\"Books From Mexico\",\"description\":\"\",\"publisher\":{\"@id\":\"https:\\\/\\\/booksfrommexico.com\\\/#organization\"},\"potentialAction\":[{\"@type\":\"SearchAction\",\"target\":{\"@type\":\"EntryPoint\",\"urlTemplate\":\"https:\\\/\\\/booksfrommexico.com\\\/?s={search_term_string}\"},\"query-input\":{\"@type\":\"PropertyValueSpecification\",\"valueRequired\":true,\"valueName\":\"search_term_string\"}}],\"inLanguage\":\"es\"},{\"@type\":\"Organization\",\"@id\":\"https:\\\/\\\/booksfrommexico.com\\\/#organization\",\"name\":\"Books From Mexico\",\"url\":\"https:\\\/\\\/booksfrommexico.com\\\/\",\"logo\":{\"@type\":\"ImageObject\",\"inLanguage\":\"es\",\"@id\":\"https:\\\/\\\/booksfrommexico.com\\\/#\\\/schema\\\/logo\\\/image\\\/\",\"url\":\"https:\\\/\\\/booksfrommexico.com\\\/app\\\/uploads\\\/2023\\\/05\\\/logo-booksfrommexico.svg\",\"contentUrl\":\"https:\\\/\\\/booksfrommexico.com\\\/app\\\/uploads\\\/2023\\\/05\\\/logo-booksfrommexico.svg\",\"width\":86,\"height\":56,\"caption\":\"Books From Mexico\"},\"image\":{\"@id\":\"https:\\\/\\\/booksfrommexico.com\\\/#\\\/schema\\\/logo\\\/image\\\/\"}}]}<\/script>\n<!-- \/ Yoast SEO plugin. -->","yoast_head_json":{"title":"Los nuevos rostros de la migraci\u00f3n en el mundo","description":"LOS NUEVOS ROSTROS DE LA MIGRACI\u00d3N EN EL MUNDO : COMPILACI\u00d3N DE TRABAJOS PRESENTADOS EN EL FORO INTERNACIONAL DE LAS MIGRACIONES. \/ 2006.","robots":{"index":"index","follow":"follow","max-snippet":"max-snippet:-1","max-image-preview":"max-image-preview:large","max-video-preview":"max-video-preview:-1"},"canonical":"https:\/\/booksfrommexico.com\/es\/producto\/los-nuevos-rostros-de-la-migracion-en-el-mundo-compilacion-de-trabajos-presentados-en-el-foro-internacional\/","og_locale":"es_ES","og_type":"article","og_title":"Los nuevos rostros de la migraci\u00f3n en el mundo","og_description":"LOS NUEVOS ROSTROS DE LA MIGRACI\u00d3N EN EL MUNDO : COMPILACI\u00d3N DE TRABAJOS PRESENTADOS EN EL FORO INTERNACIONAL DE LAS MIGRACIONES. \/ 2006.","og_url":"https:\/\/booksfrommexico.com\/es\/producto\/los-nuevos-rostros-de-la-migracion-en-el-mundo-compilacion-de-trabajos-presentados-en-el-foro-internacional\/","og_site_name":"Books From Mexico","article_modified_time":"2024-07-04T21:45:04+00:00","og_image":[{"width":478,"height":602,"url":"http:\/\/booksfrommexico.com\/app\/uploads\/2023\/05\/136381.jpeg","type":"image\/jpeg"}],"twitter_card":"summary_large_image","twitter_misc":{"Tiempo de lectura":"1 minuto"},"schema":{"@context":"https:\/\/schema.org","@graph":[{"@type":"WebPage","@id":"https:\/\/booksfrommexico.com\/es\/producto\/los-nuevos-rostros-de-la-migracion-en-el-mundo-compilacion-de-trabajos-presentados-en-el-foro-internacional\/","url":"https:\/\/booksfrommexico.com\/es\/producto\/los-nuevos-rostros-de-la-migracion-en-el-mundo-compilacion-de-trabajos-presentados-en-el-foro-internacional\/","name":"Los nuevos rostros de la migraci\u00f3n en el mundo","isPartOf":{"@id":"https:\/\/booksfrommexico.com\/#website"},"primaryImageOfPage":{"@id":"https:\/\/booksfrommexico.com\/es\/producto\/los-nuevos-rostros-de-la-migracion-en-el-mundo-compilacion-de-trabajos-presentados-en-el-foro-internacional\/#primaryimage"},"image":{"@id":"https:\/\/booksfrommexico.com\/es\/producto\/los-nuevos-rostros-de-la-migracion-en-el-mundo-compilacion-de-trabajos-presentados-en-el-foro-internacional\/#primaryimage"},"thumbnailUrl":"https:\/\/booksfrommexico.com\/app\/uploads\/2023\/05\/136381.jpeg","datePublished":"2023-05-08T17:06:24+00:00","dateModified":"2024-07-04T21:45:04+00:00","description":"LOS NUEVOS ROSTROS DE LA MIGRACI\u00d3N EN EL MUNDO : COMPILACI\u00d3N DE TRABAJOS PRESENTADOS EN EL FORO INTERNACIONAL DE LAS MIGRACIONES. \/ 2006.","breadcrumb":{"@id":"https:\/\/booksfrommexico.com\/es\/producto\/los-nuevos-rostros-de-la-migracion-en-el-mundo-compilacion-de-trabajos-presentados-en-el-foro-internacional\/#breadcrumb"},"inLanguage":"es","potentialAction":[{"@type":"ReadAction","target":["https:\/\/booksfrommexico.com\/es\/producto\/los-nuevos-rostros-de-la-migracion-en-el-mundo-compilacion-de-trabajos-presentados-en-el-foro-internacional\/"]}]},{"@type":"ImageObject","inLanguage":"es","@id":"https:\/\/booksfrommexico.com\/es\/producto\/los-nuevos-rostros-de-la-migracion-en-el-mundo-compilacion-de-trabajos-presentados-en-el-foro-internacional\/#primaryimage","url":"https:\/\/booksfrommexico.com\/app\/uploads\/2023\/05\/136381.jpeg","contentUrl":"https:\/\/booksfrommexico.com\/app\/uploads\/2023\/05\/136381.jpeg","width":478,"height":602,"caption":"Los Nuevos rostros de la migraci\u00f3n en el mundo. Books From M\u00e9xico"},{"@type":"BreadcrumbList","@id":"https:\/\/booksfrommexico.com\/es\/producto\/los-nuevos-rostros-de-la-migracion-en-el-mundo-compilacion-de-trabajos-presentados-en-el-foro-internacional\/#breadcrumb","itemListElement":[{"@type":"ListItem","position":1,"name":"Home","item":"https:\/\/booksfrommexico.com\/es\/"},{"@type":"ListItem","position":2,"name":"Libros","item":"https:\/\/booksfrommexico.com\/es\/libros\/"},{"@type":"ListItem","position":3,"name":"Los nuevos rostros de la migraci\u00f3n en el mundo"}]},{"@type":"WebSite","@id":"https:\/\/booksfrommexico.com\/#website","url":"https:\/\/booksfrommexico.com\/","name":"Books From Mexico","description":"","publisher":{"@id":"https:\/\/booksfrommexico.com\/#organization"},"potentialAction":[{"@type":"SearchAction","target":{"@type":"EntryPoint","urlTemplate":"https:\/\/booksfrommexico.com\/?s={search_term_string}"},"query-input":{"@type":"PropertyValueSpecification","valueRequired":true,"valueName":"search_term_string"}}],"inLanguage":"es"},{"@type":"Organization","@id":"https:\/\/booksfrommexico.com\/#organization","name":"Books From Mexico","url":"https:\/\/booksfrommexico.com\/","logo":{"@type":"ImageObject","inLanguage":"es","@id":"https:\/\/booksfrommexico.com\/#\/schema\/logo\/image\/","url":"https:\/\/booksfrommexico.com\/app\/uploads\/2023\/05\/logo-booksfrommexico.svg","contentUrl":"https:\/\/booksfrommexico.com\/app\/uploads\/2023\/05\/logo-booksfrommexico.svg","width":86,"height":56,"caption":"Books From Mexico"},"image":{"@id":"https:\/\/booksfrommexico.com\/#\/schema\/logo\/image\/"}}]}},"_links":{"self":[{"href":"https:\/\/booksfrommexico.com\/es\/wp-json\/wp\/v2\/product\/754","targetHints":{"allow":["GET"]}}],"collection":[{"href":"https:\/\/booksfrommexico.com\/es\/wp-json\/wp\/v2\/product"}],"about":[{"href":"https:\/\/booksfrommexico.com\/es\/wp-json\/wp\/v2\/types\/product"}],"wp:featuredmedia":[{"embeddable":true,"href":"https:\/\/booksfrommexico.com\/es\/wp-json\/wp\/v2\/media\/753"}],"wp:attachment":[{"href":"https:\/\/booksfrommexico.com\/es\/wp-json\/wp\/v2\/media?parent=754"}],"wp:term":[{"taxonomy":"product_brand","embeddable":true,"href":"https:\/\/booksfrommexico.com\/es\/wp-json\/wp\/v2\/product_brand?post=754"},{"taxonomy":"product_cat","embeddable":true,"href":"https:\/\/booksfrommexico.com\/es\/wp-json\/wp\/v2\/product_cat?post=754"},{"taxonomy":"product_tag","embeddable":true,"href":"https:\/\/booksfrommexico.com\/es\/wp-json\/wp\/v2\/product_tag?post=754"}],"curies":[{"name":"wp","href":"https:\/\/api.w.org\/{rel}","templated":true}]}}