{"id":756,"date":"2023-05-08T17:06:25","date_gmt":"2023-05-08T17:06:25","guid":{"rendered":"http:\/\/booksfrommexico.com\/product\/el-cuerpo-humano-entre-los-mayas\/"},"modified":"2024-07-04T21:16:30","modified_gmt":"2024-07-04T21:16:30","slug":"el-cuerpo-humano-entre-los-mayas","status":"publish","type":"product","link":"https:\/\/booksfrommexico.com\/es\/producto\/el-cuerpo-humano-entre-los-mayas\/","title":{"rendered":"El cuerpo humano entre los mayas"},"content":{"rendered":"<p><span style=\"font-weight: 400;\">El significado ling\u00fc\u00edstico del cuerpo humano proporciona formas y configuraciones espec\u00edficas a las caracter\u00edsticas psicol\u00f3gicas, cognoscitivas y emotivas de los hablantes de una lengua. A trav\u00e9s del vocabulario maya colonial referido al cuerpo y sus proyecciones polis\u00e9micas puede apreciarse que los significados responden a una motivaci\u00f3n antropom\u00f3rfica poderosa y sistem\u00e1tica, mucho m\u00e1s coherente y notablemente m\u00e1s productiva que aquella que se percibe en el espa\u00f1ol moderno \u2013que es la lengua de referencia en el presente estudio\u2013. Aqu\u00ed se incluyen tablas, fotograf\u00edas y gr\u00e1ficos que ayudan a comprender el significado, el uso y costumbre de la anatom\u00eda humana de los mayas.<\/span><\/p>\n","protected":false},"excerpt":{"rendered":"<p>EL CUERPO HUMANO ENTRE LOS MAYAS : UNA APROXIMACI\u00d3N LING\u00dc\u00cdSTICA<span style=\"font-weight: 400;\">. \/ Gabriel Bourdin. M\u00e9rida, Yucat\u00e1n, M\u00e9xico : Universidad Aut\u00f3noma de Yucat\u00e1n, 2007. 432 pages : includes photos, tables, charts ; 23 cm. (Serie Libros Cient\u00edficos ; Serie Tratados). ISBN : 9789706981387 (volumen) ; 9706981381 (volumen) ; 9686843897 (serie) ; 9686843892 (serie).<\/span><\/p>\n","protected":false},"featured_media":755,"template":"","meta":{"_acf_changed":false,"inline_featured_image":false},"product_brand":[],"product_cat":[19,3342],"product_tag":[4054,3781,4262,4333],"class_list":{"0":"post-756","1":"product","2":"type-product","3":"status-publish","4":"has-post-thumbnail","6":"product_cat-antropologia","7":"product_cat-linguistica","8":"product_tag-antropologia-es","9":"product_tag-cultura-maya","10":"product_tag-cultura-prehispanica","11":"product_tag-mayas","13":"first","14":"instock","15":"taxable","16":"shipping-taxable","17":"purchasable","18":"product-type-simple"},"acf":[],"yoast_head":"<!-- This site is optimized with the Yoast SEO plugin v27.3 - https:\/\/yoast.com\/product\/yoast-seo-wordpress\/ -->\n<title>El cuerpo humano entre los mayas<\/title>\n<meta name=\"description\" content=\"EL CUERPO HUMANO ENTRE LOS MAYAS : UNA APROXIMACI\u00d3N LING\u00dc\u00cdSTICA. \/ Gabriel Bourdin. M\u00e9rida, Yucat\u00e1n, M\u00e9xico : Universidad Aut\u00f3noma de Yucat\u00e1n, 2007.\" \/>\n<meta name=\"robots\" content=\"index, follow, max-snippet:-1, max-image-preview:large, max-video-preview:-1\" \/>\n<link rel=\"canonical\" href=\"https:\/\/booksfrommexico.com\/es\/producto\/el-cuerpo-humano-entre-los-mayas\/\" \/>\n<meta property=\"og:locale\" content=\"es_ES\" \/>\n<meta property=\"og:type\" content=\"article\" \/>\n<meta property=\"og:title\" content=\"El cuerpo humano entre los mayas\" \/>\n<meta property=\"og:description\" content=\"EL CUERPO HUMANO ENTRE LOS MAYAS : UNA APROXIMACI\u00d3N LING\u00dc\u00cdSTICA. \/ Gabriel Bourdin. M\u00e9rida, Yucat\u00e1n, M\u00e9xico : Universidad Aut\u00f3noma de Yucat\u00e1n, 2007.\" \/>\n<meta property=\"og:url\" content=\"https:\/\/booksfrommexico.com\/es\/producto\/el-cuerpo-humano-entre-los-mayas\/\" \/>\n<meta property=\"og:site_name\" content=\"Books From Mexico\" \/>\n<meta property=\"article:modified_time\" content=\"2024-07-04T21:16:30+00:00\" \/>\n<meta property=\"og:image\" content=\"http:\/\/booksfrommexico.com\/app\/uploads\/2023\/05\/136927.jpeg\" \/>\n\t<meta property=\"og:image:width\" content=\"465\" \/>\n\t<meta property=\"og:image:height\" content=\"655\" \/>\n\t<meta property=\"og:image:type\" content=\"image\/jpeg\" \/>\n<meta name=\"twitter:card\" content=\"summary_large_image\" \/>\n<meta name=\"twitter:label1\" content=\"Tiempo de lectura\" \/>\n\t<meta name=\"twitter:data1\" content=\"1 minuto\" \/>\n<script type=\"application\/ld+json\" class=\"yoast-schema-graph\">{\"@context\":\"https:\\\/\\\/schema.org\",\"@graph\":[{\"@type\":\"WebPage\",\"@id\":\"https:\\\/\\\/booksfrommexico.com\\\/es\\\/producto\\\/el-cuerpo-humano-entre-los-mayas\\\/\",\"url\":\"https:\\\/\\\/booksfrommexico.com\\\/es\\\/producto\\\/el-cuerpo-humano-entre-los-mayas\\\/\",\"name\":\"El cuerpo humano entre los mayas\",\"isPartOf\":{\"@id\":\"https:\\\/\\\/booksfrommexico.com\\\/#website\"},\"primaryImageOfPage\":{\"@id\":\"https:\\\/\\\/booksfrommexico.com\\\/es\\\/producto\\\/el-cuerpo-humano-entre-los-mayas\\\/#primaryimage\"},\"image\":{\"@id\":\"https:\\\/\\\/booksfrommexico.com\\\/es\\\/producto\\\/el-cuerpo-humano-entre-los-mayas\\\/#primaryimage\"},\"thumbnailUrl\":\"https:\\\/\\\/booksfrommexico.com\\\/app\\\/uploads\\\/2023\\\/05\\\/136927.jpeg\",\"datePublished\":\"2023-05-08T17:06:25+00:00\",\"dateModified\":\"2024-07-04T21:16:30+00:00\",\"description\":\"EL CUERPO HUMANO ENTRE LOS MAYAS : UNA APROXIMACI\u00d3N LING\u00dc\u00cdSTICA. \\\/ Gabriel Bourdin. M\u00e9rida, Yucat\u00e1n, M\u00e9xico : Universidad Aut\u00f3noma de Yucat\u00e1n, 2007.\",\"breadcrumb\":{\"@id\":\"https:\\\/\\\/booksfrommexico.com\\\/es\\\/producto\\\/el-cuerpo-humano-entre-los-mayas\\\/#breadcrumb\"},\"inLanguage\":\"es\",\"potentialAction\":[{\"@type\":\"ReadAction\",\"target\":[\"https:\\\/\\\/booksfrommexico.com\\\/es\\\/producto\\\/el-cuerpo-humano-entre-los-mayas\\\/\"]}]},{\"@type\":\"ImageObject\",\"inLanguage\":\"es\",\"@id\":\"https:\\\/\\\/booksfrommexico.com\\\/es\\\/producto\\\/el-cuerpo-humano-entre-los-mayas\\\/#primaryimage\",\"url\":\"https:\\\/\\\/booksfrommexico.com\\\/app\\\/uploads\\\/2023\\\/05\\\/136927.jpeg\",\"contentUrl\":\"https:\\\/\\\/booksfrommexico.com\\\/app\\\/uploads\\\/2023\\\/05\\\/136927.jpeg\",\"width\":465,\"height\":655,\"caption\":\"El Cuerpo humano entre los mayas. Books From M\u00e9xico\"},{\"@type\":\"BreadcrumbList\",\"@id\":\"https:\\\/\\\/booksfrommexico.com\\\/es\\\/producto\\\/el-cuerpo-humano-entre-los-mayas\\\/#breadcrumb\",\"itemListElement\":[{\"@type\":\"ListItem\",\"position\":1,\"name\":\"Home\",\"item\":\"https:\\\/\\\/booksfrommexico.com\\\/es\\\/\"},{\"@type\":\"ListItem\",\"position\":2,\"name\":\"Libros\",\"item\":\"https:\\\/\\\/booksfrommexico.com\\\/es\\\/libros\\\/\"},{\"@type\":\"ListItem\",\"position\":3,\"name\":\"El cuerpo humano entre los mayas\"}]},{\"@type\":\"WebSite\",\"@id\":\"https:\\\/\\\/booksfrommexico.com\\\/#website\",\"url\":\"https:\\\/\\\/booksfrommexico.com\\\/\",\"name\":\"Books From Mexico\",\"description\":\"\",\"publisher\":{\"@id\":\"https:\\\/\\\/booksfrommexico.com\\\/#organization\"},\"potentialAction\":[{\"@type\":\"SearchAction\",\"target\":{\"@type\":\"EntryPoint\",\"urlTemplate\":\"https:\\\/\\\/booksfrommexico.com\\\/?s={search_term_string}\"},\"query-input\":{\"@type\":\"PropertyValueSpecification\",\"valueRequired\":true,\"valueName\":\"search_term_string\"}}],\"inLanguage\":\"es\"},{\"@type\":\"Organization\",\"@id\":\"https:\\\/\\\/booksfrommexico.com\\\/#organization\",\"name\":\"Books From Mexico\",\"url\":\"https:\\\/\\\/booksfrommexico.com\\\/\",\"logo\":{\"@type\":\"ImageObject\",\"inLanguage\":\"es\",\"@id\":\"https:\\\/\\\/booksfrommexico.com\\\/#\\\/schema\\\/logo\\\/image\\\/\",\"url\":\"https:\\\/\\\/booksfrommexico.com\\\/app\\\/uploads\\\/2023\\\/05\\\/logo-booksfrommexico.svg\",\"contentUrl\":\"https:\\\/\\\/booksfrommexico.com\\\/app\\\/uploads\\\/2023\\\/05\\\/logo-booksfrommexico.svg\",\"width\":86,\"height\":56,\"caption\":\"Books From Mexico\"},\"image\":{\"@id\":\"https:\\\/\\\/booksfrommexico.com\\\/#\\\/schema\\\/logo\\\/image\\\/\"}}]}<\/script>\n<!-- \/ Yoast SEO plugin. -->","yoast_head_json":{"title":"El cuerpo humano entre los mayas","description":"EL CUERPO HUMANO ENTRE LOS MAYAS : UNA APROXIMACI\u00d3N LING\u00dc\u00cdSTICA. \/ Gabriel Bourdin. M\u00e9rida, Yucat\u00e1n, M\u00e9xico : Universidad Aut\u00f3noma de Yucat\u00e1n, 2007.","robots":{"index":"index","follow":"follow","max-snippet":"max-snippet:-1","max-image-preview":"max-image-preview:large","max-video-preview":"max-video-preview:-1"},"canonical":"https:\/\/booksfrommexico.com\/es\/producto\/el-cuerpo-humano-entre-los-mayas\/","og_locale":"es_ES","og_type":"article","og_title":"El cuerpo humano entre los mayas","og_description":"EL CUERPO HUMANO ENTRE LOS MAYAS : UNA APROXIMACI\u00d3N LING\u00dc\u00cdSTICA. \/ Gabriel Bourdin. M\u00e9rida, Yucat\u00e1n, M\u00e9xico : Universidad Aut\u00f3noma de Yucat\u00e1n, 2007.","og_url":"https:\/\/booksfrommexico.com\/es\/producto\/el-cuerpo-humano-entre-los-mayas\/","og_site_name":"Books From Mexico","article_modified_time":"2024-07-04T21:16:30+00:00","og_image":[{"width":465,"height":655,"url":"http:\/\/booksfrommexico.com\/app\/uploads\/2023\/05\/136927.jpeg","type":"image\/jpeg"}],"twitter_card":"summary_large_image","twitter_misc":{"Tiempo de lectura":"1 minuto"},"schema":{"@context":"https:\/\/schema.org","@graph":[{"@type":"WebPage","@id":"https:\/\/booksfrommexico.com\/es\/producto\/el-cuerpo-humano-entre-los-mayas\/","url":"https:\/\/booksfrommexico.com\/es\/producto\/el-cuerpo-humano-entre-los-mayas\/","name":"El cuerpo humano entre los mayas","isPartOf":{"@id":"https:\/\/booksfrommexico.com\/#website"},"primaryImageOfPage":{"@id":"https:\/\/booksfrommexico.com\/es\/producto\/el-cuerpo-humano-entre-los-mayas\/#primaryimage"},"image":{"@id":"https:\/\/booksfrommexico.com\/es\/producto\/el-cuerpo-humano-entre-los-mayas\/#primaryimage"},"thumbnailUrl":"https:\/\/booksfrommexico.com\/app\/uploads\/2023\/05\/136927.jpeg","datePublished":"2023-05-08T17:06:25+00:00","dateModified":"2024-07-04T21:16:30+00:00","description":"EL CUERPO HUMANO ENTRE LOS MAYAS : UNA APROXIMACI\u00d3N LING\u00dc\u00cdSTICA. \/ Gabriel Bourdin. M\u00e9rida, Yucat\u00e1n, M\u00e9xico : Universidad Aut\u00f3noma de Yucat\u00e1n, 2007.","breadcrumb":{"@id":"https:\/\/booksfrommexico.com\/es\/producto\/el-cuerpo-humano-entre-los-mayas\/#breadcrumb"},"inLanguage":"es","potentialAction":[{"@type":"ReadAction","target":["https:\/\/booksfrommexico.com\/es\/producto\/el-cuerpo-humano-entre-los-mayas\/"]}]},{"@type":"ImageObject","inLanguage":"es","@id":"https:\/\/booksfrommexico.com\/es\/producto\/el-cuerpo-humano-entre-los-mayas\/#primaryimage","url":"https:\/\/booksfrommexico.com\/app\/uploads\/2023\/05\/136927.jpeg","contentUrl":"https:\/\/booksfrommexico.com\/app\/uploads\/2023\/05\/136927.jpeg","width":465,"height":655,"caption":"El Cuerpo humano entre los mayas. Books From M\u00e9xico"},{"@type":"BreadcrumbList","@id":"https:\/\/booksfrommexico.com\/es\/producto\/el-cuerpo-humano-entre-los-mayas\/#breadcrumb","itemListElement":[{"@type":"ListItem","position":1,"name":"Home","item":"https:\/\/booksfrommexico.com\/es\/"},{"@type":"ListItem","position":2,"name":"Libros","item":"https:\/\/booksfrommexico.com\/es\/libros\/"},{"@type":"ListItem","position":3,"name":"El cuerpo humano entre los mayas"}]},{"@type":"WebSite","@id":"https:\/\/booksfrommexico.com\/#website","url":"https:\/\/booksfrommexico.com\/","name":"Books From Mexico","description":"","publisher":{"@id":"https:\/\/booksfrommexico.com\/#organization"},"potentialAction":[{"@type":"SearchAction","target":{"@type":"EntryPoint","urlTemplate":"https:\/\/booksfrommexico.com\/?s={search_term_string}"},"query-input":{"@type":"PropertyValueSpecification","valueRequired":true,"valueName":"search_term_string"}}],"inLanguage":"es"},{"@type":"Organization","@id":"https:\/\/booksfrommexico.com\/#organization","name":"Books From Mexico","url":"https:\/\/booksfrommexico.com\/","logo":{"@type":"ImageObject","inLanguage":"es","@id":"https:\/\/booksfrommexico.com\/#\/schema\/logo\/image\/","url":"https:\/\/booksfrommexico.com\/app\/uploads\/2023\/05\/logo-booksfrommexico.svg","contentUrl":"https:\/\/booksfrommexico.com\/app\/uploads\/2023\/05\/logo-booksfrommexico.svg","width":86,"height":56,"caption":"Books From Mexico"},"image":{"@id":"https:\/\/booksfrommexico.com\/#\/schema\/logo\/image\/"}}]}},"_links":{"self":[{"href":"https:\/\/booksfrommexico.com\/es\/wp-json\/wp\/v2\/product\/756","targetHints":{"allow":["GET"]}}],"collection":[{"href":"https:\/\/booksfrommexico.com\/es\/wp-json\/wp\/v2\/product"}],"about":[{"href":"https:\/\/booksfrommexico.com\/es\/wp-json\/wp\/v2\/types\/product"}],"wp:featuredmedia":[{"embeddable":true,"href":"https:\/\/booksfrommexico.com\/es\/wp-json\/wp\/v2\/media\/755"}],"wp:attachment":[{"href":"https:\/\/booksfrommexico.com\/es\/wp-json\/wp\/v2\/media?parent=756"}],"wp:term":[{"taxonomy":"product_brand","embeddable":true,"href":"https:\/\/booksfrommexico.com\/es\/wp-json\/wp\/v2\/product_brand?post=756"},{"taxonomy":"product_cat","embeddable":true,"href":"https:\/\/booksfrommexico.com\/es\/wp-json\/wp\/v2\/product_cat?post=756"},{"taxonomy":"product_tag","embeddable":true,"href":"https:\/\/booksfrommexico.com\/es\/wp-json\/wp\/v2\/product_tag?post=756"}],"curies":[{"name":"wp","href":"https:\/\/api.w.org\/{rel}","templated":true}]}}