{"id":762,"date":"2023-05-08T17:06:29","date_gmt":"2023-05-08T17:06:29","guid":{"rendered":"http:\/\/booksfrommexico.com\/product\/el-pensamiento-mesoamericano-en-el-debate-filosofico\/"},"modified":"2024-07-03T23:50:51","modified_gmt":"2024-07-03T23:50:51","slug":"el-pensamiento-mesoamericano-en-el-debate-filosofico","status":"publish","type":"product","link":"https:\/\/booksfrommexico.com\/es\/producto\/el-pensamiento-mesoamericano-en-el-debate-filosofico\/","title":{"rendered":"El pensamiento mesoamericano en el debate filos\u00f3fico"},"content":{"rendered":"<p><span style=\"font-weight: 400;\">El tema de la identidad nacional fue un t\u00f3pico de discusi\u00f3n central durante el siglo XX, ya que no s\u00f3lo tiene que ver con las definiciones te\u00f3ricas, sino adem\u00e1s por lo que hace a las implicaciones pr\u00e1cticas que derivan de la dificultad para elaborar una propuesta de proyecto nacional. Aqu\u00ed se plantea el problema de la identidad nacional partiendo de que mediante la violencia de la Conquista se estableci\u00f3 una relaci\u00f3n asim\u00e9trica entre las civilizaciones mesoamericana y la occidental. Partiendo de textos filos\u00f3ficos occidentales cl\u00e1sicos, el autor analiza las caracter\u00edsticas del pensamiento y el actuar mesoamericanos en \u00e1reas propias de la filosof\u00eda, siempre desde la perspectiva dualista que caracteriz\u00f3 a \u00e9sta.<\/span><\/p>\n","protected":false},"excerpt":{"rendered":"<p>EL PENSAMIENTO MESOAMERICANO EN EL DEBATE FILOS\u00d3FICO<span style=\"font-weight: 400;\">. \/ Luis Miguel Gallardo Salazar. Xalapa, Veracruz, M\u00e9xico : Universidad Veracruzana, 2007. 370 pages :\u00a0 includes photos, references, bibliography ; 21 cm. (Colecci\u00f3n Biblioteca Universidad Veracruzana). ISBN : 9688347868.<\/span><\/p>\n","protected":false},"featured_media":761,"template":"","meta":{"_acf_changed":false,"inline_featured_image":false},"product_brand":[],"product_cat":[898],"product_tag":[4406,4444,3594],"class_list":{"0":"post-762","1":"product","2":"type-product","3":"status-publish","4":"has-post-thumbnail","6":"product_cat-filosofia","7":"product_tag-filosofia","8":"product_tag-identidad-nacional","9":"product_tag-mexico","11":"first","12":"instock","13":"taxable","14":"shipping-taxable","15":"purchasable","16":"product-type-simple"},"acf":[],"yoast_head":"<!-- This site is optimized with the Yoast SEO plugin v27.3 - https:\/\/yoast.com\/product\/yoast-seo-wordpress\/ -->\n<title>El pensamiento mesoamericano en el debate filos\u00f3fico<\/title>\n<meta name=\"description\" content=\"EL PENSAMIENTO MESOAMERICANO EN EL DEBATE FILOS\u00d3FICO. \/ Gallardo Salazar. Universidad Veracruzana. 2007. (Colecci\u00f3n Biblioteca Universidad Veracruzana).\" \/>\n<meta name=\"robots\" content=\"index, follow, max-snippet:-1, max-image-preview:large, max-video-preview:-1\" \/>\n<link rel=\"canonical\" href=\"https:\/\/booksfrommexico.com\/es\/producto\/el-pensamiento-mesoamericano-en-el-debate-filosofico\/\" \/>\n<meta property=\"og:locale\" content=\"es_ES\" \/>\n<meta property=\"og:type\" content=\"article\" \/>\n<meta property=\"og:title\" content=\"El pensamiento mesoamericano en el debate filos\u00f3fico\" \/>\n<meta property=\"og:description\" content=\"EL PENSAMIENTO MESOAMERICANO EN EL DEBATE FILOS\u00d3FICO. \/ Gallardo Salazar. Universidad Veracruzana. 2007. (Colecci\u00f3n Biblioteca Universidad Veracruzana).\" \/>\n<meta property=\"og:url\" content=\"https:\/\/booksfrommexico.com\/es\/producto\/el-pensamiento-mesoamericano-en-el-debate-filosofico\/\" \/>\n<meta property=\"og:site_name\" content=\"Books From Mexico\" \/>\n<meta property=\"article:modified_time\" content=\"2024-07-03T23:50:51+00:00\" \/>\n<meta property=\"og:image\" content=\"http:\/\/booksfrommexico.com\/app\/uploads\/2023\/05\/137207.jpeg\" \/>\n\t<meta property=\"og:image:width\" content=\"389\" \/>\n\t<meta property=\"og:image:height\" content=\"603\" \/>\n\t<meta property=\"og:image:type\" content=\"image\/jpeg\" \/>\n<meta name=\"twitter:card\" content=\"summary_large_image\" \/>\n<meta name=\"twitter:label1\" content=\"Tiempo de lectura\" \/>\n\t<meta name=\"twitter:data1\" content=\"1 minuto\" \/>\n<script type=\"application\/ld+json\" class=\"yoast-schema-graph\">{\"@context\":\"https:\\\/\\\/schema.org\",\"@graph\":[{\"@type\":\"WebPage\",\"@id\":\"https:\\\/\\\/booksfrommexico.com\\\/es\\\/producto\\\/el-pensamiento-mesoamericano-en-el-debate-filosofico\\\/\",\"url\":\"https:\\\/\\\/booksfrommexico.com\\\/es\\\/producto\\\/el-pensamiento-mesoamericano-en-el-debate-filosofico\\\/\",\"name\":\"El pensamiento mesoamericano en el debate filos\u00f3fico\",\"isPartOf\":{\"@id\":\"https:\\\/\\\/booksfrommexico.com\\\/#website\"},\"primaryImageOfPage\":{\"@id\":\"https:\\\/\\\/booksfrommexico.com\\\/es\\\/producto\\\/el-pensamiento-mesoamericano-en-el-debate-filosofico\\\/#primaryimage\"},\"image\":{\"@id\":\"https:\\\/\\\/booksfrommexico.com\\\/es\\\/producto\\\/el-pensamiento-mesoamericano-en-el-debate-filosofico\\\/#primaryimage\"},\"thumbnailUrl\":\"https:\\\/\\\/booksfrommexico.com\\\/app\\\/uploads\\\/2023\\\/05\\\/137207.jpeg\",\"datePublished\":\"2023-05-08T17:06:29+00:00\",\"dateModified\":\"2024-07-03T23:50:51+00:00\",\"description\":\"EL PENSAMIENTO MESOAMERICANO EN EL DEBATE FILOS\u00d3FICO. \\\/ Gallardo Salazar. Universidad Veracruzana. 2007. (Colecci\u00f3n Biblioteca Universidad Veracruzana).\",\"breadcrumb\":{\"@id\":\"https:\\\/\\\/booksfrommexico.com\\\/es\\\/producto\\\/el-pensamiento-mesoamericano-en-el-debate-filosofico\\\/#breadcrumb\"},\"inLanguage\":\"es\",\"potentialAction\":[{\"@type\":\"ReadAction\",\"target\":[\"https:\\\/\\\/booksfrommexico.com\\\/es\\\/producto\\\/el-pensamiento-mesoamericano-en-el-debate-filosofico\\\/\"]}]},{\"@type\":\"ImageObject\",\"inLanguage\":\"es\",\"@id\":\"https:\\\/\\\/booksfrommexico.com\\\/es\\\/producto\\\/el-pensamiento-mesoamericano-en-el-debate-filosofico\\\/#primaryimage\",\"url\":\"https:\\\/\\\/booksfrommexico.com\\\/app\\\/uploads\\\/2023\\\/05\\\/137207.jpeg\",\"contentUrl\":\"https:\\\/\\\/booksfrommexico.com\\\/app\\\/uploads\\\/2023\\\/05\\\/137207.jpeg\",\"width\":389,\"height\":603,\"caption\":\"El Pensamiento mesoamericano en el debate filos\u00f3fico. Books From M\u00e9xico\"},{\"@type\":\"BreadcrumbList\",\"@id\":\"https:\\\/\\\/booksfrommexico.com\\\/es\\\/producto\\\/el-pensamiento-mesoamericano-en-el-debate-filosofico\\\/#breadcrumb\",\"itemListElement\":[{\"@type\":\"ListItem\",\"position\":1,\"name\":\"Home\",\"item\":\"https:\\\/\\\/booksfrommexico.com\\\/es\\\/\"},{\"@type\":\"ListItem\",\"position\":2,\"name\":\"Libros\",\"item\":\"https:\\\/\\\/booksfrommexico.com\\\/es\\\/libros\\\/\"},{\"@type\":\"ListItem\",\"position\":3,\"name\":\"El pensamiento mesoamericano en el debate filos\u00f3fico\"}]},{\"@type\":\"WebSite\",\"@id\":\"https:\\\/\\\/booksfrommexico.com\\\/#website\",\"url\":\"https:\\\/\\\/booksfrommexico.com\\\/\",\"name\":\"Books From Mexico\",\"description\":\"\",\"publisher\":{\"@id\":\"https:\\\/\\\/booksfrommexico.com\\\/#organization\"},\"potentialAction\":[{\"@type\":\"SearchAction\",\"target\":{\"@type\":\"EntryPoint\",\"urlTemplate\":\"https:\\\/\\\/booksfrommexico.com\\\/?s={search_term_string}\"},\"query-input\":{\"@type\":\"PropertyValueSpecification\",\"valueRequired\":true,\"valueName\":\"search_term_string\"}}],\"inLanguage\":\"es\"},{\"@type\":\"Organization\",\"@id\":\"https:\\\/\\\/booksfrommexico.com\\\/#organization\",\"name\":\"Books From Mexico\",\"url\":\"https:\\\/\\\/booksfrommexico.com\\\/\",\"logo\":{\"@type\":\"ImageObject\",\"inLanguage\":\"es\",\"@id\":\"https:\\\/\\\/booksfrommexico.com\\\/#\\\/schema\\\/logo\\\/image\\\/\",\"url\":\"https:\\\/\\\/booksfrommexico.com\\\/app\\\/uploads\\\/2023\\\/05\\\/logo-booksfrommexico.svg\",\"contentUrl\":\"https:\\\/\\\/booksfrommexico.com\\\/app\\\/uploads\\\/2023\\\/05\\\/logo-booksfrommexico.svg\",\"width\":86,\"height\":56,\"caption\":\"Books From Mexico\"},\"image\":{\"@id\":\"https:\\\/\\\/booksfrommexico.com\\\/#\\\/schema\\\/logo\\\/image\\\/\"}}]}<\/script>\n<!-- \/ Yoast SEO plugin. -->","yoast_head_json":{"title":"El pensamiento mesoamericano en el debate filos\u00f3fico","description":"EL PENSAMIENTO MESOAMERICANO EN EL DEBATE FILOS\u00d3FICO. \/ Gallardo Salazar. Universidad Veracruzana. 2007. (Colecci\u00f3n Biblioteca Universidad Veracruzana).","robots":{"index":"index","follow":"follow","max-snippet":"max-snippet:-1","max-image-preview":"max-image-preview:large","max-video-preview":"max-video-preview:-1"},"canonical":"https:\/\/booksfrommexico.com\/es\/producto\/el-pensamiento-mesoamericano-en-el-debate-filosofico\/","og_locale":"es_ES","og_type":"article","og_title":"El pensamiento mesoamericano en el debate filos\u00f3fico","og_description":"EL PENSAMIENTO MESOAMERICANO EN EL DEBATE FILOS\u00d3FICO. \/ Gallardo Salazar. Universidad Veracruzana. 2007. (Colecci\u00f3n Biblioteca Universidad Veracruzana).","og_url":"https:\/\/booksfrommexico.com\/es\/producto\/el-pensamiento-mesoamericano-en-el-debate-filosofico\/","og_site_name":"Books From Mexico","article_modified_time":"2024-07-03T23:50:51+00:00","og_image":[{"width":389,"height":603,"url":"http:\/\/booksfrommexico.com\/app\/uploads\/2023\/05\/137207.jpeg","type":"image\/jpeg"}],"twitter_card":"summary_large_image","twitter_misc":{"Tiempo de lectura":"1 minuto"},"schema":{"@context":"https:\/\/schema.org","@graph":[{"@type":"WebPage","@id":"https:\/\/booksfrommexico.com\/es\/producto\/el-pensamiento-mesoamericano-en-el-debate-filosofico\/","url":"https:\/\/booksfrommexico.com\/es\/producto\/el-pensamiento-mesoamericano-en-el-debate-filosofico\/","name":"El pensamiento mesoamericano en el debate filos\u00f3fico","isPartOf":{"@id":"https:\/\/booksfrommexico.com\/#website"},"primaryImageOfPage":{"@id":"https:\/\/booksfrommexico.com\/es\/producto\/el-pensamiento-mesoamericano-en-el-debate-filosofico\/#primaryimage"},"image":{"@id":"https:\/\/booksfrommexico.com\/es\/producto\/el-pensamiento-mesoamericano-en-el-debate-filosofico\/#primaryimage"},"thumbnailUrl":"https:\/\/booksfrommexico.com\/app\/uploads\/2023\/05\/137207.jpeg","datePublished":"2023-05-08T17:06:29+00:00","dateModified":"2024-07-03T23:50:51+00:00","description":"EL PENSAMIENTO MESOAMERICANO EN EL DEBATE FILOS\u00d3FICO. \/ Gallardo Salazar. Universidad Veracruzana. 2007. (Colecci\u00f3n Biblioteca Universidad Veracruzana).","breadcrumb":{"@id":"https:\/\/booksfrommexico.com\/es\/producto\/el-pensamiento-mesoamericano-en-el-debate-filosofico\/#breadcrumb"},"inLanguage":"es","potentialAction":[{"@type":"ReadAction","target":["https:\/\/booksfrommexico.com\/es\/producto\/el-pensamiento-mesoamericano-en-el-debate-filosofico\/"]}]},{"@type":"ImageObject","inLanguage":"es","@id":"https:\/\/booksfrommexico.com\/es\/producto\/el-pensamiento-mesoamericano-en-el-debate-filosofico\/#primaryimage","url":"https:\/\/booksfrommexico.com\/app\/uploads\/2023\/05\/137207.jpeg","contentUrl":"https:\/\/booksfrommexico.com\/app\/uploads\/2023\/05\/137207.jpeg","width":389,"height":603,"caption":"El Pensamiento mesoamericano en el debate filos\u00f3fico. Books From M\u00e9xico"},{"@type":"BreadcrumbList","@id":"https:\/\/booksfrommexico.com\/es\/producto\/el-pensamiento-mesoamericano-en-el-debate-filosofico\/#breadcrumb","itemListElement":[{"@type":"ListItem","position":1,"name":"Home","item":"https:\/\/booksfrommexico.com\/es\/"},{"@type":"ListItem","position":2,"name":"Libros","item":"https:\/\/booksfrommexico.com\/es\/libros\/"},{"@type":"ListItem","position":3,"name":"El pensamiento mesoamericano en el debate filos\u00f3fico"}]},{"@type":"WebSite","@id":"https:\/\/booksfrommexico.com\/#website","url":"https:\/\/booksfrommexico.com\/","name":"Books From Mexico","description":"","publisher":{"@id":"https:\/\/booksfrommexico.com\/#organization"},"potentialAction":[{"@type":"SearchAction","target":{"@type":"EntryPoint","urlTemplate":"https:\/\/booksfrommexico.com\/?s={search_term_string}"},"query-input":{"@type":"PropertyValueSpecification","valueRequired":true,"valueName":"search_term_string"}}],"inLanguage":"es"},{"@type":"Organization","@id":"https:\/\/booksfrommexico.com\/#organization","name":"Books From Mexico","url":"https:\/\/booksfrommexico.com\/","logo":{"@type":"ImageObject","inLanguage":"es","@id":"https:\/\/booksfrommexico.com\/#\/schema\/logo\/image\/","url":"https:\/\/booksfrommexico.com\/app\/uploads\/2023\/05\/logo-booksfrommexico.svg","contentUrl":"https:\/\/booksfrommexico.com\/app\/uploads\/2023\/05\/logo-booksfrommexico.svg","width":86,"height":56,"caption":"Books From Mexico"},"image":{"@id":"https:\/\/booksfrommexico.com\/#\/schema\/logo\/image\/"}}]}},"_links":{"self":[{"href":"https:\/\/booksfrommexico.com\/es\/wp-json\/wp\/v2\/product\/762","targetHints":{"allow":["GET"]}}],"collection":[{"href":"https:\/\/booksfrommexico.com\/es\/wp-json\/wp\/v2\/product"}],"about":[{"href":"https:\/\/booksfrommexico.com\/es\/wp-json\/wp\/v2\/types\/product"}],"wp:featuredmedia":[{"embeddable":true,"href":"https:\/\/booksfrommexico.com\/es\/wp-json\/wp\/v2\/media\/761"}],"wp:attachment":[{"href":"https:\/\/booksfrommexico.com\/es\/wp-json\/wp\/v2\/media?parent=762"}],"wp:term":[{"taxonomy":"product_brand","embeddable":true,"href":"https:\/\/booksfrommexico.com\/es\/wp-json\/wp\/v2\/product_brand?post=762"},{"taxonomy":"product_cat","embeddable":true,"href":"https:\/\/booksfrommexico.com\/es\/wp-json\/wp\/v2\/product_cat?post=762"},{"taxonomy":"product_tag","embeddable":true,"href":"https:\/\/booksfrommexico.com\/es\/wp-json\/wp\/v2\/product_tag?post=762"}],"curies":[{"name":"wp","href":"https:\/\/api.w.org\/{rel}","templated":true}]}}