{"id":764,"date":"2023-05-08T17:06:30","date_gmt":"2023-05-08T17:06:30","guid":{"rendered":"http:\/\/booksfrommexico.com\/product\/tiempo-fechado-historia-y-politica-en-octavio-paz\/"},"modified":"2024-07-03T23:15:19","modified_gmt":"2024-07-03T23:15:19","slug":"tiempo-fechado-historia-y-politica-en-octavio-paz","status":"publish","type":"product","link":"https:\/\/booksfrommexico.com\/es\/producto\/tiempo-fechado-historia-y-politica-en-octavio-paz\/","title":{"rendered":"Tiempo fechado: Historia y pol\u00edtica en Octavio Paz"},"content":{"rendered":"<p><span style=\"font-weight: 400;\">Bajo el signo de la libertad y su componente esencial, la cr\u00edtica, Octavio Paz abord\u00f3 una gran variedad de temas relacionados con el pensamiento y la historia mexicanos; sus visualizaciones fueron tuteladas por la modernidad y su ingrediente decisivo: la b\u00fasqueda permanente. El pensamiento de Octavio Paz es una de las claves para entender el siglo XX en M\u00e9xico: deja una impronta de reflexi\u00f3n a quienes se acercan a sus ensayos. En este trabajo, el autor lee e interpreta a Octavio Paz en busca de un conjunto de descubrimientos que parecen subjetivos porque son personales, siendo un ejercicio de libertad.<\/span><\/p>\n<p><br style=\"font-weight: 400;\" \/><br style=\"font-weight: 400;\" \/><\/p>\n","protected":false},"excerpt":{"rendered":"<p>TIEMPO FECHADO : HISTORIA Y POL\u00cdTICA EN OCTAVIO PAZ<span style=\"font-weight: 400;\">. \/ Erwin Rodr\u00edguez D\u00edaz. Tuxtla Guti\u00e9rrez, Chiapas, M\u00e9xico : Universidad Aut\u00f3noma de Chiapas, 2006. 449 pages : includes references, bibliography ; 21 cm. (Colecci\u00f3n Social y Human\u00edstica). <\/span><\/p>\n","protected":false},"featured_media":763,"template":"","meta":{"_acf_changed":false,"inline_featured_image":false},"product_brand":[],"product_cat":[4393,52,25],"product_tag":[3707,3869],"class_list":{"0":"post-764","1":"product","2":"type-product","3":"status-publish","4":"has-post-thumbnail","6":"product_cat-analisis-literario","7":"product_cat-critica-literaria","8":"product_cat-literatura","9":"product_tag-critica-e-interpretacion","10":"product_tag-critica-y-estudios","12":"first","13":"instock","14":"taxable","15":"shipping-taxable","16":"purchasable","17":"product-type-simple"},"acf":[],"yoast_head":"<!-- This site is optimized with the Yoast SEO plugin v27.3 - https:\/\/yoast.com\/product\/yoast-seo-wordpress\/ -->\n<title>Tiempo fechado. Historia y pol\u00edtica en Octavio Paz<\/title>\n<meta name=\"description\" content=\"TIEMPO FECHADO : HISTORIA Y POL\u00cdTICA EN OCTAVIO PAZ. \/ Erwin Rodr\u00edguez D\u00edaz. Universidad Aut\u00f3noma de Chiapas, 2006. (Colecci\u00f3n Social y Human\u00edstica).\" \/>\n<meta name=\"robots\" content=\"index, follow, max-snippet:-1, max-image-preview:large, max-video-preview:-1\" \/>\n<link rel=\"canonical\" href=\"https:\/\/booksfrommexico.com\/es\/producto\/tiempo-fechado-historia-y-politica-en-octavio-paz\/\" \/>\n<meta property=\"og:locale\" content=\"es_ES\" \/>\n<meta property=\"og:type\" content=\"article\" \/>\n<meta property=\"og:title\" content=\"Tiempo fechado. Historia y pol\u00edtica en Octavio Paz\" \/>\n<meta property=\"og:description\" content=\"TIEMPO FECHADO : HISTORIA Y POL\u00cdTICA EN OCTAVIO PAZ. \/ Erwin Rodr\u00edguez D\u00edaz. Universidad Aut\u00f3noma de Chiapas, 2006. (Colecci\u00f3n Social y Human\u00edstica).\" \/>\n<meta property=\"og:url\" content=\"https:\/\/booksfrommexico.com\/es\/producto\/tiempo-fechado-historia-y-politica-en-octavio-paz\/\" \/>\n<meta property=\"og:site_name\" content=\"Books From Mexico\" \/>\n<meta property=\"article:modified_time\" content=\"2024-07-03T23:15:19+00:00\" \/>\n<meta property=\"og:image\" content=\"http:\/\/booksfrommexico.com\/app\/uploads\/2023\/05\/137271.jpeg\" \/>\n\t<meta property=\"og:image:width\" content=\"396\" \/>\n\t<meta property=\"og:image:height\" content=\"583\" \/>\n\t<meta property=\"og:image:type\" content=\"image\/jpeg\" \/>\n<meta name=\"twitter:card\" content=\"summary_large_image\" \/>\n<meta name=\"twitter:label1\" content=\"Tiempo de lectura\" \/>\n\t<meta name=\"twitter:data1\" content=\"1 minuto\" \/>\n<script type=\"application\/ld+json\" class=\"yoast-schema-graph\">{\"@context\":\"https:\\\/\\\/schema.org\",\"@graph\":[{\"@type\":\"WebPage\",\"@id\":\"https:\\\/\\\/booksfrommexico.com\\\/es\\\/producto\\\/tiempo-fechado-historia-y-politica-en-octavio-paz\\\/\",\"url\":\"https:\\\/\\\/booksfrommexico.com\\\/es\\\/producto\\\/tiempo-fechado-historia-y-politica-en-octavio-paz\\\/\",\"name\":\"Tiempo fechado. Historia y pol\u00edtica en Octavio Paz\",\"isPartOf\":{\"@id\":\"https:\\\/\\\/booksfrommexico.com\\\/#website\"},\"primaryImageOfPage\":{\"@id\":\"https:\\\/\\\/booksfrommexico.com\\\/es\\\/producto\\\/tiempo-fechado-historia-y-politica-en-octavio-paz\\\/#primaryimage\"},\"image\":{\"@id\":\"https:\\\/\\\/booksfrommexico.com\\\/es\\\/producto\\\/tiempo-fechado-historia-y-politica-en-octavio-paz\\\/#primaryimage\"},\"thumbnailUrl\":\"https:\\\/\\\/booksfrommexico.com\\\/app\\\/uploads\\\/2023\\\/05\\\/137271.jpeg\",\"datePublished\":\"2023-05-08T17:06:30+00:00\",\"dateModified\":\"2024-07-03T23:15:19+00:00\",\"description\":\"TIEMPO FECHADO : HISTORIA Y POL\u00cdTICA EN OCTAVIO PAZ. \\\/ Erwin Rodr\u00edguez D\u00edaz. Universidad Aut\u00f3noma de Chiapas, 2006. (Colecci\u00f3n Social y Human\u00edstica).\",\"breadcrumb\":{\"@id\":\"https:\\\/\\\/booksfrommexico.com\\\/es\\\/producto\\\/tiempo-fechado-historia-y-politica-en-octavio-paz\\\/#breadcrumb\"},\"inLanguage\":\"es\",\"potentialAction\":[{\"@type\":\"ReadAction\",\"target\":[\"https:\\\/\\\/booksfrommexico.com\\\/es\\\/producto\\\/tiempo-fechado-historia-y-politica-en-octavio-paz\\\/\"]}]},{\"@type\":\"ImageObject\",\"inLanguage\":\"es\",\"@id\":\"https:\\\/\\\/booksfrommexico.com\\\/es\\\/producto\\\/tiempo-fechado-historia-y-politica-en-octavio-paz\\\/#primaryimage\",\"url\":\"https:\\\/\\\/booksfrommexico.com\\\/app\\\/uploads\\\/2023\\\/05\\\/137271.jpeg\",\"contentUrl\":\"https:\\\/\\\/booksfrommexico.com\\\/app\\\/uploads\\\/2023\\\/05\\\/137271.jpeg\",\"width\":396,\"height\":583,\"caption\":\"Tiempo fechado. Historia y pol\u00edtica en Octavio Paz\"},{\"@type\":\"BreadcrumbList\",\"@id\":\"https:\\\/\\\/booksfrommexico.com\\\/es\\\/producto\\\/tiempo-fechado-historia-y-politica-en-octavio-paz\\\/#breadcrumb\",\"itemListElement\":[{\"@type\":\"ListItem\",\"position\":1,\"name\":\"Home\",\"item\":\"https:\\\/\\\/booksfrommexico.com\\\/es\\\/\"},{\"@type\":\"ListItem\",\"position\":2,\"name\":\"Libros\",\"item\":\"https:\\\/\\\/booksfrommexico.com\\\/es\\\/libros\\\/\"},{\"@type\":\"ListItem\",\"position\":3,\"name\":\"Tiempo fechado: Historia y pol\u00edtica en Octavio Paz\"}]},{\"@type\":\"WebSite\",\"@id\":\"https:\\\/\\\/booksfrommexico.com\\\/#website\",\"url\":\"https:\\\/\\\/booksfrommexico.com\\\/\",\"name\":\"Books From Mexico\",\"description\":\"\",\"publisher\":{\"@id\":\"https:\\\/\\\/booksfrommexico.com\\\/#organization\"},\"potentialAction\":[{\"@type\":\"SearchAction\",\"target\":{\"@type\":\"EntryPoint\",\"urlTemplate\":\"https:\\\/\\\/booksfrommexico.com\\\/?s={search_term_string}\"},\"query-input\":{\"@type\":\"PropertyValueSpecification\",\"valueRequired\":true,\"valueName\":\"search_term_string\"}}],\"inLanguage\":\"es\"},{\"@type\":\"Organization\",\"@id\":\"https:\\\/\\\/booksfrommexico.com\\\/#organization\",\"name\":\"Books From Mexico\",\"url\":\"https:\\\/\\\/booksfrommexico.com\\\/\",\"logo\":{\"@type\":\"ImageObject\",\"inLanguage\":\"es\",\"@id\":\"https:\\\/\\\/booksfrommexico.com\\\/#\\\/schema\\\/logo\\\/image\\\/\",\"url\":\"https:\\\/\\\/booksfrommexico.com\\\/app\\\/uploads\\\/2023\\\/05\\\/logo-booksfrommexico.svg\",\"contentUrl\":\"https:\\\/\\\/booksfrommexico.com\\\/app\\\/uploads\\\/2023\\\/05\\\/logo-booksfrommexico.svg\",\"width\":86,\"height\":56,\"caption\":\"Books From Mexico\"},\"image\":{\"@id\":\"https:\\\/\\\/booksfrommexico.com\\\/#\\\/schema\\\/logo\\\/image\\\/\"}}]}<\/script>\n<!-- \/ Yoast SEO plugin. -->","yoast_head_json":{"title":"Tiempo fechado. Historia y pol\u00edtica en Octavio Paz","description":"TIEMPO FECHADO : HISTORIA Y POL\u00cdTICA EN OCTAVIO PAZ. \/ Erwin Rodr\u00edguez D\u00edaz. Universidad Aut\u00f3noma de Chiapas, 2006. (Colecci\u00f3n Social y Human\u00edstica).","robots":{"index":"index","follow":"follow","max-snippet":"max-snippet:-1","max-image-preview":"max-image-preview:large","max-video-preview":"max-video-preview:-1"},"canonical":"https:\/\/booksfrommexico.com\/es\/producto\/tiempo-fechado-historia-y-politica-en-octavio-paz\/","og_locale":"es_ES","og_type":"article","og_title":"Tiempo fechado. Historia y pol\u00edtica en Octavio Paz","og_description":"TIEMPO FECHADO : HISTORIA Y POL\u00cdTICA EN OCTAVIO PAZ. \/ Erwin Rodr\u00edguez D\u00edaz. Universidad Aut\u00f3noma de Chiapas, 2006. (Colecci\u00f3n Social y Human\u00edstica).","og_url":"https:\/\/booksfrommexico.com\/es\/producto\/tiempo-fechado-historia-y-politica-en-octavio-paz\/","og_site_name":"Books From Mexico","article_modified_time":"2024-07-03T23:15:19+00:00","og_image":[{"width":396,"height":583,"url":"http:\/\/booksfrommexico.com\/app\/uploads\/2023\/05\/137271.jpeg","type":"image\/jpeg"}],"twitter_card":"summary_large_image","twitter_misc":{"Tiempo de lectura":"1 minuto"},"schema":{"@context":"https:\/\/schema.org","@graph":[{"@type":"WebPage","@id":"https:\/\/booksfrommexico.com\/es\/producto\/tiempo-fechado-historia-y-politica-en-octavio-paz\/","url":"https:\/\/booksfrommexico.com\/es\/producto\/tiempo-fechado-historia-y-politica-en-octavio-paz\/","name":"Tiempo fechado. Historia y pol\u00edtica en Octavio Paz","isPartOf":{"@id":"https:\/\/booksfrommexico.com\/#website"},"primaryImageOfPage":{"@id":"https:\/\/booksfrommexico.com\/es\/producto\/tiempo-fechado-historia-y-politica-en-octavio-paz\/#primaryimage"},"image":{"@id":"https:\/\/booksfrommexico.com\/es\/producto\/tiempo-fechado-historia-y-politica-en-octavio-paz\/#primaryimage"},"thumbnailUrl":"https:\/\/booksfrommexico.com\/app\/uploads\/2023\/05\/137271.jpeg","datePublished":"2023-05-08T17:06:30+00:00","dateModified":"2024-07-03T23:15:19+00:00","description":"TIEMPO FECHADO : HISTORIA Y POL\u00cdTICA EN OCTAVIO PAZ. \/ Erwin Rodr\u00edguez D\u00edaz. Universidad Aut\u00f3noma de Chiapas, 2006. (Colecci\u00f3n Social y Human\u00edstica).","breadcrumb":{"@id":"https:\/\/booksfrommexico.com\/es\/producto\/tiempo-fechado-historia-y-politica-en-octavio-paz\/#breadcrumb"},"inLanguage":"es","potentialAction":[{"@type":"ReadAction","target":["https:\/\/booksfrommexico.com\/es\/producto\/tiempo-fechado-historia-y-politica-en-octavio-paz\/"]}]},{"@type":"ImageObject","inLanguage":"es","@id":"https:\/\/booksfrommexico.com\/es\/producto\/tiempo-fechado-historia-y-politica-en-octavio-paz\/#primaryimage","url":"https:\/\/booksfrommexico.com\/app\/uploads\/2023\/05\/137271.jpeg","contentUrl":"https:\/\/booksfrommexico.com\/app\/uploads\/2023\/05\/137271.jpeg","width":396,"height":583,"caption":"Tiempo fechado. Historia y pol\u00edtica en Octavio Paz"},{"@type":"BreadcrumbList","@id":"https:\/\/booksfrommexico.com\/es\/producto\/tiempo-fechado-historia-y-politica-en-octavio-paz\/#breadcrumb","itemListElement":[{"@type":"ListItem","position":1,"name":"Home","item":"https:\/\/booksfrommexico.com\/es\/"},{"@type":"ListItem","position":2,"name":"Libros","item":"https:\/\/booksfrommexico.com\/es\/libros\/"},{"@type":"ListItem","position":3,"name":"Tiempo fechado: Historia y pol\u00edtica en Octavio Paz"}]},{"@type":"WebSite","@id":"https:\/\/booksfrommexico.com\/#website","url":"https:\/\/booksfrommexico.com\/","name":"Books From Mexico","description":"","publisher":{"@id":"https:\/\/booksfrommexico.com\/#organization"},"potentialAction":[{"@type":"SearchAction","target":{"@type":"EntryPoint","urlTemplate":"https:\/\/booksfrommexico.com\/?s={search_term_string}"},"query-input":{"@type":"PropertyValueSpecification","valueRequired":true,"valueName":"search_term_string"}}],"inLanguage":"es"},{"@type":"Organization","@id":"https:\/\/booksfrommexico.com\/#organization","name":"Books From Mexico","url":"https:\/\/booksfrommexico.com\/","logo":{"@type":"ImageObject","inLanguage":"es","@id":"https:\/\/booksfrommexico.com\/#\/schema\/logo\/image\/","url":"https:\/\/booksfrommexico.com\/app\/uploads\/2023\/05\/logo-booksfrommexico.svg","contentUrl":"https:\/\/booksfrommexico.com\/app\/uploads\/2023\/05\/logo-booksfrommexico.svg","width":86,"height":56,"caption":"Books From Mexico"},"image":{"@id":"https:\/\/booksfrommexico.com\/#\/schema\/logo\/image\/"}}]}},"_links":{"self":[{"href":"https:\/\/booksfrommexico.com\/es\/wp-json\/wp\/v2\/product\/764","targetHints":{"allow":["GET"]}}],"collection":[{"href":"https:\/\/booksfrommexico.com\/es\/wp-json\/wp\/v2\/product"}],"about":[{"href":"https:\/\/booksfrommexico.com\/es\/wp-json\/wp\/v2\/types\/product"}],"wp:featuredmedia":[{"embeddable":true,"href":"https:\/\/booksfrommexico.com\/es\/wp-json\/wp\/v2\/media\/763"}],"wp:attachment":[{"href":"https:\/\/booksfrommexico.com\/es\/wp-json\/wp\/v2\/media?parent=764"}],"wp:term":[{"taxonomy":"product_brand","embeddable":true,"href":"https:\/\/booksfrommexico.com\/es\/wp-json\/wp\/v2\/product_brand?post=764"},{"taxonomy":"product_cat","embeddable":true,"href":"https:\/\/booksfrommexico.com\/es\/wp-json\/wp\/v2\/product_cat?post=764"},{"taxonomy":"product_tag","embeddable":true,"href":"https:\/\/booksfrommexico.com\/es\/wp-json\/wp\/v2\/product_tag?post=764"}],"curies":[{"name":"wp","href":"https:\/\/api.w.org\/{rel}","templated":true}]}}