{"id":766,"date":"2023-05-08T17:06:32","date_gmt":"2023-05-08T17:06:32","guid":{"rendered":"http:\/\/booksfrommexico.com\/product\/homofobia-odio-crimen-y-justicia-1995-2005\/"},"modified":"2024-07-03T22:27:46","modified_gmt":"2024-07-03T22:27:46","slug":"homofobia-odio-crimen-y-justicia-1995-2005","status":"publish","type":"product","link":"https:\/\/booksfrommexico.com\/es\/producto\/homofobia-odio-crimen-y-justicia-1995-2005\/","title":{"rendered":"Homofobia: Odio, crimen y justicia, 1995-2005"},"content":{"rendered":"<p><span style=\"font-weight: 400;\">Entre 1995 y 2005 se cometieron en M\u00e9xico 387 cr\u00edmenes de odio contra homosexuales (de los que se tenga registro), teniendo muertes violentas en m\u00e1s del 54% de los casos. La premeditada negligencia de las autoridades y la indiferencia de una sociedad todav\u00eda lastrada por su espeso pasado machista son c\u00f3mplices de estas muertes, tanto como de la impunidad de sus actores. Es en medio de este escenario brutal donde se genera esta obra, siendo una denuncia irrefutablemente documentada contra la violencia y contra los prejuicios morales que la alimentan; as\u00ed como tambi\u00e9n ofrece una mirada hacia v\u00edctimas, verdugos, activistas y autoridades.<\/span><\/p>\n<p><br style=\"font-weight: 400;\" \/><br style=\"font-weight: 400;\" \/><\/p>\n","protected":false},"excerpt":{"rendered":"<p>HOMOFOBIA : ODIO, CRIMEN Y JUSTICIA, 1995-2005<span style=\"font-weight: 400;\">. \/ Fernando del Collado. M\u00e9xico, D.F. : Tusquets Editores M\u00e9xico, 2007. 273 pages : includes references, photos, bibliography ; 23 cm. (Colecci\u00f3n Tiempo de Memoria). ISBN :\u00a0 9789706991706.<\/span><\/p>\n","protected":false},"featured_media":765,"template":"","meta":{"_acf_changed":false,"inline_featured_image":false},"product_brand":[],"product_cat":[182,78,699],"product_tag":[4289,4161],"class_list":{"0":"post-766","1":"product","2":"type-product","3":"status-publish","4":"has-post-thumbnail","6":"product_cat-estudios-culturales-y-de-identidad-sociologia","7":"product_cat-sociologia","8":"product_cat-violencia-en-la-sociedad-sociologia","9":"product_tag-crimen","10":"product_tag-lgbt","12":"first","13":"instock","14":"taxable","15":"shipping-taxable","16":"purchasable","17":"product-type-simple"},"acf":[],"yoast_head":"<!-- This site is optimized with the Yoast SEO plugin v27.3 - https:\/\/yoast.com\/product\/yoast-seo-wordpress\/ -->\n<title>Homofobia: Odio, crimen y justicia, 1995-2005<\/title>\n<meta name=\"description\" content=\"HOMOFOBIA : ODIO, CRIMEN Y JUSTICIA, 1995-2005. \/ Fernando del Collado. Tusquets Editores M\u00e9xico, 2007. (Colecci\u00f3n Tiempo de Memoria). ISBN : 9789706991706.\" \/>\n<meta name=\"robots\" content=\"index, follow, max-snippet:-1, max-image-preview:large, max-video-preview:-1\" \/>\n<link rel=\"canonical\" href=\"https:\/\/booksfrommexico.com\/es\/producto\/homofobia-odio-crimen-y-justicia-1995-2005\/\" \/>\n<meta property=\"og:locale\" content=\"es_ES\" \/>\n<meta property=\"og:type\" content=\"article\" \/>\n<meta property=\"og:title\" content=\"Homofobia: Odio, crimen y justicia, 1995-2005\" \/>\n<meta property=\"og:description\" content=\"HOMOFOBIA : ODIO, CRIMEN Y JUSTICIA, 1995-2005. \/ Fernando del Collado. Tusquets Editores M\u00e9xico, 2007. (Colecci\u00f3n Tiempo de Memoria). ISBN : 9789706991706.\" \/>\n<meta property=\"og:url\" content=\"https:\/\/booksfrommexico.com\/es\/producto\/homofobia-odio-crimen-y-justicia-1995-2005\/\" \/>\n<meta property=\"og:site_name\" content=\"Books From Mexico\" \/>\n<meta property=\"article:modified_time\" content=\"2024-07-03T22:27:46+00:00\" \/>\n<meta property=\"og:image\" content=\"http:\/\/booksfrommexico.com\/app\/uploads\/2023\/05\/137329.jpeg\" \/>\n\t<meta property=\"og:image:width\" content=\"425\" \/>\n\t<meta property=\"og:image:height\" content=\"653\" \/>\n\t<meta property=\"og:image:type\" content=\"image\/jpeg\" \/>\n<meta name=\"twitter:card\" content=\"summary_large_image\" \/>\n<meta name=\"twitter:label1\" content=\"Tiempo de lectura\" \/>\n\t<meta name=\"twitter:data1\" content=\"1 minuto\" \/>\n<script type=\"application\/ld+json\" class=\"yoast-schema-graph\">{\"@context\":\"https:\\\/\\\/schema.org\",\"@graph\":[{\"@type\":\"WebPage\",\"@id\":\"https:\\\/\\\/booksfrommexico.com\\\/es\\\/producto\\\/homofobia-odio-crimen-y-justicia-1995-2005\\\/\",\"url\":\"https:\\\/\\\/booksfrommexico.com\\\/es\\\/producto\\\/homofobia-odio-crimen-y-justicia-1995-2005\\\/\",\"name\":\"Homofobia: Odio, crimen y justicia, 1995-2005\",\"isPartOf\":{\"@id\":\"https:\\\/\\\/booksfrommexico.com\\\/#website\"},\"primaryImageOfPage\":{\"@id\":\"https:\\\/\\\/booksfrommexico.com\\\/es\\\/producto\\\/homofobia-odio-crimen-y-justicia-1995-2005\\\/#primaryimage\"},\"image\":{\"@id\":\"https:\\\/\\\/booksfrommexico.com\\\/es\\\/producto\\\/homofobia-odio-crimen-y-justicia-1995-2005\\\/#primaryimage\"},\"thumbnailUrl\":\"https:\\\/\\\/booksfrommexico.com\\\/app\\\/uploads\\\/2023\\\/05\\\/137329.jpeg\",\"datePublished\":\"2023-05-08T17:06:32+00:00\",\"dateModified\":\"2024-07-03T22:27:46+00:00\",\"description\":\"HOMOFOBIA : ODIO, CRIMEN Y JUSTICIA, 1995-2005. \\\/ Fernando del Collado. Tusquets Editores M\u00e9xico, 2007. (Colecci\u00f3n Tiempo de Memoria). ISBN : 9789706991706.\",\"breadcrumb\":{\"@id\":\"https:\\\/\\\/booksfrommexico.com\\\/es\\\/producto\\\/homofobia-odio-crimen-y-justicia-1995-2005\\\/#breadcrumb\"},\"inLanguage\":\"es\",\"potentialAction\":[{\"@type\":\"ReadAction\",\"target\":[\"https:\\\/\\\/booksfrommexico.com\\\/es\\\/producto\\\/homofobia-odio-crimen-y-justicia-1995-2005\\\/\"]}]},{\"@type\":\"ImageObject\",\"inLanguage\":\"es\",\"@id\":\"https:\\\/\\\/booksfrommexico.com\\\/es\\\/producto\\\/homofobia-odio-crimen-y-justicia-1995-2005\\\/#primaryimage\",\"url\":\"https:\\\/\\\/booksfrommexico.com\\\/app\\\/uploads\\\/2023\\\/05\\\/137329.jpeg\",\"contentUrl\":\"https:\\\/\\\/booksfrommexico.com\\\/app\\\/uploads\\\/2023\\\/05\\\/137329.jpeg\",\"width\":425,\"height\":653,\"caption\":\"Homofobia Odio, crimen y justicia, 1995-2005. Books From M\u00e9xico\"},{\"@type\":\"BreadcrumbList\",\"@id\":\"https:\\\/\\\/booksfrommexico.com\\\/es\\\/producto\\\/homofobia-odio-crimen-y-justicia-1995-2005\\\/#breadcrumb\",\"itemListElement\":[{\"@type\":\"ListItem\",\"position\":1,\"name\":\"Home\",\"item\":\"https:\\\/\\\/booksfrommexico.com\\\/es\\\/\"},{\"@type\":\"ListItem\",\"position\":2,\"name\":\"Libros\",\"item\":\"https:\\\/\\\/booksfrommexico.com\\\/es\\\/libros\\\/\"},{\"@type\":\"ListItem\",\"position\":3,\"name\":\"Homofobia: Odio, crimen y justicia, 1995-2005\"}]},{\"@type\":\"WebSite\",\"@id\":\"https:\\\/\\\/booksfrommexico.com\\\/#website\",\"url\":\"https:\\\/\\\/booksfrommexico.com\\\/\",\"name\":\"Books From Mexico\",\"description\":\"\",\"publisher\":{\"@id\":\"https:\\\/\\\/booksfrommexico.com\\\/#organization\"},\"potentialAction\":[{\"@type\":\"SearchAction\",\"target\":{\"@type\":\"EntryPoint\",\"urlTemplate\":\"https:\\\/\\\/booksfrommexico.com\\\/?s={search_term_string}\"},\"query-input\":{\"@type\":\"PropertyValueSpecification\",\"valueRequired\":true,\"valueName\":\"search_term_string\"}}],\"inLanguage\":\"es\"},{\"@type\":\"Organization\",\"@id\":\"https:\\\/\\\/booksfrommexico.com\\\/#organization\",\"name\":\"Books From Mexico\",\"url\":\"https:\\\/\\\/booksfrommexico.com\\\/\",\"logo\":{\"@type\":\"ImageObject\",\"inLanguage\":\"es\",\"@id\":\"https:\\\/\\\/booksfrommexico.com\\\/#\\\/schema\\\/logo\\\/image\\\/\",\"url\":\"https:\\\/\\\/booksfrommexico.com\\\/app\\\/uploads\\\/2023\\\/05\\\/logo-booksfrommexico.svg\",\"contentUrl\":\"https:\\\/\\\/booksfrommexico.com\\\/app\\\/uploads\\\/2023\\\/05\\\/logo-booksfrommexico.svg\",\"width\":86,\"height\":56,\"caption\":\"Books From Mexico\"},\"image\":{\"@id\":\"https:\\\/\\\/booksfrommexico.com\\\/#\\\/schema\\\/logo\\\/image\\\/\"}}]}<\/script>\n<!-- \/ Yoast SEO plugin. -->","yoast_head_json":{"title":"Homofobia: Odio, crimen y justicia, 1995-2005","description":"HOMOFOBIA : ODIO, CRIMEN Y JUSTICIA, 1995-2005. \/ Fernando del Collado. Tusquets Editores M\u00e9xico, 2007. (Colecci\u00f3n Tiempo de Memoria). ISBN : 9789706991706.","robots":{"index":"index","follow":"follow","max-snippet":"max-snippet:-1","max-image-preview":"max-image-preview:large","max-video-preview":"max-video-preview:-1"},"canonical":"https:\/\/booksfrommexico.com\/es\/producto\/homofobia-odio-crimen-y-justicia-1995-2005\/","og_locale":"es_ES","og_type":"article","og_title":"Homofobia: Odio, crimen y justicia, 1995-2005","og_description":"HOMOFOBIA : ODIO, CRIMEN Y JUSTICIA, 1995-2005. \/ Fernando del Collado. Tusquets Editores M\u00e9xico, 2007. (Colecci\u00f3n Tiempo de Memoria). ISBN : 9789706991706.","og_url":"https:\/\/booksfrommexico.com\/es\/producto\/homofobia-odio-crimen-y-justicia-1995-2005\/","og_site_name":"Books From Mexico","article_modified_time":"2024-07-03T22:27:46+00:00","og_image":[{"width":425,"height":653,"url":"http:\/\/booksfrommexico.com\/app\/uploads\/2023\/05\/137329.jpeg","type":"image\/jpeg"}],"twitter_card":"summary_large_image","twitter_misc":{"Tiempo de lectura":"1 minuto"},"schema":{"@context":"https:\/\/schema.org","@graph":[{"@type":"WebPage","@id":"https:\/\/booksfrommexico.com\/es\/producto\/homofobia-odio-crimen-y-justicia-1995-2005\/","url":"https:\/\/booksfrommexico.com\/es\/producto\/homofobia-odio-crimen-y-justicia-1995-2005\/","name":"Homofobia: Odio, crimen y justicia, 1995-2005","isPartOf":{"@id":"https:\/\/booksfrommexico.com\/#website"},"primaryImageOfPage":{"@id":"https:\/\/booksfrommexico.com\/es\/producto\/homofobia-odio-crimen-y-justicia-1995-2005\/#primaryimage"},"image":{"@id":"https:\/\/booksfrommexico.com\/es\/producto\/homofobia-odio-crimen-y-justicia-1995-2005\/#primaryimage"},"thumbnailUrl":"https:\/\/booksfrommexico.com\/app\/uploads\/2023\/05\/137329.jpeg","datePublished":"2023-05-08T17:06:32+00:00","dateModified":"2024-07-03T22:27:46+00:00","description":"HOMOFOBIA : ODIO, CRIMEN Y JUSTICIA, 1995-2005. \/ Fernando del Collado. Tusquets Editores M\u00e9xico, 2007. (Colecci\u00f3n Tiempo de Memoria). ISBN : 9789706991706.","breadcrumb":{"@id":"https:\/\/booksfrommexico.com\/es\/producto\/homofobia-odio-crimen-y-justicia-1995-2005\/#breadcrumb"},"inLanguage":"es","potentialAction":[{"@type":"ReadAction","target":["https:\/\/booksfrommexico.com\/es\/producto\/homofobia-odio-crimen-y-justicia-1995-2005\/"]}]},{"@type":"ImageObject","inLanguage":"es","@id":"https:\/\/booksfrommexico.com\/es\/producto\/homofobia-odio-crimen-y-justicia-1995-2005\/#primaryimage","url":"https:\/\/booksfrommexico.com\/app\/uploads\/2023\/05\/137329.jpeg","contentUrl":"https:\/\/booksfrommexico.com\/app\/uploads\/2023\/05\/137329.jpeg","width":425,"height":653,"caption":"Homofobia Odio, crimen y justicia, 1995-2005. Books From M\u00e9xico"},{"@type":"BreadcrumbList","@id":"https:\/\/booksfrommexico.com\/es\/producto\/homofobia-odio-crimen-y-justicia-1995-2005\/#breadcrumb","itemListElement":[{"@type":"ListItem","position":1,"name":"Home","item":"https:\/\/booksfrommexico.com\/es\/"},{"@type":"ListItem","position":2,"name":"Libros","item":"https:\/\/booksfrommexico.com\/es\/libros\/"},{"@type":"ListItem","position":3,"name":"Homofobia: Odio, crimen y justicia, 1995-2005"}]},{"@type":"WebSite","@id":"https:\/\/booksfrommexico.com\/#website","url":"https:\/\/booksfrommexico.com\/","name":"Books From Mexico","description":"","publisher":{"@id":"https:\/\/booksfrommexico.com\/#organization"},"potentialAction":[{"@type":"SearchAction","target":{"@type":"EntryPoint","urlTemplate":"https:\/\/booksfrommexico.com\/?s={search_term_string}"},"query-input":{"@type":"PropertyValueSpecification","valueRequired":true,"valueName":"search_term_string"}}],"inLanguage":"es"},{"@type":"Organization","@id":"https:\/\/booksfrommexico.com\/#organization","name":"Books From Mexico","url":"https:\/\/booksfrommexico.com\/","logo":{"@type":"ImageObject","inLanguage":"es","@id":"https:\/\/booksfrommexico.com\/#\/schema\/logo\/image\/","url":"https:\/\/booksfrommexico.com\/app\/uploads\/2023\/05\/logo-booksfrommexico.svg","contentUrl":"https:\/\/booksfrommexico.com\/app\/uploads\/2023\/05\/logo-booksfrommexico.svg","width":86,"height":56,"caption":"Books From Mexico"},"image":{"@id":"https:\/\/booksfrommexico.com\/#\/schema\/logo\/image\/"}}]}},"_links":{"self":[{"href":"https:\/\/booksfrommexico.com\/es\/wp-json\/wp\/v2\/product\/766","targetHints":{"allow":["GET"]}}],"collection":[{"href":"https:\/\/booksfrommexico.com\/es\/wp-json\/wp\/v2\/product"}],"about":[{"href":"https:\/\/booksfrommexico.com\/es\/wp-json\/wp\/v2\/types\/product"}],"wp:featuredmedia":[{"embeddable":true,"href":"https:\/\/booksfrommexico.com\/es\/wp-json\/wp\/v2\/media\/765"}],"wp:attachment":[{"href":"https:\/\/booksfrommexico.com\/es\/wp-json\/wp\/v2\/media?parent=766"}],"wp:term":[{"taxonomy":"product_brand","embeddable":true,"href":"https:\/\/booksfrommexico.com\/es\/wp-json\/wp\/v2\/product_brand?post=766"},{"taxonomy":"product_cat","embeddable":true,"href":"https:\/\/booksfrommexico.com\/es\/wp-json\/wp\/v2\/product_cat?post=766"},{"taxonomy":"product_tag","embeddable":true,"href":"https:\/\/booksfrommexico.com\/es\/wp-json\/wp\/v2\/product_tag?post=766"}],"curies":[{"name":"wp","href":"https:\/\/api.w.org\/{rel}","templated":true}]}}