{"id":768,"date":"2023-05-08T17:06:33","date_gmt":"2023-05-08T17:06:33","guid":{"rendered":"http:\/\/booksfrommexico.com\/product\/presencia-zoque-una-aproximacion-multidisciplinaria\/"},"modified":"2024-07-03T21:56:05","modified_gmt":"2024-07-03T21:56:05","slug":"presencia-zoque-una-aproximacion-multidisciplinaria","status":"publish","type":"product","link":"https:\/\/booksfrommexico.com\/es\/producto\/presencia-zoque-una-aproximacion-multidisciplinaria\/","title":{"rendered":"Presencia zoque: Una aproximaci\u00f3n multidisciplinaria"},"content":{"rendered":"<p><span style=\"font-weight: 400;\">Los trabajos que aqu\u00ed se publican son algunas de las ponencias presentadas en la <\/span><i><span style=\"font-weight: 400;\">Tercera reuni\u00f3n de Investigadores del \u00c1rea Zoque, <\/span><\/i><span style=\"font-weight: 400;\">celebrada en la ciudad de Tuxtla Guti\u00e9rrez, siendo una actividad acad\u00e9mica en las que se honr\u00f3 la memoria del Dr. Gareth W. Lowe, arque\u00f3logo pionero en el estudio de Chiapas, as\u00ed como el de los zoques. Algunos de los temas que se expusieron fueron: <\/span><i><span style=\"font-weight: 400;\">El concepto de cultura en el marco del debate contempor\u00e1neo, Recursos forestales y din\u00e1mica territorial en la frontera Chimalapa, Los zoques de Chiapas y los programas de gobierno, Curanderos, espiritistas, brujos y gente com\u00fan en el umbral de la cueva, <\/span><\/i><span style=\"font-weight: 400;\">entre varios m\u00e1s.<\/span><\/p>\n","protected":false},"excerpt":{"rendered":"<p>PRESENCIA ZOQUE : UNA APROXIMACI\u00d3N MULTIDISCIPLINARIA<span style=\"font-weight: 400;\">. \/ Dolores Aramoni Calder\u00f3n, Thomas A. Lee Whiting, Miguel Lisbona Guill\u00e9n (coordinators). Tuxtla Guti\u00e9rrez, Chiapas, M\u00e9xico : Universidad de Ciencias y Artes del Estado de Chiapas ; Consejo de Ciencia y Tecnolog\u00eda del Estado de Chiapas ; Universidad Aut\u00f3noma de Chiapas ; M\u00e9xico, D.F. : Universidad Nacional Aut\u00f3noma de M\u00e9xico, 2006. 443 pages : includes tables, photos, charts, bibliography at the end of each chapter ; 23 cm. (Serie Historia). ISBN : 9685149453.<\/span><\/p>\n","protected":false},"featured_media":767,"template":"","meta":{"_acf_changed":false,"inline_featured_image":false},"product_brand":[],"product_cat":[19,66,372],"product_tag":[3700,4442,3886],"class_list":{"0":"post-768","1":"product","2":"type-product","3":"status-publish","4":"has-post-thumbnail","6":"product_cat-antropologia","7":"product_cat-sociocultural","8":"product_cat-tradiciones-culturales","9":"product_tag-chiapas-mexico","10":"product_tag-ponencias","11":"product_tag-zoques","13":"first","14":"instock","15":"taxable","16":"shipping-taxable","17":"purchasable","18":"product-type-simple"},"acf":[],"yoast_head":"<!-- This site is optimized with the Yoast SEO plugin v27.3 - https:\/\/yoast.com\/product\/yoast-seo-wordpress\/ -->\n<title>Presencia zoque: Una aproximaci\u00f3n multidisciplinaria<\/title>\n<meta name=\"description\" content=\"PRESENCIA ZOQUE : UNA APROXIMACI\u00d3N MULTIDISCIPLINARIA. \/ Dolores Aramoni Calder\u00f3n, Thomas A. Lee Whiting, Miguel Lisbona Guill\u00e9n (coordinators). 2006.\" \/>\n<meta name=\"robots\" content=\"index, follow, max-snippet:-1, max-image-preview:large, max-video-preview:-1\" \/>\n<link rel=\"canonical\" href=\"https:\/\/booksfrommexico.com\/es\/producto\/presencia-zoque-una-aproximacion-multidisciplinaria\/\" \/>\n<meta property=\"og:locale\" content=\"es_ES\" \/>\n<meta property=\"og:type\" content=\"article\" \/>\n<meta property=\"og:title\" content=\"Presencia zoque: Una aproximaci\u00f3n multidisciplinaria\" \/>\n<meta property=\"og:description\" content=\"PRESENCIA ZOQUE : UNA APROXIMACI\u00d3N MULTIDISCIPLINARIA. \/ Dolores Aramoni Calder\u00f3n, Thomas A. Lee Whiting, Miguel Lisbona Guill\u00e9n (coordinators). 2006.\" \/>\n<meta property=\"og:url\" content=\"https:\/\/booksfrommexico.com\/es\/producto\/presencia-zoque-una-aproximacion-multidisciplinaria\/\" \/>\n<meta property=\"og:site_name\" content=\"Books From Mexico\" \/>\n<meta property=\"article:modified_time\" content=\"2024-07-03T21:56:05+00:00\" \/>\n<meta property=\"og:image\" content=\"http:\/\/booksfrommexico.com\/app\/uploads\/2023\/05\/137804.jpeg\" \/>\n\t<meta property=\"og:image:width\" content=\"480\" \/>\n\t<meta property=\"og:image:height\" content=\"664\" \/>\n\t<meta property=\"og:image:type\" content=\"image\/jpeg\" \/>\n<meta name=\"twitter:card\" content=\"summary_large_image\" \/>\n<meta name=\"twitter:label1\" content=\"Tiempo de lectura\" \/>\n\t<meta name=\"twitter:data1\" content=\"1 minuto\" \/>\n<script type=\"application\/ld+json\" class=\"yoast-schema-graph\">{\"@context\":\"https:\\\/\\\/schema.org\",\"@graph\":[{\"@type\":\"WebPage\",\"@id\":\"https:\\\/\\\/booksfrommexico.com\\\/es\\\/producto\\\/presencia-zoque-una-aproximacion-multidisciplinaria\\\/\",\"url\":\"https:\\\/\\\/booksfrommexico.com\\\/es\\\/producto\\\/presencia-zoque-una-aproximacion-multidisciplinaria\\\/\",\"name\":\"Presencia zoque: Una aproximaci\u00f3n multidisciplinaria\",\"isPartOf\":{\"@id\":\"https:\\\/\\\/booksfrommexico.com\\\/#website\"},\"primaryImageOfPage\":{\"@id\":\"https:\\\/\\\/booksfrommexico.com\\\/es\\\/producto\\\/presencia-zoque-una-aproximacion-multidisciplinaria\\\/#primaryimage\"},\"image\":{\"@id\":\"https:\\\/\\\/booksfrommexico.com\\\/es\\\/producto\\\/presencia-zoque-una-aproximacion-multidisciplinaria\\\/#primaryimage\"},\"thumbnailUrl\":\"https:\\\/\\\/booksfrommexico.com\\\/app\\\/uploads\\\/2023\\\/05\\\/137804.jpeg\",\"datePublished\":\"2023-05-08T17:06:33+00:00\",\"dateModified\":\"2024-07-03T21:56:05+00:00\",\"description\":\"PRESENCIA ZOQUE : UNA APROXIMACI\u00d3N MULTIDISCIPLINARIA. \\\/ Dolores Aramoni Calder\u00f3n, Thomas A. Lee Whiting, Miguel Lisbona Guill\u00e9n (coordinators). 2006.\",\"breadcrumb\":{\"@id\":\"https:\\\/\\\/booksfrommexico.com\\\/es\\\/producto\\\/presencia-zoque-una-aproximacion-multidisciplinaria\\\/#breadcrumb\"},\"inLanguage\":\"es\",\"potentialAction\":[{\"@type\":\"ReadAction\",\"target\":[\"https:\\\/\\\/booksfrommexico.com\\\/es\\\/producto\\\/presencia-zoque-una-aproximacion-multidisciplinaria\\\/\"]}]},{\"@type\":\"ImageObject\",\"inLanguage\":\"es\",\"@id\":\"https:\\\/\\\/booksfrommexico.com\\\/es\\\/producto\\\/presencia-zoque-una-aproximacion-multidisciplinaria\\\/#primaryimage\",\"url\":\"https:\\\/\\\/booksfrommexico.com\\\/app\\\/uploads\\\/2023\\\/05\\\/137804.jpeg\",\"contentUrl\":\"https:\\\/\\\/booksfrommexico.com\\\/app\\\/uploads\\\/2023\\\/05\\\/137804.jpeg\",\"width\":480,\"height\":664,\"caption\":\"Presencia zoque. Una aproximaci\u00f3n multidisciplinaria\"},{\"@type\":\"BreadcrumbList\",\"@id\":\"https:\\\/\\\/booksfrommexico.com\\\/es\\\/producto\\\/presencia-zoque-una-aproximacion-multidisciplinaria\\\/#breadcrumb\",\"itemListElement\":[{\"@type\":\"ListItem\",\"position\":1,\"name\":\"Home\",\"item\":\"https:\\\/\\\/booksfrommexico.com\\\/es\\\/\"},{\"@type\":\"ListItem\",\"position\":2,\"name\":\"Libros\",\"item\":\"https:\\\/\\\/booksfrommexico.com\\\/es\\\/libros\\\/\"},{\"@type\":\"ListItem\",\"position\":3,\"name\":\"Presencia zoque: Una aproximaci\u00f3n multidisciplinaria\"}]},{\"@type\":\"WebSite\",\"@id\":\"https:\\\/\\\/booksfrommexico.com\\\/#website\",\"url\":\"https:\\\/\\\/booksfrommexico.com\\\/\",\"name\":\"Books From Mexico\",\"description\":\"\",\"publisher\":{\"@id\":\"https:\\\/\\\/booksfrommexico.com\\\/#organization\"},\"potentialAction\":[{\"@type\":\"SearchAction\",\"target\":{\"@type\":\"EntryPoint\",\"urlTemplate\":\"https:\\\/\\\/booksfrommexico.com\\\/?s={search_term_string}\"},\"query-input\":{\"@type\":\"PropertyValueSpecification\",\"valueRequired\":true,\"valueName\":\"search_term_string\"}}],\"inLanguage\":\"es\"},{\"@type\":\"Organization\",\"@id\":\"https:\\\/\\\/booksfrommexico.com\\\/#organization\",\"name\":\"Books From Mexico\",\"url\":\"https:\\\/\\\/booksfrommexico.com\\\/\",\"logo\":{\"@type\":\"ImageObject\",\"inLanguage\":\"es\",\"@id\":\"https:\\\/\\\/booksfrommexico.com\\\/#\\\/schema\\\/logo\\\/image\\\/\",\"url\":\"https:\\\/\\\/booksfrommexico.com\\\/app\\\/uploads\\\/2023\\\/05\\\/logo-booksfrommexico.svg\",\"contentUrl\":\"https:\\\/\\\/booksfrommexico.com\\\/app\\\/uploads\\\/2023\\\/05\\\/logo-booksfrommexico.svg\",\"width\":86,\"height\":56,\"caption\":\"Books From Mexico\"},\"image\":{\"@id\":\"https:\\\/\\\/booksfrommexico.com\\\/#\\\/schema\\\/logo\\\/image\\\/\"}}]}<\/script>\n<!-- \/ Yoast SEO plugin. -->","yoast_head_json":{"title":"Presencia zoque: Una aproximaci\u00f3n multidisciplinaria","description":"PRESENCIA ZOQUE : UNA APROXIMACI\u00d3N MULTIDISCIPLINARIA. \/ Dolores Aramoni Calder\u00f3n, Thomas A. Lee Whiting, Miguel Lisbona Guill\u00e9n (coordinators). 2006.","robots":{"index":"index","follow":"follow","max-snippet":"max-snippet:-1","max-image-preview":"max-image-preview:large","max-video-preview":"max-video-preview:-1"},"canonical":"https:\/\/booksfrommexico.com\/es\/producto\/presencia-zoque-una-aproximacion-multidisciplinaria\/","og_locale":"es_ES","og_type":"article","og_title":"Presencia zoque: Una aproximaci\u00f3n multidisciplinaria","og_description":"PRESENCIA ZOQUE : UNA APROXIMACI\u00d3N MULTIDISCIPLINARIA. \/ Dolores Aramoni Calder\u00f3n, Thomas A. Lee Whiting, Miguel Lisbona Guill\u00e9n (coordinators). 2006.","og_url":"https:\/\/booksfrommexico.com\/es\/producto\/presencia-zoque-una-aproximacion-multidisciplinaria\/","og_site_name":"Books From Mexico","article_modified_time":"2024-07-03T21:56:05+00:00","og_image":[{"width":480,"height":664,"url":"http:\/\/booksfrommexico.com\/app\/uploads\/2023\/05\/137804.jpeg","type":"image\/jpeg"}],"twitter_card":"summary_large_image","twitter_misc":{"Tiempo de lectura":"1 minuto"},"schema":{"@context":"https:\/\/schema.org","@graph":[{"@type":"WebPage","@id":"https:\/\/booksfrommexico.com\/es\/producto\/presencia-zoque-una-aproximacion-multidisciplinaria\/","url":"https:\/\/booksfrommexico.com\/es\/producto\/presencia-zoque-una-aproximacion-multidisciplinaria\/","name":"Presencia zoque: Una aproximaci\u00f3n multidisciplinaria","isPartOf":{"@id":"https:\/\/booksfrommexico.com\/#website"},"primaryImageOfPage":{"@id":"https:\/\/booksfrommexico.com\/es\/producto\/presencia-zoque-una-aproximacion-multidisciplinaria\/#primaryimage"},"image":{"@id":"https:\/\/booksfrommexico.com\/es\/producto\/presencia-zoque-una-aproximacion-multidisciplinaria\/#primaryimage"},"thumbnailUrl":"https:\/\/booksfrommexico.com\/app\/uploads\/2023\/05\/137804.jpeg","datePublished":"2023-05-08T17:06:33+00:00","dateModified":"2024-07-03T21:56:05+00:00","description":"PRESENCIA ZOQUE : UNA APROXIMACI\u00d3N MULTIDISCIPLINARIA. \/ Dolores Aramoni Calder\u00f3n, Thomas A. Lee Whiting, Miguel Lisbona Guill\u00e9n (coordinators). 2006.","breadcrumb":{"@id":"https:\/\/booksfrommexico.com\/es\/producto\/presencia-zoque-una-aproximacion-multidisciplinaria\/#breadcrumb"},"inLanguage":"es","potentialAction":[{"@type":"ReadAction","target":["https:\/\/booksfrommexico.com\/es\/producto\/presencia-zoque-una-aproximacion-multidisciplinaria\/"]}]},{"@type":"ImageObject","inLanguage":"es","@id":"https:\/\/booksfrommexico.com\/es\/producto\/presencia-zoque-una-aproximacion-multidisciplinaria\/#primaryimage","url":"https:\/\/booksfrommexico.com\/app\/uploads\/2023\/05\/137804.jpeg","contentUrl":"https:\/\/booksfrommexico.com\/app\/uploads\/2023\/05\/137804.jpeg","width":480,"height":664,"caption":"Presencia zoque. Una aproximaci\u00f3n multidisciplinaria"},{"@type":"BreadcrumbList","@id":"https:\/\/booksfrommexico.com\/es\/producto\/presencia-zoque-una-aproximacion-multidisciplinaria\/#breadcrumb","itemListElement":[{"@type":"ListItem","position":1,"name":"Home","item":"https:\/\/booksfrommexico.com\/es\/"},{"@type":"ListItem","position":2,"name":"Libros","item":"https:\/\/booksfrommexico.com\/es\/libros\/"},{"@type":"ListItem","position":3,"name":"Presencia zoque: Una aproximaci\u00f3n multidisciplinaria"}]},{"@type":"WebSite","@id":"https:\/\/booksfrommexico.com\/#website","url":"https:\/\/booksfrommexico.com\/","name":"Books From Mexico","description":"","publisher":{"@id":"https:\/\/booksfrommexico.com\/#organization"},"potentialAction":[{"@type":"SearchAction","target":{"@type":"EntryPoint","urlTemplate":"https:\/\/booksfrommexico.com\/?s={search_term_string}"},"query-input":{"@type":"PropertyValueSpecification","valueRequired":true,"valueName":"search_term_string"}}],"inLanguage":"es"},{"@type":"Organization","@id":"https:\/\/booksfrommexico.com\/#organization","name":"Books From Mexico","url":"https:\/\/booksfrommexico.com\/","logo":{"@type":"ImageObject","inLanguage":"es","@id":"https:\/\/booksfrommexico.com\/#\/schema\/logo\/image\/","url":"https:\/\/booksfrommexico.com\/app\/uploads\/2023\/05\/logo-booksfrommexico.svg","contentUrl":"https:\/\/booksfrommexico.com\/app\/uploads\/2023\/05\/logo-booksfrommexico.svg","width":86,"height":56,"caption":"Books From Mexico"},"image":{"@id":"https:\/\/booksfrommexico.com\/#\/schema\/logo\/image\/"}}]}},"_links":{"self":[{"href":"https:\/\/booksfrommexico.com\/es\/wp-json\/wp\/v2\/product\/768","targetHints":{"allow":["GET"]}}],"collection":[{"href":"https:\/\/booksfrommexico.com\/es\/wp-json\/wp\/v2\/product"}],"about":[{"href":"https:\/\/booksfrommexico.com\/es\/wp-json\/wp\/v2\/types\/product"}],"wp:featuredmedia":[{"embeddable":true,"href":"https:\/\/booksfrommexico.com\/es\/wp-json\/wp\/v2\/media\/767"}],"wp:attachment":[{"href":"https:\/\/booksfrommexico.com\/es\/wp-json\/wp\/v2\/media?parent=768"}],"wp:term":[{"taxonomy":"product_brand","embeddable":true,"href":"https:\/\/booksfrommexico.com\/es\/wp-json\/wp\/v2\/product_brand?post=768"},{"taxonomy":"product_cat","embeddable":true,"href":"https:\/\/booksfrommexico.com\/es\/wp-json\/wp\/v2\/product_cat?post=768"},{"taxonomy":"product_tag","embeddable":true,"href":"https:\/\/booksfrommexico.com\/es\/wp-json\/wp\/v2\/product_tag?post=768"}],"curies":[{"name":"wp","href":"https:\/\/api.w.org\/{rel}","templated":true}]}}