{"id":77,"date":"2023-05-08T16:08:11","date_gmt":"2023-05-08T16:08:11","guid":{"rendered":"http:\/\/booksfrommexico.com\/product\/cortes-de-cadiz-genesis-y-topos-de-liberalismo-mexicano-un-abordaje-analitico-del-discurso-politico-a-partir-de-dos-actores-fundamentales-jose-miguel-guridi-y-alcocer-y-miguel-ramos-arizpe\/"},"modified":"2023-12-06T18:10:28","modified_gmt":"2023-12-06T18:10:28","slug":"cortes-de-cadiz-genesis-y-topos-de-liberalismo-mexicano-un-abordaje-analitico-del-discurso-politico-a-partir-de-dos-actores-fundamentales-jose-miguel-guridi-y-alcocer-y-miguel-ramos-arizpe","status":"publish","type":"product","link":"https:\/\/booksfrommexico.com\/es\/producto\/cortes-de-cadiz-genesis-y-topos-de-liberalismo-mexicano-un-abordaje-analitico-del-discurso-politico-a-partir-de-dos-actores-fundamentales-jose-miguel-guridi-y-alcocer-y-miguel-ramos-arizpe\/","title":{"rendered":"Cortes de C\u00e1diz : \u00bfg\u00e9nesis y topos de liberalismo mexicano?"},"content":{"rendered":"<p id=\"tw-target-text\" class=\"tw-data-text tw-text-large tw-ta\" dir=\"ltr\" data-placeholder=\"Traducci\u00f3n\" data-ved=\"2ahUKEwje7Jv-sPuCAxWGLkQIHSSZDxwQ3ewLegQIBRAQ\"><span class=\"Y2IQFc\" lang=\"es\">An\u00e1lisis hist\u00f3rico y jur\u00eddico de la Espa\u00f1a de principios del siglo XIX, primera constituci\u00f3n posautocr\u00e1tica, que estableci\u00f3 la soberan\u00eda nacional, la monarqu\u00eda constitucional y la libertad de prensa, entre otros principios. Describe los or\u00edgenes del documento y la historia general, el paso pol\u00edtico de la naci\u00f3n del antiguo r\u00e9gimen al liberalismo y las repercusiones de la nueva constituci\u00f3n en Am\u00e9rica, adem\u00e1s de una descripci\u00f3n de la participaci\u00f3n de dos pol\u00edticos latinoamericanos en el tribunal constitucional que promulg\u00f3 el documento.<\/span><\/p>\n","protected":false},"excerpt":{"rendered":"<p>Hern\u00e1ndez Mora, Juan Ignacio CORTES DE C\u00c1DIZ: \u00bfG\u00c9NESIS Y TOPOS DEL LIBERALISMO MEXICANO?: UN ABORDAJE ANAL\u00cdTICO DEL DISCURSO POL\u00cdTICO A PARTIR DE DOS ACTORES FUNDAMENTALES: JOS\u00c9 MIGUEL GARIBALDI Y ALCOCER Y MIGUEL RAMOS ARIZPE. \/ Juan Ignacio Hern\u00e1ndez Mora; Mariano Azuela Guitr\u00f3n, presentaci\u00f3n; \u00c1ngel Rivero, pr\u00f3logo M\u00e9xico, D.F.: Suprema Corte de Justicia de la Naci\u00f3n, Coordinaci\u00f3n de Compilaci\u00f3n y Sistematizaci\u00f3n de Tesis 2013. 308 pages Illus., Bibliography: p.291-308. Includes bibliographic references. ISBN 9786074685404.<\/p>\n<p>&nbsp;<\/p>\n","protected":false},"featured_media":76,"template":"","meta":{"_acf_changed":false,"inline_featured_image":false},"product_brand":[],"product_cat":[27],"product_tag":[3588,3593,3594],"class_list":{"0":"post-77","1":"product","2":"type-product","3":"status-publish","4":"has-post-thumbnail","6":"product_cat-historia","7":"product_tag-historia-constitucional","8":"product_tag-independencia","9":"product_tag-mexico","11":"first","12":"outofstock","13":"taxable","14":"shipping-taxable","15":"purchasable","16":"product-type-simple"},"acf":[],"yoast_head":"<!-- This site is optimized with the Yoast SEO plugin v27.3 - https:\/\/yoast.com\/product\/yoast-seo-wordpress\/ -->\n<title>Cortes de C\u00e1diz : \u00bfg\u00e9nesis y topos de liberalismo mexicano? - Books From Mexico<\/title>\n<meta name=\"description\" content=\"Juan Ignacio Hern\u00e1ndez Mora, M\u00e9xico, D.F.: Suprema Corte de Justicia de la Naci\u00f3n, Coordinaci\u00f3n de Compilaci\u00f3n y Sistematizaci\u00f3n de Tesis 2013.\" \/>\n<meta name=\"robots\" content=\"index, follow, max-snippet:-1, max-image-preview:large, max-video-preview:-1\" \/>\n<link rel=\"canonical\" href=\"https:\/\/booksfrommexico.com\/es\/producto\/cortes-de-cadiz-genesis-y-topos-de-liberalismo-mexicano-un-abordaje-analitico-del-discurso-politico-a-partir-de-dos-actores-fundamentales-jose-miguel-guridi-y-alcocer-y-miguel-ramos-arizpe\/\" \/>\n<meta property=\"og:locale\" content=\"es_ES\" \/>\n<meta property=\"og:type\" content=\"article\" \/>\n<meta property=\"og:title\" content=\"Cortes de C\u00e1diz : \u00bfg\u00e9nesis y topos de liberalismo mexicano? - Books From Mexico\" \/>\n<meta property=\"og:description\" content=\"Juan Ignacio Hern\u00e1ndez Mora, M\u00e9xico, D.F.: Suprema Corte de Justicia de la Naci\u00f3n, Coordinaci\u00f3n de Compilaci\u00f3n y Sistematizaci\u00f3n de Tesis 2013.\" \/>\n<meta property=\"og:url\" content=\"https:\/\/booksfrommexico.com\/es\/producto\/cortes-de-cadiz-genesis-y-topos-de-liberalismo-mexicano-un-abordaje-analitico-del-discurso-politico-a-partir-de-dos-actores-fundamentales-jose-miguel-guridi-y-alcocer-y-miguel-ramos-arizpe\/\" \/>\n<meta property=\"og:site_name\" content=\"Books From Mexico\" \/>\n<meta property=\"article:modified_time\" content=\"2023-12-06T18:10:28+00:00\" \/>\n<meta property=\"og:image\" content=\"http:\/\/booksfrommexico.com\/app\/uploads\/2023\/05\/169215-pdf.jpg\" \/>\n\t<meta property=\"og:image:width\" content=\"853\" \/>\n\t<meta property=\"og:image:height\" content=\"1216\" \/>\n\t<meta property=\"og:image:type\" content=\"image\/jpeg\" \/>\n<meta name=\"twitter:card\" content=\"summary_large_image\" \/>\n<meta name=\"twitter:label1\" content=\"Tiempo de lectura\" \/>\n\t<meta name=\"twitter:data1\" content=\"1 minuto\" \/>\n<script type=\"application\/ld+json\" class=\"yoast-schema-graph\">{\"@context\":\"https:\\\/\\\/schema.org\",\"@graph\":[{\"@type\":\"WebPage\",\"@id\":\"https:\\\/\\\/booksfrommexico.com\\\/es\\\/producto\\\/cortes-de-cadiz-genesis-y-topos-de-liberalismo-mexicano-un-abordaje-analitico-del-discurso-politico-a-partir-de-dos-actores-fundamentales-jose-miguel-guridi-y-alcocer-y-miguel-ramos-arizpe\\\/\",\"url\":\"https:\\\/\\\/booksfrommexico.com\\\/es\\\/producto\\\/cortes-de-cadiz-genesis-y-topos-de-liberalismo-mexicano-un-abordaje-analitico-del-discurso-politico-a-partir-de-dos-actores-fundamentales-jose-miguel-guridi-y-alcocer-y-miguel-ramos-arizpe\\\/\",\"name\":\"Cortes de C\u00e1diz : \u00bfg\u00e9nesis y topos de liberalismo mexicano? - Books From Mexico\",\"isPartOf\":{\"@id\":\"https:\\\/\\\/booksfrommexico.com\\\/#website\"},\"primaryImageOfPage\":{\"@id\":\"https:\\\/\\\/booksfrommexico.com\\\/es\\\/producto\\\/cortes-de-cadiz-genesis-y-topos-de-liberalismo-mexicano-un-abordaje-analitico-del-discurso-politico-a-partir-de-dos-actores-fundamentales-jose-miguel-guridi-y-alcocer-y-miguel-ramos-arizpe\\\/#primaryimage\"},\"image\":{\"@id\":\"https:\\\/\\\/booksfrommexico.com\\\/es\\\/producto\\\/cortes-de-cadiz-genesis-y-topos-de-liberalismo-mexicano-un-abordaje-analitico-del-discurso-politico-a-partir-de-dos-actores-fundamentales-jose-miguel-guridi-y-alcocer-y-miguel-ramos-arizpe\\\/#primaryimage\"},\"thumbnailUrl\":\"https:\\\/\\\/booksfrommexico.com\\\/app\\\/uploads\\\/2023\\\/05\\\/169215-pdf.jpg\",\"datePublished\":\"2023-05-08T16:08:11+00:00\",\"dateModified\":\"2023-12-06T18:10:28+00:00\",\"description\":\"Juan Ignacio Hern\u00e1ndez Mora, M\u00e9xico, D.F.: Suprema Corte de Justicia de la Naci\u00f3n, Coordinaci\u00f3n de Compilaci\u00f3n y Sistematizaci\u00f3n de Tesis 2013.\",\"breadcrumb\":{\"@id\":\"https:\\\/\\\/booksfrommexico.com\\\/es\\\/producto\\\/cortes-de-cadiz-genesis-y-topos-de-liberalismo-mexicano-un-abordaje-analitico-del-discurso-politico-a-partir-de-dos-actores-fundamentales-jose-miguel-guridi-y-alcocer-y-miguel-ramos-arizpe\\\/#breadcrumb\"},\"inLanguage\":\"es\",\"potentialAction\":[{\"@type\":\"ReadAction\",\"target\":[\"https:\\\/\\\/booksfrommexico.com\\\/es\\\/producto\\\/cortes-de-cadiz-genesis-y-topos-de-liberalismo-mexicano-un-abordaje-analitico-del-discurso-politico-a-partir-de-dos-actores-fundamentales-jose-miguel-guridi-y-alcocer-y-miguel-ramos-arizpe\\\/\"]}]},{\"@type\":\"ImageObject\",\"inLanguage\":\"es\",\"@id\":\"https:\\\/\\\/booksfrommexico.com\\\/es\\\/producto\\\/cortes-de-cadiz-genesis-y-topos-de-liberalismo-mexicano-un-abordaje-analitico-del-discurso-politico-a-partir-de-dos-actores-fundamentales-jose-miguel-guridi-y-alcocer-y-miguel-ramos-arizpe\\\/#primaryimage\",\"url\":\"https:\\\/\\\/booksfrommexico.com\\\/app\\\/uploads\\\/2023\\\/05\\\/169215-pdf.jpg\",\"contentUrl\":\"https:\\\/\\\/booksfrommexico.com\\\/app\\\/uploads\\\/2023\\\/05\\\/169215-pdf.jpg\",\"width\":853,\"height\":1216},{\"@type\":\"BreadcrumbList\",\"@id\":\"https:\\\/\\\/booksfrommexico.com\\\/es\\\/producto\\\/cortes-de-cadiz-genesis-y-topos-de-liberalismo-mexicano-un-abordaje-analitico-del-discurso-politico-a-partir-de-dos-actores-fundamentales-jose-miguel-guridi-y-alcocer-y-miguel-ramos-arizpe\\\/#breadcrumb\",\"itemListElement\":[{\"@type\":\"ListItem\",\"position\":1,\"name\":\"Home\",\"item\":\"https:\\\/\\\/booksfrommexico.com\\\/es\\\/\"},{\"@type\":\"ListItem\",\"position\":2,\"name\":\"Libros\",\"item\":\"https:\\\/\\\/booksfrommexico.com\\\/es\\\/libros\\\/\"},{\"@type\":\"ListItem\",\"position\":3,\"name\":\"Cortes de C\u00e1diz : \u00bfg\u00e9nesis y topos de liberalismo mexicano?\"}]},{\"@type\":\"WebSite\",\"@id\":\"https:\\\/\\\/booksfrommexico.com\\\/#website\",\"url\":\"https:\\\/\\\/booksfrommexico.com\\\/\",\"name\":\"Books From Mexico\",\"description\":\"\",\"publisher\":{\"@id\":\"https:\\\/\\\/booksfrommexico.com\\\/#organization\"},\"potentialAction\":[{\"@type\":\"SearchAction\",\"target\":{\"@type\":\"EntryPoint\",\"urlTemplate\":\"https:\\\/\\\/booksfrommexico.com\\\/?s={search_term_string}\"},\"query-input\":{\"@type\":\"PropertyValueSpecification\",\"valueRequired\":true,\"valueName\":\"search_term_string\"}}],\"inLanguage\":\"es\"},{\"@type\":\"Organization\",\"@id\":\"https:\\\/\\\/booksfrommexico.com\\\/#organization\",\"name\":\"Books From Mexico\",\"url\":\"https:\\\/\\\/booksfrommexico.com\\\/\",\"logo\":{\"@type\":\"ImageObject\",\"inLanguage\":\"es\",\"@id\":\"https:\\\/\\\/booksfrommexico.com\\\/#\\\/schema\\\/logo\\\/image\\\/\",\"url\":\"https:\\\/\\\/booksfrommexico.com\\\/app\\\/uploads\\\/2023\\\/05\\\/logo-booksfrommexico.svg\",\"contentUrl\":\"https:\\\/\\\/booksfrommexico.com\\\/app\\\/uploads\\\/2023\\\/05\\\/logo-booksfrommexico.svg\",\"width\":86,\"height\":56,\"caption\":\"Books From Mexico\"},\"image\":{\"@id\":\"https:\\\/\\\/booksfrommexico.com\\\/#\\\/schema\\\/logo\\\/image\\\/\"}}]}<\/script>\n<!-- \/ Yoast SEO plugin. -->","yoast_head_json":{"title":"Cortes de C\u00e1diz : \u00bfg\u00e9nesis y topos de liberalismo mexicano? - Books From Mexico","description":"Juan Ignacio Hern\u00e1ndez Mora, M\u00e9xico, D.F.: Suprema Corte de Justicia de la Naci\u00f3n, Coordinaci\u00f3n de Compilaci\u00f3n y Sistematizaci\u00f3n de Tesis 2013.","robots":{"index":"index","follow":"follow","max-snippet":"max-snippet:-1","max-image-preview":"max-image-preview:large","max-video-preview":"max-video-preview:-1"},"canonical":"https:\/\/booksfrommexico.com\/es\/producto\/cortes-de-cadiz-genesis-y-topos-de-liberalismo-mexicano-un-abordaje-analitico-del-discurso-politico-a-partir-de-dos-actores-fundamentales-jose-miguel-guridi-y-alcocer-y-miguel-ramos-arizpe\/","og_locale":"es_ES","og_type":"article","og_title":"Cortes de C\u00e1diz : \u00bfg\u00e9nesis y topos de liberalismo mexicano? - Books From Mexico","og_description":"Juan Ignacio Hern\u00e1ndez Mora, M\u00e9xico, D.F.: Suprema Corte de Justicia de la Naci\u00f3n, Coordinaci\u00f3n de Compilaci\u00f3n y Sistematizaci\u00f3n de Tesis 2013.","og_url":"https:\/\/booksfrommexico.com\/es\/producto\/cortes-de-cadiz-genesis-y-topos-de-liberalismo-mexicano-un-abordaje-analitico-del-discurso-politico-a-partir-de-dos-actores-fundamentales-jose-miguel-guridi-y-alcocer-y-miguel-ramos-arizpe\/","og_site_name":"Books From Mexico","article_modified_time":"2023-12-06T18:10:28+00:00","og_image":[{"width":853,"height":1216,"url":"http:\/\/booksfrommexico.com\/app\/uploads\/2023\/05\/169215-pdf.jpg","type":"image\/jpeg"}],"twitter_card":"summary_large_image","twitter_misc":{"Tiempo de lectura":"1 minuto"},"schema":{"@context":"https:\/\/schema.org","@graph":[{"@type":"WebPage","@id":"https:\/\/booksfrommexico.com\/es\/producto\/cortes-de-cadiz-genesis-y-topos-de-liberalismo-mexicano-un-abordaje-analitico-del-discurso-politico-a-partir-de-dos-actores-fundamentales-jose-miguel-guridi-y-alcocer-y-miguel-ramos-arizpe\/","url":"https:\/\/booksfrommexico.com\/es\/producto\/cortes-de-cadiz-genesis-y-topos-de-liberalismo-mexicano-un-abordaje-analitico-del-discurso-politico-a-partir-de-dos-actores-fundamentales-jose-miguel-guridi-y-alcocer-y-miguel-ramos-arizpe\/","name":"Cortes de C\u00e1diz : \u00bfg\u00e9nesis y topos de liberalismo mexicano? - Books From Mexico","isPartOf":{"@id":"https:\/\/booksfrommexico.com\/#website"},"primaryImageOfPage":{"@id":"https:\/\/booksfrommexico.com\/es\/producto\/cortes-de-cadiz-genesis-y-topos-de-liberalismo-mexicano-un-abordaje-analitico-del-discurso-politico-a-partir-de-dos-actores-fundamentales-jose-miguel-guridi-y-alcocer-y-miguel-ramos-arizpe\/#primaryimage"},"image":{"@id":"https:\/\/booksfrommexico.com\/es\/producto\/cortes-de-cadiz-genesis-y-topos-de-liberalismo-mexicano-un-abordaje-analitico-del-discurso-politico-a-partir-de-dos-actores-fundamentales-jose-miguel-guridi-y-alcocer-y-miguel-ramos-arizpe\/#primaryimage"},"thumbnailUrl":"https:\/\/booksfrommexico.com\/app\/uploads\/2023\/05\/169215-pdf.jpg","datePublished":"2023-05-08T16:08:11+00:00","dateModified":"2023-12-06T18:10:28+00:00","description":"Juan Ignacio Hern\u00e1ndez Mora, M\u00e9xico, D.F.: Suprema Corte de Justicia de la Naci\u00f3n, Coordinaci\u00f3n de Compilaci\u00f3n y Sistematizaci\u00f3n de Tesis 2013.","breadcrumb":{"@id":"https:\/\/booksfrommexico.com\/es\/producto\/cortes-de-cadiz-genesis-y-topos-de-liberalismo-mexicano-un-abordaje-analitico-del-discurso-politico-a-partir-de-dos-actores-fundamentales-jose-miguel-guridi-y-alcocer-y-miguel-ramos-arizpe\/#breadcrumb"},"inLanguage":"es","potentialAction":[{"@type":"ReadAction","target":["https:\/\/booksfrommexico.com\/es\/producto\/cortes-de-cadiz-genesis-y-topos-de-liberalismo-mexicano-un-abordaje-analitico-del-discurso-politico-a-partir-de-dos-actores-fundamentales-jose-miguel-guridi-y-alcocer-y-miguel-ramos-arizpe\/"]}]},{"@type":"ImageObject","inLanguage":"es","@id":"https:\/\/booksfrommexico.com\/es\/producto\/cortes-de-cadiz-genesis-y-topos-de-liberalismo-mexicano-un-abordaje-analitico-del-discurso-politico-a-partir-de-dos-actores-fundamentales-jose-miguel-guridi-y-alcocer-y-miguel-ramos-arizpe\/#primaryimage","url":"https:\/\/booksfrommexico.com\/app\/uploads\/2023\/05\/169215-pdf.jpg","contentUrl":"https:\/\/booksfrommexico.com\/app\/uploads\/2023\/05\/169215-pdf.jpg","width":853,"height":1216},{"@type":"BreadcrumbList","@id":"https:\/\/booksfrommexico.com\/es\/producto\/cortes-de-cadiz-genesis-y-topos-de-liberalismo-mexicano-un-abordaje-analitico-del-discurso-politico-a-partir-de-dos-actores-fundamentales-jose-miguel-guridi-y-alcocer-y-miguel-ramos-arizpe\/#breadcrumb","itemListElement":[{"@type":"ListItem","position":1,"name":"Home","item":"https:\/\/booksfrommexico.com\/es\/"},{"@type":"ListItem","position":2,"name":"Libros","item":"https:\/\/booksfrommexico.com\/es\/libros\/"},{"@type":"ListItem","position":3,"name":"Cortes de C\u00e1diz : \u00bfg\u00e9nesis y topos de liberalismo mexicano?"}]},{"@type":"WebSite","@id":"https:\/\/booksfrommexico.com\/#website","url":"https:\/\/booksfrommexico.com\/","name":"Books From Mexico","description":"","publisher":{"@id":"https:\/\/booksfrommexico.com\/#organization"},"potentialAction":[{"@type":"SearchAction","target":{"@type":"EntryPoint","urlTemplate":"https:\/\/booksfrommexico.com\/?s={search_term_string}"},"query-input":{"@type":"PropertyValueSpecification","valueRequired":true,"valueName":"search_term_string"}}],"inLanguage":"es"},{"@type":"Organization","@id":"https:\/\/booksfrommexico.com\/#organization","name":"Books From Mexico","url":"https:\/\/booksfrommexico.com\/","logo":{"@type":"ImageObject","inLanguage":"es","@id":"https:\/\/booksfrommexico.com\/#\/schema\/logo\/image\/","url":"https:\/\/booksfrommexico.com\/app\/uploads\/2023\/05\/logo-booksfrommexico.svg","contentUrl":"https:\/\/booksfrommexico.com\/app\/uploads\/2023\/05\/logo-booksfrommexico.svg","width":86,"height":56,"caption":"Books From Mexico"},"image":{"@id":"https:\/\/booksfrommexico.com\/#\/schema\/logo\/image\/"}}]}},"_links":{"self":[{"href":"https:\/\/booksfrommexico.com\/es\/wp-json\/wp\/v2\/product\/77","targetHints":{"allow":["GET"]}}],"collection":[{"href":"https:\/\/booksfrommexico.com\/es\/wp-json\/wp\/v2\/product"}],"about":[{"href":"https:\/\/booksfrommexico.com\/es\/wp-json\/wp\/v2\/types\/product"}],"wp:featuredmedia":[{"embeddable":true,"href":"https:\/\/booksfrommexico.com\/es\/wp-json\/wp\/v2\/media\/76"}],"wp:attachment":[{"href":"https:\/\/booksfrommexico.com\/es\/wp-json\/wp\/v2\/media?parent=77"}],"wp:term":[{"taxonomy":"product_brand","embeddable":true,"href":"https:\/\/booksfrommexico.com\/es\/wp-json\/wp\/v2\/product_brand?post=77"},{"taxonomy":"product_cat","embeddable":true,"href":"https:\/\/booksfrommexico.com\/es\/wp-json\/wp\/v2\/product_cat?post=77"},{"taxonomy":"product_tag","embeddable":true,"href":"https:\/\/booksfrommexico.com\/es\/wp-json\/wp\/v2\/product_tag?post=77"}],"curies":[{"name":"wp","href":"https:\/\/api.w.org\/{rel}","templated":true}]}}