{"id":772,"date":"2023-05-08T17:06:37","date_gmt":"2023-05-08T17:06:37","guid":{"rendered":"http:\/\/booksfrommexico.com\/product\/xxix-coloquio-internacional-de-historia-del-arte-miradas-disidentes-generos-y-sexo-en-la-historia-del\/"},"modified":"2024-07-03T20:42:36","modified_gmt":"2024-07-03T20:42:36","slug":"xxix-coloquio-internacional-de-historia-del-arte-miradas-disidentes-generos-y-sexo-en-la-historia-del","status":"publish","type":"product","link":"https:\/\/booksfrommexico.com\/es\/producto\/xxix-coloquio-internacional-de-historia-del-arte-miradas-disidentes-generos-y-sexo-en-la-historia-del\/","title":{"rendered":"Miradas disidentes: G\u00e9neros y sexo en la historia del arte"},"content":{"rendered":"<p><span style=\"font-weight: 400;\">En 1975 se comenz\u00f3 a realizar el coloquio anual donde los investigadores del Instituto de Investigaciones Est\u00e9ticas de la UNAM se re\u00fanen con colegas nacionales y extranjeros, as\u00ed como te\u00f3ricos que trabajan fuera del \u00e1mbito acad\u00e9micos para fomentar la relaci\u00f3n con otras instituciones, el an\u00e1lisis interdisciplinario, as\u00ed como la difusi\u00f3n de la tarea del cr\u00edtico y de la historia del arte. En este XXIX se tratan conceptos que han permeado la creatividad en el arte a lo largo de la historia y tambi\u00e9n han hecho mella en las reflexiones que en torno a las obras del arte han hecho observadores, cr\u00edticos e historiadores especializados.<\/span><\/p>\n<p>&nbsp;<\/p>\n","protected":false},"excerpt":{"rendered":"<p>XXIX COLOQUIO INTERNACIONAL DE HISTORIA DEL ARTE : MIRADAS DISIDENTES: G\u00c9NEROS Y SEXO EN LA HISTORIA DEL ARTE<span style=\"font-weight: 400;\">. \/ Alberto Dallal (editor). M\u00e9xico, D.F. : Universidad Nacional Aut\u00f3noma de M\u00e9xico , Instituto de Investigaciones Est\u00e9ticas, 2007. 406 pages : includes photos, bibliography at the end of each chapter ; 23 cm. (Coloquio Internacional de Historia del Arte). ISBN : 9789703231959.<\/span><\/p>\n","protected":false},"featured_media":771,"template":"","meta":{"_acf_changed":false,"inline_featured_image":false},"product_brand":[],"product_cat":[87,147,4267],"product_tag":[4044,4235],"class_list":{"0":"post-772","1":"product","2":"type-product","3":"status-publish","4":"has-post-thumbnail","6":"product_cat-arte","7":"product_cat-estudios-de-genero","8":"product_cat-historia-del-arte","9":"product_tag-arte","10":"product_tag-coloquios","12":"first","13":"instock","14":"taxable","15":"shipping-taxable","16":"purchasable","17":"product-type-simple"},"acf":[],"yoast_head":"<!-- This site is optimized with the Yoast SEO plugin v27.3 - https:\/\/yoast.com\/product\/yoast-seo-wordpress\/ -->\n<title>Miradas disidentes: G\u00e9neros y sexo en la historia del arte<\/title>\n<meta name=\"description\" content=\"XXIX COLOQUIO INTERNACIONAL DE HISTORIA DEL ARTE : MIRADAS DISIDENTES : G\u00c9NEROS Y SEXO EN LA HISTORIA DEL ARTE. \/ Alberto Dallal (editor). 2007.\" \/>\n<meta name=\"robots\" content=\"index, follow, max-snippet:-1, max-image-preview:large, max-video-preview:-1\" \/>\n<link rel=\"canonical\" href=\"https:\/\/booksfrommexico.com\/es\/producto\/xxix-coloquio-internacional-de-historia-del-arte-miradas-disidentes-generos-y-sexo-en-la-historia-del\/\" \/>\n<meta property=\"og:locale\" content=\"es_ES\" \/>\n<meta property=\"og:type\" content=\"article\" \/>\n<meta property=\"og:title\" content=\"Miradas disidentes: G\u00e9neros y sexo en la historia del arte\" \/>\n<meta property=\"og:description\" content=\"XXIX COLOQUIO INTERNACIONAL DE HISTORIA DEL ARTE : MIRADAS DISIDENTES : G\u00c9NEROS Y SEXO EN LA HISTORIA DEL ARTE. \/ Alberto Dallal (editor). 2007.\" \/>\n<meta property=\"og:url\" content=\"https:\/\/booksfrommexico.com\/es\/producto\/xxix-coloquio-internacional-de-historia-del-arte-miradas-disidentes-generos-y-sexo-en-la-historia-del\/\" \/>\n<meta property=\"og:site_name\" content=\"Books From Mexico\" \/>\n<meta property=\"article:modified_time\" content=\"2024-07-03T20:42:36+00:00\" \/>\n<meta property=\"og:image\" content=\"http:\/\/booksfrommexico.com\/app\/uploads\/2023\/05\/137985.jpeg\" \/>\n\t<meta property=\"og:image:width\" content=\"484\" \/>\n\t<meta property=\"og:image:height\" content=\"670\" \/>\n\t<meta property=\"og:image:type\" content=\"image\/jpeg\" \/>\n<meta name=\"twitter:card\" content=\"summary_large_image\" \/>\n<meta name=\"twitter:label1\" content=\"Tiempo de lectura\" \/>\n\t<meta name=\"twitter:data1\" content=\"1 minuto\" \/>\n<script type=\"application\/ld+json\" class=\"yoast-schema-graph\">{\"@context\":\"https:\\\/\\\/schema.org\",\"@graph\":[{\"@type\":\"WebPage\",\"@id\":\"https:\\\/\\\/booksfrommexico.com\\\/es\\\/producto\\\/xxix-coloquio-internacional-de-historia-del-arte-miradas-disidentes-generos-y-sexo-en-la-historia-del\\\/\",\"url\":\"https:\\\/\\\/booksfrommexico.com\\\/es\\\/producto\\\/xxix-coloquio-internacional-de-historia-del-arte-miradas-disidentes-generos-y-sexo-en-la-historia-del\\\/\",\"name\":\"Miradas disidentes: G\u00e9neros y sexo en la historia del arte\",\"isPartOf\":{\"@id\":\"https:\\\/\\\/booksfrommexico.com\\\/#website\"},\"primaryImageOfPage\":{\"@id\":\"https:\\\/\\\/booksfrommexico.com\\\/es\\\/producto\\\/xxix-coloquio-internacional-de-historia-del-arte-miradas-disidentes-generos-y-sexo-en-la-historia-del\\\/#primaryimage\"},\"image\":{\"@id\":\"https:\\\/\\\/booksfrommexico.com\\\/es\\\/producto\\\/xxix-coloquio-internacional-de-historia-del-arte-miradas-disidentes-generos-y-sexo-en-la-historia-del\\\/#primaryimage\"},\"thumbnailUrl\":\"https:\\\/\\\/booksfrommexico.com\\\/app\\\/uploads\\\/2023\\\/05\\\/137985.jpeg\",\"datePublished\":\"2023-05-08T17:06:37+00:00\",\"dateModified\":\"2024-07-03T20:42:36+00:00\",\"description\":\"XXIX COLOQUIO INTERNACIONAL DE HISTORIA DEL ARTE : MIRADAS DISIDENTES : G\u00c9NEROS Y SEXO EN LA HISTORIA DEL ARTE. \\\/ Alberto Dallal (editor). 2007.\",\"breadcrumb\":{\"@id\":\"https:\\\/\\\/booksfrommexico.com\\\/es\\\/producto\\\/xxix-coloquio-internacional-de-historia-del-arte-miradas-disidentes-generos-y-sexo-en-la-historia-del\\\/#breadcrumb\"},\"inLanguage\":\"es\",\"potentialAction\":[{\"@type\":\"ReadAction\",\"target\":[\"https:\\\/\\\/booksfrommexico.com\\\/es\\\/producto\\\/xxix-coloquio-internacional-de-historia-del-arte-miradas-disidentes-generos-y-sexo-en-la-historia-del\\\/\"]}]},{\"@type\":\"ImageObject\",\"inLanguage\":\"es\",\"@id\":\"https:\\\/\\\/booksfrommexico.com\\\/es\\\/producto\\\/xxix-coloquio-internacional-de-historia-del-arte-miradas-disidentes-generos-y-sexo-en-la-historia-del\\\/#primaryimage\",\"url\":\"https:\\\/\\\/booksfrommexico.com\\\/app\\\/uploads\\\/2023\\\/05\\\/137985.jpeg\",\"contentUrl\":\"https:\\\/\\\/booksfrommexico.com\\\/app\\\/uploads\\\/2023\\\/05\\\/137985.jpeg\",\"width\":484,\"height\":670,\"caption\":\"Miradas disidentes: G\u00e9neros y sexo en la historia del arte. Books From M\u00e9xico\"},{\"@type\":\"BreadcrumbList\",\"@id\":\"https:\\\/\\\/booksfrommexico.com\\\/es\\\/producto\\\/xxix-coloquio-internacional-de-historia-del-arte-miradas-disidentes-generos-y-sexo-en-la-historia-del\\\/#breadcrumb\",\"itemListElement\":[{\"@type\":\"ListItem\",\"position\":1,\"name\":\"Home\",\"item\":\"https:\\\/\\\/booksfrommexico.com\\\/es\\\/\"},{\"@type\":\"ListItem\",\"position\":2,\"name\":\"Libros\",\"item\":\"https:\\\/\\\/booksfrommexico.com\\\/es\\\/libros\\\/\"},{\"@type\":\"ListItem\",\"position\":3,\"name\":\"Miradas disidentes: G\u00e9neros y sexo en la historia del arte\"}]},{\"@type\":\"WebSite\",\"@id\":\"https:\\\/\\\/booksfrommexico.com\\\/#website\",\"url\":\"https:\\\/\\\/booksfrommexico.com\\\/\",\"name\":\"Books From Mexico\",\"description\":\"\",\"publisher\":{\"@id\":\"https:\\\/\\\/booksfrommexico.com\\\/#organization\"},\"potentialAction\":[{\"@type\":\"SearchAction\",\"target\":{\"@type\":\"EntryPoint\",\"urlTemplate\":\"https:\\\/\\\/booksfrommexico.com\\\/?s={search_term_string}\"},\"query-input\":{\"@type\":\"PropertyValueSpecification\",\"valueRequired\":true,\"valueName\":\"search_term_string\"}}],\"inLanguage\":\"es\"},{\"@type\":\"Organization\",\"@id\":\"https:\\\/\\\/booksfrommexico.com\\\/#organization\",\"name\":\"Books From Mexico\",\"url\":\"https:\\\/\\\/booksfrommexico.com\\\/\",\"logo\":{\"@type\":\"ImageObject\",\"inLanguage\":\"es\",\"@id\":\"https:\\\/\\\/booksfrommexico.com\\\/#\\\/schema\\\/logo\\\/image\\\/\",\"url\":\"https:\\\/\\\/booksfrommexico.com\\\/app\\\/uploads\\\/2023\\\/05\\\/logo-booksfrommexico.svg\",\"contentUrl\":\"https:\\\/\\\/booksfrommexico.com\\\/app\\\/uploads\\\/2023\\\/05\\\/logo-booksfrommexico.svg\",\"width\":86,\"height\":56,\"caption\":\"Books From Mexico\"},\"image\":{\"@id\":\"https:\\\/\\\/booksfrommexico.com\\\/#\\\/schema\\\/logo\\\/image\\\/\"}}]}<\/script>\n<!-- \/ Yoast SEO plugin. -->","yoast_head_json":{"title":"Miradas disidentes: G\u00e9neros y sexo en la historia del arte","description":"XXIX COLOQUIO INTERNACIONAL DE HISTORIA DEL ARTE : MIRADAS DISIDENTES : G\u00c9NEROS Y SEXO EN LA HISTORIA DEL ARTE. \/ Alberto Dallal (editor). 2007.","robots":{"index":"index","follow":"follow","max-snippet":"max-snippet:-1","max-image-preview":"max-image-preview:large","max-video-preview":"max-video-preview:-1"},"canonical":"https:\/\/booksfrommexico.com\/es\/producto\/xxix-coloquio-internacional-de-historia-del-arte-miradas-disidentes-generos-y-sexo-en-la-historia-del\/","og_locale":"es_ES","og_type":"article","og_title":"Miradas disidentes: G\u00e9neros y sexo en la historia del arte","og_description":"XXIX COLOQUIO INTERNACIONAL DE HISTORIA DEL ARTE : MIRADAS DISIDENTES : G\u00c9NEROS Y SEXO EN LA HISTORIA DEL ARTE. \/ Alberto Dallal (editor). 2007.","og_url":"https:\/\/booksfrommexico.com\/es\/producto\/xxix-coloquio-internacional-de-historia-del-arte-miradas-disidentes-generos-y-sexo-en-la-historia-del\/","og_site_name":"Books From Mexico","article_modified_time":"2024-07-03T20:42:36+00:00","og_image":[{"width":484,"height":670,"url":"http:\/\/booksfrommexico.com\/app\/uploads\/2023\/05\/137985.jpeg","type":"image\/jpeg"}],"twitter_card":"summary_large_image","twitter_misc":{"Tiempo de lectura":"1 minuto"},"schema":{"@context":"https:\/\/schema.org","@graph":[{"@type":"WebPage","@id":"https:\/\/booksfrommexico.com\/es\/producto\/xxix-coloquio-internacional-de-historia-del-arte-miradas-disidentes-generos-y-sexo-en-la-historia-del\/","url":"https:\/\/booksfrommexico.com\/es\/producto\/xxix-coloquio-internacional-de-historia-del-arte-miradas-disidentes-generos-y-sexo-en-la-historia-del\/","name":"Miradas disidentes: G\u00e9neros y sexo en la historia del arte","isPartOf":{"@id":"https:\/\/booksfrommexico.com\/#website"},"primaryImageOfPage":{"@id":"https:\/\/booksfrommexico.com\/es\/producto\/xxix-coloquio-internacional-de-historia-del-arte-miradas-disidentes-generos-y-sexo-en-la-historia-del\/#primaryimage"},"image":{"@id":"https:\/\/booksfrommexico.com\/es\/producto\/xxix-coloquio-internacional-de-historia-del-arte-miradas-disidentes-generos-y-sexo-en-la-historia-del\/#primaryimage"},"thumbnailUrl":"https:\/\/booksfrommexico.com\/app\/uploads\/2023\/05\/137985.jpeg","datePublished":"2023-05-08T17:06:37+00:00","dateModified":"2024-07-03T20:42:36+00:00","description":"XXIX COLOQUIO INTERNACIONAL DE HISTORIA DEL ARTE : MIRADAS DISIDENTES : G\u00c9NEROS Y SEXO EN LA HISTORIA DEL ARTE. \/ Alberto Dallal (editor). 2007.","breadcrumb":{"@id":"https:\/\/booksfrommexico.com\/es\/producto\/xxix-coloquio-internacional-de-historia-del-arte-miradas-disidentes-generos-y-sexo-en-la-historia-del\/#breadcrumb"},"inLanguage":"es","potentialAction":[{"@type":"ReadAction","target":["https:\/\/booksfrommexico.com\/es\/producto\/xxix-coloquio-internacional-de-historia-del-arte-miradas-disidentes-generos-y-sexo-en-la-historia-del\/"]}]},{"@type":"ImageObject","inLanguage":"es","@id":"https:\/\/booksfrommexico.com\/es\/producto\/xxix-coloquio-internacional-de-historia-del-arte-miradas-disidentes-generos-y-sexo-en-la-historia-del\/#primaryimage","url":"https:\/\/booksfrommexico.com\/app\/uploads\/2023\/05\/137985.jpeg","contentUrl":"https:\/\/booksfrommexico.com\/app\/uploads\/2023\/05\/137985.jpeg","width":484,"height":670,"caption":"Miradas disidentes: G\u00e9neros y sexo en la historia del arte. Books From M\u00e9xico"},{"@type":"BreadcrumbList","@id":"https:\/\/booksfrommexico.com\/es\/producto\/xxix-coloquio-internacional-de-historia-del-arte-miradas-disidentes-generos-y-sexo-en-la-historia-del\/#breadcrumb","itemListElement":[{"@type":"ListItem","position":1,"name":"Home","item":"https:\/\/booksfrommexico.com\/es\/"},{"@type":"ListItem","position":2,"name":"Libros","item":"https:\/\/booksfrommexico.com\/es\/libros\/"},{"@type":"ListItem","position":3,"name":"Miradas disidentes: G\u00e9neros y sexo en la historia del arte"}]},{"@type":"WebSite","@id":"https:\/\/booksfrommexico.com\/#website","url":"https:\/\/booksfrommexico.com\/","name":"Books From Mexico","description":"","publisher":{"@id":"https:\/\/booksfrommexico.com\/#organization"},"potentialAction":[{"@type":"SearchAction","target":{"@type":"EntryPoint","urlTemplate":"https:\/\/booksfrommexico.com\/?s={search_term_string}"},"query-input":{"@type":"PropertyValueSpecification","valueRequired":true,"valueName":"search_term_string"}}],"inLanguage":"es"},{"@type":"Organization","@id":"https:\/\/booksfrommexico.com\/#organization","name":"Books From Mexico","url":"https:\/\/booksfrommexico.com\/","logo":{"@type":"ImageObject","inLanguage":"es","@id":"https:\/\/booksfrommexico.com\/#\/schema\/logo\/image\/","url":"https:\/\/booksfrommexico.com\/app\/uploads\/2023\/05\/logo-booksfrommexico.svg","contentUrl":"https:\/\/booksfrommexico.com\/app\/uploads\/2023\/05\/logo-booksfrommexico.svg","width":86,"height":56,"caption":"Books From Mexico"},"image":{"@id":"https:\/\/booksfrommexico.com\/#\/schema\/logo\/image\/"}}]}},"_links":{"self":[{"href":"https:\/\/booksfrommexico.com\/es\/wp-json\/wp\/v2\/product\/772","targetHints":{"allow":["GET"]}}],"collection":[{"href":"https:\/\/booksfrommexico.com\/es\/wp-json\/wp\/v2\/product"}],"about":[{"href":"https:\/\/booksfrommexico.com\/es\/wp-json\/wp\/v2\/types\/product"}],"wp:featuredmedia":[{"embeddable":true,"href":"https:\/\/booksfrommexico.com\/es\/wp-json\/wp\/v2\/media\/771"}],"wp:attachment":[{"href":"https:\/\/booksfrommexico.com\/es\/wp-json\/wp\/v2\/media?parent=772"}],"wp:term":[{"taxonomy":"product_brand","embeddable":true,"href":"https:\/\/booksfrommexico.com\/es\/wp-json\/wp\/v2\/product_brand?post=772"},{"taxonomy":"product_cat","embeddable":true,"href":"https:\/\/booksfrommexico.com\/es\/wp-json\/wp\/v2\/product_cat?post=772"},{"taxonomy":"product_tag","embeddable":true,"href":"https:\/\/booksfrommexico.com\/es\/wp-json\/wp\/v2\/product_tag?post=772"}],"curies":[{"name":"wp","href":"https:\/\/api.w.org\/{rel}","templated":true}]}}