{"id":774,"date":"2023-05-08T17:06:38","date_gmt":"2023-05-08T17:06:38","guid":{"rendered":"http:\/\/booksfrommexico.com\/product\/la-guerrilla-recurrente\/"},"modified":"2024-07-02T23:50:28","modified_gmt":"2024-07-02T23:50:28","slug":"la-guerrilla-recurrente","status":"publish","type":"product","link":"https:\/\/booksfrommexico.com\/es\/producto\/la-guerrilla-recurrente\/","title":{"rendered":"La guerrilla recurrente"},"content":{"rendered":"<p><span style=\"font-weight: 400;\">Compilaci\u00f3n de una serie de ensayos en los que el autor plantea, de manera l\u00facida y esclarecedora, el car\u00e1cter recurrente que determina la l\u00f3gica del conflicto pol\u00edtico, al tiempo que desentra\u00f1a el contenido, las motivaciones y la evoluci\u00f3n de la guerra. Podr\u00edan considerarse textos fundamentales para entender el M\u00e9xico actual, desde las luchas estudiantiles y las guerras campesinas \u2013donde el EPR juega un papel de primer orden\u2013 hasta la represi\u00f3n estatal, el narcotr\u00e1fico y la evoluci\u00f3n del ej\u00e9rcito y de los \u00f3rganos de seguridad nacional. Se reitera adem\u00e1s el velo que cubre el discurso del poder y el de quienes se enfrentan a \u00e9ste.<\/span><\/p>\n","protected":false},"excerpt":{"rendered":"<p>LA GUERRILLA RECURRENTE<span style=\"font-weight: 400;\">. \/ Carlos Montemayor. M\u00e9xico, D.F. : Debate, 2007. 278 pages : includes references, illustrations ; 23 cm. ISBN : 9789707803244.<\/span><\/p>\n<p><br style=\"font-weight: 400;\" \/><br style=\"font-weight: 400;\" \/><\/p>\n","protected":false},"featured_media":773,"template":"","meta":{"_acf_changed":false,"inline_featured_image":false},"product_brand":[],"product_cat":[26,78],"product_tag":[3855,4365,4434],"class_list":{"0":"post-774","1":"product","2":"type-product","3":"status-publish","4":"has-post-thumbnail","6":"product_cat-ensayo-literatura","7":"product_cat-sociologia","8":"product_tag-ensayos","9":"product_tag-guerrilla","10":"product_tag-movimientos-sociales","12":"first","13":"instock","14":"taxable","15":"shipping-taxable","16":"purchasable","17":"product-type-simple"},"acf":[],"yoast_head":"<!-- This site is optimized with the Yoast SEO plugin v27.3 - https:\/\/yoast.com\/product\/yoast-seo-wordpress\/ -->\n<title>La guerrilla recurrente<\/title>\n<meta name=\"description\" content=\"LA GUERRILLA RECURRENTE. \/ Carlos Montemayor. M\u00e9xico, D.F. : Debate, 2007. 278 pages : includes references, illustrations ; 23 cm. ISBN : 9789707803244.\" \/>\n<meta name=\"robots\" content=\"index, follow, max-snippet:-1, max-image-preview:large, max-video-preview:-1\" \/>\n<link rel=\"canonical\" href=\"https:\/\/booksfrommexico.com\/es\/producto\/la-guerrilla-recurrente\/\" \/>\n<meta property=\"og:locale\" content=\"es_ES\" \/>\n<meta property=\"og:type\" content=\"article\" \/>\n<meta property=\"og:title\" content=\"La guerrilla recurrente\" \/>\n<meta property=\"og:description\" content=\"LA GUERRILLA RECURRENTE. \/ Carlos Montemayor. M\u00e9xico, D.F. : Debate, 2007. 278 pages : includes references, illustrations ; 23 cm. ISBN : 9789707803244.\" \/>\n<meta property=\"og:url\" content=\"https:\/\/booksfrommexico.com\/es\/producto\/la-guerrilla-recurrente\/\" \/>\n<meta property=\"og:site_name\" content=\"Books From Mexico\" \/>\n<meta property=\"article:modified_time\" content=\"2024-07-02T23:50:28+00:00\" \/>\n<meta property=\"og:image\" content=\"http:\/\/booksfrommexico.com\/app\/uploads\/2023\/05\/138103.jpeg\" \/>\n\t<meta property=\"og:image:width\" content=\"438\" \/>\n\t<meta property=\"og:image:height\" content=\"668\" \/>\n\t<meta property=\"og:image:type\" content=\"image\/jpeg\" \/>\n<meta name=\"twitter:card\" content=\"summary_large_image\" \/>\n<meta name=\"twitter:label1\" content=\"Tiempo de lectura\" \/>\n\t<meta name=\"twitter:data1\" content=\"1 minuto\" \/>\n<script type=\"application\/ld+json\" class=\"yoast-schema-graph\">{\"@context\":\"https:\\\/\\\/schema.org\",\"@graph\":[{\"@type\":\"WebPage\",\"@id\":\"https:\\\/\\\/booksfrommexico.com\\\/es\\\/producto\\\/la-guerrilla-recurrente\\\/\",\"url\":\"https:\\\/\\\/booksfrommexico.com\\\/es\\\/producto\\\/la-guerrilla-recurrente\\\/\",\"name\":\"La guerrilla recurrente\",\"isPartOf\":{\"@id\":\"https:\\\/\\\/booksfrommexico.com\\\/#website\"},\"primaryImageOfPage\":{\"@id\":\"https:\\\/\\\/booksfrommexico.com\\\/es\\\/producto\\\/la-guerrilla-recurrente\\\/#primaryimage\"},\"image\":{\"@id\":\"https:\\\/\\\/booksfrommexico.com\\\/es\\\/producto\\\/la-guerrilla-recurrente\\\/#primaryimage\"},\"thumbnailUrl\":\"https:\\\/\\\/booksfrommexico.com\\\/app\\\/uploads\\\/2023\\\/05\\\/138103.jpeg\",\"datePublished\":\"2023-05-08T17:06:38+00:00\",\"dateModified\":\"2024-07-02T23:50:28+00:00\",\"description\":\"LA GUERRILLA RECURRENTE. \\\/ Carlos Montemayor. M\u00e9xico, D.F. : Debate, 2007. 278 pages : includes references, illustrations ; 23 cm. ISBN : 9789707803244.\",\"breadcrumb\":{\"@id\":\"https:\\\/\\\/booksfrommexico.com\\\/es\\\/producto\\\/la-guerrilla-recurrente\\\/#breadcrumb\"},\"inLanguage\":\"es\",\"potentialAction\":[{\"@type\":\"ReadAction\",\"target\":[\"https:\\\/\\\/booksfrommexico.com\\\/es\\\/producto\\\/la-guerrilla-recurrente\\\/\"]}]},{\"@type\":\"ImageObject\",\"inLanguage\":\"es\",\"@id\":\"https:\\\/\\\/booksfrommexico.com\\\/es\\\/producto\\\/la-guerrilla-recurrente\\\/#primaryimage\",\"url\":\"https:\\\/\\\/booksfrommexico.com\\\/app\\\/uploads\\\/2023\\\/05\\\/138103.jpeg\",\"contentUrl\":\"https:\\\/\\\/booksfrommexico.com\\\/app\\\/uploads\\\/2023\\\/05\\\/138103.jpeg\",\"width\":438,\"height\":668,\"caption\":\"La Guerrilla recurrente. Books From M\u00e9xico.\"},{\"@type\":\"BreadcrumbList\",\"@id\":\"https:\\\/\\\/booksfrommexico.com\\\/es\\\/producto\\\/la-guerrilla-recurrente\\\/#breadcrumb\",\"itemListElement\":[{\"@type\":\"ListItem\",\"position\":1,\"name\":\"Home\",\"item\":\"https:\\\/\\\/booksfrommexico.com\\\/es\\\/\"},{\"@type\":\"ListItem\",\"position\":2,\"name\":\"Libros\",\"item\":\"https:\\\/\\\/booksfrommexico.com\\\/es\\\/libros\\\/\"},{\"@type\":\"ListItem\",\"position\":3,\"name\":\"La guerrilla recurrente\"}]},{\"@type\":\"WebSite\",\"@id\":\"https:\\\/\\\/booksfrommexico.com\\\/#website\",\"url\":\"https:\\\/\\\/booksfrommexico.com\\\/\",\"name\":\"Books From Mexico\",\"description\":\"\",\"publisher\":{\"@id\":\"https:\\\/\\\/booksfrommexico.com\\\/#organization\"},\"potentialAction\":[{\"@type\":\"SearchAction\",\"target\":{\"@type\":\"EntryPoint\",\"urlTemplate\":\"https:\\\/\\\/booksfrommexico.com\\\/?s={search_term_string}\"},\"query-input\":{\"@type\":\"PropertyValueSpecification\",\"valueRequired\":true,\"valueName\":\"search_term_string\"}}],\"inLanguage\":\"es\"},{\"@type\":\"Organization\",\"@id\":\"https:\\\/\\\/booksfrommexico.com\\\/#organization\",\"name\":\"Books From Mexico\",\"url\":\"https:\\\/\\\/booksfrommexico.com\\\/\",\"logo\":{\"@type\":\"ImageObject\",\"inLanguage\":\"es\",\"@id\":\"https:\\\/\\\/booksfrommexico.com\\\/#\\\/schema\\\/logo\\\/image\\\/\",\"url\":\"https:\\\/\\\/booksfrommexico.com\\\/app\\\/uploads\\\/2023\\\/05\\\/logo-booksfrommexico.svg\",\"contentUrl\":\"https:\\\/\\\/booksfrommexico.com\\\/app\\\/uploads\\\/2023\\\/05\\\/logo-booksfrommexico.svg\",\"width\":86,\"height\":56,\"caption\":\"Books From Mexico\"},\"image\":{\"@id\":\"https:\\\/\\\/booksfrommexico.com\\\/#\\\/schema\\\/logo\\\/image\\\/\"}}]}<\/script>\n<!-- \/ Yoast SEO plugin. -->","yoast_head_json":{"title":"La guerrilla recurrente","description":"LA GUERRILLA RECURRENTE. \/ Carlos Montemayor. M\u00e9xico, D.F. : Debate, 2007. 278 pages : includes references, illustrations ; 23 cm. ISBN : 9789707803244.","robots":{"index":"index","follow":"follow","max-snippet":"max-snippet:-1","max-image-preview":"max-image-preview:large","max-video-preview":"max-video-preview:-1"},"canonical":"https:\/\/booksfrommexico.com\/es\/producto\/la-guerrilla-recurrente\/","og_locale":"es_ES","og_type":"article","og_title":"La guerrilla recurrente","og_description":"LA GUERRILLA RECURRENTE. \/ Carlos Montemayor. M\u00e9xico, D.F. : Debate, 2007. 278 pages : includes references, illustrations ; 23 cm. ISBN : 9789707803244.","og_url":"https:\/\/booksfrommexico.com\/es\/producto\/la-guerrilla-recurrente\/","og_site_name":"Books From Mexico","article_modified_time":"2024-07-02T23:50:28+00:00","og_image":[{"width":438,"height":668,"url":"http:\/\/booksfrommexico.com\/app\/uploads\/2023\/05\/138103.jpeg","type":"image\/jpeg"}],"twitter_card":"summary_large_image","twitter_misc":{"Tiempo de lectura":"1 minuto"},"schema":{"@context":"https:\/\/schema.org","@graph":[{"@type":"WebPage","@id":"https:\/\/booksfrommexico.com\/es\/producto\/la-guerrilla-recurrente\/","url":"https:\/\/booksfrommexico.com\/es\/producto\/la-guerrilla-recurrente\/","name":"La guerrilla recurrente","isPartOf":{"@id":"https:\/\/booksfrommexico.com\/#website"},"primaryImageOfPage":{"@id":"https:\/\/booksfrommexico.com\/es\/producto\/la-guerrilla-recurrente\/#primaryimage"},"image":{"@id":"https:\/\/booksfrommexico.com\/es\/producto\/la-guerrilla-recurrente\/#primaryimage"},"thumbnailUrl":"https:\/\/booksfrommexico.com\/app\/uploads\/2023\/05\/138103.jpeg","datePublished":"2023-05-08T17:06:38+00:00","dateModified":"2024-07-02T23:50:28+00:00","description":"LA GUERRILLA RECURRENTE. \/ Carlos Montemayor. M\u00e9xico, D.F. : Debate, 2007. 278 pages : includes references, illustrations ; 23 cm. ISBN : 9789707803244.","breadcrumb":{"@id":"https:\/\/booksfrommexico.com\/es\/producto\/la-guerrilla-recurrente\/#breadcrumb"},"inLanguage":"es","potentialAction":[{"@type":"ReadAction","target":["https:\/\/booksfrommexico.com\/es\/producto\/la-guerrilla-recurrente\/"]}]},{"@type":"ImageObject","inLanguage":"es","@id":"https:\/\/booksfrommexico.com\/es\/producto\/la-guerrilla-recurrente\/#primaryimage","url":"https:\/\/booksfrommexico.com\/app\/uploads\/2023\/05\/138103.jpeg","contentUrl":"https:\/\/booksfrommexico.com\/app\/uploads\/2023\/05\/138103.jpeg","width":438,"height":668,"caption":"La Guerrilla recurrente. Books From M\u00e9xico."},{"@type":"BreadcrumbList","@id":"https:\/\/booksfrommexico.com\/es\/producto\/la-guerrilla-recurrente\/#breadcrumb","itemListElement":[{"@type":"ListItem","position":1,"name":"Home","item":"https:\/\/booksfrommexico.com\/es\/"},{"@type":"ListItem","position":2,"name":"Libros","item":"https:\/\/booksfrommexico.com\/es\/libros\/"},{"@type":"ListItem","position":3,"name":"La guerrilla recurrente"}]},{"@type":"WebSite","@id":"https:\/\/booksfrommexico.com\/#website","url":"https:\/\/booksfrommexico.com\/","name":"Books From Mexico","description":"","publisher":{"@id":"https:\/\/booksfrommexico.com\/#organization"},"potentialAction":[{"@type":"SearchAction","target":{"@type":"EntryPoint","urlTemplate":"https:\/\/booksfrommexico.com\/?s={search_term_string}"},"query-input":{"@type":"PropertyValueSpecification","valueRequired":true,"valueName":"search_term_string"}}],"inLanguage":"es"},{"@type":"Organization","@id":"https:\/\/booksfrommexico.com\/#organization","name":"Books From Mexico","url":"https:\/\/booksfrommexico.com\/","logo":{"@type":"ImageObject","inLanguage":"es","@id":"https:\/\/booksfrommexico.com\/#\/schema\/logo\/image\/","url":"https:\/\/booksfrommexico.com\/app\/uploads\/2023\/05\/logo-booksfrommexico.svg","contentUrl":"https:\/\/booksfrommexico.com\/app\/uploads\/2023\/05\/logo-booksfrommexico.svg","width":86,"height":56,"caption":"Books From Mexico"},"image":{"@id":"https:\/\/booksfrommexico.com\/#\/schema\/logo\/image\/"}}]}},"_links":{"self":[{"href":"https:\/\/booksfrommexico.com\/es\/wp-json\/wp\/v2\/product\/774","targetHints":{"allow":["GET"]}}],"collection":[{"href":"https:\/\/booksfrommexico.com\/es\/wp-json\/wp\/v2\/product"}],"about":[{"href":"https:\/\/booksfrommexico.com\/es\/wp-json\/wp\/v2\/types\/product"}],"wp:featuredmedia":[{"embeddable":true,"href":"https:\/\/booksfrommexico.com\/es\/wp-json\/wp\/v2\/media\/773"}],"wp:attachment":[{"href":"https:\/\/booksfrommexico.com\/es\/wp-json\/wp\/v2\/media?parent=774"}],"wp:term":[{"taxonomy":"product_brand","embeddable":true,"href":"https:\/\/booksfrommexico.com\/es\/wp-json\/wp\/v2\/product_brand?post=774"},{"taxonomy":"product_cat","embeddable":true,"href":"https:\/\/booksfrommexico.com\/es\/wp-json\/wp\/v2\/product_cat?post=774"},{"taxonomy":"product_tag","embeddable":true,"href":"https:\/\/booksfrommexico.com\/es\/wp-json\/wp\/v2\/product_tag?post=774"}],"curies":[{"name":"wp","href":"https:\/\/api.w.org\/{rel}","templated":true}]}}