{"id":776,"date":"2023-05-08T17:06:40","date_gmt":"2023-05-08T17:06:40","guid":{"rendered":"http:\/\/booksfrommexico.com\/product\/voz-y-voto-politica-y-elecciones-numero-181-marzo-2008\/"},"modified":"2024-11-12T19:54:47","modified_gmt":"2024-11-12T19:54:47","slug":"voz-y-voto-politica-y-elecciones-numero-181-marzo-2008","status":"publish","type":"product","link":"https:\/\/booksfrommexico.com\/es\/producto\/voz-y-voto-politica-y-elecciones-numero-181-marzo-2008\/","title":{"rendered":"Tridimensi\u00f3n c\u00f3smica otom\u00ed"},"content":{"rendered":"<p><span style=\"font-weight: 400;\">Este texto presenta una visi\u00f3n del mundo \u00f1uhu (otom\u00ed) con una estructura tridimensional: padre-madre-hijo, sol-fuego-rayo, caliente-fr\u00edo-fresco, cosmos-Tierra-humano, por definir algunos aspectos. Aqu\u00ed se muestra, mediante las estructuras mismas de la lengua otomiana, la tradici\u00f3n viviente y algunos textos que, pese a la presencia evidente del pensamiento trinitario, quienes lo escribieron optaron mejor por ce\u00f1irse a las disposiciones reinantes dise\u00f1adas por las ahora investigaciones cl\u00e1sicas. Se muestran tambi\u00e9n otras ideas medulares entre otom\u00edes en su visi\u00f3n del mundo, as\u00ed como un sistema de pensamiento diferente al planteado por la raz\u00f3n, ciencia y el mundo occidental.<\/span><\/p>\n","protected":false},"excerpt":{"rendered":"<p>TRIDIMENSI\u00d3N C\u00d3SMICA OTOM\u00cd : APORTES AL CONOCIMIENTO DE SU CULTURA<span style=\"font-weight: 400;\">. \/ Luis P\u00e9rez Lugo. Chapingo, Estado de M\u00e9xico : Universidad Aut\u00f3noma Chapingo; M\u00e9xico, D.F. : Plaza y Vald\u00e9s, 2007. 173 pages : includes bibliography ; 21 cm. (Colecci\u00f3n Sociolog\u00eda). ISBN : 9789707226562.<\/span><\/p>\n<p><br style=\"font-weight: 400;\" \/><br style=\"font-weight: 400;\" \/><\/p>\n","protected":false},"featured_media":775,"template":"","meta":{"_acf_changed":false,"inline_featured_image":false},"product_brand":[],"product_cat":[19,117],"product_tag":[4054,4039,4440],"class_list":{"0":"post-776","1":"product","2":"type-product","3":"status-publish","4":"has-post-thumbnail","6":"product_cat-antropologia","7":"product_cat-etnoantropolgia","8":"product_tag-antropologia-es","9":"product_tag-cosmovision","10":"product_tag-otomi","12":"first","13":"outofstock","14":"taxable","15":"shipping-taxable","16":"purchasable","17":"product-type-simple"},"acf":[],"yoast_head":"<!-- This site is optimized with the Yoast SEO plugin v27.3 - https:\/\/yoast.com\/product\/yoast-seo-wordpress\/ -->\n<title>Tridimensi\u00f3n c\u00f3smica otom\u00ed<\/title>\n<meta name=\"description\" content=\"TRIDIMENSI\u00d3N C\u00d3SMICA OTOM\u00cd : APORTES AL CONOCIMIENTO DE SU CULTURA. \/ Luis P\u00e9rez Lugo. Universidad Aut\u00f3noma Chapingo ; Plaza y Vald\u00e9s, 2007.\" \/>\n<meta name=\"robots\" content=\"index, follow, max-snippet:-1, max-image-preview:large, max-video-preview:-1\" \/>\n<link rel=\"canonical\" href=\"https:\/\/booksfrommexico.com\/es\/producto\/voz-y-voto-politica-y-elecciones-numero-181-marzo-2008\/\" \/>\n<meta property=\"og:locale\" content=\"es_ES\" \/>\n<meta property=\"og:type\" content=\"article\" \/>\n<meta property=\"og:title\" content=\"Tridimensi\u00f3n c\u00f3smica otom\u00ed\" \/>\n<meta property=\"og:description\" content=\"TRIDIMENSI\u00d3N C\u00d3SMICA OTOM\u00cd : APORTES AL CONOCIMIENTO DE SU CULTURA. \/ Luis P\u00e9rez Lugo. Universidad Aut\u00f3noma Chapingo ; Plaza y Vald\u00e9s, 2007.\" \/>\n<meta property=\"og:url\" content=\"https:\/\/booksfrommexico.com\/es\/producto\/voz-y-voto-politica-y-elecciones-numero-181-marzo-2008\/\" \/>\n<meta property=\"og:site_name\" content=\"Books From Mexico\" \/>\n<meta property=\"article:modified_time\" content=\"2024-11-12T19:54:47+00:00\" \/>\n<meta property=\"og:image\" content=\"http:\/\/booksfrommexico.com\/app\/uploads\/2023\/05\/138246.jpeg\" \/>\n\t<meta property=\"og:image:width\" content=\"384\" \/>\n\t<meta property=\"og:image:height\" content=\"590\" \/>\n\t<meta property=\"og:image:type\" content=\"image\/jpeg\" \/>\n<meta name=\"twitter:card\" content=\"summary_large_image\" \/>\n<meta name=\"twitter:label1\" content=\"Tiempo de lectura\" \/>\n\t<meta name=\"twitter:data1\" content=\"1 minuto\" \/>\n<script type=\"application\/ld+json\" class=\"yoast-schema-graph\">{\"@context\":\"https:\\\/\\\/schema.org\",\"@graph\":[{\"@type\":\"WebPage\",\"@id\":\"https:\\\/\\\/booksfrommexico.com\\\/es\\\/producto\\\/voz-y-voto-politica-y-elecciones-numero-181-marzo-2008\\\/\",\"url\":\"https:\\\/\\\/booksfrommexico.com\\\/es\\\/producto\\\/voz-y-voto-politica-y-elecciones-numero-181-marzo-2008\\\/\",\"name\":\"Tridimensi\u00f3n c\u00f3smica otom\u00ed\",\"isPartOf\":{\"@id\":\"https:\\\/\\\/booksfrommexico.com\\\/#website\"},\"primaryImageOfPage\":{\"@id\":\"https:\\\/\\\/booksfrommexico.com\\\/es\\\/producto\\\/voz-y-voto-politica-y-elecciones-numero-181-marzo-2008\\\/#primaryimage\"},\"image\":{\"@id\":\"https:\\\/\\\/booksfrommexico.com\\\/es\\\/producto\\\/voz-y-voto-politica-y-elecciones-numero-181-marzo-2008\\\/#primaryimage\"},\"thumbnailUrl\":\"https:\\\/\\\/booksfrommexico.com\\\/app\\\/uploads\\\/2023\\\/05\\\/138246.jpeg\",\"datePublished\":\"2023-05-08T17:06:40+00:00\",\"dateModified\":\"2024-11-12T19:54:47+00:00\",\"description\":\"TRIDIMENSI\u00d3N C\u00d3SMICA OTOM\u00cd : APORTES AL CONOCIMIENTO DE SU CULTURA. \\\/ Luis P\u00e9rez Lugo. Universidad Aut\u00f3noma Chapingo ; Plaza y Vald\u00e9s, 2007.\",\"breadcrumb\":{\"@id\":\"https:\\\/\\\/booksfrommexico.com\\\/es\\\/producto\\\/voz-y-voto-politica-y-elecciones-numero-181-marzo-2008\\\/#breadcrumb\"},\"inLanguage\":\"es\",\"potentialAction\":[{\"@type\":\"ReadAction\",\"target\":[\"https:\\\/\\\/booksfrommexico.com\\\/es\\\/producto\\\/voz-y-voto-politica-y-elecciones-numero-181-marzo-2008\\\/\"]}]},{\"@type\":\"ImageObject\",\"inLanguage\":\"es\",\"@id\":\"https:\\\/\\\/booksfrommexico.com\\\/es\\\/producto\\\/voz-y-voto-politica-y-elecciones-numero-181-marzo-2008\\\/#primaryimage\",\"url\":\"https:\\\/\\\/booksfrommexico.com\\\/app\\\/uploads\\\/2023\\\/05\\\/138246.jpeg\",\"contentUrl\":\"https:\\\/\\\/booksfrommexico.com\\\/app\\\/uploads\\\/2023\\\/05\\\/138246.jpeg\",\"width\":384,\"height\":590,\"caption\":\"TRIDIMENSI\u00d3N C\u00d3SMICA OTOM\u00cd : APORTES AL CONOCIMIENTO DE SU CULTURA. \\\/ Luis P\u00e9rez Lugo Chapingo. Universidad Aut\u00f3noma Chapingo; Plaza y Vald\u00e9s, 2007. 9789707226562.\"},{\"@type\":\"BreadcrumbList\",\"@id\":\"https:\\\/\\\/booksfrommexico.com\\\/es\\\/producto\\\/voz-y-voto-politica-y-elecciones-numero-181-marzo-2008\\\/#breadcrumb\",\"itemListElement\":[{\"@type\":\"ListItem\",\"position\":1,\"name\":\"Home\",\"item\":\"https:\\\/\\\/booksfrommexico.com\\\/es\\\/\"},{\"@type\":\"ListItem\",\"position\":2,\"name\":\"Libros\",\"item\":\"https:\\\/\\\/booksfrommexico.com\\\/es\\\/libros\\\/\"},{\"@type\":\"ListItem\",\"position\":3,\"name\":\"Tridimensi\u00f3n c\u00f3smica otom\u00ed\"}]},{\"@type\":\"WebSite\",\"@id\":\"https:\\\/\\\/booksfrommexico.com\\\/#website\",\"url\":\"https:\\\/\\\/booksfrommexico.com\\\/\",\"name\":\"Books From Mexico\",\"description\":\"\",\"publisher\":{\"@id\":\"https:\\\/\\\/booksfrommexico.com\\\/#organization\"},\"potentialAction\":[{\"@type\":\"SearchAction\",\"target\":{\"@type\":\"EntryPoint\",\"urlTemplate\":\"https:\\\/\\\/booksfrommexico.com\\\/?s={search_term_string}\"},\"query-input\":{\"@type\":\"PropertyValueSpecification\",\"valueRequired\":true,\"valueName\":\"search_term_string\"}}],\"inLanguage\":\"es\"},{\"@type\":\"Organization\",\"@id\":\"https:\\\/\\\/booksfrommexico.com\\\/#organization\",\"name\":\"Books From Mexico\",\"url\":\"https:\\\/\\\/booksfrommexico.com\\\/\",\"logo\":{\"@type\":\"ImageObject\",\"inLanguage\":\"es\",\"@id\":\"https:\\\/\\\/booksfrommexico.com\\\/#\\\/schema\\\/logo\\\/image\\\/\",\"url\":\"https:\\\/\\\/booksfrommexico.com\\\/app\\\/uploads\\\/2023\\\/05\\\/logo-booksfrommexico.svg\",\"contentUrl\":\"https:\\\/\\\/booksfrommexico.com\\\/app\\\/uploads\\\/2023\\\/05\\\/logo-booksfrommexico.svg\",\"width\":86,\"height\":56,\"caption\":\"Books From Mexico\"},\"image\":{\"@id\":\"https:\\\/\\\/booksfrommexico.com\\\/#\\\/schema\\\/logo\\\/image\\\/\"}}]}<\/script>\n<!-- \/ Yoast SEO plugin. -->","yoast_head_json":{"title":"Tridimensi\u00f3n c\u00f3smica otom\u00ed","description":"TRIDIMENSI\u00d3N C\u00d3SMICA OTOM\u00cd : APORTES AL CONOCIMIENTO DE SU CULTURA. \/ Luis P\u00e9rez Lugo. Universidad Aut\u00f3noma Chapingo ; Plaza y Vald\u00e9s, 2007.","robots":{"index":"index","follow":"follow","max-snippet":"max-snippet:-1","max-image-preview":"max-image-preview:large","max-video-preview":"max-video-preview:-1"},"canonical":"https:\/\/booksfrommexico.com\/es\/producto\/voz-y-voto-politica-y-elecciones-numero-181-marzo-2008\/","og_locale":"es_ES","og_type":"article","og_title":"Tridimensi\u00f3n c\u00f3smica otom\u00ed","og_description":"TRIDIMENSI\u00d3N C\u00d3SMICA OTOM\u00cd : APORTES AL CONOCIMIENTO DE SU CULTURA. \/ Luis P\u00e9rez Lugo. Universidad Aut\u00f3noma Chapingo ; Plaza y Vald\u00e9s, 2007.","og_url":"https:\/\/booksfrommexico.com\/es\/producto\/voz-y-voto-politica-y-elecciones-numero-181-marzo-2008\/","og_site_name":"Books From Mexico","article_modified_time":"2024-11-12T19:54:47+00:00","og_image":[{"width":384,"height":590,"url":"http:\/\/booksfrommexico.com\/app\/uploads\/2023\/05\/138246.jpeg","type":"image\/jpeg"}],"twitter_card":"summary_large_image","twitter_misc":{"Tiempo de lectura":"1 minuto"},"schema":{"@context":"https:\/\/schema.org","@graph":[{"@type":"WebPage","@id":"https:\/\/booksfrommexico.com\/es\/producto\/voz-y-voto-politica-y-elecciones-numero-181-marzo-2008\/","url":"https:\/\/booksfrommexico.com\/es\/producto\/voz-y-voto-politica-y-elecciones-numero-181-marzo-2008\/","name":"Tridimensi\u00f3n c\u00f3smica otom\u00ed","isPartOf":{"@id":"https:\/\/booksfrommexico.com\/#website"},"primaryImageOfPage":{"@id":"https:\/\/booksfrommexico.com\/es\/producto\/voz-y-voto-politica-y-elecciones-numero-181-marzo-2008\/#primaryimage"},"image":{"@id":"https:\/\/booksfrommexico.com\/es\/producto\/voz-y-voto-politica-y-elecciones-numero-181-marzo-2008\/#primaryimage"},"thumbnailUrl":"https:\/\/booksfrommexico.com\/app\/uploads\/2023\/05\/138246.jpeg","datePublished":"2023-05-08T17:06:40+00:00","dateModified":"2024-11-12T19:54:47+00:00","description":"TRIDIMENSI\u00d3N C\u00d3SMICA OTOM\u00cd : APORTES AL CONOCIMIENTO DE SU CULTURA. \/ Luis P\u00e9rez Lugo. Universidad Aut\u00f3noma Chapingo ; Plaza y Vald\u00e9s, 2007.","breadcrumb":{"@id":"https:\/\/booksfrommexico.com\/es\/producto\/voz-y-voto-politica-y-elecciones-numero-181-marzo-2008\/#breadcrumb"},"inLanguage":"es","potentialAction":[{"@type":"ReadAction","target":["https:\/\/booksfrommexico.com\/es\/producto\/voz-y-voto-politica-y-elecciones-numero-181-marzo-2008\/"]}]},{"@type":"ImageObject","inLanguage":"es","@id":"https:\/\/booksfrommexico.com\/es\/producto\/voz-y-voto-politica-y-elecciones-numero-181-marzo-2008\/#primaryimage","url":"https:\/\/booksfrommexico.com\/app\/uploads\/2023\/05\/138246.jpeg","contentUrl":"https:\/\/booksfrommexico.com\/app\/uploads\/2023\/05\/138246.jpeg","width":384,"height":590,"caption":"TRIDIMENSI\u00d3N C\u00d3SMICA OTOM\u00cd : APORTES AL CONOCIMIENTO DE SU CULTURA. \/ Luis P\u00e9rez Lugo Chapingo. Universidad Aut\u00f3noma Chapingo; Plaza y Vald\u00e9s, 2007. 9789707226562."},{"@type":"BreadcrumbList","@id":"https:\/\/booksfrommexico.com\/es\/producto\/voz-y-voto-politica-y-elecciones-numero-181-marzo-2008\/#breadcrumb","itemListElement":[{"@type":"ListItem","position":1,"name":"Home","item":"https:\/\/booksfrommexico.com\/es\/"},{"@type":"ListItem","position":2,"name":"Libros","item":"https:\/\/booksfrommexico.com\/es\/libros\/"},{"@type":"ListItem","position":3,"name":"Tridimensi\u00f3n c\u00f3smica otom\u00ed"}]},{"@type":"WebSite","@id":"https:\/\/booksfrommexico.com\/#website","url":"https:\/\/booksfrommexico.com\/","name":"Books From Mexico","description":"","publisher":{"@id":"https:\/\/booksfrommexico.com\/#organization"},"potentialAction":[{"@type":"SearchAction","target":{"@type":"EntryPoint","urlTemplate":"https:\/\/booksfrommexico.com\/?s={search_term_string}"},"query-input":{"@type":"PropertyValueSpecification","valueRequired":true,"valueName":"search_term_string"}}],"inLanguage":"es"},{"@type":"Organization","@id":"https:\/\/booksfrommexico.com\/#organization","name":"Books From Mexico","url":"https:\/\/booksfrommexico.com\/","logo":{"@type":"ImageObject","inLanguage":"es","@id":"https:\/\/booksfrommexico.com\/#\/schema\/logo\/image\/","url":"https:\/\/booksfrommexico.com\/app\/uploads\/2023\/05\/logo-booksfrommexico.svg","contentUrl":"https:\/\/booksfrommexico.com\/app\/uploads\/2023\/05\/logo-booksfrommexico.svg","width":86,"height":56,"caption":"Books From Mexico"},"image":{"@id":"https:\/\/booksfrommexico.com\/#\/schema\/logo\/image\/"}}]}},"_links":{"self":[{"href":"https:\/\/booksfrommexico.com\/es\/wp-json\/wp\/v2\/product\/776","targetHints":{"allow":["GET"]}}],"collection":[{"href":"https:\/\/booksfrommexico.com\/es\/wp-json\/wp\/v2\/product"}],"about":[{"href":"https:\/\/booksfrommexico.com\/es\/wp-json\/wp\/v2\/types\/product"}],"wp:featuredmedia":[{"embeddable":true,"href":"https:\/\/booksfrommexico.com\/es\/wp-json\/wp\/v2\/media\/775"}],"wp:attachment":[{"href":"https:\/\/booksfrommexico.com\/es\/wp-json\/wp\/v2\/media?parent=776"}],"wp:term":[{"taxonomy":"product_brand","embeddable":true,"href":"https:\/\/booksfrommexico.com\/es\/wp-json\/wp\/v2\/product_brand?post=776"},{"taxonomy":"product_cat","embeddable":true,"href":"https:\/\/booksfrommexico.com\/es\/wp-json\/wp\/v2\/product_cat?post=776"},{"taxonomy":"product_tag","embeddable":true,"href":"https:\/\/booksfrommexico.com\/es\/wp-json\/wp\/v2\/product_tag?post=776"}],"curies":[{"name":"wp","href":"https:\/\/api.w.org\/{rel}","templated":true}]}}