{"id":778,"date":"2023-05-08T17:06:41","date_gmt":"2023-05-08T17:06:41","guid":{"rendered":"http:\/\/booksfrommexico.com\/product\/los-movimientos-sociales-y-el-poder-la-otra-campana-y-la-coyuntura-politica-mexicana\/"},"modified":"2024-06-17T22:19:06","modified_gmt":"2024-06-17T22:19:06","slug":"los-movimientos-sociales-y-el-poder-la-otra-campana-y-la-coyuntura-politica-mexicana","status":"publish","type":"product","link":"https:\/\/booksfrommexico.com\/es\/producto\/los-movimientos-sociales-y-el-poder-la-otra-campana-y-la-coyuntura-politica-mexicana\/","title":{"rendered":"Los movimientos sociales y el poder"},"content":{"rendered":"<p><span style=\"font-weight: 400;\">Los art\u00edculos integrados aqu\u00ed abordan los temas de los movimientos sociales y el poder en Am\u00e9rica Latina y la coyuntura pol\u00edtica mexicana utilizando enfoques y conceptos no frecuentes o muy poco utilizados por la academia y los expertos en ciencia pol\u00edtica. El objetivo de estos textos no es tratar de trazar una estrategia pol\u00edtica para apoderarse del Estado, ni se detiene sobre sucesos que, desde otras perspectivas, se convierten en centrales para los t\u00edpicos estudios sobre la democracia parlamentaria y procedimental; el tipo de movimientos sociales a los que se aboca este t\u00edtulo son definidos como anticapitalistas porque se proponen como objetivo superar los tiempos y formas del Estado.<\/span><\/p>\n","protected":false},"excerpt":{"rendered":"<p>LOS MOVIMIENTOS SOCIALES Y EL PODER : LA OTRA CAMPA\u00d1A Y LA COYUNTURA POL\u00cdTICA MEXICANA<span style=\"font-weight: 400;\">. \/ Gustavo Esteva, Raquel Guti\u00e9rrez, John Holloway, Adriana L\u00f3pez, Rub\u00e9n MArt\u00edn, Ra\u00fal P\u00e1ramo, Jorge Regalado, Rafael Sandoval, SErgio Thischler, Ra\u00fal Zibechi. Guadalajara, Jalisco, M\u00e9xico : Brigada Callejera ; Cuadernos de Resistencia ; Taller Editorial La Casa del Mago, 2007. 367 pages : references, tables, bibliography ; 22 cm. ISBN : 9789709484328.<\/span>9789709484328<\/p>\n","protected":false},"featured_media":777,"template":"","meta":{"_acf_changed":false,"inline_featured_image":false},"product_brand":[],"product_cat":[797],"product_tag":[4434,3627],"class_list":{"0":"post-778","1":"product","2":"type-product","3":"status-publish","4":"has-post-thumbnail","6":"product_cat-politica-y-ciencia-politica","7":"product_tag-movimientos-sociales","8":"product_tag-politica-y-gobierno","10":"first","11":"instock","12":"taxable","13":"shipping-taxable","14":"purchasable","15":"product-type-simple"},"acf":[],"yoast_head":"<!-- This site is optimized with the Yoast SEO plugin v27.3 - https:\/\/yoast.com\/product\/yoast-seo-wordpress\/ -->\n<title>Los movimientos sociales y el poder<\/title>\n<meta name=\"description\" content=\"LOS MOVIMIENTOS SOCIALES Y EL PODER : LA OTRA CAMPA\u00d1A Y LA COYUNTURA POL\u00cdTICA MEXICANA. \/ Taller Editorial La Casa del Mago. 2007.\" \/>\n<meta name=\"robots\" content=\"index, follow, max-snippet:-1, max-image-preview:large, max-video-preview:-1\" \/>\n<link rel=\"canonical\" href=\"https:\/\/booksfrommexico.com\/es\/producto\/los-movimientos-sociales-y-el-poder-la-otra-campana-y-la-coyuntura-politica-mexicana\/\" \/>\n<meta property=\"og:locale\" content=\"es_ES\" \/>\n<meta property=\"og:type\" content=\"article\" \/>\n<meta property=\"og:title\" content=\"Los movimientos sociales y el poder\" \/>\n<meta property=\"og:description\" content=\"LOS MOVIMIENTOS SOCIALES Y EL PODER : LA OTRA CAMPA\u00d1A Y LA COYUNTURA POL\u00cdTICA MEXICANA. \/ Taller Editorial La Casa del Mago. 2007.\" \/>\n<meta property=\"og:url\" content=\"https:\/\/booksfrommexico.com\/es\/producto\/los-movimientos-sociales-y-el-poder-la-otra-campana-y-la-coyuntura-politica-mexicana\/\" \/>\n<meta property=\"og:site_name\" content=\"Books From Mexico\" \/>\n<meta property=\"article:modified_time\" content=\"2024-06-17T22:19:06+00:00\" \/>\n<meta property=\"og:image\" content=\"http:\/\/booksfrommexico.com\/app\/uploads\/2023\/05\/138516.jpeg\" \/>\n\t<meta property=\"og:image:width\" content=\"376\" \/>\n\t<meta property=\"og:image:height\" content=\"614\" \/>\n\t<meta property=\"og:image:type\" content=\"image\/jpeg\" \/>\n<meta name=\"twitter:card\" content=\"summary_large_image\" \/>\n<meta name=\"twitter:label1\" content=\"Tiempo de lectura\" \/>\n\t<meta name=\"twitter:data1\" content=\"1 minuto\" \/>\n<script type=\"application\/ld+json\" class=\"yoast-schema-graph\">{\"@context\":\"https:\\\/\\\/schema.org\",\"@graph\":[{\"@type\":\"WebPage\",\"@id\":\"https:\\\/\\\/booksfrommexico.com\\\/es\\\/producto\\\/los-movimientos-sociales-y-el-poder-la-otra-campana-y-la-coyuntura-politica-mexicana\\\/\",\"url\":\"https:\\\/\\\/booksfrommexico.com\\\/es\\\/producto\\\/los-movimientos-sociales-y-el-poder-la-otra-campana-y-la-coyuntura-politica-mexicana\\\/\",\"name\":\"Los movimientos sociales y el poder\",\"isPartOf\":{\"@id\":\"https:\\\/\\\/booksfrommexico.com\\\/#website\"},\"primaryImageOfPage\":{\"@id\":\"https:\\\/\\\/booksfrommexico.com\\\/es\\\/producto\\\/los-movimientos-sociales-y-el-poder-la-otra-campana-y-la-coyuntura-politica-mexicana\\\/#primaryimage\"},\"image\":{\"@id\":\"https:\\\/\\\/booksfrommexico.com\\\/es\\\/producto\\\/los-movimientos-sociales-y-el-poder-la-otra-campana-y-la-coyuntura-politica-mexicana\\\/#primaryimage\"},\"thumbnailUrl\":\"https:\\\/\\\/booksfrommexico.com\\\/app\\\/uploads\\\/2023\\\/05\\\/138516.jpeg\",\"datePublished\":\"2023-05-08T17:06:41+00:00\",\"dateModified\":\"2024-06-17T22:19:06+00:00\",\"description\":\"LOS MOVIMIENTOS SOCIALES Y EL PODER : LA OTRA CAMPA\u00d1A Y LA COYUNTURA POL\u00cdTICA MEXICANA. \\\/ Taller Editorial La Casa del Mago. 2007.\",\"breadcrumb\":{\"@id\":\"https:\\\/\\\/booksfrommexico.com\\\/es\\\/producto\\\/los-movimientos-sociales-y-el-poder-la-otra-campana-y-la-coyuntura-politica-mexicana\\\/#breadcrumb\"},\"inLanguage\":\"es\",\"potentialAction\":[{\"@type\":\"ReadAction\",\"target\":[\"https:\\\/\\\/booksfrommexico.com\\\/es\\\/producto\\\/los-movimientos-sociales-y-el-poder-la-otra-campana-y-la-coyuntura-politica-mexicana\\\/\"]}]},{\"@type\":\"ImageObject\",\"inLanguage\":\"es\",\"@id\":\"https:\\\/\\\/booksfrommexico.com\\\/es\\\/producto\\\/los-movimientos-sociales-y-el-poder-la-otra-campana-y-la-coyuntura-politica-mexicana\\\/#primaryimage\",\"url\":\"https:\\\/\\\/booksfrommexico.com\\\/app\\\/uploads\\\/2023\\\/05\\\/138516.jpeg\",\"contentUrl\":\"https:\\\/\\\/booksfrommexico.com\\\/app\\\/uploads\\\/2023\\\/05\\\/138516.jpeg\",\"width\":376,\"height\":614,\"caption\":\"Los movimientos sociales y el poder. La otra campa\u00f1a y la coyuntura pol\u00edtica mexicana.\"},{\"@type\":\"BreadcrumbList\",\"@id\":\"https:\\\/\\\/booksfrommexico.com\\\/es\\\/producto\\\/los-movimientos-sociales-y-el-poder-la-otra-campana-y-la-coyuntura-politica-mexicana\\\/#breadcrumb\",\"itemListElement\":[{\"@type\":\"ListItem\",\"position\":1,\"name\":\"Home\",\"item\":\"https:\\\/\\\/booksfrommexico.com\\\/es\\\/\"},{\"@type\":\"ListItem\",\"position\":2,\"name\":\"Libros\",\"item\":\"https:\\\/\\\/booksfrommexico.com\\\/es\\\/libros\\\/\"},{\"@type\":\"ListItem\",\"position\":3,\"name\":\"Los movimientos sociales y el poder\"}]},{\"@type\":\"WebSite\",\"@id\":\"https:\\\/\\\/booksfrommexico.com\\\/#website\",\"url\":\"https:\\\/\\\/booksfrommexico.com\\\/\",\"name\":\"Books From Mexico\",\"description\":\"\",\"publisher\":{\"@id\":\"https:\\\/\\\/booksfrommexico.com\\\/#organization\"},\"potentialAction\":[{\"@type\":\"SearchAction\",\"target\":{\"@type\":\"EntryPoint\",\"urlTemplate\":\"https:\\\/\\\/booksfrommexico.com\\\/?s={search_term_string}\"},\"query-input\":{\"@type\":\"PropertyValueSpecification\",\"valueRequired\":true,\"valueName\":\"search_term_string\"}}],\"inLanguage\":\"es\"},{\"@type\":\"Organization\",\"@id\":\"https:\\\/\\\/booksfrommexico.com\\\/#organization\",\"name\":\"Books From Mexico\",\"url\":\"https:\\\/\\\/booksfrommexico.com\\\/\",\"logo\":{\"@type\":\"ImageObject\",\"inLanguage\":\"es\",\"@id\":\"https:\\\/\\\/booksfrommexico.com\\\/#\\\/schema\\\/logo\\\/image\\\/\",\"url\":\"https:\\\/\\\/booksfrommexico.com\\\/app\\\/uploads\\\/2023\\\/05\\\/logo-booksfrommexico.svg\",\"contentUrl\":\"https:\\\/\\\/booksfrommexico.com\\\/app\\\/uploads\\\/2023\\\/05\\\/logo-booksfrommexico.svg\",\"width\":86,\"height\":56,\"caption\":\"Books From Mexico\"},\"image\":{\"@id\":\"https:\\\/\\\/booksfrommexico.com\\\/#\\\/schema\\\/logo\\\/image\\\/\"}}]}<\/script>\n<!-- \/ Yoast SEO plugin. -->","yoast_head_json":{"title":"Los movimientos sociales y el poder","description":"LOS MOVIMIENTOS SOCIALES Y EL PODER : LA OTRA CAMPA\u00d1A Y LA COYUNTURA POL\u00cdTICA MEXICANA. \/ Taller Editorial La Casa del Mago. 2007.","robots":{"index":"index","follow":"follow","max-snippet":"max-snippet:-1","max-image-preview":"max-image-preview:large","max-video-preview":"max-video-preview:-1"},"canonical":"https:\/\/booksfrommexico.com\/es\/producto\/los-movimientos-sociales-y-el-poder-la-otra-campana-y-la-coyuntura-politica-mexicana\/","og_locale":"es_ES","og_type":"article","og_title":"Los movimientos sociales y el poder","og_description":"LOS MOVIMIENTOS SOCIALES Y EL PODER : LA OTRA CAMPA\u00d1A Y LA COYUNTURA POL\u00cdTICA MEXICANA. \/ Taller Editorial La Casa del Mago. 2007.","og_url":"https:\/\/booksfrommexico.com\/es\/producto\/los-movimientos-sociales-y-el-poder-la-otra-campana-y-la-coyuntura-politica-mexicana\/","og_site_name":"Books From Mexico","article_modified_time":"2024-06-17T22:19:06+00:00","og_image":[{"width":376,"height":614,"url":"http:\/\/booksfrommexico.com\/app\/uploads\/2023\/05\/138516.jpeg","type":"image\/jpeg"}],"twitter_card":"summary_large_image","twitter_misc":{"Tiempo de lectura":"1 minuto"},"schema":{"@context":"https:\/\/schema.org","@graph":[{"@type":"WebPage","@id":"https:\/\/booksfrommexico.com\/es\/producto\/los-movimientos-sociales-y-el-poder-la-otra-campana-y-la-coyuntura-politica-mexicana\/","url":"https:\/\/booksfrommexico.com\/es\/producto\/los-movimientos-sociales-y-el-poder-la-otra-campana-y-la-coyuntura-politica-mexicana\/","name":"Los movimientos sociales y el poder","isPartOf":{"@id":"https:\/\/booksfrommexico.com\/#website"},"primaryImageOfPage":{"@id":"https:\/\/booksfrommexico.com\/es\/producto\/los-movimientos-sociales-y-el-poder-la-otra-campana-y-la-coyuntura-politica-mexicana\/#primaryimage"},"image":{"@id":"https:\/\/booksfrommexico.com\/es\/producto\/los-movimientos-sociales-y-el-poder-la-otra-campana-y-la-coyuntura-politica-mexicana\/#primaryimage"},"thumbnailUrl":"https:\/\/booksfrommexico.com\/app\/uploads\/2023\/05\/138516.jpeg","datePublished":"2023-05-08T17:06:41+00:00","dateModified":"2024-06-17T22:19:06+00:00","description":"LOS MOVIMIENTOS SOCIALES Y EL PODER : LA OTRA CAMPA\u00d1A Y LA COYUNTURA POL\u00cdTICA MEXICANA. \/ Taller Editorial La Casa del Mago. 2007.","breadcrumb":{"@id":"https:\/\/booksfrommexico.com\/es\/producto\/los-movimientos-sociales-y-el-poder-la-otra-campana-y-la-coyuntura-politica-mexicana\/#breadcrumb"},"inLanguage":"es","potentialAction":[{"@type":"ReadAction","target":["https:\/\/booksfrommexico.com\/es\/producto\/los-movimientos-sociales-y-el-poder-la-otra-campana-y-la-coyuntura-politica-mexicana\/"]}]},{"@type":"ImageObject","inLanguage":"es","@id":"https:\/\/booksfrommexico.com\/es\/producto\/los-movimientos-sociales-y-el-poder-la-otra-campana-y-la-coyuntura-politica-mexicana\/#primaryimage","url":"https:\/\/booksfrommexico.com\/app\/uploads\/2023\/05\/138516.jpeg","contentUrl":"https:\/\/booksfrommexico.com\/app\/uploads\/2023\/05\/138516.jpeg","width":376,"height":614,"caption":"Los movimientos sociales y el poder. La otra campa\u00f1a y la coyuntura pol\u00edtica mexicana."},{"@type":"BreadcrumbList","@id":"https:\/\/booksfrommexico.com\/es\/producto\/los-movimientos-sociales-y-el-poder-la-otra-campana-y-la-coyuntura-politica-mexicana\/#breadcrumb","itemListElement":[{"@type":"ListItem","position":1,"name":"Home","item":"https:\/\/booksfrommexico.com\/es\/"},{"@type":"ListItem","position":2,"name":"Libros","item":"https:\/\/booksfrommexico.com\/es\/libros\/"},{"@type":"ListItem","position":3,"name":"Los movimientos sociales y el poder"}]},{"@type":"WebSite","@id":"https:\/\/booksfrommexico.com\/#website","url":"https:\/\/booksfrommexico.com\/","name":"Books From Mexico","description":"","publisher":{"@id":"https:\/\/booksfrommexico.com\/#organization"},"potentialAction":[{"@type":"SearchAction","target":{"@type":"EntryPoint","urlTemplate":"https:\/\/booksfrommexico.com\/?s={search_term_string}"},"query-input":{"@type":"PropertyValueSpecification","valueRequired":true,"valueName":"search_term_string"}}],"inLanguage":"es"},{"@type":"Organization","@id":"https:\/\/booksfrommexico.com\/#organization","name":"Books From Mexico","url":"https:\/\/booksfrommexico.com\/","logo":{"@type":"ImageObject","inLanguage":"es","@id":"https:\/\/booksfrommexico.com\/#\/schema\/logo\/image\/","url":"https:\/\/booksfrommexico.com\/app\/uploads\/2023\/05\/logo-booksfrommexico.svg","contentUrl":"https:\/\/booksfrommexico.com\/app\/uploads\/2023\/05\/logo-booksfrommexico.svg","width":86,"height":56,"caption":"Books From Mexico"},"image":{"@id":"https:\/\/booksfrommexico.com\/#\/schema\/logo\/image\/"}}]}},"_links":{"self":[{"href":"https:\/\/booksfrommexico.com\/es\/wp-json\/wp\/v2\/product\/778","targetHints":{"allow":["GET"]}}],"collection":[{"href":"https:\/\/booksfrommexico.com\/es\/wp-json\/wp\/v2\/product"}],"about":[{"href":"https:\/\/booksfrommexico.com\/es\/wp-json\/wp\/v2\/types\/product"}],"wp:featuredmedia":[{"embeddable":true,"href":"https:\/\/booksfrommexico.com\/es\/wp-json\/wp\/v2\/media\/777"}],"wp:attachment":[{"href":"https:\/\/booksfrommexico.com\/es\/wp-json\/wp\/v2\/media?parent=778"}],"wp:term":[{"taxonomy":"product_brand","embeddable":true,"href":"https:\/\/booksfrommexico.com\/es\/wp-json\/wp\/v2\/product_brand?post=778"},{"taxonomy":"product_cat","embeddable":true,"href":"https:\/\/booksfrommexico.com\/es\/wp-json\/wp\/v2\/product_cat?post=778"},{"taxonomy":"product_tag","embeddable":true,"href":"https:\/\/booksfrommexico.com\/es\/wp-json\/wp\/v2\/product_tag?post=778"}],"curies":[{"name":"wp","href":"https:\/\/api.w.org\/{rel}","templated":true}]}}