{"id":780,"date":"2023-05-08T17:06:43","date_gmt":"2023-05-08T17:06:43","guid":{"rendered":"http:\/\/booksfrommexico.com\/product\/las-ironias-de-la-ficcion-y-la-metaficcion-en-cine-y-literatura\/"},"modified":"2024-07-02T23:09:32","modified_gmt":"2024-07-02T23:09:32","slug":"las-ironias-de-la-ficcion-y-la-metaficcion-en-cine-y-literatura","status":"publish","type":"product","link":"https:\/\/booksfrommexico.com\/es\/producto\/las-ironias-de-la-ficcion-y-la-metaficcion-en-cine-y-literatura\/","title":{"rendered":"Las iron\u00edas de la ficci\u00f3n y la metaficci\u00f3n en cine y literatura"},"content":{"rendered":"<p><span style=\"font-weight: 400;\">Partiendo del supuesto de que la iron\u00eda y la metaficci\u00f3n son las estrategias de creaci\u00f3n m\u00e1s caracter\u00edsticas de la cultura contempor\u00e1nea, el autor presenta una serie de ensayos de naturaleza conjetural y l\u00fadica que est\u00e1n orientados al estudio de diversas manifestaciones del humor, la iron\u00eda, la ficci\u00f3n y la metaficci\u00f3n en la narrativa literaria y en la narrativa cinematogr\u00e1fica. Las aproximaciones propuestas en estos ensayos son alternativamente te\u00f3ricas, anal\u00edticas, historiogr\u00e1ficas o did\u00e1cticas, de los materiales de car\u00e1cter general a los recorridos por terrenos espec\u00edficos. Se incluyen adem\u00e1s mapas de car\u00e1cter conceptual que pueden ser \u00fatiles para seguir explorando de manera concisa los temas.<\/span><\/p>\n","protected":false},"excerpt":{"rendered":"<p>LAS IRON\u00cdAS DE LA FICCI\u00d3N Y LA METAFICCI\u00d3N EN CINE Y LITERATURA<span style=\"font-weight: 400;\">. \/ Lauro Zavala. M\u00e9xico, D.F. : Universidad Aut\u00f3noma de la Ciudad de M\u00e9xico, 2007. 395 pages : 22 cm. (Colecci\u00f3n Al Margen). ISBN : 9689259008.<\/span><\/p>\n","protected":false},"featured_media":779,"template":"","meta":{"_acf_changed":false,"inline_featured_image":false},"product_brand":[],"product_cat":[25,911],"product_tag":[3707,3869,4124],"class_list":{"0":"post-780","1":"product","2":"type-product","3":"status-publish","4":"has-post-thumbnail","6":"product_cat-literatura","7":"product_cat-pelicula-y-cine","8":"product_tag-critica-e-interpretacion","9":"product_tag-critica-y-estudios","10":"product_tag-literatura-es","12":"first","13":"instock","14":"taxable","15":"shipping-taxable","16":"purchasable","17":"product-type-simple"},"acf":[],"yoast_head":"<!-- This site is optimized with the Yoast SEO plugin v27.3 - https:\/\/yoast.com\/product\/yoast-seo-wordpress\/ -->\n<title>Las iron\u00edas de la ficci\u00f3n y la metaficci\u00f3n en cine y literatura<\/title>\n<meta name=\"description\" content=\"LAS IRON\u00cdAS DE LA FICCI\u00d3N Y LA METAFICCI\u00d3N EN CINE Y LITERATURA. \/ Lauro Zavala. Universidad Aut\u00f3noma de la Ciudad de M\u00e9xico, 2007. (Colecci\u00f3n Al Margen).\" \/>\n<meta name=\"robots\" content=\"index, follow, max-snippet:-1, max-image-preview:large, max-video-preview:-1\" \/>\n<link rel=\"canonical\" href=\"https:\/\/booksfrommexico.com\/es\/producto\/las-ironias-de-la-ficcion-y-la-metaficcion-en-cine-y-literatura\/\" \/>\n<meta property=\"og:locale\" content=\"es_ES\" \/>\n<meta property=\"og:type\" content=\"article\" \/>\n<meta property=\"og:title\" content=\"Las iron\u00edas de la ficci\u00f3n y la metaficci\u00f3n en cine y literatura\" \/>\n<meta property=\"og:description\" content=\"LAS IRON\u00cdAS DE LA FICCI\u00d3N Y LA METAFICCI\u00d3N EN CINE Y LITERATURA. \/ Lauro Zavala. Universidad Aut\u00f3noma de la Ciudad de M\u00e9xico, 2007. (Colecci\u00f3n Al Margen).\" \/>\n<meta property=\"og:url\" content=\"https:\/\/booksfrommexico.com\/es\/producto\/las-ironias-de-la-ficcion-y-la-metaficcion-en-cine-y-literatura\/\" \/>\n<meta property=\"og:site_name\" content=\"Books From Mexico\" \/>\n<meta property=\"article:modified_time\" content=\"2024-07-02T23:09:32+00:00\" \/>\n<meta property=\"og:image\" content=\"http:\/\/booksfrommexico.com\/app\/uploads\/2023\/05\/138468.jpeg\" \/>\n\t<meta property=\"og:image:width\" content=\"399\" \/>\n\t<meta property=\"og:image:height\" content=\"618\" \/>\n\t<meta property=\"og:image:type\" content=\"image\/jpeg\" \/>\n<meta name=\"twitter:card\" content=\"summary_large_image\" \/>\n<meta name=\"twitter:label1\" content=\"Tiempo de lectura\" \/>\n\t<meta name=\"twitter:data1\" content=\"1 minuto\" \/>\n<script type=\"application\/ld+json\" class=\"yoast-schema-graph\">{\"@context\":\"https:\\\/\\\/schema.org\",\"@graph\":[{\"@type\":\"WebPage\",\"@id\":\"https:\\\/\\\/booksfrommexico.com\\\/es\\\/producto\\\/las-ironias-de-la-ficcion-y-la-metaficcion-en-cine-y-literatura\\\/\",\"url\":\"https:\\\/\\\/booksfrommexico.com\\\/es\\\/producto\\\/las-ironias-de-la-ficcion-y-la-metaficcion-en-cine-y-literatura\\\/\",\"name\":\"Las iron\u00edas de la ficci\u00f3n y la metaficci\u00f3n en cine y literatura\",\"isPartOf\":{\"@id\":\"https:\\\/\\\/booksfrommexico.com\\\/#website\"},\"primaryImageOfPage\":{\"@id\":\"https:\\\/\\\/booksfrommexico.com\\\/es\\\/producto\\\/las-ironias-de-la-ficcion-y-la-metaficcion-en-cine-y-literatura\\\/#primaryimage\"},\"image\":{\"@id\":\"https:\\\/\\\/booksfrommexico.com\\\/es\\\/producto\\\/las-ironias-de-la-ficcion-y-la-metaficcion-en-cine-y-literatura\\\/#primaryimage\"},\"thumbnailUrl\":\"https:\\\/\\\/booksfrommexico.com\\\/app\\\/uploads\\\/2023\\\/05\\\/138468.jpeg\",\"datePublished\":\"2023-05-08T17:06:43+00:00\",\"dateModified\":\"2024-07-02T23:09:32+00:00\",\"description\":\"LAS IRON\u00cdAS DE LA FICCI\u00d3N Y LA METAFICCI\u00d3N EN CINE Y LITERATURA. \\\/ Lauro Zavala. Universidad Aut\u00f3noma de la Ciudad de M\u00e9xico, 2007. (Colecci\u00f3n Al Margen).\",\"breadcrumb\":{\"@id\":\"https:\\\/\\\/booksfrommexico.com\\\/es\\\/producto\\\/las-ironias-de-la-ficcion-y-la-metaficcion-en-cine-y-literatura\\\/#breadcrumb\"},\"inLanguage\":\"es\",\"potentialAction\":[{\"@type\":\"ReadAction\",\"target\":[\"https:\\\/\\\/booksfrommexico.com\\\/es\\\/producto\\\/las-ironias-de-la-ficcion-y-la-metaficcion-en-cine-y-literatura\\\/\"]}]},{\"@type\":\"ImageObject\",\"inLanguage\":\"es\",\"@id\":\"https:\\\/\\\/booksfrommexico.com\\\/es\\\/producto\\\/las-ironias-de-la-ficcion-y-la-metaficcion-en-cine-y-literatura\\\/#primaryimage\",\"url\":\"https:\\\/\\\/booksfrommexico.com\\\/app\\\/uploads\\\/2023\\\/05\\\/138468.jpeg\",\"contentUrl\":\"https:\\\/\\\/booksfrommexico.com\\\/app\\\/uploads\\\/2023\\\/05\\\/138468.jpeg\",\"width\":399,\"height\":618,\"caption\":\"Las Iron\u00edas de la ficci\u00f3n y la metaficci\u00f3n en cine y literatura. Books From M\u00e9xico\"},{\"@type\":\"BreadcrumbList\",\"@id\":\"https:\\\/\\\/booksfrommexico.com\\\/es\\\/producto\\\/las-ironias-de-la-ficcion-y-la-metaficcion-en-cine-y-literatura\\\/#breadcrumb\",\"itemListElement\":[{\"@type\":\"ListItem\",\"position\":1,\"name\":\"Home\",\"item\":\"https:\\\/\\\/booksfrommexico.com\\\/es\\\/\"},{\"@type\":\"ListItem\",\"position\":2,\"name\":\"Libros\",\"item\":\"https:\\\/\\\/booksfrommexico.com\\\/es\\\/libros\\\/\"},{\"@type\":\"ListItem\",\"position\":3,\"name\":\"Las iron\u00edas de la ficci\u00f3n y la metaficci\u00f3n en cine y literatura\"}]},{\"@type\":\"WebSite\",\"@id\":\"https:\\\/\\\/booksfrommexico.com\\\/#website\",\"url\":\"https:\\\/\\\/booksfrommexico.com\\\/\",\"name\":\"Books From Mexico\",\"description\":\"\",\"publisher\":{\"@id\":\"https:\\\/\\\/booksfrommexico.com\\\/#organization\"},\"potentialAction\":[{\"@type\":\"SearchAction\",\"target\":{\"@type\":\"EntryPoint\",\"urlTemplate\":\"https:\\\/\\\/booksfrommexico.com\\\/?s={search_term_string}\"},\"query-input\":{\"@type\":\"PropertyValueSpecification\",\"valueRequired\":true,\"valueName\":\"search_term_string\"}}],\"inLanguage\":\"es\"},{\"@type\":\"Organization\",\"@id\":\"https:\\\/\\\/booksfrommexico.com\\\/#organization\",\"name\":\"Books From Mexico\",\"url\":\"https:\\\/\\\/booksfrommexico.com\\\/\",\"logo\":{\"@type\":\"ImageObject\",\"inLanguage\":\"es\",\"@id\":\"https:\\\/\\\/booksfrommexico.com\\\/#\\\/schema\\\/logo\\\/image\\\/\",\"url\":\"https:\\\/\\\/booksfrommexico.com\\\/app\\\/uploads\\\/2023\\\/05\\\/logo-booksfrommexico.svg\",\"contentUrl\":\"https:\\\/\\\/booksfrommexico.com\\\/app\\\/uploads\\\/2023\\\/05\\\/logo-booksfrommexico.svg\",\"width\":86,\"height\":56,\"caption\":\"Books From Mexico\"},\"image\":{\"@id\":\"https:\\\/\\\/booksfrommexico.com\\\/#\\\/schema\\\/logo\\\/image\\\/\"}}]}<\/script>\n<!-- \/ Yoast SEO plugin. -->","yoast_head_json":{"title":"Las iron\u00edas de la ficci\u00f3n y la metaficci\u00f3n en cine y literatura","description":"LAS IRON\u00cdAS DE LA FICCI\u00d3N Y LA METAFICCI\u00d3N EN CINE Y LITERATURA. \/ Lauro Zavala. Universidad Aut\u00f3noma de la Ciudad de M\u00e9xico, 2007. (Colecci\u00f3n Al Margen).","robots":{"index":"index","follow":"follow","max-snippet":"max-snippet:-1","max-image-preview":"max-image-preview:large","max-video-preview":"max-video-preview:-1"},"canonical":"https:\/\/booksfrommexico.com\/es\/producto\/las-ironias-de-la-ficcion-y-la-metaficcion-en-cine-y-literatura\/","og_locale":"es_ES","og_type":"article","og_title":"Las iron\u00edas de la ficci\u00f3n y la metaficci\u00f3n en cine y literatura","og_description":"LAS IRON\u00cdAS DE LA FICCI\u00d3N Y LA METAFICCI\u00d3N EN CINE Y LITERATURA. \/ Lauro Zavala. Universidad Aut\u00f3noma de la Ciudad de M\u00e9xico, 2007. (Colecci\u00f3n Al Margen).","og_url":"https:\/\/booksfrommexico.com\/es\/producto\/las-ironias-de-la-ficcion-y-la-metaficcion-en-cine-y-literatura\/","og_site_name":"Books From Mexico","article_modified_time":"2024-07-02T23:09:32+00:00","og_image":[{"width":399,"height":618,"url":"http:\/\/booksfrommexico.com\/app\/uploads\/2023\/05\/138468.jpeg","type":"image\/jpeg"}],"twitter_card":"summary_large_image","twitter_misc":{"Tiempo de lectura":"1 minuto"},"schema":{"@context":"https:\/\/schema.org","@graph":[{"@type":"WebPage","@id":"https:\/\/booksfrommexico.com\/es\/producto\/las-ironias-de-la-ficcion-y-la-metaficcion-en-cine-y-literatura\/","url":"https:\/\/booksfrommexico.com\/es\/producto\/las-ironias-de-la-ficcion-y-la-metaficcion-en-cine-y-literatura\/","name":"Las iron\u00edas de la ficci\u00f3n y la metaficci\u00f3n en cine y literatura","isPartOf":{"@id":"https:\/\/booksfrommexico.com\/#website"},"primaryImageOfPage":{"@id":"https:\/\/booksfrommexico.com\/es\/producto\/las-ironias-de-la-ficcion-y-la-metaficcion-en-cine-y-literatura\/#primaryimage"},"image":{"@id":"https:\/\/booksfrommexico.com\/es\/producto\/las-ironias-de-la-ficcion-y-la-metaficcion-en-cine-y-literatura\/#primaryimage"},"thumbnailUrl":"https:\/\/booksfrommexico.com\/app\/uploads\/2023\/05\/138468.jpeg","datePublished":"2023-05-08T17:06:43+00:00","dateModified":"2024-07-02T23:09:32+00:00","description":"LAS IRON\u00cdAS DE LA FICCI\u00d3N Y LA METAFICCI\u00d3N EN CINE Y LITERATURA. \/ Lauro Zavala. Universidad Aut\u00f3noma de la Ciudad de M\u00e9xico, 2007. (Colecci\u00f3n Al Margen).","breadcrumb":{"@id":"https:\/\/booksfrommexico.com\/es\/producto\/las-ironias-de-la-ficcion-y-la-metaficcion-en-cine-y-literatura\/#breadcrumb"},"inLanguage":"es","potentialAction":[{"@type":"ReadAction","target":["https:\/\/booksfrommexico.com\/es\/producto\/las-ironias-de-la-ficcion-y-la-metaficcion-en-cine-y-literatura\/"]}]},{"@type":"ImageObject","inLanguage":"es","@id":"https:\/\/booksfrommexico.com\/es\/producto\/las-ironias-de-la-ficcion-y-la-metaficcion-en-cine-y-literatura\/#primaryimage","url":"https:\/\/booksfrommexico.com\/app\/uploads\/2023\/05\/138468.jpeg","contentUrl":"https:\/\/booksfrommexico.com\/app\/uploads\/2023\/05\/138468.jpeg","width":399,"height":618,"caption":"Las Iron\u00edas de la ficci\u00f3n y la metaficci\u00f3n en cine y literatura. Books From M\u00e9xico"},{"@type":"BreadcrumbList","@id":"https:\/\/booksfrommexico.com\/es\/producto\/las-ironias-de-la-ficcion-y-la-metaficcion-en-cine-y-literatura\/#breadcrumb","itemListElement":[{"@type":"ListItem","position":1,"name":"Home","item":"https:\/\/booksfrommexico.com\/es\/"},{"@type":"ListItem","position":2,"name":"Libros","item":"https:\/\/booksfrommexico.com\/es\/libros\/"},{"@type":"ListItem","position":3,"name":"Las iron\u00edas de la ficci\u00f3n y la metaficci\u00f3n en cine y literatura"}]},{"@type":"WebSite","@id":"https:\/\/booksfrommexico.com\/#website","url":"https:\/\/booksfrommexico.com\/","name":"Books From Mexico","description":"","publisher":{"@id":"https:\/\/booksfrommexico.com\/#organization"},"potentialAction":[{"@type":"SearchAction","target":{"@type":"EntryPoint","urlTemplate":"https:\/\/booksfrommexico.com\/?s={search_term_string}"},"query-input":{"@type":"PropertyValueSpecification","valueRequired":true,"valueName":"search_term_string"}}],"inLanguage":"es"},{"@type":"Organization","@id":"https:\/\/booksfrommexico.com\/#organization","name":"Books From Mexico","url":"https:\/\/booksfrommexico.com\/","logo":{"@type":"ImageObject","inLanguage":"es","@id":"https:\/\/booksfrommexico.com\/#\/schema\/logo\/image\/","url":"https:\/\/booksfrommexico.com\/app\/uploads\/2023\/05\/logo-booksfrommexico.svg","contentUrl":"https:\/\/booksfrommexico.com\/app\/uploads\/2023\/05\/logo-booksfrommexico.svg","width":86,"height":56,"caption":"Books From Mexico"},"image":{"@id":"https:\/\/booksfrommexico.com\/#\/schema\/logo\/image\/"}}]}},"_links":{"self":[{"href":"https:\/\/booksfrommexico.com\/es\/wp-json\/wp\/v2\/product\/780","targetHints":{"allow":["GET"]}}],"collection":[{"href":"https:\/\/booksfrommexico.com\/es\/wp-json\/wp\/v2\/product"}],"about":[{"href":"https:\/\/booksfrommexico.com\/es\/wp-json\/wp\/v2\/types\/product"}],"wp:featuredmedia":[{"embeddable":true,"href":"https:\/\/booksfrommexico.com\/es\/wp-json\/wp\/v2\/media\/779"}],"wp:attachment":[{"href":"https:\/\/booksfrommexico.com\/es\/wp-json\/wp\/v2\/media?parent=780"}],"wp:term":[{"taxonomy":"product_brand","embeddable":true,"href":"https:\/\/booksfrommexico.com\/es\/wp-json\/wp\/v2\/product_brand?post=780"},{"taxonomy":"product_cat","embeddable":true,"href":"https:\/\/booksfrommexico.com\/es\/wp-json\/wp\/v2\/product_cat?post=780"},{"taxonomy":"product_tag","embeddable":true,"href":"https:\/\/booksfrommexico.com\/es\/wp-json\/wp\/v2\/product_tag?post=780"}],"curies":[{"name":"wp","href":"https:\/\/api.w.org\/{rel}","templated":true}]}}