{"id":782,"date":"2023-05-08T17:06:44","date_gmt":"2023-05-08T17:06:44","guid":{"rendered":"http:\/\/booksfrommexico.com\/product\/una-mirada-binacional-al-desarrollo-regional-mexico-cuba-economia-democracia-y-sociedad\/"},"modified":"2024-06-17T21:49:14","modified_gmt":"2024-06-17T21:49:14","slug":"una-mirada-binacional-al-desarrollo-regional-mexico-cuba-economia-democracia-y-sociedad","status":"publish","type":"product","link":"https:\/\/booksfrommexico.com\/es\/producto\/una-mirada-binacional-al-desarrollo-regional-mexico-cuba-economia-democracia-y-sociedad\/","title":{"rendered":"Una mirada binacional al desarrollo regional M\u00e9xico-Cuba"},"content":{"rendered":"<p><span style=\"font-weight: 400;\">El Colegio de Tlaxcala, en el sentido de seguir constituy\u00e9ndose como una fuerza creadora para llevar adelante el desarrollo sustentable, organiz\u00f3 un Seminario sobre Desarrollo Regional de car\u00e1cter internacional donde se presentaron algunos trabajos de investigaci\u00f3n desarrollados por investigadores procedentes de Cuba, Brasil y M\u00e9xico. En conjunto, estas aportaciones dieron lugar a una serie de debates donde se discuten temas como educaci\u00f3n, pobreza, desarrollo econ\u00f3mico, social y pol\u00edtico, entre otros. Todas estas visiones presentadas por autores especializados en diversas \u00e1reas, pueden aportar una visi\u00f3n cr\u00edtica y constructiva para ampliar el debate entre las realidades de Tlaxcala y Cuba.<\/span><\/p>\n","protected":false},"excerpt":{"rendered":"<p>UNA MIRADA BINACIONAL AL DESARROLLO REGIONAL M\u00c9XICO-CUBA : ECONOM\u00cdA, DEMOCRACIA Y SOCIEDAD<span style=\"font-weight: 400;\">. \/ Mercedes Arce Rodr\u00edguez, Mar\u00eda de Lourdes S\u00e1nchez G\u00f3mez (coordinators). Tlaxcala, M\u00e9xico : El Colegio de Tlaxcala ; Fundaci\u00f3n Ford, 2007. 420 pages : maps, charts, tables, bibliography at the end of each chapter ; 21 cm. ISBN : 9709871153.<\/span><\/p>\n","protected":false},"featured_media":781,"template":"","meta":{"_acf_changed":false,"inline_featured_image":false},"product_brand":[],"product_cat":[47,3337],"product_tag":[3659,3849,4404,3627,4432],"class_list":{"0":"post-782","1":"product","2":"type-product","3":"status-publish","4":"has-post-thumbnail","6":"product_cat-economia","7":"product_cat-politicas-economicas-nacionales","8":"product_tag-condiciones-sociales","9":"product_tag-cuba","10":"product_tag-economia","11":"product_tag-politica-y-gobierno","12":"product_tag-tlaxcala-mexico","14":"first","15":"instock","16":"taxable","17":"shipping-taxable","18":"purchasable","19":"product-type-simple"},"acf":[],"yoast_head":"<!-- This site is optimized with the Yoast SEO plugin v27.3 - https:\/\/yoast.com\/product\/yoast-seo-wordpress\/ -->\n<title>Una mirada binacional al desarrollo regional M\u00e9xico-Cuba<\/title>\n<meta name=\"description\" content=\"UNA MIRADA BINACIONAL AL DESARROLLO REGIONAL M\u00c9XICO-CUBA : ECONOM\u00cdA, DEMOCRACIA Y SOCIEDAD. \/ Arce Rodr\u00edguez, S\u00e1nchez G\u00f3mez (coordinators). 2007.\" \/>\n<meta name=\"robots\" content=\"index, follow, max-snippet:-1, max-image-preview:large, max-video-preview:-1\" \/>\n<link rel=\"canonical\" href=\"https:\/\/booksfrommexico.com\/es\/producto\/una-mirada-binacional-al-desarrollo-regional-mexico-cuba-economia-democracia-y-sociedad\/\" \/>\n<meta property=\"og:locale\" content=\"es_ES\" \/>\n<meta property=\"og:type\" content=\"article\" \/>\n<meta property=\"og:title\" content=\"Una mirada binacional al desarrollo regional M\u00e9xico-Cuba\" \/>\n<meta property=\"og:description\" content=\"UNA MIRADA BINACIONAL AL DESARROLLO REGIONAL M\u00c9XICO-CUBA : ECONOM\u00cdA, DEMOCRACIA Y SOCIEDAD. \/ Arce Rodr\u00edguez, S\u00e1nchez G\u00f3mez (coordinators). 2007.\" \/>\n<meta property=\"og:url\" content=\"https:\/\/booksfrommexico.com\/es\/producto\/una-mirada-binacional-al-desarrollo-regional-mexico-cuba-economia-democracia-y-sociedad\/\" \/>\n<meta property=\"og:site_name\" content=\"Books From Mexico\" \/>\n<meta property=\"article:modified_time\" content=\"2024-06-17T21:49:14+00:00\" \/>\n<meta property=\"og:image\" content=\"http:\/\/booksfrommexico.com\/app\/uploads\/2023\/05\/138845.jpeg\" \/>\n\t<meta property=\"og:image:width\" content=\"399\" \/>\n\t<meta property=\"og:image:height\" content=\"605\" \/>\n\t<meta property=\"og:image:type\" content=\"image\/jpeg\" \/>\n<meta name=\"twitter:card\" content=\"summary_large_image\" \/>\n<meta name=\"twitter:label1\" content=\"Tiempo de lectura\" \/>\n\t<meta name=\"twitter:data1\" content=\"1 minuto\" \/>\n<script type=\"application\/ld+json\" class=\"yoast-schema-graph\">{\"@context\":\"https:\\\/\\\/schema.org\",\"@graph\":[{\"@type\":\"WebPage\",\"@id\":\"https:\\\/\\\/booksfrommexico.com\\\/es\\\/producto\\\/una-mirada-binacional-al-desarrollo-regional-mexico-cuba-economia-democracia-y-sociedad\\\/\",\"url\":\"https:\\\/\\\/booksfrommexico.com\\\/es\\\/producto\\\/una-mirada-binacional-al-desarrollo-regional-mexico-cuba-economia-democracia-y-sociedad\\\/\",\"name\":\"Una mirada binacional al desarrollo regional M\u00e9xico-Cuba\",\"isPartOf\":{\"@id\":\"https:\\\/\\\/booksfrommexico.com\\\/#website\"},\"primaryImageOfPage\":{\"@id\":\"https:\\\/\\\/booksfrommexico.com\\\/es\\\/producto\\\/una-mirada-binacional-al-desarrollo-regional-mexico-cuba-economia-democracia-y-sociedad\\\/#primaryimage\"},\"image\":{\"@id\":\"https:\\\/\\\/booksfrommexico.com\\\/es\\\/producto\\\/una-mirada-binacional-al-desarrollo-regional-mexico-cuba-economia-democracia-y-sociedad\\\/#primaryimage\"},\"thumbnailUrl\":\"https:\\\/\\\/booksfrommexico.com\\\/app\\\/uploads\\\/2023\\\/05\\\/138845.jpeg\",\"datePublished\":\"2023-05-08T17:06:44+00:00\",\"dateModified\":\"2024-06-17T21:49:14+00:00\",\"description\":\"UNA MIRADA BINACIONAL AL DESARROLLO REGIONAL M\u00c9XICO-CUBA : ECONOM\u00cdA, DEMOCRACIA Y SOCIEDAD. \\\/ Arce Rodr\u00edguez, S\u00e1nchez G\u00f3mez (coordinators). 2007.\",\"breadcrumb\":{\"@id\":\"https:\\\/\\\/booksfrommexico.com\\\/es\\\/producto\\\/una-mirada-binacional-al-desarrollo-regional-mexico-cuba-economia-democracia-y-sociedad\\\/#breadcrumb\"},\"inLanguage\":\"es\",\"potentialAction\":[{\"@type\":\"ReadAction\",\"target\":[\"https:\\\/\\\/booksfrommexico.com\\\/es\\\/producto\\\/una-mirada-binacional-al-desarrollo-regional-mexico-cuba-economia-democracia-y-sociedad\\\/\"]}]},{\"@type\":\"ImageObject\",\"inLanguage\":\"es\",\"@id\":\"https:\\\/\\\/booksfrommexico.com\\\/es\\\/producto\\\/una-mirada-binacional-al-desarrollo-regional-mexico-cuba-economia-democracia-y-sociedad\\\/#primaryimage\",\"url\":\"https:\\\/\\\/booksfrommexico.com\\\/app\\\/uploads\\\/2023\\\/05\\\/138845.jpeg\",\"contentUrl\":\"https:\\\/\\\/booksfrommexico.com\\\/app\\\/uploads\\\/2023\\\/05\\\/138845.jpeg\",\"width\":399,\"height\":605,\"caption\":\"Una Mirada binacional al desarrollo regional M\u00e9xico-Cuba. Econom\u00eda, democracia y sociedad\"},{\"@type\":\"BreadcrumbList\",\"@id\":\"https:\\\/\\\/booksfrommexico.com\\\/es\\\/producto\\\/una-mirada-binacional-al-desarrollo-regional-mexico-cuba-economia-democracia-y-sociedad\\\/#breadcrumb\",\"itemListElement\":[{\"@type\":\"ListItem\",\"position\":1,\"name\":\"Home\",\"item\":\"https:\\\/\\\/booksfrommexico.com\\\/es\\\/\"},{\"@type\":\"ListItem\",\"position\":2,\"name\":\"Libros\",\"item\":\"https:\\\/\\\/booksfrommexico.com\\\/es\\\/libros\\\/\"},{\"@type\":\"ListItem\",\"position\":3,\"name\":\"Una mirada binacional al desarrollo regional M\u00e9xico-Cuba\"}]},{\"@type\":\"WebSite\",\"@id\":\"https:\\\/\\\/booksfrommexico.com\\\/#website\",\"url\":\"https:\\\/\\\/booksfrommexico.com\\\/\",\"name\":\"Books From Mexico\",\"description\":\"\",\"publisher\":{\"@id\":\"https:\\\/\\\/booksfrommexico.com\\\/#organization\"},\"potentialAction\":[{\"@type\":\"SearchAction\",\"target\":{\"@type\":\"EntryPoint\",\"urlTemplate\":\"https:\\\/\\\/booksfrommexico.com\\\/?s={search_term_string}\"},\"query-input\":{\"@type\":\"PropertyValueSpecification\",\"valueRequired\":true,\"valueName\":\"search_term_string\"}}],\"inLanguage\":\"es\"},{\"@type\":\"Organization\",\"@id\":\"https:\\\/\\\/booksfrommexico.com\\\/#organization\",\"name\":\"Books From Mexico\",\"url\":\"https:\\\/\\\/booksfrommexico.com\\\/\",\"logo\":{\"@type\":\"ImageObject\",\"inLanguage\":\"es\",\"@id\":\"https:\\\/\\\/booksfrommexico.com\\\/#\\\/schema\\\/logo\\\/image\\\/\",\"url\":\"https:\\\/\\\/booksfrommexico.com\\\/app\\\/uploads\\\/2023\\\/05\\\/logo-booksfrommexico.svg\",\"contentUrl\":\"https:\\\/\\\/booksfrommexico.com\\\/app\\\/uploads\\\/2023\\\/05\\\/logo-booksfrommexico.svg\",\"width\":86,\"height\":56,\"caption\":\"Books From Mexico\"},\"image\":{\"@id\":\"https:\\\/\\\/booksfrommexico.com\\\/#\\\/schema\\\/logo\\\/image\\\/\"}}]}<\/script>\n<!-- \/ Yoast SEO plugin. -->","yoast_head_json":{"title":"Una mirada binacional al desarrollo regional M\u00e9xico-Cuba","description":"UNA MIRADA BINACIONAL AL DESARROLLO REGIONAL M\u00c9XICO-CUBA : ECONOM\u00cdA, DEMOCRACIA Y SOCIEDAD. \/ Arce Rodr\u00edguez, S\u00e1nchez G\u00f3mez (coordinators). 2007.","robots":{"index":"index","follow":"follow","max-snippet":"max-snippet:-1","max-image-preview":"max-image-preview:large","max-video-preview":"max-video-preview:-1"},"canonical":"https:\/\/booksfrommexico.com\/es\/producto\/una-mirada-binacional-al-desarrollo-regional-mexico-cuba-economia-democracia-y-sociedad\/","og_locale":"es_ES","og_type":"article","og_title":"Una mirada binacional al desarrollo regional M\u00e9xico-Cuba","og_description":"UNA MIRADA BINACIONAL AL DESARROLLO REGIONAL M\u00c9XICO-CUBA : ECONOM\u00cdA, DEMOCRACIA Y SOCIEDAD. \/ Arce Rodr\u00edguez, S\u00e1nchez G\u00f3mez (coordinators). 2007.","og_url":"https:\/\/booksfrommexico.com\/es\/producto\/una-mirada-binacional-al-desarrollo-regional-mexico-cuba-economia-democracia-y-sociedad\/","og_site_name":"Books From Mexico","article_modified_time":"2024-06-17T21:49:14+00:00","og_image":[{"width":399,"height":605,"url":"http:\/\/booksfrommexico.com\/app\/uploads\/2023\/05\/138845.jpeg","type":"image\/jpeg"}],"twitter_card":"summary_large_image","twitter_misc":{"Tiempo de lectura":"1 minuto"},"schema":{"@context":"https:\/\/schema.org","@graph":[{"@type":"WebPage","@id":"https:\/\/booksfrommexico.com\/es\/producto\/una-mirada-binacional-al-desarrollo-regional-mexico-cuba-economia-democracia-y-sociedad\/","url":"https:\/\/booksfrommexico.com\/es\/producto\/una-mirada-binacional-al-desarrollo-regional-mexico-cuba-economia-democracia-y-sociedad\/","name":"Una mirada binacional al desarrollo regional M\u00e9xico-Cuba","isPartOf":{"@id":"https:\/\/booksfrommexico.com\/#website"},"primaryImageOfPage":{"@id":"https:\/\/booksfrommexico.com\/es\/producto\/una-mirada-binacional-al-desarrollo-regional-mexico-cuba-economia-democracia-y-sociedad\/#primaryimage"},"image":{"@id":"https:\/\/booksfrommexico.com\/es\/producto\/una-mirada-binacional-al-desarrollo-regional-mexico-cuba-economia-democracia-y-sociedad\/#primaryimage"},"thumbnailUrl":"https:\/\/booksfrommexico.com\/app\/uploads\/2023\/05\/138845.jpeg","datePublished":"2023-05-08T17:06:44+00:00","dateModified":"2024-06-17T21:49:14+00:00","description":"UNA MIRADA BINACIONAL AL DESARROLLO REGIONAL M\u00c9XICO-CUBA : ECONOM\u00cdA, DEMOCRACIA Y SOCIEDAD. \/ Arce Rodr\u00edguez, S\u00e1nchez G\u00f3mez (coordinators). 2007.","breadcrumb":{"@id":"https:\/\/booksfrommexico.com\/es\/producto\/una-mirada-binacional-al-desarrollo-regional-mexico-cuba-economia-democracia-y-sociedad\/#breadcrumb"},"inLanguage":"es","potentialAction":[{"@type":"ReadAction","target":["https:\/\/booksfrommexico.com\/es\/producto\/una-mirada-binacional-al-desarrollo-regional-mexico-cuba-economia-democracia-y-sociedad\/"]}]},{"@type":"ImageObject","inLanguage":"es","@id":"https:\/\/booksfrommexico.com\/es\/producto\/una-mirada-binacional-al-desarrollo-regional-mexico-cuba-economia-democracia-y-sociedad\/#primaryimage","url":"https:\/\/booksfrommexico.com\/app\/uploads\/2023\/05\/138845.jpeg","contentUrl":"https:\/\/booksfrommexico.com\/app\/uploads\/2023\/05\/138845.jpeg","width":399,"height":605,"caption":"Una Mirada binacional al desarrollo regional M\u00e9xico-Cuba. Econom\u00eda, democracia y sociedad"},{"@type":"BreadcrumbList","@id":"https:\/\/booksfrommexico.com\/es\/producto\/una-mirada-binacional-al-desarrollo-regional-mexico-cuba-economia-democracia-y-sociedad\/#breadcrumb","itemListElement":[{"@type":"ListItem","position":1,"name":"Home","item":"https:\/\/booksfrommexico.com\/es\/"},{"@type":"ListItem","position":2,"name":"Libros","item":"https:\/\/booksfrommexico.com\/es\/libros\/"},{"@type":"ListItem","position":3,"name":"Una mirada binacional al desarrollo regional M\u00e9xico-Cuba"}]},{"@type":"WebSite","@id":"https:\/\/booksfrommexico.com\/#website","url":"https:\/\/booksfrommexico.com\/","name":"Books From Mexico","description":"","publisher":{"@id":"https:\/\/booksfrommexico.com\/#organization"},"potentialAction":[{"@type":"SearchAction","target":{"@type":"EntryPoint","urlTemplate":"https:\/\/booksfrommexico.com\/?s={search_term_string}"},"query-input":{"@type":"PropertyValueSpecification","valueRequired":true,"valueName":"search_term_string"}}],"inLanguage":"es"},{"@type":"Organization","@id":"https:\/\/booksfrommexico.com\/#organization","name":"Books From Mexico","url":"https:\/\/booksfrommexico.com\/","logo":{"@type":"ImageObject","inLanguage":"es","@id":"https:\/\/booksfrommexico.com\/#\/schema\/logo\/image\/","url":"https:\/\/booksfrommexico.com\/app\/uploads\/2023\/05\/logo-booksfrommexico.svg","contentUrl":"https:\/\/booksfrommexico.com\/app\/uploads\/2023\/05\/logo-booksfrommexico.svg","width":86,"height":56,"caption":"Books From Mexico"},"image":{"@id":"https:\/\/booksfrommexico.com\/#\/schema\/logo\/image\/"}}]}},"_links":{"self":[{"href":"https:\/\/booksfrommexico.com\/es\/wp-json\/wp\/v2\/product\/782","targetHints":{"allow":["GET"]}}],"collection":[{"href":"https:\/\/booksfrommexico.com\/es\/wp-json\/wp\/v2\/product"}],"about":[{"href":"https:\/\/booksfrommexico.com\/es\/wp-json\/wp\/v2\/types\/product"}],"wp:featuredmedia":[{"embeddable":true,"href":"https:\/\/booksfrommexico.com\/es\/wp-json\/wp\/v2\/media\/781"}],"wp:attachment":[{"href":"https:\/\/booksfrommexico.com\/es\/wp-json\/wp\/v2\/media?parent=782"}],"wp:term":[{"taxonomy":"product_brand","embeddable":true,"href":"https:\/\/booksfrommexico.com\/es\/wp-json\/wp\/v2\/product_brand?post=782"},{"taxonomy":"product_cat","embeddable":true,"href":"https:\/\/booksfrommexico.com\/es\/wp-json\/wp\/v2\/product_cat?post=782"},{"taxonomy":"product_tag","embeddable":true,"href":"https:\/\/booksfrommexico.com\/es\/wp-json\/wp\/v2\/product_tag?post=782"}],"curies":[{"name":"wp","href":"https:\/\/api.w.org\/{rel}","templated":true}]}}