{"id":784,"date":"2023-05-08T17:06:46","date_gmt":"2023-05-08T17:06:46","guid":{"rendered":"http:\/\/booksfrommexico.com\/product\/nuevas-perspectivas-sobre-la-geografia-politica-de-los-mayas\/"},"modified":"2024-06-17T21:26:25","modified_gmt":"2024-06-17T21:26:25","slug":"nuevas-perspectivas-sobre-la-geografia-politica-de-los-mayas","status":"publish","type":"product","link":"https:\/\/booksfrommexico.com\/es\/producto\/nuevas-perspectivas-sobre-la-geografia-politica-de-los-mayas\/","title":{"rendered":"Nuevas perspectivas sobre la geograf\u00eda pol\u00edtica de los mayas"},"content":{"rendered":"<p><span style=\"font-weight: 400;\">Desde la segunda mitad del siglo XIX, la organizaci\u00f3n pol\u00edtica de las provincias mayas yucatecas se convirti\u00f3 en uno de los temas m\u00e1s discutidos tanto por arque\u00f3logos como por historiadores. Han prevalecido dos tendencias en este estudio dentro de la arqueolog\u00eda y la epigraf\u00eda: la que ve las tierras bajas mayas de la \u00e9poca Cl\u00e1sica y la interpretaci\u00f3n basada en el recuento de lecturas epigr\u00e1ficas con la idea de las entidades pol\u00edticas numerosas como fracciones territoriales peque\u00f1as. En este t\u00edtulo se enfrentan ensayos e investigaciones abarcan diversas problem\u00e1ticas sobre la geopol\u00edtica maya. Cabe aclarar que esta es una edici\u00f3n que cuenta con algunos textos completamente en ingl\u00e9s. <\/span><\/p>\n","protected":false},"excerpt":{"rendered":"<p>NUEVAS PERSPECTIVAS SOBRE LA GEOGRAF\u00cdA POL\u00cdTICA DE LOS MAYAS<span style=\"font-weight: 400;\">. \/ Tsubasa Okoshi Harada, Lorraine A. Williams-Beck, Ana Luisa Izquierdo (editors). M\u00e9xico, D.F. : Universidad Nacional Aut\u00f3noma de M\u00e9xico , Instituto de Investigaciones Filol\u00f3gicas , Centro de Estudios Mayas ; Campeche, Yucat\u00e1n, M\u00e9xico : Universidad Aut\u00f3noma de Campeche, 2006. 338 pages : includes maps, tables, charts, bibliography at the end of each chapter ; 23 cm. ISBN : 9789703232086.<\/span><\/p>\n","protected":false},"featured_media":783,"template":"","meta":{"_acf_changed":false,"inline_featured_image":false},"product_brand":[],"product_cat":[19,465],"product_tag":[3781,4163,4333],"class_list":{"0":"post-784","1":"product","2":"type-product","3":"status-publish","4":"has-post-thumbnail","6":"product_cat-antropologia","7":"product_cat-geografia","8":"product_tag-cultura-maya","9":"product_tag-geopolitica","10":"product_tag-mayas","12":"first","13":"instock","14":"taxable","15":"shipping-taxable","16":"purchasable","17":"product-type-simple"},"acf":[],"yoast_head":"<!-- This site is optimized with the Yoast SEO plugin v27.2 - https:\/\/yoast.com\/product\/yoast-seo-wordpress\/ -->\n<title>Nuevas perspectivas sobre la geograf\u00eda pol\u00edtica de los mayas<\/title>\n<meta name=\"description\" content=\"NUEVAS PERSPECTIVAS SOBRE LA GEOGRAF\u00cdA POL\u00cdTICA DE LOS MAYAS. \/ Tsubasa Okoshi Harada, Lorraine A. Williams-Beck, Ana Luisa Izquierdo (editors). 2006.\" \/>\n<meta name=\"robots\" content=\"index, follow, max-snippet:-1, max-image-preview:large, max-video-preview:-1\" \/>\n<link rel=\"canonical\" href=\"https:\/\/booksfrommexico.com\/es\/producto\/nuevas-perspectivas-sobre-la-geografia-politica-de-los-mayas\/\" \/>\n<meta property=\"og:locale\" content=\"es_ES\" \/>\n<meta property=\"og:type\" content=\"article\" \/>\n<meta property=\"og:title\" content=\"Nuevas perspectivas sobre la geograf\u00eda pol\u00edtica de los mayas\" \/>\n<meta property=\"og:description\" content=\"NUEVAS PERSPECTIVAS SOBRE LA GEOGRAF\u00cdA POL\u00cdTICA DE LOS MAYAS. \/ Tsubasa Okoshi Harada, Lorraine A. Williams-Beck, Ana Luisa Izquierdo (editors). 2006.\" \/>\n<meta property=\"og:url\" content=\"https:\/\/booksfrommexico.com\/es\/producto\/nuevas-perspectivas-sobre-la-geografia-politica-de-los-mayas\/\" \/>\n<meta property=\"og:site_name\" content=\"Books From Mexico\" \/>\n<meta property=\"article:modified_time\" content=\"2024-06-17T21:26:25+00:00\" \/>\n<meta property=\"og:image\" content=\"http:\/\/booksfrommexico.com\/app\/uploads\/2023\/05\/138996.jpeg\" \/>\n\t<meta property=\"og:image:width\" content=\"489\" \/>\n\t<meta property=\"og:image:height\" content=\"668\" \/>\n\t<meta property=\"og:image:type\" content=\"image\/jpeg\" \/>\n<meta name=\"twitter:card\" content=\"summary_large_image\" \/>\n<meta name=\"twitter:label1\" content=\"Tiempo de lectura\" \/>\n\t<meta name=\"twitter:data1\" content=\"1 minuto\" \/>\n<script type=\"application\/ld+json\" class=\"yoast-schema-graph\">{\"@context\":\"https:\/\/schema.org\",\"@graph\":[{\"@type\":\"WebPage\",\"@id\":\"https:\/\/booksfrommexico.com\/es\/producto\/nuevas-perspectivas-sobre-la-geografia-politica-de-los-mayas\/\",\"url\":\"https:\/\/booksfrommexico.com\/es\/producto\/nuevas-perspectivas-sobre-la-geografia-politica-de-los-mayas\/\",\"name\":\"Nuevas perspectivas sobre la geograf\u00eda pol\u00edtica de los mayas\",\"isPartOf\":{\"@id\":\"https:\/\/booksfrommexico.com\/#website\"},\"primaryImageOfPage\":{\"@id\":\"https:\/\/booksfrommexico.com\/es\/producto\/nuevas-perspectivas-sobre-la-geografia-politica-de-los-mayas\/#primaryimage\"},\"image\":{\"@id\":\"https:\/\/booksfrommexico.com\/es\/producto\/nuevas-perspectivas-sobre-la-geografia-politica-de-los-mayas\/#primaryimage\"},\"thumbnailUrl\":\"https:\/\/booksfrommexico.com\/app\/uploads\/2023\/05\/138996.jpeg\",\"datePublished\":\"2023-05-08T17:06:46+00:00\",\"dateModified\":\"2024-06-17T21:26:25+00:00\",\"description\":\"NUEVAS PERSPECTIVAS SOBRE LA GEOGRAF\u00cdA POL\u00cdTICA DE LOS MAYAS. \/ Tsubasa Okoshi Harada, Lorraine A. Williams-Beck, Ana Luisa Izquierdo (editors). 2006.\",\"breadcrumb\":{\"@id\":\"https:\/\/booksfrommexico.com\/es\/producto\/nuevas-perspectivas-sobre-la-geografia-politica-de-los-mayas\/#breadcrumb\"},\"inLanguage\":\"es\",\"potentialAction\":[{\"@type\":\"ReadAction\",\"target\":[\"https:\/\/booksfrommexico.com\/es\/producto\/nuevas-perspectivas-sobre-la-geografia-politica-de-los-mayas\/\"]}]},{\"@type\":\"ImageObject\",\"inLanguage\":\"es\",\"@id\":\"https:\/\/booksfrommexico.com\/es\/producto\/nuevas-perspectivas-sobre-la-geografia-politica-de-los-mayas\/#primaryimage\",\"url\":\"https:\/\/booksfrommexico.com\/app\/uploads\/2023\/05\/138996.jpeg\",\"contentUrl\":\"https:\/\/booksfrommexico.com\/app\/uploads\/2023\/05\/138996.jpeg\",\"width\":489,\"height\":668,\"caption\":\"Nuevas perspectivas sobre la geograf\u00eda pol\u00edtica de los mayas\"},{\"@type\":\"BreadcrumbList\",\"@id\":\"https:\/\/booksfrommexico.com\/es\/producto\/nuevas-perspectivas-sobre-la-geografia-politica-de-los-mayas\/#breadcrumb\",\"itemListElement\":[{\"@type\":\"ListItem\",\"position\":1,\"name\":\"Home\",\"item\":\"https:\/\/booksfrommexico.com\/es\/\"},{\"@type\":\"ListItem\",\"position\":2,\"name\":\"Libros\",\"item\":\"https:\/\/booksfrommexico.com\/es\/libros\/\"},{\"@type\":\"ListItem\",\"position\":3,\"name\":\"Nuevas perspectivas sobre la geograf\u00eda pol\u00edtica de los mayas\"}]},{\"@type\":\"WebSite\",\"@id\":\"https:\/\/booksfrommexico.com\/#website\",\"url\":\"https:\/\/booksfrommexico.com\/\",\"name\":\"Books From Mexico\",\"description\":\"\",\"publisher\":{\"@id\":\"https:\/\/booksfrommexico.com\/#organization\"},\"potentialAction\":[{\"@type\":\"SearchAction\",\"target\":{\"@type\":\"EntryPoint\",\"urlTemplate\":\"https:\/\/booksfrommexico.com\/?s={search_term_string}\"},\"query-input\":{\"@type\":\"PropertyValueSpecification\",\"valueRequired\":true,\"valueName\":\"search_term_string\"}}],\"inLanguage\":\"es\"},{\"@type\":\"Organization\",\"@id\":\"https:\/\/booksfrommexico.com\/#organization\",\"name\":\"Books From Mexico\",\"url\":\"https:\/\/booksfrommexico.com\/\",\"logo\":{\"@type\":\"ImageObject\",\"inLanguage\":\"es\",\"@id\":\"https:\/\/booksfrommexico.com\/#\/schema\/logo\/image\/\",\"url\":\"https:\/\/booksfrommexico.com\/app\/uploads\/2023\/05\/logo-booksfrommexico.svg\",\"contentUrl\":\"https:\/\/booksfrommexico.com\/app\/uploads\/2023\/05\/logo-booksfrommexico.svg\",\"width\":86,\"height\":56,\"caption\":\"Books From Mexico\"},\"image\":{\"@id\":\"https:\/\/booksfrommexico.com\/#\/schema\/logo\/image\/\"}}]}<\/script>\n<!-- \/ Yoast SEO plugin. -->","yoast_head_json":{"title":"Nuevas perspectivas sobre la geograf\u00eda pol\u00edtica de los mayas","description":"NUEVAS PERSPECTIVAS SOBRE LA GEOGRAF\u00cdA POL\u00cdTICA DE LOS MAYAS. \/ Tsubasa Okoshi Harada, Lorraine A. Williams-Beck, Ana Luisa Izquierdo (editors). 2006.","robots":{"index":"index","follow":"follow","max-snippet":"max-snippet:-1","max-image-preview":"max-image-preview:large","max-video-preview":"max-video-preview:-1"},"canonical":"https:\/\/booksfrommexico.com\/es\/producto\/nuevas-perspectivas-sobre-la-geografia-politica-de-los-mayas\/","og_locale":"es_ES","og_type":"article","og_title":"Nuevas perspectivas sobre la geograf\u00eda pol\u00edtica de los mayas","og_description":"NUEVAS PERSPECTIVAS SOBRE LA GEOGRAF\u00cdA POL\u00cdTICA DE LOS MAYAS. \/ Tsubasa Okoshi Harada, Lorraine A. Williams-Beck, Ana Luisa Izquierdo (editors). 2006.","og_url":"https:\/\/booksfrommexico.com\/es\/producto\/nuevas-perspectivas-sobre-la-geografia-politica-de-los-mayas\/","og_site_name":"Books From Mexico","article_modified_time":"2024-06-17T21:26:25+00:00","og_image":[{"width":489,"height":668,"url":"http:\/\/booksfrommexico.com\/app\/uploads\/2023\/05\/138996.jpeg","type":"image\/jpeg"}],"twitter_card":"summary_large_image","twitter_misc":{"Tiempo de lectura":"1 minuto"},"schema":{"@context":"https:\/\/schema.org","@graph":[{"@type":"WebPage","@id":"https:\/\/booksfrommexico.com\/es\/producto\/nuevas-perspectivas-sobre-la-geografia-politica-de-los-mayas\/","url":"https:\/\/booksfrommexico.com\/es\/producto\/nuevas-perspectivas-sobre-la-geografia-politica-de-los-mayas\/","name":"Nuevas perspectivas sobre la geograf\u00eda pol\u00edtica de los mayas","isPartOf":{"@id":"https:\/\/booksfrommexico.com\/#website"},"primaryImageOfPage":{"@id":"https:\/\/booksfrommexico.com\/es\/producto\/nuevas-perspectivas-sobre-la-geografia-politica-de-los-mayas\/#primaryimage"},"image":{"@id":"https:\/\/booksfrommexico.com\/es\/producto\/nuevas-perspectivas-sobre-la-geografia-politica-de-los-mayas\/#primaryimage"},"thumbnailUrl":"https:\/\/booksfrommexico.com\/app\/uploads\/2023\/05\/138996.jpeg","datePublished":"2023-05-08T17:06:46+00:00","dateModified":"2024-06-17T21:26:25+00:00","description":"NUEVAS PERSPECTIVAS SOBRE LA GEOGRAF\u00cdA POL\u00cdTICA DE LOS MAYAS. \/ Tsubasa Okoshi Harada, Lorraine A. Williams-Beck, Ana Luisa Izquierdo (editors). 2006.","breadcrumb":{"@id":"https:\/\/booksfrommexico.com\/es\/producto\/nuevas-perspectivas-sobre-la-geografia-politica-de-los-mayas\/#breadcrumb"},"inLanguage":"es","potentialAction":[{"@type":"ReadAction","target":["https:\/\/booksfrommexico.com\/es\/producto\/nuevas-perspectivas-sobre-la-geografia-politica-de-los-mayas\/"]}]},{"@type":"ImageObject","inLanguage":"es","@id":"https:\/\/booksfrommexico.com\/es\/producto\/nuevas-perspectivas-sobre-la-geografia-politica-de-los-mayas\/#primaryimage","url":"https:\/\/booksfrommexico.com\/app\/uploads\/2023\/05\/138996.jpeg","contentUrl":"https:\/\/booksfrommexico.com\/app\/uploads\/2023\/05\/138996.jpeg","width":489,"height":668,"caption":"Nuevas perspectivas sobre la geograf\u00eda pol\u00edtica de los mayas"},{"@type":"BreadcrumbList","@id":"https:\/\/booksfrommexico.com\/es\/producto\/nuevas-perspectivas-sobre-la-geografia-politica-de-los-mayas\/#breadcrumb","itemListElement":[{"@type":"ListItem","position":1,"name":"Home","item":"https:\/\/booksfrommexico.com\/es\/"},{"@type":"ListItem","position":2,"name":"Libros","item":"https:\/\/booksfrommexico.com\/es\/libros\/"},{"@type":"ListItem","position":3,"name":"Nuevas perspectivas sobre la geograf\u00eda pol\u00edtica de los mayas"}]},{"@type":"WebSite","@id":"https:\/\/booksfrommexico.com\/#website","url":"https:\/\/booksfrommexico.com\/","name":"Books From Mexico","description":"","publisher":{"@id":"https:\/\/booksfrommexico.com\/#organization"},"potentialAction":[{"@type":"SearchAction","target":{"@type":"EntryPoint","urlTemplate":"https:\/\/booksfrommexico.com\/?s={search_term_string}"},"query-input":{"@type":"PropertyValueSpecification","valueRequired":true,"valueName":"search_term_string"}}],"inLanguage":"es"},{"@type":"Organization","@id":"https:\/\/booksfrommexico.com\/#organization","name":"Books From Mexico","url":"https:\/\/booksfrommexico.com\/","logo":{"@type":"ImageObject","inLanguage":"es","@id":"https:\/\/booksfrommexico.com\/#\/schema\/logo\/image\/","url":"https:\/\/booksfrommexico.com\/app\/uploads\/2023\/05\/logo-booksfrommexico.svg","contentUrl":"https:\/\/booksfrommexico.com\/app\/uploads\/2023\/05\/logo-booksfrommexico.svg","width":86,"height":56,"caption":"Books From Mexico"},"image":{"@id":"https:\/\/booksfrommexico.com\/#\/schema\/logo\/image\/"}}]}},"_links":{"self":[{"href":"https:\/\/booksfrommexico.com\/es\/wp-json\/wp\/v2\/product\/784","targetHints":{"allow":["GET"]}}],"collection":[{"href":"https:\/\/booksfrommexico.com\/es\/wp-json\/wp\/v2\/product"}],"about":[{"href":"https:\/\/booksfrommexico.com\/es\/wp-json\/wp\/v2\/types\/product"}],"wp:featuredmedia":[{"embeddable":true,"href":"https:\/\/booksfrommexico.com\/es\/wp-json\/wp\/v2\/media\/783"}],"wp:attachment":[{"href":"https:\/\/booksfrommexico.com\/es\/wp-json\/wp\/v2\/media?parent=784"}],"wp:term":[{"taxonomy":"product_brand","embeddable":true,"href":"https:\/\/booksfrommexico.com\/es\/wp-json\/wp\/v2\/product_brand?post=784"},{"taxonomy":"product_cat","embeddable":true,"href":"https:\/\/booksfrommexico.com\/es\/wp-json\/wp\/v2\/product_cat?post=784"},{"taxonomy":"product_tag","embeddable":true,"href":"https:\/\/booksfrommexico.com\/es\/wp-json\/wp\/v2\/product_tag?post=784"}],"curies":[{"name":"wp","href":"https:\/\/api.w.org\/{rel}","templated":true}]}}