{"id":786,"date":"2023-05-08T17:06:48","date_gmt":"2023-05-08T17:06:48","guid":{"rendered":"http:\/\/booksfrommexico.com\/product\/mujeres-de-roble\/"},"modified":"2024-06-14T20:28:37","modified_gmt":"2024-06-14T20:28:37","slug":"mujeres-de-roble","status":"publish","type":"product","link":"https:\/\/booksfrommexico.com\/es\/producto\/mujeres-de-roble\/","title":{"rendered":"Mujeres de roble"},"content":{"rendered":"<p><span style=\"font-weight: 400;\">Las fotograf\u00edas incluidas en este t\u00edtulo buscan responder a la pregunta que da pauta al proyecto: \u00bfCu\u00e1les son las fuerzas misteriosas que sostienen en la azarosa cotidianidad de M\u00e9xico? Mujeres mexicanas que, realicen o no un trabajo remunerado fuera de casa, d\u00eda a d\u00eda, cuidan de sus hijos, velan por su educaci\u00f3n y bienestar, preparan los alimentos de sus familias, lavan ropa y dem\u00e1s actividades dom\u00e9sticas sin recibir paga alguna o al menos agradecimiento. Esta publicaci\u00f3n se suma a la lista de Demac, una organizaci\u00f3n que tiene como uno de sus objetivos principales invitar a las mexicanas a contar su propia historia.<\/span><\/p>\n","protected":false},"excerpt":{"rendered":"<p>MUJERES DE ROBLE<span style=\"font-weight: 400;\">. \/ M\u00e9xico, D.F. : Documentaci\u00f3n y Estudios de Mujeres, 2008. 190 pages : includes color photos ; 28 cm. ISBN : 9789686851809.<\/span><\/p>\n","protected":false},"featured_media":785,"template":"","meta":{"_acf_changed":false,"inline_featured_image":false},"product_brand":[],"product_cat":[87,165],"product_tag":[4044,3991,4043,4101,3608],"class_list":{"0":"post-786","1":"product","2":"type-product","3":"status-publish","4":"has-post-thumbnail","6":"product_cat-arte","7":"product_cat-fotografia-arte","8":"product_tag-arte","9":"product_tag-conducta-de-vida","10":"product_tag-fotografia","11":"product_tag-mujeres-es","12":"product_tag-vida-social-y-costumbres","14":"first","15":"instock","16":"taxable","17":"shipping-taxable","18":"purchasable","19":"product-type-simple"},"acf":[],"yoast_head":"<!-- This site is optimized with the Yoast SEO plugin v27.3 - https:\/\/yoast.com\/product\/yoast-seo-wordpress\/ -->\n<title>Mujeres de roble<\/title>\n<meta name=\"description\" content=\"MUJERES DE ROBLE. \/ M\u00e9xico, D.F. : Documentaci\u00f3n y Estudios de Mujeres, 2008. 190 pages : includes color photos ; 28 cm. ISBN : 9789686851809.\" \/>\n<meta name=\"robots\" content=\"index, follow, max-snippet:-1, max-image-preview:large, max-video-preview:-1\" \/>\n<link rel=\"canonical\" href=\"https:\/\/booksfrommexico.com\/es\/producto\/mujeres-de-roble\/\" \/>\n<meta property=\"og:locale\" content=\"es_ES\" \/>\n<meta property=\"og:type\" content=\"article\" \/>\n<meta property=\"og:title\" content=\"Mujeres de roble\" \/>\n<meta property=\"og:description\" content=\"MUJERES DE ROBLE. \/ M\u00e9xico, D.F. : Documentaci\u00f3n y Estudios de Mujeres, 2008. 190 pages : includes color photos ; 28 cm. ISBN : 9789686851809.\" \/>\n<meta property=\"og:url\" content=\"https:\/\/booksfrommexico.com\/es\/producto\/mujeres-de-roble\/\" \/>\n<meta property=\"og:site_name\" content=\"Books From Mexico\" \/>\n<meta property=\"article:modified_time\" content=\"2024-06-14T20:28:37+00:00\" \/>\n<meta property=\"og:image\" content=\"http:\/\/booksfrommexico.com\/app\/uploads\/2023\/05\/139242.jpeg\" \/>\n\t<meta property=\"og:image:width\" content=\"574\" \/>\n\t<meta property=\"og:image:height\" content=\"701\" \/>\n\t<meta property=\"og:image:type\" content=\"image\/jpeg\" \/>\n<meta name=\"twitter:card\" content=\"summary_large_image\" \/>\n<meta name=\"twitter:label1\" content=\"Tiempo de lectura\" \/>\n\t<meta name=\"twitter:data1\" content=\"1 minuto\" \/>\n<script type=\"application\/ld+json\" class=\"yoast-schema-graph\">{\"@context\":\"https:\\\/\\\/schema.org\",\"@graph\":[{\"@type\":\"WebPage\",\"@id\":\"https:\\\/\\\/booksfrommexico.com\\\/es\\\/producto\\\/mujeres-de-roble\\\/\",\"url\":\"https:\\\/\\\/booksfrommexico.com\\\/es\\\/producto\\\/mujeres-de-roble\\\/\",\"name\":\"Mujeres de roble\",\"isPartOf\":{\"@id\":\"https:\\\/\\\/booksfrommexico.com\\\/#website\"},\"primaryImageOfPage\":{\"@id\":\"https:\\\/\\\/booksfrommexico.com\\\/es\\\/producto\\\/mujeres-de-roble\\\/#primaryimage\"},\"image\":{\"@id\":\"https:\\\/\\\/booksfrommexico.com\\\/es\\\/producto\\\/mujeres-de-roble\\\/#primaryimage\"},\"thumbnailUrl\":\"https:\\\/\\\/booksfrommexico.com\\\/app\\\/uploads\\\/2023\\\/05\\\/139242.jpeg\",\"datePublished\":\"2023-05-08T17:06:48+00:00\",\"dateModified\":\"2024-06-14T20:28:37+00:00\",\"description\":\"MUJERES DE ROBLE. \\\/ M\u00e9xico, D.F. : Documentaci\u00f3n y Estudios de Mujeres, 2008. 190 pages : includes color photos ; 28 cm. ISBN : 9789686851809.\",\"breadcrumb\":{\"@id\":\"https:\\\/\\\/booksfrommexico.com\\\/es\\\/producto\\\/mujeres-de-roble\\\/#breadcrumb\"},\"inLanguage\":\"es\",\"potentialAction\":[{\"@type\":\"ReadAction\",\"target\":[\"https:\\\/\\\/booksfrommexico.com\\\/es\\\/producto\\\/mujeres-de-roble\\\/\"]}]},{\"@type\":\"ImageObject\",\"inLanguage\":\"es\",\"@id\":\"https:\\\/\\\/booksfrommexico.com\\\/es\\\/producto\\\/mujeres-de-roble\\\/#primaryimage\",\"url\":\"https:\\\/\\\/booksfrommexico.com\\\/app\\\/uploads\\\/2023\\\/05\\\/139242.jpeg\",\"contentUrl\":\"https:\\\/\\\/booksfrommexico.com\\\/app\\\/uploads\\\/2023\\\/05\\\/139242.jpeg\",\"width\":574,\"height\":701,\"caption\":\"Mujeres de roble. books From M\u00e9xico\"},{\"@type\":\"BreadcrumbList\",\"@id\":\"https:\\\/\\\/booksfrommexico.com\\\/es\\\/producto\\\/mujeres-de-roble\\\/#breadcrumb\",\"itemListElement\":[{\"@type\":\"ListItem\",\"position\":1,\"name\":\"Home\",\"item\":\"https:\\\/\\\/booksfrommexico.com\\\/es\\\/\"},{\"@type\":\"ListItem\",\"position\":2,\"name\":\"Libros\",\"item\":\"https:\\\/\\\/booksfrommexico.com\\\/es\\\/libros\\\/\"},{\"@type\":\"ListItem\",\"position\":3,\"name\":\"Mujeres de roble\"}]},{\"@type\":\"WebSite\",\"@id\":\"https:\\\/\\\/booksfrommexico.com\\\/#website\",\"url\":\"https:\\\/\\\/booksfrommexico.com\\\/\",\"name\":\"Books From Mexico\",\"description\":\"\",\"publisher\":{\"@id\":\"https:\\\/\\\/booksfrommexico.com\\\/#organization\"},\"potentialAction\":[{\"@type\":\"SearchAction\",\"target\":{\"@type\":\"EntryPoint\",\"urlTemplate\":\"https:\\\/\\\/booksfrommexico.com\\\/?s={search_term_string}\"},\"query-input\":{\"@type\":\"PropertyValueSpecification\",\"valueRequired\":true,\"valueName\":\"search_term_string\"}}],\"inLanguage\":\"es\"},{\"@type\":\"Organization\",\"@id\":\"https:\\\/\\\/booksfrommexico.com\\\/#organization\",\"name\":\"Books From Mexico\",\"url\":\"https:\\\/\\\/booksfrommexico.com\\\/\",\"logo\":{\"@type\":\"ImageObject\",\"inLanguage\":\"es\",\"@id\":\"https:\\\/\\\/booksfrommexico.com\\\/#\\\/schema\\\/logo\\\/image\\\/\",\"url\":\"https:\\\/\\\/booksfrommexico.com\\\/app\\\/uploads\\\/2023\\\/05\\\/logo-booksfrommexico.svg\",\"contentUrl\":\"https:\\\/\\\/booksfrommexico.com\\\/app\\\/uploads\\\/2023\\\/05\\\/logo-booksfrommexico.svg\",\"width\":86,\"height\":56,\"caption\":\"Books From Mexico\"},\"image\":{\"@id\":\"https:\\\/\\\/booksfrommexico.com\\\/#\\\/schema\\\/logo\\\/image\\\/\"}}]}<\/script>\n<!-- \/ Yoast SEO plugin. -->","yoast_head_json":{"title":"Mujeres de roble","description":"MUJERES DE ROBLE. \/ M\u00e9xico, D.F. : Documentaci\u00f3n y Estudios de Mujeres, 2008. 190 pages : includes color photos ; 28 cm. ISBN : 9789686851809.","robots":{"index":"index","follow":"follow","max-snippet":"max-snippet:-1","max-image-preview":"max-image-preview:large","max-video-preview":"max-video-preview:-1"},"canonical":"https:\/\/booksfrommexico.com\/es\/producto\/mujeres-de-roble\/","og_locale":"es_ES","og_type":"article","og_title":"Mujeres de roble","og_description":"MUJERES DE ROBLE. \/ M\u00e9xico, D.F. : Documentaci\u00f3n y Estudios de Mujeres, 2008. 190 pages : includes color photos ; 28 cm. ISBN : 9789686851809.","og_url":"https:\/\/booksfrommexico.com\/es\/producto\/mujeres-de-roble\/","og_site_name":"Books From Mexico","article_modified_time":"2024-06-14T20:28:37+00:00","og_image":[{"width":574,"height":701,"url":"http:\/\/booksfrommexico.com\/app\/uploads\/2023\/05\/139242.jpeg","type":"image\/jpeg"}],"twitter_card":"summary_large_image","twitter_misc":{"Tiempo de lectura":"1 minuto"},"schema":{"@context":"https:\/\/schema.org","@graph":[{"@type":"WebPage","@id":"https:\/\/booksfrommexico.com\/es\/producto\/mujeres-de-roble\/","url":"https:\/\/booksfrommexico.com\/es\/producto\/mujeres-de-roble\/","name":"Mujeres de roble","isPartOf":{"@id":"https:\/\/booksfrommexico.com\/#website"},"primaryImageOfPage":{"@id":"https:\/\/booksfrommexico.com\/es\/producto\/mujeres-de-roble\/#primaryimage"},"image":{"@id":"https:\/\/booksfrommexico.com\/es\/producto\/mujeres-de-roble\/#primaryimage"},"thumbnailUrl":"https:\/\/booksfrommexico.com\/app\/uploads\/2023\/05\/139242.jpeg","datePublished":"2023-05-08T17:06:48+00:00","dateModified":"2024-06-14T20:28:37+00:00","description":"MUJERES DE ROBLE. \/ M\u00e9xico, D.F. : Documentaci\u00f3n y Estudios de Mujeres, 2008. 190 pages : includes color photos ; 28 cm. ISBN : 9789686851809.","breadcrumb":{"@id":"https:\/\/booksfrommexico.com\/es\/producto\/mujeres-de-roble\/#breadcrumb"},"inLanguage":"es","potentialAction":[{"@type":"ReadAction","target":["https:\/\/booksfrommexico.com\/es\/producto\/mujeres-de-roble\/"]}]},{"@type":"ImageObject","inLanguage":"es","@id":"https:\/\/booksfrommexico.com\/es\/producto\/mujeres-de-roble\/#primaryimage","url":"https:\/\/booksfrommexico.com\/app\/uploads\/2023\/05\/139242.jpeg","contentUrl":"https:\/\/booksfrommexico.com\/app\/uploads\/2023\/05\/139242.jpeg","width":574,"height":701,"caption":"Mujeres de roble. books From M\u00e9xico"},{"@type":"BreadcrumbList","@id":"https:\/\/booksfrommexico.com\/es\/producto\/mujeres-de-roble\/#breadcrumb","itemListElement":[{"@type":"ListItem","position":1,"name":"Home","item":"https:\/\/booksfrommexico.com\/es\/"},{"@type":"ListItem","position":2,"name":"Libros","item":"https:\/\/booksfrommexico.com\/es\/libros\/"},{"@type":"ListItem","position":3,"name":"Mujeres de roble"}]},{"@type":"WebSite","@id":"https:\/\/booksfrommexico.com\/#website","url":"https:\/\/booksfrommexico.com\/","name":"Books From Mexico","description":"","publisher":{"@id":"https:\/\/booksfrommexico.com\/#organization"},"potentialAction":[{"@type":"SearchAction","target":{"@type":"EntryPoint","urlTemplate":"https:\/\/booksfrommexico.com\/?s={search_term_string}"},"query-input":{"@type":"PropertyValueSpecification","valueRequired":true,"valueName":"search_term_string"}}],"inLanguage":"es"},{"@type":"Organization","@id":"https:\/\/booksfrommexico.com\/#organization","name":"Books From Mexico","url":"https:\/\/booksfrommexico.com\/","logo":{"@type":"ImageObject","inLanguage":"es","@id":"https:\/\/booksfrommexico.com\/#\/schema\/logo\/image\/","url":"https:\/\/booksfrommexico.com\/app\/uploads\/2023\/05\/logo-booksfrommexico.svg","contentUrl":"https:\/\/booksfrommexico.com\/app\/uploads\/2023\/05\/logo-booksfrommexico.svg","width":86,"height":56,"caption":"Books From Mexico"},"image":{"@id":"https:\/\/booksfrommexico.com\/#\/schema\/logo\/image\/"}}]}},"_links":{"self":[{"href":"https:\/\/booksfrommexico.com\/es\/wp-json\/wp\/v2\/product\/786","targetHints":{"allow":["GET"]}}],"collection":[{"href":"https:\/\/booksfrommexico.com\/es\/wp-json\/wp\/v2\/product"}],"about":[{"href":"https:\/\/booksfrommexico.com\/es\/wp-json\/wp\/v2\/types\/product"}],"wp:featuredmedia":[{"embeddable":true,"href":"https:\/\/booksfrommexico.com\/es\/wp-json\/wp\/v2\/media\/785"}],"wp:attachment":[{"href":"https:\/\/booksfrommexico.com\/es\/wp-json\/wp\/v2\/media?parent=786"}],"wp:term":[{"taxonomy":"product_brand","embeddable":true,"href":"https:\/\/booksfrommexico.com\/es\/wp-json\/wp\/v2\/product_brand?post=786"},{"taxonomy":"product_cat","embeddable":true,"href":"https:\/\/booksfrommexico.com\/es\/wp-json\/wp\/v2\/product_cat?post=786"},{"taxonomy":"product_tag","embeddable":true,"href":"https:\/\/booksfrommexico.com\/es\/wp-json\/wp\/v2\/product_tag?post=786"}],"curies":[{"name":"wp","href":"https:\/\/api.w.org\/{rel}","templated":true}]}}