{"id":79,"date":"2023-05-08T16:08:19","date_gmt":"2023-05-08T16:08:19","guid":{"rendered":"http:\/\/booksfrommexico.com\/product\/hasta-aqui\/"},"modified":"2024-05-07T21:42:15","modified_gmt":"2024-05-07T21:42:15","slug":"hasta-aqui","status":"publish","type":"product","link":"https:\/\/booksfrommexico.com\/es\/producto\/hasta-aqui\/","title":{"rendered":"Hasta aqu\u00ed"},"content":{"rendered":"<p><span style=\"font-weight: 400;\">Poemario que representa para el autor un giro en sus indagaciones po\u00e9ticas, introduciendo a su estilo una afinaci\u00f3n distinta en los sentidos que lo caracterizan. El autor explora tem\u00e1ticas sobre lo extranjero, lo dom\u00e9stico, los dramas humanos, la muerte y la nostalgia. La mayor\u00eda de los poemas son cortos y concisos, los versos funcionan sin necesitar ning\u00fan tipo de rima, creando en ocasiones poemas que funcionan con versos independientes, mientras que en otras hacen grandes estrofas. El libro se divide en 5 partes, incluyendo un \u201cprefacio\u201d y un \u201cep\u00edlogo\u201d, que igualmente son poemas, pero se encargan de introducir al lector en este mundo y de darle una conclusi\u00f3n a lo escrito.<\/span><\/p>\n","protected":false},"excerpt":{"rendered":"<p>HASTA AQU\u00cd<span style=\"font-weight: 400;\">. \/ Hern\u00e1n Bravo Varela. Oaxaca de Ju\u00e1rez, Oaxaca, M\u00e9xico : Editorial Almad\u00eda, 2014. 123 pages : includes photos ; 18 cm. (Serie Poes\u00eda). ISBN : 9786074111583 (volumen) ; 6074111588 (serie).\u00a0<\/span><\/p>\n<p><br style=\"font-weight: 400;\" \/><br style=\"font-weight: 400;\" \/><\/p>\n","protected":false},"featured_media":78,"template":"","meta":{"_acf_changed":false,"inline_featured_image":false},"product_brand":[],"product_cat":[25,32],"product_tag":[4115,3598],"class_list":{"0":"post-79","1":"product","2":"type-product","3":"status-publish","4":"has-post-thumbnail","6":"product_cat-literatura","7":"product_cat-poesia-literatura","8":"product_tag-poesia-es","9":"product_tag-poesia-mexicana","11":"first","12":"instock","13":"sale","14":"taxable","15":"shipping-taxable","16":"purchasable","17":"product-type-simple"},"acf":[],"yoast_head":"<!-- This site is optimized with the Yoast SEO plugin v27.3 - https:\/\/yoast.com\/product\/yoast-seo-wordpress\/ -->\n<title>Hasta aqu\u00ed<\/title>\n<meta name=\"description\" content=\"HASTA AQU\u00cd. \/ Hern\u00e1n Bravo Varela. Oaxaca de Ju\u00e1rez, Oaxaca, M\u00e9xico : Editorial Almad\u00eda, 2014. 123 pages : includes photos ; 18 cm. (Serie Poes\u00eda).\" \/>\n<meta name=\"robots\" content=\"index, follow, max-snippet:-1, max-image-preview:large, max-video-preview:-1\" \/>\n<link rel=\"canonical\" href=\"https:\/\/booksfrommexico.com\/es\/producto\/hasta-aqui\/\" \/>\n<meta property=\"og:locale\" content=\"es_ES\" \/>\n<meta property=\"og:type\" content=\"article\" \/>\n<meta property=\"og:title\" content=\"Hasta aqu\u00ed\" \/>\n<meta property=\"og:description\" content=\"HASTA AQU\u00cd. \/ Hern\u00e1n Bravo Varela. Oaxaca de Ju\u00e1rez, Oaxaca, M\u00e9xico : Editorial Almad\u00eda, 2014. 123 pages : includes photos ; 18 cm. (Serie Poes\u00eda).\" \/>\n<meta property=\"og:url\" content=\"https:\/\/booksfrommexico.com\/es\/producto\/hasta-aqui\/\" \/>\n<meta property=\"og:site_name\" content=\"Books From Mexico\" \/>\n<meta property=\"article:modified_time\" content=\"2024-05-07T21:42:15+00:00\" \/>\n<meta property=\"og:image\" content=\"http:\/\/booksfrommexico.com\/app\/uploads\/2023\/05\/hasta-aqui.jpg\" \/>\n\t<meta property=\"og:image:width\" content=\"367\" \/>\n\t<meta property=\"og:image:height\" content=\"599\" \/>\n\t<meta property=\"og:image:type\" content=\"image\/jpeg\" \/>\n<meta name=\"twitter:card\" content=\"summary_large_image\" \/>\n<meta name=\"twitter:label1\" content=\"Tiempo de lectura\" \/>\n\t<meta name=\"twitter:data1\" content=\"1 minuto\" \/>\n<script type=\"application\/ld+json\" class=\"yoast-schema-graph\">{\"@context\":\"https:\\\/\\\/schema.org\",\"@graph\":[{\"@type\":\"WebPage\",\"@id\":\"https:\\\/\\\/booksfrommexico.com\\\/es\\\/producto\\\/hasta-aqui\\\/\",\"url\":\"https:\\\/\\\/booksfrommexico.com\\\/es\\\/producto\\\/hasta-aqui\\\/\",\"name\":\"Hasta aqu\u00ed\",\"isPartOf\":{\"@id\":\"https:\\\/\\\/booksfrommexico.com\\\/#website\"},\"primaryImageOfPage\":{\"@id\":\"https:\\\/\\\/booksfrommexico.com\\\/es\\\/producto\\\/hasta-aqui\\\/#primaryimage\"},\"image\":{\"@id\":\"https:\\\/\\\/booksfrommexico.com\\\/es\\\/producto\\\/hasta-aqui\\\/#primaryimage\"},\"thumbnailUrl\":\"https:\\\/\\\/booksfrommexico.com\\\/app\\\/uploads\\\/2023\\\/05\\\/hasta-aqui.jpg\",\"datePublished\":\"2023-05-08T16:08:19+00:00\",\"dateModified\":\"2024-05-07T21:42:15+00:00\",\"description\":\"HASTA AQU\u00cd. \\\/ Hern\u00e1n Bravo Varela. Oaxaca de Ju\u00e1rez, Oaxaca, M\u00e9xico : Editorial Almad\u00eda, 2014. 123 pages : includes photos ; 18 cm. (Serie Poes\u00eda).\",\"breadcrumb\":{\"@id\":\"https:\\\/\\\/booksfrommexico.com\\\/es\\\/producto\\\/hasta-aqui\\\/#breadcrumb\"},\"inLanguage\":\"es\",\"potentialAction\":[{\"@type\":\"ReadAction\",\"target\":[\"https:\\\/\\\/booksfrommexico.com\\\/es\\\/producto\\\/hasta-aqui\\\/\"]}]},{\"@type\":\"ImageObject\",\"inLanguage\":\"es\",\"@id\":\"https:\\\/\\\/booksfrommexico.com\\\/es\\\/producto\\\/hasta-aqui\\\/#primaryimage\",\"url\":\"https:\\\/\\\/booksfrommexico.com\\\/app\\\/uploads\\\/2023\\\/05\\\/hasta-aqui.jpg\",\"contentUrl\":\"https:\\\/\\\/booksfrommexico.com\\\/app\\\/uploads\\\/2023\\\/05\\\/hasta-aqui.jpg\",\"width\":367,\"height\":599,\"caption\":\"Hasta aqui mexican literature oaxaca\"},{\"@type\":\"BreadcrumbList\",\"@id\":\"https:\\\/\\\/booksfrommexico.com\\\/es\\\/producto\\\/hasta-aqui\\\/#breadcrumb\",\"itemListElement\":[{\"@type\":\"ListItem\",\"position\":1,\"name\":\"Home\",\"item\":\"https:\\\/\\\/booksfrommexico.com\\\/es\\\/\"},{\"@type\":\"ListItem\",\"position\":2,\"name\":\"Libros\",\"item\":\"https:\\\/\\\/booksfrommexico.com\\\/es\\\/libros\\\/\"},{\"@type\":\"ListItem\",\"position\":3,\"name\":\"Hasta aqu\u00ed\"}]},{\"@type\":\"WebSite\",\"@id\":\"https:\\\/\\\/booksfrommexico.com\\\/#website\",\"url\":\"https:\\\/\\\/booksfrommexico.com\\\/\",\"name\":\"Books From Mexico\",\"description\":\"\",\"publisher\":{\"@id\":\"https:\\\/\\\/booksfrommexico.com\\\/#organization\"},\"potentialAction\":[{\"@type\":\"SearchAction\",\"target\":{\"@type\":\"EntryPoint\",\"urlTemplate\":\"https:\\\/\\\/booksfrommexico.com\\\/?s={search_term_string}\"},\"query-input\":{\"@type\":\"PropertyValueSpecification\",\"valueRequired\":true,\"valueName\":\"search_term_string\"}}],\"inLanguage\":\"es\"},{\"@type\":\"Organization\",\"@id\":\"https:\\\/\\\/booksfrommexico.com\\\/#organization\",\"name\":\"Books From Mexico\",\"url\":\"https:\\\/\\\/booksfrommexico.com\\\/\",\"logo\":{\"@type\":\"ImageObject\",\"inLanguage\":\"es\",\"@id\":\"https:\\\/\\\/booksfrommexico.com\\\/#\\\/schema\\\/logo\\\/image\\\/\",\"url\":\"https:\\\/\\\/booksfrommexico.com\\\/app\\\/uploads\\\/2023\\\/05\\\/logo-booksfrommexico.svg\",\"contentUrl\":\"https:\\\/\\\/booksfrommexico.com\\\/app\\\/uploads\\\/2023\\\/05\\\/logo-booksfrommexico.svg\",\"width\":86,\"height\":56,\"caption\":\"Books From Mexico\"},\"image\":{\"@id\":\"https:\\\/\\\/booksfrommexico.com\\\/#\\\/schema\\\/logo\\\/image\\\/\"}}]}<\/script>\n<!-- \/ Yoast SEO plugin. -->","yoast_head_json":{"title":"Hasta aqu\u00ed","description":"HASTA AQU\u00cd. \/ Hern\u00e1n Bravo Varela. Oaxaca de Ju\u00e1rez, Oaxaca, M\u00e9xico : Editorial Almad\u00eda, 2014. 123 pages : includes photos ; 18 cm. (Serie Poes\u00eda).","robots":{"index":"index","follow":"follow","max-snippet":"max-snippet:-1","max-image-preview":"max-image-preview:large","max-video-preview":"max-video-preview:-1"},"canonical":"https:\/\/booksfrommexico.com\/es\/producto\/hasta-aqui\/","og_locale":"es_ES","og_type":"article","og_title":"Hasta aqu\u00ed","og_description":"HASTA AQU\u00cd. \/ Hern\u00e1n Bravo Varela. Oaxaca de Ju\u00e1rez, Oaxaca, M\u00e9xico : Editorial Almad\u00eda, 2014. 123 pages : includes photos ; 18 cm. (Serie Poes\u00eda).","og_url":"https:\/\/booksfrommexico.com\/es\/producto\/hasta-aqui\/","og_site_name":"Books From Mexico","article_modified_time":"2024-05-07T21:42:15+00:00","og_image":[{"width":367,"height":599,"url":"http:\/\/booksfrommexico.com\/app\/uploads\/2023\/05\/hasta-aqui.jpg","type":"image\/jpeg"}],"twitter_card":"summary_large_image","twitter_misc":{"Tiempo de lectura":"1 minuto"},"schema":{"@context":"https:\/\/schema.org","@graph":[{"@type":"WebPage","@id":"https:\/\/booksfrommexico.com\/es\/producto\/hasta-aqui\/","url":"https:\/\/booksfrommexico.com\/es\/producto\/hasta-aqui\/","name":"Hasta aqu\u00ed","isPartOf":{"@id":"https:\/\/booksfrommexico.com\/#website"},"primaryImageOfPage":{"@id":"https:\/\/booksfrommexico.com\/es\/producto\/hasta-aqui\/#primaryimage"},"image":{"@id":"https:\/\/booksfrommexico.com\/es\/producto\/hasta-aqui\/#primaryimage"},"thumbnailUrl":"https:\/\/booksfrommexico.com\/app\/uploads\/2023\/05\/hasta-aqui.jpg","datePublished":"2023-05-08T16:08:19+00:00","dateModified":"2024-05-07T21:42:15+00:00","description":"HASTA AQU\u00cd. \/ Hern\u00e1n Bravo Varela. Oaxaca de Ju\u00e1rez, Oaxaca, M\u00e9xico : Editorial Almad\u00eda, 2014. 123 pages : includes photos ; 18 cm. (Serie Poes\u00eda).","breadcrumb":{"@id":"https:\/\/booksfrommexico.com\/es\/producto\/hasta-aqui\/#breadcrumb"},"inLanguage":"es","potentialAction":[{"@type":"ReadAction","target":["https:\/\/booksfrommexico.com\/es\/producto\/hasta-aqui\/"]}]},{"@type":"ImageObject","inLanguage":"es","@id":"https:\/\/booksfrommexico.com\/es\/producto\/hasta-aqui\/#primaryimage","url":"https:\/\/booksfrommexico.com\/app\/uploads\/2023\/05\/hasta-aqui.jpg","contentUrl":"https:\/\/booksfrommexico.com\/app\/uploads\/2023\/05\/hasta-aqui.jpg","width":367,"height":599,"caption":"Hasta aqui mexican literature oaxaca"},{"@type":"BreadcrumbList","@id":"https:\/\/booksfrommexico.com\/es\/producto\/hasta-aqui\/#breadcrumb","itemListElement":[{"@type":"ListItem","position":1,"name":"Home","item":"https:\/\/booksfrommexico.com\/es\/"},{"@type":"ListItem","position":2,"name":"Libros","item":"https:\/\/booksfrommexico.com\/es\/libros\/"},{"@type":"ListItem","position":3,"name":"Hasta aqu\u00ed"}]},{"@type":"WebSite","@id":"https:\/\/booksfrommexico.com\/#website","url":"https:\/\/booksfrommexico.com\/","name":"Books From Mexico","description":"","publisher":{"@id":"https:\/\/booksfrommexico.com\/#organization"},"potentialAction":[{"@type":"SearchAction","target":{"@type":"EntryPoint","urlTemplate":"https:\/\/booksfrommexico.com\/?s={search_term_string}"},"query-input":{"@type":"PropertyValueSpecification","valueRequired":true,"valueName":"search_term_string"}}],"inLanguage":"es"},{"@type":"Organization","@id":"https:\/\/booksfrommexico.com\/#organization","name":"Books From Mexico","url":"https:\/\/booksfrommexico.com\/","logo":{"@type":"ImageObject","inLanguage":"es","@id":"https:\/\/booksfrommexico.com\/#\/schema\/logo\/image\/","url":"https:\/\/booksfrommexico.com\/app\/uploads\/2023\/05\/logo-booksfrommexico.svg","contentUrl":"https:\/\/booksfrommexico.com\/app\/uploads\/2023\/05\/logo-booksfrommexico.svg","width":86,"height":56,"caption":"Books From Mexico"},"image":{"@id":"https:\/\/booksfrommexico.com\/#\/schema\/logo\/image\/"}}]}},"_links":{"self":[{"href":"https:\/\/booksfrommexico.com\/es\/wp-json\/wp\/v2\/product\/79","targetHints":{"allow":["GET"]}}],"collection":[{"href":"https:\/\/booksfrommexico.com\/es\/wp-json\/wp\/v2\/product"}],"about":[{"href":"https:\/\/booksfrommexico.com\/es\/wp-json\/wp\/v2\/types\/product"}],"wp:featuredmedia":[{"embeddable":true,"href":"https:\/\/booksfrommexico.com\/es\/wp-json\/wp\/v2\/media\/78"}],"wp:attachment":[{"href":"https:\/\/booksfrommexico.com\/es\/wp-json\/wp\/v2\/media?parent=79"}],"wp:term":[{"taxonomy":"product_brand","embeddable":true,"href":"https:\/\/booksfrommexico.com\/es\/wp-json\/wp\/v2\/product_brand?post=79"},{"taxonomy":"product_cat","embeddable":true,"href":"https:\/\/booksfrommexico.com\/es\/wp-json\/wp\/v2\/product_cat?post=79"},{"taxonomy":"product_tag","embeddable":true,"href":"https:\/\/booksfrommexico.com\/es\/wp-json\/wp\/v2\/product_tag?post=79"}],"curies":[{"name":"wp","href":"https:\/\/api.w.org\/{rel}","templated":true}]}}