{"id":790,"date":"2023-05-08T17:06:50","date_gmt":"2023-05-08T17:06:50","guid":{"rendered":"http:\/\/booksfrommexico.com\/product\/migracion-reconfiguracion-transnacional-y-flujos-de-poblacion\/"},"modified":"2025-04-21T17:51:13","modified_gmt":"2025-04-21T17:51:13","slug":"migracion-reconfiguracion-transnacional-y-flujos-de-poblacion","status":"publish","type":"product","link":"https:\/\/booksfrommexico.com\/es\/producto\/migracion-reconfiguracion-transnacional-y-flujos-de-poblacion\/","title":{"rendered":"Migraci\u00f3n. Reconfiguraci\u00f3n transnacional y flujos de poblaci\u00f3n"},"content":{"rendered":"","protected":false},"excerpt":{"rendered":"<p>Marcela Ibarra Mateos, coordinadora. Puebla, M\u00e9xico: Universidad Iberoamericana Puebla, 2007. 350 pages : 21 cm. \u00abColecci\u00f3n Separata\u00bb, 8. ISBN: 9789709720396<\/p>\n","protected":false},"featured_media":789,"template":"","meta":{"_acf_changed":false,"inline_featured_image":false},"product_brand":[],"product_cat":[42],"product_tag":[],"class_list":{"0":"post-790","1":"product","2":"type-product","3":"status-publish","4":"has-post-thumbnail","6":"product_cat-temas-de-inmigracion-y-migraciones-humanas","8":"first","9":"outofstock","10":"taxable","11":"shipping-taxable","12":"purchasable","13":"product-type-simple"},"acf":[],"yoast_head":"<!-- This site is optimized with the Yoast SEO plugin v27.3 - https:\/\/yoast.com\/product\/yoast-seo-wordpress\/ -->\n<title>Migraci\u00f3n. Reconfiguraci\u00f3n transnacional y flujos de poblaci\u00f3n.<\/title>\n<meta name=\"description\" content=\"Reconfiguraci\u00f3n transnacional y flujos de poblaci\u00f3n. Marcela Ibarra Mateos, coordinadora. Puebla, M\u00e9xico. 2007. Books From M\u00e9xico\" \/>\n<meta name=\"robots\" content=\"index, follow, max-snippet:-1, max-image-preview:large, max-video-preview:-1\" \/>\n<link rel=\"canonical\" href=\"https:\/\/booksfrommexico.com\/es\/producto\/migracion-reconfiguracion-transnacional-y-flujos-de-poblacion\/\" \/>\n<meta property=\"og:locale\" content=\"es_ES\" \/>\n<meta property=\"og:type\" content=\"article\" \/>\n<meta property=\"og:title\" content=\"Migraci\u00f3n. Reconfiguraci\u00f3n transnacional y flujos de poblaci\u00f3n.\" \/>\n<meta property=\"og:description\" content=\"Reconfiguraci\u00f3n transnacional y flujos de poblaci\u00f3n. Marcela Ibarra Mateos, coordinadora. Puebla, M\u00e9xico. 2007. Books From M\u00e9xico\" \/>\n<meta property=\"og:url\" content=\"https:\/\/booksfrommexico.com\/es\/producto\/migracion-reconfiguracion-transnacional-y-flujos-de-poblacion\/\" \/>\n<meta property=\"og:site_name\" content=\"Books From Mexico\" \/>\n<meta property=\"article:modified_time\" content=\"2025-04-21T17:51:13+00:00\" \/>\n<meta property=\"og:image\" content=\"http:\/\/booksfrommexico.com\/app\/uploads\/2023\/05\/139269.jpeg\" \/>\n\t<meta property=\"og:image:width\" content=\"402\" \/>\n\t<meta property=\"og:image:height\" content=\"607\" \/>\n\t<meta property=\"og:image:type\" content=\"image\/jpeg\" \/>\n<meta name=\"twitter:card\" content=\"summary_large_image\" \/>\n<script type=\"application\/ld+json\" class=\"yoast-schema-graph\">{\"@context\":\"https:\\\/\\\/schema.org\",\"@graph\":[{\"@type\":\"WebPage\",\"@id\":\"https:\\\/\\\/booksfrommexico.com\\\/es\\\/producto\\\/migracion-reconfiguracion-transnacional-y-flujos-de-poblacion\\\/\",\"url\":\"https:\\\/\\\/booksfrommexico.com\\\/es\\\/producto\\\/migracion-reconfiguracion-transnacional-y-flujos-de-poblacion\\\/\",\"name\":\"Migraci\u00f3n. Reconfiguraci\u00f3n transnacional y flujos de poblaci\u00f3n.\",\"isPartOf\":{\"@id\":\"https:\\\/\\\/booksfrommexico.com\\\/#website\"},\"primaryImageOfPage\":{\"@id\":\"https:\\\/\\\/booksfrommexico.com\\\/es\\\/producto\\\/migracion-reconfiguracion-transnacional-y-flujos-de-poblacion\\\/#primaryimage\"},\"image\":{\"@id\":\"https:\\\/\\\/booksfrommexico.com\\\/es\\\/producto\\\/migracion-reconfiguracion-transnacional-y-flujos-de-poblacion\\\/#primaryimage\"},\"thumbnailUrl\":\"https:\\\/\\\/booksfrommexico.com\\\/app\\\/uploads\\\/2023\\\/05\\\/139269.jpeg\",\"datePublished\":\"2023-05-08T17:06:50+00:00\",\"dateModified\":\"2025-04-21T17:51:13+00:00\",\"description\":\"Reconfiguraci\u00f3n transnacional y flujos de poblaci\u00f3n. Marcela Ibarra Mateos, coordinadora. Puebla, M\u00e9xico. 2007. Books From M\u00e9xico\",\"breadcrumb\":{\"@id\":\"https:\\\/\\\/booksfrommexico.com\\\/es\\\/producto\\\/migracion-reconfiguracion-transnacional-y-flujos-de-poblacion\\\/#breadcrumb\"},\"inLanguage\":\"es\",\"potentialAction\":[{\"@type\":\"ReadAction\",\"target\":[\"https:\\\/\\\/booksfrommexico.com\\\/es\\\/producto\\\/migracion-reconfiguracion-transnacional-y-flujos-de-poblacion\\\/\"]}]},{\"@type\":\"ImageObject\",\"inLanguage\":\"es\",\"@id\":\"https:\\\/\\\/booksfrommexico.com\\\/es\\\/producto\\\/migracion-reconfiguracion-transnacional-y-flujos-de-poblacion\\\/#primaryimage\",\"url\":\"https:\\\/\\\/booksfrommexico.com\\\/app\\\/uploads\\\/2023\\\/05\\\/139269.jpeg\",\"contentUrl\":\"https:\\\/\\\/booksfrommexico.com\\\/app\\\/uploads\\\/2023\\\/05\\\/139269.jpeg\",\"width\":402,\"height\":607,\"caption\":\"Migraci\u00f3n. Reconfiguraci\u00f3n transnacional y flujos de poblaci\u00f3n. Books From M\u00e9xico\"},{\"@type\":\"BreadcrumbList\",\"@id\":\"https:\\\/\\\/booksfrommexico.com\\\/es\\\/producto\\\/migracion-reconfiguracion-transnacional-y-flujos-de-poblacion\\\/#breadcrumb\",\"itemListElement\":[{\"@type\":\"ListItem\",\"position\":1,\"name\":\"Home\",\"item\":\"https:\\\/\\\/booksfrommexico.com\\\/es\\\/\"},{\"@type\":\"ListItem\",\"position\":2,\"name\":\"Libros\",\"item\":\"https:\\\/\\\/booksfrommexico.com\\\/es\\\/libros\\\/\"},{\"@type\":\"ListItem\",\"position\":3,\"name\":\"Migraci\u00f3n. Reconfiguraci\u00f3n transnacional y flujos de poblaci\u00f3n\"}]},{\"@type\":\"WebSite\",\"@id\":\"https:\\\/\\\/booksfrommexico.com\\\/#website\",\"url\":\"https:\\\/\\\/booksfrommexico.com\\\/\",\"name\":\"Books From Mexico\",\"description\":\"\",\"publisher\":{\"@id\":\"https:\\\/\\\/booksfrommexico.com\\\/#organization\"},\"potentialAction\":[{\"@type\":\"SearchAction\",\"target\":{\"@type\":\"EntryPoint\",\"urlTemplate\":\"https:\\\/\\\/booksfrommexico.com\\\/?s={search_term_string}\"},\"query-input\":{\"@type\":\"PropertyValueSpecification\",\"valueRequired\":true,\"valueName\":\"search_term_string\"}}],\"inLanguage\":\"es\"},{\"@type\":\"Organization\",\"@id\":\"https:\\\/\\\/booksfrommexico.com\\\/#organization\",\"name\":\"Books From Mexico\",\"url\":\"https:\\\/\\\/booksfrommexico.com\\\/\",\"logo\":{\"@type\":\"ImageObject\",\"inLanguage\":\"es\",\"@id\":\"https:\\\/\\\/booksfrommexico.com\\\/#\\\/schema\\\/logo\\\/image\\\/\",\"url\":\"https:\\\/\\\/booksfrommexico.com\\\/app\\\/uploads\\\/2023\\\/05\\\/logo-booksfrommexico.svg\",\"contentUrl\":\"https:\\\/\\\/booksfrommexico.com\\\/app\\\/uploads\\\/2023\\\/05\\\/logo-booksfrommexico.svg\",\"width\":86,\"height\":56,\"caption\":\"Books From Mexico\"},\"image\":{\"@id\":\"https:\\\/\\\/booksfrommexico.com\\\/#\\\/schema\\\/logo\\\/image\\\/\"}}]}<\/script>\n<!-- \/ Yoast SEO plugin. -->","yoast_head_json":{"title":"Migraci\u00f3n. Reconfiguraci\u00f3n transnacional y flujos de poblaci\u00f3n.","description":"Reconfiguraci\u00f3n transnacional y flujos de poblaci\u00f3n. Marcela Ibarra Mateos, coordinadora. Puebla, M\u00e9xico. 2007. Books From M\u00e9xico","robots":{"index":"index","follow":"follow","max-snippet":"max-snippet:-1","max-image-preview":"max-image-preview:large","max-video-preview":"max-video-preview:-1"},"canonical":"https:\/\/booksfrommexico.com\/es\/producto\/migracion-reconfiguracion-transnacional-y-flujos-de-poblacion\/","og_locale":"es_ES","og_type":"article","og_title":"Migraci\u00f3n. Reconfiguraci\u00f3n transnacional y flujos de poblaci\u00f3n.","og_description":"Reconfiguraci\u00f3n transnacional y flujos de poblaci\u00f3n. Marcela Ibarra Mateos, coordinadora. Puebla, M\u00e9xico. 2007. Books From M\u00e9xico","og_url":"https:\/\/booksfrommexico.com\/es\/producto\/migracion-reconfiguracion-transnacional-y-flujos-de-poblacion\/","og_site_name":"Books From Mexico","article_modified_time":"2025-04-21T17:51:13+00:00","og_image":[{"width":402,"height":607,"url":"http:\/\/booksfrommexico.com\/app\/uploads\/2023\/05\/139269.jpeg","type":"image\/jpeg"}],"twitter_card":"summary_large_image","schema":{"@context":"https:\/\/schema.org","@graph":[{"@type":"WebPage","@id":"https:\/\/booksfrommexico.com\/es\/producto\/migracion-reconfiguracion-transnacional-y-flujos-de-poblacion\/","url":"https:\/\/booksfrommexico.com\/es\/producto\/migracion-reconfiguracion-transnacional-y-flujos-de-poblacion\/","name":"Migraci\u00f3n. Reconfiguraci\u00f3n transnacional y flujos de poblaci\u00f3n.","isPartOf":{"@id":"https:\/\/booksfrommexico.com\/#website"},"primaryImageOfPage":{"@id":"https:\/\/booksfrommexico.com\/es\/producto\/migracion-reconfiguracion-transnacional-y-flujos-de-poblacion\/#primaryimage"},"image":{"@id":"https:\/\/booksfrommexico.com\/es\/producto\/migracion-reconfiguracion-transnacional-y-flujos-de-poblacion\/#primaryimage"},"thumbnailUrl":"https:\/\/booksfrommexico.com\/app\/uploads\/2023\/05\/139269.jpeg","datePublished":"2023-05-08T17:06:50+00:00","dateModified":"2025-04-21T17:51:13+00:00","description":"Reconfiguraci\u00f3n transnacional y flujos de poblaci\u00f3n. Marcela Ibarra Mateos, coordinadora. Puebla, M\u00e9xico. 2007. Books From M\u00e9xico","breadcrumb":{"@id":"https:\/\/booksfrommexico.com\/es\/producto\/migracion-reconfiguracion-transnacional-y-flujos-de-poblacion\/#breadcrumb"},"inLanguage":"es","potentialAction":[{"@type":"ReadAction","target":["https:\/\/booksfrommexico.com\/es\/producto\/migracion-reconfiguracion-transnacional-y-flujos-de-poblacion\/"]}]},{"@type":"ImageObject","inLanguage":"es","@id":"https:\/\/booksfrommexico.com\/es\/producto\/migracion-reconfiguracion-transnacional-y-flujos-de-poblacion\/#primaryimage","url":"https:\/\/booksfrommexico.com\/app\/uploads\/2023\/05\/139269.jpeg","contentUrl":"https:\/\/booksfrommexico.com\/app\/uploads\/2023\/05\/139269.jpeg","width":402,"height":607,"caption":"Migraci\u00f3n. Reconfiguraci\u00f3n transnacional y flujos de poblaci\u00f3n. Books From M\u00e9xico"},{"@type":"BreadcrumbList","@id":"https:\/\/booksfrommexico.com\/es\/producto\/migracion-reconfiguracion-transnacional-y-flujos-de-poblacion\/#breadcrumb","itemListElement":[{"@type":"ListItem","position":1,"name":"Home","item":"https:\/\/booksfrommexico.com\/es\/"},{"@type":"ListItem","position":2,"name":"Libros","item":"https:\/\/booksfrommexico.com\/es\/libros\/"},{"@type":"ListItem","position":3,"name":"Migraci\u00f3n. Reconfiguraci\u00f3n transnacional y flujos de poblaci\u00f3n"}]},{"@type":"WebSite","@id":"https:\/\/booksfrommexico.com\/#website","url":"https:\/\/booksfrommexico.com\/","name":"Books From Mexico","description":"","publisher":{"@id":"https:\/\/booksfrommexico.com\/#organization"},"potentialAction":[{"@type":"SearchAction","target":{"@type":"EntryPoint","urlTemplate":"https:\/\/booksfrommexico.com\/?s={search_term_string}"},"query-input":{"@type":"PropertyValueSpecification","valueRequired":true,"valueName":"search_term_string"}}],"inLanguage":"es"},{"@type":"Organization","@id":"https:\/\/booksfrommexico.com\/#organization","name":"Books From Mexico","url":"https:\/\/booksfrommexico.com\/","logo":{"@type":"ImageObject","inLanguage":"es","@id":"https:\/\/booksfrommexico.com\/#\/schema\/logo\/image\/","url":"https:\/\/booksfrommexico.com\/app\/uploads\/2023\/05\/logo-booksfrommexico.svg","contentUrl":"https:\/\/booksfrommexico.com\/app\/uploads\/2023\/05\/logo-booksfrommexico.svg","width":86,"height":56,"caption":"Books From Mexico"},"image":{"@id":"https:\/\/booksfrommexico.com\/#\/schema\/logo\/image\/"}}]}},"_links":{"self":[{"href":"https:\/\/booksfrommexico.com\/es\/wp-json\/wp\/v2\/product\/790","targetHints":{"allow":["GET"]}}],"collection":[{"href":"https:\/\/booksfrommexico.com\/es\/wp-json\/wp\/v2\/product"}],"about":[{"href":"https:\/\/booksfrommexico.com\/es\/wp-json\/wp\/v2\/types\/product"}],"wp:featuredmedia":[{"embeddable":true,"href":"https:\/\/booksfrommexico.com\/es\/wp-json\/wp\/v2\/media\/789"}],"wp:attachment":[{"href":"https:\/\/booksfrommexico.com\/es\/wp-json\/wp\/v2\/media?parent=790"}],"wp:term":[{"taxonomy":"product_brand","embeddable":true,"href":"https:\/\/booksfrommexico.com\/es\/wp-json\/wp\/v2\/product_brand?post=790"},{"taxonomy":"product_cat","embeddable":true,"href":"https:\/\/booksfrommexico.com\/es\/wp-json\/wp\/v2\/product_cat?post=790"},{"taxonomy":"product_tag","embeddable":true,"href":"https:\/\/booksfrommexico.com\/es\/wp-json\/wp\/v2\/product_tag?post=790"}],"curies":[{"name":"wp","href":"https:\/\/api.w.org\/{rel}","templated":true}]}}