{"id":794,"date":"2023-05-08T17:06:53","date_gmt":"2023-05-08T17:06:53","guid":{"rendered":"http:\/\/booksfrommexico.com\/product\/historia-de-la-produccion-cinematografica-mexicana-1979-1980\/"},"modified":"2024-06-14T18:36:31","modified_gmt":"2024-06-14T18:36:31","slug":"historia-de-la-produccion-cinematografica-mexicana-1979-1980","status":"publish","type":"product","link":"https:\/\/booksfrommexico.com\/es\/producto\/historia-de-la-produccion-cinematografica-mexicana-1979-1980\/","title":{"rendered":"Historia de la producci\u00f3n cinematogr\u00e1fica mexicana, 1979-1980"},"content":{"rendered":"<p><span style=\"font-weight: 400;\">Este segundo volumen cubre el bienio (1979-1989) donde se inicia el proceso de retiro definitivo de la participaci\u00f3n estatal en el sector de la producci\u00f3n tal como fuera concebida y desarrollada durante el sexenio anterior. Tras un presunto fraude,\u00a0 el arresto y la persecuci\u00f3n de funcionarios para justificar una pol\u00edtica de reprivatizaci\u00f3n que se adelant\u00f3 al neoliberalismo que ser\u00eda aplicado en otras \u00e1reas de la econom\u00eda nacional, devino un colapso en la producci\u00f3n cinematogr\u00e1fica del pa\u00eds. Este colapso del cine se cubre aqu\u00ed, explorando c\u00f3mo la calidad de las pel\u00edculas decay\u00f3, teniendo algunas excepciones que funcionaron para dignificar la tradici\u00f3n f\u00edlmica mexicana.<\/span><\/p>\n<p><br style=\"font-weight: 400;\" \/><br style=\"font-weight: 400;\" \/><\/p>\n","protected":false},"excerpt":{"rendered":"<p>HISTORIA DE LA PRODUCCI\u00d3N CINEMATOGR\u00c1FICA MEXICANA, 1979-1980<span style=\"font-weight: 400;\">. \/ Eduardo de la Vega Alfaro (coordinator). M\u00e9xico, D.F. : Consejo Nacional para la Cultura y las Artes ;Instituto Mexicano de Cinematograf\u00eda ; Guadalajara, Jalisco, M\u00e9xico : Universidad de Guadalajara ; Xalapa, Veracruz, M\u00e9xico : Universidad Veracruzana, 2008. 384 pages : includes photos, semblances, bibliography ; 25 cm. ISBN : 9789702714002.<\/span><\/p>\n","protected":false},"featured_media":793,"template":"","meta":{"_acf_changed":false,"inline_featured_image":false},"product_brand":[],"product_cat":[944,911],"product_tag":[4044,4037,4398,4367],"class_list":{"0":"post-794","1":"product","2":"type-product","3":"status-publish","4":"has-post-thumbnail","6":"product_cat-historia-pelicula-y-cine","7":"product_cat-pelicula-y-cine","8":"product_tag-arte","9":"product_tag-cine-mexicano","10":"product_tag-historia-mexico","11":"product_tag-historia-del-cine","13":"first","14":"instock","15":"taxable","16":"shipping-taxable","17":"purchasable","18":"product-type-simple"},"acf":[],"yoast_head":"<!-- This site is optimized with the Yoast SEO plugin v27.3 - https:\/\/yoast.com\/product\/yoast-seo-wordpress\/ -->\n<title>Historia de la producci\u00f3n cinematogr\u00e1fica mexicana, 1979-1980<\/title>\n<meta name=\"description\" content=\"HISTORIA DE LA PRODUCCI\u00d3N CINEMATOGR\u00c1FICA MEXICANA, 1979-1980. \/ Eduardo de la Vega Alfaro (coordinator). CONACULTA ; Instituto Mexicano de Cinematograf\u00eda.\" \/>\n<meta name=\"robots\" content=\"index, follow, max-snippet:-1, max-image-preview:large, max-video-preview:-1\" \/>\n<link rel=\"canonical\" href=\"https:\/\/booksfrommexico.com\/es\/producto\/historia-de-la-produccion-cinematografica-mexicana-1979-1980\/\" \/>\n<meta property=\"og:locale\" content=\"es_ES\" \/>\n<meta property=\"og:type\" content=\"article\" \/>\n<meta property=\"og:title\" content=\"Historia de la producci\u00f3n cinematogr\u00e1fica mexicana, 1979-1980\" \/>\n<meta property=\"og:description\" content=\"HISTORIA DE LA PRODUCCI\u00d3N CINEMATOGR\u00c1FICA MEXICANA, 1979-1980. \/ Eduardo de la Vega Alfaro (coordinator). CONACULTA ; Instituto Mexicano de Cinematograf\u00eda.\" \/>\n<meta property=\"og:url\" content=\"https:\/\/booksfrommexico.com\/es\/producto\/historia-de-la-produccion-cinematografica-mexicana-1979-1980\/\" \/>\n<meta property=\"og:site_name\" content=\"Books From Mexico\" \/>\n<meta property=\"article:modified_time\" content=\"2024-06-14T18:36:31+00:00\" \/>\n<meta property=\"og:image\" content=\"http:\/\/booksfrommexico.com\/app\/uploads\/2023\/05\/139583.jpeg\" \/>\n\t<meta property=\"og:image:width\" content=\"547\" \/>\n\t<meta property=\"og:image:height\" content=\"728\" \/>\n\t<meta property=\"og:image:type\" content=\"image\/jpeg\" \/>\n<meta name=\"twitter:card\" content=\"summary_large_image\" \/>\n<meta name=\"twitter:label1\" content=\"Tiempo de lectura\" \/>\n\t<meta name=\"twitter:data1\" content=\"1 minuto\" \/>\n<script type=\"application\/ld+json\" class=\"yoast-schema-graph\">{\"@context\":\"https:\\\/\\\/schema.org\",\"@graph\":[{\"@type\":\"WebPage\",\"@id\":\"https:\\\/\\\/booksfrommexico.com\\\/es\\\/producto\\\/historia-de-la-produccion-cinematografica-mexicana-1979-1980\\\/\",\"url\":\"https:\\\/\\\/booksfrommexico.com\\\/es\\\/producto\\\/historia-de-la-produccion-cinematografica-mexicana-1979-1980\\\/\",\"name\":\"Historia de la producci\u00f3n cinematogr\u00e1fica mexicana, 1979-1980\",\"isPartOf\":{\"@id\":\"https:\\\/\\\/booksfrommexico.com\\\/#website\"},\"primaryImageOfPage\":{\"@id\":\"https:\\\/\\\/booksfrommexico.com\\\/es\\\/producto\\\/historia-de-la-produccion-cinematografica-mexicana-1979-1980\\\/#primaryimage\"},\"image\":{\"@id\":\"https:\\\/\\\/booksfrommexico.com\\\/es\\\/producto\\\/historia-de-la-produccion-cinematografica-mexicana-1979-1980\\\/#primaryimage\"},\"thumbnailUrl\":\"https:\\\/\\\/booksfrommexico.com\\\/app\\\/uploads\\\/2023\\\/05\\\/139583.jpeg\",\"datePublished\":\"2023-05-08T17:06:53+00:00\",\"dateModified\":\"2024-06-14T18:36:31+00:00\",\"description\":\"HISTORIA DE LA PRODUCCI\u00d3N CINEMATOGR\u00c1FICA MEXICANA, 1979-1980. \\\/ Eduardo de la Vega Alfaro (coordinator). CONACULTA ; Instituto Mexicano de Cinematograf\u00eda.\",\"breadcrumb\":{\"@id\":\"https:\\\/\\\/booksfrommexico.com\\\/es\\\/producto\\\/historia-de-la-produccion-cinematografica-mexicana-1979-1980\\\/#breadcrumb\"},\"inLanguage\":\"es\",\"potentialAction\":[{\"@type\":\"ReadAction\",\"target\":[\"https:\\\/\\\/booksfrommexico.com\\\/es\\\/producto\\\/historia-de-la-produccion-cinematografica-mexicana-1979-1980\\\/\"]}]},{\"@type\":\"ImageObject\",\"inLanguage\":\"es\",\"@id\":\"https:\\\/\\\/booksfrommexico.com\\\/es\\\/producto\\\/historia-de-la-produccion-cinematografica-mexicana-1979-1980\\\/#primaryimage\",\"url\":\"https:\\\/\\\/booksfrommexico.com\\\/app\\\/uploads\\\/2023\\\/05\\\/139583.jpeg\",\"contentUrl\":\"https:\\\/\\\/booksfrommexico.com\\\/app\\\/uploads\\\/2023\\\/05\\\/139583.jpeg\",\"width\":547,\"height\":728,\"caption\":\"Historia de la producci\u00f3n cinematogr\u00e1fica mexicana, 1979-1980\"},{\"@type\":\"BreadcrumbList\",\"@id\":\"https:\\\/\\\/booksfrommexico.com\\\/es\\\/producto\\\/historia-de-la-produccion-cinematografica-mexicana-1979-1980\\\/#breadcrumb\",\"itemListElement\":[{\"@type\":\"ListItem\",\"position\":1,\"name\":\"Home\",\"item\":\"https:\\\/\\\/booksfrommexico.com\\\/es\\\/\"},{\"@type\":\"ListItem\",\"position\":2,\"name\":\"Libros\",\"item\":\"https:\\\/\\\/booksfrommexico.com\\\/es\\\/libros\\\/\"},{\"@type\":\"ListItem\",\"position\":3,\"name\":\"Historia de la producci\u00f3n cinematogr\u00e1fica mexicana, 1979-1980\"}]},{\"@type\":\"WebSite\",\"@id\":\"https:\\\/\\\/booksfrommexico.com\\\/#website\",\"url\":\"https:\\\/\\\/booksfrommexico.com\\\/\",\"name\":\"Books From Mexico\",\"description\":\"\",\"publisher\":{\"@id\":\"https:\\\/\\\/booksfrommexico.com\\\/#organization\"},\"potentialAction\":[{\"@type\":\"SearchAction\",\"target\":{\"@type\":\"EntryPoint\",\"urlTemplate\":\"https:\\\/\\\/booksfrommexico.com\\\/?s={search_term_string}\"},\"query-input\":{\"@type\":\"PropertyValueSpecification\",\"valueRequired\":true,\"valueName\":\"search_term_string\"}}],\"inLanguage\":\"es\"},{\"@type\":\"Organization\",\"@id\":\"https:\\\/\\\/booksfrommexico.com\\\/#organization\",\"name\":\"Books From Mexico\",\"url\":\"https:\\\/\\\/booksfrommexico.com\\\/\",\"logo\":{\"@type\":\"ImageObject\",\"inLanguage\":\"es\",\"@id\":\"https:\\\/\\\/booksfrommexico.com\\\/#\\\/schema\\\/logo\\\/image\\\/\",\"url\":\"https:\\\/\\\/booksfrommexico.com\\\/app\\\/uploads\\\/2023\\\/05\\\/logo-booksfrommexico.svg\",\"contentUrl\":\"https:\\\/\\\/booksfrommexico.com\\\/app\\\/uploads\\\/2023\\\/05\\\/logo-booksfrommexico.svg\",\"width\":86,\"height\":56,\"caption\":\"Books From Mexico\"},\"image\":{\"@id\":\"https:\\\/\\\/booksfrommexico.com\\\/#\\\/schema\\\/logo\\\/image\\\/\"}}]}<\/script>\n<!-- \/ Yoast SEO plugin. -->","yoast_head_json":{"title":"Historia de la producci\u00f3n cinematogr\u00e1fica mexicana, 1979-1980","description":"HISTORIA DE LA PRODUCCI\u00d3N CINEMATOGR\u00c1FICA MEXICANA, 1979-1980. \/ Eduardo de la Vega Alfaro (coordinator). CONACULTA ; Instituto Mexicano de Cinematograf\u00eda.","robots":{"index":"index","follow":"follow","max-snippet":"max-snippet:-1","max-image-preview":"max-image-preview:large","max-video-preview":"max-video-preview:-1"},"canonical":"https:\/\/booksfrommexico.com\/es\/producto\/historia-de-la-produccion-cinematografica-mexicana-1979-1980\/","og_locale":"es_ES","og_type":"article","og_title":"Historia de la producci\u00f3n cinematogr\u00e1fica mexicana, 1979-1980","og_description":"HISTORIA DE LA PRODUCCI\u00d3N CINEMATOGR\u00c1FICA MEXICANA, 1979-1980. \/ Eduardo de la Vega Alfaro (coordinator). CONACULTA ; Instituto Mexicano de Cinematograf\u00eda.","og_url":"https:\/\/booksfrommexico.com\/es\/producto\/historia-de-la-produccion-cinematografica-mexicana-1979-1980\/","og_site_name":"Books From Mexico","article_modified_time":"2024-06-14T18:36:31+00:00","og_image":[{"width":547,"height":728,"url":"http:\/\/booksfrommexico.com\/app\/uploads\/2023\/05\/139583.jpeg","type":"image\/jpeg"}],"twitter_card":"summary_large_image","twitter_misc":{"Tiempo de lectura":"1 minuto"},"schema":{"@context":"https:\/\/schema.org","@graph":[{"@type":"WebPage","@id":"https:\/\/booksfrommexico.com\/es\/producto\/historia-de-la-produccion-cinematografica-mexicana-1979-1980\/","url":"https:\/\/booksfrommexico.com\/es\/producto\/historia-de-la-produccion-cinematografica-mexicana-1979-1980\/","name":"Historia de la producci\u00f3n cinematogr\u00e1fica mexicana, 1979-1980","isPartOf":{"@id":"https:\/\/booksfrommexico.com\/#website"},"primaryImageOfPage":{"@id":"https:\/\/booksfrommexico.com\/es\/producto\/historia-de-la-produccion-cinematografica-mexicana-1979-1980\/#primaryimage"},"image":{"@id":"https:\/\/booksfrommexico.com\/es\/producto\/historia-de-la-produccion-cinematografica-mexicana-1979-1980\/#primaryimage"},"thumbnailUrl":"https:\/\/booksfrommexico.com\/app\/uploads\/2023\/05\/139583.jpeg","datePublished":"2023-05-08T17:06:53+00:00","dateModified":"2024-06-14T18:36:31+00:00","description":"HISTORIA DE LA PRODUCCI\u00d3N CINEMATOGR\u00c1FICA MEXICANA, 1979-1980. \/ Eduardo de la Vega Alfaro (coordinator). CONACULTA ; Instituto Mexicano de Cinematograf\u00eda.","breadcrumb":{"@id":"https:\/\/booksfrommexico.com\/es\/producto\/historia-de-la-produccion-cinematografica-mexicana-1979-1980\/#breadcrumb"},"inLanguage":"es","potentialAction":[{"@type":"ReadAction","target":["https:\/\/booksfrommexico.com\/es\/producto\/historia-de-la-produccion-cinematografica-mexicana-1979-1980\/"]}]},{"@type":"ImageObject","inLanguage":"es","@id":"https:\/\/booksfrommexico.com\/es\/producto\/historia-de-la-produccion-cinematografica-mexicana-1979-1980\/#primaryimage","url":"https:\/\/booksfrommexico.com\/app\/uploads\/2023\/05\/139583.jpeg","contentUrl":"https:\/\/booksfrommexico.com\/app\/uploads\/2023\/05\/139583.jpeg","width":547,"height":728,"caption":"Historia de la producci\u00f3n cinematogr\u00e1fica mexicana, 1979-1980"},{"@type":"BreadcrumbList","@id":"https:\/\/booksfrommexico.com\/es\/producto\/historia-de-la-produccion-cinematografica-mexicana-1979-1980\/#breadcrumb","itemListElement":[{"@type":"ListItem","position":1,"name":"Home","item":"https:\/\/booksfrommexico.com\/es\/"},{"@type":"ListItem","position":2,"name":"Libros","item":"https:\/\/booksfrommexico.com\/es\/libros\/"},{"@type":"ListItem","position":3,"name":"Historia de la producci\u00f3n cinematogr\u00e1fica mexicana, 1979-1980"}]},{"@type":"WebSite","@id":"https:\/\/booksfrommexico.com\/#website","url":"https:\/\/booksfrommexico.com\/","name":"Books From Mexico","description":"","publisher":{"@id":"https:\/\/booksfrommexico.com\/#organization"},"potentialAction":[{"@type":"SearchAction","target":{"@type":"EntryPoint","urlTemplate":"https:\/\/booksfrommexico.com\/?s={search_term_string}"},"query-input":{"@type":"PropertyValueSpecification","valueRequired":true,"valueName":"search_term_string"}}],"inLanguage":"es"},{"@type":"Organization","@id":"https:\/\/booksfrommexico.com\/#organization","name":"Books From Mexico","url":"https:\/\/booksfrommexico.com\/","logo":{"@type":"ImageObject","inLanguage":"es","@id":"https:\/\/booksfrommexico.com\/#\/schema\/logo\/image\/","url":"https:\/\/booksfrommexico.com\/app\/uploads\/2023\/05\/logo-booksfrommexico.svg","contentUrl":"https:\/\/booksfrommexico.com\/app\/uploads\/2023\/05\/logo-booksfrommexico.svg","width":86,"height":56,"caption":"Books From Mexico"},"image":{"@id":"https:\/\/booksfrommexico.com\/#\/schema\/logo\/image\/"}}]}},"_links":{"self":[{"href":"https:\/\/booksfrommexico.com\/es\/wp-json\/wp\/v2\/product\/794","targetHints":{"allow":["GET"]}}],"collection":[{"href":"https:\/\/booksfrommexico.com\/es\/wp-json\/wp\/v2\/product"}],"about":[{"href":"https:\/\/booksfrommexico.com\/es\/wp-json\/wp\/v2\/types\/product"}],"wp:featuredmedia":[{"embeddable":true,"href":"https:\/\/booksfrommexico.com\/es\/wp-json\/wp\/v2\/media\/793"}],"wp:attachment":[{"href":"https:\/\/booksfrommexico.com\/es\/wp-json\/wp\/v2\/media?parent=794"}],"wp:term":[{"taxonomy":"product_brand","embeddable":true,"href":"https:\/\/booksfrommexico.com\/es\/wp-json\/wp\/v2\/product_brand?post=794"},{"taxonomy":"product_cat","embeddable":true,"href":"https:\/\/booksfrommexico.com\/es\/wp-json\/wp\/v2\/product_cat?post=794"},{"taxonomy":"product_tag","embeddable":true,"href":"https:\/\/booksfrommexico.com\/es\/wp-json\/wp\/v2\/product_tag?post=794"}],"curies":[{"name":"wp","href":"https:\/\/api.w.org\/{rel}","templated":true}]}}