{"id":7945,"date":"2024-11-12T21:02:49","date_gmt":"2024-11-12T21:02:49","guid":{"rendered":"https:\/\/booksfrommexico.com\/product\/la-migracion-y-los-latinos-en-estados-unidos\/"},"modified":"2025-02-12T17:29:16","modified_gmt":"2025-02-12T17:29:16","slug":"la-migracion-y-los-latinos-en-estados-unidos","status":"publish","type":"product","link":"https:\/\/booksfrommexico.com\/es\/producto\/la-migracion-y-los-latinos-en-estados-unidos\/","title":{"rendered":"La migraci\u00f3n y los latinos en Estados Unidos: Visiones y conexiones"},"content":{"rendered":"<p><span style=\"font-weight: 400;\">El objetivo de este t\u00edtulo es dar respuestas a las interrogantes sobre qu\u00e9 es lo que pasa cuando los migrantes cruzan la frontera: c\u00f3mo es su vida, su trabajo, sus problemas, los obst\u00e1culos que enfrentan, sus opciones y planes a futuro. En esta investigaci\u00f3n que recupera el trabajo de varios autores, toma en cuenta aspectos como el viaje, las vicisitudes del trayecto, su estancia y su posible retorno. En estos art\u00edculos se consideran a grupos migrantes poco estudiados como los ind\u00edgenas, as\u00ed como ofrecen reflexiones m\u00e1s generales sobre aspectos como la relaci\u00f3n de la migraci\u00f3n con el movimiento chicano, la educaci\u00f3n y el desempe\u00f1o escolar y los aspectos legales.<\/span><\/p>\n","protected":false},"excerpt":{"rendered":"<p>LA MIGRACI\u00d3N Y LOS LATINOS EN ESTADOS UNIDOS : VISIONES Y CONEXIONES<span style=\"font-weight: 400;\">. \/ Elaine Levine (editor). M\u00e9xico, D.F. : Universidad Nacional Aut\u00f3noma de M\u00e9xico , Centro de Investigaciones Sobre Am\u00e9rica del Norte, 2008. 445 pages :\u00a0 tables, charts, map, bibliography at the end of each chapter ; 23 cm. ISBN :\u00a0 9789703253302.<\/span><\/p>\n","protected":false},"featured_media":8057,"template":"","meta":{"_acf_changed":false,"inline_featured_image":false},"product_brand":[],"product_cat":[1065,42],"product_tag":[4216,3991,4411,3685,4401,3585],"class_list":{"0":"post-7945","1":"product","2":"type-product","3":"status-publish","4":"has-post-thumbnail","6":"product_cat-condiciones-sociales-y-politicas-de-la-migracion","7":"product_cat-temas-de-inmigracion-y-migraciones-humanas","8":"product_tag-chicano","9":"product_tag-conducta-de-vida","10":"product_tag-frontera-norte","11":"product_tag-inmigracion","12":"product_tag-inmigrantes-es","13":"product_tag-migraciones-indigenas","15":"first","16":"instock","17":"taxable","18":"shipping-taxable","19":"purchasable","20":"product-type-simple"},"acf":[],"yoast_head":"<!-- This site is optimized with the Yoast SEO plugin v27.3 - https:\/\/yoast.com\/product\/yoast-seo-wordpress\/ -->\n<title>La migraci\u00f3n y los latinos en Estados Unidos<\/title>\n<meta name=\"description\" content=\"LA MIGRACI\u00d3N Y LOS LATINOS EN ESTADOS UNIDOS : VISIONES Y CONEXIONES. \/ Elaine Levine (editor). UNAM , Centro de Investigaciones Sobre Am\u00e9rica del Norte.\" \/>\n<meta name=\"robots\" content=\"index, follow, max-snippet:-1, max-image-preview:large, max-video-preview:-1\" \/>\n<link rel=\"canonical\" href=\"https:\/\/booksfrommexico.com\/es\/producto\/la-migracion-y-los-latinos-en-estados-unidos\/\" \/>\n<meta property=\"og:locale\" content=\"es_ES\" \/>\n<meta property=\"og:type\" content=\"article\" \/>\n<meta property=\"og:title\" content=\"La migraci\u00f3n y los latinos en Estados Unidos\" \/>\n<meta property=\"og:description\" content=\"LA MIGRACI\u00d3N Y LOS LATINOS EN ESTADOS UNIDOS : VISIONES Y CONEXIONES. \/ Elaine Levine (editor). UNAM , Centro de Investigaciones Sobre Am\u00e9rica del Norte.\" \/>\n<meta property=\"og:url\" content=\"https:\/\/booksfrommexico.com\/es\/producto\/la-migracion-y-los-latinos-en-estados-unidos\/\" \/>\n<meta property=\"og:site_name\" content=\"Books From Mexico\" \/>\n<meta property=\"article:modified_time\" content=\"2025-02-12T17:29:16+00:00\" \/>\n<meta property=\"og:image\" content=\"http:\/\/booksfrommexico.com\/app\/uploads\/2024\/11\/140058.jpeg\" \/>\n\t<meta property=\"og:image:width\" content=\"445\" \/>\n\t<meta property=\"og:image:height\" content=\"664\" \/>\n\t<meta property=\"og:image:type\" content=\"image\/jpeg\" \/>\n<meta name=\"twitter:card\" content=\"summary_large_image\" \/>\n<meta name=\"twitter:label1\" content=\"Tiempo de lectura\" \/>\n\t<meta name=\"twitter:data1\" content=\"1 minuto\" \/>\n<script type=\"application\/ld+json\" class=\"yoast-schema-graph\">{\"@context\":\"https:\\\/\\\/schema.org\",\"@graph\":[{\"@type\":\"WebPage\",\"@id\":\"https:\\\/\\\/booksfrommexico.com\\\/es\\\/producto\\\/la-migracion-y-los-latinos-en-estados-unidos\\\/\",\"url\":\"https:\\\/\\\/booksfrommexico.com\\\/es\\\/producto\\\/la-migracion-y-los-latinos-en-estados-unidos\\\/\",\"name\":\"La migraci\u00f3n y los latinos en Estados Unidos\",\"isPartOf\":{\"@id\":\"https:\\\/\\\/booksfrommexico.com\\\/#website\"},\"primaryImageOfPage\":{\"@id\":\"https:\\\/\\\/booksfrommexico.com\\\/es\\\/producto\\\/la-migracion-y-los-latinos-en-estados-unidos\\\/#primaryimage\"},\"image\":{\"@id\":\"https:\\\/\\\/booksfrommexico.com\\\/es\\\/producto\\\/la-migracion-y-los-latinos-en-estados-unidos\\\/#primaryimage\"},\"thumbnailUrl\":\"https:\\\/\\\/booksfrommexico.com\\\/app\\\/uploads\\\/2024\\\/11\\\/140058.jpeg\",\"datePublished\":\"2024-11-12T21:02:49+00:00\",\"dateModified\":\"2025-02-12T17:29:16+00:00\",\"description\":\"LA MIGRACI\u00d3N Y LOS LATINOS EN ESTADOS UNIDOS : VISIONES Y CONEXIONES. \\\/ Elaine Levine (editor). UNAM , Centro de Investigaciones Sobre Am\u00e9rica del Norte.\",\"breadcrumb\":{\"@id\":\"https:\\\/\\\/booksfrommexico.com\\\/es\\\/producto\\\/la-migracion-y-los-latinos-en-estados-unidos\\\/#breadcrumb\"},\"inLanguage\":\"es\",\"potentialAction\":[{\"@type\":\"ReadAction\",\"target\":[\"https:\\\/\\\/booksfrommexico.com\\\/es\\\/producto\\\/la-migracion-y-los-latinos-en-estados-unidos\\\/\"]}]},{\"@type\":\"ImageObject\",\"inLanguage\":\"es\",\"@id\":\"https:\\\/\\\/booksfrommexico.com\\\/es\\\/producto\\\/la-migracion-y-los-latinos-en-estados-unidos\\\/#primaryimage\",\"url\":\"https:\\\/\\\/booksfrommexico.com\\\/app\\\/uploads\\\/2024\\\/11\\\/140058.jpeg\",\"contentUrl\":\"https:\\\/\\\/booksfrommexico.com\\\/app\\\/uploads\\\/2024\\\/11\\\/140058.jpeg\",\"width\":445,\"height\":664,\"caption\":\"la migraci\u00f3n y los latinos en Estados Unidos\"},{\"@type\":\"BreadcrumbList\",\"@id\":\"https:\\\/\\\/booksfrommexico.com\\\/es\\\/producto\\\/la-migracion-y-los-latinos-en-estados-unidos\\\/#breadcrumb\",\"itemListElement\":[{\"@type\":\"ListItem\",\"position\":1,\"name\":\"Home\",\"item\":\"https:\\\/\\\/booksfrommexico.com\\\/es\\\/\"},{\"@type\":\"ListItem\",\"position\":2,\"name\":\"Libros\",\"item\":\"https:\\\/\\\/booksfrommexico.com\\\/es\\\/libros\\\/\"},{\"@type\":\"ListItem\",\"position\":3,\"name\":\"La migraci\u00f3n y los latinos en Estados Unidos: Visiones y conexiones\"}]},{\"@type\":\"WebSite\",\"@id\":\"https:\\\/\\\/booksfrommexico.com\\\/#website\",\"url\":\"https:\\\/\\\/booksfrommexico.com\\\/\",\"name\":\"Books From Mexico\",\"description\":\"\",\"publisher\":{\"@id\":\"https:\\\/\\\/booksfrommexico.com\\\/#organization\"},\"potentialAction\":[{\"@type\":\"SearchAction\",\"target\":{\"@type\":\"EntryPoint\",\"urlTemplate\":\"https:\\\/\\\/booksfrommexico.com\\\/?s={search_term_string}\"},\"query-input\":{\"@type\":\"PropertyValueSpecification\",\"valueRequired\":true,\"valueName\":\"search_term_string\"}}],\"inLanguage\":\"es\"},{\"@type\":\"Organization\",\"@id\":\"https:\\\/\\\/booksfrommexico.com\\\/#organization\",\"name\":\"Books From Mexico\",\"url\":\"https:\\\/\\\/booksfrommexico.com\\\/\",\"logo\":{\"@type\":\"ImageObject\",\"inLanguage\":\"es\",\"@id\":\"https:\\\/\\\/booksfrommexico.com\\\/#\\\/schema\\\/logo\\\/image\\\/\",\"url\":\"https:\\\/\\\/booksfrommexico.com\\\/app\\\/uploads\\\/2023\\\/05\\\/logo-booksfrommexico.svg\",\"contentUrl\":\"https:\\\/\\\/booksfrommexico.com\\\/app\\\/uploads\\\/2023\\\/05\\\/logo-booksfrommexico.svg\",\"width\":86,\"height\":56,\"caption\":\"Books From Mexico\"},\"image\":{\"@id\":\"https:\\\/\\\/booksfrommexico.com\\\/#\\\/schema\\\/logo\\\/image\\\/\"}}]}<\/script>\n<!-- \/ Yoast SEO plugin. -->","yoast_head_json":{"title":"La migraci\u00f3n y los latinos en Estados Unidos","description":"LA MIGRACI\u00d3N Y LOS LATINOS EN ESTADOS UNIDOS : VISIONES Y CONEXIONES. \/ Elaine Levine (editor). UNAM , Centro de Investigaciones Sobre Am\u00e9rica del Norte.","robots":{"index":"index","follow":"follow","max-snippet":"max-snippet:-1","max-image-preview":"max-image-preview:large","max-video-preview":"max-video-preview:-1"},"canonical":"https:\/\/booksfrommexico.com\/es\/producto\/la-migracion-y-los-latinos-en-estados-unidos\/","og_locale":"es_ES","og_type":"article","og_title":"La migraci\u00f3n y los latinos en Estados Unidos","og_description":"LA MIGRACI\u00d3N Y LOS LATINOS EN ESTADOS UNIDOS : VISIONES Y CONEXIONES. \/ Elaine Levine (editor). UNAM , Centro de Investigaciones Sobre Am\u00e9rica del Norte.","og_url":"https:\/\/booksfrommexico.com\/es\/producto\/la-migracion-y-los-latinos-en-estados-unidos\/","og_site_name":"Books From Mexico","article_modified_time":"2025-02-12T17:29:16+00:00","og_image":[{"width":445,"height":664,"url":"http:\/\/booksfrommexico.com\/app\/uploads\/2024\/11\/140058.jpeg","type":"image\/jpeg"}],"twitter_card":"summary_large_image","twitter_misc":{"Tiempo de lectura":"1 minuto"},"schema":{"@context":"https:\/\/schema.org","@graph":[{"@type":"WebPage","@id":"https:\/\/booksfrommexico.com\/es\/producto\/la-migracion-y-los-latinos-en-estados-unidos\/","url":"https:\/\/booksfrommexico.com\/es\/producto\/la-migracion-y-los-latinos-en-estados-unidos\/","name":"La migraci\u00f3n y los latinos en Estados Unidos","isPartOf":{"@id":"https:\/\/booksfrommexico.com\/#website"},"primaryImageOfPage":{"@id":"https:\/\/booksfrommexico.com\/es\/producto\/la-migracion-y-los-latinos-en-estados-unidos\/#primaryimage"},"image":{"@id":"https:\/\/booksfrommexico.com\/es\/producto\/la-migracion-y-los-latinos-en-estados-unidos\/#primaryimage"},"thumbnailUrl":"https:\/\/booksfrommexico.com\/app\/uploads\/2024\/11\/140058.jpeg","datePublished":"2024-11-12T21:02:49+00:00","dateModified":"2025-02-12T17:29:16+00:00","description":"LA MIGRACI\u00d3N Y LOS LATINOS EN ESTADOS UNIDOS : VISIONES Y CONEXIONES. \/ Elaine Levine (editor). UNAM , Centro de Investigaciones Sobre Am\u00e9rica del Norte.","breadcrumb":{"@id":"https:\/\/booksfrommexico.com\/es\/producto\/la-migracion-y-los-latinos-en-estados-unidos\/#breadcrumb"},"inLanguage":"es","potentialAction":[{"@type":"ReadAction","target":["https:\/\/booksfrommexico.com\/es\/producto\/la-migracion-y-los-latinos-en-estados-unidos\/"]}]},{"@type":"ImageObject","inLanguage":"es","@id":"https:\/\/booksfrommexico.com\/es\/producto\/la-migracion-y-los-latinos-en-estados-unidos\/#primaryimage","url":"https:\/\/booksfrommexico.com\/app\/uploads\/2024\/11\/140058.jpeg","contentUrl":"https:\/\/booksfrommexico.com\/app\/uploads\/2024\/11\/140058.jpeg","width":445,"height":664,"caption":"la migraci\u00f3n y los latinos en Estados Unidos"},{"@type":"BreadcrumbList","@id":"https:\/\/booksfrommexico.com\/es\/producto\/la-migracion-y-los-latinos-en-estados-unidos\/#breadcrumb","itemListElement":[{"@type":"ListItem","position":1,"name":"Home","item":"https:\/\/booksfrommexico.com\/es\/"},{"@type":"ListItem","position":2,"name":"Libros","item":"https:\/\/booksfrommexico.com\/es\/libros\/"},{"@type":"ListItem","position":3,"name":"La migraci\u00f3n y los latinos en Estados Unidos: Visiones y conexiones"}]},{"@type":"WebSite","@id":"https:\/\/booksfrommexico.com\/#website","url":"https:\/\/booksfrommexico.com\/","name":"Books From Mexico","description":"","publisher":{"@id":"https:\/\/booksfrommexico.com\/#organization"},"potentialAction":[{"@type":"SearchAction","target":{"@type":"EntryPoint","urlTemplate":"https:\/\/booksfrommexico.com\/?s={search_term_string}"},"query-input":{"@type":"PropertyValueSpecification","valueRequired":true,"valueName":"search_term_string"}}],"inLanguage":"es"},{"@type":"Organization","@id":"https:\/\/booksfrommexico.com\/#organization","name":"Books From Mexico","url":"https:\/\/booksfrommexico.com\/","logo":{"@type":"ImageObject","inLanguage":"es","@id":"https:\/\/booksfrommexico.com\/#\/schema\/logo\/image\/","url":"https:\/\/booksfrommexico.com\/app\/uploads\/2023\/05\/logo-booksfrommexico.svg","contentUrl":"https:\/\/booksfrommexico.com\/app\/uploads\/2023\/05\/logo-booksfrommexico.svg","width":86,"height":56,"caption":"Books From Mexico"},"image":{"@id":"https:\/\/booksfrommexico.com\/#\/schema\/logo\/image\/"}}]}},"_links":{"self":[{"href":"https:\/\/booksfrommexico.com\/es\/wp-json\/wp\/v2\/product\/7945","targetHints":{"allow":["GET"]}}],"collection":[{"href":"https:\/\/booksfrommexico.com\/es\/wp-json\/wp\/v2\/product"}],"about":[{"href":"https:\/\/booksfrommexico.com\/es\/wp-json\/wp\/v2\/types\/product"}],"wp:featuredmedia":[{"embeddable":true,"href":"https:\/\/booksfrommexico.com\/es\/wp-json\/wp\/v2\/media\/8057"}],"wp:attachment":[{"href":"https:\/\/booksfrommexico.com\/es\/wp-json\/wp\/v2\/media?parent=7945"}],"wp:term":[{"taxonomy":"product_brand","embeddable":true,"href":"https:\/\/booksfrommexico.com\/es\/wp-json\/wp\/v2\/product_brand?post=7945"},{"taxonomy":"product_cat","embeddable":true,"href":"https:\/\/booksfrommexico.com\/es\/wp-json\/wp\/v2\/product_cat?post=7945"},{"taxonomy":"product_tag","embeddable":true,"href":"https:\/\/booksfrommexico.com\/es\/wp-json\/wp\/v2\/product_tag?post=7945"}],"curies":[{"name":"wp","href":"https:\/\/api.w.org\/{rel}","templated":true}]}}