{"id":7951,"date":"2024-11-12T21:02:49","date_gmt":"2024-11-12T21:02:49","guid":{"rendered":"https:\/\/booksfrommexico.com\/product\/ju-jucha-tua-anapu-ambe-unadantani\/"},"modified":"2025-02-12T17:27:39","modified_gmt":"2025-02-12T17:27:39","slug":"ju-jucha-tua-anapu-ambe-unadantani","status":"publish","type":"product","link":"https:\/\/booksfrommexico.com\/es\/producto\/ju-jucha-tua-anapu-ambe-unadantani\/","title":{"rendered":"Ju Jucha Tua Anapu Ambe Unadantani: Vamos a contar la historia, Nurh\u00edo"},"content":{"rendered":"<p><span style=\"font-weight: 400;\">Este t\u00edtulo est\u00e1 dedicado principalmente a los ni\u00f1os, adultos y ancianos de Nurh\u00edo, pues fueron precisamente ellos quienes lo realizaron; sin embargo tambi\u00e9n busca ir m\u00e1s all\u00e1 de la comunidad, present\u00e1ndose como una invitaci\u00f3n a escribir las historias de las poblaciones bas\u00e1ndose en la herencia oral de los ancianos, quienes guardan en la memoria la informaci\u00f3n que recibieron de sus abuelos. Los relatos y testimonios aqu\u00ed contenidos est\u00e1n acompa\u00f1ados de fotograf\u00edas a color, ilustraciones y se trata adem\u00e1s de una edici\u00f3n biling\u00fce p\u2019urh\u00e9-espa\u00f1ol.<\/span><\/p>\n","protected":false},"excerpt":{"rendered":"<p>JU JUCHA TUA ANAPU AMBE UNADANTANI : VAMOS A CONTAR LA HISTORIA, NURH\u00cdO<span style=\"font-weight: 400;\">. \/ Cruz Elena Corona Fern\u00e1ndez, Jos\u00e9 Manuel Torres Marcos (coordinators). Zamora, Michoac\u00e1n, M\u00e9xico : El Colegio de Michoac\u00e1n, 2006. 189 pages : includes references, color photos, color illustrations, bibliography, name index ; 28\u00a0 cm. (Colecci\u00f3n Testimonios). ISBN : 9706791914.<\/span><\/p>\n","protected":false},"featured_media":8030,"template":"","meta":{"_acf_changed":false,"inline_featured_image":false},"product_brand":[],"product_cat":[182],"product_tag":[4382,4043,3880,4481,3608],"class_list":{"0":"post-7951","1":"product","2":"type-product","3":"status-publish","4":"has-post-thumbnail","6":"product_cat-estudios-culturales-y-de-identidad-sociologia","7":"product_tag-edicion-bilingue","8":"product_tag-fotografia","9":"product_tag-identidad-cultural","10":"product_tag-tradicion-y-costumbres","11":"product_tag-vida-social-y-costumbres","13":"first","14":"instock","15":"taxable","16":"shipping-taxable","17":"purchasable","18":"product-type-simple"},"acf":[],"yoast_head":"<!-- This site is optimized with the Yoast SEO plugin v27.3 - https:\/\/yoast.com\/product\/yoast-seo-wordpress\/ -->\n<title>Ju Jucha Tua Anapu Ambe Unadantani: Vamos a contar la historia<\/title>\n<meta name=\"description\" content=\"JU JUCHA TUA ANAPU AMBE UNADANTANI : VAMOS A CONTAR LA HISTORIA, NURH\u00cdO. \/ Cruz Elena Corona Fern\u00e1ndez, Jos\u00e9 Manuel Torres Marcos (coordinators). 2006.\" \/>\n<meta name=\"robots\" content=\"index, follow, max-snippet:-1, max-image-preview:large, max-video-preview:-1\" \/>\n<link rel=\"canonical\" href=\"https:\/\/booksfrommexico.com\/es\/producto\/ju-jucha-tua-anapu-ambe-unadantani\/\" \/>\n<meta property=\"og:locale\" content=\"es_ES\" \/>\n<meta property=\"og:type\" content=\"article\" \/>\n<meta property=\"og:title\" content=\"Ju Jucha Tua Anapu Ambe Unadantani: Vamos a contar la historia\" \/>\n<meta property=\"og:description\" content=\"JU JUCHA TUA ANAPU AMBE UNADANTANI : VAMOS A CONTAR LA HISTORIA, NURH\u00cdO. \/ Cruz Elena Corona Fern\u00e1ndez, Jos\u00e9 Manuel Torres Marcos (coordinators). 2006.\" \/>\n<meta property=\"og:url\" content=\"https:\/\/booksfrommexico.com\/es\/producto\/ju-jucha-tua-anapu-ambe-unadantani\/\" \/>\n<meta property=\"og:site_name\" content=\"Books From Mexico\" \/>\n<meta property=\"article:modified_time\" content=\"2025-02-12T17:27:39+00:00\" \/>\n<meta property=\"og:image\" content=\"http:\/\/booksfrommexico.com\/app\/uploads\/2025\/02\/logo-bfm.png\" \/>\n\t<meta property=\"og:image:width\" content=\"427\" \/>\n\t<meta property=\"og:image:height\" content=\"295\" \/>\n\t<meta property=\"og:image:type\" content=\"image\/png\" \/>\n<meta name=\"twitter:card\" content=\"summary_large_image\" \/>\n<meta name=\"twitter:label1\" content=\"Tiempo de lectura\" \/>\n\t<meta name=\"twitter:data1\" content=\"1 minuto\" \/>\n<script type=\"application\/ld+json\" class=\"yoast-schema-graph\">{\"@context\":\"https:\\\/\\\/schema.org\",\"@graph\":[{\"@type\":\"WebPage\",\"@id\":\"https:\\\/\\\/booksfrommexico.com\\\/es\\\/producto\\\/ju-jucha-tua-anapu-ambe-unadantani\\\/\",\"url\":\"https:\\\/\\\/booksfrommexico.com\\\/es\\\/producto\\\/ju-jucha-tua-anapu-ambe-unadantani\\\/\",\"name\":\"Ju Jucha Tua Anapu Ambe Unadantani: Vamos a contar la historia\",\"isPartOf\":{\"@id\":\"https:\\\/\\\/booksfrommexico.com\\\/#website\"},\"primaryImageOfPage\":{\"@id\":\"https:\\\/\\\/booksfrommexico.com\\\/es\\\/producto\\\/ju-jucha-tua-anapu-ambe-unadantani\\\/#primaryimage\"},\"image\":{\"@id\":\"https:\\\/\\\/booksfrommexico.com\\\/es\\\/producto\\\/ju-jucha-tua-anapu-ambe-unadantani\\\/#primaryimage\"},\"thumbnailUrl\":\"https:\\\/\\\/booksfrommexico.com\\\/app\\\/uploads\\\/2025\\\/02\\\/logo-bfm.png\",\"datePublished\":\"2024-11-12T21:02:49+00:00\",\"dateModified\":\"2025-02-12T17:27:39+00:00\",\"description\":\"JU JUCHA TUA ANAPU AMBE UNADANTANI : VAMOS A CONTAR LA HISTORIA, NURH\u00cdO. \\\/ Cruz Elena Corona Fern\u00e1ndez, Jos\u00e9 Manuel Torres Marcos (coordinators). 2006.\",\"breadcrumb\":{\"@id\":\"https:\\\/\\\/booksfrommexico.com\\\/es\\\/producto\\\/ju-jucha-tua-anapu-ambe-unadantani\\\/#breadcrumb\"},\"inLanguage\":\"es\",\"potentialAction\":[{\"@type\":\"ReadAction\",\"target\":[\"https:\\\/\\\/booksfrommexico.com\\\/es\\\/producto\\\/ju-jucha-tua-anapu-ambe-unadantani\\\/\"]}]},{\"@type\":\"ImageObject\",\"inLanguage\":\"es\",\"@id\":\"https:\\\/\\\/booksfrommexico.com\\\/es\\\/producto\\\/ju-jucha-tua-anapu-ambe-unadantani\\\/#primaryimage\",\"url\":\"https:\\\/\\\/booksfrommexico.com\\\/app\\\/uploads\\\/2025\\\/02\\\/logo-bfm.png\",\"contentUrl\":\"https:\\\/\\\/booksfrommexico.com\\\/app\\\/uploads\\\/2025\\\/02\\\/logo-bfm.png\",\"width\":427,\"height\":295,\"caption\":\"books from mexico\"},{\"@type\":\"BreadcrumbList\",\"@id\":\"https:\\\/\\\/booksfrommexico.com\\\/es\\\/producto\\\/ju-jucha-tua-anapu-ambe-unadantani\\\/#breadcrumb\",\"itemListElement\":[{\"@type\":\"ListItem\",\"position\":1,\"name\":\"Home\",\"item\":\"https:\\\/\\\/booksfrommexico.com\\\/es\\\/\"},{\"@type\":\"ListItem\",\"position\":2,\"name\":\"Libros\",\"item\":\"https:\\\/\\\/booksfrommexico.com\\\/es\\\/libros\\\/\"},{\"@type\":\"ListItem\",\"position\":3,\"name\":\"Ju Jucha Tua Anapu Ambe Unadantani: Vamos a contar la historia, Nurh\u00edo\"}]},{\"@type\":\"WebSite\",\"@id\":\"https:\\\/\\\/booksfrommexico.com\\\/#website\",\"url\":\"https:\\\/\\\/booksfrommexico.com\\\/\",\"name\":\"Books From Mexico\",\"description\":\"\",\"publisher\":{\"@id\":\"https:\\\/\\\/booksfrommexico.com\\\/#organization\"},\"potentialAction\":[{\"@type\":\"SearchAction\",\"target\":{\"@type\":\"EntryPoint\",\"urlTemplate\":\"https:\\\/\\\/booksfrommexico.com\\\/?s={search_term_string}\"},\"query-input\":{\"@type\":\"PropertyValueSpecification\",\"valueRequired\":true,\"valueName\":\"search_term_string\"}}],\"inLanguage\":\"es\"},{\"@type\":\"Organization\",\"@id\":\"https:\\\/\\\/booksfrommexico.com\\\/#organization\",\"name\":\"Books From Mexico\",\"url\":\"https:\\\/\\\/booksfrommexico.com\\\/\",\"logo\":{\"@type\":\"ImageObject\",\"inLanguage\":\"es\",\"@id\":\"https:\\\/\\\/booksfrommexico.com\\\/#\\\/schema\\\/logo\\\/image\\\/\",\"url\":\"https:\\\/\\\/booksfrommexico.com\\\/app\\\/uploads\\\/2023\\\/05\\\/logo-booksfrommexico.svg\",\"contentUrl\":\"https:\\\/\\\/booksfrommexico.com\\\/app\\\/uploads\\\/2023\\\/05\\\/logo-booksfrommexico.svg\",\"width\":86,\"height\":56,\"caption\":\"Books From Mexico\"},\"image\":{\"@id\":\"https:\\\/\\\/booksfrommexico.com\\\/#\\\/schema\\\/logo\\\/image\\\/\"}}]}<\/script>\n<!-- \/ Yoast SEO plugin. -->","yoast_head_json":{"title":"Ju Jucha Tua Anapu Ambe Unadantani: Vamos a contar la historia","description":"JU JUCHA TUA ANAPU AMBE UNADANTANI : VAMOS A CONTAR LA HISTORIA, NURH\u00cdO. \/ Cruz Elena Corona Fern\u00e1ndez, Jos\u00e9 Manuel Torres Marcos (coordinators). 2006.","robots":{"index":"index","follow":"follow","max-snippet":"max-snippet:-1","max-image-preview":"max-image-preview:large","max-video-preview":"max-video-preview:-1"},"canonical":"https:\/\/booksfrommexico.com\/es\/producto\/ju-jucha-tua-anapu-ambe-unadantani\/","og_locale":"es_ES","og_type":"article","og_title":"Ju Jucha Tua Anapu Ambe Unadantani: Vamos a contar la historia","og_description":"JU JUCHA TUA ANAPU AMBE UNADANTANI : VAMOS A CONTAR LA HISTORIA, NURH\u00cdO. \/ Cruz Elena Corona Fern\u00e1ndez, Jos\u00e9 Manuel Torres Marcos (coordinators). 2006.","og_url":"https:\/\/booksfrommexico.com\/es\/producto\/ju-jucha-tua-anapu-ambe-unadantani\/","og_site_name":"Books From Mexico","article_modified_time":"2025-02-12T17:27:39+00:00","og_image":[{"width":427,"height":295,"url":"http:\/\/booksfrommexico.com\/app\/uploads\/2025\/02\/logo-bfm.png","type":"image\/png"}],"twitter_card":"summary_large_image","twitter_misc":{"Tiempo de lectura":"1 minuto"},"schema":{"@context":"https:\/\/schema.org","@graph":[{"@type":"WebPage","@id":"https:\/\/booksfrommexico.com\/es\/producto\/ju-jucha-tua-anapu-ambe-unadantani\/","url":"https:\/\/booksfrommexico.com\/es\/producto\/ju-jucha-tua-anapu-ambe-unadantani\/","name":"Ju Jucha Tua Anapu Ambe Unadantani: Vamos a contar la historia","isPartOf":{"@id":"https:\/\/booksfrommexico.com\/#website"},"primaryImageOfPage":{"@id":"https:\/\/booksfrommexico.com\/es\/producto\/ju-jucha-tua-anapu-ambe-unadantani\/#primaryimage"},"image":{"@id":"https:\/\/booksfrommexico.com\/es\/producto\/ju-jucha-tua-anapu-ambe-unadantani\/#primaryimage"},"thumbnailUrl":"https:\/\/booksfrommexico.com\/app\/uploads\/2025\/02\/logo-bfm.png","datePublished":"2024-11-12T21:02:49+00:00","dateModified":"2025-02-12T17:27:39+00:00","description":"JU JUCHA TUA ANAPU AMBE UNADANTANI : VAMOS A CONTAR LA HISTORIA, NURH\u00cdO. \/ Cruz Elena Corona Fern\u00e1ndez, Jos\u00e9 Manuel Torres Marcos (coordinators). 2006.","breadcrumb":{"@id":"https:\/\/booksfrommexico.com\/es\/producto\/ju-jucha-tua-anapu-ambe-unadantani\/#breadcrumb"},"inLanguage":"es","potentialAction":[{"@type":"ReadAction","target":["https:\/\/booksfrommexico.com\/es\/producto\/ju-jucha-tua-anapu-ambe-unadantani\/"]}]},{"@type":"ImageObject","inLanguage":"es","@id":"https:\/\/booksfrommexico.com\/es\/producto\/ju-jucha-tua-anapu-ambe-unadantani\/#primaryimage","url":"https:\/\/booksfrommexico.com\/app\/uploads\/2025\/02\/logo-bfm.png","contentUrl":"https:\/\/booksfrommexico.com\/app\/uploads\/2025\/02\/logo-bfm.png","width":427,"height":295,"caption":"books from mexico"},{"@type":"BreadcrumbList","@id":"https:\/\/booksfrommexico.com\/es\/producto\/ju-jucha-tua-anapu-ambe-unadantani\/#breadcrumb","itemListElement":[{"@type":"ListItem","position":1,"name":"Home","item":"https:\/\/booksfrommexico.com\/es\/"},{"@type":"ListItem","position":2,"name":"Libros","item":"https:\/\/booksfrommexico.com\/es\/libros\/"},{"@type":"ListItem","position":3,"name":"Ju Jucha Tua Anapu Ambe Unadantani: Vamos a contar la historia, Nurh\u00edo"}]},{"@type":"WebSite","@id":"https:\/\/booksfrommexico.com\/#website","url":"https:\/\/booksfrommexico.com\/","name":"Books From Mexico","description":"","publisher":{"@id":"https:\/\/booksfrommexico.com\/#organization"},"potentialAction":[{"@type":"SearchAction","target":{"@type":"EntryPoint","urlTemplate":"https:\/\/booksfrommexico.com\/?s={search_term_string}"},"query-input":{"@type":"PropertyValueSpecification","valueRequired":true,"valueName":"search_term_string"}}],"inLanguage":"es"},{"@type":"Organization","@id":"https:\/\/booksfrommexico.com\/#organization","name":"Books From Mexico","url":"https:\/\/booksfrommexico.com\/","logo":{"@type":"ImageObject","inLanguage":"es","@id":"https:\/\/booksfrommexico.com\/#\/schema\/logo\/image\/","url":"https:\/\/booksfrommexico.com\/app\/uploads\/2023\/05\/logo-booksfrommexico.svg","contentUrl":"https:\/\/booksfrommexico.com\/app\/uploads\/2023\/05\/logo-booksfrommexico.svg","width":86,"height":56,"caption":"Books From Mexico"},"image":{"@id":"https:\/\/booksfrommexico.com\/#\/schema\/logo\/image\/"}}]}},"_links":{"self":[{"href":"https:\/\/booksfrommexico.com\/es\/wp-json\/wp\/v2\/product\/7951","targetHints":{"allow":["GET"]}}],"collection":[{"href":"https:\/\/booksfrommexico.com\/es\/wp-json\/wp\/v2\/product"}],"about":[{"href":"https:\/\/booksfrommexico.com\/es\/wp-json\/wp\/v2\/types\/product"}],"wp:featuredmedia":[{"embeddable":true,"href":"https:\/\/booksfrommexico.com\/es\/wp-json\/wp\/v2\/media\/8030"}],"wp:attachment":[{"href":"https:\/\/booksfrommexico.com\/es\/wp-json\/wp\/v2\/media?parent=7951"}],"wp:term":[{"taxonomy":"product_brand","embeddable":true,"href":"https:\/\/booksfrommexico.com\/es\/wp-json\/wp\/v2\/product_brand?post=7951"},{"taxonomy":"product_cat","embeddable":true,"href":"https:\/\/booksfrommexico.com\/es\/wp-json\/wp\/v2\/product_cat?post=7951"},{"taxonomy":"product_tag","embeddable":true,"href":"https:\/\/booksfrommexico.com\/es\/wp-json\/wp\/v2\/product_tag?post=7951"}],"curies":[{"name":"wp","href":"https:\/\/api.w.org\/{rel}","templated":true}]}}