{"id":7955,"date":"2024-11-12T21:02:49","date_gmt":"2024-11-12T21:02:49","guid":{"rendered":"https:\/\/booksfrommexico.com\/product\/el-arte-en-mexico\/"},"modified":"2025-02-12T17:24:40","modified_gmt":"2025-02-12T17:24:40","slug":"el-arte-en-mexico","status":"publish","type":"product","link":"https:\/\/booksfrommexico.com\/es\/producto\/el-arte-en-mexico\/","title":{"rendered":"El arte en M\u00e9xico: Autores, temas problemas"},"content":{"rendered":"<p><span style=\"font-weight: 400;\">Los autores, temas y problemas que se presentan aqu\u00ed para conformar este t\u00edtulo tienen como hilo conductor su marginalidad en el gran esquema de la historia del arte, siendo revelado en su escasa y a veces sesgada comprensi\u00f3n. El prop\u00f3sito de estos textos es abrir el tema de las ideas sobre el arte en M\u00e9xico y empezar el debate acerca de la necesidad de una conformaci\u00f3n m\u00e1s amplia de la disciplina, que atiendan sus metodolog\u00edas y caracter\u00edsticas. Aunado a ello, estos escritos buscan dar a reconsiderar a ciertos autores que han devenido h\u00e9roes intelectuales, as\u00ed como valorar ciertos aportes marginales que pueden sugerir otras maneras de ver la complejidad de las ideas sobre el arte en M\u00e9xico.<\/span><\/p>\n<p><br style=\"font-weight: 400;\" \/><br style=\"font-weight: 400;\" \/><\/p>\n","protected":false},"excerpt":{"rendered":"<p>EL ARTE EN M\u00c9XICO : AUTORES, TEMAS, PROBLEMAS<span style=\"font-weight: 400;\">. \/ Rita Eder (coordinator). M\u00e9xico, D.F. : Consejo Nacional para la Cultura y las Artes , Fondo Editorial Tierra Adentro ; Loter\u00eda Nacional para la asistencia p\u00fablica ; Fondo de Cultura Econ\u00f3mica, 2001. 389 pages : includes photos, notes, semblances, bibliographic references, bibliography at the end of each chapter ; 21 cm. (Serie Arte de Biblioteca Mexicana). ISBN : 9681663063. <\/span><\/p>\n","protected":false},"featured_media":8030,"template":"","meta":{"_acf_changed":false,"inline_featured_image":false},"product_brand":[],"product_cat":[87,790],"product_tag":[4044,4534,4538],"class_list":{"0":"post-7955","1":"product","2":"type-product","3":"status-publish","4":"has-post-thumbnail","6":"product_cat-arte","7":"product_cat-arte-y-sociedad-arte","8":"product_tag-arte","9":"product_tag-arte-mexicano","10":"product_tag-historia-del-arte","12":"first","13":"instock","14":"taxable","15":"shipping-taxable","16":"purchasable","17":"product-type-simple"},"acf":[],"yoast_head":"<!-- This site is optimized with the Yoast SEO plugin v27.3 - https:\/\/yoast.com\/product\/yoast-seo-wordpress\/ -->\n<title>El arte en M\u00e9xico: Autores, temas problemas<\/title>\n<meta name=\"description\" content=\"EL ARTE EN M\u00c9XICO : AUTORES, TEMAS, PROBLEMAS. \/ Rita Eder (coordinator). CONACULTA ; Loter\u00eda Nacional para la asistencia p\u00fablica ; FCE, 2001.\" \/>\n<meta name=\"robots\" content=\"index, follow, max-snippet:-1, max-image-preview:large, max-video-preview:-1\" \/>\n<link rel=\"canonical\" href=\"https:\/\/booksfrommexico.com\/es\/producto\/el-arte-en-mexico\/\" \/>\n<meta property=\"og:locale\" content=\"es_ES\" \/>\n<meta property=\"og:type\" content=\"article\" \/>\n<meta property=\"og:title\" content=\"El arte en M\u00e9xico: Autores, temas problemas\" \/>\n<meta property=\"og:description\" content=\"EL ARTE EN M\u00c9XICO : AUTORES, TEMAS, PROBLEMAS. \/ Rita Eder (coordinator). CONACULTA ; Loter\u00eda Nacional para la asistencia p\u00fablica ; FCE, 2001.\" \/>\n<meta property=\"og:url\" content=\"https:\/\/booksfrommexico.com\/es\/producto\/el-arte-en-mexico\/\" \/>\n<meta property=\"og:site_name\" content=\"Books From Mexico\" \/>\n<meta property=\"article:modified_time\" content=\"2025-02-12T17:24:40+00:00\" \/>\n<meta property=\"og:image\" content=\"http:\/\/booksfrommexico.com\/app\/uploads\/2025\/02\/logo-bfm.png\" \/>\n\t<meta property=\"og:image:width\" content=\"427\" \/>\n\t<meta property=\"og:image:height\" content=\"295\" \/>\n\t<meta property=\"og:image:type\" content=\"image\/png\" \/>\n<meta name=\"twitter:card\" content=\"summary_large_image\" \/>\n<meta name=\"twitter:label1\" content=\"Tiempo de lectura\" \/>\n\t<meta name=\"twitter:data1\" content=\"1 minuto\" \/>\n<script type=\"application\/ld+json\" class=\"yoast-schema-graph\">{\"@context\":\"https:\\\/\\\/schema.org\",\"@graph\":[{\"@type\":\"WebPage\",\"@id\":\"https:\\\/\\\/booksfrommexico.com\\\/es\\\/producto\\\/el-arte-en-mexico\\\/\",\"url\":\"https:\\\/\\\/booksfrommexico.com\\\/es\\\/producto\\\/el-arte-en-mexico\\\/\",\"name\":\"El arte en M\u00e9xico: Autores, temas problemas\",\"isPartOf\":{\"@id\":\"https:\\\/\\\/booksfrommexico.com\\\/#website\"},\"primaryImageOfPage\":{\"@id\":\"https:\\\/\\\/booksfrommexico.com\\\/es\\\/producto\\\/el-arte-en-mexico\\\/#primaryimage\"},\"image\":{\"@id\":\"https:\\\/\\\/booksfrommexico.com\\\/es\\\/producto\\\/el-arte-en-mexico\\\/#primaryimage\"},\"thumbnailUrl\":\"https:\\\/\\\/booksfrommexico.com\\\/app\\\/uploads\\\/2025\\\/02\\\/logo-bfm.png\",\"datePublished\":\"2024-11-12T21:02:49+00:00\",\"dateModified\":\"2025-02-12T17:24:40+00:00\",\"description\":\"EL ARTE EN M\u00c9XICO : AUTORES, TEMAS, PROBLEMAS. \\\/ Rita Eder (coordinator). CONACULTA ; Loter\u00eda Nacional para la asistencia p\u00fablica ; FCE, 2001.\",\"breadcrumb\":{\"@id\":\"https:\\\/\\\/booksfrommexico.com\\\/es\\\/producto\\\/el-arte-en-mexico\\\/#breadcrumb\"},\"inLanguage\":\"es\",\"potentialAction\":[{\"@type\":\"ReadAction\",\"target\":[\"https:\\\/\\\/booksfrommexico.com\\\/es\\\/producto\\\/el-arte-en-mexico\\\/\"]}]},{\"@type\":\"ImageObject\",\"inLanguage\":\"es\",\"@id\":\"https:\\\/\\\/booksfrommexico.com\\\/es\\\/producto\\\/el-arte-en-mexico\\\/#primaryimage\",\"url\":\"https:\\\/\\\/booksfrommexico.com\\\/app\\\/uploads\\\/2025\\\/02\\\/logo-bfm.png\",\"contentUrl\":\"https:\\\/\\\/booksfrommexico.com\\\/app\\\/uploads\\\/2025\\\/02\\\/logo-bfm.png\",\"width\":427,\"height\":295,\"caption\":\"books from mexico\"},{\"@type\":\"BreadcrumbList\",\"@id\":\"https:\\\/\\\/booksfrommexico.com\\\/es\\\/producto\\\/el-arte-en-mexico\\\/#breadcrumb\",\"itemListElement\":[{\"@type\":\"ListItem\",\"position\":1,\"name\":\"Home\",\"item\":\"https:\\\/\\\/booksfrommexico.com\\\/es\\\/\"},{\"@type\":\"ListItem\",\"position\":2,\"name\":\"Libros\",\"item\":\"https:\\\/\\\/booksfrommexico.com\\\/es\\\/libros\\\/\"},{\"@type\":\"ListItem\",\"position\":3,\"name\":\"El arte en M\u00e9xico: Autores, temas problemas\"}]},{\"@type\":\"WebSite\",\"@id\":\"https:\\\/\\\/booksfrommexico.com\\\/#website\",\"url\":\"https:\\\/\\\/booksfrommexico.com\\\/\",\"name\":\"Books From Mexico\",\"description\":\"\",\"publisher\":{\"@id\":\"https:\\\/\\\/booksfrommexico.com\\\/#organization\"},\"potentialAction\":[{\"@type\":\"SearchAction\",\"target\":{\"@type\":\"EntryPoint\",\"urlTemplate\":\"https:\\\/\\\/booksfrommexico.com\\\/?s={search_term_string}\"},\"query-input\":{\"@type\":\"PropertyValueSpecification\",\"valueRequired\":true,\"valueName\":\"search_term_string\"}}],\"inLanguage\":\"es\"},{\"@type\":\"Organization\",\"@id\":\"https:\\\/\\\/booksfrommexico.com\\\/#organization\",\"name\":\"Books From Mexico\",\"url\":\"https:\\\/\\\/booksfrommexico.com\\\/\",\"logo\":{\"@type\":\"ImageObject\",\"inLanguage\":\"es\",\"@id\":\"https:\\\/\\\/booksfrommexico.com\\\/#\\\/schema\\\/logo\\\/image\\\/\",\"url\":\"https:\\\/\\\/booksfrommexico.com\\\/app\\\/uploads\\\/2023\\\/05\\\/logo-booksfrommexico.svg\",\"contentUrl\":\"https:\\\/\\\/booksfrommexico.com\\\/app\\\/uploads\\\/2023\\\/05\\\/logo-booksfrommexico.svg\",\"width\":86,\"height\":56,\"caption\":\"Books From Mexico\"},\"image\":{\"@id\":\"https:\\\/\\\/booksfrommexico.com\\\/#\\\/schema\\\/logo\\\/image\\\/\"}}]}<\/script>\n<!-- \/ Yoast SEO plugin. -->","yoast_head_json":{"title":"El arte en M\u00e9xico: Autores, temas problemas","description":"EL ARTE EN M\u00c9XICO : AUTORES, TEMAS, PROBLEMAS. \/ Rita Eder (coordinator). CONACULTA ; Loter\u00eda Nacional para la asistencia p\u00fablica ; FCE, 2001.","robots":{"index":"index","follow":"follow","max-snippet":"max-snippet:-1","max-image-preview":"max-image-preview:large","max-video-preview":"max-video-preview:-1"},"canonical":"https:\/\/booksfrommexico.com\/es\/producto\/el-arte-en-mexico\/","og_locale":"es_ES","og_type":"article","og_title":"El arte en M\u00e9xico: Autores, temas problemas","og_description":"EL ARTE EN M\u00c9XICO : AUTORES, TEMAS, PROBLEMAS. \/ Rita Eder (coordinator). CONACULTA ; Loter\u00eda Nacional para la asistencia p\u00fablica ; FCE, 2001.","og_url":"https:\/\/booksfrommexico.com\/es\/producto\/el-arte-en-mexico\/","og_site_name":"Books From Mexico","article_modified_time":"2025-02-12T17:24:40+00:00","og_image":[{"width":427,"height":295,"url":"http:\/\/booksfrommexico.com\/app\/uploads\/2025\/02\/logo-bfm.png","type":"image\/png"}],"twitter_card":"summary_large_image","twitter_misc":{"Tiempo de lectura":"1 minuto"},"schema":{"@context":"https:\/\/schema.org","@graph":[{"@type":"WebPage","@id":"https:\/\/booksfrommexico.com\/es\/producto\/el-arte-en-mexico\/","url":"https:\/\/booksfrommexico.com\/es\/producto\/el-arte-en-mexico\/","name":"El arte en M\u00e9xico: Autores, temas problemas","isPartOf":{"@id":"https:\/\/booksfrommexico.com\/#website"},"primaryImageOfPage":{"@id":"https:\/\/booksfrommexico.com\/es\/producto\/el-arte-en-mexico\/#primaryimage"},"image":{"@id":"https:\/\/booksfrommexico.com\/es\/producto\/el-arte-en-mexico\/#primaryimage"},"thumbnailUrl":"https:\/\/booksfrommexico.com\/app\/uploads\/2025\/02\/logo-bfm.png","datePublished":"2024-11-12T21:02:49+00:00","dateModified":"2025-02-12T17:24:40+00:00","description":"EL ARTE EN M\u00c9XICO : AUTORES, TEMAS, PROBLEMAS. \/ Rita Eder (coordinator). CONACULTA ; Loter\u00eda Nacional para la asistencia p\u00fablica ; FCE, 2001.","breadcrumb":{"@id":"https:\/\/booksfrommexico.com\/es\/producto\/el-arte-en-mexico\/#breadcrumb"},"inLanguage":"es","potentialAction":[{"@type":"ReadAction","target":["https:\/\/booksfrommexico.com\/es\/producto\/el-arte-en-mexico\/"]}]},{"@type":"ImageObject","inLanguage":"es","@id":"https:\/\/booksfrommexico.com\/es\/producto\/el-arte-en-mexico\/#primaryimage","url":"https:\/\/booksfrommexico.com\/app\/uploads\/2025\/02\/logo-bfm.png","contentUrl":"https:\/\/booksfrommexico.com\/app\/uploads\/2025\/02\/logo-bfm.png","width":427,"height":295,"caption":"books from mexico"},{"@type":"BreadcrumbList","@id":"https:\/\/booksfrommexico.com\/es\/producto\/el-arte-en-mexico\/#breadcrumb","itemListElement":[{"@type":"ListItem","position":1,"name":"Home","item":"https:\/\/booksfrommexico.com\/es\/"},{"@type":"ListItem","position":2,"name":"Libros","item":"https:\/\/booksfrommexico.com\/es\/libros\/"},{"@type":"ListItem","position":3,"name":"El arte en M\u00e9xico: Autores, temas problemas"}]},{"@type":"WebSite","@id":"https:\/\/booksfrommexico.com\/#website","url":"https:\/\/booksfrommexico.com\/","name":"Books From Mexico","description":"","publisher":{"@id":"https:\/\/booksfrommexico.com\/#organization"},"potentialAction":[{"@type":"SearchAction","target":{"@type":"EntryPoint","urlTemplate":"https:\/\/booksfrommexico.com\/?s={search_term_string}"},"query-input":{"@type":"PropertyValueSpecification","valueRequired":true,"valueName":"search_term_string"}}],"inLanguage":"es"},{"@type":"Organization","@id":"https:\/\/booksfrommexico.com\/#organization","name":"Books From Mexico","url":"https:\/\/booksfrommexico.com\/","logo":{"@type":"ImageObject","inLanguage":"es","@id":"https:\/\/booksfrommexico.com\/#\/schema\/logo\/image\/","url":"https:\/\/booksfrommexico.com\/app\/uploads\/2023\/05\/logo-booksfrommexico.svg","contentUrl":"https:\/\/booksfrommexico.com\/app\/uploads\/2023\/05\/logo-booksfrommexico.svg","width":86,"height":56,"caption":"Books From Mexico"},"image":{"@id":"https:\/\/booksfrommexico.com\/#\/schema\/logo\/image\/"}}]}},"_links":{"self":[{"href":"https:\/\/booksfrommexico.com\/es\/wp-json\/wp\/v2\/product\/7955","targetHints":{"allow":["GET"]}}],"collection":[{"href":"https:\/\/booksfrommexico.com\/es\/wp-json\/wp\/v2\/product"}],"about":[{"href":"https:\/\/booksfrommexico.com\/es\/wp-json\/wp\/v2\/types\/product"}],"wp:featuredmedia":[{"embeddable":true,"href":"https:\/\/booksfrommexico.com\/es\/wp-json\/wp\/v2\/media\/8030"}],"wp:attachment":[{"href":"https:\/\/booksfrommexico.com\/es\/wp-json\/wp\/v2\/media?parent=7955"}],"wp:term":[{"taxonomy":"product_brand","embeddable":true,"href":"https:\/\/booksfrommexico.com\/es\/wp-json\/wp\/v2\/product_brand?post=7955"},{"taxonomy":"product_cat","embeddable":true,"href":"https:\/\/booksfrommexico.com\/es\/wp-json\/wp\/v2\/product_cat?post=7955"},{"taxonomy":"product_tag","embeddable":true,"href":"https:\/\/booksfrommexico.com\/es\/wp-json\/wp\/v2\/product_tag?post=7955"}],"curies":[{"name":"wp","href":"https:\/\/api.w.org\/{rel}","templated":true}]}}