{"id":796,"date":"2023-05-08T17:06:54","date_gmt":"2023-05-08T17:06:54","guid":{"rendered":"http:\/\/booksfrommexico.com\/product\/caminos-de-la-historia-mixteca\/"},"modified":"2025-03-03T03:27:16","modified_gmt":"2025-03-03T03:27:16","slug":"caminos-de-la-historia-mixteca","status":"publish","type":"product","link":"https:\/\/booksfrommexico.com\/es\/producto\/caminos-de-la-historia-mixteca\/","title":{"rendered":"Caminos de la historia mixteca"},"content":{"rendered":"<p><span style=\"font-weight: 400;\">La autora rescata una serie de temas que dan luz sobre la cultura mixteca: la iconograf\u00eda de la pintura mural, la genealog\u00eda de Tlazultepec, el juego de pelota, el arte Novohispano del Siglo XVI y el uso, manejo y producci\u00f3n de mezcal de maguey Papalometl. La Universidad Tecnol\u00f3gica de la Mixteca contin\u00faa en di\u00e1logo permanente con la regi\u00f3n en que se asienta y en las m\u00e1s diversas esferas, enalteciendo la cultura. Este t\u00edtulo es una recopilaci\u00f3n de lo que ha aportado la regi\u00f3n no s\u00f3lo al pa\u00eds, sino tambi\u00e9n a la humanidad.<\/span><\/p>\n","protected":false},"excerpt":{"rendered":"<p>CAMINOS DE LA HISTORIA MIXTECA<span style=\"font-weight: 400;\">. \/ Reina Ortiz Escamilla (editor). Huajuapan de Le\u00f3n, Oaxaca, M\u00e9xico: Universidad Tecnol\u00f3gica de la Mixteca, 2008. 190 pages : includes color photos, charts, table, bibliography at the end of the chapter ; 23 cm. ISBN : 9789685882149.<\/span><\/p>\n","protected":false},"featured_media":795,"template":"","meta":{"_acf_changed":false,"inline_featured_image":false},"product_brand":[],"product_cat":[19,66],"product_tag":[4054,4398,3918,3797],"class_list":{"0":"post-796","1":"product","2":"type-product","3":"status-publish","4":"has-post-thumbnail","6":"product_cat-antropologia","7":"product_cat-sociocultural","8":"product_tag-antropologia-es","9":"product_tag-historia-mexico","10":"product_tag-mixtecos","11":"product_tag-oaxaca-mexico","13":"first","14":"outofstock","15":"taxable","16":"shipping-taxable","17":"purchasable","18":"product-type-simple"},"acf":[],"yoast_head":"<!-- This site is optimized with the Yoast SEO plugin v27.3 - https:\/\/yoast.com\/product\/yoast-seo-wordpress\/ -->\n<title>Caminos de la historia mixteca<\/title>\n<meta name=\"description\" content=\"CAMINOS DE LA HISTORIA MIXTECA. \/ Reina Ortiz Escamilla (editor). Huajuapan de Le\u00f3n, Oaxaca, M\u00e9xico: Universidad Tecnol\u00f3gica de la Mixteca, 2008.\" \/>\n<meta name=\"robots\" content=\"index, follow, max-snippet:-1, max-image-preview:large, max-video-preview:-1\" \/>\n<link rel=\"canonical\" href=\"https:\/\/booksfrommexico.com\/es\/producto\/caminos-de-la-historia-mixteca\/\" \/>\n<meta property=\"og:locale\" content=\"es_ES\" \/>\n<meta property=\"og:type\" content=\"article\" \/>\n<meta property=\"og:title\" content=\"Caminos de la historia mixteca\" \/>\n<meta property=\"og:description\" content=\"CAMINOS DE LA HISTORIA MIXTECA. \/ Reina Ortiz Escamilla (editor). Huajuapan de Le\u00f3n, Oaxaca, M\u00e9xico: Universidad Tecnol\u00f3gica de la Mixteca, 2008.\" \/>\n<meta property=\"og:url\" content=\"https:\/\/booksfrommexico.com\/es\/producto\/caminos-de-la-historia-mixteca\/\" \/>\n<meta property=\"og:site_name\" content=\"Books From Mexico\" \/>\n<meta property=\"article:modified_time\" content=\"2025-03-03T03:27:16+00:00\" \/>\n<meta property=\"og:image\" content=\"http:\/\/booksfrommexico.com\/app\/uploads\/2023\/05\/139730.jpeg\" \/>\n\t<meta property=\"og:image:width\" content=\"490\" \/>\n\t<meta property=\"og:image:height\" content=\"662\" \/>\n\t<meta property=\"og:image:type\" content=\"image\/jpeg\" \/>\n<meta name=\"twitter:card\" content=\"summary_large_image\" \/>\n<meta name=\"twitter:label1\" content=\"Tiempo de lectura\" \/>\n\t<meta name=\"twitter:data1\" content=\"1 minuto\" \/>\n<script type=\"application\/ld+json\" class=\"yoast-schema-graph\">{\"@context\":\"https:\\\/\\\/schema.org\",\"@graph\":[{\"@type\":\"WebPage\",\"@id\":\"https:\\\/\\\/booksfrommexico.com\\\/es\\\/producto\\\/caminos-de-la-historia-mixteca\\\/\",\"url\":\"https:\\\/\\\/booksfrommexico.com\\\/es\\\/producto\\\/caminos-de-la-historia-mixteca\\\/\",\"name\":\"Caminos de la historia mixteca\",\"isPartOf\":{\"@id\":\"https:\\\/\\\/booksfrommexico.com\\\/#website\"},\"primaryImageOfPage\":{\"@id\":\"https:\\\/\\\/booksfrommexico.com\\\/es\\\/producto\\\/caminos-de-la-historia-mixteca\\\/#primaryimage\"},\"image\":{\"@id\":\"https:\\\/\\\/booksfrommexico.com\\\/es\\\/producto\\\/caminos-de-la-historia-mixteca\\\/#primaryimage\"},\"thumbnailUrl\":\"https:\\\/\\\/booksfrommexico.com\\\/app\\\/uploads\\\/2023\\\/05\\\/139730.jpeg\",\"datePublished\":\"2023-05-08T17:06:54+00:00\",\"dateModified\":\"2025-03-03T03:27:16+00:00\",\"description\":\"CAMINOS DE LA HISTORIA MIXTECA. \\\/ Reina Ortiz Escamilla (editor). Huajuapan de Le\u00f3n, Oaxaca, M\u00e9xico: Universidad Tecnol\u00f3gica de la Mixteca, 2008.\",\"breadcrumb\":{\"@id\":\"https:\\\/\\\/booksfrommexico.com\\\/es\\\/producto\\\/caminos-de-la-historia-mixteca\\\/#breadcrumb\"},\"inLanguage\":\"es\",\"potentialAction\":[{\"@type\":\"ReadAction\",\"target\":[\"https:\\\/\\\/booksfrommexico.com\\\/es\\\/producto\\\/caminos-de-la-historia-mixteca\\\/\"]}]},{\"@type\":\"ImageObject\",\"inLanguage\":\"es\",\"@id\":\"https:\\\/\\\/booksfrommexico.com\\\/es\\\/producto\\\/caminos-de-la-historia-mixteca\\\/#primaryimage\",\"url\":\"https:\\\/\\\/booksfrommexico.com\\\/app\\\/uploads\\\/2023\\\/05\\\/139730.jpeg\",\"contentUrl\":\"https:\\\/\\\/booksfrommexico.com\\\/app\\\/uploads\\\/2023\\\/05\\\/139730.jpeg\",\"width\":490,\"height\":662,\"caption\":\"Caminos de la historia mixteca. Books From M\u00e9xico\"},{\"@type\":\"BreadcrumbList\",\"@id\":\"https:\\\/\\\/booksfrommexico.com\\\/es\\\/producto\\\/caminos-de-la-historia-mixteca\\\/#breadcrumb\",\"itemListElement\":[{\"@type\":\"ListItem\",\"position\":1,\"name\":\"Home\",\"item\":\"https:\\\/\\\/booksfrommexico.com\\\/es\\\/\"},{\"@type\":\"ListItem\",\"position\":2,\"name\":\"Libros\",\"item\":\"https:\\\/\\\/booksfrommexico.com\\\/es\\\/libros\\\/\"},{\"@type\":\"ListItem\",\"position\":3,\"name\":\"Caminos de la historia mixteca\"}]},{\"@type\":\"WebSite\",\"@id\":\"https:\\\/\\\/booksfrommexico.com\\\/#website\",\"url\":\"https:\\\/\\\/booksfrommexico.com\\\/\",\"name\":\"Books From Mexico\",\"description\":\"\",\"publisher\":{\"@id\":\"https:\\\/\\\/booksfrommexico.com\\\/#organization\"},\"potentialAction\":[{\"@type\":\"SearchAction\",\"target\":{\"@type\":\"EntryPoint\",\"urlTemplate\":\"https:\\\/\\\/booksfrommexico.com\\\/?s={search_term_string}\"},\"query-input\":{\"@type\":\"PropertyValueSpecification\",\"valueRequired\":true,\"valueName\":\"search_term_string\"}}],\"inLanguage\":\"es\"},{\"@type\":\"Organization\",\"@id\":\"https:\\\/\\\/booksfrommexico.com\\\/#organization\",\"name\":\"Books From Mexico\",\"url\":\"https:\\\/\\\/booksfrommexico.com\\\/\",\"logo\":{\"@type\":\"ImageObject\",\"inLanguage\":\"es\",\"@id\":\"https:\\\/\\\/booksfrommexico.com\\\/#\\\/schema\\\/logo\\\/image\\\/\",\"url\":\"https:\\\/\\\/booksfrommexico.com\\\/app\\\/uploads\\\/2023\\\/05\\\/logo-booksfrommexico.svg\",\"contentUrl\":\"https:\\\/\\\/booksfrommexico.com\\\/app\\\/uploads\\\/2023\\\/05\\\/logo-booksfrommexico.svg\",\"width\":86,\"height\":56,\"caption\":\"Books From Mexico\"},\"image\":{\"@id\":\"https:\\\/\\\/booksfrommexico.com\\\/#\\\/schema\\\/logo\\\/image\\\/\"}}]}<\/script>\n<!-- \/ Yoast SEO plugin. -->","yoast_head_json":{"title":"Caminos de la historia mixteca","description":"CAMINOS DE LA HISTORIA MIXTECA. \/ Reina Ortiz Escamilla (editor). Huajuapan de Le\u00f3n, Oaxaca, M\u00e9xico: Universidad Tecnol\u00f3gica de la Mixteca, 2008.","robots":{"index":"index","follow":"follow","max-snippet":"max-snippet:-1","max-image-preview":"max-image-preview:large","max-video-preview":"max-video-preview:-1"},"canonical":"https:\/\/booksfrommexico.com\/es\/producto\/caminos-de-la-historia-mixteca\/","og_locale":"es_ES","og_type":"article","og_title":"Caminos de la historia mixteca","og_description":"CAMINOS DE LA HISTORIA MIXTECA. \/ Reina Ortiz Escamilla (editor). Huajuapan de Le\u00f3n, Oaxaca, M\u00e9xico: Universidad Tecnol\u00f3gica de la Mixteca, 2008.","og_url":"https:\/\/booksfrommexico.com\/es\/producto\/caminos-de-la-historia-mixteca\/","og_site_name":"Books From Mexico","article_modified_time":"2025-03-03T03:27:16+00:00","og_image":[{"width":490,"height":662,"url":"http:\/\/booksfrommexico.com\/app\/uploads\/2023\/05\/139730.jpeg","type":"image\/jpeg"}],"twitter_card":"summary_large_image","twitter_misc":{"Tiempo de lectura":"1 minuto"},"schema":{"@context":"https:\/\/schema.org","@graph":[{"@type":"WebPage","@id":"https:\/\/booksfrommexico.com\/es\/producto\/caminos-de-la-historia-mixteca\/","url":"https:\/\/booksfrommexico.com\/es\/producto\/caminos-de-la-historia-mixteca\/","name":"Caminos de la historia mixteca","isPartOf":{"@id":"https:\/\/booksfrommexico.com\/#website"},"primaryImageOfPage":{"@id":"https:\/\/booksfrommexico.com\/es\/producto\/caminos-de-la-historia-mixteca\/#primaryimage"},"image":{"@id":"https:\/\/booksfrommexico.com\/es\/producto\/caminos-de-la-historia-mixteca\/#primaryimage"},"thumbnailUrl":"https:\/\/booksfrommexico.com\/app\/uploads\/2023\/05\/139730.jpeg","datePublished":"2023-05-08T17:06:54+00:00","dateModified":"2025-03-03T03:27:16+00:00","description":"CAMINOS DE LA HISTORIA MIXTECA. \/ Reina Ortiz Escamilla (editor). Huajuapan de Le\u00f3n, Oaxaca, M\u00e9xico: Universidad Tecnol\u00f3gica de la Mixteca, 2008.","breadcrumb":{"@id":"https:\/\/booksfrommexico.com\/es\/producto\/caminos-de-la-historia-mixteca\/#breadcrumb"},"inLanguage":"es","potentialAction":[{"@type":"ReadAction","target":["https:\/\/booksfrommexico.com\/es\/producto\/caminos-de-la-historia-mixteca\/"]}]},{"@type":"ImageObject","inLanguage":"es","@id":"https:\/\/booksfrommexico.com\/es\/producto\/caminos-de-la-historia-mixteca\/#primaryimage","url":"https:\/\/booksfrommexico.com\/app\/uploads\/2023\/05\/139730.jpeg","contentUrl":"https:\/\/booksfrommexico.com\/app\/uploads\/2023\/05\/139730.jpeg","width":490,"height":662,"caption":"Caminos de la historia mixteca. Books From M\u00e9xico"},{"@type":"BreadcrumbList","@id":"https:\/\/booksfrommexico.com\/es\/producto\/caminos-de-la-historia-mixteca\/#breadcrumb","itemListElement":[{"@type":"ListItem","position":1,"name":"Home","item":"https:\/\/booksfrommexico.com\/es\/"},{"@type":"ListItem","position":2,"name":"Libros","item":"https:\/\/booksfrommexico.com\/es\/libros\/"},{"@type":"ListItem","position":3,"name":"Caminos de la historia mixteca"}]},{"@type":"WebSite","@id":"https:\/\/booksfrommexico.com\/#website","url":"https:\/\/booksfrommexico.com\/","name":"Books From Mexico","description":"","publisher":{"@id":"https:\/\/booksfrommexico.com\/#organization"},"potentialAction":[{"@type":"SearchAction","target":{"@type":"EntryPoint","urlTemplate":"https:\/\/booksfrommexico.com\/?s={search_term_string}"},"query-input":{"@type":"PropertyValueSpecification","valueRequired":true,"valueName":"search_term_string"}}],"inLanguage":"es"},{"@type":"Organization","@id":"https:\/\/booksfrommexico.com\/#organization","name":"Books From Mexico","url":"https:\/\/booksfrommexico.com\/","logo":{"@type":"ImageObject","inLanguage":"es","@id":"https:\/\/booksfrommexico.com\/#\/schema\/logo\/image\/","url":"https:\/\/booksfrommexico.com\/app\/uploads\/2023\/05\/logo-booksfrommexico.svg","contentUrl":"https:\/\/booksfrommexico.com\/app\/uploads\/2023\/05\/logo-booksfrommexico.svg","width":86,"height":56,"caption":"Books From Mexico"},"image":{"@id":"https:\/\/booksfrommexico.com\/#\/schema\/logo\/image\/"}}]}},"_links":{"self":[{"href":"https:\/\/booksfrommexico.com\/es\/wp-json\/wp\/v2\/product\/796","targetHints":{"allow":["GET"]}}],"collection":[{"href":"https:\/\/booksfrommexico.com\/es\/wp-json\/wp\/v2\/product"}],"about":[{"href":"https:\/\/booksfrommexico.com\/es\/wp-json\/wp\/v2\/types\/product"}],"wp:featuredmedia":[{"embeddable":true,"href":"https:\/\/booksfrommexico.com\/es\/wp-json\/wp\/v2\/media\/795"}],"wp:attachment":[{"href":"https:\/\/booksfrommexico.com\/es\/wp-json\/wp\/v2\/media?parent=796"}],"wp:term":[{"taxonomy":"product_brand","embeddable":true,"href":"https:\/\/booksfrommexico.com\/es\/wp-json\/wp\/v2\/product_brand?post=796"},{"taxonomy":"product_cat","embeddable":true,"href":"https:\/\/booksfrommexico.com\/es\/wp-json\/wp\/v2\/product_cat?post=796"},{"taxonomy":"product_tag","embeddable":true,"href":"https:\/\/booksfrommexico.com\/es\/wp-json\/wp\/v2\/product_tag?post=796"}],"curies":[{"name":"wp","href":"https:\/\/api.w.org\/{rel}","templated":true}]}}