{"id":7961,"date":"2024-11-12T21:02:49","date_gmt":"2024-11-12T21:02:49","guid":{"rendered":"https:\/\/booksfrommexico.com\/product\/xhquichi-ca-bidxaa\/"},"modified":"2025-02-12T17:19:58","modified_gmt":"2025-02-12T17:19:58","slug":"xhquichi-ca-bidxaa","status":"publish","type":"product","link":"https:\/\/booksfrommexico.com\/es\/producto\/xhquichi-ca-bidxaa\/","title":{"rendered":"Xhqu\u00edchi Ca Bidx\u00e1a: Libro de los metamorfoseados"},"content":{"rendered":"<p><span style=\"font-weight: 400;\">El <\/span><i><span style=\"font-weight: 400;\">Bidx\u00e1a <\/span><\/i><span style=\"font-weight: 400;\">es un ser concebido por la mentalidad de la cultura prehisp\u00e1nica de Mesoam\u00e9rica, siendo representado bajo diversas formas dependiendo de la zona y la cultura. <\/span><i><span style=\"font-weight: 400;\">Bidx\u00e1a <\/span><\/i><span style=\"font-weight: 400;\">significa \u201cser que cambi\u00f3\u201d, \u201cser que se metamorfose\u00f3\u201d o \u201cel transformado\u201d, y se cree que eran hechiceros, brujos y magos quienes, por medio de oraciones y f\u00f3rmulas m\u00e1gicas, se metamorfoseaban en animales para intimidar a los trasnochadores. Este t\u00edtulo se desprende de una exposici\u00f3n de obra gr\u00e1fica itinerante del artista visual Cristian Pineda Flores, que consta de 26 piezas, un cat\u00e1logo de obra y esta edici\u00f3n, con la finalidad de rescatar y difundir una parte de la tradici\u00f3n oral zapoteca del istmo de Tehuantepec.<\/span><\/p>\n","protected":false},"excerpt":{"rendered":"<p>XHQU\u00cdCHI CA BIDX\u00c1A : LIBRO DE LOS METAMORFOSEADOS<span style=\"font-weight: 400;\">. \/ Cristian Pineda Flores. M\u00e9xico, D.F. : Editorial Praxis, 2004. 51 pages : includes illustrations, semblance ; 21 cm. ISBN : 9706822100.<\/span><\/p>\n","protected":false},"featured_media":8051,"template":"","meta":{"_acf_changed":false,"inline_featured_image":false},"product_brand":[],"product_cat":[87,4277],"product_tag":[4044,4470,3671,4354,3717,3935],"class_list":{"0":"post-7961","1":"product","2":"type-product","3":"status-publish","4":"has-post-thumbnail","6":"product_cat-arte","7":"product_cat-diseno-grafico","8":"product_tag-arte","9":"product_tag-arte-grafico","10":"product_tag-exposiciones","11":"product_tag-istmo","12":"product_tag-lenguaje-zapoteca","13":"product_tag-zapotecas","15":"first","16":"instock","17":"taxable","18":"shipping-taxable","19":"purchasable","20":"product-type-simple"},"acf":[],"yoast_head":"<!-- This site is optimized with the Yoast SEO plugin v27.3 - https:\/\/yoast.com\/product\/yoast-seo-wordpress\/ -->\n<title>Xhqu\u00edchi Ca Bidx\u00e1a: Libro de los metamorfoseados<\/title>\n<meta name=\"description\" content=\"XHQU\u00cdCHI CA BIDX\u00c1A : LIBRO DE LOS METAMORFOSEADOS. \/ Cristian Pineda Flores. M\u00e9xico, D.F. : Editorial Praxis, 2004. ISBN : 9706822100\" \/>\n<meta name=\"robots\" content=\"index, follow, max-snippet:-1, max-image-preview:large, max-video-preview:-1\" \/>\n<link rel=\"canonical\" href=\"https:\/\/booksfrommexico.com\/es\/producto\/xhquichi-ca-bidxaa\/\" \/>\n<meta property=\"og:locale\" content=\"es_ES\" \/>\n<meta property=\"og:type\" content=\"article\" \/>\n<meta property=\"og:title\" content=\"Xhqu\u00edchi Ca Bidx\u00e1a: Libro de los metamorfoseados\" \/>\n<meta property=\"og:description\" content=\"XHQU\u00cdCHI CA BIDX\u00c1A : LIBRO DE LOS METAMORFOSEADOS. \/ Cristian Pineda Flores. M\u00e9xico, D.F. : Editorial Praxis, 2004. ISBN : 9706822100\" \/>\n<meta property=\"og:url\" content=\"https:\/\/booksfrommexico.com\/es\/producto\/xhquichi-ca-bidxaa\/\" \/>\n<meta property=\"og:site_name\" content=\"Books From Mexico\" \/>\n<meta property=\"article:modified_time\" content=\"2025-02-12T17:19:58+00:00\" \/>\n<meta property=\"og:image\" content=\"http:\/\/booksfrommexico.com\/app\/uploads\/2024\/11\/126373.jpeg\" \/>\n\t<meta property=\"og:image:width\" content=\"390\" \/>\n\t<meta property=\"og:image:height\" content=\"594\" \/>\n\t<meta property=\"og:image:type\" content=\"image\/jpeg\" \/>\n<meta name=\"twitter:card\" content=\"summary_large_image\" \/>\n<meta name=\"twitter:label1\" content=\"Tiempo de lectura\" \/>\n\t<meta name=\"twitter:data1\" content=\"1 minuto\" \/>\n<script type=\"application\/ld+json\" class=\"yoast-schema-graph\">{\"@context\":\"https:\\\/\\\/schema.org\",\"@graph\":[{\"@type\":\"WebPage\",\"@id\":\"https:\\\/\\\/booksfrommexico.com\\\/es\\\/producto\\\/xhquichi-ca-bidxaa\\\/\",\"url\":\"https:\\\/\\\/booksfrommexico.com\\\/es\\\/producto\\\/xhquichi-ca-bidxaa\\\/\",\"name\":\"Xhqu\u00edchi Ca Bidx\u00e1a: Libro de los metamorfoseados\",\"isPartOf\":{\"@id\":\"https:\\\/\\\/booksfrommexico.com\\\/#website\"},\"primaryImageOfPage\":{\"@id\":\"https:\\\/\\\/booksfrommexico.com\\\/es\\\/producto\\\/xhquichi-ca-bidxaa\\\/#primaryimage\"},\"image\":{\"@id\":\"https:\\\/\\\/booksfrommexico.com\\\/es\\\/producto\\\/xhquichi-ca-bidxaa\\\/#primaryimage\"},\"thumbnailUrl\":\"https:\\\/\\\/booksfrommexico.com\\\/app\\\/uploads\\\/2024\\\/11\\\/126373.jpeg\",\"datePublished\":\"2024-11-12T21:02:49+00:00\",\"dateModified\":\"2025-02-12T17:19:58+00:00\",\"description\":\"XHQU\u00cdCHI CA BIDX\u00c1A : LIBRO DE LOS METAMORFOSEADOS. \\\/ Cristian Pineda Flores. M\u00e9xico, D.F. : Editorial Praxis, 2004. ISBN : 9706822100\",\"breadcrumb\":{\"@id\":\"https:\\\/\\\/booksfrommexico.com\\\/es\\\/producto\\\/xhquichi-ca-bidxaa\\\/#breadcrumb\"},\"inLanguage\":\"es\",\"potentialAction\":[{\"@type\":\"ReadAction\",\"target\":[\"https:\\\/\\\/booksfrommexico.com\\\/es\\\/producto\\\/xhquichi-ca-bidxaa\\\/\"]}]},{\"@type\":\"ImageObject\",\"inLanguage\":\"es\",\"@id\":\"https:\\\/\\\/booksfrommexico.com\\\/es\\\/producto\\\/xhquichi-ca-bidxaa\\\/#primaryimage\",\"url\":\"https:\\\/\\\/booksfrommexico.com\\\/app\\\/uploads\\\/2024\\\/11\\\/126373.jpeg\",\"contentUrl\":\"https:\\\/\\\/booksfrommexico.com\\\/app\\\/uploads\\\/2024\\\/11\\\/126373.jpeg\",\"width\":390,\"height\":594,\"caption\":\"libro de los\"},{\"@type\":\"BreadcrumbList\",\"@id\":\"https:\\\/\\\/booksfrommexico.com\\\/es\\\/producto\\\/xhquichi-ca-bidxaa\\\/#breadcrumb\",\"itemListElement\":[{\"@type\":\"ListItem\",\"position\":1,\"name\":\"Home\",\"item\":\"https:\\\/\\\/booksfrommexico.com\\\/es\\\/\"},{\"@type\":\"ListItem\",\"position\":2,\"name\":\"Libros\",\"item\":\"https:\\\/\\\/booksfrommexico.com\\\/es\\\/libros\\\/\"},{\"@type\":\"ListItem\",\"position\":3,\"name\":\"Xhqu\u00edchi Ca Bidx\u00e1a: Libro de los metamorfoseados\"}]},{\"@type\":\"WebSite\",\"@id\":\"https:\\\/\\\/booksfrommexico.com\\\/#website\",\"url\":\"https:\\\/\\\/booksfrommexico.com\\\/\",\"name\":\"Books From Mexico\",\"description\":\"\",\"publisher\":{\"@id\":\"https:\\\/\\\/booksfrommexico.com\\\/#organization\"},\"potentialAction\":[{\"@type\":\"SearchAction\",\"target\":{\"@type\":\"EntryPoint\",\"urlTemplate\":\"https:\\\/\\\/booksfrommexico.com\\\/?s={search_term_string}\"},\"query-input\":{\"@type\":\"PropertyValueSpecification\",\"valueRequired\":true,\"valueName\":\"search_term_string\"}}],\"inLanguage\":\"es\"},{\"@type\":\"Organization\",\"@id\":\"https:\\\/\\\/booksfrommexico.com\\\/#organization\",\"name\":\"Books From Mexico\",\"url\":\"https:\\\/\\\/booksfrommexico.com\\\/\",\"logo\":{\"@type\":\"ImageObject\",\"inLanguage\":\"es\",\"@id\":\"https:\\\/\\\/booksfrommexico.com\\\/#\\\/schema\\\/logo\\\/image\\\/\",\"url\":\"https:\\\/\\\/booksfrommexico.com\\\/app\\\/uploads\\\/2023\\\/05\\\/logo-booksfrommexico.svg\",\"contentUrl\":\"https:\\\/\\\/booksfrommexico.com\\\/app\\\/uploads\\\/2023\\\/05\\\/logo-booksfrommexico.svg\",\"width\":86,\"height\":56,\"caption\":\"Books From Mexico\"},\"image\":{\"@id\":\"https:\\\/\\\/booksfrommexico.com\\\/#\\\/schema\\\/logo\\\/image\\\/\"}}]}<\/script>\n<!-- \/ Yoast SEO plugin. -->","yoast_head_json":{"title":"Xhqu\u00edchi Ca Bidx\u00e1a: Libro de los metamorfoseados","description":"XHQU\u00cdCHI CA BIDX\u00c1A : LIBRO DE LOS METAMORFOSEADOS. \/ Cristian Pineda Flores. M\u00e9xico, D.F. : Editorial Praxis, 2004. ISBN : 9706822100","robots":{"index":"index","follow":"follow","max-snippet":"max-snippet:-1","max-image-preview":"max-image-preview:large","max-video-preview":"max-video-preview:-1"},"canonical":"https:\/\/booksfrommexico.com\/es\/producto\/xhquichi-ca-bidxaa\/","og_locale":"es_ES","og_type":"article","og_title":"Xhqu\u00edchi Ca Bidx\u00e1a: Libro de los metamorfoseados","og_description":"XHQU\u00cdCHI CA BIDX\u00c1A : LIBRO DE LOS METAMORFOSEADOS. \/ Cristian Pineda Flores. M\u00e9xico, D.F. : Editorial Praxis, 2004. ISBN : 9706822100","og_url":"https:\/\/booksfrommexico.com\/es\/producto\/xhquichi-ca-bidxaa\/","og_site_name":"Books From Mexico","article_modified_time":"2025-02-12T17:19:58+00:00","og_image":[{"width":390,"height":594,"url":"http:\/\/booksfrommexico.com\/app\/uploads\/2024\/11\/126373.jpeg","type":"image\/jpeg"}],"twitter_card":"summary_large_image","twitter_misc":{"Tiempo de lectura":"1 minuto"},"schema":{"@context":"https:\/\/schema.org","@graph":[{"@type":"WebPage","@id":"https:\/\/booksfrommexico.com\/es\/producto\/xhquichi-ca-bidxaa\/","url":"https:\/\/booksfrommexico.com\/es\/producto\/xhquichi-ca-bidxaa\/","name":"Xhqu\u00edchi Ca Bidx\u00e1a: Libro de los metamorfoseados","isPartOf":{"@id":"https:\/\/booksfrommexico.com\/#website"},"primaryImageOfPage":{"@id":"https:\/\/booksfrommexico.com\/es\/producto\/xhquichi-ca-bidxaa\/#primaryimage"},"image":{"@id":"https:\/\/booksfrommexico.com\/es\/producto\/xhquichi-ca-bidxaa\/#primaryimage"},"thumbnailUrl":"https:\/\/booksfrommexico.com\/app\/uploads\/2024\/11\/126373.jpeg","datePublished":"2024-11-12T21:02:49+00:00","dateModified":"2025-02-12T17:19:58+00:00","description":"XHQU\u00cdCHI CA BIDX\u00c1A : LIBRO DE LOS METAMORFOSEADOS. \/ Cristian Pineda Flores. M\u00e9xico, D.F. : Editorial Praxis, 2004. ISBN : 9706822100","breadcrumb":{"@id":"https:\/\/booksfrommexico.com\/es\/producto\/xhquichi-ca-bidxaa\/#breadcrumb"},"inLanguage":"es","potentialAction":[{"@type":"ReadAction","target":["https:\/\/booksfrommexico.com\/es\/producto\/xhquichi-ca-bidxaa\/"]}]},{"@type":"ImageObject","inLanguage":"es","@id":"https:\/\/booksfrommexico.com\/es\/producto\/xhquichi-ca-bidxaa\/#primaryimage","url":"https:\/\/booksfrommexico.com\/app\/uploads\/2024\/11\/126373.jpeg","contentUrl":"https:\/\/booksfrommexico.com\/app\/uploads\/2024\/11\/126373.jpeg","width":390,"height":594,"caption":"libro de los"},{"@type":"BreadcrumbList","@id":"https:\/\/booksfrommexico.com\/es\/producto\/xhquichi-ca-bidxaa\/#breadcrumb","itemListElement":[{"@type":"ListItem","position":1,"name":"Home","item":"https:\/\/booksfrommexico.com\/es\/"},{"@type":"ListItem","position":2,"name":"Libros","item":"https:\/\/booksfrommexico.com\/es\/libros\/"},{"@type":"ListItem","position":3,"name":"Xhqu\u00edchi Ca Bidx\u00e1a: Libro de los metamorfoseados"}]},{"@type":"WebSite","@id":"https:\/\/booksfrommexico.com\/#website","url":"https:\/\/booksfrommexico.com\/","name":"Books From Mexico","description":"","publisher":{"@id":"https:\/\/booksfrommexico.com\/#organization"},"potentialAction":[{"@type":"SearchAction","target":{"@type":"EntryPoint","urlTemplate":"https:\/\/booksfrommexico.com\/?s={search_term_string}"},"query-input":{"@type":"PropertyValueSpecification","valueRequired":true,"valueName":"search_term_string"}}],"inLanguage":"es"},{"@type":"Organization","@id":"https:\/\/booksfrommexico.com\/#organization","name":"Books From Mexico","url":"https:\/\/booksfrommexico.com\/","logo":{"@type":"ImageObject","inLanguage":"es","@id":"https:\/\/booksfrommexico.com\/#\/schema\/logo\/image\/","url":"https:\/\/booksfrommexico.com\/app\/uploads\/2023\/05\/logo-booksfrommexico.svg","contentUrl":"https:\/\/booksfrommexico.com\/app\/uploads\/2023\/05\/logo-booksfrommexico.svg","width":86,"height":56,"caption":"Books From Mexico"},"image":{"@id":"https:\/\/booksfrommexico.com\/#\/schema\/logo\/image\/"}}]}},"_links":{"self":[{"href":"https:\/\/booksfrommexico.com\/es\/wp-json\/wp\/v2\/product\/7961","targetHints":{"allow":["GET"]}}],"collection":[{"href":"https:\/\/booksfrommexico.com\/es\/wp-json\/wp\/v2\/product"}],"about":[{"href":"https:\/\/booksfrommexico.com\/es\/wp-json\/wp\/v2\/types\/product"}],"wp:featuredmedia":[{"embeddable":true,"href":"https:\/\/booksfrommexico.com\/es\/wp-json\/wp\/v2\/media\/8051"}],"wp:attachment":[{"href":"https:\/\/booksfrommexico.com\/es\/wp-json\/wp\/v2\/media?parent=7961"}],"wp:term":[{"taxonomy":"product_brand","embeddable":true,"href":"https:\/\/booksfrommexico.com\/es\/wp-json\/wp\/v2\/product_brand?post=7961"},{"taxonomy":"product_cat","embeddable":true,"href":"https:\/\/booksfrommexico.com\/es\/wp-json\/wp\/v2\/product_cat?post=7961"},{"taxonomy":"product_tag","embeddable":true,"href":"https:\/\/booksfrommexico.com\/es\/wp-json\/wp\/v2\/product_tag?post=7961"}],"curies":[{"name":"wp","href":"https:\/\/api.w.org\/{rel}","templated":true}]}}