{"id":7965,"date":"2024-11-12T21:02:49","date_gmt":"2024-11-12T21:02:49","guid":{"rendered":"https:\/\/booksfrommexico.com\/product\/tintes-naturales-mexicanos\/"},"modified":"2025-02-12T17:21:44","modified_gmt":"2025-02-12T17:21:44","slug":"tintes-naturales-mexicanos","status":"publish","type":"product","link":"https:\/\/booksfrommexico.com\/es\/producto\/tintes-naturales-mexicanos\/","title":{"rendered":"Tintes Naturales Mexicanos: Su aplicaci\u00f3n en algod\u00f3n, henequ\u00e9n y lana"},"content":{"rendered":"<p><span style=\"font-weight: 400;\">Fruto de la larga experiencia como investigadora, maestra y tejedora de Leticia Arroyo Ortiz, este t\u00edtulo est\u00e1 dedicado al conocimiento y aplicaci\u00f3n de los tintes naturales. La autora se dio a la tarea de investigar, recolectar y experimentar con animales y plantas de los que se extraen tintes, aplic\u00e1ndolos en ella misma, con el fin de resolver problemas de te\u00f1ido, de modo natural y de acuerdo con los procedimientos de origen que en las diversas tradiciones ind\u00edgenas de M\u00e9xico. \u00c9sta investigaci\u00f3n puede ser tambi\u00e9n una gu\u00eda para aquellos artesanos y artistas que, a trav\u00e9s de la calidad de los tintes, procuran la producci\u00f3n de sus obras.<\/span><\/p>\n","protected":false},"excerpt":{"rendered":"<p>TINTES NATURALES MEXICANOS : SU APLICACI\u00d3N EN ALGOD\u00d3N, HENEQU\u00c9N Y LANA<span style=\"font-weight: 400;\">. \/ Leticia Arroyo Ortiz. M\u00e9xico, D.F. : Universidad Nacional Aut\u00f3noma de M\u00e9xico , Direcci\u00f3n General de Artes Pl\u00e1sticas ; Comisi\u00f3n Nacional para el Conoci miento y Uso de la Biodiversidad, 2008. 183 pages : includes color photos, color illustrations, bibliography ; 28 cm. ISBN : 9786072001794.<\/span><\/p>\n","protected":false},"featured_media":8053,"template":"","meta":{"_acf_changed":false,"inline_featured_image":false},"product_brand":[],"product_cat":[87],"product_tag":[4044,4534],"class_list":{"0":"post-7965","1":"product","2":"type-product","3":"status-publish","4":"has-post-thumbnail","6":"product_cat-arte","7":"product_tag-arte","8":"product_tag-arte-mexicano","10":"first","11":"outofstock","12":"taxable","13":"shipping-taxable","14":"purchasable","15":"product-type-simple"},"acf":[],"yoast_head":"<!-- This site is optimized with the Yoast SEO plugin v27.3 - https:\/\/yoast.com\/product\/yoast-seo-wordpress\/ -->\n<title>Tintes Naturales Mexicanos: Su aplicaci\u00f3n<\/title>\n<meta name=\"description\" content=\"TINTES NATURALES MEXICANOS : SU APLICACI\u00d3N EN ALGOD\u00d3N, HENEQU\u00c9N Y LANA. \/ Leticia Arroyo Ortiz. UNAM , Direcci\u00f3n General de Artes Pl\u00e1sticas ; CONABIO, 2008.\" \/>\n<meta name=\"robots\" content=\"index, follow, max-snippet:-1, max-image-preview:large, max-video-preview:-1\" \/>\n<link rel=\"canonical\" href=\"https:\/\/booksfrommexico.com\/es\/producto\/tintes-naturales-mexicanos\/\" \/>\n<meta property=\"og:locale\" content=\"es_ES\" \/>\n<meta property=\"og:type\" content=\"article\" \/>\n<meta property=\"og:title\" content=\"Tintes Naturales Mexicanos: Su aplicaci\u00f3n\" \/>\n<meta property=\"og:description\" content=\"TINTES NATURALES MEXICANOS : SU APLICACI\u00d3N EN ALGOD\u00d3N, HENEQU\u00c9N Y LANA. \/ Leticia Arroyo Ortiz. UNAM , Direcci\u00f3n General de Artes Pl\u00e1sticas ; CONABIO, 2008.\" \/>\n<meta property=\"og:url\" content=\"https:\/\/booksfrommexico.com\/es\/producto\/tintes-naturales-mexicanos\/\" \/>\n<meta property=\"og:site_name\" content=\"Books From Mexico\" \/>\n<meta property=\"article:modified_time\" content=\"2025-02-12T17:21:44+00:00\" \/>\n<meta property=\"og:image\" content=\"http:\/\/booksfrommexico.com\/app\/uploads\/2024\/11\/145818.jpeg\" \/>\n\t<meta property=\"og:image:width\" content=\"622\" \/>\n\t<meta property=\"og:image:height\" content=\"792\" \/>\n\t<meta property=\"og:image:type\" content=\"image\/jpeg\" \/>\n<meta name=\"twitter:card\" content=\"summary_large_image\" \/>\n<meta name=\"twitter:label1\" content=\"Tiempo de lectura\" \/>\n\t<meta name=\"twitter:data1\" content=\"1 minuto\" \/>\n<script type=\"application\/ld+json\" class=\"yoast-schema-graph\">{\"@context\":\"https:\\\/\\\/schema.org\",\"@graph\":[{\"@type\":\"WebPage\",\"@id\":\"https:\\\/\\\/booksfrommexico.com\\\/es\\\/producto\\\/tintes-naturales-mexicanos\\\/\",\"url\":\"https:\\\/\\\/booksfrommexico.com\\\/es\\\/producto\\\/tintes-naturales-mexicanos\\\/\",\"name\":\"Tintes Naturales Mexicanos: Su aplicaci\u00f3n\",\"isPartOf\":{\"@id\":\"https:\\\/\\\/booksfrommexico.com\\\/#website\"},\"primaryImageOfPage\":{\"@id\":\"https:\\\/\\\/booksfrommexico.com\\\/es\\\/producto\\\/tintes-naturales-mexicanos\\\/#primaryimage\"},\"image\":{\"@id\":\"https:\\\/\\\/booksfrommexico.com\\\/es\\\/producto\\\/tintes-naturales-mexicanos\\\/#primaryimage\"},\"thumbnailUrl\":\"https:\\\/\\\/booksfrommexico.com\\\/app\\\/uploads\\\/2024\\\/11\\\/145818.jpeg\",\"datePublished\":\"2024-11-12T21:02:49+00:00\",\"dateModified\":\"2025-02-12T17:21:44+00:00\",\"description\":\"TINTES NATURALES MEXICANOS : SU APLICACI\u00d3N EN ALGOD\u00d3N, HENEQU\u00c9N Y LANA. \\\/ Leticia Arroyo Ortiz. UNAM , Direcci\u00f3n General de Artes Pl\u00e1sticas ; CONABIO, 2008.\",\"breadcrumb\":{\"@id\":\"https:\\\/\\\/booksfrommexico.com\\\/es\\\/producto\\\/tintes-naturales-mexicanos\\\/#breadcrumb\"},\"inLanguage\":\"es\",\"potentialAction\":[{\"@type\":\"ReadAction\",\"target\":[\"https:\\\/\\\/booksfrommexico.com\\\/es\\\/producto\\\/tintes-naturales-mexicanos\\\/\"]}]},{\"@type\":\"ImageObject\",\"inLanguage\":\"es\",\"@id\":\"https:\\\/\\\/booksfrommexico.com\\\/es\\\/producto\\\/tintes-naturales-mexicanos\\\/#primaryimage\",\"url\":\"https:\\\/\\\/booksfrommexico.com\\\/app\\\/uploads\\\/2024\\\/11\\\/145818.jpeg\",\"contentUrl\":\"https:\\\/\\\/booksfrommexico.com\\\/app\\\/uploads\\\/2024\\\/11\\\/145818.jpeg\",\"width\":622,\"height\":792,\"caption\":\"tintes naturales\"},{\"@type\":\"BreadcrumbList\",\"@id\":\"https:\\\/\\\/booksfrommexico.com\\\/es\\\/producto\\\/tintes-naturales-mexicanos\\\/#breadcrumb\",\"itemListElement\":[{\"@type\":\"ListItem\",\"position\":1,\"name\":\"Home\",\"item\":\"https:\\\/\\\/booksfrommexico.com\\\/es\\\/\"},{\"@type\":\"ListItem\",\"position\":2,\"name\":\"Libros\",\"item\":\"https:\\\/\\\/booksfrommexico.com\\\/es\\\/libros\\\/\"},{\"@type\":\"ListItem\",\"position\":3,\"name\":\"Tintes Naturales Mexicanos: Su aplicaci\u00f3n en algod\u00f3n, henequ\u00e9n y lana\"}]},{\"@type\":\"WebSite\",\"@id\":\"https:\\\/\\\/booksfrommexico.com\\\/#website\",\"url\":\"https:\\\/\\\/booksfrommexico.com\\\/\",\"name\":\"Books From Mexico\",\"description\":\"\",\"publisher\":{\"@id\":\"https:\\\/\\\/booksfrommexico.com\\\/#organization\"},\"potentialAction\":[{\"@type\":\"SearchAction\",\"target\":{\"@type\":\"EntryPoint\",\"urlTemplate\":\"https:\\\/\\\/booksfrommexico.com\\\/?s={search_term_string}\"},\"query-input\":{\"@type\":\"PropertyValueSpecification\",\"valueRequired\":true,\"valueName\":\"search_term_string\"}}],\"inLanguage\":\"es\"},{\"@type\":\"Organization\",\"@id\":\"https:\\\/\\\/booksfrommexico.com\\\/#organization\",\"name\":\"Books From Mexico\",\"url\":\"https:\\\/\\\/booksfrommexico.com\\\/\",\"logo\":{\"@type\":\"ImageObject\",\"inLanguage\":\"es\",\"@id\":\"https:\\\/\\\/booksfrommexico.com\\\/#\\\/schema\\\/logo\\\/image\\\/\",\"url\":\"https:\\\/\\\/booksfrommexico.com\\\/app\\\/uploads\\\/2023\\\/05\\\/logo-booksfrommexico.svg\",\"contentUrl\":\"https:\\\/\\\/booksfrommexico.com\\\/app\\\/uploads\\\/2023\\\/05\\\/logo-booksfrommexico.svg\",\"width\":86,\"height\":56,\"caption\":\"Books From Mexico\"},\"image\":{\"@id\":\"https:\\\/\\\/booksfrommexico.com\\\/#\\\/schema\\\/logo\\\/image\\\/\"}}]}<\/script>\n<!-- \/ Yoast SEO plugin. -->","yoast_head_json":{"title":"Tintes Naturales Mexicanos: Su aplicaci\u00f3n","description":"TINTES NATURALES MEXICANOS : SU APLICACI\u00d3N EN ALGOD\u00d3N, HENEQU\u00c9N Y LANA. \/ Leticia Arroyo Ortiz. UNAM , Direcci\u00f3n General de Artes Pl\u00e1sticas ; CONABIO, 2008.","robots":{"index":"index","follow":"follow","max-snippet":"max-snippet:-1","max-image-preview":"max-image-preview:large","max-video-preview":"max-video-preview:-1"},"canonical":"https:\/\/booksfrommexico.com\/es\/producto\/tintes-naturales-mexicanos\/","og_locale":"es_ES","og_type":"article","og_title":"Tintes Naturales Mexicanos: Su aplicaci\u00f3n","og_description":"TINTES NATURALES MEXICANOS : SU APLICACI\u00d3N EN ALGOD\u00d3N, HENEQU\u00c9N Y LANA. \/ Leticia Arroyo Ortiz. UNAM , Direcci\u00f3n General de Artes Pl\u00e1sticas ; CONABIO, 2008.","og_url":"https:\/\/booksfrommexico.com\/es\/producto\/tintes-naturales-mexicanos\/","og_site_name":"Books From Mexico","article_modified_time":"2025-02-12T17:21:44+00:00","og_image":[{"width":622,"height":792,"url":"http:\/\/booksfrommexico.com\/app\/uploads\/2024\/11\/145818.jpeg","type":"image\/jpeg"}],"twitter_card":"summary_large_image","twitter_misc":{"Tiempo de lectura":"1 minuto"},"schema":{"@context":"https:\/\/schema.org","@graph":[{"@type":"WebPage","@id":"https:\/\/booksfrommexico.com\/es\/producto\/tintes-naturales-mexicanos\/","url":"https:\/\/booksfrommexico.com\/es\/producto\/tintes-naturales-mexicanos\/","name":"Tintes Naturales Mexicanos: Su aplicaci\u00f3n","isPartOf":{"@id":"https:\/\/booksfrommexico.com\/#website"},"primaryImageOfPage":{"@id":"https:\/\/booksfrommexico.com\/es\/producto\/tintes-naturales-mexicanos\/#primaryimage"},"image":{"@id":"https:\/\/booksfrommexico.com\/es\/producto\/tintes-naturales-mexicanos\/#primaryimage"},"thumbnailUrl":"https:\/\/booksfrommexico.com\/app\/uploads\/2024\/11\/145818.jpeg","datePublished":"2024-11-12T21:02:49+00:00","dateModified":"2025-02-12T17:21:44+00:00","description":"TINTES NATURALES MEXICANOS : SU APLICACI\u00d3N EN ALGOD\u00d3N, HENEQU\u00c9N Y LANA. \/ Leticia Arroyo Ortiz. UNAM , Direcci\u00f3n General de Artes Pl\u00e1sticas ; CONABIO, 2008.","breadcrumb":{"@id":"https:\/\/booksfrommexico.com\/es\/producto\/tintes-naturales-mexicanos\/#breadcrumb"},"inLanguage":"es","potentialAction":[{"@type":"ReadAction","target":["https:\/\/booksfrommexico.com\/es\/producto\/tintes-naturales-mexicanos\/"]}]},{"@type":"ImageObject","inLanguage":"es","@id":"https:\/\/booksfrommexico.com\/es\/producto\/tintes-naturales-mexicanos\/#primaryimage","url":"https:\/\/booksfrommexico.com\/app\/uploads\/2024\/11\/145818.jpeg","contentUrl":"https:\/\/booksfrommexico.com\/app\/uploads\/2024\/11\/145818.jpeg","width":622,"height":792,"caption":"tintes naturales"},{"@type":"BreadcrumbList","@id":"https:\/\/booksfrommexico.com\/es\/producto\/tintes-naturales-mexicanos\/#breadcrumb","itemListElement":[{"@type":"ListItem","position":1,"name":"Home","item":"https:\/\/booksfrommexico.com\/es\/"},{"@type":"ListItem","position":2,"name":"Libros","item":"https:\/\/booksfrommexico.com\/es\/libros\/"},{"@type":"ListItem","position":3,"name":"Tintes Naturales Mexicanos: Su aplicaci\u00f3n en algod\u00f3n, henequ\u00e9n y lana"}]},{"@type":"WebSite","@id":"https:\/\/booksfrommexico.com\/#website","url":"https:\/\/booksfrommexico.com\/","name":"Books From Mexico","description":"","publisher":{"@id":"https:\/\/booksfrommexico.com\/#organization"},"potentialAction":[{"@type":"SearchAction","target":{"@type":"EntryPoint","urlTemplate":"https:\/\/booksfrommexico.com\/?s={search_term_string}"},"query-input":{"@type":"PropertyValueSpecification","valueRequired":true,"valueName":"search_term_string"}}],"inLanguage":"es"},{"@type":"Organization","@id":"https:\/\/booksfrommexico.com\/#organization","name":"Books From Mexico","url":"https:\/\/booksfrommexico.com\/","logo":{"@type":"ImageObject","inLanguage":"es","@id":"https:\/\/booksfrommexico.com\/#\/schema\/logo\/image\/","url":"https:\/\/booksfrommexico.com\/app\/uploads\/2023\/05\/logo-booksfrommexico.svg","contentUrl":"https:\/\/booksfrommexico.com\/app\/uploads\/2023\/05\/logo-booksfrommexico.svg","width":86,"height":56,"caption":"Books From Mexico"},"image":{"@id":"https:\/\/booksfrommexico.com\/#\/schema\/logo\/image\/"}}]}},"_links":{"self":[{"href":"https:\/\/booksfrommexico.com\/es\/wp-json\/wp\/v2\/product\/7965","targetHints":{"allow":["GET"]}}],"collection":[{"href":"https:\/\/booksfrommexico.com\/es\/wp-json\/wp\/v2\/product"}],"about":[{"href":"https:\/\/booksfrommexico.com\/es\/wp-json\/wp\/v2\/types\/product"}],"wp:featuredmedia":[{"embeddable":true,"href":"https:\/\/booksfrommexico.com\/es\/wp-json\/wp\/v2\/media\/8053"}],"wp:attachment":[{"href":"https:\/\/booksfrommexico.com\/es\/wp-json\/wp\/v2\/media?parent=7965"}],"wp:term":[{"taxonomy":"product_brand","embeddable":true,"href":"https:\/\/booksfrommexico.com\/es\/wp-json\/wp\/v2\/product_brand?post=7965"},{"taxonomy":"product_cat","embeddable":true,"href":"https:\/\/booksfrommexico.com\/es\/wp-json\/wp\/v2\/product_cat?post=7965"},{"taxonomy":"product_tag","embeddable":true,"href":"https:\/\/booksfrommexico.com\/es\/wp-json\/wp\/v2\/product_tag?post=7965"}],"curies":[{"name":"wp","href":"https:\/\/api.w.org\/{rel}","templated":true}]}}