{"id":7975,"date":"2024-11-29T03:14:16","date_gmt":"2024-11-29T03:14:16","guid":{"rendered":"https:\/\/booksfrommexico.com\/?post_type=product&#038;p=7975"},"modified":"2024-11-29T03:15:59","modified_gmt":"2024-11-29T03:15:59","slug":"libro-de-cocina","status":"publish","type":"product","link":"https:\/\/booksfrommexico.com\/es\/producto\/libro-de-cocina\/","title":{"rendered":"Libro de cocina"},"content":{"rendered":"<p>Esta se trata de una reedici\u00f3n del Libro de Cocina que se atribuye a Sor Juana In\u00e9s de la Cruz, tomada de la edici\u00f3n de 1979 que se realiz\u00f3 por las historiadoras Muriel de Gonz\u00e1lez Mariscal y Guadalupe P\u00e9rez San Vicente. Este t\u00edtulo puede ser tomado como un como un recetario en s\u00ed mismo, siendo a la vez un documento de difusi\u00f3n que refleja la historia de las ra\u00edces de la cocina mexicana y un aporte al Patrimonio Cultural de la Humanidad que es la Cocina Mexicana. Aunado a ello, esta edici\u00f3n consta de s\u00f3lo 150 ejemplares, cuenta con un encuadernado artesanal, ilustraciones, grabados realizados por Nacho G\u00f3mez Arriola y un libro pr\u00f3logo anexo escrito por Sol Rubin de la Borbolla.<\/p>\n","protected":false},"excerpt":{"rendered":"<p>LIBRO DE COCINA : SELECCIONADO Y TRANSCRITO POR JUANA YNES DE LA CRUZ, 1648 &#8211; 1695. \/ Nacho G\u00f3mez Arriola (engravings). Guadalajara, Jalisco, M\u00e9xico : Taller Gr\u00e1fica de Comala 2024. 28 pages : includes illustrations ; 25 cm.<\/p>\n","protected":false},"featured_media":7977,"template":"","meta":{"_acf_changed":false,"inline_featured_image":false},"product_brand":[],"product_cat":[4206,4205],"product_tag":[4546,4547],"class_list":{"0":"post-7975","1":"product","2":"type-product","3":"status-publish","4":"has-post-thumbnail","6":"product_cat-estudios-culinarios","7":"product_cat-gastronomia","8":"product_tag-gastronomia-mexicana","9":"product_tag-sor-juana-ines-de-la-cruz","11":"first","12":"outofstock","13":"taxable","14":"shipping-taxable","15":"purchasable","16":"product-type-simple"},"acf":[],"yoast_head":"<!-- This site is optimized with the Yoast SEO plugin v27.3 - https:\/\/yoast.com\/product\/yoast-seo-wordpress\/ -->\n<title>Libro de cocina - Books From Mexico<\/title>\n<meta name=\"description\" content=\"JUANA YNES DE LA CRUZ, 1648 - 1695. \/ Taller Gr\u00e1fica de Comala, 2024. Reedici\u00f3n del Libro de Cocina que se atribuye a Sor Juana In\u00e9s de la Cruz\" \/>\n<meta name=\"robots\" content=\"index, follow, max-snippet:-1, max-image-preview:large, max-video-preview:-1\" \/>\n<link rel=\"canonical\" href=\"https:\/\/booksfrommexico.com\/es\/producto\/libro-de-cocina\/\" \/>\n<meta property=\"og:locale\" content=\"es_ES\" \/>\n<meta property=\"og:type\" content=\"article\" \/>\n<meta property=\"og:title\" content=\"Libro de cocina - Books From Mexico\" \/>\n<meta property=\"og:description\" content=\"JUANA YNES DE LA CRUZ, 1648 - 1695. \/ Taller Gr\u00e1fica de Comala, 2024. Reedici\u00f3n del Libro de Cocina que se atribuye a Sor Juana In\u00e9s de la Cruz\" \/>\n<meta property=\"og:url\" content=\"https:\/\/booksfrommexico.com\/es\/producto\/libro-de-cocina\/\" \/>\n<meta property=\"og:site_name\" content=\"Books From Mexico\" \/>\n<meta property=\"article:modified_time\" content=\"2024-11-29T03:15:59+00:00\" \/>\n<meta property=\"og:image\" content=\"http:\/\/booksfrommexico.com\/app\/uploads\/2024\/11\/Libro-de-Cocina.png\" \/>\n\t<meta property=\"og:image:width\" content=\"550\" \/>\n\t<meta property=\"og:image:height\" content=\"956\" \/>\n\t<meta property=\"og:image:type\" content=\"image\/png\" \/>\n<meta name=\"twitter:card\" content=\"summary_large_image\" \/>\n<meta name=\"twitter:label1\" content=\"Tiempo de lectura\" \/>\n\t<meta name=\"twitter:data1\" content=\"1 minuto\" \/>\n<script type=\"application\/ld+json\" class=\"yoast-schema-graph\">{\"@context\":\"https:\\\/\\\/schema.org\",\"@graph\":[{\"@type\":\"WebPage\",\"@id\":\"https:\\\/\\\/booksfrommexico.com\\\/es\\\/producto\\\/libro-de-cocina\\\/\",\"url\":\"https:\\\/\\\/booksfrommexico.com\\\/es\\\/producto\\\/libro-de-cocina\\\/\",\"name\":\"Libro de cocina - Books From Mexico\",\"isPartOf\":{\"@id\":\"https:\\\/\\\/booksfrommexico.com\\\/#website\"},\"primaryImageOfPage\":{\"@id\":\"https:\\\/\\\/booksfrommexico.com\\\/es\\\/producto\\\/libro-de-cocina\\\/#primaryimage\"},\"image\":{\"@id\":\"https:\\\/\\\/booksfrommexico.com\\\/es\\\/producto\\\/libro-de-cocina\\\/#primaryimage\"},\"thumbnailUrl\":\"https:\\\/\\\/booksfrommexico.com\\\/app\\\/uploads\\\/2024\\\/11\\\/Libro-de-Cocina.png\",\"datePublished\":\"2024-11-29T03:14:16+00:00\",\"dateModified\":\"2024-11-29T03:15:59+00:00\",\"description\":\"JUANA YNES DE LA CRUZ, 1648 - 1695. \\\/ Taller Gr\u00e1fica de Comala, 2024. Reedici\u00f3n del Libro de Cocina que se atribuye a Sor Juana In\u00e9s de la Cruz\",\"breadcrumb\":{\"@id\":\"https:\\\/\\\/booksfrommexico.com\\\/es\\\/producto\\\/libro-de-cocina\\\/#breadcrumb\"},\"inLanguage\":\"es\",\"potentialAction\":[{\"@type\":\"ReadAction\",\"target\":[\"https:\\\/\\\/booksfrommexico.com\\\/es\\\/producto\\\/libro-de-cocina\\\/\"]}]},{\"@type\":\"ImageObject\",\"inLanguage\":\"es\",\"@id\":\"https:\\\/\\\/booksfrommexico.com\\\/es\\\/producto\\\/libro-de-cocina\\\/#primaryimage\",\"url\":\"https:\\\/\\\/booksfrommexico.com\\\/app\\\/uploads\\\/2024\\\/11\\\/Libro-de-Cocina.png\",\"contentUrl\":\"https:\\\/\\\/booksfrommexico.com\\\/app\\\/uploads\\\/2024\\\/11\\\/Libro-de-Cocina.png\",\"width\":550,\"height\":956,\"caption\":\"Taller Gr\u00e1fica Comala\"},{\"@type\":\"BreadcrumbList\",\"@id\":\"https:\\\/\\\/booksfrommexico.com\\\/es\\\/producto\\\/libro-de-cocina\\\/#breadcrumb\",\"itemListElement\":[{\"@type\":\"ListItem\",\"position\":1,\"name\":\"Home\",\"item\":\"https:\\\/\\\/booksfrommexico.com\\\/es\\\/\"},{\"@type\":\"ListItem\",\"position\":2,\"name\":\"Libros\",\"item\":\"https:\\\/\\\/booksfrommexico.com\\\/es\\\/libros\\\/\"},{\"@type\":\"ListItem\",\"position\":3,\"name\":\"Libro de cocina\"}]},{\"@type\":\"WebSite\",\"@id\":\"https:\\\/\\\/booksfrommexico.com\\\/#website\",\"url\":\"https:\\\/\\\/booksfrommexico.com\\\/\",\"name\":\"Books From Mexico\",\"description\":\"\",\"publisher\":{\"@id\":\"https:\\\/\\\/booksfrommexico.com\\\/#organization\"},\"potentialAction\":[{\"@type\":\"SearchAction\",\"target\":{\"@type\":\"EntryPoint\",\"urlTemplate\":\"https:\\\/\\\/booksfrommexico.com\\\/?s={search_term_string}\"},\"query-input\":{\"@type\":\"PropertyValueSpecification\",\"valueRequired\":true,\"valueName\":\"search_term_string\"}}],\"inLanguage\":\"es\"},{\"@type\":\"Organization\",\"@id\":\"https:\\\/\\\/booksfrommexico.com\\\/#organization\",\"name\":\"Books From Mexico\",\"url\":\"https:\\\/\\\/booksfrommexico.com\\\/\",\"logo\":{\"@type\":\"ImageObject\",\"inLanguage\":\"es\",\"@id\":\"https:\\\/\\\/booksfrommexico.com\\\/#\\\/schema\\\/logo\\\/image\\\/\",\"url\":\"https:\\\/\\\/booksfrommexico.com\\\/app\\\/uploads\\\/2023\\\/05\\\/logo-booksfrommexico.svg\",\"contentUrl\":\"https:\\\/\\\/booksfrommexico.com\\\/app\\\/uploads\\\/2023\\\/05\\\/logo-booksfrommexico.svg\",\"width\":86,\"height\":56,\"caption\":\"Books From Mexico\"},\"image\":{\"@id\":\"https:\\\/\\\/booksfrommexico.com\\\/#\\\/schema\\\/logo\\\/image\\\/\"}}]}<\/script>\n<!-- \/ Yoast SEO plugin. -->","yoast_head_json":{"title":"Libro de cocina - Books From Mexico","description":"JUANA YNES DE LA CRUZ, 1648 - 1695. \/ Taller Gr\u00e1fica de Comala, 2024. Reedici\u00f3n del Libro de Cocina que se atribuye a Sor Juana In\u00e9s de la Cruz","robots":{"index":"index","follow":"follow","max-snippet":"max-snippet:-1","max-image-preview":"max-image-preview:large","max-video-preview":"max-video-preview:-1"},"canonical":"https:\/\/booksfrommexico.com\/es\/producto\/libro-de-cocina\/","og_locale":"es_ES","og_type":"article","og_title":"Libro de cocina - Books From Mexico","og_description":"JUANA YNES DE LA CRUZ, 1648 - 1695. \/ Taller Gr\u00e1fica de Comala, 2024. Reedici\u00f3n del Libro de Cocina que se atribuye a Sor Juana In\u00e9s de la Cruz","og_url":"https:\/\/booksfrommexico.com\/es\/producto\/libro-de-cocina\/","og_site_name":"Books From Mexico","article_modified_time":"2024-11-29T03:15:59+00:00","og_image":[{"width":550,"height":956,"url":"http:\/\/booksfrommexico.com\/app\/uploads\/2024\/11\/Libro-de-Cocina.png","type":"image\/png"}],"twitter_card":"summary_large_image","twitter_misc":{"Tiempo de lectura":"1 minuto"},"schema":{"@context":"https:\/\/schema.org","@graph":[{"@type":"WebPage","@id":"https:\/\/booksfrommexico.com\/es\/producto\/libro-de-cocina\/","url":"https:\/\/booksfrommexico.com\/es\/producto\/libro-de-cocina\/","name":"Libro de cocina - Books From Mexico","isPartOf":{"@id":"https:\/\/booksfrommexico.com\/#website"},"primaryImageOfPage":{"@id":"https:\/\/booksfrommexico.com\/es\/producto\/libro-de-cocina\/#primaryimage"},"image":{"@id":"https:\/\/booksfrommexico.com\/es\/producto\/libro-de-cocina\/#primaryimage"},"thumbnailUrl":"https:\/\/booksfrommexico.com\/app\/uploads\/2024\/11\/Libro-de-Cocina.png","datePublished":"2024-11-29T03:14:16+00:00","dateModified":"2024-11-29T03:15:59+00:00","description":"JUANA YNES DE LA CRUZ, 1648 - 1695. \/ Taller Gr\u00e1fica de Comala, 2024. Reedici\u00f3n del Libro de Cocina que se atribuye a Sor Juana In\u00e9s de la Cruz","breadcrumb":{"@id":"https:\/\/booksfrommexico.com\/es\/producto\/libro-de-cocina\/#breadcrumb"},"inLanguage":"es","potentialAction":[{"@type":"ReadAction","target":["https:\/\/booksfrommexico.com\/es\/producto\/libro-de-cocina\/"]}]},{"@type":"ImageObject","inLanguage":"es","@id":"https:\/\/booksfrommexico.com\/es\/producto\/libro-de-cocina\/#primaryimage","url":"https:\/\/booksfrommexico.com\/app\/uploads\/2024\/11\/Libro-de-Cocina.png","contentUrl":"https:\/\/booksfrommexico.com\/app\/uploads\/2024\/11\/Libro-de-Cocina.png","width":550,"height":956,"caption":"Taller Gr\u00e1fica Comala"},{"@type":"BreadcrumbList","@id":"https:\/\/booksfrommexico.com\/es\/producto\/libro-de-cocina\/#breadcrumb","itemListElement":[{"@type":"ListItem","position":1,"name":"Home","item":"https:\/\/booksfrommexico.com\/es\/"},{"@type":"ListItem","position":2,"name":"Libros","item":"https:\/\/booksfrommexico.com\/es\/libros\/"},{"@type":"ListItem","position":3,"name":"Libro de cocina"}]},{"@type":"WebSite","@id":"https:\/\/booksfrommexico.com\/#website","url":"https:\/\/booksfrommexico.com\/","name":"Books From Mexico","description":"","publisher":{"@id":"https:\/\/booksfrommexico.com\/#organization"},"potentialAction":[{"@type":"SearchAction","target":{"@type":"EntryPoint","urlTemplate":"https:\/\/booksfrommexico.com\/?s={search_term_string}"},"query-input":{"@type":"PropertyValueSpecification","valueRequired":true,"valueName":"search_term_string"}}],"inLanguage":"es"},{"@type":"Organization","@id":"https:\/\/booksfrommexico.com\/#organization","name":"Books From Mexico","url":"https:\/\/booksfrommexico.com\/","logo":{"@type":"ImageObject","inLanguage":"es","@id":"https:\/\/booksfrommexico.com\/#\/schema\/logo\/image\/","url":"https:\/\/booksfrommexico.com\/app\/uploads\/2023\/05\/logo-booksfrommexico.svg","contentUrl":"https:\/\/booksfrommexico.com\/app\/uploads\/2023\/05\/logo-booksfrommexico.svg","width":86,"height":56,"caption":"Books From Mexico"},"image":{"@id":"https:\/\/booksfrommexico.com\/#\/schema\/logo\/image\/"}}]}},"_links":{"self":[{"href":"https:\/\/booksfrommexico.com\/es\/wp-json\/wp\/v2\/product\/7975","targetHints":{"allow":["GET"]}}],"collection":[{"href":"https:\/\/booksfrommexico.com\/es\/wp-json\/wp\/v2\/product"}],"about":[{"href":"https:\/\/booksfrommexico.com\/es\/wp-json\/wp\/v2\/types\/product"}],"wp:featuredmedia":[{"embeddable":true,"href":"https:\/\/booksfrommexico.com\/es\/wp-json\/wp\/v2\/media\/7977"}],"wp:attachment":[{"href":"https:\/\/booksfrommexico.com\/es\/wp-json\/wp\/v2\/media?parent=7975"}],"wp:term":[{"taxonomy":"product_brand","embeddable":true,"href":"https:\/\/booksfrommexico.com\/es\/wp-json\/wp\/v2\/product_brand?post=7975"},{"taxonomy":"product_cat","embeddable":true,"href":"https:\/\/booksfrommexico.com\/es\/wp-json\/wp\/v2\/product_cat?post=7975"},{"taxonomy":"product_tag","embeddable":true,"href":"https:\/\/booksfrommexico.com\/es\/wp-json\/wp\/v2\/product_tag?post=7975"}],"curies":[{"name":"wp","href":"https:\/\/api.w.org\/{rel}","templated":true}]}}