{"id":800,"date":"2023-05-08T17:06:57","date_gmt":"2023-05-08T17:06:57","guid":{"rendered":"http:\/\/booksfrommexico.com\/product\/patrimonios-cuenca-del-rio-tepalcaltepec\/"},"modified":"2024-06-13T23:29:44","modified_gmt":"2024-06-13T23:29:44","slug":"patrimonios-cuenca-del-rio-tepalcaltepec","status":"publish","type":"product","link":"https:\/\/booksfrommexico.com\/es\/producto\/patrimonios-cuenca-del-rio-tepalcaltepec\/","title":{"rendered":"Patrimonios: Cuenca del r\u00edo Tepalcatepec"},"content":{"rendered":"<p><span style=\"font-weight: 400;\">El proyecto que da a luz a este t\u00edtulo se estructur\u00f3 a partir del an\u00e1lisis conjunto de tres elementos constitutivos del patrimonio: sistemas naturales, procesos hist\u00f3ricos y acervos culturales, realizado por equipos interdisciplinarios de investigaci\u00f3n. Los estudios que se llevaron a cabo tuvieron un enfoque transdisciplinario y un inter\u00e9s intersectorial (instituciones acad\u00e9micas, gubernamentales y de las sociedades locales). Aqu\u00ed se plantea, desarrolla y se da sustento a un marco te\u00f3rico-metodol\u00f3gico denominado \u201csustentabilidad patrimonial\u201d, que se pone a prueba con los resultados de los trabajos realizados por los participantes del proyecto.<\/span><\/p>\n","protected":false},"excerpt":{"rendered":"<p>PATRIMONIOS : CUENCA DEL R\u00cdO TEPALCATEPEC<span style=\"font-weight: 400;\">. \/ Esteban Barrag\u00e1n L\u00f3pez, Juan Ortiz Escamilla, Alejandro Toledo Ocampo. Zamora, Michoac\u00e1n, M\u00e9xico : El Colegio de Michoac\u00e1n ; Gobierno del Estado de Michoac\u00e1n, 2007. 310 pages : includes color maps, color photos, toponymic index, bibliography, CD, 2 DVD\u2019s ; 37 cm. (Colecci\u00f3n Im\u00e1genes). ISBN : 9789706792419.<\/span><\/p>\n","protected":false},"featured_media":799,"template":"","meta":{"_acf_changed":false,"inline_featured_image":false},"product_brand":[],"product_cat":[19,372],"product_tag":[4054,4427,3705],"class_list":{"0":"post-800","1":"product","2":"type-product","3":"status-publish","4":"has-post-thumbnail","6":"product_cat-antropologia","7":"product_cat-tradiciones-culturales","8":"product_tag-antropologia-es","9":"product_tag-jalisco-mexico","10":"product_tag-michoacan-mexico","12":"first","13":"instock","14":"taxable","15":"shipping-taxable","16":"purchasable","17":"product-type-simple"},"acf":[],"yoast_head":"<!-- This site is optimized with the Yoast SEO plugin v27.3 - https:\/\/yoast.com\/product\/yoast-seo-wordpress\/ -->\n<title>Patrimonios: Cuenca del r\u00edo Tepalcatepec<\/title>\n<meta name=\"description\" content=\"PATRIMONIOS : CUENCA DEL R\u00cdO TEPALCATEPEC. \/ Barrag\u00e1n L\u00f3pez, rtiz Escamilla, Alejandro Toledo Ocampo. El Colegio de Michoac\u00e1n. 2007. (Colecci\u00f3n Im\u00e1genes).\" \/>\n<meta name=\"robots\" content=\"index, follow, max-snippet:-1, max-image-preview:large, max-video-preview:-1\" \/>\n<link rel=\"canonical\" href=\"https:\/\/booksfrommexico.com\/es\/producto\/patrimonios-cuenca-del-rio-tepalcaltepec\/\" \/>\n<meta property=\"og:locale\" content=\"es_ES\" \/>\n<meta property=\"og:type\" content=\"article\" \/>\n<meta property=\"og:title\" content=\"Patrimonios: Cuenca del r\u00edo Tepalcatepec\" \/>\n<meta property=\"og:description\" content=\"PATRIMONIOS : CUENCA DEL R\u00cdO TEPALCATEPEC. \/ Barrag\u00e1n L\u00f3pez, rtiz Escamilla, Alejandro Toledo Ocampo. El Colegio de Michoac\u00e1n. 2007. (Colecci\u00f3n Im\u00e1genes).\" \/>\n<meta property=\"og:url\" content=\"https:\/\/booksfrommexico.com\/es\/producto\/patrimonios-cuenca-del-rio-tepalcaltepec\/\" \/>\n<meta property=\"og:site_name\" content=\"Books From Mexico\" \/>\n<meta property=\"article:modified_time\" content=\"2024-06-13T23:29:44+00:00\" \/>\n<meta property=\"og:image\" content=\"http:\/\/booksfrommexico.com\/app\/uploads\/2023\/05\/140493.jpeg\" \/>\n\t<meta property=\"og:image:width\" content=\"624\" \/>\n\t<meta property=\"og:image:height\" content=\"869\" \/>\n\t<meta property=\"og:image:type\" content=\"image\/jpeg\" \/>\n<meta name=\"twitter:card\" content=\"summary_large_image\" \/>\n<meta name=\"twitter:label1\" content=\"Tiempo de lectura\" \/>\n\t<meta name=\"twitter:data1\" content=\"1 minuto\" \/>\n<script type=\"application\/ld+json\" class=\"yoast-schema-graph\">{\"@context\":\"https:\\\/\\\/schema.org\",\"@graph\":[{\"@type\":\"WebPage\",\"@id\":\"https:\\\/\\\/booksfrommexico.com\\\/es\\\/producto\\\/patrimonios-cuenca-del-rio-tepalcaltepec\\\/\",\"url\":\"https:\\\/\\\/booksfrommexico.com\\\/es\\\/producto\\\/patrimonios-cuenca-del-rio-tepalcaltepec\\\/\",\"name\":\"Patrimonios: Cuenca del r\u00edo Tepalcatepec\",\"isPartOf\":{\"@id\":\"https:\\\/\\\/booksfrommexico.com\\\/#website\"},\"primaryImageOfPage\":{\"@id\":\"https:\\\/\\\/booksfrommexico.com\\\/es\\\/producto\\\/patrimonios-cuenca-del-rio-tepalcaltepec\\\/#primaryimage\"},\"image\":{\"@id\":\"https:\\\/\\\/booksfrommexico.com\\\/es\\\/producto\\\/patrimonios-cuenca-del-rio-tepalcaltepec\\\/#primaryimage\"},\"thumbnailUrl\":\"https:\\\/\\\/booksfrommexico.com\\\/app\\\/uploads\\\/2023\\\/05\\\/140493.jpeg\",\"datePublished\":\"2023-05-08T17:06:57+00:00\",\"dateModified\":\"2024-06-13T23:29:44+00:00\",\"description\":\"PATRIMONIOS : CUENCA DEL R\u00cdO TEPALCATEPEC. \\\/ Barrag\u00e1n L\u00f3pez, rtiz Escamilla, Alejandro Toledo Ocampo. El Colegio de Michoac\u00e1n. 2007. (Colecci\u00f3n Im\u00e1genes).\",\"breadcrumb\":{\"@id\":\"https:\\\/\\\/booksfrommexico.com\\\/es\\\/producto\\\/patrimonios-cuenca-del-rio-tepalcaltepec\\\/#breadcrumb\"},\"inLanguage\":\"es\",\"potentialAction\":[{\"@type\":\"ReadAction\",\"target\":[\"https:\\\/\\\/booksfrommexico.com\\\/es\\\/producto\\\/patrimonios-cuenca-del-rio-tepalcaltepec\\\/\"]}]},{\"@type\":\"ImageObject\",\"inLanguage\":\"es\",\"@id\":\"https:\\\/\\\/booksfrommexico.com\\\/es\\\/producto\\\/patrimonios-cuenca-del-rio-tepalcaltepec\\\/#primaryimage\",\"url\":\"https:\\\/\\\/booksfrommexico.com\\\/app\\\/uploads\\\/2023\\\/05\\\/140493.jpeg\",\"contentUrl\":\"https:\\\/\\\/booksfrommexico.com\\\/app\\\/uploads\\\/2023\\\/05\\\/140493.jpeg\",\"width\":624,\"height\":869,\"caption\":\"Patrimonios Cuenca del r\u00edo Tepalcaltepec. Books From M\u00e9xico\"},{\"@type\":\"BreadcrumbList\",\"@id\":\"https:\\\/\\\/booksfrommexico.com\\\/es\\\/producto\\\/patrimonios-cuenca-del-rio-tepalcaltepec\\\/#breadcrumb\",\"itemListElement\":[{\"@type\":\"ListItem\",\"position\":1,\"name\":\"Home\",\"item\":\"https:\\\/\\\/booksfrommexico.com\\\/es\\\/\"},{\"@type\":\"ListItem\",\"position\":2,\"name\":\"Libros\",\"item\":\"https:\\\/\\\/booksfrommexico.com\\\/es\\\/libros\\\/\"},{\"@type\":\"ListItem\",\"position\":3,\"name\":\"Patrimonios: Cuenca del r\u00edo Tepalcatepec\"}]},{\"@type\":\"WebSite\",\"@id\":\"https:\\\/\\\/booksfrommexico.com\\\/#website\",\"url\":\"https:\\\/\\\/booksfrommexico.com\\\/\",\"name\":\"Books From Mexico\",\"description\":\"\",\"publisher\":{\"@id\":\"https:\\\/\\\/booksfrommexico.com\\\/#organization\"},\"potentialAction\":[{\"@type\":\"SearchAction\",\"target\":{\"@type\":\"EntryPoint\",\"urlTemplate\":\"https:\\\/\\\/booksfrommexico.com\\\/?s={search_term_string}\"},\"query-input\":{\"@type\":\"PropertyValueSpecification\",\"valueRequired\":true,\"valueName\":\"search_term_string\"}}],\"inLanguage\":\"es\"},{\"@type\":\"Organization\",\"@id\":\"https:\\\/\\\/booksfrommexico.com\\\/#organization\",\"name\":\"Books From Mexico\",\"url\":\"https:\\\/\\\/booksfrommexico.com\\\/\",\"logo\":{\"@type\":\"ImageObject\",\"inLanguage\":\"es\",\"@id\":\"https:\\\/\\\/booksfrommexico.com\\\/#\\\/schema\\\/logo\\\/image\\\/\",\"url\":\"https:\\\/\\\/booksfrommexico.com\\\/app\\\/uploads\\\/2023\\\/05\\\/logo-booksfrommexico.svg\",\"contentUrl\":\"https:\\\/\\\/booksfrommexico.com\\\/app\\\/uploads\\\/2023\\\/05\\\/logo-booksfrommexico.svg\",\"width\":86,\"height\":56,\"caption\":\"Books From Mexico\"},\"image\":{\"@id\":\"https:\\\/\\\/booksfrommexico.com\\\/#\\\/schema\\\/logo\\\/image\\\/\"}}]}<\/script>\n<!-- \/ Yoast SEO plugin. -->","yoast_head_json":{"title":"Patrimonios: Cuenca del r\u00edo Tepalcatepec","description":"PATRIMONIOS : CUENCA DEL R\u00cdO TEPALCATEPEC. \/ Barrag\u00e1n L\u00f3pez, rtiz Escamilla, Alejandro Toledo Ocampo. El Colegio de Michoac\u00e1n. 2007. (Colecci\u00f3n Im\u00e1genes).","robots":{"index":"index","follow":"follow","max-snippet":"max-snippet:-1","max-image-preview":"max-image-preview:large","max-video-preview":"max-video-preview:-1"},"canonical":"https:\/\/booksfrommexico.com\/es\/producto\/patrimonios-cuenca-del-rio-tepalcaltepec\/","og_locale":"es_ES","og_type":"article","og_title":"Patrimonios: Cuenca del r\u00edo Tepalcatepec","og_description":"PATRIMONIOS : CUENCA DEL R\u00cdO TEPALCATEPEC. \/ Barrag\u00e1n L\u00f3pez, rtiz Escamilla, Alejandro Toledo Ocampo. El Colegio de Michoac\u00e1n. 2007. (Colecci\u00f3n Im\u00e1genes).","og_url":"https:\/\/booksfrommexico.com\/es\/producto\/patrimonios-cuenca-del-rio-tepalcaltepec\/","og_site_name":"Books From Mexico","article_modified_time":"2024-06-13T23:29:44+00:00","og_image":[{"width":624,"height":869,"url":"http:\/\/booksfrommexico.com\/app\/uploads\/2023\/05\/140493.jpeg","type":"image\/jpeg"}],"twitter_card":"summary_large_image","twitter_misc":{"Tiempo de lectura":"1 minuto"},"schema":{"@context":"https:\/\/schema.org","@graph":[{"@type":"WebPage","@id":"https:\/\/booksfrommexico.com\/es\/producto\/patrimonios-cuenca-del-rio-tepalcaltepec\/","url":"https:\/\/booksfrommexico.com\/es\/producto\/patrimonios-cuenca-del-rio-tepalcaltepec\/","name":"Patrimonios: Cuenca del r\u00edo Tepalcatepec","isPartOf":{"@id":"https:\/\/booksfrommexico.com\/#website"},"primaryImageOfPage":{"@id":"https:\/\/booksfrommexico.com\/es\/producto\/patrimonios-cuenca-del-rio-tepalcaltepec\/#primaryimage"},"image":{"@id":"https:\/\/booksfrommexico.com\/es\/producto\/patrimonios-cuenca-del-rio-tepalcaltepec\/#primaryimage"},"thumbnailUrl":"https:\/\/booksfrommexico.com\/app\/uploads\/2023\/05\/140493.jpeg","datePublished":"2023-05-08T17:06:57+00:00","dateModified":"2024-06-13T23:29:44+00:00","description":"PATRIMONIOS : CUENCA DEL R\u00cdO TEPALCATEPEC. \/ Barrag\u00e1n L\u00f3pez, rtiz Escamilla, Alejandro Toledo Ocampo. El Colegio de Michoac\u00e1n. 2007. (Colecci\u00f3n Im\u00e1genes).","breadcrumb":{"@id":"https:\/\/booksfrommexico.com\/es\/producto\/patrimonios-cuenca-del-rio-tepalcaltepec\/#breadcrumb"},"inLanguage":"es","potentialAction":[{"@type":"ReadAction","target":["https:\/\/booksfrommexico.com\/es\/producto\/patrimonios-cuenca-del-rio-tepalcaltepec\/"]}]},{"@type":"ImageObject","inLanguage":"es","@id":"https:\/\/booksfrommexico.com\/es\/producto\/patrimonios-cuenca-del-rio-tepalcaltepec\/#primaryimage","url":"https:\/\/booksfrommexico.com\/app\/uploads\/2023\/05\/140493.jpeg","contentUrl":"https:\/\/booksfrommexico.com\/app\/uploads\/2023\/05\/140493.jpeg","width":624,"height":869,"caption":"Patrimonios Cuenca del r\u00edo Tepalcaltepec. Books From M\u00e9xico"},{"@type":"BreadcrumbList","@id":"https:\/\/booksfrommexico.com\/es\/producto\/patrimonios-cuenca-del-rio-tepalcaltepec\/#breadcrumb","itemListElement":[{"@type":"ListItem","position":1,"name":"Home","item":"https:\/\/booksfrommexico.com\/es\/"},{"@type":"ListItem","position":2,"name":"Libros","item":"https:\/\/booksfrommexico.com\/es\/libros\/"},{"@type":"ListItem","position":3,"name":"Patrimonios: Cuenca del r\u00edo Tepalcatepec"}]},{"@type":"WebSite","@id":"https:\/\/booksfrommexico.com\/#website","url":"https:\/\/booksfrommexico.com\/","name":"Books From Mexico","description":"","publisher":{"@id":"https:\/\/booksfrommexico.com\/#organization"},"potentialAction":[{"@type":"SearchAction","target":{"@type":"EntryPoint","urlTemplate":"https:\/\/booksfrommexico.com\/?s={search_term_string}"},"query-input":{"@type":"PropertyValueSpecification","valueRequired":true,"valueName":"search_term_string"}}],"inLanguage":"es"},{"@type":"Organization","@id":"https:\/\/booksfrommexico.com\/#organization","name":"Books From Mexico","url":"https:\/\/booksfrommexico.com\/","logo":{"@type":"ImageObject","inLanguage":"es","@id":"https:\/\/booksfrommexico.com\/#\/schema\/logo\/image\/","url":"https:\/\/booksfrommexico.com\/app\/uploads\/2023\/05\/logo-booksfrommexico.svg","contentUrl":"https:\/\/booksfrommexico.com\/app\/uploads\/2023\/05\/logo-booksfrommexico.svg","width":86,"height":56,"caption":"Books From Mexico"},"image":{"@id":"https:\/\/booksfrommexico.com\/#\/schema\/logo\/image\/"}}]}},"_links":{"self":[{"href":"https:\/\/booksfrommexico.com\/es\/wp-json\/wp\/v2\/product\/800","targetHints":{"allow":["GET"]}}],"collection":[{"href":"https:\/\/booksfrommexico.com\/es\/wp-json\/wp\/v2\/product"}],"about":[{"href":"https:\/\/booksfrommexico.com\/es\/wp-json\/wp\/v2\/types\/product"}],"wp:featuredmedia":[{"embeddable":true,"href":"https:\/\/booksfrommexico.com\/es\/wp-json\/wp\/v2\/media\/799"}],"wp:attachment":[{"href":"https:\/\/booksfrommexico.com\/es\/wp-json\/wp\/v2\/media?parent=800"}],"wp:term":[{"taxonomy":"product_brand","embeddable":true,"href":"https:\/\/booksfrommexico.com\/es\/wp-json\/wp\/v2\/product_brand?post=800"},{"taxonomy":"product_cat","embeddable":true,"href":"https:\/\/booksfrommexico.com\/es\/wp-json\/wp\/v2\/product_cat?post=800"},{"taxonomy":"product_tag","embeddable":true,"href":"https:\/\/booksfrommexico.com\/es\/wp-json\/wp\/v2\/product_tag?post=800"}],"curies":[{"name":"wp","href":"https:\/\/api.w.org\/{rel}","templated":true}]}}