{"id":802,"date":"2023-05-08T17:07:00","date_gmt":"2023-05-08T17:07:00","guid":{"rendered":"http:\/\/booksfrommexico.com\/product\/la-epoca-de-oro-de-la-danza-moderna-mexicana\/"},"modified":"2025-10-14T20:57:36","modified_gmt":"2025-10-14T20:57:36","slug":"la-epoca-de-oro-de-la-danza-moderna-mexicana","status":"publish","type":"product","link":"https:\/\/booksfrommexico.com\/es\/producto\/la-epoca-de-oro-de-la-danza-moderna-mexicana\/","title":{"rendered":"La \u00c9poca de oro de la danza moderna mexicana"},"content":{"rendered":"","protected":false},"excerpt":{"rendered":"<p>Guillermo Arriaga. M\u00e9xico, D.F.: Consejo Nacional para la Cultura y las Artes, 2008. 119 pages : 23 cm. \u00abTeor\u00eda y Pr\u00e1ctica del Arte\u00bb. ISBN: 9789703512690<\/p>\n","protected":false},"featured_media":801,"template":"","meta":{"_acf_changed":false,"inline_featured_image":false},"product_brand":[],"product_cat":[3347],"product_tag":[],"class_list":{"0":"post-802","1":"product","2":"type-product","3":"status-publish","4":"has-post-thumbnail","6":"product_cat-drama-danza-y-teatro","8":"first","9":"outofstock","10":"taxable","11":"shipping-taxable","12":"purchasable","13":"product-type-simple"},"acf":[],"yoast_head":"<!-- This site is optimized with the Yoast SEO plugin v27.2 - https:\/\/yoast.com\/product\/yoast-seo-wordpress\/ -->\n<title>La \u00c9poca de oro de la danza moderna mexicana. Guillermo Arriaga<\/title>\n<meta name=\"description\" content=\"La \u00c9poca de oro de la danza moderna mexicana. Guillermo Arriaga. M\u00e9xico, D.F.: Consejo Nacional para la Cultura y las Artes, 2008.\" \/>\n<meta name=\"robots\" content=\"index, follow, max-snippet:-1, max-image-preview:large, max-video-preview:-1\" \/>\n<link rel=\"canonical\" href=\"https:\/\/booksfrommexico.com\/es\/producto\/la-epoca-de-oro-de-la-danza-moderna-mexicana\/\" \/>\n<meta property=\"og:locale\" content=\"es_ES\" \/>\n<meta property=\"og:type\" content=\"article\" \/>\n<meta property=\"og:title\" content=\"La \u00c9poca de oro de la danza moderna mexicana. Guillermo Arriaga\" \/>\n<meta property=\"og:description\" content=\"La \u00c9poca de oro de la danza moderna mexicana. Guillermo Arriaga. M\u00e9xico, D.F.: Consejo Nacional para la Cultura y las Artes, 2008.\" \/>\n<meta property=\"og:url\" content=\"https:\/\/booksfrommexico.com\/es\/producto\/la-epoca-de-oro-de-la-danza-moderna-mexicana\/\" \/>\n<meta property=\"og:site_name\" content=\"Books From Mexico\" \/>\n<meta property=\"article:modified_time\" content=\"2025-10-14T20:57:36+00:00\" \/>\n<meta property=\"og:image\" content=\"http:\/\/booksfrommexico.com\/app\/uploads\/2023\/05\/140621.jpeg\" \/>\n\t<meta property=\"og:image:width\" content=\"429\" \/>\n\t<meta property=\"og:image:height\" content=\"649\" \/>\n\t<meta property=\"og:image:type\" content=\"image\/jpeg\" \/>\n<meta name=\"twitter:card\" content=\"summary_large_image\" \/>\n<meta name=\"twitter:label1\" content=\"Tiempo de lectura\" \/>\n\t<meta name=\"twitter:data1\" content=\"1 minuto\" \/>\n<script type=\"application\/ld+json\" class=\"yoast-schema-graph\">{\"@context\":\"https:\/\/schema.org\",\"@graph\":[{\"@type\":\"WebPage\",\"@id\":\"https:\/\/booksfrommexico.com\/es\/producto\/la-epoca-de-oro-de-la-danza-moderna-mexicana\/\",\"url\":\"https:\/\/booksfrommexico.com\/es\/producto\/la-epoca-de-oro-de-la-danza-moderna-mexicana\/\",\"name\":\"La \u00c9poca de oro de la danza moderna mexicana. Guillermo Arriaga\",\"isPartOf\":{\"@id\":\"https:\/\/booksfrommexico.com\/#website\"},\"primaryImageOfPage\":{\"@id\":\"https:\/\/booksfrommexico.com\/es\/producto\/la-epoca-de-oro-de-la-danza-moderna-mexicana\/#primaryimage\"},\"image\":{\"@id\":\"https:\/\/booksfrommexico.com\/es\/producto\/la-epoca-de-oro-de-la-danza-moderna-mexicana\/#primaryimage\"},\"thumbnailUrl\":\"https:\/\/booksfrommexico.com\/app\/uploads\/2023\/05\/140621.jpeg\",\"datePublished\":\"2023-05-08T17:07:00+00:00\",\"dateModified\":\"2025-10-14T20:57:36+00:00\",\"description\":\"La \u00c9poca de oro de la danza moderna mexicana. Guillermo Arriaga. M\u00e9xico, D.F.: Consejo Nacional para la Cultura y las Artes, 2008.\",\"breadcrumb\":{\"@id\":\"https:\/\/booksfrommexico.com\/es\/producto\/la-epoca-de-oro-de-la-danza-moderna-mexicana\/#breadcrumb\"},\"inLanguage\":\"es\",\"potentialAction\":[{\"@type\":\"ReadAction\",\"target\":[\"https:\/\/booksfrommexico.com\/es\/producto\/la-epoca-de-oro-de-la-danza-moderna-mexicana\/\"]}]},{\"@type\":\"ImageObject\",\"inLanguage\":\"es\",\"@id\":\"https:\/\/booksfrommexico.com\/es\/producto\/la-epoca-de-oro-de-la-danza-moderna-mexicana\/#primaryimage\",\"url\":\"https:\/\/booksfrommexico.com\/app\/uploads\/2023\/05\/140621.jpeg\",\"contentUrl\":\"https:\/\/booksfrommexico.com\/app\/uploads\/2023\/05\/140621.jpeg\",\"width\":429,\"height\":649,\"caption\":\"La \u00c9poca de oro de la danza moderna mexicana. Books From M\u00e9xico\"},{\"@type\":\"BreadcrumbList\",\"@id\":\"https:\/\/booksfrommexico.com\/es\/producto\/la-epoca-de-oro-de-la-danza-moderna-mexicana\/#breadcrumb\",\"itemListElement\":[{\"@type\":\"ListItem\",\"position\":1,\"name\":\"Home\",\"item\":\"https:\/\/booksfrommexico.com\/es\/\"},{\"@type\":\"ListItem\",\"position\":2,\"name\":\"Libros\",\"item\":\"https:\/\/booksfrommexico.com\/es\/libros\/\"},{\"@type\":\"ListItem\",\"position\":3,\"name\":\"La \u00c9poca de oro de la danza moderna mexicana\"}]},{\"@type\":\"WebSite\",\"@id\":\"https:\/\/booksfrommexico.com\/#website\",\"url\":\"https:\/\/booksfrommexico.com\/\",\"name\":\"Books From Mexico\",\"description\":\"\",\"publisher\":{\"@id\":\"https:\/\/booksfrommexico.com\/#organization\"},\"potentialAction\":[{\"@type\":\"SearchAction\",\"target\":{\"@type\":\"EntryPoint\",\"urlTemplate\":\"https:\/\/booksfrommexico.com\/?s={search_term_string}\"},\"query-input\":{\"@type\":\"PropertyValueSpecification\",\"valueRequired\":true,\"valueName\":\"search_term_string\"}}],\"inLanguage\":\"es\"},{\"@type\":\"Organization\",\"@id\":\"https:\/\/booksfrommexico.com\/#organization\",\"name\":\"Books From Mexico\",\"url\":\"https:\/\/booksfrommexico.com\/\",\"logo\":{\"@type\":\"ImageObject\",\"inLanguage\":\"es\",\"@id\":\"https:\/\/booksfrommexico.com\/#\/schema\/logo\/image\/\",\"url\":\"https:\/\/booksfrommexico.com\/app\/uploads\/2023\/05\/logo-booksfrommexico.svg\",\"contentUrl\":\"https:\/\/booksfrommexico.com\/app\/uploads\/2023\/05\/logo-booksfrommexico.svg\",\"width\":86,\"height\":56,\"caption\":\"Books From Mexico\"},\"image\":{\"@id\":\"https:\/\/booksfrommexico.com\/#\/schema\/logo\/image\/\"}}]}<\/script>\n<!-- \/ Yoast SEO plugin. -->","yoast_head_json":{"title":"La \u00c9poca de oro de la danza moderna mexicana. Guillermo Arriaga","description":"La \u00c9poca de oro de la danza moderna mexicana. Guillermo Arriaga. M\u00e9xico, D.F.: Consejo Nacional para la Cultura y las Artes, 2008.","robots":{"index":"index","follow":"follow","max-snippet":"max-snippet:-1","max-image-preview":"max-image-preview:large","max-video-preview":"max-video-preview:-1"},"canonical":"https:\/\/booksfrommexico.com\/es\/producto\/la-epoca-de-oro-de-la-danza-moderna-mexicana\/","og_locale":"es_ES","og_type":"article","og_title":"La \u00c9poca de oro de la danza moderna mexicana. Guillermo Arriaga","og_description":"La \u00c9poca de oro de la danza moderna mexicana. Guillermo Arriaga. M\u00e9xico, D.F.: Consejo Nacional para la Cultura y las Artes, 2008.","og_url":"https:\/\/booksfrommexico.com\/es\/producto\/la-epoca-de-oro-de-la-danza-moderna-mexicana\/","og_site_name":"Books From Mexico","article_modified_time":"2025-10-14T20:57:36+00:00","og_image":[{"width":429,"height":649,"url":"http:\/\/booksfrommexico.com\/app\/uploads\/2023\/05\/140621.jpeg","type":"image\/jpeg"}],"twitter_card":"summary_large_image","twitter_misc":{"Tiempo de lectura":"1 minuto"},"schema":{"@context":"https:\/\/schema.org","@graph":[{"@type":"WebPage","@id":"https:\/\/booksfrommexico.com\/es\/producto\/la-epoca-de-oro-de-la-danza-moderna-mexicana\/","url":"https:\/\/booksfrommexico.com\/es\/producto\/la-epoca-de-oro-de-la-danza-moderna-mexicana\/","name":"La \u00c9poca de oro de la danza moderna mexicana. Guillermo Arriaga","isPartOf":{"@id":"https:\/\/booksfrommexico.com\/#website"},"primaryImageOfPage":{"@id":"https:\/\/booksfrommexico.com\/es\/producto\/la-epoca-de-oro-de-la-danza-moderna-mexicana\/#primaryimage"},"image":{"@id":"https:\/\/booksfrommexico.com\/es\/producto\/la-epoca-de-oro-de-la-danza-moderna-mexicana\/#primaryimage"},"thumbnailUrl":"https:\/\/booksfrommexico.com\/app\/uploads\/2023\/05\/140621.jpeg","datePublished":"2023-05-08T17:07:00+00:00","dateModified":"2025-10-14T20:57:36+00:00","description":"La \u00c9poca de oro de la danza moderna mexicana. Guillermo Arriaga. M\u00e9xico, D.F.: Consejo Nacional para la Cultura y las Artes, 2008.","breadcrumb":{"@id":"https:\/\/booksfrommexico.com\/es\/producto\/la-epoca-de-oro-de-la-danza-moderna-mexicana\/#breadcrumb"},"inLanguage":"es","potentialAction":[{"@type":"ReadAction","target":["https:\/\/booksfrommexico.com\/es\/producto\/la-epoca-de-oro-de-la-danza-moderna-mexicana\/"]}]},{"@type":"ImageObject","inLanguage":"es","@id":"https:\/\/booksfrommexico.com\/es\/producto\/la-epoca-de-oro-de-la-danza-moderna-mexicana\/#primaryimage","url":"https:\/\/booksfrommexico.com\/app\/uploads\/2023\/05\/140621.jpeg","contentUrl":"https:\/\/booksfrommexico.com\/app\/uploads\/2023\/05\/140621.jpeg","width":429,"height":649,"caption":"La \u00c9poca de oro de la danza moderna mexicana. Books From M\u00e9xico"},{"@type":"BreadcrumbList","@id":"https:\/\/booksfrommexico.com\/es\/producto\/la-epoca-de-oro-de-la-danza-moderna-mexicana\/#breadcrumb","itemListElement":[{"@type":"ListItem","position":1,"name":"Home","item":"https:\/\/booksfrommexico.com\/es\/"},{"@type":"ListItem","position":2,"name":"Libros","item":"https:\/\/booksfrommexico.com\/es\/libros\/"},{"@type":"ListItem","position":3,"name":"La \u00c9poca de oro de la danza moderna mexicana"}]},{"@type":"WebSite","@id":"https:\/\/booksfrommexico.com\/#website","url":"https:\/\/booksfrommexico.com\/","name":"Books From Mexico","description":"","publisher":{"@id":"https:\/\/booksfrommexico.com\/#organization"},"potentialAction":[{"@type":"SearchAction","target":{"@type":"EntryPoint","urlTemplate":"https:\/\/booksfrommexico.com\/?s={search_term_string}"},"query-input":{"@type":"PropertyValueSpecification","valueRequired":true,"valueName":"search_term_string"}}],"inLanguage":"es"},{"@type":"Organization","@id":"https:\/\/booksfrommexico.com\/#organization","name":"Books From Mexico","url":"https:\/\/booksfrommexico.com\/","logo":{"@type":"ImageObject","inLanguage":"es","@id":"https:\/\/booksfrommexico.com\/#\/schema\/logo\/image\/","url":"https:\/\/booksfrommexico.com\/app\/uploads\/2023\/05\/logo-booksfrommexico.svg","contentUrl":"https:\/\/booksfrommexico.com\/app\/uploads\/2023\/05\/logo-booksfrommexico.svg","width":86,"height":56,"caption":"Books From Mexico"},"image":{"@id":"https:\/\/booksfrommexico.com\/#\/schema\/logo\/image\/"}}]}},"_links":{"self":[{"href":"https:\/\/booksfrommexico.com\/es\/wp-json\/wp\/v2\/product\/802","targetHints":{"allow":["GET"]}}],"collection":[{"href":"https:\/\/booksfrommexico.com\/es\/wp-json\/wp\/v2\/product"}],"about":[{"href":"https:\/\/booksfrommexico.com\/es\/wp-json\/wp\/v2\/types\/product"}],"wp:featuredmedia":[{"embeddable":true,"href":"https:\/\/booksfrommexico.com\/es\/wp-json\/wp\/v2\/media\/801"}],"wp:attachment":[{"href":"https:\/\/booksfrommexico.com\/es\/wp-json\/wp\/v2\/media?parent=802"}],"wp:term":[{"taxonomy":"product_brand","embeddable":true,"href":"https:\/\/booksfrommexico.com\/es\/wp-json\/wp\/v2\/product_brand?post=802"},{"taxonomy":"product_cat","embeddable":true,"href":"https:\/\/booksfrommexico.com\/es\/wp-json\/wp\/v2\/product_cat?post=802"},{"taxonomy":"product_tag","embeddable":true,"href":"https:\/\/booksfrommexico.com\/es\/wp-json\/wp\/v2\/product_tag?post=802"}],"curies":[{"name":"wp","href":"https:\/\/api.w.org\/{rel}","templated":true}]}}