{"id":804,"date":"2023-05-08T17:07:01","date_gmt":"2023-05-08T17:07:01","guid":{"rendered":"http:\/\/booksfrommexico.com\/product\/cuento-del-conejo-y-el-coyote-didxaguca-istii-lexu-ne-gueui-tale-of-the-rabbit-and-the-coyote-cuento\/"},"modified":"2024-05-27T22:18:26","modified_gmt":"2024-05-27T22:18:26","slug":"cuento-del-conejo-y-el-coyote-didxaguca-istii-lexu-ne-gueui-tale-of-the-rabbit-and-the-coyote-cuento","status":"publish","type":"product","link":"https:\/\/booksfrommexico.com\/es\/producto\/cuento-del-conejo-y-el-coyote-didxaguca-istii-lexu-ne-gueui-tale-of-the-rabbit-and-the-coyote-cuento\/","title":{"rendered":"Cuento del conejo y el coyote"},"content":{"rendered":"<p><span style=\"font-weight: 400;\">La historia del Conejo y el Coyote tiene su ra\u00edz en el tiempo y los espacios de las mujeres y hombres zapotecas, y es una historia que se ha mantenido gracias a la transmisi\u00f3n oral dentro de la comunidad. Las estad\u00edsticas indican que en un futuro casi inmediato desaparecer\u00e1n muchas de las lenguas originarias de M\u00e9xico, por ello el Fondo de Cultura Econ\u00f3mica refrenda el compromiso con la vitalidad y la preservaci\u00f3n de las lenguas originarias, ofreciendo este t\u00edtulo triling\u00fce en didxaz\u00e1, espa\u00f1ol e ingl\u00e9s. Pensado para que sean los ni\u00f1os, en especial los ni\u00f1os zapotecas, Francisco Toledo ofrece su trabajo como ilustrador y Natalia Toledo su interpretaci\u00f3n del cuento. <\/span><\/p>\n","protected":false},"excerpt":{"rendered":"<p>CUENTO DEL CONEJO Y EL COYOTE : DIDXAGUCA\u2019 STI\u2019 LEXU NE GUEU\u2019 : TALE OF THE RABBIT AND THE COYOTE.<span style=\"font-weight: 400;\"> \/ Natalia Toledo, Carlos Monsiv\u00e1is, Luis Carlos Emerich, Elisa Ram\u00edrez (authors) ; Francisco Toledo (illustrator). M\u00e9xico, D.F. : Fondo de Cultura Econ\u00f3mica ; Galeria Arvil, 2008.\u00a0 118 pages : includes notes, color photos ; 30 cm. (Colecci\u00f3n Tezontle). ISBN : 9789681685676.<\/span><\/p>\n","protected":false},"featured_media":803,"template":"","meta":{"_acf_changed":false,"inline_featured_image":false},"product_brand":[],"product_cat":[37,25],"product_tag":[3603,4383,3717,3769],"class_list":{"0":"post-804","1":"product","2":"type-product","3":"status-publish","4":"has-post-thumbnail","6":"product_cat-cuento-literatura","7":"product_cat-literatura","8":"product_tag-cuentos-mexicanos","9":"product_tag-edicion-multilingue","10":"product_tag-lenguaje-zapoteca","11":"product_tag-obras-ilustradas","13":"first","14":"instock","15":"taxable","16":"shipping-taxable","17":"purchasable","18":"product-type-simple"},"acf":[],"yoast_head":"<!-- This site is optimized with the Yoast SEO plugin v27.3 - https:\/\/yoast.com\/product\/yoast-seo-wordpress\/ -->\n<title>Cuento del conejo y el coyote: Didxaguca&#039; sti&#039; lexu ne gueu&#039;<\/title>\n<meta name=\"description\" content=\"CUENTO DEL CONEJO Y EL COYOTE \/ Natalia Toledo, Carlos Monsiv\u00e1is, Luis Carlos Emerich, Elisa Ram\u00edrez (authors) ; Francisco Toledo (illustrator).\" \/>\n<meta name=\"robots\" content=\"index, follow, max-snippet:-1, max-image-preview:large, max-video-preview:-1\" \/>\n<link rel=\"canonical\" href=\"https:\/\/booksfrommexico.com\/es\/producto\/cuento-del-conejo-y-el-coyote-didxaguca-istii-lexu-ne-gueui-tale-of-the-rabbit-and-the-coyote-cuento\/\" \/>\n<meta property=\"og:locale\" content=\"es_ES\" \/>\n<meta property=\"og:type\" content=\"article\" \/>\n<meta property=\"og:title\" content=\"Cuento del conejo y el coyote: Didxaguca&#039; sti&#039; lexu ne gueu&#039;\" \/>\n<meta property=\"og:description\" content=\"CUENTO DEL CONEJO Y EL COYOTE \/ Natalia Toledo, Carlos Monsiv\u00e1is, Luis Carlos Emerich, Elisa Ram\u00edrez (authors) ; Francisco Toledo (illustrator).\" \/>\n<meta property=\"og:url\" content=\"https:\/\/booksfrommexico.com\/es\/producto\/cuento-del-conejo-y-el-coyote-didxaguca-istii-lexu-ne-gueui-tale-of-the-rabbit-and-the-coyote-cuento\/\" \/>\n<meta property=\"og:site_name\" content=\"Books From Mexico\" \/>\n<meta property=\"article:modified_time\" content=\"2024-05-27T22:18:26+00:00\" \/>\n<meta property=\"og:image\" content=\"http:\/\/booksfrommexico.com\/app\/uploads\/2023\/05\/140748.jpeg\" \/>\n\t<meta property=\"og:image:width\" content=\"625\" \/>\n\t<meta property=\"og:image:height\" content=\"815\" \/>\n\t<meta property=\"og:image:type\" content=\"image\/jpeg\" \/>\n<meta name=\"twitter:card\" content=\"summary_large_image\" \/>\n<meta name=\"twitter:label1\" content=\"Tiempo de lectura\" \/>\n\t<meta name=\"twitter:data1\" content=\"1 minuto\" \/>\n<script type=\"application\/ld+json\" class=\"yoast-schema-graph\">{\"@context\":\"https:\\\/\\\/schema.org\",\"@graph\":[{\"@type\":\"WebPage\",\"@id\":\"https:\\\/\\\/booksfrommexico.com\\\/es\\\/producto\\\/cuento-del-conejo-y-el-coyote-didxaguca-istii-lexu-ne-gueui-tale-of-the-rabbit-and-the-coyote-cuento\\\/\",\"url\":\"https:\\\/\\\/booksfrommexico.com\\\/es\\\/producto\\\/cuento-del-conejo-y-el-coyote-didxaguca-istii-lexu-ne-gueui-tale-of-the-rabbit-and-the-coyote-cuento\\\/\",\"name\":\"Cuento del conejo y el coyote: Didxaguca' sti' lexu ne gueu'\",\"isPartOf\":{\"@id\":\"https:\\\/\\\/booksfrommexico.com\\\/#website\"},\"primaryImageOfPage\":{\"@id\":\"https:\\\/\\\/booksfrommexico.com\\\/es\\\/producto\\\/cuento-del-conejo-y-el-coyote-didxaguca-istii-lexu-ne-gueui-tale-of-the-rabbit-and-the-coyote-cuento\\\/#primaryimage\"},\"image\":{\"@id\":\"https:\\\/\\\/booksfrommexico.com\\\/es\\\/producto\\\/cuento-del-conejo-y-el-coyote-didxaguca-istii-lexu-ne-gueui-tale-of-the-rabbit-and-the-coyote-cuento\\\/#primaryimage\"},\"thumbnailUrl\":\"https:\\\/\\\/booksfrommexico.com\\\/app\\\/uploads\\\/2023\\\/05\\\/140748.jpeg\",\"datePublished\":\"2023-05-08T17:07:01+00:00\",\"dateModified\":\"2024-05-27T22:18:26+00:00\",\"description\":\"CUENTO DEL CONEJO Y EL COYOTE \\\/ Natalia Toledo, Carlos Monsiv\u00e1is, Luis Carlos Emerich, Elisa Ram\u00edrez (authors) ; Francisco Toledo (illustrator).\",\"breadcrumb\":{\"@id\":\"https:\\\/\\\/booksfrommexico.com\\\/es\\\/producto\\\/cuento-del-conejo-y-el-coyote-didxaguca-istii-lexu-ne-gueui-tale-of-the-rabbit-and-the-coyote-cuento\\\/#breadcrumb\"},\"inLanguage\":\"es\",\"potentialAction\":[{\"@type\":\"ReadAction\",\"target\":[\"https:\\\/\\\/booksfrommexico.com\\\/es\\\/producto\\\/cuento-del-conejo-y-el-coyote-didxaguca-istii-lexu-ne-gueui-tale-of-the-rabbit-and-the-coyote-cuento\\\/\"]}]},{\"@type\":\"ImageObject\",\"inLanguage\":\"es\",\"@id\":\"https:\\\/\\\/booksfrommexico.com\\\/es\\\/producto\\\/cuento-del-conejo-y-el-coyote-didxaguca-istii-lexu-ne-gueui-tale-of-the-rabbit-and-the-coyote-cuento\\\/#primaryimage\",\"url\":\"https:\\\/\\\/booksfrommexico.com\\\/app\\\/uploads\\\/2023\\\/05\\\/140748.jpeg\",\"contentUrl\":\"https:\\\/\\\/booksfrommexico.com\\\/app\\\/uploads\\\/2023\\\/05\\\/140748.jpeg\",\"width\":625,\"height\":815,\"caption\":\"Cuento del conejo y el coyote. Didxaguca \u00efsti\u00ef Lexu ne Gueu\u00ef: Tale of the rabbit and the coyote: Cuento\"},{\"@type\":\"BreadcrumbList\",\"@id\":\"https:\\\/\\\/booksfrommexico.com\\\/es\\\/producto\\\/cuento-del-conejo-y-el-coyote-didxaguca-istii-lexu-ne-gueui-tale-of-the-rabbit-and-the-coyote-cuento\\\/#breadcrumb\",\"itemListElement\":[{\"@type\":\"ListItem\",\"position\":1,\"name\":\"Home\",\"item\":\"https:\\\/\\\/booksfrommexico.com\\\/es\\\/\"},{\"@type\":\"ListItem\",\"position\":2,\"name\":\"Libros\",\"item\":\"https:\\\/\\\/booksfrommexico.com\\\/es\\\/libros\\\/\"},{\"@type\":\"ListItem\",\"position\":3,\"name\":\"Cuento del conejo y el coyote\"}]},{\"@type\":\"WebSite\",\"@id\":\"https:\\\/\\\/booksfrommexico.com\\\/#website\",\"url\":\"https:\\\/\\\/booksfrommexico.com\\\/\",\"name\":\"Books From Mexico\",\"description\":\"\",\"publisher\":{\"@id\":\"https:\\\/\\\/booksfrommexico.com\\\/#organization\"},\"potentialAction\":[{\"@type\":\"SearchAction\",\"target\":{\"@type\":\"EntryPoint\",\"urlTemplate\":\"https:\\\/\\\/booksfrommexico.com\\\/?s={search_term_string}\"},\"query-input\":{\"@type\":\"PropertyValueSpecification\",\"valueRequired\":true,\"valueName\":\"search_term_string\"}}],\"inLanguage\":\"es\"},{\"@type\":\"Organization\",\"@id\":\"https:\\\/\\\/booksfrommexico.com\\\/#organization\",\"name\":\"Books From Mexico\",\"url\":\"https:\\\/\\\/booksfrommexico.com\\\/\",\"logo\":{\"@type\":\"ImageObject\",\"inLanguage\":\"es\",\"@id\":\"https:\\\/\\\/booksfrommexico.com\\\/#\\\/schema\\\/logo\\\/image\\\/\",\"url\":\"https:\\\/\\\/booksfrommexico.com\\\/app\\\/uploads\\\/2023\\\/05\\\/logo-booksfrommexico.svg\",\"contentUrl\":\"https:\\\/\\\/booksfrommexico.com\\\/app\\\/uploads\\\/2023\\\/05\\\/logo-booksfrommexico.svg\",\"width\":86,\"height\":56,\"caption\":\"Books From Mexico\"},\"image\":{\"@id\":\"https:\\\/\\\/booksfrommexico.com\\\/#\\\/schema\\\/logo\\\/image\\\/\"}}]}<\/script>\n<!-- \/ Yoast SEO plugin. -->","yoast_head_json":{"title":"Cuento del conejo y el coyote: Didxaguca' sti' lexu ne gueu'","description":"CUENTO DEL CONEJO Y EL COYOTE \/ Natalia Toledo, Carlos Monsiv\u00e1is, Luis Carlos Emerich, Elisa Ram\u00edrez (authors) ; Francisco Toledo (illustrator).","robots":{"index":"index","follow":"follow","max-snippet":"max-snippet:-1","max-image-preview":"max-image-preview:large","max-video-preview":"max-video-preview:-1"},"canonical":"https:\/\/booksfrommexico.com\/es\/producto\/cuento-del-conejo-y-el-coyote-didxaguca-istii-lexu-ne-gueui-tale-of-the-rabbit-and-the-coyote-cuento\/","og_locale":"es_ES","og_type":"article","og_title":"Cuento del conejo y el coyote: Didxaguca' sti' lexu ne gueu'","og_description":"CUENTO DEL CONEJO Y EL COYOTE \/ Natalia Toledo, Carlos Monsiv\u00e1is, Luis Carlos Emerich, Elisa Ram\u00edrez (authors) ; Francisco Toledo (illustrator).","og_url":"https:\/\/booksfrommexico.com\/es\/producto\/cuento-del-conejo-y-el-coyote-didxaguca-istii-lexu-ne-gueui-tale-of-the-rabbit-and-the-coyote-cuento\/","og_site_name":"Books From Mexico","article_modified_time":"2024-05-27T22:18:26+00:00","og_image":[{"width":625,"height":815,"url":"http:\/\/booksfrommexico.com\/app\/uploads\/2023\/05\/140748.jpeg","type":"image\/jpeg"}],"twitter_card":"summary_large_image","twitter_misc":{"Tiempo de lectura":"1 minuto"},"schema":{"@context":"https:\/\/schema.org","@graph":[{"@type":"WebPage","@id":"https:\/\/booksfrommexico.com\/es\/producto\/cuento-del-conejo-y-el-coyote-didxaguca-istii-lexu-ne-gueui-tale-of-the-rabbit-and-the-coyote-cuento\/","url":"https:\/\/booksfrommexico.com\/es\/producto\/cuento-del-conejo-y-el-coyote-didxaguca-istii-lexu-ne-gueui-tale-of-the-rabbit-and-the-coyote-cuento\/","name":"Cuento del conejo y el coyote: Didxaguca' sti' lexu ne gueu'","isPartOf":{"@id":"https:\/\/booksfrommexico.com\/#website"},"primaryImageOfPage":{"@id":"https:\/\/booksfrommexico.com\/es\/producto\/cuento-del-conejo-y-el-coyote-didxaguca-istii-lexu-ne-gueui-tale-of-the-rabbit-and-the-coyote-cuento\/#primaryimage"},"image":{"@id":"https:\/\/booksfrommexico.com\/es\/producto\/cuento-del-conejo-y-el-coyote-didxaguca-istii-lexu-ne-gueui-tale-of-the-rabbit-and-the-coyote-cuento\/#primaryimage"},"thumbnailUrl":"https:\/\/booksfrommexico.com\/app\/uploads\/2023\/05\/140748.jpeg","datePublished":"2023-05-08T17:07:01+00:00","dateModified":"2024-05-27T22:18:26+00:00","description":"CUENTO DEL CONEJO Y EL COYOTE \/ Natalia Toledo, Carlos Monsiv\u00e1is, Luis Carlos Emerich, Elisa Ram\u00edrez (authors) ; Francisco Toledo (illustrator).","breadcrumb":{"@id":"https:\/\/booksfrommexico.com\/es\/producto\/cuento-del-conejo-y-el-coyote-didxaguca-istii-lexu-ne-gueui-tale-of-the-rabbit-and-the-coyote-cuento\/#breadcrumb"},"inLanguage":"es","potentialAction":[{"@type":"ReadAction","target":["https:\/\/booksfrommexico.com\/es\/producto\/cuento-del-conejo-y-el-coyote-didxaguca-istii-lexu-ne-gueui-tale-of-the-rabbit-and-the-coyote-cuento\/"]}]},{"@type":"ImageObject","inLanguage":"es","@id":"https:\/\/booksfrommexico.com\/es\/producto\/cuento-del-conejo-y-el-coyote-didxaguca-istii-lexu-ne-gueui-tale-of-the-rabbit-and-the-coyote-cuento\/#primaryimage","url":"https:\/\/booksfrommexico.com\/app\/uploads\/2023\/05\/140748.jpeg","contentUrl":"https:\/\/booksfrommexico.com\/app\/uploads\/2023\/05\/140748.jpeg","width":625,"height":815,"caption":"Cuento del conejo y el coyote. Didxaguca \u00efsti\u00ef Lexu ne Gueu\u00ef: Tale of the rabbit and the coyote: Cuento"},{"@type":"BreadcrumbList","@id":"https:\/\/booksfrommexico.com\/es\/producto\/cuento-del-conejo-y-el-coyote-didxaguca-istii-lexu-ne-gueui-tale-of-the-rabbit-and-the-coyote-cuento\/#breadcrumb","itemListElement":[{"@type":"ListItem","position":1,"name":"Home","item":"https:\/\/booksfrommexico.com\/es\/"},{"@type":"ListItem","position":2,"name":"Libros","item":"https:\/\/booksfrommexico.com\/es\/libros\/"},{"@type":"ListItem","position":3,"name":"Cuento del conejo y el coyote"}]},{"@type":"WebSite","@id":"https:\/\/booksfrommexico.com\/#website","url":"https:\/\/booksfrommexico.com\/","name":"Books From Mexico","description":"","publisher":{"@id":"https:\/\/booksfrommexico.com\/#organization"},"potentialAction":[{"@type":"SearchAction","target":{"@type":"EntryPoint","urlTemplate":"https:\/\/booksfrommexico.com\/?s={search_term_string}"},"query-input":{"@type":"PropertyValueSpecification","valueRequired":true,"valueName":"search_term_string"}}],"inLanguage":"es"},{"@type":"Organization","@id":"https:\/\/booksfrommexico.com\/#organization","name":"Books From Mexico","url":"https:\/\/booksfrommexico.com\/","logo":{"@type":"ImageObject","inLanguage":"es","@id":"https:\/\/booksfrommexico.com\/#\/schema\/logo\/image\/","url":"https:\/\/booksfrommexico.com\/app\/uploads\/2023\/05\/logo-booksfrommexico.svg","contentUrl":"https:\/\/booksfrommexico.com\/app\/uploads\/2023\/05\/logo-booksfrommexico.svg","width":86,"height":56,"caption":"Books From Mexico"},"image":{"@id":"https:\/\/booksfrommexico.com\/#\/schema\/logo\/image\/"}}]}},"_links":{"self":[{"href":"https:\/\/booksfrommexico.com\/es\/wp-json\/wp\/v2\/product\/804","targetHints":{"allow":["GET"]}}],"collection":[{"href":"https:\/\/booksfrommexico.com\/es\/wp-json\/wp\/v2\/product"}],"about":[{"href":"https:\/\/booksfrommexico.com\/es\/wp-json\/wp\/v2\/types\/product"}],"wp:featuredmedia":[{"embeddable":true,"href":"https:\/\/booksfrommexico.com\/es\/wp-json\/wp\/v2\/media\/803"}],"wp:attachment":[{"href":"https:\/\/booksfrommexico.com\/es\/wp-json\/wp\/v2\/media?parent=804"}],"wp:term":[{"taxonomy":"product_brand","embeddable":true,"href":"https:\/\/booksfrommexico.com\/es\/wp-json\/wp\/v2\/product_brand?post=804"},{"taxonomy":"product_cat","embeddable":true,"href":"https:\/\/booksfrommexico.com\/es\/wp-json\/wp\/v2\/product_cat?post=804"},{"taxonomy":"product_tag","embeddable":true,"href":"https:\/\/booksfrommexico.com\/es\/wp-json\/wp\/v2\/product_tag?post=804"}],"curies":[{"name":"wp","href":"https:\/\/api.w.org\/{rel}","templated":true}]}}