{"id":806,"date":"2023-05-08T17:07:03","date_gmt":"2023-05-08T17:07:03","guid":{"rendered":"http:\/\/booksfrommexico.com\/product\/mitos-y-leyendas-de-huachichiles\/"},"modified":"2025-03-01T00:07:50","modified_gmt":"2025-03-01T00:07:50","slug":"mitos-y-leyendas-de-huachichiles","status":"publish","type":"product","link":"https:\/\/booksfrommexico.com\/es\/producto\/mitos-y-leyendas-de-huachichiles\/","title":{"rendered":"Mitos y leyendas de huachichiles"},"content":{"rendered":"<p><span style=\"font-weight: 400;\">Homero Adame es escritor y fot\u00f3grafo, no es un antrop\u00f3logo, traductor ni int\u00e9rprete, por lo que este trabajo es \u00fanico: recoge aquellas voces regadas a ambos lados del camino de la plata, escucha y repite lo que recibe sin intervenir en la transcripci\u00f3n. Aqu\u00ed se recopilan relatos y hechos que se rescataron de la poblaci\u00f3n rural transmitidos de una generaci\u00f3n a otra. Este t\u00edtulo fue ganador del Premio Nacional de Cuento, Mito y Leyenda \u201cAndr\u00e9s Henestrosa\u201d 2007, convocado por el Gobierno del Estado de Oaxaca y CONACULTA, buscando la preservaci\u00f3n de la memoria de las comunidades y pueblos originarios.<\/span><\/p>\n","protected":false},"excerpt":{"rendered":"<p>MITOS Y LEYENDAS DE HUACHICHILES<span style=\"font-weight: 400;\">. \/ Homero Adame. Oaxaca, M\u00e9xico : Secretar\u00eda de Cultura del Estado de Oaxaca, 2008. 123 pages : includes references ; 21 cm.\u00a0 (Colecci\u00f3n Parajes ; Serie Narrativa). ISBN : 9709993135.<\/span><\/p>\n","protected":false},"featured_media":805,"template":"","meta":{"_acf_changed":false,"inline_featured_image":false},"product_brand":[],"product_cat":[19,25],"product_tag":[4341,4262,4223,4023],"class_list":{"0":"post-806","1":"product","2":"type-product","3":"status-publish","4":"has-post-thumbnail","6":"product_cat-antropologia","7":"product_cat-literatura","8":"product_tag-cultura","9":"product_tag-cultura-prehispanica","10":"product_tag-mitos-y-leyendas","11":"product_tag-premios-literarios","13":"first","14":"outofstock","15":"taxable","16":"shipping-taxable","17":"purchasable","18":"product-type-simple"},"acf":[],"yoast_head":"<!-- This site is optimized with the Yoast SEO plugin v27.3 - https:\/\/yoast.com\/product\/yoast-seo-wordpress\/ -->\n<title>Mitos y leyendas de huachichiles<\/title>\n<meta name=\"description\" content=\"MITOS Y LEYENDAS DE HUACHICHILES. \/ Homero Adame. Oaxaca, M\u00e9xico : Secretar\u00eda de Cultura del Estado de Oaxaca, 2008. (Colecci\u00f3n Parajes ; Serie Narrativa).\" \/>\n<meta name=\"robots\" content=\"index, follow, max-snippet:-1, max-image-preview:large, max-video-preview:-1\" \/>\n<link rel=\"canonical\" href=\"https:\/\/booksfrommexico.com\/es\/producto\/mitos-y-leyendas-de-huachichiles\/\" \/>\n<meta property=\"og:locale\" content=\"es_ES\" \/>\n<meta property=\"og:type\" content=\"article\" \/>\n<meta property=\"og:title\" content=\"Mitos y leyendas de huachichiles\" \/>\n<meta property=\"og:description\" content=\"MITOS Y LEYENDAS DE HUACHICHILES. \/ Homero Adame. Oaxaca, M\u00e9xico : Secretar\u00eda de Cultura del Estado de Oaxaca, 2008. (Colecci\u00f3n Parajes ; Serie Narrativa).\" \/>\n<meta property=\"og:url\" content=\"https:\/\/booksfrommexico.com\/es\/producto\/mitos-y-leyendas-de-huachichiles\/\" \/>\n<meta property=\"og:site_name\" content=\"Books From Mexico\" \/>\n<meta property=\"article:modified_time\" content=\"2025-03-01T00:07:50+00:00\" \/>\n<meta property=\"og:image\" content=\"http:\/\/booksfrommexico.com\/app\/uploads\/2023\/05\/140884.jpeg\" \/>\n\t<meta property=\"og:image:width\" content=\"346\" \/>\n\t<meta property=\"og:image:height\" content=\"609\" \/>\n\t<meta property=\"og:image:type\" content=\"image\/jpeg\" \/>\n<meta name=\"twitter:card\" content=\"summary_large_image\" \/>\n<meta name=\"twitter:label1\" content=\"Tiempo de lectura\" \/>\n\t<meta name=\"twitter:data1\" content=\"1 minuto\" \/>\n<script type=\"application\/ld+json\" class=\"yoast-schema-graph\">{\"@context\":\"https:\\\/\\\/schema.org\",\"@graph\":[{\"@type\":\"WebPage\",\"@id\":\"https:\\\/\\\/booksfrommexico.com\\\/es\\\/producto\\\/mitos-y-leyendas-de-huachichiles\\\/\",\"url\":\"https:\\\/\\\/booksfrommexico.com\\\/es\\\/producto\\\/mitos-y-leyendas-de-huachichiles\\\/\",\"name\":\"Mitos y leyendas de huachichiles\",\"isPartOf\":{\"@id\":\"https:\\\/\\\/booksfrommexico.com\\\/#website\"},\"primaryImageOfPage\":{\"@id\":\"https:\\\/\\\/booksfrommexico.com\\\/es\\\/producto\\\/mitos-y-leyendas-de-huachichiles\\\/#primaryimage\"},\"image\":{\"@id\":\"https:\\\/\\\/booksfrommexico.com\\\/es\\\/producto\\\/mitos-y-leyendas-de-huachichiles\\\/#primaryimage\"},\"thumbnailUrl\":\"https:\\\/\\\/booksfrommexico.com\\\/app\\\/uploads\\\/2023\\\/05\\\/140884.jpeg\",\"datePublished\":\"2023-05-08T17:07:03+00:00\",\"dateModified\":\"2025-03-01T00:07:50+00:00\",\"description\":\"MITOS Y LEYENDAS DE HUACHICHILES. \\\/ Homero Adame. Oaxaca, M\u00e9xico : Secretar\u00eda de Cultura del Estado de Oaxaca, 2008. (Colecci\u00f3n Parajes ; Serie Narrativa).\",\"breadcrumb\":{\"@id\":\"https:\\\/\\\/booksfrommexico.com\\\/es\\\/producto\\\/mitos-y-leyendas-de-huachichiles\\\/#breadcrumb\"},\"inLanguage\":\"es\",\"potentialAction\":[{\"@type\":\"ReadAction\",\"target\":[\"https:\\\/\\\/booksfrommexico.com\\\/es\\\/producto\\\/mitos-y-leyendas-de-huachichiles\\\/\"]}]},{\"@type\":\"ImageObject\",\"inLanguage\":\"es\",\"@id\":\"https:\\\/\\\/booksfrommexico.com\\\/es\\\/producto\\\/mitos-y-leyendas-de-huachichiles\\\/#primaryimage\",\"url\":\"https:\\\/\\\/booksfrommexico.com\\\/app\\\/uploads\\\/2023\\\/05\\\/140884.jpeg\",\"contentUrl\":\"https:\\\/\\\/booksfrommexico.com\\\/app\\\/uploads\\\/2023\\\/05\\\/140884.jpeg\",\"width\":346,\"height\":609,\"caption\":\"Mitos y leyendas de huachichiles. Books From M\u00e9xico\"},{\"@type\":\"BreadcrumbList\",\"@id\":\"https:\\\/\\\/booksfrommexico.com\\\/es\\\/producto\\\/mitos-y-leyendas-de-huachichiles\\\/#breadcrumb\",\"itemListElement\":[{\"@type\":\"ListItem\",\"position\":1,\"name\":\"Home\",\"item\":\"https:\\\/\\\/booksfrommexico.com\\\/es\\\/\"},{\"@type\":\"ListItem\",\"position\":2,\"name\":\"Libros\",\"item\":\"https:\\\/\\\/booksfrommexico.com\\\/es\\\/libros\\\/\"},{\"@type\":\"ListItem\",\"position\":3,\"name\":\"Mitos y leyendas de huachichiles\"}]},{\"@type\":\"WebSite\",\"@id\":\"https:\\\/\\\/booksfrommexico.com\\\/#website\",\"url\":\"https:\\\/\\\/booksfrommexico.com\\\/\",\"name\":\"Books From Mexico\",\"description\":\"\",\"publisher\":{\"@id\":\"https:\\\/\\\/booksfrommexico.com\\\/#organization\"},\"potentialAction\":[{\"@type\":\"SearchAction\",\"target\":{\"@type\":\"EntryPoint\",\"urlTemplate\":\"https:\\\/\\\/booksfrommexico.com\\\/?s={search_term_string}\"},\"query-input\":{\"@type\":\"PropertyValueSpecification\",\"valueRequired\":true,\"valueName\":\"search_term_string\"}}],\"inLanguage\":\"es\"},{\"@type\":\"Organization\",\"@id\":\"https:\\\/\\\/booksfrommexico.com\\\/#organization\",\"name\":\"Books From Mexico\",\"url\":\"https:\\\/\\\/booksfrommexico.com\\\/\",\"logo\":{\"@type\":\"ImageObject\",\"inLanguage\":\"es\",\"@id\":\"https:\\\/\\\/booksfrommexico.com\\\/#\\\/schema\\\/logo\\\/image\\\/\",\"url\":\"https:\\\/\\\/booksfrommexico.com\\\/app\\\/uploads\\\/2023\\\/05\\\/logo-booksfrommexico.svg\",\"contentUrl\":\"https:\\\/\\\/booksfrommexico.com\\\/app\\\/uploads\\\/2023\\\/05\\\/logo-booksfrommexico.svg\",\"width\":86,\"height\":56,\"caption\":\"Books From Mexico\"},\"image\":{\"@id\":\"https:\\\/\\\/booksfrommexico.com\\\/#\\\/schema\\\/logo\\\/image\\\/\"}}]}<\/script>\n<!-- \/ Yoast SEO plugin. -->","yoast_head_json":{"title":"Mitos y leyendas de huachichiles","description":"MITOS Y LEYENDAS DE HUACHICHILES. \/ Homero Adame. Oaxaca, M\u00e9xico : Secretar\u00eda de Cultura del Estado de Oaxaca, 2008. (Colecci\u00f3n Parajes ; Serie Narrativa).","robots":{"index":"index","follow":"follow","max-snippet":"max-snippet:-1","max-image-preview":"max-image-preview:large","max-video-preview":"max-video-preview:-1"},"canonical":"https:\/\/booksfrommexico.com\/es\/producto\/mitos-y-leyendas-de-huachichiles\/","og_locale":"es_ES","og_type":"article","og_title":"Mitos y leyendas de huachichiles","og_description":"MITOS Y LEYENDAS DE HUACHICHILES. \/ Homero Adame. Oaxaca, M\u00e9xico : Secretar\u00eda de Cultura del Estado de Oaxaca, 2008. (Colecci\u00f3n Parajes ; Serie Narrativa).","og_url":"https:\/\/booksfrommexico.com\/es\/producto\/mitos-y-leyendas-de-huachichiles\/","og_site_name":"Books From Mexico","article_modified_time":"2025-03-01T00:07:50+00:00","og_image":[{"width":346,"height":609,"url":"http:\/\/booksfrommexico.com\/app\/uploads\/2023\/05\/140884.jpeg","type":"image\/jpeg"}],"twitter_card":"summary_large_image","twitter_misc":{"Tiempo de lectura":"1 minuto"},"schema":{"@context":"https:\/\/schema.org","@graph":[{"@type":"WebPage","@id":"https:\/\/booksfrommexico.com\/es\/producto\/mitos-y-leyendas-de-huachichiles\/","url":"https:\/\/booksfrommexico.com\/es\/producto\/mitos-y-leyendas-de-huachichiles\/","name":"Mitos y leyendas de huachichiles","isPartOf":{"@id":"https:\/\/booksfrommexico.com\/#website"},"primaryImageOfPage":{"@id":"https:\/\/booksfrommexico.com\/es\/producto\/mitos-y-leyendas-de-huachichiles\/#primaryimage"},"image":{"@id":"https:\/\/booksfrommexico.com\/es\/producto\/mitos-y-leyendas-de-huachichiles\/#primaryimage"},"thumbnailUrl":"https:\/\/booksfrommexico.com\/app\/uploads\/2023\/05\/140884.jpeg","datePublished":"2023-05-08T17:07:03+00:00","dateModified":"2025-03-01T00:07:50+00:00","description":"MITOS Y LEYENDAS DE HUACHICHILES. \/ Homero Adame. Oaxaca, M\u00e9xico : Secretar\u00eda de Cultura del Estado de Oaxaca, 2008. (Colecci\u00f3n Parajes ; Serie Narrativa).","breadcrumb":{"@id":"https:\/\/booksfrommexico.com\/es\/producto\/mitos-y-leyendas-de-huachichiles\/#breadcrumb"},"inLanguage":"es","potentialAction":[{"@type":"ReadAction","target":["https:\/\/booksfrommexico.com\/es\/producto\/mitos-y-leyendas-de-huachichiles\/"]}]},{"@type":"ImageObject","inLanguage":"es","@id":"https:\/\/booksfrommexico.com\/es\/producto\/mitos-y-leyendas-de-huachichiles\/#primaryimage","url":"https:\/\/booksfrommexico.com\/app\/uploads\/2023\/05\/140884.jpeg","contentUrl":"https:\/\/booksfrommexico.com\/app\/uploads\/2023\/05\/140884.jpeg","width":346,"height":609,"caption":"Mitos y leyendas de huachichiles. Books From M\u00e9xico"},{"@type":"BreadcrumbList","@id":"https:\/\/booksfrommexico.com\/es\/producto\/mitos-y-leyendas-de-huachichiles\/#breadcrumb","itemListElement":[{"@type":"ListItem","position":1,"name":"Home","item":"https:\/\/booksfrommexico.com\/es\/"},{"@type":"ListItem","position":2,"name":"Libros","item":"https:\/\/booksfrommexico.com\/es\/libros\/"},{"@type":"ListItem","position":3,"name":"Mitos y leyendas de huachichiles"}]},{"@type":"WebSite","@id":"https:\/\/booksfrommexico.com\/#website","url":"https:\/\/booksfrommexico.com\/","name":"Books From Mexico","description":"","publisher":{"@id":"https:\/\/booksfrommexico.com\/#organization"},"potentialAction":[{"@type":"SearchAction","target":{"@type":"EntryPoint","urlTemplate":"https:\/\/booksfrommexico.com\/?s={search_term_string}"},"query-input":{"@type":"PropertyValueSpecification","valueRequired":true,"valueName":"search_term_string"}}],"inLanguage":"es"},{"@type":"Organization","@id":"https:\/\/booksfrommexico.com\/#organization","name":"Books From Mexico","url":"https:\/\/booksfrommexico.com\/","logo":{"@type":"ImageObject","inLanguage":"es","@id":"https:\/\/booksfrommexico.com\/#\/schema\/logo\/image\/","url":"https:\/\/booksfrommexico.com\/app\/uploads\/2023\/05\/logo-booksfrommexico.svg","contentUrl":"https:\/\/booksfrommexico.com\/app\/uploads\/2023\/05\/logo-booksfrommexico.svg","width":86,"height":56,"caption":"Books From Mexico"},"image":{"@id":"https:\/\/booksfrommexico.com\/#\/schema\/logo\/image\/"}}]}},"_links":{"self":[{"href":"https:\/\/booksfrommexico.com\/es\/wp-json\/wp\/v2\/product\/806","targetHints":{"allow":["GET"]}}],"collection":[{"href":"https:\/\/booksfrommexico.com\/es\/wp-json\/wp\/v2\/product"}],"about":[{"href":"https:\/\/booksfrommexico.com\/es\/wp-json\/wp\/v2\/types\/product"}],"wp:featuredmedia":[{"embeddable":true,"href":"https:\/\/booksfrommexico.com\/es\/wp-json\/wp\/v2\/media\/805"}],"wp:attachment":[{"href":"https:\/\/booksfrommexico.com\/es\/wp-json\/wp\/v2\/media?parent=806"}],"wp:term":[{"taxonomy":"product_brand","embeddable":true,"href":"https:\/\/booksfrommexico.com\/es\/wp-json\/wp\/v2\/product_brand?post=806"},{"taxonomy":"product_cat","embeddable":true,"href":"https:\/\/booksfrommexico.com\/es\/wp-json\/wp\/v2\/product_cat?post=806"},{"taxonomy":"product_tag","embeddable":true,"href":"https:\/\/booksfrommexico.com\/es\/wp-json\/wp\/v2\/product_tag?post=806"}],"curies":[{"name":"wp","href":"https:\/\/api.w.org\/{rel}","templated":true}]}}